{"id":525,"date":"2020-04-21T14:25:35","date_gmt":"2020-04-21T14:25:35","guid":{"rendered":"https:\/\/distribucionarc.com\/?post_type=product&#038;p=525"},"modified":"2024-09-04T15:31:31","modified_gmt":"2024-09-04T15:31:31","slug":"masina-de-acoperire-a-sticlelor-cutii-10mm-%e2%9e%a1%ef%b8%8f-50mm","status":"publish","type":"product","link":"https:\/\/distribucionarc.com\/ro\/producto\/maquina-tapadora-de-botellas-botes-10mm-%e2%9e%a1%ef%b8%8f-50mm\/","title":{"rendered":"Masina de inchidere a sticlelor, borcane de 10 mm \u27a1\ufe0f 50 mm"},"content":{"rendered":"<h2><strong>Masina de inchidere a sticlelor, borcane de 10 mm \u27a1\ufe0f 50 mm<\/strong><\/h2>\n<p>La fabricarea produselor care trebuie ambalate \u00een sticle, \u00eenchiderea sticlelor poate fi destul de complicat\u0103 din cauza reglement\u0103rilor \u00eentruc\u00e2t una dintre cerin\u021be este ca acestea s\u0103 fie bine \u00een\u0219urubate. Capacele borcanelor au un design ingenios care le face usor de deschis si inchis manual, dar a le pune pe o linie de productie este o cu totul alta poveste. Aici \u00ee\u0219i face debutul aceast\u0103 ma\u0219in\u0103 de acoperire. Aceast\u0103 ma\u0219in\u0103 va permite operatorului s\u0103 str\u00e2ng\u0103 capacele sticlei cu suficient\u0103 for\u021b\u0103, astfel \u00eenc\u00e2t s\u0103 nu poat\u0103 fi deschise accidental \u00een timpul transportului sau depozit\u0103rii.<br \/>\nF\u0103r\u0103 \u00eendoial\u0103, aceasta este ma\u0219ina ideal\u0103 pentru IMM-uri, ajut\u00e2nd la evitarea muncii manuale plictisitoare de str\u00e2ngere pe r\u00e2nd a capacelor containerelor de pe fiecare container.<\/p>\n<p>Deoarece aceasta este o ma\u0219in\u0103 electric\u0103 manual\u0103, \u00eenseamn\u0103 c\u0103 pute\u021bi lucra cu ea oriunde exist\u0103 o priz\u0103 electric\u0103 \u00een apropiere.<br \/>\n\u021ainerea acestuia cu o singur\u0103 m\u00e2n\u0103 permite operatorului s\u0103 ob\u021bin\u0103 o prindere mai bun\u0103 \u0219i o pozi\u021bionare mai bun\u0103, f\u0103c\u00e2nd lucrul mai precis.<br \/>\nFor\u021ba ambreiajului poate fi reglabil\u0103 pentru a evita str\u00e2ngerea excesiv\u0103 \u0219i astfel pentru a evita deteriorarea filetului recipientului.<\/p>\n<p>Ma\u0219inile noastre trec un control strict de calitate \u00eenainte de a fi depozitate \u00een depozitele noastre. Toate utilajele noastre au o garan\u021bie de 2 ani.<\/p>\n<p>Garantam suport tehnic in caz de avarii.<\/p>\n<h3 class=\"s8gg2 _2UIKs\" data-hook=\"info-section-title\">Specificatii:<\/h3>\n<div class=\"_2tV5m cell\"><\/div>\n<div class=\"rah-static rah-static--height-auto\" aria-hidden=\"false\">\n<div>\n<div class=\"_1yvxJ cell\">\n<div class=\"WncCi\" data-hook=\"info-section-description\">\n<ul>\n<li>Tensiune: 220V.<\/li>\n<li>Putere: 80W.<\/li>\n<li>Operare: Manual.<\/li>\n<li>Diametru capac filet: 10 \u2796 50 mm. p\u00e2n\u0103 la 120 mm<\/li>\n<li>Viteza medie: 20 sticle pe minut.<\/li>\n<li>For\u021ba ambreiajului: reglabil\u0103.<\/li>\n<\/ul>\n<p>video cu ma\u0219ina \u00een func\u021biune?<\/p>\n<\/div>\n<\/div>\n<\/div>\n<\/div>","protected":false},"excerpt":{"rendered":"<p>Ma\u0219ina manual\u0103 <strong>Distribu\u021bie ARC<\/strong> Este solu\u021bia perfect\u0103 pentru sigilarea borcanelor \u0219i sticlelor de diferite dimensiuni. Este foarte personalizabil, cu capacitatea de a lucra cu capace variind de la <strong>10<\/strong> <strong>zece milimetri<\/strong>, ideal pentru recipiente mici de lichide si produse cu capace mici, pana la <strong>120<\/strong> <strong>o sut\u0103 dou\u0103zeci de milimetri<\/strong>, f\u0103c\u00e2ndu-l perfect pentru borcane mai mari, cum ar fi borcanele pentru proteine.<\/p>\n<p>Aceast\u0103 ma\u0219in\u0103 este, de asemenea, potrivit\u0103 pentru acoperirea sticlelor tipice de pastile, oferind o mare versatilitate pentru sigilarea recipientelor \u00een industria farmaceutic\u0103, alimentar\u0103 \u0219i cosmetic\u0103. Indiferent dac\u0103 lucra\u021bi cu borcane mici de produse sau cu sticle mari de suplimente, acest aparat se adapteaz\u0103 nevoilor dumneavoastr\u0103.<\/p>\n<p><strong>Not\u0103 important\u0103<\/strong>: Ma\u0219ina este echipat\u0103 cu matri\u021be standard care acoper\u0103 o dimensiune maxim\u0103 a capacului de <strong>50<\/strong> <strong>cincizeci de milimetri<\/strong>. Pentru capace mai mari, a <strong>matri\u021b\u0103 personalizat\u0103<\/strong> care se potrive\u0219te cu dimensiunea recipientului dvs., garant\u00e2nd o etan\u0219are sigur\u0103 \u0219i precis\u0103.<\/p>","protected":false},"featured_media":526,"comment_status":"open","ping_status":"closed","template":"","meta":{"wds_primary_product_brand":0,"wds_primary_product_cat":0},"product_brand":[],"product_cat":[45,28],"product_tag":[],"class_list":{"0":"post-525","1":"product","2":"type-product","3":"status-publish","4":"has-post-thumbnail","6":"product_cat-selladoras-de-induccion","7":"product_cat-tapadoras","9":"first","10":"instock","11":"taxable","12":"shipping-taxable","13":"purchasable","14":"product-type-simple"},"yoast_head":"<!-- This site is optimized with the Yoast SEO Premium plugin v24.9 (Yoast SEO v26.1) - https:\/\/yoast.com\/wordpress\/plugins\/seo\/ -->\n<title>M\u00e1quina Tapadora de Botellas, Botes 10mm \u27a1\ufe0f 50mm - distribuci\u00f3n ARC<\/title>\n<meta name=\"robots\" content=\"index, follow, max-snippet:-1, max-image-preview:large, max-video-preview:-1\" \/>\n<link rel=\"canonical\" href=\"https:\/\/www.distribucionarc.com\/tr\/producto\/maquina-tapadora-de-botellas-botes-10mm-\u27a1\ufe0f-50mm\/\" \/>\n<meta property=\"og:locale\" content=\"ro_RO\" \/>\n<meta property=\"og:type\" content=\"article\" \/>\n<meta property=\"og:title\" content=\"M\u00e1quina Tapadora de Botellas, Botes 10mm \u27a1\ufe0f 50mm\" \/>\n<meta property=\"og:description\" content=\"La m\u00e1quina manual de Distribuci\u00f3n ARC es la soluci\u00f3n perfecta para el sellado de botes y botellas de diversos tama\u00f1os. Es altamente personalizable, con la capacidad de trabajar con tapas que var\u00edan desde 10 diez mil\u00edmetros, ideal para peque\u00f1os envases de l\u00edquidos y productos con tapones peque\u00f1os, hasta 120 ciento veinte mil\u00edmetros, lo que la hace perfecta para botes m\u00e1s grandes, como los de prote\u00ednas.  Esta m\u00e1quina tambi\u00e9n es apta para tapar botes t\u00edpicos de pastillas, brindando una gran versatilidad para sellar envases en la industria farmac\u00e9utica, alimentaria y cosm\u00e9tica. Ya sea que trabajes con peque\u00f1os frascos de productos o grandes botes de suplementos, esta m\u00e1quina se adapta a tus necesidades.  Nota importante: La m\u00e1quina est\u00e1 equipada con moldes est\u00e1ndar que cubren un tama\u00f1o m\u00e1ximo de tapa de 50 cincuenta mil\u00edmetros. Para tapas m\u00e1s grandes, se requiere un troquel personalizado que se ajuste al tama\u00f1o de tu envase, garantizando un sellado seguro y preciso.\" \/>\n<meta property=\"og:url\" content=\"https:\/\/www.distribucionarc.com\/tr\/producto\/maquina-tapadora-de-botellas-botes-10mm-\u27a1\ufe0f-50mm\/\" \/>\n<meta property=\"og:site_name\" content=\"distribuci\u00f3n ARC\" \/>\n<meta property=\"article:modified_time\" content=\"2024-09-04T15:31:31+00:00\" \/>\n<meta property=\"og:image\" content=\"https:\/\/www.distribucionarc.com\/wp-content\/uploads\/2020\/04\/maquina_tapadora_de_botellas_botes-_10mm_50mm_0.jpg\" \/>\n\t<meta property=\"og:image:width\" content=\"1600\" \/>\n\t<meta property=\"og:image:height\" content=\"1600\" \/>\n\t<meta property=\"og:image:type\" content=\"image\/jpeg\" \/>\n<meta name=\"twitter:card\" content=\"summary_large_image\" \/>\n<meta name=\"twitter:label1\" content=\"Timp estimat pentru citire\" \/>\n\t<meta name=\"twitter:data1\" content=\"2 minute\" \/>\n<script type=\"application\/ld+json\" class=\"yoast-schema-graph\">{\"@context\":\"https:\/\/schema.org\",\"@graph\":[{\"@type\":\"WebPage\",\"@id\":\"https:\/\/www.distribucionarc.com\/tr\/producto\/maquina-tapadora-de-botellas-botes-10mm-%e2%9e%a1%ef%b8%8f-50mm\/\",\"url\":\"https:\/\/www.distribucionarc.com\/tr\/producto\/maquina-tapadora-de-botellas-botes-10mm-%e2%9e%a1%ef%b8%8f-50mm\/\",\"name\":\"M\u00e1quina Tapadora de Botellas, Botes 10mm \u27a1\ufe0f 50mm - distribuci\u00f3n ARC\",\"isPartOf\":{\"@id\":\"https:\/\/distribucionarc.com\/ro\/#website\"},\"primaryImageOfPage\":{\"@id\":\"https:\/\/www.distribucionarc.com\/tr\/producto\/maquina-tapadora-de-botellas-botes-10mm-%e2%9e%a1%ef%b8%8f-50mm\/#primaryimage\"},\"image\":{\"@id\":\"https:\/\/www.distribucionarc.com\/tr\/producto\/maquina-tapadora-de-botellas-botes-10mm-%e2%9e%a1%ef%b8%8f-50mm\/#primaryimage\"},\"thumbnailUrl\":\"https:\/\/distribucionarc.com\/wp-content\/uploads\/2020\/04\/maquina_tapadora_de_botellas_botes-_10mm_50mm_0.jpg\",\"datePublished\":\"2020-04-21T14:25:35+00:00\",\"dateModified\":\"2024-09-04T15:31:31+00:00\",\"breadcrumb\":{\"@id\":\"https:\/\/www.distribucionarc.com\/tr\/producto\/maquina-tapadora-de-botellas-botes-10mm-%e2%9e%a1%ef%b8%8f-50mm\/#breadcrumb\"},\"inLanguage\":\"ro-RO\",\"potentialAction\":[{\"@type\":\"ReadAction\",\"target\":[\"https:\/\/www.distribucionarc.com\/tr\/producto\/maquina-tapadora-de-botellas-botes-10mm-%e2%9e%a1%ef%b8%8f-50mm\/\"]}]},{\"@type\":\"ImageObject\",\"inLanguage\":\"ro-RO\",\"@id\":\"https:\/\/www.distribucionarc.com\/tr\/producto\/maquina-tapadora-de-botellas-botes-10mm-%e2%9e%a1%ef%b8%8f-50mm\/#primaryimage\",\"url\":\"https:\/\/distribucionarc.com\/wp-content\/uploads\/2020\/04\/maquina_tapadora_de_botellas_botes-_10mm_50mm_0.jpg\",\"contentUrl\":\"https:\/\/distribucionarc.com\/wp-content\/uploads\/2020\/04\/maquina_tapadora_de_botellas_botes-_10mm_50mm_0.jpg\",\"width\":1600,\"height\":1600},{\"@type\":\"BreadcrumbList\",\"@id\":\"https:\/\/www.distribucionarc.com\/tr\/producto\/maquina-tapadora-de-botellas-botes-10mm-%e2%9e%a1%ef%b8%8f-50mm\/#breadcrumb\",\"itemListElement\":[{\"@type\":\"ListItem\",\"position\":1,\"name\":\"Portada\",\"item\":\"https:\/\/distribucionarc.com\/ar\/\"},{\"@type\":\"ListItem\",\"position\":2,\"name\":\"Proizvodi\",\"item\":\"https:\/\/www.distribucionarc.com\/hr\/ducan\/\"},{\"@type\":\"ListItem\",\"position\":3,\"name\":\"M\u00e1quina Tapadora de Botellas, Botes 10mm \u27a1\ufe0f 50mm\"}]},{\"@type\":\"WebSite\",\"@id\":\"https:\/\/distribucionarc.com\/ro\/#website\",\"url\":\"https:\/\/distribucionarc.com\/ro\/\",\"name\":\"distribuci\u00f3n ARC\",\"description\":\"Empresa especializada en la fabricaci\u00f3n y distribuci\u00f3n de maquinaria industrial, selladoras de latas, Maquinas de hacer pastillas, Maquinas de cortar carne...\",\"publisher\":{\"@id\":\"https:\/\/distribucionarc.com\/ro\/#organization\"},\"potentialAction\":[{\"@type\":\"SearchAction\",\"target\":{\"@type\":\"EntryPoint\",\"urlTemplate\":\"https:\/\/distribucionarc.com\/ro\/?s={search_term_string}\"},\"query-input\":{\"@type\":\"PropertyValueSpecification\",\"valueRequired\":true,\"valueName\":\"search_term_string\"}}],\"inLanguage\":\"ro-RO\"},{\"@type\":\"Organization\",\"@id\":\"https:\/\/distribucionarc.com\/ro\/#organization\",\"name\":\"Distribuci\u00f3n ARC\",\"url\":\"https:\/\/distribucionarc.com\/ro\/\",\"logo\":{\"@type\":\"ImageObject\",\"inLanguage\":\"ro-RO\",\"@id\":\"https:\/\/distribucionarc.com\/ro\/#\/schema\/logo\/image\/\",\"url\":\"https:\/\/distribucionarc.com\/wp-content\/uploads\/2024\/10\/distribucion-ARC-COLOR-SIN-FONDO-e1732295305345.png\",\"contentUrl\":\"https:\/\/distribucionarc.com\/wp-content\/uploads\/2024\/10\/distribucion-ARC-COLOR-SIN-FONDO-e1732295305345.png\",\"width\":1164,\"height\":558,\"caption\":\"Distribuci\u00f3n ARC\"},\"image\":{\"@id\":\"https:\/\/distribucionarc.com\/ro\/#\/schema\/logo\/image\/\"},\"description\":\"Empresa especializada en la fabricaci\u00f3n y distribuci\u00f3n de maquinaria industrial para los sectores alimentario y farmac\u00e9utico. Nos especializamos en: M\u00e1quinas de cortar carne Fabricaci\u00f3n de comprimidos Sistemas de transporte industrial L\u00edneas de embotellado Dosificadores Y mucho m\u00e1s... Ofrecemos soluciones innovadoras y personalizadas para optimizar los procesos productivos de tu empresa.\",\"email\":\"Admistracion@distribucionarc.com\",\"telephone\":\"+34 643496664\",\"legalName\":\"ARC TECH SOLUTIONS\",\"foundingDate\":\"2024-04-09\",\"vatID\":\"B55480172\",\"numberOfEmployees\":{\"@type\":\"QuantitativeValue\",\"minValue\":\"1\",\"maxValue\":\"10\"}}]}<\/script>\n<!-- \/ Yoast SEO Premium plugin. -->","yoast_head_json":{"title":"Ma\u0219in\u0103 de Capsat Sticle, Cutii de 10mm \u27a1\ufe0f 50mm - distribu\u021bie ARC","robots":{"index":"index","follow":"follow","max-snippet":"max-snippet:-1","max-image-preview":"max-image-preview:large","max-video-preview":"max-video-preview:-1"},"canonical":"https:\/\/www.distribucionarc.com\/tr\/producto\/maquina-tapadora-de-botellas-botes-10mm-\u27a1\ufe0f-50mm\/","og_locale":"ro_RO","og_type":"article","og_title":"M\u00e1quina Tapadora de Botellas, Botes 10mm \u27a1\ufe0f 50mm","og_description":"La m\u00e1quina manual de Distribuci\u00f3n ARC es la soluci\u00f3n perfecta para el sellado de botes y botellas de diversos tama\u00f1os. Es altamente personalizable, con la capacidad de trabajar con tapas que var\u00edan desde 10 diez mil\u00edmetros, ideal para peque\u00f1os envases de l\u00edquidos y productos con tapones peque\u00f1os, hasta 120 ciento veinte mil\u00edmetros, lo que la hace perfecta para botes m\u00e1s grandes, como los de prote\u00ednas.  Esta m\u00e1quina tambi\u00e9n es apta para tapar botes t\u00edpicos de pastillas, brindando una gran versatilidad para sellar envases en la industria farmac\u00e9utica, alimentaria y cosm\u00e9tica. Ya sea que trabajes con peque\u00f1os frascos de productos o grandes botes de suplementos, esta m\u00e1quina se adapta a tus necesidades.  Nota importante: La m\u00e1quina est\u00e1 equipada con moldes est\u00e1ndar que cubren un tama\u00f1o m\u00e1ximo de tapa de 50 cincuenta mil\u00edmetros. Para tapas m\u00e1s grandes, se requiere un troquel personalizado que se ajuste al tama\u00f1o de tu envase, garantizando un sellado seguro y preciso.","og_url":"https:\/\/www.distribucionarc.com\/tr\/producto\/maquina-tapadora-de-botellas-botes-10mm-\u27a1\ufe0f-50mm\/","og_site_name":"distribuci\u00f3n ARC","article_modified_time":"2024-09-04T15:31:31+00:00","og_image":[{"width":1600,"height":1600,"url":"https:\/\/www.distribucionarc.com\/wp-content\/uploads\/2020\/04\/maquina_tapadora_de_botellas_botes-_10mm_50mm_0.jpg","type":"image\/jpeg"}],"twitter_card":"summary_large_image","twitter_misc":{"Timp estimat pentru citire":"2 minute"},"schema":{"@context":"https:\/\/schema.org","@graph":[{"@type":"WebPage","@id":"https:\/\/www.distribucionarc.com\/tr\/producto\/maquina-tapadora-de-botellas-botes-10mm-%e2%9e%a1%ef%b8%8f-50mm\/","url":"https:\/\/www.distribucionarc.com\/tr\/producto\/maquina-tapadora-de-botellas-botes-10mm-%e2%9e%a1%ef%b8%8f-50mm\/","name":"Ma\u0219in\u0103 de Capsat Sticle, Cutii de 10mm \u27a1\ufe0f 50mm - distribu\u021bie ARC","isPartOf":{"@id":"https:\/\/distribucionarc.com\/ro\/#website"},"primaryImageOfPage":{"@id":"https:\/\/www.distribucionarc.com\/tr\/producto\/maquina-tapadora-de-botellas-botes-10mm-%e2%9e%a1%ef%b8%8f-50mm\/#primaryimage"},"image":{"@id":"https:\/\/www.distribucionarc.com\/tr\/producto\/maquina-tapadora-de-botellas-botes-10mm-%e2%9e%a1%ef%b8%8f-50mm\/#primaryimage"},"thumbnailUrl":"https:\/\/distribucionarc.com\/wp-content\/uploads\/2020\/04\/maquina_tapadora_de_botellas_botes-_10mm_50mm_0.jpg","datePublished":"2020-04-21T14:25:35+00:00","dateModified":"2024-09-04T15:31:31+00:00","breadcrumb":{"@id":"https:\/\/www.distribucionarc.com\/tr\/producto\/maquina-tapadora-de-botellas-botes-10mm-%e2%9e%a1%ef%b8%8f-50mm\/#breadcrumb"},"inLanguage":"ro-RO","potentialAction":[{"@type":"ReadAction","target":["https:\/\/www.distribucionarc.com\/tr\/producto\/maquina-tapadora-de-botellas-botes-10mm-%e2%9e%a1%ef%b8%8f-50mm\/"]}]},{"@type":"ImageObject","inLanguage":"ro-RO","@id":"https:\/\/www.distribucionarc.com\/tr\/producto\/maquina-tapadora-de-botellas-botes-10mm-%e2%9e%a1%ef%b8%8f-50mm\/#primaryimage","url":"https:\/\/distribucionarc.com\/wp-content\/uploads\/2020\/04\/maquina_tapadora_de_botellas_botes-_10mm_50mm_0.jpg","contentUrl":"https:\/\/distribucionarc.com\/wp-content\/uploads\/2020\/04\/maquina_tapadora_de_botellas_botes-_10mm_50mm_0.jpg","width":1600,"height":1600},{"@type":"BreadcrumbList","@id":"https:\/\/www.distribucionarc.com\/tr\/producto\/maquina-tapadora-de-botellas-botes-10mm-%e2%9e%a1%ef%b8%8f-50mm\/#breadcrumb","itemListElement":[{"@type":"ListItem","position":1,"name":"Portada","item":"https:\/\/distribucionarc.com\/ar\/"},{"@type":"ListItem","position":2,"name":"Proizvodi","item":"https:\/\/www.distribucionarc.com\/hr\/ducan\/"},{"@type":"ListItem","position":3,"name":"M\u00e1quina Tapadora de Botellas, Botes 10mm \u27a1\ufe0f 50mm"}]},{"@type":"WebSite","@id":"https:\/\/distribucionarc.com\/ro\/#website","url":"https:\/\/distribucionarc.com\/ro\/","name":"Distribu\u021bie ARC","description":"Companie specializat\u0103 \u00een fabricarea \u0219i distribu\u021bia de utilaje industriale, ma\u0219ini de sigilat cutii, ma\u0219ini de fabricat tablete, ma\u0219ini de t\u0103iat carne...","publisher":{"@id":"https:\/\/distribucionarc.com\/ro\/#organization"},"potentialAction":[{"@type":"SearchAction","target":{"@type":"EntryPoint","urlTemplate":"https:\/\/distribucionarc.com\/ro\/?s={search_term_string}"},"query-input":{"@type":"PropertyValueSpecification","valueRequired":true,"valueName":"search_term_string"}}],"inLanguage":"ro-RO"},{"@type":"Organization","@id":"https:\/\/distribucionarc.com\/ro\/#organization","name":"Distribu\u021bie ARC","url":"https:\/\/distribucionarc.com\/ro\/","logo":{"@type":"ImageObject","inLanguage":"ro-RO","@id":"https:\/\/distribucionarc.com\/ro\/#\/schema\/logo\/image\/","url":"https:\/\/distribucionarc.com\/wp-content\/uploads\/2024\/10\/distribucion-ARC-COLOR-SIN-FONDO-e1732295305345.png","contentUrl":"https:\/\/distribucionarc.com\/wp-content\/uploads\/2024\/10\/distribucion-ARC-COLOR-SIN-FONDO-e1732295305345.png","width":1164,"height":558,"caption":"Distribuci\u00f3n ARC"},"image":{"@id":"https:\/\/distribucionarc.com\/ro\/#\/schema\/logo\/image\/"},"description":"Companie specializat\u0103 \u00een fabricarea \u0219i distribu\u021bia de utilaje industriale pentru sectoarele alimentar \u0219i farmaceutic. Suntem specializa\u021bi \u00een: Ma\u0219ini de t\u0103iat carne Fabricarea tabletelor Sisteme de transport industrial Linii de \u00eembuteliere Distribuitoare \u0218i multe altele... Oferim solu\u021bii inovatoare \u0219i personalizate pentru a optimiza procesele de produc\u021bie ale companiei dumneavoastr\u0103.","email":"Admistracion@distribucionarc.com","telephone":"+34 643496664","legalName":"ARC TECH SOLUTIONS","foundingDate":"2024-04-09","vatID":"B55480172","numberOfEmployees":{"@type":"QuantitativeValue","minValue":"1","maxValue":"10"}}]}},"_links":{"self":[{"href":"https:\/\/distribucionarc.com\/ro\/wp-json\/wp\/v2\/product\/525","targetHints":{"allow":["GET"]}}],"collection":[{"href":"https:\/\/distribucionarc.com\/ro\/wp-json\/wp\/v2\/product"}],"about":[{"href":"https:\/\/distribucionarc.com\/ro\/wp-json\/wp\/v2\/types\/product"}],"replies":[{"embeddable":true,"href":"https:\/\/distribucionarc.com\/ro\/wp-json\/wp\/v2\/comments?post=525"}],"version-history":[{"count":0,"href":"https:\/\/distribucionarc.com\/ro\/wp-json\/wp\/v2\/product\/525\/revisions"}],"wp:featuredmedia":[{"embeddable":true,"href":"https:\/\/distribucionarc.com\/ro\/wp-json\/wp\/v2\/media\/526"}],"wp:attachment":[{"href":"https:\/\/distribucionarc.com\/ro\/wp-json\/wp\/v2\/media?parent=525"}],"wp:term":[{"taxonomy":"product_brand","embeddable":true,"href":"https:\/\/distribucionarc.com\/ro\/wp-json\/wp\/v2\/product_brand?post=525"},{"taxonomy":"product_cat","embeddable":true,"href":"https:\/\/distribucionarc.com\/ro\/wp-json\/wp\/v2\/product_cat?post=525"},{"taxonomy":"product_tag","embeddable":true,"href":"https:\/\/distribucionarc.com\/ro\/wp-json\/wp\/v2\/product_tag?post=525"}],"curies":[{"name":"wp","href":"https:\/\/api.w.org\/{rel}","templated":true}]}}