{"id":5695,"date":"2023-05-11T11:45:26","date_gmt":"2023-05-11T11:45:26","guid":{"rendered":"https:\/\/distribucionarc.com\/?post_type=product&#038;p=5695"},"modified":"2023-05-11T14:12:49","modified_gmt":"2023-05-11T14:12:49","slug":"mixer-industrial-dublu-brat-de-la-87l-la-175l","status":"publish","type":"product","link":"https:\/\/distribucionarc.com\/ro\/producto\/amasadora-industrial-de-doble-brazo-de-87l-a-175l\/","title":{"rendered":"Mixer industrial cu brat dublu de la 87 litri la 175 litri"},"content":{"rendered":"<h2>Mixer industrial de paine 87l<\/h2>\n<p><a href=\"https:\/\/distribucionarc.com\/wp-content\/uploads\/2023\/05\/amasadora-industrial-panaderia.jpg\"><img loading=\"lazy\" decoding=\"async\" class=\"alignnone size-medium wp-image-5696\" src=\"https:\/\/distribucionarc.com\/wp-content\/uploads\/2023\/05\/amasadora-industrial-panaderia-300x300.jpg\" alt=\"\" width=\"300\" height=\"300\" srcset=\"https:\/\/distribucionarc.com\/wp-content\/uploads\/2023\/05\/amasadora-industrial-panaderia-300x300.jpg 300w, https:\/\/distribucionarc.com\/wp-content\/uploads\/2023\/05\/amasadora-industrial-panaderia-430x430.jpg 430w, https:\/\/distribucionarc.com\/wp-content\/uploads\/2023\/05\/amasadora-industrial-panaderia-150x150.jpg 150w, https:\/\/distribucionarc.com\/wp-content\/uploads\/2023\/05\/amasadora-industrial-panaderia-700x700.jpg 700w, https:\/\/distribucionarc.com\/wp-content\/uploads\/2023\/05\/amasadora-industrial-panaderia-768x768.jpg 768w, https:\/\/distribucionarc.com\/wp-content\/uploads\/2023\/05\/amasadora-industrial-panaderia-12x12.jpg 12w, https:\/\/distribucionarc.com\/wp-content\/uploads\/2023\/05\/amasadora-industrial-panaderia-48x48.jpg 48w, https:\/\/distribucionarc.com\/wp-content\/uploads\/2023\/05\/amasadora-industrial-panaderia.jpg 1000w\" sizes=\"auto, (max-width: 300px) 100vw, 300px\" \/><\/a><\/p>\n<p>Acesta este un <strong>mixer industrial de paine<\/strong> \u00cenalt\u0103 calitate fabricat \u00een Europa. Are o capacitate de aluat de pana la 60 kg Dispune de ecran tactil si functioneaza silentios cu 2 nivele de viteza reglabile. In plus, are cronometru, oprire de urgenta si poate fi actionata automat, semi-automat sau manual. Corpul s\u0103u este realizat din o\u021bel inoxidabil ceea ce \u00eel face rezistent \u0219i durabil. Are o conexiune electrica de 3N\/PE\/N\/PE volti\/50 Hz iar dimensiunile sale exterioare sunt 610 mm x 860 mm x 1.440 mm.<\/p>\n<p><a href=\"https:\/\/distribucionarc.com\/wp-content\/uploads\/2023\/05\/amasadora-de-pan.jpeg\"><img loading=\"lazy\" decoding=\"async\" class=\"alignnone size-medium wp-image-5698\" src=\"https:\/\/distribucionarc.com\/wp-content\/uploads\/2023\/05\/amasadora-de-pan-300x300.jpeg\" alt=\"\" width=\"300\" height=\"300\" srcset=\"https:\/\/distribucionarc.com\/wp-content\/uploads\/2023\/05\/amasadora-de-pan-300x300.jpeg 300w, https:\/\/distribucionarc.com\/wp-content\/uploads\/2023\/05\/amasadora-de-pan-430x430.jpeg 430w, https:\/\/distribucionarc.com\/wp-content\/uploads\/2023\/05\/amasadora-de-pan-150x150.jpeg 150w, https:\/\/distribucionarc.com\/wp-content\/uploads\/2023\/05\/amasadora-de-pan-700x700.jpeg 700w, https:\/\/distribucionarc.com\/wp-content\/uploads\/2023\/05\/amasadora-de-pan-768x768.jpeg 768w, https:\/\/distribucionarc.com\/wp-content\/uploads\/2023\/05\/amasadora-de-pan-12x12.jpeg 12w, https:\/\/distribucionarc.com\/wp-content\/uploads\/2023\/05\/amasadora-de-pan-48x48.jpeg 48w, https:\/\/distribucionarc.com\/wp-content\/uploads\/2023\/05\/amasadora-de-pan.jpeg 1000w\" sizes=\"auto, (max-width: 300px) 100vw, 300px\" \/><\/a><a href=\"https:\/\/distribucionarc.com\/wp-content\/uploads\/2023\/05\/amasadora-industrial-87l.jpeg\"><img loading=\"lazy\" decoding=\"async\" class=\"alignnone size-medium wp-image-5699\" src=\"https:\/\/distribucionarc.com\/wp-content\/uploads\/2023\/05\/amasadora-industrial-87l-300x300.jpeg\" alt=\"\" width=\"300\" height=\"300\" srcset=\"https:\/\/distribucionarc.com\/wp-content\/uploads\/2023\/05\/amasadora-industrial-87l-300x300.jpeg 300w, https:\/\/distribucionarc.com\/wp-content\/uploads\/2023\/05\/amasadora-industrial-87l-430x430.jpeg 430w, https:\/\/distribucionarc.com\/wp-content\/uploads\/2023\/05\/amasadora-industrial-87l-150x150.jpeg 150w, https:\/\/distribucionarc.com\/wp-content\/uploads\/2023\/05\/amasadora-industrial-87l-12x12.jpeg 12w, https:\/\/distribucionarc.com\/wp-content\/uploads\/2023\/05\/amasadora-industrial-87l-48x48.jpeg 48w, https:\/\/distribucionarc.com\/wp-content\/uploads\/2023\/05\/amasadora-industrial-87l.jpeg 600w\" sizes=\"auto, (max-width: 300px) 100vw, 300px\" \/><\/a><\/p>\n<p>Specificatii tehnice <strong>AR00905<\/strong><\/p>\n<ul>\n<li>\u00a0Capacitate container 87 litri<\/li>\n<li>\u00a0Capacitate aluat de p\u00e2n\u0103 la 60 kg<\/li>\n<li>\u00a0Putere de la 1,1 la 1,5 kW<\/li>\n<li>\u00a0Tensiune 400V<\/li>\n<li>\u00a03 faze de conectare electrica 3N\/PE<\/li>\n<li>\u00a0frecventa 50 Hz<\/li>\n<li>\u00a0Dimensiunile exterioare sunt 610 mm l\u0103\u021bime, 860 mm ad\u00e2ncime \u0219i 1.440 mm \u00een\u0103l\u021bime<\/li>\n<\/ul>\n<p>&nbsp;<\/p>\n<h3>Mixer industrial framantator pentru panificatie 140l<\/h3>\n<p>&nbsp;<\/p>\n<p><a href=\"https:\/\/distribucionarc.com\/wp-content\/uploads\/2023\/05\/amasadora-panaderia-medidas.jpg\"><img loading=\"lazy\" decoding=\"async\" class=\"alignnone wp-image-5700 size-medium\" src=\"https:\/\/distribucionarc.com\/wp-content\/uploads\/2023\/05\/amasadora-panaderia-medidas-300x300.jpg\" alt=\"Mixer industrial framantator pentru panificatie\" width=\"300\" height=\"300\" srcset=\"https:\/\/distribucionarc.com\/wp-content\/uploads\/2023\/05\/amasadora-panaderia-medidas-300x300.jpg 300w, https:\/\/distribucionarc.com\/wp-content\/uploads\/2023\/05\/amasadora-panaderia-medidas-430x430.jpg 430w, https:\/\/distribucionarc.com\/wp-content\/uploads\/2023\/05\/amasadora-panaderia-medidas-150x150.jpg 150w, https:\/\/distribucionarc.com\/wp-content\/uploads\/2023\/05\/amasadora-panaderia-medidas-700x700.jpg 700w, https:\/\/distribucionarc.com\/wp-content\/uploads\/2023\/05\/amasadora-panaderia-medidas-768x768.jpg 768w, https:\/\/distribucionarc.com\/wp-content\/uploads\/2023\/05\/amasadora-panaderia-medidas-12x12.jpg 12w, https:\/\/distribucionarc.com\/wp-content\/uploads\/2023\/05\/amasadora-panaderia-medidas-48x48.jpg 48w, https:\/\/distribucionarc.com\/wp-content\/uploads\/2023\/05\/amasadora-panaderia-medidas.jpg 1000w\" sizes=\"auto, (max-width: 300px) 100vw, 300px\" \/><\/a><\/p>\n<p>Acest <strong>fr\u0103m\u00e2ntator mixer industrial<\/strong> de \u00eenalt\u0103 calitate are o capacitate de mas\u0103 de p\u00e2n\u0103 la 80 kg, Are ecran tactil, func\u021bionare silen\u021bioas\u0103, 2 trepte de vitez\u0103, timp de func\u021bionare reglabil, cronometru \u0219i oprire de urgen\u021b\u0103 \u0219i poate func\u021biona \u00een mod automat, semi-automat sau manual. Componentele sale din o\u021bel inoxidabil, inclusiv corpul, grila de protec\u021bie, boilerul \u0219i bra\u021bele, \u00eei garanteaz\u0103 durabilitatea \u0219i rezisten\u021ba. Dimensiunile sale exterioare sunt de 710 mm l\u0103\u021bime, 1.020 mm ad\u00e2ncime \u0219i 1.660 mm \u00een\u0103l\u021bime \u0219i are o putere de 1,5 p\u00e2n\u0103 la 2,2 kW. cu o conexiune electric\u0103 de 3N\/PE sau N\/PE vol\u021bi \u0219i o frecven\u021b\u0103 de 50 Hz.<\/p>\n<p>Specificatii tehnice <strong>AR00906<\/strong><\/p>\n<ul>\n<li>Capacitate de 140 litri si poate manevra pana la 80 kg de aluat<\/li>\n<li>Are o putere de 1,5 p\u00e2n\u0103 la 2,2 kW<\/li>\n<li>Tensiune 400V<\/li>\n<li>3 faze cu conexiune 50 Hz<\/li>\n<li>Dimensiunile exterioare sunt 710 mm x 1.020 mm x 1.660 mm<\/li>\n<li>Greutate de 458 kg<\/li>\n<\/ul>\n<h3>Mixer industrial aluat de pizza 160l<\/h3>\n<p><a href=\"https:\/\/distribucionarc.com\/wp-content\/uploads\/2023\/05\/amasadora-pizza-medidas.jpg\"><img loading=\"lazy\" decoding=\"async\" class=\"alignnone size-medium wp-image-5701\" src=\"https:\/\/distribucionarc.com\/wp-content\/uploads\/2023\/05\/amasadora-pizza-medidas-300x300.jpg\" alt=\"\" width=\"300\" height=\"300\" srcset=\"https:\/\/distribucionarc.com\/wp-content\/uploads\/2023\/05\/amasadora-pizza-medidas-300x300.jpg 300w, https:\/\/distribucionarc.com\/wp-content\/uploads\/2023\/05\/amasadora-pizza-medidas-430x430.jpg 430w, https:\/\/distribucionarc.com\/wp-content\/uploads\/2023\/05\/amasadora-pizza-medidas-150x150.jpg 150w, https:\/\/distribucionarc.com\/wp-content\/uploads\/2023\/05\/amasadora-pizza-medidas-700x700.jpg 700w, https:\/\/distribucionarc.com\/wp-content\/uploads\/2023\/05\/amasadora-pizza-medidas-768x768.jpg 768w, https:\/\/distribucionarc.com\/wp-content\/uploads\/2023\/05\/amasadora-pizza-medidas-12x12.jpg 12w, https:\/\/distribucionarc.com\/wp-content\/uploads\/2023\/05\/amasadora-pizza-medidas-48x48.jpg 48w, https:\/\/distribucionarc.com\/wp-content\/uploads\/2023\/05\/amasadora-pizza-medidas.jpg 1000w\" sizes=\"auto, (max-width: 300px) 100vw, 300px\" \/><\/a><\/p>\n<p>Acest <strong>framantator industrial pentru aluat de pizza<\/strong> Este un produs de calitate fabricat in Europa cu o capacitate de aluat de pana la 100 kg. Are ecran tactil, func\u021bionare silen\u021bioas\u0103, dou\u0103 trepte de vitez\u0103, timp de func\u021bionare reglabil, cronometru \u0219i oprire de urgen\u021b\u0103. Poate fi ac\u021bionat automat, semi-automat sau manual Dimensiunile sale exterioare sunt de 710 mm x 1.020 mm x 1.700 mm \u0219i conexiunea electric\u0103 este de 3N\/PE \/ N \/ PE vol\u021bi \/ 50 Hz cu o putere de 1,5 -2 kW .<\/p>\n<p>Specificatii tehnice <strong>AR00907<\/strong><\/p>\n<ul>\n<li>Latime: 710 mm<\/li>\n<li>Ad\u00e2ncime: 1.020 mm<\/li>\n<li>\u00cen\u0103l\u021bime: 1.700 mm<\/li>\n<li>Tip dispozitiv: malaxor<\/li>\n<li>Capacitate container: 160 l<\/li>\n<li>Capacitate: 100 kg<\/li>\n<li>Putere: 1,5 \u2013 2,2 kW<\/li>\n<li>Tensiune: 400V<\/li>\n<li>Faze: 3N\/PE<\/li>\n<li>Frecventa: 50 Hz<\/li>\n<li>Greutate 615 kg<\/li>\n<\/ul>\n<p>&nbsp;<\/p>\n<h3>Baterie industriala cu brat dublu 175l<\/h3>\n<p><a href=\"https:\/\/distribucionarc.com\/wp-content\/uploads\/2023\/05\/amasadora-doble-brazo.jpg\"><img loading=\"lazy\" decoding=\"async\" class=\"alignnone size-medium wp-image-5702\" src=\"https:\/\/distribucionarc.com\/wp-content\/uploads\/2023\/05\/amasadora-doble-brazo-300x300.jpg\" alt=\"\" width=\"300\" height=\"300\" srcset=\"https:\/\/distribucionarc.com\/wp-content\/uploads\/2023\/05\/amasadora-doble-brazo-300x300.jpg 300w, https:\/\/distribucionarc.com\/wp-content\/uploads\/2023\/05\/amasadora-doble-brazo-430x430.jpg 430w, https:\/\/distribucionarc.com\/wp-content\/uploads\/2023\/05\/amasadora-doble-brazo-150x150.jpg 150w, https:\/\/distribucionarc.com\/wp-content\/uploads\/2023\/05\/amasadora-doble-brazo-700x700.jpg 700w, https:\/\/distribucionarc.com\/wp-content\/uploads\/2023\/05\/amasadora-doble-brazo-768x768.jpg 768w, https:\/\/distribucionarc.com\/wp-content\/uploads\/2023\/05\/amasadora-doble-brazo-12x12.jpg 12w, https:\/\/distribucionarc.com\/wp-content\/uploads\/2023\/05\/amasadora-doble-brazo-48x48.jpg 48w, https:\/\/distribucionarc.com\/wp-content\/uploads\/2023\/05\/amasadora-doble-brazo.jpg 1000w\" sizes=\"auto, (max-width: 300px) 100vw, 300px\" \/><\/a><\/p>\n<p>The <strong>mixer cu brat dublu<\/strong> Este un produs de calitate fabricat in Europa Dispune de ecran tactil, functionare silentioasa, 2 trepte de viteza, timp de functionare reglabil, timer si oprire de urgenta. Poate func\u021biona \u00een mod automat, semi-automat sau manual \u0219i este u\u0219or de cur\u0103\u021bat. Mixerul este construit din o\u021bel inoxidabil AISI 316L de \u00eenalt\u0103 calitate. Cu o conexiune electric\u0103 de 3N\/PE \/ N \/ PE vol\u021bi \/ 50 Hz \u0219i o putere de 2,5 \u2013 4,0 kW, dimensiunile sale exterioare sunt de 850 mm x 1.050 mm x 1.700 mm.<\/p>\n<p>Specificatii tehnice <strong>AR00908<\/strong><\/p>\n<ul>\n<li>Tip dispozitiv: malaxor<\/li>\n<li>Capacitate container: 175 l<\/li>\n<li>Capacitate: 120 kg<\/li>\n<li>Latime: 850 mm<\/li>\n<li>Ad\u00e2ncime: 1.050 mm<\/li>\n<li>\u00cen\u0103l\u021bime: 1.700 mm<\/li>\n<li>Putere: 2,5 \u2013 4,0 kW<\/li>\n<li>Tensiune: 400V<\/li>\n<li>Faze: 3N\/PE<\/li>\n<li>Frecventa: 50 Hz<\/li>\n<li>Greutate: 765 kg<\/li>\n<\/ul>\n<p>&nbsp;<\/p>","protected":false},"excerpt":{"rendered":"<p>The <strong>malaxoare cu brat dublu<\/strong> Sunt ma\u0219ini de mare capacitate folosite \u00een industria alimentar\u0103 pentru a amesteca cantit\u0103\u021bi mari de aluat. sunt <a href=\"https:\/\/distribucionarc.com\/ro\/categorie-de-produse\/ospitalitate\/malaxoare-industriale\/\">malaxoare industriale<\/a> Au dou\u0103 bra\u021be de amestecare care lucreaz\u0103 \u00eempreun\u0103 pentru a ob\u021bine un amestec omogen \u0219i uniform. Sunt concepute pentru a lucra cu mase dense si grele, iar marimea si capacitatea lor variaza in functie de nevoile utilizatorului. Mixerele cu bra\u021b dublu sunt ideale pentru <strong>brut\u0103rii<\/strong>, <strong>produse de patiserie<\/strong> si altele <strong>industriile alimentare<\/strong> care necesit\u0103 un amestec eficient \u0219i de \u00eenalt\u0103 calitate.<\/p>","protected":false},"featured_media":5696,"comment_status":"open","ping_status":"closed","template":"","meta":{"wds_primary_product_brand":0,"wds_primary_product_cat":0},"product_brand":[],"product_cat":[95],"product_tag":[],"class_list":{"0":"post-5695","1":"product","2":"type-product","3":"status-publish","4":"has-post-thumbnail","6":"product_cat-amasadoras-industriales","7":"product_shipping_class-express","9":"first","10":"instock","11":"taxable","12":"shipping-taxable","13":"purchasable","14":"product-type-simple"},"yoast_head":"<!-- This site is optimized with the Yoast SEO Premium plugin v24.9 (Yoast SEO v26.1) - https:\/\/yoast.com\/wordpress\/plugins\/seo\/ -->\n<title>Amasadora industrial de doble brazo de 87 litros a 175litros - distribuci\u00f3n ARC<\/title>\n<meta name=\"robots\" content=\"index, follow, max-snippet:-1, max-image-preview:large, max-video-preview:-1\" \/>\n<link rel=\"canonical\" href=\"https:\/\/distribucionarc.com\/ro\/produs\/mixer-industrial-dublu-brat-de-la-87l-la-175l\/\" \/>\n<meta property=\"og:locale\" content=\"ro_RO\" \/>\n<meta property=\"og:type\" content=\"article\" \/>\n<meta property=\"og:title\" content=\"Amasadora industrial de doble brazo de 87 litros a 175litros\" \/>\n<meta property=\"og:description\" content=\"Las amasadoras de doble brazo son m\u00e1quinas de alta capacidad utilizadas en la industria alimentaria para mezclar grandes cantidades de masa. Estas amasadoras industriales cuentan con dos brazos mezcladores que trabajan en conjunto para lograr una mezcla homog\u00e9nea y uniforme. Est\u00e1n dise\u00f1adas para trabajar con masas densas y pesadas, y su tama\u00f1o y capacidad var\u00edan seg\u00fan las necesidades del usuario. Las amasadoras de doble brazo son ideales para panader\u00edas, pasteler\u00edas y otras industrias alimentarias que requieren una mezcla eficiente y de alta calidad.\" \/>\n<meta property=\"og:url\" content=\"https:\/\/distribucionarc.com\/ro\/produs\/mixer-industrial-dublu-brat-de-la-87l-la-175l\/\" \/>\n<meta property=\"og:site_name\" content=\"distribuci\u00f3n ARC\" \/>\n<meta property=\"article:modified_time\" content=\"2023-05-11T14:12:49+00:00\" \/>\n<meta property=\"og:image\" content=\"https:\/\/distribucionarc.com\/wp-content\/uploads\/2023\/05\/amasadora-industrial-panaderia.jpg\" \/>\n\t<meta property=\"og:image:width\" content=\"1000\" \/>\n\t<meta property=\"og:image:height\" content=\"1000\" \/>\n\t<meta property=\"og:image:type\" content=\"image\/jpeg\" \/>\n<meta name=\"twitter:card\" content=\"summary_large_image\" \/>\n<meta name=\"twitter:label1\" content=\"Timp estimat pentru citire\" \/>\n\t<meta name=\"twitter:data1\" content=\"3 minute\" \/>\n<script type=\"application\/ld+json\" class=\"yoast-schema-graph\">{\"@context\":\"https:\/\/schema.org\",\"@graph\":[{\"@type\":\"WebPage\",\"@id\":\"https:\/\/distribucionarc.com\/en\/producto\/amasadora-industrial-de-doble-brazo-de-87l-a-175l\/\",\"url\":\"https:\/\/distribucionarc.com\/en\/producto\/amasadora-industrial-de-doble-brazo-de-87l-a-175l\/\",\"name\":\"Amasadora industrial de doble brazo de 87 litros a 175litros - distribuci\u00f3n ARC\",\"isPartOf\":{\"@id\":\"https:\/\/www.distribucionarc.com\/tr\/#website\"},\"primaryImageOfPage\":{\"@id\":\"https:\/\/distribucionarc.com\/en\/producto\/amasadora-industrial-de-doble-brazo-de-87l-a-175l\/#primaryimage\"},\"image\":{\"@id\":\"https:\/\/distribucionarc.com\/en\/producto\/amasadora-industrial-de-doble-brazo-de-87l-a-175l\/#primaryimage\"},\"thumbnailUrl\":\"https:\/\/distribucionarc.com\/wp-content\/uploads\/2023\/05\/amasadora-industrial-panaderia.jpg\",\"datePublished\":\"2023-05-11T11:45:26+00:00\",\"dateModified\":\"2023-05-11T14:12:49+00:00\",\"breadcrumb\":{\"@id\":\"https:\/\/distribucionarc.com\/en\/producto\/amasadora-industrial-de-doble-brazo-de-87l-a-175l\/#breadcrumb\"},\"inLanguage\":\"ro-RO\",\"potentialAction\":[{\"@type\":\"ReadAction\",\"target\":[\"https:\/\/distribucionarc.com\/en\/producto\/amasadora-industrial-de-doble-brazo-de-87l-a-175l\/\"]}]},{\"@type\":\"ImageObject\",\"inLanguage\":\"ro-RO\",\"@id\":\"https:\/\/distribucionarc.com\/en\/producto\/amasadora-industrial-de-doble-brazo-de-87l-a-175l\/#primaryimage\",\"url\":\"https:\/\/distribucionarc.com\/wp-content\/uploads\/2023\/05\/amasadora-industrial-panaderia.jpg\",\"contentUrl\":\"https:\/\/distribucionarc.com\/wp-content\/uploads\/2023\/05\/amasadora-industrial-panaderia.jpg\",\"width\":1000,\"height\":1000},{\"@type\":\"BreadcrumbList\",\"@id\":\"https:\/\/distribucionarc.com\/en\/producto\/amasadora-industrial-de-doble-brazo-de-87l-a-175l\/#breadcrumb\",\"itemListElement\":[{\"@type\":\"ListItem\",\"position\":1,\"name\":\"Portada\",\"item\":\"https:\/\/www.distribucionarc.com\/tr\/\"},{\"@type\":\"ListItem\",\"position\":2,\"name\":\"Produktai\",\"item\":\"https:\/\/distribucionarc.com\/lt\/parduotuve\/\"},{\"@type\":\"ListItem\",\"position\":3,\"name\":\"Amasadora industrial de doble brazo de 87 litros a 175litros\"}]},{\"@type\":\"WebSite\",\"@id\":\"https:\/\/www.distribucionarc.com\/tr\/#website\",\"url\":\"https:\/\/www.distribucionarc.com\/tr\/\",\"name\":\"distribuci\u00f3n ARC\",\"description\":\"Empresa especializada en la fabricaci\u00f3n y distribuci\u00f3n de maquinaria industrial, selladoras de latas, Maquinas de hacer pastillas, Maquinas de cortar carne...\",\"publisher\":{\"@id\":\"https:\/\/www.distribucionarc.com\/tr\/#organization\"},\"potentialAction\":[{\"@type\":\"SearchAction\",\"target\":{\"@type\":\"EntryPoint\",\"urlTemplate\":\"https:\/\/www.distribucionarc.com\/tr\/?s={search_term_string}\"},\"query-input\":{\"@type\":\"PropertyValueSpecification\",\"valueRequired\":true,\"valueName\":\"search_term_string\"}}],\"inLanguage\":\"ro-RO\"},{\"@type\":\"Organization\",\"@id\":\"https:\/\/www.distribucionarc.com\/tr\/#organization\",\"name\":\"Distribuci\u00f3n ARC\",\"url\":\"https:\/\/www.distribucionarc.com\/tr\/\",\"logo\":{\"@type\":\"ImageObject\",\"inLanguage\":\"ro-RO\",\"@id\":\"https:\/\/www.distribucionarc.com\/tr\/#\/schema\/logo\/image\/\",\"url\":\"https:\/\/distribucionarc.com\/wp-content\/uploads\/2024\/10\/distribucion-ARC-COLOR-SIN-FONDO-e1732295305345.png\",\"contentUrl\":\"https:\/\/distribucionarc.com\/wp-content\/uploads\/2024\/10\/distribucion-ARC-COLOR-SIN-FONDO-e1732295305345.png\",\"width\":1164,\"height\":558,\"caption\":\"Distribuci\u00f3n ARC\"},\"image\":{\"@id\":\"https:\/\/www.distribucionarc.com\/tr\/#\/schema\/logo\/image\/\"},\"description\":\"Empresa especializada en la fabricaci\u00f3n y distribuci\u00f3n de maquinaria industrial para los sectores alimentario y farmac\u00e9utico. Nos especializamos en: M\u00e1quinas de cortar carne Fabricaci\u00f3n de comprimidos Sistemas de transporte industrial L\u00edneas de embotellado Dosificadores Y mucho m\u00e1s... Ofrecemos soluciones innovadoras y personalizadas para optimizar los procesos productivos de tu empresa.\",\"email\":\"Admistracion@distribucionarc.com\",\"telephone\":\"+34 643496664\",\"legalName\":\"ARC TECH SOLUTIONS\",\"foundingDate\":\"2024-04-09\",\"vatID\":\"B55480172\",\"numberOfEmployees\":{\"@type\":\"QuantitativeValue\",\"minValue\":\"1\",\"maxValue\":\"10\"}}]}<\/script>\n<!-- \/ Yoast SEO Premium plugin. -->","yoast_head_json":{"title":"Mixer industrial cu brat dublu de la 87 litri la 175 litri - distributie ARC","robots":{"index":"index","follow":"follow","max-snippet":"max-snippet:-1","max-image-preview":"max-image-preview:large","max-video-preview":"max-video-preview:-1"},"canonical":"https:\/\/distribucionarc.com\/ro\/produs\/mixer-industrial-dublu-brat-de-la-87l-la-175l\/","og_locale":"ro_RO","og_type":"article","og_title":"Amasadora industrial de doble brazo de 87 litros a 175litros","og_description":"Las amasadoras de doble brazo son m\u00e1quinas de alta capacidad utilizadas en la industria alimentaria para mezclar grandes cantidades de masa. Estas amasadoras industriales cuentan con dos brazos mezcladores que trabajan en conjunto para lograr una mezcla homog\u00e9nea y uniforme. Est\u00e1n dise\u00f1adas para trabajar con masas densas y pesadas, y su tama\u00f1o y capacidad var\u00edan seg\u00fan las necesidades del usuario. Las amasadoras de doble brazo son ideales para panader\u00edas, pasteler\u00edas y otras industrias alimentarias que requieren una mezcla eficiente y de alta calidad.","og_url":"https:\/\/distribucionarc.com\/ro\/produs\/mixer-industrial-dublu-brat-de-la-87l-la-175l\/","og_site_name":"distribuci\u00f3n ARC","article_modified_time":"2023-05-11T14:12:49+00:00","og_image":[{"width":1000,"height":1000,"url":"https:\/\/distribucionarc.com\/wp-content\/uploads\/2023\/05\/amasadora-industrial-panaderia.jpg","type":"image\/jpeg"}],"twitter_card":"summary_large_image","twitter_misc":{"Timp estimat pentru citire":"3 minute"},"schema":{"@context":"https:\/\/schema.org","@graph":[{"@type":"WebPage","@id":"https:\/\/distribucionarc.com\/en\/producto\/amasadora-industrial-de-doble-brazo-de-87l-a-175l\/","url":"https:\/\/distribucionarc.com\/en\/producto\/amasadora-industrial-de-doble-brazo-de-87l-a-175l\/","name":"Mixer industrial cu brat dublu de la 87 litri la 175 litri - distributie ARC","isPartOf":{"@id":"https:\/\/www.distribucionarc.com\/tr\/#website"},"primaryImageOfPage":{"@id":"https:\/\/distribucionarc.com\/en\/producto\/amasadora-industrial-de-doble-brazo-de-87l-a-175l\/#primaryimage"},"image":{"@id":"https:\/\/distribucionarc.com\/en\/producto\/amasadora-industrial-de-doble-brazo-de-87l-a-175l\/#primaryimage"},"thumbnailUrl":"https:\/\/distribucionarc.com\/wp-content\/uploads\/2023\/05\/amasadora-industrial-panaderia.jpg","datePublished":"2023-05-11T11:45:26+00:00","dateModified":"2023-05-11T14:12:49+00:00","breadcrumb":{"@id":"https:\/\/distribucionarc.com\/en\/producto\/amasadora-industrial-de-doble-brazo-de-87l-a-175l\/#breadcrumb"},"inLanguage":"ro-RO","potentialAction":[{"@type":"ReadAction","target":["https:\/\/distribucionarc.com\/en\/producto\/amasadora-industrial-de-doble-brazo-de-87l-a-175l\/"]}]},{"@type":"ImageObject","inLanguage":"ro-RO","@id":"https:\/\/distribucionarc.com\/en\/producto\/amasadora-industrial-de-doble-brazo-de-87l-a-175l\/#primaryimage","url":"https:\/\/distribucionarc.com\/wp-content\/uploads\/2023\/05\/amasadora-industrial-panaderia.jpg","contentUrl":"https:\/\/distribucionarc.com\/wp-content\/uploads\/2023\/05\/amasadora-industrial-panaderia.jpg","width":1000,"height":1000},{"@type":"BreadcrumbList","@id":"https:\/\/distribucionarc.com\/en\/producto\/amasadora-industrial-de-doble-brazo-de-87l-a-175l\/#breadcrumb","itemListElement":[{"@type":"ListItem","position":1,"name":"Portada","item":"https:\/\/www.distribucionarc.com\/tr\/"},{"@type":"ListItem","position":2,"name":"Produktai","item":"https:\/\/distribucionarc.com\/lt\/parduotuve\/"},{"@type":"ListItem","position":3,"name":"Amasadora industrial de doble brazo de 87 litros a 175litros"}]},{"@type":"WebSite","@id":"https:\/\/www.distribucionarc.com\/tr\/#website","url":"https:\/\/www.distribucionarc.com\/tr\/","name":"Distribu\u021bie ARC","description":"Companie specializat\u0103 \u00een fabricarea \u0219i distribu\u021bia de utilaje industriale, ma\u0219ini de sigilat cutii, ma\u0219ini de fabricat tablete, ma\u0219ini de t\u0103iat carne...","publisher":{"@id":"https:\/\/www.distribucionarc.com\/tr\/#organization"},"potentialAction":[{"@type":"SearchAction","target":{"@type":"EntryPoint","urlTemplate":"https:\/\/www.distribucionarc.com\/tr\/?s={search_term_string}"},"query-input":{"@type":"PropertyValueSpecification","valueRequired":true,"valueName":"search_term_string"}}],"inLanguage":"ro-RO"},{"@type":"Organization","@id":"https:\/\/www.distribucionarc.com\/tr\/#organization","name":"Distribu\u021bie ARC","url":"https:\/\/www.distribucionarc.com\/tr\/","logo":{"@type":"ImageObject","inLanguage":"ro-RO","@id":"https:\/\/www.distribucionarc.com\/tr\/#\/schema\/logo\/image\/","url":"https:\/\/distribucionarc.com\/wp-content\/uploads\/2024\/10\/distribucion-ARC-COLOR-SIN-FONDO-e1732295305345.png","contentUrl":"https:\/\/distribucionarc.com\/wp-content\/uploads\/2024\/10\/distribucion-ARC-COLOR-SIN-FONDO-e1732295305345.png","width":1164,"height":558,"caption":"Distribuci\u00f3n ARC"},"image":{"@id":"https:\/\/www.distribucionarc.com\/tr\/#\/schema\/logo\/image\/"},"description":"Companie specializat\u0103 \u00een fabricarea \u0219i distribu\u021bia de utilaje industriale pentru sectoarele alimentar \u0219i farmaceutic. Suntem specializa\u021bi \u00een: Ma\u0219ini de t\u0103iat carne Fabricarea tabletelor Sisteme de transport industrial Linii de \u00eembuteliere Distribuitoare \u0218i multe altele... Oferim solu\u021bii inovatoare \u0219i personalizate pentru a optimiza procesele de produc\u021bie ale companiei dumneavoastr\u0103.","email":"Admistracion@distribucionarc.com","telephone":"+34 643496664","legalName":"ARC TECH SOLUTIONS","foundingDate":"2024-04-09","vatID":"B55480172","numberOfEmployees":{"@type":"QuantitativeValue","minValue":"1","maxValue":"10"}}]}},"_links":{"self":[{"href":"https:\/\/distribucionarc.com\/ro\/wp-json\/wp\/v2\/product\/5695","targetHints":{"allow":["GET"]}}],"collection":[{"href":"https:\/\/distribucionarc.com\/ro\/wp-json\/wp\/v2\/product"}],"about":[{"href":"https:\/\/distribucionarc.com\/ro\/wp-json\/wp\/v2\/types\/product"}],"replies":[{"embeddable":true,"href":"https:\/\/distribucionarc.com\/ro\/wp-json\/wp\/v2\/comments?post=5695"}],"version-history":[{"count":0,"href":"https:\/\/distribucionarc.com\/ro\/wp-json\/wp\/v2\/product\/5695\/revisions"}],"wp:featuredmedia":[{"embeddable":true,"href":"https:\/\/distribucionarc.com\/ro\/wp-json\/wp\/v2\/media\/5696"}],"wp:attachment":[{"href":"https:\/\/distribucionarc.com\/ro\/wp-json\/wp\/v2\/media?parent=5695"}],"wp:term":[{"taxonomy":"product_brand","embeddable":true,"href":"https:\/\/distribucionarc.com\/ro\/wp-json\/wp\/v2\/product_brand?post=5695"},{"taxonomy":"product_cat","embeddable":true,"href":"https:\/\/distribucionarc.com\/ro\/wp-json\/wp\/v2\/product_cat?post=5695"},{"taxonomy":"product_tag","embeddable":true,"href":"https:\/\/distribucionarc.com\/ro\/wp-json\/wp\/v2\/product_tag?post=5695"}],"curies":[{"name":"wp","href":"https:\/\/api.w.org\/{rel}","templated":true}]}}