{"id":5705,"date":"2023-05-11T15:04:22","date_gmt":"2023-05-11T15:04:22","guid":{"rendered":"https:\/\/distribucionarc.com\/?post_type=product&#038;p=5705"},"modified":"2024-10-05T03:48:21","modified_gmt":"2024-10-05T03:48:21","slug":"masina-de-tocat-carne-profesionala-proaspata-de-inalta-calitate","status":"publish","type":"product","link":"https:\/\/distribucionarc.com\/ro\/producto\/picadora-profesional-de-carne-fresca-de-alta-calidad\/","title":{"rendered":"Ma\u0219in\u0103 de tocat carne proasp\u0103t\u0103 profesional\u0103 de \u00eenalt\u0103 calitate"},"content":{"rendered":"<h2>Masina de tocat carne profesionala 400 kg\/h<\/h2>\n<p><a href=\"https:\/\/distribucionarc.com\/wp-content\/uploads\/2023\/05\/picadora-profesional-de-carne.jpg\"><img loading=\"lazy\" decoding=\"async\" class=\"alignnone size-medium wp-image-5707\" src=\"https:\/\/distribucionarc.com\/wp-content\/uploads\/2023\/05\/picadora-profesional-de-carne-300x300.jpg\" alt=\"\" width=\"300\" height=\"300\" srcset=\"https:\/\/distribucionarc.com\/wp-content\/uploads\/2023\/05\/picadora-profesional-de-carne-300x300.jpg 300w, https:\/\/distribucionarc.com\/wp-content\/uploads\/2023\/05\/picadora-profesional-de-carne-430x430.jpg 430w, https:\/\/distribucionarc.com\/wp-content\/uploads\/2023\/05\/picadora-profesional-de-carne-150x150.jpg 150w, https:\/\/distribucionarc.com\/wp-content\/uploads\/2023\/05\/picadora-profesional-de-carne-700x700.jpg 700w, https:\/\/distribucionarc.com\/wp-content\/uploads\/2023\/05\/picadora-profesional-de-carne-768x768.jpg 768w, https:\/\/distribucionarc.com\/wp-content\/uploads\/2023\/05\/picadora-profesional-de-carne-12x12.jpg 12w, https:\/\/distribucionarc.com\/wp-content\/uploads\/2023\/05\/picadora-profesional-de-carne-48x48.jpg 48w, https:\/\/distribucionarc.com\/wp-content\/uploads\/2023\/05\/picadora-profesional-de-carne.jpg 1000w\" sizes=\"auto, (max-width: 300px) 100vw, 300px\" \/><\/a><a href=\"https:\/\/distribucionarc.com\/wp-content\/uploads\/2023\/05\/picadora-profesional.webp\"><img loading=\"lazy\" decoding=\"async\" class=\"alignnone size-medium wp-image-5709\" src=\"https:\/\/distribucionarc.com\/wp-content\/uploads\/2023\/05\/picadora-profesional-196x300.webp\" alt=\"\" width=\"196\" height=\"300\" srcset=\"https:\/\/distribucionarc.com\/wp-content\/uploads\/2023\/05\/picadora-profesional-196x300.webp 196w, https:\/\/distribucionarc.com\/wp-content\/uploads\/2023\/05\/picadora-profesional-430x660.webp 430w, https:\/\/distribucionarc.com\/wp-content\/uploads\/2023\/05\/picadora-profesional-150x230.webp 150w, https:\/\/distribucionarc.com\/wp-content\/uploads\/2023\/05\/picadora-profesional-600x920.webp 600w, https:\/\/distribucionarc.com\/wp-content\/uploads\/2023\/05\/picadora-profesional-8x12.webp 8w, https:\/\/distribucionarc.com\/wp-content\/uploads\/2023\/05\/picadora-profesional-48x74.webp 48w, https:\/\/distribucionarc.com\/wp-content\/uploads\/2023\/05\/picadora-profesional.webp 652w\" sizes=\"auto, (max-width: 196px) 100vw, 196px\" \/><\/a><\/p>\n<p>Acest <strong>masina de tocat carne profesionala<\/strong> Are o capacitate de 400 kg \u0219i 1400 de rota\u021bii pe minut. Este proiectat cu o umplere r\u0103cit\u0103 \u0219i sec\u021biune a arborelui \u0219urub \u0219i o protec\u021bie pentru m\u00e2n\u0103 pentru a asigura func\u021bionarea \u00een siguran\u021b\u0103. Este realizat din otel inoxidabil si are o putere de 1,5 kW. Dimensiunile sale exterioare sunt 670 x 340 x 545 mm si este usor de curatat. Vine cu piston din plastic, lam\u0103 din o\u021bel inoxidabil \u0219i disc perforat de 4 mm. Se recomanda activarea racirii cu cel putin 30 de minute inainte de procesarea carnii.<\/p>\n<p><a href=\"https:\/\/distribucionarc.com\/wp-content\/uploads\/2023\/05\/picadora-carne-accesorio.webp\"><img loading=\"lazy\" decoding=\"async\" class=\"alignnone size-medium wp-image-5710\" src=\"https:\/\/distribucionarc.com\/wp-content\/uploads\/2023\/05\/picadora-carne-accesorio-300x191.webp\" alt=\"\" width=\"300\" height=\"191\" srcset=\"https:\/\/distribucionarc.com\/wp-content\/uploads\/2023\/05\/picadora-carne-accesorio-300x191.webp 300w, https:\/\/distribucionarc.com\/wp-content\/uploads\/2023\/05\/picadora-carne-accesorio-430x273.webp 430w, https:\/\/distribucionarc.com\/wp-content\/uploads\/2023\/05\/picadora-carne-accesorio-150x95.webp 150w, https:\/\/distribucionarc.com\/wp-content\/uploads\/2023\/05\/picadora-carne-accesorio-700x445.webp 700w, https:\/\/distribucionarc.com\/wp-content\/uploads\/2023\/05\/picadora-carne-accesorio-768x488.webp 768w, https:\/\/distribucionarc.com\/wp-content\/uploads\/2023\/05\/picadora-carne-accesorio-18x12.webp 18w, https:\/\/distribucionarc.com\/wp-content\/uploads\/2023\/05\/picadora-carne-accesorio-48x31.webp 48w, https:\/\/distribucionarc.com\/wp-content\/uploads\/2023\/05\/picadora-carne-accesorio.webp 914w\" sizes=\"auto, (max-width: 300px) 100vw, 300px\" \/><\/a> <a href=\"https:\/\/distribucionarc.com\/wp-content\/uploads\/2023\/05\/picadora-carne-profesional.webp\"><img loading=\"lazy\" decoding=\"async\" class=\"alignnone size-medium wp-image-5711\" src=\"https:\/\/distribucionarc.com\/wp-content\/uploads\/2023\/05\/picadora-carne-profesional-300x300.webp\" alt=\"\" width=\"300\" height=\"300\" srcset=\"https:\/\/distribucionarc.com\/wp-content\/uploads\/2023\/05\/picadora-carne-profesional-300x300.webp 300w, https:\/\/distribucionarc.com\/wp-content\/uploads\/2023\/05\/picadora-carne-profesional-430x430.webp 430w, https:\/\/distribucionarc.com\/wp-content\/uploads\/2023\/05\/picadora-carne-profesional-150x150.webp 150w, https:\/\/distribucionarc.com\/wp-content\/uploads\/2023\/05\/picadora-carne-profesional-700x700.webp 700w, https:\/\/distribucionarc.com\/wp-content\/uploads\/2023\/05\/picadora-carne-profesional-768x768.webp 768w, https:\/\/distribucionarc.com\/wp-content\/uploads\/2023\/05\/picadora-carne-profesional-12x12.webp 12w, https:\/\/distribucionarc.com\/wp-content\/uploads\/2023\/05\/picadora-carne-profesional-48x48.webp 48w, https:\/\/distribucionarc.com\/wp-content\/uploads\/2023\/05\/picadora-carne-profesional.webp 1000w\" sizes=\"auto, (max-width: 300px) 100vw, 300px\" \/><\/a><a href=\"https:\/\/distribucionarc.com\/wp-content\/uploads\/2023\/05\/picadora-control.jpg\"><img loading=\"lazy\" decoding=\"async\" class=\"alignnone size-medium wp-image-5712\" src=\"https:\/\/distribucionarc.com\/wp-content\/uploads\/2023\/05\/picadora-control-300x300.jpg\" alt=\"\" width=\"300\" height=\"300\" srcset=\"https:\/\/distribucionarc.com\/wp-content\/uploads\/2023\/05\/picadora-control-300x300.jpg 300w, https:\/\/distribucionarc.com\/wp-content\/uploads\/2023\/05\/picadora-control-430x430.jpg 430w, https:\/\/distribucionarc.com\/wp-content\/uploads\/2023\/05\/picadora-control-150x150.jpg 150w, https:\/\/distribucionarc.com\/wp-content\/uploads\/2023\/05\/picadora-control-700x700.jpg 700w, https:\/\/distribucionarc.com\/wp-content\/uploads\/2023\/05\/picadora-control-768x768.jpg 768w, https:\/\/distribucionarc.com\/wp-content\/uploads\/2023\/05\/picadora-control-12x12.jpg 12w, https:\/\/distribucionarc.com\/wp-content\/uploads\/2023\/05\/picadora-control-48x48.jpg 48w, https:\/\/distribucionarc.com\/wp-content\/uploads\/2023\/05\/picadora-control.jpg 1000w\" sizes=\"auto, (max-width: 300px) 100vw, 300px\" \/><\/a><\/p>\n<p>Specificatii tehnice <strong>AR00928<\/strong><\/p>\n<ul>\n<li>Latime: 670 mm<\/li>\n<li>Ad\u00e2ncime: 340 mm<\/li>\n<li>Inaltime: 545 mm<\/li>\n<li>Performan\u021b\u0103: 1,5 kW<\/li>\n<li>Tensiune: 230 vol\u021bi<\/li>\n<li>Frecventa: 50 Hz<\/li>\n<li>Agent frigorific: R290<\/li>\n<li>Tip dispozitiv: ma\u0219in\u0103 de tocat carne<\/li>\n<li>Capacitate: 400 kg\/h<\/li>\n<li>Rota\u021bii pe minut: 1400 rpm<\/li>\n<li>Volum: 0,10 m\u00b3<\/li>\n<li>Greutate 64 kg<\/li>\n<\/ul>\n<h3>Masina de tocat carne electrica 600 kg\/h<\/h3>\n<p>The <strong>ma\u0219in\u0103 de tocat carne electric\u0103<\/strong> Este o ma\u0219in\u0103 rezistent\u0103 \u0219i de \u00eenalt\u0103 calitate, din o\u021bel inoxidabil \u0219i cu o capacitate de 600 kg. Dispune de un recipient pentru carne cu r\u0103cire, protec\u021bie pentru m\u00e2ini pentru func\u021bionare \u00een siguran\u021b\u0103 \u0219i r\u0103cire integrat\u0103 pentru a reduce num\u0103rul de bacterii. Vine cu piston din plastic, lam\u0103 din o\u021bel inoxidabil \u0219i disc perforat de 4 mm. Se curata usor si se recomanda activarea racirii cu cel putin 30 de minute inainte de procesarea carnii. Puterea ma\u0219inii de tocat carne este de 2,2 kW iar dimensiunile sale exterioare sunt de 645 x 340 x 575 mm.<\/p>\n<p><a href=\"https:\/\/distribucionarc.com\/wp-content\/uploads\/2023\/05\/picadora-electrica-de-carne.jpg\"><img loading=\"lazy\" decoding=\"async\" class=\"alignnone size-medium wp-image-5713\" src=\"https:\/\/distribucionarc.com\/wp-content\/uploads\/2023\/05\/picadora-electrica-de-carne-300x300.jpg\" alt=\"\" width=\"300\" height=\"300\" srcset=\"https:\/\/distribucionarc.com\/wp-content\/uploads\/2023\/05\/picadora-electrica-de-carne-300x300.jpg 300w, https:\/\/distribucionarc.com\/wp-content\/uploads\/2023\/05\/picadora-electrica-de-carne-430x430.jpg 430w, https:\/\/distribucionarc.com\/wp-content\/uploads\/2023\/05\/picadora-electrica-de-carne-150x150.jpg 150w, https:\/\/distribucionarc.com\/wp-content\/uploads\/2023\/05\/picadora-electrica-de-carne-700x700.jpg 700w, https:\/\/distribucionarc.com\/wp-content\/uploads\/2023\/05\/picadora-electrica-de-carne-768x768.jpg 768w, https:\/\/distribucionarc.com\/wp-content\/uploads\/2023\/05\/picadora-electrica-de-carne-12x12.jpg 12w, https:\/\/distribucionarc.com\/wp-content\/uploads\/2023\/05\/picadora-electrica-de-carne-48x48.jpg 48w, https:\/\/distribucionarc.com\/wp-content\/uploads\/2023\/05\/picadora-electrica-de-carne.jpg 1000w\" sizes=\"auto, (max-width: 300px) 100vw, 300px\" \/><\/a><a href=\"https:\/\/distribucionarc.com\/wp-content\/uploads\/2023\/05\/picadora-electrica-interior.webp\"><img loading=\"lazy\" decoding=\"async\" class=\"alignnone size-medium wp-image-5714\" src=\"https:\/\/distribucionarc.com\/wp-content\/uploads\/2023\/05\/picadora-electrica-interior-300x300.webp\" alt=\"\" width=\"300\" height=\"300\" srcset=\"https:\/\/distribucionarc.com\/wp-content\/uploads\/2023\/05\/picadora-electrica-interior-300x300.webp 300w, https:\/\/distribucionarc.com\/wp-content\/uploads\/2023\/05\/picadora-electrica-interior-430x430.webp 430w, https:\/\/distribucionarc.com\/wp-content\/uploads\/2023\/05\/picadora-electrica-interior-150x150.webp 150w, https:\/\/distribucionarc.com\/wp-content\/uploads\/2023\/05\/picadora-electrica-interior-700x700.webp 700w, https:\/\/distribucionarc.com\/wp-content\/uploads\/2023\/05\/picadora-electrica-interior-768x768.webp 768w, https:\/\/distribucionarc.com\/wp-content\/uploads\/2023\/05\/picadora-electrica-interior-12x12.webp 12w, https:\/\/distribucionarc.com\/wp-content\/uploads\/2023\/05\/picadora-electrica-interior-48x48.webp 48w, https:\/\/distribucionarc.com\/wp-content\/uploads\/2023\/05\/picadora-electrica-interior.webp 1000w\" sizes=\"auto, (max-width: 300px) 100vw, 300px\" \/><\/a><a href=\"https:\/\/distribucionarc.com\/wp-content\/uploads\/2023\/05\/picadora-de-carne-vista.webp\"><img loading=\"lazy\" decoding=\"async\" class=\"alignnone size-medium wp-image-5715\" src=\"https:\/\/distribucionarc.com\/wp-content\/uploads\/2023\/05\/picadora-de-carne-vista-184x300.webp\" alt=\"\" width=\"184\" height=\"300\" srcset=\"https:\/\/distribucionarc.com\/wp-content\/uploads\/2023\/05\/picadora-de-carne-vista-184x300.webp 184w, https:\/\/distribucionarc.com\/wp-content\/uploads\/2023\/05\/picadora-de-carne-vista-430x700.webp 430w, https:\/\/distribucionarc.com\/wp-content\/uploads\/2023\/05\/picadora-de-carne-vista-150x244.webp 150w, https:\/\/distribucionarc.com\/wp-content\/uploads\/2023\/05\/picadora-de-carne-vista-600x977.webp 600w, https:\/\/distribucionarc.com\/wp-content\/uploads\/2023\/05\/picadora-de-carne-vista-7x12.webp 7w, https:\/\/distribucionarc.com\/wp-content\/uploads\/2023\/05\/picadora-de-carne-vista-48x78.webp 48w, https:\/\/distribucionarc.com\/wp-content\/uploads\/2023\/05\/picadora-de-carne-vista.webp 614w\" sizes=\"auto, (max-width: 184px) 100vw, 184px\" \/><\/a><\/p>\n<p>Specificatii tehnice <strong>AR00929<\/strong><\/p>\n<ul>\n<li>Latime: 645 mm<\/li>\n<li>Ad\u00e2ncime: 340 mm<\/li>\n<li>Inaltime: 575 mm<\/li>\n<li>Tip dispozitiv: ma\u0219in\u0103 de tocat carne<\/li>\n<li>Capacitate: 600 kg\/h<\/li>\n<li>Rota\u021bii pe minut: 1400 rpm<\/li>\n<li>Volum: 0,12 m\u00b3<\/li>\n<li>Putere: 2200 wa\u021bi<\/li>\n<li>Tensiune: 230V<\/li>\n<li>Frecventa: 50 Hz<\/li>\n<li>Greutate 67 kg<\/li>\n<\/ul>\n<p>&nbsp;<\/p>","protected":false},"excerpt":{"rendered":"<p>The <strong>ma\u0219ini de tocat carne<\/strong> Sunt ma\u0219ini concepute pentru a m\u0103cina \u0219i toca carnea. Aceste ma\u0219ini sunt utilizate \u00een mod obi\u0219nuit \u00een industria alimentar\u0103 \u0219i de prelucrare a c\u0103rnii pentru a preg\u0103ti diferite tipuri de carne m\u0103cinat\u0103. Ele vin \u00eentr-o varietate de dimensiuni \u0219i capacit\u0103\u021bi pentru a se potrivi nevoilor de produc\u021bie \u0219i pot fi echipate cu diferite tipuri de lame \u0219i pl\u0103ci de t\u0103iere pentru a ob\u021bine diferite texturi de carne de vit\u0103 m\u0103cinat\u0103. Ma\u0219inile de tocat carne pot fi proiectate \u0219i pentru a procesa alte tipuri de alimente, cum ar fi fructele \u0219i legumele, pentru a crea piureuri \u0219i sosuri.<\/p>","protected":false},"featured_media":5709,"comment_status":"open","ping_status":"closed","template":"","meta":{"wds_primary_product_brand":0,"wds_primary_product_cat":0},"product_brand":[],"product_cat":[120],"product_tag":[],"class_list":{"0":"post-5705","1":"product","2":"type-product","3":"status-publish","4":"has-post-thumbnail","6":"product_cat-picadoras-carne","7":"product_shipping_class-express","9":"first","10":"instock","11":"taxable","12":"shipping-taxable","13":"purchasable","14":"product-type-simple"},"yoast_head":"<!-- This site is optimized with the Yoast SEO Premium plugin v24.9 (Yoast SEO v26.1) - https:\/\/yoast.com\/wordpress\/plugins\/seo\/ -->\n<title>Picadora profesional de carne fresca de alta calidad - distribuci\u00f3n ARC<\/title>\n<meta name=\"robots\" content=\"index, follow, max-snippet:-1, max-image-preview:large, max-video-preview:-1\" \/>\n<link rel=\"canonical\" href=\"https:\/\/distribucionarc.com\/ro\/produs\/masina-de-tocat-carne-profesionala-proaspata-de-inalta-calitate\/\" \/>\n<meta property=\"og:locale\" content=\"ro_RO\" \/>\n<meta property=\"og:type\" content=\"article\" \/>\n<meta property=\"og:title\" content=\"Picadora profesional de carne fresca de alta calidad\" \/>\n<meta property=\"og:description\" content=\"Las picadoras de carne son m\u00e1quinas dise\u00f1adas para moler y triturar carne. Estas m\u00e1quinas se utilizan com\u00fanmente en la industria alimentaria y de procesamiento de carne para preparar diferentes tipos de carne molida. Vienen en una variedad de tama\u00f1os y capacidades para adaptarse a las necesidades de producci\u00f3n, y pueden estar equipadas con diferentes tipos de cuchillas y platos de corte para lograr diferentes texturas de carne molida. Las picadoras de carne tambi\u00e9n pueden estar dise\u00f1adas para procesar otros tipos de alimentos, como frutas y verduras, para crear pur\u00e9s y salsas.\" \/>\n<meta property=\"og:url\" content=\"https:\/\/distribucionarc.com\/ro\/produs\/masina-de-tocat-carne-profesionala-proaspata-de-inalta-calitate\/\" \/>\n<meta property=\"og:site_name\" content=\"distribuci\u00f3n ARC\" \/>\n<meta property=\"article:modified_time\" content=\"2024-10-05T03:48:21+00:00\" \/>\n<meta property=\"og:image\" content=\"https:\/\/distribucionarc.com\/wp-content\/uploads\/2023\/05\/picadora-profesional.webp\" \/>\n\t<meta property=\"og:image:width\" content=\"652\" \/>\n\t<meta property=\"og:image:height\" content=\"1000\" \/>\n\t<meta property=\"og:image:type\" content=\"image\/webp\" \/>\n<meta name=\"twitter:card\" content=\"summary_large_image\" \/>\n<meta name=\"twitter:label1\" content=\"Timp estimat pentru citire\" \/>\n\t<meta name=\"twitter:data1\" content=\"4 minute\" \/>\n<script type=\"application\/ld+json\" class=\"yoast-schema-graph\">{\"@context\":\"https:\/\/schema.org\",\"@graph\":[{\"@type\":\"WebPage\",\"@id\":\"https:\/\/distribucionarc.com\/ar\/producto\/picadora-profesional-de-carne-fresca-de-alta-calidad\/\",\"url\":\"https:\/\/distribucionarc.com\/ar\/producto\/picadora-profesional-de-carne-fresca-de-alta-calidad\/\",\"name\":\"Picadora profesional de carne fresca de alta calidad - distribuci\u00f3n ARC\",\"isPartOf\":{\"@id\":\"https:\/\/www.distribucionarc.com\/sl\/#website\"},\"primaryImageOfPage\":{\"@id\":\"https:\/\/distribucionarc.com\/ar\/producto\/picadora-profesional-de-carne-fresca-de-alta-calidad\/#primaryimage\"},\"image\":{\"@id\":\"https:\/\/distribucionarc.com\/ar\/producto\/picadora-profesional-de-carne-fresca-de-alta-calidad\/#primaryimage\"},\"thumbnailUrl\":\"https:\/\/distribucionarc.com\/wp-content\/uploads\/2023\/05\/picadora-profesional.webp\",\"datePublished\":\"2023-05-11T15:04:22+00:00\",\"dateModified\":\"2024-10-05T03:48:21+00:00\",\"breadcrumb\":{\"@id\":\"https:\/\/distribucionarc.com\/ar\/producto\/picadora-profesional-de-carne-fresca-de-alta-calidad\/#breadcrumb\"},\"inLanguage\":\"ro-RO\",\"potentialAction\":[{\"@type\":\"ReadAction\",\"target\":[\"https:\/\/distribucionarc.com\/ar\/producto\/picadora-profesional-de-carne-fresca-de-alta-calidad\/\"]}]},{\"@type\":\"ImageObject\",\"inLanguage\":\"ro-RO\",\"@id\":\"https:\/\/distribucionarc.com\/ar\/producto\/picadora-profesional-de-carne-fresca-de-alta-calidad\/#primaryimage\",\"url\":\"https:\/\/distribucionarc.com\/wp-content\/uploads\/2023\/05\/picadora-profesional.webp\",\"contentUrl\":\"https:\/\/distribucionarc.com\/wp-content\/uploads\/2023\/05\/picadora-profesional.webp\",\"width\":652,\"height\":1000},{\"@type\":\"BreadcrumbList\",\"@id\":\"https:\/\/distribucionarc.com\/ar\/producto\/picadora-profesional-de-carne-fresca-de-alta-calidad\/#breadcrumb\",\"itemListElement\":[{\"@type\":\"ListItem\",\"position\":1,\"name\":\"Portada\",\"item\":\"https:\/\/www.distribucionarc.com\/\"},{\"@type\":\"ListItem\",\"position\":2,\"name\":\"\u00dcr\u00fcnler\",\"item\":\"https:\/\/www.distribucionarc.com\/tr\/magaza\/\"},{\"@type\":\"ListItem\",\"position\":3,\"name\":\"Picadora profesional de carne fresca de alta calidad\"}]},{\"@type\":\"WebSite\",\"@id\":\"https:\/\/www.distribucionarc.com\/sl\/#website\",\"url\":\"https:\/\/www.distribucionarc.com\/sl\/\",\"name\":\"distribuci\u00f3n ARC\",\"description\":\"Empresa especializada en la fabricaci\u00f3n y distribuci\u00f3n de maquinaria industrial, selladoras de latas, Maquinas de hacer pastillas, Maquinas de cortar carne...\",\"publisher\":{\"@id\":\"https:\/\/www.distribucionarc.com\/sl\/#organization\"},\"potentialAction\":[{\"@type\":\"SearchAction\",\"target\":{\"@type\":\"EntryPoint\",\"urlTemplate\":\"https:\/\/www.distribucionarc.com\/sl\/?s={search_term_string}\"},\"query-input\":{\"@type\":\"PropertyValueSpecification\",\"valueRequired\":true,\"valueName\":\"search_term_string\"}}],\"inLanguage\":\"ro-RO\"},{\"@type\":\"Organization\",\"@id\":\"https:\/\/www.distribucionarc.com\/sl\/#organization\",\"name\":\"Distribuci\u00f3n ARC\",\"url\":\"https:\/\/www.distribucionarc.com\/sl\/\",\"logo\":{\"@type\":\"ImageObject\",\"inLanguage\":\"ro-RO\",\"@id\":\"https:\/\/www.distribucionarc.com\/sl\/#\/schema\/logo\/image\/\",\"url\":\"https:\/\/distribucionarc.com\/wp-content\/uploads\/2024\/10\/distribucion-ARC-COLOR-SIN-FONDO-e1732295305345.png\",\"contentUrl\":\"https:\/\/distribucionarc.com\/wp-content\/uploads\/2024\/10\/distribucion-ARC-COLOR-SIN-FONDO-e1732295305345.png\",\"width\":1164,\"height\":558,\"caption\":\"Distribuci\u00f3n ARC\"},\"image\":{\"@id\":\"https:\/\/www.distribucionarc.com\/sl\/#\/schema\/logo\/image\/\"},\"description\":\"Empresa especializada en la fabricaci\u00f3n y distribuci\u00f3n de maquinaria industrial para los sectores alimentario y farmac\u00e9utico. Nos especializamos en: M\u00e1quinas de cortar carne Fabricaci\u00f3n de comprimidos Sistemas de transporte industrial L\u00edneas de embotellado Dosificadores Y mucho m\u00e1s... Ofrecemos soluciones innovadoras y personalizadas para optimizar los procesos productivos de tu empresa.\",\"email\":\"Admistracion@distribucionarc.com\",\"telephone\":\"+34 643496664\",\"legalName\":\"ARC TECH SOLUTIONS\",\"foundingDate\":\"2024-04-09\",\"vatID\":\"B55480172\",\"numberOfEmployees\":{\"@type\":\"QuantitativeValue\",\"minValue\":\"1\",\"maxValue\":\"10\"}}]}<\/script>\n<!-- \/ Yoast SEO Premium plugin. -->","yoast_head_json":{"title":"Ma\u0219in\u0103 de tocat carne proasp\u0103t\u0103 profesional\u0103 de \u00eenalt\u0103 calitate - distribu\u021bie ARC","robots":{"index":"index","follow":"follow","max-snippet":"max-snippet:-1","max-image-preview":"max-image-preview:large","max-video-preview":"max-video-preview:-1"},"canonical":"https:\/\/distribucionarc.com\/ro\/produs\/masina-de-tocat-carne-profesionala-proaspata-de-inalta-calitate\/","og_locale":"ro_RO","og_type":"article","og_title":"Picadora profesional de carne fresca de alta calidad","og_description":"Las picadoras de carne son m\u00e1quinas dise\u00f1adas para moler y triturar carne. Estas m\u00e1quinas se utilizan com\u00fanmente en la industria alimentaria y de procesamiento de carne para preparar diferentes tipos de carne molida. Vienen en una variedad de tama\u00f1os y capacidades para adaptarse a las necesidades de producci\u00f3n, y pueden estar equipadas con diferentes tipos de cuchillas y platos de corte para lograr diferentes texturas de carne molida. Las picadoras de carne tambi\u00e9n pueden estar dise\u00f1adas para procesar otros tipos de alimentos, como frutas y verduras, para crear pur\u00e9s y salsas.","og_url":"https:\/\/distribucionarc.com\/ro\/produs\/masina-de-tocat-carne-profesionala-proaspata-de-inalta-calitate\/","og_site_name":"distribuci\u00f3n ARC","article_modified_time":"2024-10-05T03:48:21+00:00","og_image":[{"width":652,"height":1000,"url":"https:\/\/distribucionarc.com\/wp-content\/uploads\/2023\/05\/picadora-profesional.webp","type":"image\/webp"}],"twitter_card":"summary_large_image","twitter_misc":{"Timp estimat pentru citire":"4 minute"},"schema":{"@context":"https:\/\/schema.org","@graph":[{"@type":"WebPage","@id":"https:\/\/distribucionarc.com\/ar\/producto\/picadora-profesional-de-carne-fresca-de-alta-calidad\/","url":"https:\/\/distribucionarc.com\/ar\/producto\/picadora-profesional-de-carne-fresca-de-alta-calidad\/","name":"Ma\u0219in\u0103 de tocat carne proasp\u0103t\u0103 profesional\u0103 de \u00eenalt\u0103 calitate - distribu\u021bie ARC","isPartOf":{"@id":"https:\/\/www.distribucionarc.com\/sl\/#website"},"primaryImageOfPage":{"@id":"https:\/\/distribucionarc.com\/ar\/producto\/picadora-profesional-de-carne-fresca-de-alta-calidad\/#primaryimage"},"image":{"@id":"https:\/\/distribucionarc.com\/ar\/producto\/picadora-profesional-de-carne-fresca-de-alta-calidad\/#primaryimage"},"thumbnailUrl":"https:\/\/distribucionarc.com\/wp-content\/uploads\/2023\/05\/picadora-profesional.webp","datePublished":"2023-05-11T15:04:22+00:00","dateModified":"2024-10-05T03:48:21+00:00","breadcrumb":{"@id":"https:\/\/distribucionarc.com\/ar\/producto\/picadora-profesional-de-carne-fresca-de-alta-calidad\/#breadcrumb"},"inLanguage":"ro-RO","potentialAction":[{"@type":"ReadAction","target":["https:\/\/distribucionarc.com\/ar\/producto\/picadora-profesional-de-carne-fresca-de-alta-calidad\/"]}]},{"@type":"ImageObject","inLanguage":"ro-RO","@id":"https:\/\/distribucionarc.com\/ar\/producto\/picadora-profesional-de-carne-fresca-de-alta-calidad\/#primaryimage","url":"https:\/\/distribucionarc.com\/wp-content\/uploads\/2023\/05\/picadora-profesional.webp","contentUrl":"https:\/\/distribucionarc.com\/wp-content\/uploads\/2023\/05\/picadora-profesional.webp","width":652,"height":1000},{"@type":"BreadcrumbList","@id":"https:\/\/distribucionarc.com\/ar\/producto\/picadora-profesional-de-carne-fresca-de-alta-calidad\/#breadcrumb","itemListElement":[{"@type":"ListItem","position":1,"name":"Portada","item":"https:\/\/www.distribucionarc.com\/"},{"@type":"ListItem","position":2,"name":"\u00dcr\u00fcnler","item":"https:\/\/www.distribucionarc.com\/tr\/magaza\/"},{"@type":"ListItem","position":3,"name":"Picadora profesional de carne fresca de alta calidad"}]},{"@type":"WebSite","@id":"https:\/\/www.distribucionarc.com\/sl\/#website","url":"https:\/\/www.distribucionarc.com\/sl\/","name":"Distribu\u021bie ARC","description":"Companie specializat\u0103 \u00een fabricarea \u0219i distribu\u021bia de utilaje industriale, ma\u0219ini de sigilat cutii, ma\u0219ini de fabricat tablete, ma\u0219ini de t\u0103iat carne...","publisher":{"@id":"https:\/\/www.distribucionarc.com\/sl\/#organization"},"potentialAction":[{"@type":"SearchAction","target":{"@type":"EntryPoint","urlTemplate":"https:\/\/www.distribucionarc.com\/sl\/?s={search_term_string}"},"query-input":{"@type":"PropertyValueSpecification","valueRequired":true,"valueName":"search_term_string"}}],"inLanguage":"ro-RO"},{"@type":"Organization","@id":"https:\/\/www.distribucionarc.com\/sl\/#organization","name":"Distribu\u021bie ARC","url":"https:\/\/www.distribucionarc.com\/sl\/","logo":{"@type":"ImageObject","inLanguage":"ro-RO","@id":"https:\/\/www.distribucionarc.com\/sl\/#\/schema\/logo\/image\/","url":"https:\/\/distribucionarc.com\/wp-content\/uploads\/2024\/10\/distribucion-ARC-COLOR-SIN-FONDO-e1732295305345.png","contentUrl":"https:\/\/distribucionarc.com\/wp-content\/uploads\/2024\/10\/distribucion-ARC-COLOR-SIN-FONDO-e1732295305345.png","width":1164,"height":558,"caption":"Distribuci\u00f3n ARC"},"image":{"@id":"https:\/\/www.distribucionarc.com\/sl\/#\/schema\/logo\/image\/"},"description":"Companie specializat\u0103 \u00een fabricarea \u0219i distribu\u021bia de utilaje industriale pentru sectoarele alimentar \u0219i farmaceutic. Suntem specializa\u021bi \u00een: Ma\u0219ini de t\u0103iat carne Fabricarea tabletelor Sisteme de transport industrial Linii de \u00eembuteliere Distribuitoare \u0218i multe altele... Oferim solu\u021bii inovatoare \u0219i personalizate pentru a optimiza procesele de produc\u021bie ale companiei dumneavoastr\u0103.","email":"Admistracion@distribucionarc.com","telephone":"+34 643496664","legalName":"ARC TECH SOLUTIONS","foundingDate":"2024-04-09","vatID":"B55480172","numberOfEmployees":{"@type":"QuantitativeValue","minValue":"1","maxValue":"10"}}]}},"_links":{"self":[{"href":"https:\/\/distribucionarc.com\/ro\/wp-json\/wp\/v2\/product\/5705","targetHints":{"allow":["GET"]}}],"collection":[{"href":"https:\/\/distribucionarc.com\/ro\/wp-json\/wp\/v2\/product"}],"about":[{"href":"https:\/\/distribucionarc.com\/ro\/wp-json\/wp\/v2\/types\/product"}],"replies":[{"embeddable":true,"href":"https:\/\/distribucionarc.com\/ro\/wp-json\/wp\/v2\/comments?post=5705"}],"version-history":[{"count":0,"href":"https:\/\/distribucionarc.com\/ro\/wp-json\/wp\/v2\/product\/5705\/revisions"}],"wp:featuredmedia":[{"embeddable":true,"href":"https:\/\/distribucionarc.com\/ro\/wp-json\/wp\/v2\/media\/5709"}],"wp:attachment":[{"href":"https:\/\/distribucionarc.com\/ro\/wp-json\/wp\/v2\/media?parent=5705"}],"wp:term":[{"taxonomy":"product_brand","embeddable":true,"href":"https:\/\/distribucionarc.com\/ro\/wp-json\/wp\/v2\/product_brand?post=5705"},{"taxonomy":"product_cat","embeddable":true,"href":"https:\/\/distribucionarc.com\/ro\/wp-json\/wp\/v2\/product_cat?post=5705"},{"taxonomy":"product_tag","embeddable":true,"href":"https:\/\/distribucionarc.com\/ro\/wp-json\/wp\/v2\/product_tag?post=5705"}],"curies":[{"name":"wp","href":"https:\/\/api.w.org\/{rel}","templated":true}]}}