{"id":5787,"date":"2023-05-14T11:31:10","date_gmt":"2023-05-14T11:31:10","guid":{"rendered":"https:\/\/distribucionarc.com\/?post_type=product&#038;p=5787"},"modified":"2024-10-05T03:02:53","modified_gmt":"2024-10-05T03:02:53","slug":"masina-de-taiat-cotlete-carne-cu-oase","status":"publish","type":"product","link":"https:\/\/distribucionarc.com\/ro\/producto\/maquina-cortadora-chuletas-de-carne-con-hueso\/","title":{"rendered":"ma\u0219in\u0103 de t\u0103iat carne cu os"},"content":{"rendered":"<h2>Ma\u0219in\u0103 de t\u0103iat cotlet de miel<\/h2>\n<p><a href=\"https:\/\/distribucionarc.com\/wp-content\/uploads\/2023\/05\/maquina-para-cortar-carne-en-filetes.webp\"><img loading=\"lazy\" decoding=\"async\" src=\"https:\/\/distribucionarc.com\/wp-content\/uploads\/2023\/05\/maquina-para-cortar-carne-en-filetes-300x300.webp\" alt=\"\" width=\"300\" height=\"300\" \/><\/a><br \/>\nCu\u021bitorul de file cu os JARY-25K este o ma\u0219in\u0103 folosit\u0103 pentru t\u0103iat <strong>carne congelata<\/strong>, <strong>coaste<\/strong>, <strong>sl\u0103nin\u0103<\/strong>, <strong>c\u00e2rna\u021bi<\/strong>, <strong>miel<\/strong>, etc., feliate. Are ajustare digital\u0103 precis\u0103 a grosimii de t\u0103iere \u0219i \u00eendepline\u0219te cerin\u021bele utilizatorilor pentru t\u0103ieturi mici. Este realizat din materiale din o\u021bel inoxidabil \u0219i are componente de \u00eenalt\u0103 calitate, cum ar fi motorul de t\u0103iere, reductor, servomotor \u0219i t\u0103ietor. Lama special\u0103 importat\u0103 din Germania este ascu\u021bit\u0103 \u0219i durabil\u0103, special conceput\u0103 pentru t\u0103ierea nervurilor \u0219i pentru a rezista timpilor lungi de lucru f\u0103r\u0103 a fi deteriorat\u0103. Aparatul ofer\u0103, de asemenea, func\u021bii de sincronizare fiabile \u0219i m\u0103suri de siguran\u021b\u0103.<br \/>\n<a href=\"https:\/\/distribucionarc.com\/wp-content\/uploads\/2023\/05\/maquina-para-cortar-chuletas-de-cordero.webp\"><img loading=\"lazy\" decoding=\"async\" src=\"https:\/\/distribucionarc.com\/wp-content\/uploads\/2023\/05\/maquina-para-cortar-chuletas-de-cordero-300x300.webp\" alt=\"\" width=\"300\" height=\"300\" \/><\/a><a href=\"https:\/\/distribucionarc.com\/wp-content\/uploads\/2023\/05\/maquina-para-cortar-chuletas-de-cordero-linea.jpg\"><img loading=\"lazy\" decoding=\"async\" src=\"https:\/\/distribucionarc.com\/wp-content\/uploads\/2023\/05\/maquina-para-cortar-chuletas-de-cordero-linea-300x156.jpg\" alt=\"\" width=\"300\" height=\"156\" \/><\/a><a href=\"https:\/\/distribucionarc.com\/wp-content\/uploads\/2023\/05\/cortadora-de-carne-peneles-de-contrrol.webp\"><img loading=\"lazy\" decoding=\"async\" src=\"https:\/\/distribucionarc.com\/wp-content\/uploads\/2023\/05\/cortadora-de-carne-peneles-de-contrrol-163x300.webp\" alt=\"\" width=\"163\" height=\"300\" \/><\/a><br \/>\nSpecificatii tehnice:<\/p>\n<table role=\"presentation\" width=\"100%\" cellspacing=\"0\" cellpadding=\"0\">\n<tbody>\n<tr>\n<td>Putere:<\/td>\n<td width=\"50.0%\">4,84 kW<\/td>\n<\/tr>\n<tr>\n<td>Voltaj:<\/td>\n<td width=\"50.0%\">380\/220v<\/td>\n<td>Greutate:<\/td>\n<td width=\"50.0%\">500 kg<\/td>\n<\/tr>\n<tr>\n<td>\u00cen\u0103l\u021bimea de alimentare:<\/td>\n<td width=\"50.0%\">180 mm<\/td>\n<td>\u00cen\u0103l\u0163ime:<\/td>\n<td width=\"50.0%\">1850 mm<\/td>\n<\/tr>\n<tr>\n<td>Temperatura cea mai sc\u0103zut\u0103 pentru t\u0103ierea c\u0103rnii:<\/td>\n<td width=\"50.0%\">-4\u2103<\/td>\n<td>Lung:<\/td>\n<td width=\"50.0%\">950 mm<\/td>\n<\/tr>\n<tr>\n<td>Func\u021bia de parti\u021bie:<\/td>\n<td width=\"50.0%\">Num\u0103rul fiec\u0103rei piese este setat digital<\/td>\n<td>Larg:<\/td>\n<td width=\"50.0%\">\u00a01480 mm<\/td>\n<\/tr>\n<tr>\n<td>Numar producator:<\/td>\n<td width=\"50.0%\">ARCMHE100<\/td>\n<td>Viteza de lucru:<\/td>\n<td width=\"50.0%\">\u00a0200 kg pe min<\/td>\n<\/tr>\n<tr>\n<td>Materiale de \u00eenalt\u0103 calitate:<\/td>\n<td width=\"50.0%\">\u00a0Motor<br \/>\npanou PLC<br \/>\nLame fabricate in Germania<br \/>\n,<\/td>\n<td>Grosimea feliei:<\/td>\n<td width=\"50.0%\">Joc de 1-32 mm prin digital<\/td>\n<\/tr>\n<tr>\n<td>Lungimea de t\u0103iere a c\u0103rnii:<\/td>\n<td width=\"50.0%\">Aproximativ. 600 mm<\/td>\n<td>Depozitare:<\/td>\n<td width=\"50.0%\">30 kg<\/td>\n<\/tr>\n<tr>\n<td>Grosimea feliei:<\/td>\n<td width=\"50.0%\">Joc de 1-32 mm prin digital<\/td>\n<td>Garantie:<\/td>\n<td width=\"50.0%\">2 ANI<\/td>\n<\/tr>\n<\/tbody>\n<\/table>\n<div style=\"width: 720px;\" class=\"wp-video\"><video class=\"wp-video-shortcode\" id=\"video-5787-1\" width=\"720\" height=\"1280\" preload=\"metadata\" controls=\"controls\"><source type=\"video\/mp4\" src=\"https:\/\/distribucionarc.com\/wp-content\/uploads\/2023\/05\/69A34BEB-597A-45CE-89B9-E55AC367D4C7_L0_001.mp4?_=1\" \/><a href=\"https:\/\/distribucionarc.com\/wp-content\/uploads\/2023\/05\/69A34BEB-597A-45CE-89B9-E55AC367D4C7_L0_001.mp4\">https:\/\/distribucionarc.com\/wp-content\/uploads\/2023\/05\/69A34BEB-597A-45CE-89B9-E55AC367D4C7_L0_001.mp4<\/a><\/video><\/div>\n<p>&nbsp;<\/p>\n<p>Materiale de constructie:<\/p>\n<ul>\n<li>Motorreductor marca german\u0103 NORD.<\/li>\n<li>Ecran tactil Inovance.<\/li>\n<li>plc, servomotor<\/li>\n<li>Contactor releu Schneider omron<\/li>\n<li>\u00centreruptoare Siemens<\/li>\n<li>Cureaua de distribu\u021bie japonez\u0103<\/li>\n<li>Rulmenti NSK<\/li>\n<\/ul>\n<h3>Solicita\u021bi mai multe informa\u021bii<\/h3>\n<p>\u00cen\u00a0<b>Distribu\u021bie ARC<\/b>\u00a0V\u0103 sf\u0103tuim cu privire la optimizarea fabricii sau crearea unei noi industrii<\/p>","protected":false},"excerpt":{"rendered":"<p>Ma\u0219in\u0103 de t\u0103iat cotlete de miel. Feliatorul de friptur\u0103 cu os JARY-25K este o ma\u0219in\u0103 utilizat\u0103 pentru<\/p>","protected":false},"featured_media":5790,"comment_status":"open","ping_status":"closed","template":"","meta":{"wds_primary_product_brand":0,"wds_primary_product_cat":0},"product_brand":[],"product_cat":[121,116,117],"product_tag":[],"class_list":{"0":"post-5787","1":"product","2":"type-product","3":"status-publish","4":"has-post-thumbnail","6":"product_cat-carne-y-hueso","7":"product_cat-coartadoras-de-carne","8":"product_cat-filetes","9":"product_shipping_class-express","11":"first","12":"instock","13":"taxable","14":"shipping-taxable","15":"purchasable","16":"product-type-simple"},"yoast_head":"<!-- This site is optimized with the Yoast SEO Premium plugin v24.9 (Yoast SEO v26.1) - https:\/\/yoast.com\/wordpress\/plugins\/seo\/ -->\n<title>maquina cortadora chuletas de carne con hueso - distribuci\u00f3n ARC<\/title>\n<meta name=\"robots\" content=\"index, follow, max-snippet:-1, max-image-preview:large, max-video-preview:-1\" \/>\n<link rel=\"canonical\" href=\"https:\/\/www.distribucionarc.com\/it\/producto\/maquina-cortadora-chuletas-de-carne-con-hueso\/\" \/>\n<meta property=\"og:locale\" content=\"ro_RO\" \/>\n<meta property=\"og:type\" content=\"article\" \/>\n<meta property=\"og:title\" content=\"maquina cortadora chuletas de carne con hueso\" \/>\n<meta property=\"og:description\" content=\"Maquina para cortar chuletas de cordero La cortadora de filetes con hueso JARY-25K es una maquina que se utiliza para\" \/>\n<meta property=\"og:url\" content=\"https:\/\/www.distribucionarc.com\/it\/producto\/maquina-cortadora-chuletas-de-carne-con-hueso\/\" \/>\n<meta property=\"og:site_name\" content=\"distribuci\u00f3n ARC\" \/>\n<meta property=\"article:modified_time\" content=\"2024-10-05T03:02:53+00:00\" \/>\n<meta property=\"og:image\" content=\"https:\/\/www.distribucionarc.com\/wp-content\/uploads\/2023\/05\/cortadora-fileteadora-de3-crane-iagem-producto.webp\" \/>\n\t<meta property=\"og:image:width\" content=\"743\" \/>\n\t<meta property=\"og:image:height\" content=\"775\" \/>\n\t<meta property=\"og:image:type\" content=\"image\/webp\" \/>\n<meta name=\"twitter:card\" content=\"summary_large_image\" \/>\n<meta name=\"twitter:label1\" content=\"Timp estimat pentru citire\" \/>\n\t<meta name=\"twitter:data1\" content=\"3 minute\" \/>\n<script type=\"application\/ld+json\" class=\"yoast-schema-graph\">{\"@context\":\"https:\/\/schema.org\",\"@graph\":[{\"@type\":\"WebPage\",\"@id\":\"https:\/\/www.distribucionarc.com\/it\/producto\/maquina-cortadora-chuletas-de-carne-con-hueso\/\",\"url\":\"https:\/\/www.distribucionarc.com\/it\/producto\/maquina-cortadora-chuletas-de-carne-con-hueso\/\",\"name\":\"maquina cortadora chuletas de carne con hueso - distribuci\u00f3n ARC\",\"isPartOf\":{\"@id\":\"https:\/\/distribucionarc.com\/de\/#website\"},\"primaryImageOfPage\":{\"@id\":\"https:\/\/www.distribucionarc.com\/it\/producto\/maquina-cortadora-chuletas-de-carne-con-hueso\/#primaryimage\"},\"image\":{\"@id\":\"https:\/\/www.distribucionarc.com\/it\/producto\/maquina-cortadora-chuletas-de-carne-con-hueso\/#primaryimage\"},\"thumbnailUrl\":\"https:\/\/distribucionarc.com\/wp-content\/uploads\/2023\/05\/cortadora-fileteadora-de3-crane-iagem-producto.webp\",\"datePublished\":\"2023-05-14T11:31:10+00:00\",\"dateModified\":\"2024-10-05T03:02:53+00:00\",\"breadcrumb\":{\"@id\":\"https:\/\/www.distribucionarc.com\/it\/producto\/maquina-cortadora-chuletas-de-carne-con-hueso\/#breadcrumb\"},\"inLanguage\":\"ro-RO\",\"potentialAction\":[{\"@type\":\"ReadAction\",\"target\":[\"https:\/\/www.distribucionarc.com\/it\/producto\/maquina-cortadora-chuletas-de-carne-con-hueso\/\"]}]},{\"@type\":\"ImageObject\",\"inLanguage\":\"ro-RO\",\"@id\":\"https:\/\/www.distribucionarc.com\/it\/producto\/maquina-cortadora-chuletas-de-carne-con-hueso\/#primaryimage\",\"url\":\"https:\/\/distribucionarc.com\/wp-content\/uploads\/2023\/05\/cortadora-fileteadora-de3-crane-iagem-producto.webp\",\"contentUrl\":\"https:\/\/distribucionarc.com\/wp-content\/uploads\/2023\/05\/cortadora-fileteadora-de3-crane-iagem-producto.webp\",\"width\":743,\"height\":775},{\"@type\":\"BreadcrumbList\",\"@id\":\"https:\/\/www.distribucionarc.com\/it\/producto\/maquina-cortadora-chuletas-de-carne-con-hueso\/#breadcrumb\",\"itemListElement\":[{\"@type\":\"ListItem\",\"position\":1,\"name\":\"Portada\",\"item\":\"https:\/\/distribucionarc.com\/pl\/\"},{\"@type\":\"ListItem\",\"position\":2,\"name\":\"Produkty\",\"item\":\"https:\/\/distribucionarc.com\/pl\/shop\/\"},{\"@type\":\"ListItem\",\"position\":3,\"name\":\"maquina cortadora chuletas de carne con hueso\"}]},{\"@type\":\"WebSite\",\"@id\":\"https:\/\/distribucionarc.com\/de\/#website\",\"url\":\"https:\/\/distribucionarc.com\/de\/\",\"name\":\"distribuci\u00f3n ARC\",\"description\":\"Empresa especializada en la fabricaci\u00f3n y distribuci\u00f3n de maquinaria industrial, selladoras de latas, Maquinas de hacer pastillas, Maquinas de cortar carne...\",\"publisher\":{\"@id\":\"https:\/\/distribucionarc.com\/de\/#organization\"},\"potentialAction\":[{\"@type\":\"SearchAction\",\"target\":{\"@type\":\"EntryPoint\",\"urlTemplate\":\"https:\/\/distribucionarc.com\/de\/?s={search_term_string}\"},\"query-input\":{\"@type\":\"PropertyValueSpecification\",\"valueRequired\":true,\"valueName\":\"search_term_string\"}}],\"inLanguage\":\"ro-RO\"},{\"@type\":\"Organization\",\"@id\":\"https:\/\/distribucionarc.com\/de\/#organization\",\"name\":\"Distribuci\u00f3n ARC\",\"url\":\"https:\/\/distribucionarc.com\/de\/\",\"logo\":{\"@type\":\"ImageObject\",\"inLanguage\":\"ro-RO\",\"@id\":\"https:\/\/distribucionarc.com\/de\/#\/schema\/logo\/image\/\",\"url\":\"https:\/\/distribucionarc.com\/wp-content\/uploads\/2024\/10\/distribucion-ARC-COLOR-SIN-FONDO-e1732295305345.png\",\"contentUrl\":\"https:\/\/distribucionarc.com\/wp-content\/uploads\/2024\/10\/distribucion-ARC-COLOR-SIN-FONDO-e1732295305345.png\",\"width\":1164,\"height\":558,\"caption\":\"Distribuci\u00f3n ARC\"},\"image\":{\"@id\":\"https:\/\/distribucionarc.com\/de\/#\/schema\/logo\/image\/\"},\"description\":\"Empresa especializada en la fabricaci\u00f3n y distribuci\u00f3n de maquinaria industrial para los sectores alimentario y farmac\u00e9utico. Nos especializamos en: M\u00e1quinas de cortar carne Fabricaci\u00f3n de comprimidos Sistemas de transporte industrial L\u00edneas de embotellado Dosificadores Y mucho m\u00e1s... Ofrecemos soluciones innovadoras y personalizadas para optimizar los procesos productivos de tu empresa.\",\"email\":\"Admistracion@distribucionarc.com\",\"telephone\":\"+34 643496664\",\"legalName\":\"ARC TECH SOLUTIONS\",\"foundingDate\":\"2024-04-09\",\"vatID\":\"B55480172\",\"numberOfEmployees\":{\"@type\":\"QuantitativeValue\",\"minValue\":\"1\",\"maxValue\":\"10\"}}]}<\/script>\n<!-- \/ Yoast SEO Premium plugin. -->","yoast_head_json":{"title":"ma\u0219in\u0103 de t\u0103iat carne cu os - distribu\u021bie ARC","robots":{"index":"index","follow":"follow","max-snippet":"max-snippet:-1","max-image-preview":"max-image-preview:large","max-video-preview":"max-video-preview:-1"},"canonical":"https:\/\/www.distribucionarc.com\/it\/producto\/maquina-cortadora-chuletas-de-carne-con-hueso\/","og_locale":"ro_RO","og_type":"article","og_title":"maquina cortadora chuletas de carne con hueso","og_description":"Maquina para cortar chuletas de cordero La cortadora de filetes con hueso JARY-25K es una maquina que se utiliza para","og_url":"https:\/\/www.distribucionarc.com\/it\/producto\/maquina-cortadora-chuletas-de-carne-con-hueso\/","og_site_name":"distribuci\u00f3n ARC","article_modified_time":"2024-10-05T03:02:53+00:00","og_image":[{"width":743,"height":775,"url":"https:\/\/www.distribucionarc.com\/wp-content\/uploads\/2023\/05\/cortadora-fileteadora-de3-crane-iagem-producto.webp","type":"image\/webp"}],"twitter_card":"summary_large_image","twitter_misc":{"Timp estimat pentru citire":"3 minute"},"schema":{"@context":"https:\/\/schema.org","@graph":[{"@type":"WebPage","@id":"https:\/\/www.distribucionarc.com\/it\/producto\/maquina-cortadora-chuletas-de-carne-con-hueso\/","url":"https:\/\/www.distribucionarc.com\/it\/producto\/maquina-cortadora-chuletas-de-carne-con-hueso\/","name":"ma\u0219in\u0103 de t\u0103iat carne cu os - distribu\u021bie ARC","isPartOf":{"@id":"https:\/\/distribucionarc.com\/de\/#website"},"primaryImageOfPage":{"@id":"https:\/\/www.distribucionarc.com\/it\/producto\/maquina-cortadora-chuletas-de-carne-con-hueso\/#primaryimage"},"image":{"@id":"https:\/\/www.distribucionarc.com\/it\/producto\/maquina-cortadora-chuletas-de-carne-con-hueso\/#primaryimage"},"thumbnailUrl":"https:\/\/distribucionarc.com\/wp-content\/uploads\/2023\/05\/cortadora-fileteadora-de3-crane-iagem-producto.webp","datePublished":"2023-05-14T11:31:10+00:00","dateModified":"2024-10-05T03:02:53+00:00","breadcrumb":{"@id":"https:\/\/www.distribucionarc.com\/it\/producto\/maquina-cortadora-chuletas-de-carne-con-hueso\/#breadcrumb"},"inLanguage":"ro-RO","potentialAction":[{"@type":"ReadAction","target":["https:\/\/www.distribucionarc.com\/it\/producto\/maquina-cortadora-chuletas-de-carne-con-hueso\/"]}]},{"@type":"ImageObject","inLanguage":"ro-RO","@id":"https:\/\/www.distribucionarc.com\/it\/producto\/maquina-cortadora-chuletas-de-carne-con-hueso\/#primaryimage","url":"https:\/\/distribucionarc.com\/wp-content\/uploads\/2023\/05\/cortadora-fileteadora-de3-crane-iagem-producto.webp","contentUrl":"https:\/\/distribucionarc.com\/wp-content\/uploads\/2023\/05\/cortadora-fileteadora-de3-crane-iagem-producto.webp","width":743,"height":775},{"@type":"BreadcrumbList","@id":"https:\/\/www.distribucionarc.com\/it\/producto\/maquina-cortadora-chuletas-de-carne-con-hueso\/#breadcrumb","itemListElement":[{"@type":"ListItem","position":1,"name":"Portada","item":"https:\/\/distribucionarc.com\/pl\/"},{"@type":"ListItem","position":2,"name":"Produkty","item":"https:\/\/distribucionarc.com\/pl\/shop\/"},{"@type":"ListItem","position":3,"name":"maquina cortadora chuletas de carne con hueso"}]},{"@type":"WebSite","@id":"https:\/\/distribucionarc.com\/de\/#website","url":"https:\/\/distribucionarc.com\/de\/","name":"Distribu\u021bie ARC","description":"Companie specializat\u0103 \u00een fabricarea \u0219i distribu\u021bia de utilaje industriale, ma\u0219ini de sigilat cutii, ma\u0219ini de fabricat tablete, ma\u0219ini de t\u0103iat carne...","publisher":{"@id":"https:\/\/distribucionarc.com\/de\/#organization"},"potentialAction":[{"@type":"SearchAction","target":{"@type":"EntryPoint","urlTemplate":"https:\/\/distribucionarc.com\/de\/?s={search_term_string}"},"query-input":{"@type":"PropertyValueSpecification","valueRequired":true,"valueName":"search_term_string"}}],"inLanguage":"ro-RO"},{"@type":"Organization","@id":"https:\/\/distribucionarc.com\/de\/#organization","name":"Distribu\u021bie ARC","url":"https:\/\/distribucionarc.com\/de\/","logo":{"@type":"ImageObject","inLanguage":"ro-RO","@id":"https:\/\/distribucionarc.com\/de\/#\/schema\/logo\/image\/","url":"https:\/\/distribucionarc.com\/wp-content\/uploads\/2024\/10\/distribucion-ARC-COLOR-SIN-FONDO-e1732295305345.png","contentUrl":"https:\/\/distribucionarc.com\/wp-content\/uploads\/2024\/10\/distribucion-ARC-COLOR-SIN-FONDO-e1732295305345.png","width":1164,"height":558,"caption":"Distribuci\u00f3n ARC"},"image":{"@id":"https:\/\/distribucionarc.com\/de\/#\/schema\/logo\/image\/"},"description":"Companie specializat\u0103 \u00een fabricarea \u0219i distribu\u021bia de utilaje industriale pentru sectoarele alimentar \u0219i farmaceutic. Suntem specializa\u021bi \u00een: Ma\u0219ini de t\u0103iat carne Fabricarea tabletelor Sisteme de transport industrial Linii de \u00eembuteliere Distribuitoare \u0218i multe altele... Oferim solu\u021bii inovatoare \u0219i personalizate pentru a optimiza procesele de produc\u021bie ale companiei dumneavoastr\u0103.","email":"Admistracion@distribucionarc.com","telephone":"+34 643496664","legalName":"ARC TECH SOLUTIONS","foundingDate":"2024-04-09","vatID":"B55480172","numberOfEmployees":{"@type":"QuantitativeValue","minValue":"1","maxValue":"10"}}]}},"_links":{"self":[{"href":"https:\/\/distribucionarc.com\/ro\/wp-json\/wp\/v2\/product\/5787","targetHints":{"allow":["GET"]}}],"collection":[{"href":"https:\/\/distribucionarc.com\/ro\/wp-json\/wp\/v2\/product"}],"about":[{"href":"https:\/\/distribucionarc.com\/ro\/wp-json\/wp\/v2\/types\/product"}],"replies":[{"embeddable":true,"href":"https:\/\/distribucionarc.com\/ro\/wp-json\/wp\/v2\/comments?post=5787"}],"version-history":[{"count":0,"href":"https:\/\/distribucionarc.com\/ro\/wp-json\/wp\/v2\/product\/5787\/revisions"}],"wp:featuredmedia":[{"embeddable":true,"href":"https:\/\/distribucionarc.com\/ro\/wp-json\/wp\/v2\/media\/5790"}],"wp:attachment":[{"href":"https:\/\/distribucionarc.com\/ro\/wp-json\/wp\/v2\/media?parent=5787"}],"wp:term":[{"taxonomy":"product_brand","embeddable":true,"href":"https:\/\/distribucionarc.com\/ro\/wp-json\/wp\/v2\/product_brand?post=5787"},{"taxonomy":"product_cat","embeddable":true,"href":"https:\/\/distribucionarc.com\/ro\/wp-json\/wp\/v2\/product_cat?post=5787"},{"taxonomy":"product_tag","embeddable":true,"href":"https:\/\/distribucionarc.com\/ro\/wp-json\/wp\/v2\/product_tag?post=5787"}],"curies":[{"name":"wp","href":"https:\/\/api.w.org\/{rel}","templated":true}]}}