{"id":6223,"date":"2023-07-26T14:20:26","date_gmt":"2023-07-26T14:20:26","guid":{"rendered":"https:\/\/distribucionarc.com\/?post_type=product&#038;p=6223"},"modified":"2023-07-26T15:28:16","modified_gmt":"2023-07-26T15:28:16","slug":"ambalare-vid-liniar-industrial-4000-uh","status":"publish","type":"product","link":"https:\/\/distribucionarc.com\/ro\/producto\/envasadora-al-vacio-lineal-industrial-4000-u-h\/","title":{"rendered":"Ma\u0219in\u0103 de ambalare \u00een vid liniar\u0103 industrial\u0103 4000 u\/h"},"content":{"rendered":"<p>&nbsp;<\/p>\n<h2>Ma\u0219in\u0103 de ambalat \u00een vid liniar\u0103 industrial\u0103 model 320-T<\/h2>\n<p><a href=\"https:\/\/distribucionarc.com\/wp-content\/uploads\/2023\/07\/envasadora-al-vacio-lineal.jpg\"><img loading=\"lazy\" decoding=\"async\" class=\"alignnone size-medium wp-image-6228\" src=\"https:\/\/distribucionarc.com\/wp-content\/uploads\/2023\/07\/envasadora-al-vacio-lineal-225x300.jpg\" alt=\"\" width=\"225\" height=\"300\" srcset=\"https:\/\/distribucionarc.com\/wp-content\/uploads\/2023\/07\/envasadora-al-vacio-lineal-225x300.jpg 225w, https:\/\/distribucionarc.com\/wp-content\/uploads\/2023\/07\/envasadora-al-vacio-lineal-430x574.jpg 430w, https:\/\/distribucionarc.com\/wp-content\/uploads\/2023\/07\/envasadora-al-vacio-lineal-150x200.jpg 150w, https:\/\/distribucionarc.com\/wp-content\/uploads\/2023\/07\/envasadora-al-vacio-lineal-700x934.jpg 700w, https:\/\/distribucionarc.com\/wp-content\/uploads\/2023\/07\/envasadora-al-vacio-lineal-768x1024.jpg 768w, https:\/\/distribucionarc.com\/wp-content\/uploads\/2023\/07\/envasadora-al-vacio-lineal-1152x1536.jpg 1152w, https:\/\/distribucionarc.com\/wp-content\/uploads\/2023\/07\/envasadora-al-vacio-lineal-9x12.jpg 9w, https:\/\/distribucionarc.com\/wp-content\/uploads\/2023\/07\/envasadora-al-vacio-lineal-48x64.jpg 48w, https:\/\/distribucionarc.com\/wp-content\/uploads\/2023\/07\/envasadora-al-vacio-lineal.jpg 1276w\" sizes=\"auto, (max-width: 225px) 100vw, 225px\" \/><\/a>\u00a0 \u00a0 \u00a0 \u00a0 \u00a0 \u00a0 \u00a0 <a href=\"https:\/\/distribucionarc.com\/wp-content\/uploads\/2023\/07\/envasadora-lineal-al-vacio.jpg\"><img loading=\"lazy\" decoding=\"async\" class=\"alignnone size-medium wp-image-6229\" src=\"https:\/\/distribucionarc.com\/wp-content\/uploads\/2023\/07\/envasadora-lineal-al-vacio-225x300.jpg\" alt=\"\" width=\"225\" height=\"300\" srcset=\"https:\/\/distribucionarc.com\/wp-content\/uploads\/2023\/07\/envasadora-lineal-al-vacio-225x300.jpg 225w, https:\/\/distribucionarc.com\/wp-content\/uploads\/2023\/07\/envasadora-lineal-al-vacio-430x574.jpg 430w, https:\/\/distribucionarc.com\/wp-content\/uploads\/2023\/07\/envasadora-lineal-al-vacio-150x200.jpg 150w, https:\/\/distribucionarc.com\/wp-content\/uploads\/2023\/07\/envasadora-lineal-al-vacio-700x934.jpg 700w, https:\/\/distribucionarc.com\/wp-content\/uploads\/2023\/07\/envasadora-lineal-al-vacio-768x1024.jpg 768w, https:\/\/distribucionarc.com\/wp-content\/uploads\/2023\/07\/envasadora-lineal-al-vacio-1152x1536.jpg 1152w, https:\/\/distribucionarc.com\/wp-content\/uploads\/2023\/07\/envasadora-lineal-al-vacio-9x12.jpg 9w, https:\/\/distribucionarc.com\/wp-content\/uploads\/2023\/07\/envasadora-lineal-al-vacio-48x64.jpg 48w, https:\/\/distribucionarc.com\/wp-content\/uploads\/2023\/07\/envasadora-lineal-al-vacio.jpg 1276w\" sizes=\"auto, (max-width: 225px) 100vw, 225px\" \/><\/a><\/p>\n<p><strong>Ma\u0219ina de ambalat \u00een vid liniar\u0103 industrial\u0103 model 320-T<\/strong>, este o ma\u0219in\u0103 de ultim\u0103 genera\u021bie conceput\u0103 pentru a oferi flexibilitate \u0219i performan\u021b\u0103 \u00een procesul de ambalare.<strong> Ma\u0219ina de ambalat 320-T<\/strong> Se remarca prin capacitatea sa de a se adapta la dimensiunea pungii de ambalare. Cu o l\u0103\u021bime a rolului de vid de 292 mm \u0219i o l\u0103\u021bime a rolului de sac de vid de 322 mm, acest dispozitiv de etan\u0219are v\u0103 ofer\u0103 flexibilitatea de a lucra cu diferite dimensiuni de sac.<\/p>\n<h3><strong>Ma\u0219in\u0103 de ambalat \u00een vid industrial liniar\u0103 420-T<\/strong><\/h3>\n<p><a href=\"https:\/\/distribucionarc.com\/wp-content\/uploads\/2023\/07\/envasadora-al-vacio-lineal-industrial.jpg\"><img loading=\"lazy\" decoding=\"async\" class=\"alignnone size-medium wp-image-6227\" src=\"https:\/\/distribucionarc.com\/wp-content\/uploads\/2023\/07\/envasadora-al-vacio-lineal-industrial-225x300.jpg\" alt=\"\" width=\"225\" height=\"300\" srcset=\"https:\/\/distribucionarc.com\/wp-content\/uploads\/2023\/07\/envasadora-al-vacio-lineal-industrial-225x300.jpg 225w, https:\/\/distribucionarc.com\/wp-content\/uploads\/2023\/07\/envasadora-al-vacio-lineal-industrial-430x574.jpg 430w, https:\/\/distribucionarc.com\/wp-content\/uploads\/2023\/07\/envasadora-al-vacio-lineal-industrial-150x200.jpg 150w, https:\/\/distribucionarc.com\/wp-content\/uploads\/2023\/07\/envasadora-al-vacio-lineal-industrial-700x934.jpg 700w, https:\/\/distribucionarc.com\/wp-content\/uploads\/2023\/07\/envasadora-al-vacio-lineal-industrial-768x1024.jpg 768w, https:\/\/distribucionarc.com\/wp-content\/uploads\/2023\/07\/envasadora-al-vacio-lineal-industrial-1152x1536.jpg 1152w, https:\/\/distribucionarc.com\/wp-content\/uploads\/2023\/07\/envasadora-al-vacio-lineal-industrial-9x12.jpg 9w, https:\/\/distribucionarc.com\/wp-content\/uploads\/2023\/07\/envasadora-al-vacio-lineal-industrial-48x64.jpg 48w, https:\/\/distribucionarc.com\/wp-content\/uploads\/2023\/07\/envasadora-al-vacio-lineal-industrial.jpg 1276w\" sizes=\"auto, (max-width: 225px) 100vw, 225px\" \/>\u00a0\u00a0\u00a0\u00a0\u00a0\u00a0\u00a0\u00a0\u00a0 <\/a><a href=\"https:\/\/distribucionarc.com\/wp-content\/uploads\/2023\/07\/bolsas-envasadora-al-vacio.jpg\"><img loading=\"lazy\" decoding=\"async\" class=\"alignnone size-medium wp-image-6232\" src=\"https:\/\/distribucionarc.com\/wp-content\/uploads\/2023\/07\/bolsas-envasadora-al-vacio-225x300.jpg\" alt=\"\" width=\"225\" height=\"300\" srcset=\"https:\/\/distribucionarc.com\/wp-content\/uploads\/2023\/07\/bolsas-envasadora-al-vacio-225x300.jpg 225w, https:\/\/distribucionarc.com\/wp-content\/uploads\/2023\/07\/bolsas-envasadora-al-vacio-430x574.jpg 430w, https:\/\/distribucionarc.com\/wp-content\/uploads\/2023\/07\/bolsas-envasadora-al-vacio-150x200.jpg 150w, https:\/\/distribucionarc.com\/wp-content\/uploads\/2023\/07\/bolsas-envasadora-al-vacio-700x934.jpg 700w, https:\/\/distribucionarc.com\/wp-content\/uploads\/2023\/07\/bolsas-envasadora-al-vacio-768x1024.jpg 768w, https:\/\/distribucionarc.com\/wp-content\/uploads\/2023\/07\/bolsas-envasadora-al-vacio-1152x1536.jpg 1152w, https:\/\/distribucionarc.com\/wp-content\/uploads\/2023\/07\/bolsas-envasadora-al-vacio-9x12.jpg 9w, https:\/\/distribucionarc.com\/wp-content\/uploads\/2023\/07\/bolsas-envasadora-al-vacio-48x64.jpg 48w, https:\/\/distribucionarc.com\/wp-content\/uploads\/2023\/07\/bolsas-envasadora-al-vacio.jpg 1276w\" sizes=\"auto, (max-width: 225px) 100vw, 225px\" \/><\/a><\/p>\n<p><strong>Ma\u0219ina de ambalat industrial liniar\u0103 \u00een vid model 420-T<\/strong>, o ma\u0219in\u0103 versatil\u0103 \u0219i eficient\u0103 Cu un design robust \u0219i caracteristici tehnice avansate, aceast\u0103 ma\u0219in\u0103 de ambalat este conceput\u0103 pentru a oferi rezultate de \u00eenalt\u0103 performan\u021b\u0103 \u0219i calitate. <strong>Ma\u0219ina de ambalat 420-T<\/strong> Ofer\u0103 o vitez\u0103 de produc\u021bie care variaz\u0103 \u00een func\u021bie de m\u0103rimea \u0219i tipul produsului care urmeaz\u0103 a fi ambalat. In conditii optime poate atinge o variatie impresionanta intre 2000 si 3000p\/h. cu o rol\u0103 de pungi de ambalare de 392 mm \u0219i o rol\u0103 ascendent\u0103 de 422 mm.<\/p>\n<h3>Aparat de etan\u0219are liniar \u00een vid model 520-T<\/h3>\n<p><strong>Sigilarea liniar\u0103 \u00een vid model 520-T<\/strong> Performan\u021b\u0103 ridicat\u0103, conceput\u0103 pentru cele mai exigente necesit\u0103\u021bi de ambalare \u00een medii industriale \u0219i comerciale. Capacitate de productie:<strong> Sigilarea cu vid<\/strong> Are o configura\u021bie cu trei r\u00e2nduri \u00een trei coloane, permi\u021b\u00e2nd ambalarea a 9 pungi simultan. Cu o vitez\u0103 impresionant\u0103, poate \u00eempacheta \u00eentre 36 \u0219i 63 de saci \u00een doar 1 minut, cu un interval de produc\u021bie de la 2.160 la 3.780 de saci \u00eentr-o or\u0103. (gen\u021bi complet personalizate)<\/p>\n<p><a href=\"https:\/\/distribucionarc.com\/wp-content\/uploads\/2023\/07\/envasadora-lineal-al-vacio-industrial.jpg\"><img loading=\"lazy\" decoding=\"async\" class=\"alignnone size-medium wp-image-6226\" src=\"https:\/\/distribucionarc.com\/wp-content\/uploads\/2023\/07\/envasadora-lineal-al-vacio-industrial-225x300.jpg\" alt=\"\" width=\"225\" height=\"300\" srcset=\"https:\/\/distribucionarc.com\/wp-content\/uploads\/2023\/07\/envasadora-lineal-al-vacio-industrial-225x300.jpg 225w, https:\/\/distribucionarc.com\/wp-content\/uploads\/2023\/07\/envasadora-lineal-al-vacio-industrial-430x574.jpg 430w, https:\/\/distribucionarc.com\/wp-content\/uploads\/2023\/07\/envasadora-lineal-al-vacio-industrial-150x200.jpg 150w, https:\/\/distribucionarc.com\/wp-content\/uploads\/2023\/07\/envasadora-lineal-al-vacio-industrial-700x934.jpg 700w, https:\/\/distribucionarc.com\/wp-content\/uploads\/2023\/07\/envasadora-lineal-al-vacio-industrial-768x1024.jpg 768w, https:\/\/distribucionarc.com\/wp-content\/uploads\/2023\/07\/envasadora-lineal-al-vacio-industrial-1152x1536.jpg 1152w, https:\/\/distribucionarc.com\/wp-content\/uploads\/2023\/07\/envasadora-lineal-al-vacio-industrial-9x12.jpg 9w, https:\/\/distribucionarc.com\/wp-content\/uploads\/2023\/07\/envasadora-lineal-al-vacio-industrial-48x64.jpg 48w, https:\/\/distribucionarc.com\/wp-content\/uploads\/2023\/07\/envasadora-lineal-al-vacio-industrial.jpg 1276w\" sizes=\"auto, (max-width: 225px) 100vw, 225px\" \/><\/a><\/p>\n<p><a href=\"https:\/\/distribucionarc.com\/wp-content\/uploads\/2023\/07\/complementos-envasadora-lineal.jpeg\"><img loading=\"lazy\" decoding=\"async\" class=\"alignnone wp-image-6236\" src=\"https:\/\/distribucionarc.com\/wp-content\/uploads\/2023\/07\/complementos-envasadora-lineal-261x300.jpeg\" alt=\"\" width=\"392\" height=\"451\" srcset=\"https:\/\/distribucionarc.com\/wp-content\/uploads\/2023\/07\/complementos-envasadora-lineal-261x300.jpeg 261w, https:\/\/distribucionarc.com\/wp-content\/uploads\/2023\/07\/complementos-envasadora-lineal-430x495.jpeg 430w, https:\/\/distribucionarc.com\/wp-content\/uploads\/2023\/07\/complementos-envasadora-lineal-150x173.jpeg 150w, https:\/\/distribucionarc.com\/wp-content\/uploads\/2023\/07\/complementos-envasadora-lineal-700x805.jpeg 700w, https:\/\/distribucionarc.com\/wp-content\/uploads\/2023\/07\/complementos-envasadora-lineal-890x1024.jpeg 890w, https:\/\/distribucionarc.com\/wp-content\/uploads\/2023\/07\/complementos-envasadora-lineal-768x883.jpeg 768w, https:\/\/distribucionarc.com\/wp-content\/uploads\/2023\/07\/complementos-envasadora-lineal-10x12.jpeg 10w, https:\/\/distribucionarc.com\/wp-content\/uploads\/2023\/07\/complementos-envasadora-lineal-48x55.jpeg 48w, https:\/\/distribucionarc.com\/wp-content\/uploads\/2023\/07\/complementos-envasadora-lineal.jpeg 1000w\" sizes=\"auto, (max-width: 392px) 100vw, 392px\" \/><\/a><\/p>\n<table width=\"568\">\n<tbody>\n<tr>\n<td width=\"142\">MODEL<\/td>\n<td width=\"142\">320-T<\/td>\n<td width=\"142\">420-T<\/td>\n<td width=\"142\">520-T<\/td>\n<\/tr>\n<tr>\n<td width=\"142\">l\u0103\u021bimea rolului<\/td>\n<td width=\"142\">292 mm<\/td>\n<td width=\"142\">392 mm<\/td>\n<td width=\"142\">\u00a0492 mm<\/td>\n<\/tr>\n<tr>\n<td width=\"142\">L\u0103\u021bimea rolei sacului<\/td>\n<td width=\"142\">322 mm<\/td>\n<td width=\"142\">\u00a0422 mm<\/td>\n<td width=\"142\">520 mm<\/td>\n<\/tr>\n<tr>\n<td width=\"142\">pompa de vid<\/td>\n<td width=\"142\">100-200pa<\/td>\n<td width=\"142\">200pa<\/td>\n<td width=\"142\">200-300pa<\/td>\n<\/tr>\n<tr>\n<td width=\"142\">presiunea aerului<\/td>\n<td width=\"142\">0,6mpa<\/td>\n<td width=\"142\">0,6mpa<\/td>\n<td width=\"142\">0,6mpa<\/td>\n<\/tr>\n<tr>\n<td width=\"142\">Voltaj<\/td>\n<td width=\"142\">380V 50H\/14KW<\/td>\n<td width=\"142\">380W50H\/16KW<\/td>\n<td width=\"142\">380v 50H\/18KW<\/td>\n<\/tr>\n<tr>\n<td width=\"142\">Dimensiuni<\/td>\n<td width=\"142\">5380mm*965mm*1880mm*<\/td>\n<td width=\"142\">6150mm*1080mm*1880mm*<\/td>\n<td width=\"142\">6600mm*1180mm*1880mm*<\/td>\n<\/tr>\n<tr>\n<td width=\"142\">Greutate<\/td>\n<td width=\"142\">1580 kg<\/td>\n<td width=\"142\">\u00a01820 kg<\/td>\n<td width=\"142\">2015 kg<\/td>\n<\/tr>\n<\/tbody>\n<\/table>","protected":false},"excerpt":{"rendered":"<p>&nbsp; Ma\u0219in\u0103 industrial\u0103 liniar\u0103 de ambalat \u00een vid model 320-T Ma\u0219ina industrial\u0103 liniar\u0103 de ambalat \u00een vid<\/p>","protected":false},"featured_media":6225,"comment_status":"open","ping_status":"closed","template":"","meta":{"wds_primary_product_brand":0,"wds_primary_product_cat":0},"product_brand":[],"product_cat":[266],"product_tag":[],"class_list":{"0":"post-6223","1":"product","2":"type-product","3":"status-publish","4":"has-post-thumbnail","6":"product_cat-accessories","7":"product_shipping_class-express","9":"first","10":"instock","11":"taxable","12":"shipping-taxable","13":"purchasable","14":"product-type-simple"},"yoast_head":"<!-- This site is optimized with the Yoast SEO Premium plugin v24.9 (Yoast SEO v26.1) - https:\/\/yoast.com\/wordpress\/plugins\/seo\/ -->\n<title>Envasadora al vac\u00edo lineal industrial 4000 u\/h - distribuci\u00f3n ARC<\/title>\n<meta name=\"robots\" content=\"index, follow, max-snippet:-1, max-image-preview:large, max-video-preview:-1\" \/>\n<link rel=\"canonical\" href=\"https:\/\/distribucionarc.com\/ro\/produs\/ambalare-vid-liniar-industrial-4000-uh\/\" \/>\n<meta property=\"og:locale\" content=\"ro_RO\" \/>\n<meta property=\"og:type\" content=\"article\" \/>\n<meta property=\"og:title\" content=\"Envasadora al vac\u00edo lineal industrial 4000 u\/h\" \/>\n<meta property=\"og:description\" content=\"&nbsp; Envasadora industrial lineal al vac\u00edo modelo 320-T \u00a0 \u00a0 \u00a0 \u00a0 \u00a0 \u00a0 \u00a0 La envasadora industrial lineal al\" \/>\n<meta property=\"og:url\" content=\"https:\/\/distribucionarc.com\/ro\/produs\/ambalare-vid-liniar-industrial-4000-uh\/\" \/>\n<meta property=\"og:site_name\" content=\"distribuci\u00f3n ARC\" \/>\n<meta property=\"article:modified_time\" content=\"2023-07-26T15:28:16+00:00\" \/>\n<meta property=\"og:image\" content=\"https:\/\/distribucionarc.com\/wp-content\/uploads\/2023\/07\/imagen-producto-envasadora.jpg\" \/>\n\t<meta property=\"og:image:width\" content=\"962\" \/>\n\t<meta property=\"og:image:height\" content=\"596\" \/>\n\t<meta property=\"og:image:type\" content=\"image\/jpeg\" \/>\n<meta name=\"twitter:card\" content=\"summary_large_image\" \/>\n<meta name=\"twitter:label1\" content=\"Timp estimat pentru citire\" \/>\n\t<meta name=\"twitter:data1\" content=\"2 minute\" \/>\n<script type=\"application\/ld+json\" class=\"yoast-schema-graph\">{\"@context\":\"https:\/\/schema.org\",\"@graph\":[{\"@type\":\"WebPage\",\"@id\":\"https:\/\/distribucionarc.com\/ro\/producto\/envasadora-al-vacio-lineal-industrial-4000-u-h\/\",\"url\":\"https:\/\/distribucionarc.com\/ro\/producto\/envasadora-al-vacio-lineal-industrial-4000-u-h\/\",\"name\":\"Envasadora al vac\u00edo lineal industrial 4000 u\/h - distribuci\u00f3n ARC\",\"isPartOf\":{\"@id\":\"https:\/\/distribucionarc.com\/de\/#website\"},\"primaryImageOfPage\":{\"@id\":\"https:\/\/distribucionarc.com\/ro\/producto\/envasadora-al-vacio-lineal-industrial-4000-u-h\/#primaryimage\"},\"image\":{\"@id\":\"https:\/\/distribucionarc.com\/ro\/producto\/envasadora-al-vacio-lineal-industrial-4000-u-h\/#primaryimage\"},\"thumbnailUrl\":\"https:\/\/distribucionarc.com\/wp-content\/uploads\/2023\/07\/imagen-producto-envasadora.jpg\",\"datePublished\":\"2023-07-26T14:20:26+00:00\",\"dateModified\":\"2023-07-26T15:28:16+00:00\",\"breadcrumb\":{\"@id\":\"https:\/\/distribucionarc.com\/ro\/producto\/envasadora-al-vacio-lineal-industrial-4000-u-h\/#breadcrumb\"},\"inLanguage\":\"ro-RO\",\"potentialAction\":[{\"@type\":\"ReadAction\",\"target\":[\"https:\/\/distribucionarc.com\/ro\/producto\/envasadora-al-vacio-lineal-industrial-4000-u-h\/\"]}]},{\"@type\":\"ImageObject\",\"inLanguage\":\"ro-RO\",\"@id\":\"https:\/\/distribucionarc.com\/ro\/producto\/envasadora-al-vacio-lineal-industrial-4000-u-h\/#primaryimage\",\"url\":\"https:\/\/distribucionarc.com\/wp-content\/uploads\/2023\/07\/imagen-producto-envasadora.jpg\",\"contentUrl\":\"https:\/\/distribucionarc.com\/wp-content\/uploads\/2023\/07\/imagen-producto-envasadora.jpg\",\"width\":962,\"height\":596},{\"@type\":\"BreadcrumbList\",\"@id\":\"https:\/\/distribucionarc.com\/ro\/producto\/envasadora-al-vacio-lineal-industrial-4000-u-h\/#breadcrumb\",\"itemListElement\":[{\"@type\":\"ListItem\",\"position\":1,\"name\":\"Portada\",\"item\":\"https:\/\/distribucionarc.com\/pl\/\"},{\"@type\":\"ListItem\",\"position\":2,\"name\":\"Produkty\",\"item\":\"https:\/\/distribucionarc.com\/pl\/shop\/\"},{\"@type\":\"ListItem\",\"position\":3,\"name\":\"Envasadora al vac\u00edo lineal industrial 4000 u\/h\"}]},{\"@type\":\"WebSite\",\"@id\":\"https:\/\/distribucionarc.com\/de\/#website\",\"url\":\"https:\/\/distribucionarc.com\/de\/\",\"name\":\"distribuci\u00f3n ARC\",\"description\":\"Empresa especializada en la fabricaci\u00f3n y distribuci\u00f3n de maquinaria industrial, selladoras de latas, Maquinas de hacer pastillas, Maquinas de cortar carne...\",\"publisher\":{\"@id\":\"https:\/\/distribucionarc.com\/de\/#organization\"},\"potentialAction\":[{\"@type\":\"SearchAction\",\"target\":{\"@type\":\"EntryPoint\",\"urlTemplate\":\"https:\/\/distribucionarc.com\/de\/?s={search_term_string}\"},\"query-input\":{\"@type\":\"PropertyValueSpecification\",\"valueRequired\":true,\"valueName\":\"search_term_string\"}}],\"inLanguage\":\"ro-RO\"},{\"@type\":\"Organization\",\"@id\":\"https:\/\/distribucionarc.com\/de\/#organization\",\"name\":\"Distribuci\u00f3n ARC\",\"url\":\"https:\/\/distribucionarc.com\/de\/\",\"logo\":{\"@type\":\"ImageObject\",\"inLanguage\":\"ro-RO\",\"@id\":\"https:\/\/distribucionarc.com\/de\/#\/schema\/logo\/image\/\",\"url\":\"https:\/\/distribucionarc.com\/wp-content\/uploads\/2024\/10\/distribucion-ARC-COLOR-SIN-FONDO-e1732295305345.png\",\"contentUrl\":\"https:\/\/distribucionarc.com\/wp-content\/uploads\/2024\/10\/distribucion-ARC-COLOR-SIN-FONDO-e1732295305345.png\",\"width\":1164,\"height\":558,\"caption\":\"Distribuci\u00f3n ARC\"},\"image\":{\"@id\":\"https:\/\/distribucionarc.com\/de\/#\/schema\/logo\/image\/\"},\"description\":\"Empresa especializada en la fabricaci\u00f3n y distribuci\u00f3n de maquinaria industrial para los sectores alimentario y farmac\u00e9utico. Nos especializamos en: M\u00e1quinas de cortar carne Fabricaci\u00f3n de comprimidos Sistemas de transporte industrial L\u00edneas de embotellado Dosificadores Y mucho m\u00e1s... Ofrecemos soluciones innovadoras y personalizadas para optimizar los procesos productivos de tu empresa.\",\"email\":\"Admistracion@distribucionarc.com\",\"telephone\":\"+34 643496664\",\"legalName\":\"ARC TECH SOLUTIONS\",\"foundingDate\":\"2024-04-09\",\"vatID\":\"B55480172\",\"numberOfEmployees\":{\"@type\":\"QuantitativeValue\",\"minValue\":\"1\",\"maxValue\":\"10\"}}]}<\/script>\n<!-- \/ Yoast SEO Premium plugin. -->","yoast_head_json":{"title":"Ma\u0219in\u0103 de ambalare \u00een vid liniar\u0103 industrial\u0103 4000 u\/h - distribu\u021bie ARC","robots":{"index":"index","follow":"follow","max-snippet":"max-snippet:-1","max-image-preview":"max-image-preview:large","max-video-preview":"max-video-preview:-1"},"canonical":"https:\/\/distribucionarc.com\/ro\/produs\/ambalare-vid-liniar-industrial-4000-uh\/","og_locale":"ro_RO","og_type":"article","og_title":"Envasadora al vac\u00edo lineal industrial 4000 u\/h","og_description":"&nbsp; Envasadora industrial lineal al vac\u00edo modelo 320-T \u00a0 \u00a0 \u00a0 \u00a0 \u00a0 \u00a0 \u00a0 La envasadora industrial lineal al","og_url":"https:\/\/distribucionarc.com\/ro\/produs\/ambalare-vid-liniar-industrial-4000-uh\/","og_site_name":"distribuci\u00f3n ARC","article_modified_time":"2023-07-26T15:28:16+00:00","og_image":[{"width":962,"height":596,"url":"https:\/\/distribucionarc.com\/wp-content\/uploads\/2023\/07\/imagen-producto-envasadora.jpg","type":"image\/jpeg"}],"twitter_card":"summary_large_image","twitter_misc":{"Timp estimat pentru citire":"2 minute"},"schema":{"@context":"https:\/\/schema.org","@graph":[{"@type":"WebPage","@id":"https:\/\/distribucionarc.com\/ro\/producto\/envasadora-al-vacio-lineal-industrial-4000-u-h\/","url":"https:\/\/distribucionarc.com\/ro\/producto\/envasadora-al-vacio-lineal-industrial-4000-u-h\/","name":"Ma\u0219in\u0103 de ambalare \u00een vid liniar\u0103 industrial\u0103 4000 u\/h - distribu\u021bie ARC","isPartOf":{"@id":"https:\/\/distribucionarc.com\/de\/#website"},"primaryImageOfPage":{"@id":"https:\/\/distribucionarc.com\/ro\/producto\/envasadora-al-vacio-lineal-industrial-4000-u-h\/#primaryimage"},"image":{"@id":"https:\/\/distribucionarc.com\/ro\/producto\/envasadora-al-vacio-lineal-industrial-4000-u-h\/#primaryimage"},"thumbnailUrl":"https:\/\/distribucionarc.com\/wp-content\/uploads\/2023\/07\/imagen-producto-envasadora.jpg","datePublished":"2023-07-26T14:20:26+00:00","dateModified":"2023-07-26T15:28:16+00:00","breadcrumb":{"@id":"https:\/\/distribucionarc.com\/ro\/producto\/envasadora-al-vacio-lineal-industrial-4000-u-h\/#breadcrumb"},"inLanguage":"ro-RO","potentialAction":[{"@type":"ReadAction","target":["https:\/\/distribucionarc.com\/ro\/producto\/envasadora-al-vacio-lineal-industrial-4000-u-h\/"]}]},{"@type":"ImageObject","inLanguage":"ro-RO","@id":"https:\/\/distribucionarc.com\/ro\/producto\/envasadora-al-vacio-lineal-industrial-4000-u-h\/#primaryimage","url":"https:\/\/distribucionarc.com\/wp-content\/uploads\/2023\/07\/imagen-producto-envasadora.jpg","contentUrl":"https:\/\/distribucionarc.com\/wp-content\/uploads\/2023\/07\/imagen-producto-envasadora.jpg","width":962,"height":596},{"@type":"BreadcrumbList","@id":"https:\/\/distribucionarc.com\/ro\/producto\/envasadora-al-vacio-lineal-industrial-4000-u-h\/#breadcrumb","itemListElement":[{"@type":"ListItem","position":1,"name":"Portada","item":"https:\/\/distribucionarc.com\/pl\/"},{"@type":"ListItem","position":2,"name":"Produkty","item":"https:\/\/distribucionarc.com\/pl\/shop\/"},{"@type":"ListItem","position":3,"name":"Envasadora al vac\u00edo lineal industrial 4000 u\/h"}]},{"@type":"WebSite","@id":"https:\/\/distribucionarc.com\/de\/#website","url":"https:\/\/distribucionarc.com\/de\/","name":"Distribu\u021bie ARC","description":"Companie specializat\u0103 \u00een fabricarea \u0219i distribu\u021bia de utilaje industriale, ma\u0219ini de sigilat cutii, ma\u0219ini de fabricat tablete, ma\u0219ini de t\u0103iat carne...","publisher":{"@id":"https:\/\/distribucionarc.com\/de\/#organization"},"potentialAction":[{"@type":"SearchAction","target":{"@type":"EntryPoint","urlTemplate":"https:\/\/distribucionarc.com\/de\/?s={search_term_string}"},"query-input":{"@type":"PropertyValueSpecification","valueRequired":true,"valueName":"search_term_string"}}],"inLanguage":"ro-RO"},{"@type":"Organization","@id":"https:\/\/distribucionarc.com\/de\/#organization","name":"Distribu\u021bie ARC","url":"https:\/\/distribucionarc.com\/de\/","logo":{"@type":"ImageObject","inLanguage":"ro-RO","@id":"https:\/\/distribucionarc.com\/de\/#\/schema\/logo\/image\/","url":"https:\/\/distribucionarc.com\/wp-content\/uploads\/2024\/10\/distribucion-ARC-COLOR-SIN-FONDO-e1732295305345.png","contentUrl":"https:\/\/distribucionarc.com\/wp-content\/uploads\/2024\/10\/distribucion-ARC-COLOR-SIN-FONDO-e1732295305345.png","width":1164,"height":558,"caption":"Distribuci\u00f3n ARC"},"image":{"@id":"https:\/\/distribucionarc.com\/de\/#\/schema\/logo\/image\/"},"description":"Companie specializat\u0103 \u00een fabricarea \u0219i distribu\u021bia de utilaje industriale pentru sectoarele alimentar \u0219i farmaceutic. Suntem specializa\u021bi \u00een: Ma\u0219ini de t\u0103iat carne Fabricarea tabletelor Sisteme de transport industrial Linii de \u00eembuteliere Distribuitoare \u0218i multe altele... Oferim solu\u021bii inovatoare \u0219i personalizate pentru a optimiza procesele de produc\u021bie ale companiei dumneavoastr\u0103.","email":"Admistracion@distribucionarc.com","telephone":"+34 643496664","legalName":"ARC TECH SOLUTIONS","foundingDate":"2024-04-09","vatID":"B55480172","numberOfEmployees":{"@type":"QuantitativeValue","minValue":"1","maxValue":"10"}}]}},"_links":{"self":[{"href":"https:\/\/distribucionarc.com\/ro\/wp-json\/wp\/v2\/product\/6223","targetHints":{"allow":["GET"]}}],"collection":[{"href":"https:\/\/distribucionarc.com\/ro\/wp-json\/wp\/v2\/product"}],"about":[{"href":"https:\/\/distribucionarc.com\/ro\/wp-json\/wp\/v2\/types\/product"}],"replies":[{"embeddable":true,"href":"https:\/\/distribucionarc.com\/ro\/wp-json\/wp\/v2\/comments?post=6223"}],"version-history":[{"count":0,"href":"https:\/\/distribucionarc.com\/ro\/wp-json\/wp\/v2\/product\/6223\/revisions"}],"wp:featuredmedia":[{"embeddable":true,"href":"https:\/\/distribucionarc.com\/ro\/wp-json\/wp\/v2\/media\/6225"}],"wp:attachment":[{"href":"https:\/\/distribucionarc.com\/ro\/wp-json\/wp\/v2\/media?parent=6223"}],"wp:term":[{"taxonomy":"product_brand","embeddable":true,"href":"https:\/\/distribucionarc.com\/ro\/wp-json\/wp\/v2\/product_brand?post=6223"},{"taxonomy":"product_cat","embeddable":true,"href":"https:\/\/distribucionarc.com\/ro\/wp-json\/wp\/v2\/product_cat?post=6223"},{"taxonomy":"product_tag","embeddable":true,"href":"https:\/\/distribucionarc.com\/ro\/wp-json\/wp\/v2\/product_tag?post=6223"}],"curies":[{"name":"wp","href":"https:\/\/api.w.org\/{rel}","templated":true}]}}