{"id":6240,"date":"2023-07-26T18:22:29","date_gmt":"2023-07-26T18:22:29","guid":{"rendered":"https:\/\/distribucionarc.com\/?post_type=product&#038;p=6240"},"modified":"2023-07-26T18:22:30","modified_gmt":"2023-07-26T18:22:30","slug":"feliere-branza-automata","status":"publish","type":"product","link":"https:\/\/distribucionarc.com\/ro\/producto\/cortadora-de-queso-automatica\/","title":{"rendered":"T\u0103i\u0103tor automat de br\u00e2nz\u0103"},"content":{"rendered":"<h2>Feliere br\u00e2nz\u0103 triunghiular\u0103<\/h2>\n<p><strong>Ma\u0219ina de t\u0103iat br\u00e2nz\u0103 triunghiular\u0103<\/strong> Este o ma\u0219in\u0103 specializat\u0103 conceput\u0103 pentru a optimiza prepararea unor produse specifice br\u00e2nzeturilor \u00een forme triunghiulare \u0219i jum\u0103tate. Cu o l\u0103\u021bime a cu\u021bitului de 300 mm \u0219i o \u00een\u0103l\u021bime a cu\u021bitului de 127 mm, aceast\u0103 feliere asigur\u0103 t\u0103ieturi precise \u0219i uniforme \u00een fiecare por\u021bie de br\u00e2nz\u0103. Func\u021bionarea sa eficient\u0103 permite viteze de p\u00e2n\u0103 la 60 de t\u0103ieturi pe minut, cresc\u00e2nd semnificativ productivitatea \u0219i debitul \u00een mediile comerciale \u0219i de produc\u021bie alimentar\u0103.<\/p>\n<p><a href=\"https:\/\/distribucionarc.com\/wp-content\/uploads\/2023\/07\/CORTADORA-DE-QUESO-TRIANGUILO-MEDIDAS.jpg\"><img loading=\"lazy\" decoding=\"async\" class=\"alignnone size-medium wp-image-6241\" src=\"https:\/\/distribucionarc.com\/wp-content\/uploads\/2023\/07\/CORTADORA-DE-QUESO-TRIANGUILO-MEDIDAS-300x236.jpg\" alt=\"\" width=\"300\" height=\"236\" srcset=\"https:\/\/distribucionarc.com\/wp-content\/uploads\/2023\/07\/CORTADORA-DE-QUESO-TRIANGUILO-MEDIDAS-300x236.jpg 300w, https:\/\/distribucionarc.com\/wp-content\/uploads\/2023\/07\/CORTADORA-DE-QUESO-TRIANGUILO-MEDIDAS-430x339.jpg 430w, https:\/\/distribucionarc.com\/wp-content\/uploads\/2023\/07\/CORTADORA-DE-QUESO-TRIANGUILO-MEDIDAS-150x118.jpg 150w, https:\/\/distribucionarc.com\/wp-content\/uploads\/2023\/07\/CORTADORA-DE-QUESO-TRIANGUILO-MEDIDAS-600x472.jpg 600w, https:\/\/distribucionarc.com\/wp-content\/uploads\/2023\/07\/CORTADORA-DE-QUESO-TRIANGUILO-MEDIDAS-15x12.jpg 15w, https:\/\/distribucionarc.com\/wp-content\/uploads\/2023\/07\/CORTADORA-DE-QUESO-TRIANGUILO-MEDIDAS-48x38.jpg 48w, https:\/\/distribucionarc.com\/wp-content\/uploads\/2023\/07\/CORTADORA-DE-QUESO-TRIANGUILO-MEDIDAS.jpg 696w\" sizes=\"auto, (max-width: 300px) 100vw, 300px\" \/><\/a><\/p>\n<p>SPECIFICA\u021aII TEHNICE<\/p>\n<ul>\n<li>Tensiune: 220V\/50H+10%<\/li>\n<li>Putere maxima 1.0kw<\/li>\n<li>L\u0103\u021bimea cu\u021bitului 300 mm<\/li>\n<li>\u00cen\u0103l\u021bimea cu\u021bitului 127 mm<\/li>\n<li>Viteza de taiere 60 taieri\/min<\/li>\n<li>Dimensiuni 169*mm 67*mm 80*mm<\/li>\n<li>Greutate 200KG<\/li>\n<\/ul>","protected":false},"excerpt":{"rendered":"<p>Feliator triunghiular de br\u00e2nz\u0103 Felitorul triunghiular de br\u00e2nz\u0103 este o ma\u0219in\u0103 specializat\u0103 conceput\u0103 pentru a optimiza prepararea produselor<\/p>","protected":false},"featured_media":6242,"comment_status":"open","ping_status":"closed","template":"","meta":{"wds_primary_product_brand":0,"wds_primary_product_cat":0},"product_brand":[],"product_cat":[266],"product_tag":[],"class_list":{"0":"post-6240","1":"product","2":"type-product","3":"status-publish","4":"has-post-thumbnail","6":"product_cat-accessories","7":"product_shipping_class-express","9":"first","10":"instock","11":"taxable","12":"shipping-taxable","13":"purchasable","14":"product-type-simple"},"yoast_head":"<!-- This site is optimized with the Yoast SEO Premium plugin v24.9 (Yoast SEO v26.1) - https:\/\/yoast.com\/wordpress\/plugins\/seo\/ -->\n<title>Cortadora de queso automatica - distribuci\u00f3n ARC<\/title>\n<meta name=\"robots\" content=\"index, follow, max-snippet:-1, max-image-preview:large, max-video-preview:-1\" \/>\n<link rel=\"canonical\" href=\"https:\/\/distribucionarc.com\/ro\/produs\/feliere-branza-automata\/\" \/>\n<meta property=\"og:locale\" content=\"ro_RO\" \/>\n<meta property=\"og:type\" content=\"article\" \/>\n<meta property=\"og:title\" content=\"Cortadora de queso automatica\" \/>\n<meta property=\"og:description\" content=\"Cortadora de queso triangulo La cortadora de queso tri\u00e1ngulo es una m\u00e1quina especializada dise\u00f1ada para optimizar la preparaci\u00f3n de productos\" \/>\n<meta property=\"og:url\" content=\"https:\/\/distribucionarc.com\/ro\/produs\/feliere-branza-automata\/\" \/>\n<meta property=\"og:site_name\" content=\"distribuci\u00f3n ARC\" \/>\n<meta property=\"article:modified_time\" content=\"2023-07-26T18:22:30+00:00\" \/>\n<meta property=\"og:image\" content=\"https:\/\/distribucionarc.com\/wp-content\/uploads\/2023\/07\/CORTADORA-DE-QUESO-TRIANGULO.png\" \/>\n\t<meta property=\"og:image:width\" content=\"564\" \/>\n\t<meta property=\"og:image:height\" content=\"1026\" \/>\n\t<meta property=\"og:image:type\" content=\"image\/png\" \/>\n<meta name=\"twitter:card\" content=\"summary_large_image\" \/>\n<meta name=\"twitter:label1\" content=\"Timp estimat pentru citire\" \/>\n\t<meta name=\"twitter:data1\" content=\"1 minut\" \/>\n<script type=\"application\/ld+json\" class=\"yoast-schema-graph\">{\"@context\":\"https:\/\/schema.org\",\"@graph\":[{\"@type\":\"WebPage\",\"@id\":\"https:\/\/distribucionarc.com\/lt\/producto\/cortadora-de-queso-automatica\/\",\"url\":\"https:\/\/distribucionarc.com\/lt\/producto\/cortadora-de-queso-automatica\/\",\"name\":\"Cortadora de queso automatica - distribuci\u00f3n ARC\",\"isPartOf\":{\"@id\":\"https:\/\/distribucionarc.com\/de\/#website\"},\"primaryImageOfPage\":{\"@id\":\"https:\/\/distribucionarc.com\/lt\/producto\/cortadora-de-queso-automatica\/#primaryimage\"},\"image\":{\"@id\":\"https:\/\/distribucionarc.com\/lt\/producto\/cortadora-de-queso-automatica\/#primaryimage\"},\"thumbnailUrl\":\"https:\/\/distribucionarc.com\/wp-content\/uploads\/2023\/07\/CORTADORA-DE-QUESO-TRIANGULO.png\",\"datePublished\":\"2023-07-26T18:22:29+00:00\",\"dateModified\":\"2023-07-26T18:22:30+00:00\",\"breadcrumb\":{\"@id\":\"https:\/\/distribucionarc.com\/lt\/producto\/cortadora-de-queso-automatica\/#breadcrumb\"},\"inLanguage\":\"ro-RO\",\"potentialAction\":[{\"@type\":\"ReadAction\",\"target\":[\"https:\/\/distribucionarc.com\/lt\/producto\/cortadora-de-queso-automatica\/\"]}]},{\"@type\":\"ImageObject\",\"inLanguage\":\"ro-RO\",\"@id\":\"https:\/\/distribucionarc.com\/lt\/producto\/cortadora-de-queso-automatica\/#primaryimage\",\"url\":\"https:\/\/distribucionarc.com\/wp-content\/uploads\/2023\/07\/CORTADORA-DE-QUESO-TRIANGULO.png\",\"contentUrl\":\"https:\/\/distribucionarc.com\/wp-content\/uploads\/2023\/07\/CORTADORA-DE-QUESO-TRIANGULO.png\",\"width\":564,\"height\":1026},{\"@type\":\"BreadcrumbList\",\"@id\":\"https:\/\/distribucionarc.com\/lt\/producto\/cortadora-de-queso-automatica\/#breadcrumb\",\"itemListElement\":[{\"@type\":\"ListItem\",\"position\":1,\"name\":\"Portada\",\"item\":\"https:\/\/distribucionarc.com\/pl\/\"},{\"@type\":\"ListItem\",\"position\":2,\"name\":\"Produkty\",\"item\":\"https:\/\/distribucionarc.com\/pl\/shop\/\"},{\"@type\":\"ListItem\",\"position\":3,\"name\":\"Cortadora de queso automatica\"}]},{\"@type\":\"WebSite\",\"@id\":\"https:\/\/distribucionarc.com\/de\/#website\",\"url\":\"https:\/\/distribucionarc.com\/de\/\",\"name\":\"distribuci\u00f3n ARC\",\"description\":\"Empresa especializada en la fabricaci\u00f3n y distribuci\u00f3n de maquinaria industrial, selladoras de latas, Maquinas de hacer pastillas, Maquinas de cortar carne...\",\"publisher\":{\"@id\":\"https:\/\/distribucionarc.com\/de\/#organization\"},\"potentialAction\":[{\"@type\":\"SearchAction\",\"target\":{\"@type\":\"EntryPoint\",\"urlTemplate\":\"https:\/\/distribucionarc.com\/de\/?s={search_term_string}\"},\"query-input\":{\"@type\":\"PropertyValueSpecification\",\"valueRequired\":true,\"valueName\":\"search_term_string\"}}],\"inLanguage\":\"ro-RO\"},{\"@type\":\"Organization\",\"@id\":\"https:\/\/distribucionarc.com\/de\/#organization\",\"name\":\"Distribuci\u00f3n ARC\",\"url\":\"https:\/\/distribucionarc.com\/de\/\",\"logo\":{\"@type\":\"ImageObject\",\"inLanguage\":\"ro-RO\",\"@id\":\"https:\/\/distribucionarc.com\/de\/#\/schema\/logo\/image\/\",\"url\":\"https:\/\/distribucionarc.com\/wp-content\/uploads\/2024\/10\/distribucion-ARC-COLOR-SIN-FONDO-e1732295305345.png\",\"contentUrl\":\"https:\/\/distribucionarc.com\/wp-content\/uploads\/2024\/10\/distribucion-ARC-COLOR-SIN-FONDO-e1732295305345.png\",\"width\":1164,\"height\":558,\"caption\":\"Distribuci\u00f3n ARC\"},\"image\":{\"@id\":\"https:\/\/distribucionarc.com\/de\/#\/schema\/logo\/image\/\"},\"description\":\"Empresa especializada en la fabricaci\u00f3n y distribuci\u00f3n de maquinaria industrial para los sectores alimentario y farmac\u00e9utico. Nos especializamos en: M\u00e1quinas de cortar carne Fabricaci\u00f3n de comprimidos Sistemas de transporte industrial L\u00edneas de embotellado Dosificadores Y mucho m\u00e1s... Ofrecemos soluciones innovadoras y personalizadas para optimizar los procesos productivos de tu empresa.\",\"email\":\"Admistracion@distribucionarc.com\",\"telephone\":\"+34 643496664\",\"legalName\":\"ARC TECH SOLUTIONS\",\"foundingDate\":\"2024-04-09\",\"vatID\":\"B55480172\",\"numberOfEmployees\":{\"@type\":\"QuantitativeValue\",\"minValue\":\"1\",\"maxValue\":\"10\"}}]}<\/script>\n<!-- \/ Yoast SEO Premium plugin. -->","yoast_head_json":{"title":"T\u0103i\u0103tor automat de br\u00e2nz\u0103 - distribu\u021bie ARC","robots":{"index":"index","follow":"follow","max-snippet":"max-snippet:-1","max-image-preview":"max-image-preview:large","max-video-preview":"max-video-preview:-1"},"canonical":"https:\/\/distribucionarc.com\/ro\/produs\/feliere-branza-automata\/","og_locale":"ro_RO","og_type":"article","og_title":"Cortadora de queso automatica","og_description":"Cortadora de queso triangulo La cortadora de queso tri\u00e1ngulo es una m\u00e1quina especializada dise\u00f1ada para optimizar la preparaci\u00f3n de productos","og_url":"https:\/\/distribucionarc.com\/ro\/produs\/feliere-branza-automata\/","og_site_name":"distribuci\u00f3n ARC","article_modified_time":"2023-07-26T18:22:30+00:00","og_image":[{"width":564,"height":1026,"url":"https:\/\/distribucionarc.com\/wp-content\/uploads\/2023\/07\/CORTADORA-DE-QUESO-TRIANGULO.png","type":"image\/png"}],"twitter_card":"summary_large_image","twitter_misc":{"Timp estimat pentru citire":"1 minut"},"schema":{"@context":"https:\/\/schema.org","@graph":[{"@type":"WebPage","@id":"https:\/\/distribucionarc.com\/lt\/producto\/cortadora-de-queso-automatica\/","url":"https:\/\/distribucionarc.com\/lt\/producto\/cortadora-de-queso-automatica\/","name":"T\u0103i\u0103tor automat de br\u00e2nz\u0103 - distribu\u021bie ARC","isPartOf":{"@id":"https:\/\/distribucionarc.com\/de\/#website"},"primaryImageOfPage":{"@id":"https:\/\/distribucionarc.com\/lt\/producto\/cortadora-de-queso-automatica\/#primaryimage"},"image":{"@id":"https:\/\/distribucionarc.com\/lt\/producto\/cortadora-de-queso-automatica\/#primaryimage"},"thumbnailUrl":"https:\/\/distribucionarc.com\/wp-content\/uploads\/2023\/07\/CORTADORA-DE-QUESO-TRIANGULO.png","datePublished":"2023-07-26T18:22:29+00:00","dateModified":"2023-07-26T18:22:30+00:00","breadcrumb":{"@id":"https:\/\/distribucionarc.com\/lt\/producto\/cortadora-de-queso-automatica\/#breadcrumb"},"inLanguage":"ro-RO","potentialAction":[{"@type":"ReadAction","target":["https:\/\/distribucionarc.com\/lt\/producto\/cortadora-de-queso-automatica\/"]}]},{"@type":"ImageObject","inLanguage":"ro-RO","@id":"https:\/\/distribucionarc.com\/lt\/producto\/cortadora-de-queso-automatica\/#primaryimage","url":"https:\/\/distribucionarc.com\/wp-content\/uploads\/2023\/07\/CORTADORA-DE-QUESO-TRIANGULO.png","contentUrl":"https:\/\/distribucionarc.com\/wp-content\/uploads\/2023\/07\/CORTADORA-DE-QUESO-TRIANGULO.png","width":564,"height":1026},{"@type":"BreadcrumbList","@id":"https:\/\/distribucionarc.com\/lt\/producto\/cortadora-de-queso-automatica\/#breadcrumb","itemListElement":[{"@type":"ListItem","position":1,"name":"Portada","item":"https:\/\/distribucionarc.com\/pl\/"},{"@type":"ListItem","position":2,"name":"Produkty","item":"https:\/\/distribucionarc.com\/pl\/shop\/"},{"@type":"ListItem","position":3,"name":"Cortadora de queso automatica"}]},{"@type":"WebSite","@id":"https:\/\/distribucionarc.com\/de\/#website","url":"https:\/\/distribucionarc.com\/de\/","name":"Distribu\u021bie ARC","description":"Companie specializat\u0103 \u00een fabricarea \u0219i distribu\u021bia de utilaje industriale, ma\u0219ini de sigilat cutii, ma\u0219ini de fabricat tablete, ma\u0219ini de t\u0103iat carne...","publisher":{"@id":"https:\/\/distribucionarc.com\/de\/#organization"},"potentialAction":[{"@type":"SearchAction","target":{"@type":"EntryPoint","urlTemplate":"https:\/\/distribucionarc.com\/de\/?s={search_term_string}"},"query-input":{"@type":"PropertyValueSpecification","valueRequired":true,"valueName":"search_term_string"}}],"inLanguage":"ro-RO"},{"@type":"Organization","@id":"https:\/\/distribucionarc.com\/de\/#organization","name":"Distribu\u021bie ARC","url":"https:\/\/distribucionarc.com\/de\/","logo":{"@type":"ImageObject","inLanguage":"ro-RO","@id":"https:\/\/distribucionarc.com\/de\/#\/schema\/logo\/image\/","url":"https:\/\/distribucionarc.com\/wp-content\/uploads\/2024\/10\/distribucion-ARC-COLOR-SIN-FONDO-e1732295305345.png","contentUrl":"https:\/\/distribucionarc.com\/wp-content\/uploads\/2024\/10\/distribucion-ARC-COLOR-SIN-FONDO-e1732295305345.png","width":1164,"height":558,"caption":"Distribuci\u00f3n ARC"},"image":{"@id":"https:\/\/distribucionarc.com\/de\/#\/schema\/logo\/image\/"},"description":"Companie specializat\u0103 \u00een fabricarea \u0219i distribu\u021bia de utilaje industriale pentru sectoarele alimentar \u0219i farmaceutic. Suntem specializa\u021bi \u00een: Ma\u0219ini de t\u0103iat carne Fabricarea tabletelor Sisteme de transport industrial Linii de \u00eembuteliere Distribuitoare \u0218i multe altele... Oferim solu\u021bii inovatoare \u0219i personalizate pentru a optimiza procesele de produc\u021bie ale companiei dumneavoastr\u0103.","email":"Admistracion@distribucionarc.com","telephone":"+34 643496664","legalName":"ARC TECH SOLUTIONS","foundingDate":"2024-04-09","vatID":"B55480172","numberOfEmployees":{"@type":"QuantitativeValue","minValue":"1","maxValue":"10"}}]}},"_links":{"self":[{"href":"https:\/\/distribucionarc.com\/ro\/wp-json\/wp\/v2\/product\/6240","targetHints":{"allow":["GET"]}}],"collection":[{"href":"https:\/\/distribucionarc.com\/ro\/wp-json\/wp\/v2\/product"}],"about":[{"href":"https:\/\/distribucionarc.com\/ro\/wp-json\/wp\/v2\/types\/product"}],"replies":[{"embeddable":true,"href":"https:\/\/distribucionarc.com\/ro\/wp-json\/wp\/v2\/comments?post=6240"}],"version-history":[{"count":0,"href":"https:\/\/distribucionarc.com\/ro\/wp-json\/wp\/v2\/product\/6240\/revisions"}],"wp:featuredmedia":[{"embeddable":true,"href":"https:\/\/distribucionarc.com\/ro\/wp-json\/wp\/v2\/media\/6242"}],"wp:attachment":[{"href":"https:\/\/distribucionarc.com\/ro\/wp-json\/wp\/v2\/media?parent=6240"}],"wp:term":[{"taxonomy":"product_brand","embeddable":true,"href":"https:\/\/distribucionarc.com\/ro\/wp-json\/wp\/v2\/product_brand?post=6240"},{"taxonomy":"product_cat","embeddable":true,"href":"https:\/\/distribucionarc.com\/ro\/wp-json\/wp\/v2\/product_cat?post=6240"},{"taxonomy":"product_tag","embeddable":true,"href":"https:\/\/distribucionarc.com\/ro\/wp-json\/wp\/v2\/product_tag?post=6240"}],"curies":[{"name":"wp","href":"https:\/\/api.w.org\/{rel}","templated":true}]}}