{"id":627,"date":"2020-04-30T16:36:12","date_gmt":"2020-04-30T16:36:12","guid":{"rendered":"https:\/\/distribucionarc.com\/?post_type=product&#038;p=627"},"modified":"2023-04-12T22:40:29","modified_gmt":"2023-04-12T22:40:29","slug":"masina-semiautomatica-de-sigilat-termic-inductie-de-capsule","status":"publish","type":"product","link":"https:\/\/distribucionarc.com\/ro\/producto\/maquina-selladora-de-induccion-termica-selladora-de-operculos-semiautomatica\/","title":{"rendered":"Ma\u0219in\u0103 de etan\u0219are cu induc\u021bie termic\u0103 semi-automat\u0103 Operculum Sealer"},"content":{"rendered":"<p>Aceast\u0103 ma\u0219in\u0103 de etan\u0219are prin induc\u021bie termic\u0103 func\u021bioneaz\u0103 pe sticle nemetalice, acestea trebuie s\u0103 fie din plastic sau sticl\u0103 precum \u0219i recipiente \u00een form\u0103 de cea\u0219c\u0103. Este actualizat pentru metoda popular\u0103 de etan\u0219are la aer. Sigilarea termic\u0103 prin induc\u021bie \u00eembun\u0103t\u0103\u021be\u0219te calitatea produsului, previne absorb\u021bia natural\u0103 a umidit\u0103\u021bii, prelunge\u0219te durata de valabilitate, adaug\u0103 securitate \u00eempotriva contrafacerii. \u00cen zilele noastre, instala\u021bia de etan\u0219are a devenit esen\u021bial\u0103 \u0219i este utilizat\u0103 pe scar\u0103 larg\u0103 \u00een industriile chimic\u0103, farmaceutic\u0103 \u0219i cosmetic\u0103, precum \u0219i \u00een b\u0103uturi \u0219i alimente, printre alte industrii.<\/p>\n<ul>\n<li>Potrivit pentru sticle de sticl\u0103 sau plastic, cum ar fi ABS, PE (HDPE, LDPE), PET, PP, PS, PVC, (Nu utiliza\u021bi recipiente metalice), capace cu \u0219uruburi, capace inviolabile etc.<\/li>\n<li>Func\u021bioneaz\u0103 pentru a sigila o mare varietate de produse ambalate precum: pulberi, capsule \u0219i pastile, lapte, ap\u0103, suc, iaurt, alcool, gelatin\u0103, alimente procesate, ulei de motor etc.<\/li>\n<li>semiautomat.<\/li>\n<li>Etan\u0219are ermetic\u0103 prin induc\u021bie de c\u0103ldur\u0103 f\u0103r\u0103 contact direct.<\/li>\n<li>Este foarte usor de manevrat deoarece este proiectat cu un panou.<\/li>\n<li>F\u0103r\u0103 piese \u00een mi\u0219care, f\u0103r\u0103 zgomot, componentele electronice asamblate sunt 100% cu stare solid\u0103 pentru o via\u021b\u0103 lung\u0103.<\/li>\n<li>Este foarte sigur de utilizat, are un circuit de protec\u021bie \u00eempotriva supra\u00eenc\u0103rc\u0103rilor de curent \u0219i supra\u00eenc\u0103lzirii.<\/li>\n<li>Standard de \u00eenalt\u0103 calitate \u0219i siguran\u021b\u0103: GB 15579 \u0219i 1995<\/li>\n<li>Putere: 110V \u0219i 220V<\/li>\n<li>Putere de iesire: 1800W<\/li>\n<li>Diametru de etan\u0219are de la: 20 p\u00e2n\u0103 la 80 mm<\/li>\n<li>Temperatura ambiant\u0103 de lucru: 25 p\u00e2n\u0103 la 45 \u00b0C<\/li>\n<li>Umiditate relativ\u0103: \u2264 95%<\/li>\n<li>Inaltime reglabila de la: 20 la 350 mm.<\/li>\n<li>Viteza curelei: p\u00e2n\u0103 la 8,5 m\/min.<\/li>\n<\/ul>\n<div id=\"comp-ju8d08ip\" class=\"style-ju8e633l\" data-is-absolute-layout=\"false\">\n<div id=\"comp-ju8d08ipinlineContent\" class=\"style-ju8e633linlineContent\">\n<div id=\"comp-ju8d08ipinlineContent-gridWrapper\" data-mesh-internal=\"true\">\n<div id=\"comp-ju8d08ipinlineContent-gridContainer\" data-mesh-internal=\"true\">\n<div id=\"comp-ju8d2m6m\" class=\"s_BIwzIGroupSkin\" data-is-absolute-layout=\"false\">\n<div id=\"comp-ju8d2m6minlineContent\" class=\"s_BIwzIGroupSkininlineContent\">\n<div id=\"comp-ju8d2m6minlineContent-gridWrapper\" data-mesh-internal=\"true\">\n<div id=\"comp-ju8d2m6minlineContent-gridContainer\" data-mesh-internal=\"true\">\n<div id=\"comp-ju8d26x1\" class=\"txtNew\" data-packed=\"true\">\n<h6 class=\"font_6\">Ce este sigilarea ambalajelor prin induc\u021bie?<\/h6>\n<p class=\"font_8\">\n<\/div>\n<div id=\"comp-ju8d270s\" class=\"style-ju8d27a4\" title=\"\" data-is-responsive=\"false\" data-display-mode=\"fill\" data-content-padding-horizontal=\"4\" data-content-padding-vertical=\"4\" data-exact-height=\"98\">\n<div id=\"comp-ju8d270slink\" class=\"style-ju8d27a4link\"><img decoding=\"async\" id=\"comp-ju8d270simgimage\" src=\"https:\/\/static.wixstatic.com\/media\/0ab0df_fc6543c220494629b174900d082fb8c2.jpg\/v1\/fill\/w_104,h_94,al_c,q_80,usm_0.66_1.00_0.01\/0ab0df_fc6543c220494629b174900d082fb8c2.webp\" alt=\"\" data-type=\"image\" \/><\/div>\n<\/div>\n<div id=\"comp-ju8d2750\" class=\"txtNew\" data-packed=\"true\">\n<p class=\"font_8\">Sigilarea containerelor cu induc\u021bie se bazeaz\u0103 pe un sistem de etan\u0219are curat, f\u0103r\u0103 contact, prin care un opercul sau \u201edisc\u201d de aluminiu este lipit peste perimetrul gurii unui container.<\/p>\n<\/div>\n<\/div>\n<\/div>\n<\/div>\n<\/div>\n<div id=\"comp-ju8deb64\" class=\"txtNew\" data-packed=\"true\">\n<h6 class=\"font_6\">\u00cen primul r\u00e2nd, pentru a etan\u0219a un recipient prin induc\u021bie, existen\u021ba unui capac filetat este esen\u021bial\u0103, iar acesta nu poate fi metalic. Discul\/capacul de induc\u021bie trebuie s\u0103 fie deja plasat \u00een interiorul capacului.<\/h6>\n<h6 class=\"font_6\"><span class=\"wixGuard\">\u200b<\/span><\/h6>\n<h6 class=\"font_6\">In ceea ce priveste corpul recipientului, se va recomanda intotdeauna ca acesta sa fie realizat din orice polimer plastic (PP, PET, PE, etc.). Pentru recipientele din sticl\u0103, v\u0103 recomand\u0103m s\u0103 utiliza\u021bi sistemul de etan\u0219are prin conduc\u021bie sau cunoscut \u0219i ca: etan\u0219are termic\u0103.<\/h6>\n<h6 class=\"font_6\"><span class=\"wixGuard\">\u200b<\/span><\/h6>\n<h6 class=\"font_6\">Un dop potrivit. Pentru etan\u0219area prin induc\u021bie pot compune urm\u0103toarele elemente (straturi):<\/h6>\n<h6 class=\"font_6\"><span class=\"wixGuard\">\u200b<\/span><\/h6>\n<\/div>\n<div id=\"comp-ju8d8b6w\" class=\"s_BIwzIGroupSkin\" data-is-absolute-layout=\"false\">\n<div id=\"comp-ju8d8b6winlineContent\" class=\"s_BIwzIGroupSkininlineContent\">\n<div id=\"comp-ju8d8b6winlineContent-gridWrapper\" data-mesh-internal=\"true\">\n<div id=\"comp-ju8d8b6winlineContent-gridContainer\" data-mesh-internal=\"true\">\n<div id=\"comp-ju8d8bb0\" class=\"txtNew\" data-packed=\"true\">\n<h2 class=\"font_2\">Capac intern \u201ef\u0103r\u0103 bavuri\u201d, potrivit pentru \u00eencorporarea discului\/operculului din aluminiu<\/h2>\n<\/div>\n<div id=\"comp-ju8d8bba\" class=\"txtNew\" data-packed=\"true\">\n<h2 class=\"font_2\">Carton: acest element \u00eendepline\u0219te o dubl\u0103 func\u021bie, deoarece nu este doar necesar s\u0103 se \u00eencorporeze \u0219i s\u0103 se centreze operculul \u00een capac, dar va garanta, de asemenea, c\u0103 operculul are un contact adecvat cu gura recipientului odat\u0103 ce capacul este \u00eenchis \u0219i \u00eenainte de induc\u021bie. etan\u0219are.<\/h2>\n<\/div>\n<div id=\"comp-ju8d8bbi\" class=\"txtNew\" data-packed=\"true\">\n<h2 class=\"font_2\">straturi adezive<\/h2>\n<\/div>\n<div id=\"comp-ju8d8bbr\" class=\"txtNew\" data-packed=\"true\">\n<h2 class=\"font_2\">Opercul \/ foaie de aluminiu. F\u0103r\u0103 \u00eendoial\u0103, cel mai important element dintre toate, deoarece f\u0103r\u0103 el, ar fi imposibil s\u0103 sigila\u021bi recipientul. \u00cen prezent, exist\u0103 diferite tipuri de huse a c\u0103ror alegere va depinde de tipul de produs pe care dori\u021bi s\u0103-l sigila\u021bi.<\/h2>\n<\/div>\n<div id=\"comp-ju8d8bc0\" class=\"ca1\" title=\"\" data-is-responsive=\"false\" data-display-mode=\"stretch\" data-content-padding-horizontal=\"0\" data-content-padding-vertical=\"0\" data-exact-height=\"166\">\n<div id=\"comp-ju8d8bc0link\" class=\"ca1link\"><img decoding=\"async\" id=\"comp-ju8d8bc0imgimage\" src=\"https:\/\/static.wixstatic.com\/media\/0ab0df_0918d28554344404b02ebd3639ef0817.jpg\/v1\/fill\/w_93,h_166,al_c,q_80,usm_0.66_1.00_0.01\/0ab0df_0918d28554344404b02ebd3639ef0817.webp\" alt=\"\" data-type=\"image\" \/><\/div>\n<\/div>\n<div id=\"comp-ju8d8bcd-rotated-wrapper\" data-mesh-internal=\"true\">\n<div id=\"comp-ju8d8bcd\" class=\"style-ju4eg3ke1\" data-svg-id=\"b851f16f69da4d608e8726a8c991fe31.svg\" data-svg-type=\"shape\" data-display-mode=\"legacyFit\" data-strokewidth=\"1\" data-viewbox=\"0 0 200 200\" data-preserve-viewbox=\"ignore\" data-angle=\"229\" data-angle-style-location=\"inline\">\n<div id=\"comp-ju8d8bcdlink\" class=\"style-ju4eg3ke1link\">\n<div id=\"comp-ju8d8bcdsvg\" class=\"style-ju4eg3ke1_comp-ju8d8bcd style-ju4eg3ke1_non-scaling-stroke style-ju4eg3ke1svg\"><\/div>\n<\/div>\n<\/div>\n<\/div>\n<div id=\"comp-ju8d8bcw-rotated-wrapper\" data-mesh-internal=\"true\">\n<div id=\"comp-ju8d8bcw\" class=\"style-ju4eg3ke1\" data-svg-id=\"b851f16f69da4d608e8726a8c991fe31.svg\" data-svg-type=\"shape\" data-display-mode=\"legacyFit\" data-strokewidth=\"1\" data-viewbox=\"0 0 200 200\" data-preserve-viewbox=\"ignore\" data-angle=\"232\" data-angle-style-location=\"inline\">\n<div id=\"comp-ju8d8bcwlink\" class=\"style-ju4eg3ke1link\">\n<div id=\"comp-ju8d8bcwsvg\" class=\"style-ju4eg3ke1_comp-ju8d8bcw style-ju4eg3ke1_non-scaling-stroke style-ju4eg3ke1svg\"><\/div>\n<\/div>\n<\/div>\n<\/div>\n<div id=\"comp-ju8d8bd9-rotated-wrapper\" data-mesh-internal=\"true\">\n<div id=\"comp-ju8d8bd9\" class=\"style-ju4eg3ke1\" data-svg-id=\"b851f16f69da4d608e8726a8c991fe31.svg\" data-svg-type=\"shape\" data-display-mode=\"legacyFit\" data-strokewidth=\"1\" data-viewbox=\"0 0 200 200\" data-preserve-viewbox=\"ignore\" data-angle=\"153\" data-angle-style-location=\"inline\">\n<div id=\"comp-ju8d8bd9link\" class=\"style-ju4eg3ke1link\">\n<div id=\"comp-ju8d8bd9svg\" class=\"style-ju4eg3ke1_comp-ju8d8bd9 style-ju4eg3ke1_non-scaling-stroke style-ju4eg3ke1svg\"><\/div>\n<\/div>\n<\/div>\n<\/div>\n<div id=\"comp-ju8d8bdm-rotated-wrapper\" data-mesh-internal=\"true\">\n<div id=\"comp-ju8d8bdm\" class=\"style-ju4eg3ke1\" data-svg-id=\"b851f16f69da4d608e8726a8c991fe31.svg\" data-svg-type=\"shape\" data-display-mode=\"legacyFit\" data-strokewidth=\"1\" data-viewbox=\"0 0 200 200\" data-preserve-viewbox=\"ignore\" data-angle=\"67\" data-angle-style-location=\"inline\">\n<div id=\"comp-ju8d8bdmlink\" class=\"style-ju4eg3ke1link\">\n<div id=\"comp-ju8d8bdmsvg\" class=\"style-ju4eg3ke1_comp-ju8d8bdm style-ju4eg3ke1_non-scaling-stroke style-ju4eg3ke1svg\"><\/div>\n<\/div>\n<\/div>\n<\/div>\n<div id=\"comp-ju8d8bdx-rotated-wrapper\" data-mesh-internal=\"true\">\n<div id=\"comp-ju8d8bdx\" class=\"style-ju4eg3ke1\" data-svg-id=\"b851f16f69da4d608e8726a8c991fe31.svg\" data-svg-type=\"shape\" data-display-mode=\"legacyFit\" data-strokewidth=\"1\" data-viewbox=\"0 0 200 200\" data-preserve-viewbox=\"ignore\" data-angle=\"259\" data-angle-style-location=\"inline\">\n<div id=\"comp-ju8d8bdxlink\" class=\"style-ju4eg3ke1link\">\n<div id=\"comp-ju8d8bdxsvg\" class=\"style-ju4eg3ke1_comp-ju8d8bdx style-ju4eg3ke1_non-scaling-stroke style-ju4eg3ke1svg\"><\/div>\n<\/div>\n<\/div>\n<\/div>\n<\/div>\n<\/div>\n<\/div>\n<\/div>\n<\/div>\n<\/div>\n<\/div>\n<\/div>\n<p><iframe loading=\"lazy\" src=\"https:\/\/www.youtube.com\/embed\/Y59OPYvS82g\" width=\"560\" height=\"315\" frameborder=\"0\" allowfullscreen=\"allowfullscreen\">&nbsp;<\/p>\n<p><\/iframe><\/p>","protected":false},"excerpt":{"rendered":"<h2>Aparat de etan\u0219are semi-automat pentru capac cu induc\u021bie termic\u0103<\/h2>\n<p>Sigilarea termic\u0103 prin induc\u021bie \u00eembun\u0103t\u0103\u021be\u0219te calitatea produsului, previne absorb\u021bia natural\u0103 a umidit\u0103\u021bii, prelunge\u0219te durata de valabilitate, adaug\u0103 securitate \u00eempotriva contrafacerii.<\/p>\n<h6 class=\"font_8\">Masina de etansare semiautomata cu inductie recomandata pentru productie mare, economica, cu cap de etansare pentru diametrele gurii containerului de la<\/h6>\n<p class=\"font_8\">\u00d820 mm p\u00e2n\u0103 la \u00d880 mm.<\/p>\n<p class=\"font_8\"><span class=\"wixGuard\">\u200b<\/span><\/p>\n<p class=\"font_8\">Se caracterizeaz\u0103 prin faptul c\u0103 este compact \u0219i u\u0219or, dar \u00een acela\u0219i timp are puterea \u0219i eficacitatea necesare pentru marea majoritate a aplica\u021biilor de etan\u0219are prin induc\u021bie; controlat de un cip SIEMENS \u201cIGBT\u201d cu randament ridicat si consum electric redus. Recomandarea noastra, Calitate-Pret pentru productii mari.<\/p>","protected":false},"featured_media":628,"comment_status":"open","ping_status":"closed","template":"","meta":{"wds_primary_product_brand":0,"wds_primary_product_cat":0},"product_brand":[],"product_cat":[45,28],"product_tag":[],"class_list":{"0":"post-627","1":"product","2":"type-product","3":"status-publish","4":"has-post-thumbnail","6":"product_cat-selladoras-de-induccion","7":"product_cat-tapadoras","9":"first","10":"instock","11":"taxable","12":"shipping-taxable","13":"purchasable","14":"product-type-simple"},"yoast_head":"<!-- This site is optimized with the Yoast SEO Premium plugin v24.9 (Yoast SEO v26.1) - https:\/\/yoast.com\/wordpress\/plugins\/seo\/ -->\n<title>M\u00e1quina Selladora de Inducci\u00f3n T\u00e9rmica selladora de op\u00e9rculos semiautom\u00e1tica - distribuci\u00f3n ARC<\/title>\n<meta name=\"robots\" content=\"index, follow, max-snippet:-1, max-image-preview:large, max-video-preview:-1\" \/>\n<link rel=\"canonical\" href=\"https:\/\/distribucionarc.com\/ro\/produs\/masina-semiautomatica-de-sigilat-termic-inductie-de-capsule\/\" \/>\n<meta property=\"og:locale\" content=\"ro_RO\" \/>\n<meta property=\"og:type\" content=\"article\" \/>\n<meta property=\"og:title\" content=\"M\u00e1quina Selladora de Inducci\u00f3n T\u00e9rmica selladora de op\u00e9rculos semiautom\u00e1tica\" \/>\n<meta property=\"og:description\" content=\"selladora de op\u00e9rculos inducci\u00f3n t\u00e9rmica semiautom\u00e1tica El sellado t\u00e9rmico por inducci\u00f3n mejora la calidad del producto, evita la absorci\u00f3n de la humedad natural, prolonga el per\u00edodo de caducidad, a\u00f1ade seguridad contra falsificaciones. Selladora semiautom\u00e1tica por inducci\u00f3n recomendada para altas producciones, econ\u00f3mica, con cabezal de sellado para di\u00e1metros de bocas de envases desde \u00d820 mm hasta \u00d880 mm. \u200b Se caracteriza por ser compacta y ligera, pero al mismo tiempo dispone de la potencia y efectividad necesaria para la gran mayor\u00eda de aplicaciones de sellado por inducci\u00f3n; controlada mediante un chip SIEMENS \u201cIGBT\u201d de alta eficiencia y bajo consumo el\u00e9ctrico. Nuestra recomendaci\u00f3n, Calidad-Precio para producciones altas.\" \/>\n<meta property=\"og:url\" content=\"https:\/\/distribucionarc.com\/ro\/produs\/masina-semiautomatica-de-sigilat-termic-inductie-de-capsule\/\" \/>\n<meta property=\"og:site_name\" content=\"distribuci\u00f3n ARC\" \/>\n<meta property=\"article:modified_time\" content=\"2023-04-12T22:40:29+00:00\" \/>\n<meta property=\"og:image\" content=\"https:\/\/distribucionarc.com\/wp-content\/uploads\/2020\/04\/selladora_de_op\u00e9rculos_semiautom\u00e1tica_0.jpg\" \/>\n\t<meta property=\"og:image:width\" content=\"1600\" \/>\n\t<meta property=\"og:image:height\" content=\"1600\" \/>\n\t<meta property=\"og:image:type\" content=\"image\/jpeg\" \/>\n<meta name=\"twitter:card\" content=\"summary_large_image\" \/>\n<meta name=\"twitter:label1\" content=\"Timp estimat pentru citire\" \/>\n\t<meta name=\"twitter:data1\" content=\"3 minute\" \/>\n<script type=\"application\/ld+json\" class=\"yoast-schema-graph\">{\"@context\":\"https:\/\/schema.org\",\"@graph\":[{\"@type\":\"WebPage\",\"@id\":\"https:\/\/distribucionarc.com\/de\/producto\/maquina-selladora-de-induccion-termica-selladora-de-operculos-semiautomatica\/\",\"url\":\"https:\/\/distribucionarc.com\/de\/producto\/maquina-selladora-de-induccion-termica-selladora-de-operculos-semiautomatica\/\",\"name\":\"M\u00e1quina Selladora de Inducci\u00f3n T\u00e9rmica selladora de op\u00e9rculos semiautom\u00e1tica - distribuci\u00f3n ARC\",\"isPartOf\":{\"@id\":\"https:\/\/distribucionarc.com\/de\/#website\"},\"primaryImageOfPage\":{\"@id\":\"https:\/\/distribucionarc.com\/de\/producto\/maquina-selladora-de-induccion-termica-selladora-de-operculos-semiautomatica\/#primaryimage\"},\"image\":{\"@id\":\"https:\/\/distribucionarc.com\/de\/producto\/maquina-selladora-de-induccion-termica-selladora-de-operculos-semiautomatica\/#primaryimage\"},\"thumbnailUrl\":\"https:\/\/distribucionarc.com\/wp-content\/uploads\/2020\/04\/selladora_de_op\u00e9rculos_semiautom\u00e1tica_0.jpg\",\"datePublished\":\"2020-04-30T16:36:12+00:00\",\"dateModified\":\"2023-04-12T22:40:29+00:00\",\"breadcrumb\":{\"@id\":\"https:\/\/distribucionarc.com\/de\/producto\/maquina-selladora-de-induccion-termica-selladora-de-operculos-semiautomatica\/#breadcrumb\"},\"inLanguage\":\"ro-RO\",\"potentialAction\":[{\"@type\":\"ReadAction\",\"target\":[\"https:\/\/distribucionarc.com\/de\/producto\/maquina-selladora-de-induccion-termica-selladora-de-operculos-semiautomatica\/\"]}]},{\"@type\":\"ImageObject\",\"inLanguage\":\"ro-RO\",\"@id\":\"https:\/\/distribucionarc.com\/de\/producto\/maquina-selladora-de-induccion-termica-selladora-de-operculos-semiautomatica\/#primaryimage\",\"url\":\"https:\/\/distribucionarc.com\/wp-content\/uploads\/2020\/04\/selladora_de_op\u00e9rculos_semiautom\u00e1tica_0.jpg\",\"contentUrl\":\"https:\/\/distribucionarc.com\/wp-content\/uploads\/2020\/04\/selladora_de_op\u00e9rculos_semiautom\u00e1tica_0.jpg\",\"width\":1600,\"height\":1600},{\"@type\":\"BreadcrumbList\",\"@id\":\"https:\/\/distribucionarc.com\/de\/producto\/maquina-selladora-de-induccion-termica-selladora-de-operculos-semiautomatica\/#breadcrumb\",\"itemListElement\":[{\"@type\":\"ListItem\",\"position\":1,\"name\":\"Portada\",\"item\":\"https:\/\/distribucionarc.com\/pl\/\"},{\"@type\":\"ListItem\",\"position\":2,\"name\":\"Produkty\",\"item\":\"https:\/\/distribucionarc.com\/pl\/shop\/\"},{\"@type\":\"ListItem\",\"position\":3,\"name\":\"M\u00e1quina Selladora de Inducci\u00f3n T\u00e9rmica selladora de op\u00e9rculos semiautom\u00e1tica\"}]},{\"@type\":\"WebSite\",\"@id\":\"https:\/\/distribucionarc.com\/de\/#website\",\"url\":\"https:\/\/distribucionarc.com\/de\/\",\"name\":\"distribuci\u00f3n ARC\",\"description\":\"Empresa especializada en la fabricaci\u00f3n y distribuci\u00f3n de maquinaria industrial, selladoras de latas, Maquinas de hacer pastillas, Maquinas de cortar carne...\",\"publisher\":{\"@id\":\"https:\/\/distribucionarc.com\/de\/#organization\"},\"potentialAction\":[{\"@type\":\"SearchAction\",\"target\":{\"@type\":\"EntryPoint\",\"urlTemplate\":\"https:\/\/distribucionarc.com\/de\/?s={search_term_string}\"},\"query-input\":{\"@type\":\"PropertyValueSpecification\",\"valueRequired\":true,\"valueName\":\"search_term_string\"}}],\"inLanguage\":\"ro-RO\"},{\"@type\":\"Organization\",\"@id\":\"https:\/\/distribucionarc.com\/de\/#organization\",\"name\":\"Distribuci\u00f3n ARC\",\"url\":\"https:\/\/distribucionarc.com\/de\/\",\"logo\":{\"@type\":\"ImageObject\",\"inLanguage\":\"ro-RO\",\"@id\":\"https:\/\/distribucionarc.com\/de\/#\/schema\/logo\/image\/\",\"url\":\"https:\/\/distribucionarc.com\/wp-content\/uploads\/2024\/10\/distribucion-ARC-COLOR-SIN-FONDO-e1732295305345.png\",\"contentUrl\":\"https:\/\/distribucionarc.com\/wp-content\/uploads\/2024\/10\/distribucion-ARC-COLOR-SIN-FONDO-e1732295305345.png\",\"width\":1164,\"height\":558,\"caption\":\"Distribuci\u00f3n ARC\"},\"image\":{\"@id\":\"https:\/\/distribucionarc.com\/de\/#\/schema\/logo\/image\/\"},\"description\":\"Empresa especializada en la fabricaci\u00f3n y distribuci\u00f3n de maquinaria industrial para los sectores alimentario y farmac\u00e9utico. Nos especializamos en: M\u00e1quinas de cortar carne Fabricaci\u00f3n de comprimidos Sistemas de transporte industrial L\u00edneas de embotellado Dosificadores Y mucho m\u00e1s... Ofrecemos soluciones innovadoras y personalizadas para optimizar los procesos productivos de tu empresa.\",\"email\":\"Admistracion@distribucionarc.com\",\"telephone\":\"+34 643496664\",\"legalName\":\"ARC TECH SOLUTIONS\",\"foundingDate\":\"2024-04-09\",\"vatID\":\"B55480172\",\"numberOfEmployees\":{\"@type\":\"QuantitativeValue\",\"minValue\":\"1\",\"maxValue\":\"10\"}}]}<\/script>\n<!-- \/ Yoast SEO Premium plugin. -->","yoast_head_json":{"title":"Ma\u0219in\u0103 de etan\u0219are cu induc\u021bie termic\u0103 Dispozitiv de etan\u0219are semi-automat\u0103 a capacelor - distribu\u021bie ARC","robots":{"index":"index","follow":"follow","max-snippet":"max-snippet:-1","max-image-preview":"max-image-preview:large","max-video-preview":"max-video-preview:-1"},"canonical":"https:\/\/distribucionarc.com\/ro\/produs\/masina-semiautomatica-de-sigilat-termic-inductie-de-capsule\/","og_locale":"ro_RO","og_type":"article","og_title":"M\u00e1quina Selladora de Inducci\u00f3n T\u00e9rmica selladora de op\u00e9rculos semiautom\u00e1tica","og_description":"selladora de op\u00e9rculos inducci\u00f3n t\u00e9rmica semiautom\u00e1tica El sellado t\u00e9rmico por inducci\u00f3n mejora la calidad del producto, evita la absorci\u00f3n de la humedad natural, prolonga el per\u00edodo de caducidad, a\u00f1ade seguridad contra falsificaciones. Selladora semiautom\u00e1tica por inducci\u00f3n recomendada para altas producciones, econ\u00f3mica, con cabezal de sellado para di\u00e1metros de bocas de envases desde \u00d820 mm hasta \u00d880 mm. \u200b Se caracteriza por ser compacta y ligera, pero al mismo tiempo dispone de la potencia y efectividad necesaria para la gran mayor\u00eda de aplicaciones de sellado por inducci\u00f3n; controlada mediante un chip SIEMENS \u201cIGBT\u201d de alta eficiencia y bajo consumo el\u00e9ctrico. Nuestra recomendaci\u00f3n, Calidad-Precio para producciones altas.","og_url":"https:\/\/distribucionarc.com\/ro\/produs\/masina-semiautomatica-de-sigilat-termic-inductie-de-capsule\/","og_site_name":"distribuci\u00f3n ARC","article_modified_time":"2023-04-12T22:40:29+00:00","og_image":[{"width":1600,"height":1600,"url":"https:\/\/distribucionarc.com\/wp-content\/uploads\/2020\/04\/selladora_de_op\u00e9rculos_semiautom\u00e1tica_0.jpg","type":"image\/jpeg"}],"twitter_card":"summary_large_image","twitter_misc":{"Timp estimat pentru citire":"3 minute"},"schema":{"@context":"https:\/\/schema.org","@graph":[{"@type":"WebPage","@id":"https:\/\/distribucionarc.com\/de\/producto\/maquina-selladora-de-induccion-termica-selladora-de-operculos-semiautomatica\/","url":"https:\/\/distribucionarc.com\/de\/producto\/maquina-selladora-de-induccion-termica-selladora-de-operculos-semiautomatica\/","name":"Ma\u0219in\u0103 de etan\u0219are cu induc\u021bie termic\u0103 Dispozitiv de etan\u0219are semi-automat\u0103 a capacelor - distribu\u021bie ARC","isPartOf":{"@id":"https:\/\/distribucionarc.com\/de\/#website"},"primaryImageOfPage":{"@id":"https:\/\/distribucionarc.com\/de\/producto\/maquina-selladora-de-induccion-termica-selladora-de-operculos-semiautomatica\/#primaryimage"},"image":{"@id":"https:\/\/distribucionarc.com\/de\/producto\/maquina-selladora-de-induccion-termica-selladora-de-operculos-semiautomatica\/#primaryimage"},"thumbnailUrl":"https:\/\/distribucionarc.com\/wp-content\/uploads\/2020\/04\/selladora_de_op\u00e9rculos_semiautom\u00e1tica_0.jpg","datePublished":"2020-04-30T16:36:12+00:00","dateModified":"2023-04-12T22:40:29+00:00","breadcrumb":{"@id":"https:\/\/distribucionarc.com\/de\/producto\/maquina-selladora-de-induccion-termica-selladora-de-operculos-semiautomatica\/#breadcrumb"},"inLanguage":"ro-RO","potentialAction":[{"@type":"ReadAction","target":["https:\/\/distribucionarc.com\/de\/producto\/maquina-selladora-de-induccion-termica-selladora-de-operculos-semiautomatica\/"]}]},{"@type":"ImageObject","inLanguage":"ro-RO","@id":"https:\/\/distribucionarc.com\/de\/producto\/maquina-selladora-de-induccion-termica-selladora-de-operculos-semiautomatica\/#primaryimage","url":"https:\/\/distribucionarc.com\/wp-content\/uploads\/2020\/04\/selladora_de_op\u00e9rculos_semiautom\u00e1tica_0.jpg","contentUrl":"https:\/\/distribucionarc.com\/wp-content\/uploads\/2020\/04\/selladora_de_op\u00e9rculos_semiautom\u00e1tica_0.jpg","width":1600,"height":1600},{"@type":"BreadcrumbList","@id":"https:\/\/distribucionarc.com\/de\/producto\/maquina-selladora-de-induccion-termica-selladora-de-operculos-semiautomatica\/#breadcrumb","itemListElement":[{"@type":"ListItem","position":1,"name":"Portada","item":"https:\/\/distribucionarc.com\/pl\/"},{"@type":"ListItem","position":2,"name":"Produkty","item":"https:\/\/distribucionarc.com\/pl\/shop\/"},{"@type":"ListItem","position":3,"name":"M\u00e1quina Selladora de Inducci\u00f3n T\u00e9rmica selladora de op\u00e9rculos semiautom\u00e1tica"}]},{"@type":"WebSite","@id":"https:\/\/distribucionarc.com\/de\/#website","url":"https:\/\/distribucionarc.com\/de\/","name":"Distribu\u021bie ARC","description":"Companie specializat\u0103 \u00een fabricarea \u0219i distribu\u021bia de utilaje industriale, ma\u0219ini de sigilat cutii, ma\u0219ini de fabricat tablete, ma\u0219ini de t\u0103iat carne...","publisher":{"@id":"https:\/\/distribucionarc.com\/de\/#organization"},"potentialAction":[{"@type":"SearchAction","target":{"@type":"EntryPoint","urlTemplate":"https:\/\/distribucionarc.com\/de\/?s={search_term_string}"},"query-input":{"@type":"PropertyValueSpecification","valueRequired":true,"valueName":"search_term_string"}}],"inLanguage":"ro-RO"},{"@type":"Organization","@id":"https:\/\/distribucionarc.com\/de\/#organization","name":"Distribu\u021bie ARC","url":"https:\/\/distribucionarc.com\/de\/","logo":{"@type":"ImageObject","inLanguage":"ro-RO","@id":"https:\/\/distribucionarc.com\/de\/#\/schema\/logo\/image\/","url":"https:\/\/distribucionarc.com\/wp-content\/uploads\/2024\/10\/distribucion-ARC-COLOR-SIN-FONDO-e1732295305345.png","contentUrl":"https:\/\/distribucionarc.com\/wp-content\/uploads\/2024\/10\/distribucion-ARC-COLOR-SIN-FONDO-e1732295305345.png","width":1164,"height":558,"caption":"Distribuci\u00f3n ARC"},"image":{"@id":"https:\/\/distribucionarc.com\/de\/#\/schema\/logo\/image\/"},"description":"Companie specializat\u0103 \u00een fabricarea \u0219i distribu\u021bia de utilaje industriale pentru sectoarele alimentar \u0219i farmaceutic. Suntem specializa\u021bi \u00een: Ma\u0219ini de t\u0103iat carne Fabricarea tabletelor Sisteme de transport industrial Linii de \u00eembuteliere Distribuitoare \u0218i multe altele... Oferim solu\u021bii inovatoare \u0219i personalizate pentru a optimiza procesele de produc\u021bie ale companiei dumneavoastr\u0103.","email":"Admistracion@distribucionarc.com","telephone":"+34 643496664","legalName":"ARC TECH SOLUTIONS","foundingDate":"2024-04-09","vatID":"B55480172","numberOfEmployees":{"@type":"QuantitativeValue","minValue":"1","maxValue":"10"}}]}},"_links":{"self":[{"href":"https:\/\/distribucionarc.com\/ro\/wp-json\/wp\/v2\/product\/627","targetHints":{"allow":["GET"]}}],"collection":[{"href":"https:\/\/distribucionarc.com\/ro\/wp-json\/wp\/v2\/product"}],"about":[{"href":"https:\/\/distribucionarc.com\/ro\/wp-json\/wp\/v2\/types\/product"}],"replies":[{"embeddable":true,"href":"https:\/\/distribucionarc.com\/ro\/wp-json\/wp\/v2\/comments?post=627"}],"version-history":[{"count":0,"href":"https:\/\/distribucionarc.com\/ro\/wp-json\/wp\/v2\/product\/627\/revisions"}],"wp:featuredmedia":[{"embeddable":true,"href":"https:\/\/distribucionarc.com\/ro\/wp-json\/wp\/v2\/media\/628"}],"wp:attachment":[{"href":"https:\/\/distribucionarc.com\/ro\/wp-json\/wp\/v2\/media?parent=627"}],"wp:term":[{"taxonomy":"product_brand","embeddable":true,"href":"https:\/\/distribucionarc.com\/ro\/wp-json\/wp\/v2\/product_brand?post=627"},{"taxonomy":"product_cat","embeddable":true,"href":"https:\/\/distribucionarc.com\/ro\/wp-json\/wp\/v2\/product_cat?post=627"},{"taxonomy":"product_tag","embeddable":true,"href":"https:\/\/distribucionarc.com\/ro\/wp-json\/wp\/v2\/product_tag?post=627"}],"curies":[{"name":"wp","href":"https:\/\/api.w.org\/{rel}","templated":true}]}}