{"id":6274,"date":"2023-08-07T23:45:38","date_gmt":"2023-08-07T23:45:38","guid":{"rendered":"https:\/\/distribucionarc.com\/?post_type=product&#038;p=6274"},"modified":"2025-05-28T03:09:58","modified_gmt":"2025-05-28T01:09:58","slug":"masina-de-etichetare-industriala-pentru-sticle-si-carafe-de-5-litri","status":"publish","type":"product","link":"https:\/\/distribucionarc.com\/ro\/producto\/maquina-etiquetadora-industrial-para-botellas-y-garrafas-de-5-litros\/","title":{"rendered":"MASINA DE ETICHETARE INDUSTRIAL PENTRU STICELE DE 5 LITRI SI TRANSPORTURI"},"content":{"rendered":"<h2>Ma\u0219in\u0103 industrial\u0103 de etichetat sticle<\/h2>\n<p><strong>Ma\u0219in\u0103 de etichetat liniar\u0103<\/strong> este un echipament industrial eficient \u0219i versatil conceput pentru a aplica cu acurate\u021be \u0219i rapiditate etichete autoadezive pe diverse produse \u0219i ambalaje. Specifica\u021biile sale tehnice sunt optimizate pentru a oferi performan\u021be ridicate \u0219i pentru a se adapta la o gam\u0103 larg\u0103 de dimensiuni de etichet\u0103 \u0219i viteze de produc\u021bie. Acest<strong> ma\u0219in\u0103 de etichetat liniar\u0103<\/strong> Are o capacitate impresionant\u0103 de etichetare, de la 60 la 350 de buc\u0103\u021bi pe minut. Aceast\u0103 vitez\u0103 reglabil\u0103 \u00eei permite s\u0103 se adapteze la diferite linii de produc\u021bie \u0219i nevoi de etichetare.<\/p>\n<p><a href=\"https:\/\/distribucionarc.com\/wp-content\/uploads\/2023\/08\/etiquetadora-lineal-2-scaled.jpg\">\u00a0 \u00a0 \u00a0 \u00a0 \u00a0 \u00a0 \u00a0 \u00a0 \u00a0 \u00a0 \u00a0 \u00a0 \u00a0 \u00a0 \u00a0 \u00a0 \u00a0 \u00a0 \u00a0 \u00a0 \u00a0 \u00a0 \u00a0 \u00a0 \u00a0 \u00a0 \u00a0 \u00a0 \u00a0 \u00a0<img loading=\"lazy\" decoding=\"async\" class=\"alignnone size-medium wp-image-6276\" src=\"https:\/\/distribucionarc.com\/wp-content\/uploads\/2023\/08\/etiquetadora-lineal-2-300x200.jpg\" alt=\"\" width=\"300\" height=\"200\" srcset=\"https:\/\/distribucionarc.com\/wp-content\/uploads\/2023\/08\/etiquetadora-lineal-2-300x200.jpg 300w, https:\/\/distribucionarc.com\/wp-content\/uploads\/2023\/08\/etiquetadora-lineal-2-scaled-430x287.jpg 430w, https:\/\/distribucionarc.com\/wp-content\/uploads\/2023\/08\/etiquetadora-lineal-2-scaled-150x100.jpg 150w, https:\/\/distribucionarc.com\/wp-content\/uploads\/2023\/08\/etiquetadora-lineal-2-scaled-700x467.jpg 700w, https:\/\/distribucionarc.com\/wp-content\/uploads\/2023\/08\/etiquetadora-lineal-2-1024x683.jpg 1024w, https:\/\/distribucionarc.com\/wp-content\/uploads\/2023\/08\/etiquetadora-lineal-2-768x512.jpg 768w, https:\/\/distribucionarc.com\/wp-content\/uploads\/2023\/08\/etiquetadora-lineal-2-1536x1024.jpg 1536w, https:\/\/distribucionarc.com\/wp-content\/uploads\/2023\/08\/etiquetadora-lineal-2-2048x1365.jpg 2048w, https:\/\/distribucionarc.com\/wp-content\/uploads\/2023\/08\/etiquetadora-lineal-2-18x12.jpg 18w, https:\/\/distribucionarc.com\/wp-content\/uploads\/2023\/08\/etiquetadora-lineal-2-48x32.jpg 48w\" sizes=\"auto, (max-width: 300px) 100vw, 300px\" \/><\/a><\/p>\n<p>&nbsp;<\/p>\n<table>\n<tbody>\n<tr>\n<td width=\"283\">Dimensiunea ma\u0219inii<\/td>\n<td width=\"283\">L2800mm*W1650mm*H1500mm<\/td>\n<\/tr>\n<tr>\n<td width=\"283\">Voltaj<\/td>\n<td width=\"283\">110V\/220V 50HZ\/60HZ<\/td>\n<\/tr>\n<tr>\n<td width=\"283\">Viteza de etichetare<\/td>\n<td width=\"283\">60-350 buc\/min<\/td>\n<\/tr>\n<tr>\n<td width=\"283\">Eticheta\u021bi \u00een\u0103l\u021bimea obiectului<\/td>\n<td width=\"283\">30-350 mm<\/td>\n<\/tr>\n<tr>\n<td width=\"283\">Eticheta\u021bi grosimea obiectului<\/td>\n<td width=\"283\">20-120 mm<\/td>\n<\/tr>\n<tr>\n<td width=\"283\">\u00cen\u0103l\u021bimea etichetei<\/td>\n<td width=\"283\">15-200 mm<\/td>\n<\/tr>\n<tr>\n<td width=\"283\">Lungimea etichetei<\/td>\n<td width=\"283\">25-300 mm<\/td>\n<\/tr>\n<tr>\n<td width=\"283\">Eroare de etichet\u0103<\/td>\n<td width=\"283\">\u00b1 1 mm<\/td>\n<\/tr>\n<tr>\n<td width=\"283\">Diametrul interior al rolei de etichete<\/td>\n<td width=\"283\">75 mm<\/td>\n<\/tr>\n<tr>\n<td width=\"283\">Diametrul exterior al rolei de etichete<\/td>\n<td width=\"283\">350 mm<\/td>\n<\/tr>\n<tr>\n<td width=\"283\">Alimentare cu aer<\/td>\n<td width=\"283\">5 kg\/cm<sup>2<\/sup><\/td>\n<\/tr>\n<\/tbody>\n<\/table>\n<p>&nbsp;<\/p>\n<p>&nbsp;<\/p>","protected":false},"excerpt":{"rendered":"<p>\u00cen concluzie, <strong>ma\u0219in\u0103 de etichetat liniar\u0103 industrial\u0103<\/strong> este o solu\u021bie tehnologic\u0103 ingenioas\u0103 care a revolu\u021bionat industria de produc\u021bie, asigur\u00e2nd c\u0103 produsele ajung pe pia\u021b\u0103 cu etichete autoadezive impecabile, \u00eent\u0103rind \u00eencrederea clien\u021bilor \u0219i \u00eembun\u0103t\u0103\u021bind imaginea m\u0103rcii.<\/p>","protected":false},"featured_media":6277,"comment_status":"open","ping_status":"closed","template":"","meta":{"wds_primary_product_brand":0,"wds_primary_product_cat":0},"product_brand":[],"product_cat":[266,44],"product_tag":[],"class_list":{"0":"post-6274","1":"product","2":"type-product","3":"status-publish","4":"has-post-thumbnail","6":"product_cat-accessories","7":"product_cat-etiquetadoras-de-botellas","8":"product_shipping_class-express","10":"first","11":"instock","12":"taxable","13":"shipping-taxable","14":"purchasable","15":"product-type-simple"},"yoast_head":"<!-- This site is optimized with the Yoast SEO Premium plugin v24.9 (Yoast SEO v26.1) - https:\/\/yoast.com\/wordpress\/plugins\/seo\/ -->\n<title>MAQUINA ETIQUETADORA INDUSTRIAL PARA BOTELLAS Y GARRAFAS DE 5 LITROS - distribuci\u00f3n ARC<\/title>\n<meta name=\"robots\" content=\"index, follow, max-snippet:-1, max-image-preview:large, max-video-preview:-1\" \/>\n<link rel=\"canonical\" href=\"https:\/\/distribucionarc.com\/ro\/produs\/masina-de-etichetare-industriala-pentru-sticle-si-carafe-de-5-litri\/\" \/>\n<meta property=\"og:locale\" content=\"ro_RO\" \/>\n<meta property=\"og:type\" content=\"article\" \/>\n<meta property=\"og:title\" content=\"MAQUINA ETIQUETADORA INDUSTRIAL PARA BOTELLAS Y GARRAFAS DE 5 LITROS\" \/>\n<meta property=\"og:description\" content=\"En resumen, la m\u00e1quina etiquetadora lineal industrial es una ingeniosa soluci\u00f3n tecnol\u00f3gica que ha revolucionado la industria manufacturera, asegurando que los productos lleguen al mercado con etiquetas autoadhesivas impecables, lo que fortalece la confianza del cliente y mejora la imagen de la marca.\" \/>\n<meta property=\"og:url\" content=\"https:\/\/distribucionarc.com\/ro\/produs\/masina-de-etichetare-industriala-pentru-sticle-si-carafe-de-5-litri\/\" \/>\n<meta property=\"og:site_name\" content=\"distribuci\u00f3n ARC\" \/>\n<meta property=\"article:modified_time\" content=\"2025-05-28T01:09:58+00:00\" \/>\n<meta property=\"og:image\" content=\"https:\/\/distribucionarc.com\/wp-content\/uploads\/2023\/08\/etiqueteadora-lineal-imagen-producto-scaled.jpg\" \/>\n\t<meta property=\"og:image:width\" content=\"2560\" \/>\n\t<meta property=\"og:image:height\" content=\"1707\" \/>\n\t<meta property=\"og:image:type\" content=\"image\/jpeg\" \/>\n<meta name=\"twitter:card\" content=\"summary_large_image\" \/>\n<meta name=\"twitter:label1\" content=\"Timp estimat pentru citire\" \/>\n\t<meta name=\"twitter:data1\" content=\"2 minute\" \/>\n<script type=\"application\/ld+json\" class=\"yoast-schema-graph\">{\"@context\":\"https:\/\/schema.org\",\"@graph\":[{\"@type\":\"WebPage\",\"@id\":\"https:\/\/distribucionarc.com\/sk\/producto\/maquina-etiquetadora-industrial-para-botellas-y-garrafas-de-5-litros\/\",\"url\":\"https:\/\/distribucionarc.com\/sk\/producto\/maquina-etiquetadora-industrial-para-botellas-y-garrafas-de-5-litros\/\",\"name\":\"MAQUINA ETIQUETADORA INDUSTRIAL PARA BOTELLAS Y GARRAFAS DE 5 LITROS - distribuci\u00f3n ARC\",\"isPartOf\":{\"@id\":\"https:\/\/distribucionarc.com\/ro\/#website\"},\"primaryImageOfPage\":{\"@id\":\"https:\/\/distribucionarc.com\/sk\/producto\/maquina-etiquetadora-industrial-para-botellas-y-garrafas-de-5-litros\/#primaryimage\"},\"image\":{\"@id\":\"https:\/\/distribucionarc.com\/sk\/producto\/maquina-etiquetadora-industrial-para-botellas-y-garrafas-de-5-litros\/#primaryimage\"},\"thumbnailUrl\":\"https:\/\/distribucionarc.com\/wp-content\/uploads\/2023\/08\/etiqueteadora-lineal-imagen-producto-scaled.jpg\",\"datePublished\":\"2023-08-07T23:45:38+00:00\",\"dateModified\":\"2025-05-28T01:09:58+00:00\",\"breadcrumb\":{\"@id\":\"https:\/\/distribucionarc.com\/sk\/producto\/maquina-etiquetadora-industrial-para-botellas-y-garrafas-de-5-litros\/#breadcrumb\"},\"inLanguage\":\"ro-RO\",\"potentialAction\":[{\"@type\":\"ReadAction\",\"target\":[\"https:\/\/distribucionarc.com\/sk\/producto\/maquina-etiquetadora-industrial-para-botellas-y-garrafas-de-5-litros\/\"]}]},{\"@type\":\"ImageObject\",\"inLanguage\":\"ro-RO\",\"@id\":\"https:\/\/distribucionarc.com\/sk\/producto\/maquina-etiquetadora-industrial-para-botellas-y-garrafas-de-5-litros\/#primaryimage\",\"url\":\"https:\/\/distribucionarc.com\/wp-content\/uploads\/2023\/08\/etiqueteadora-lineal-imagen-producto-scaled.jpg\",\"contentUrl\":\"https:\/\/distribucionarc.com\/wp-content\/uploads\/2023\/08\/etiqueteadora-lineal-imagen-producto-scaled.jpg\",\"width\":2560,\"height\":1707},{\"@type\":\"BreadcrumbList\",\"@id\":\"https:\/\/distribucionarc.com\/sk\/producto\/maquina-etiquetadora-industrial-para-botellas-y-garrafas-de-5-litros\/#breadcrumb\",\"itemListElement\":[{\"@type\":\"ListItem\",\"position\":1,\"name\":\"Portada\",\"item\":\"https:\/\/distribucionarc.com\/ar\/\"},{\"@type\":\"ListItem\",\"position\":2,\"name\":\"Proizvodi\",\"item\":\"https:\/\/www.distribucionarc.com\/hr\/ducan\/\"},{\"@type\":\"ListItem\",\"position\":3,\"name\":\"MAQUINA ETIQUETADORA INDUSTRIAL PARA BOTELLAS Y GARRAFAS DE 5 LITROS\"}]},{\"@type\":\"WebSite\",\"@id\":\"https:\/\/distribucionarc.com\/ro\/#website\",\"url\":\"https:\/\/distribucionarc.com\/ro\/\",\"name\":\"distribuci\u00f3n ARC\",\"description\":\"Empresa especializada en la fabricaci\u00f3n y distribuci\u00f3n de maquinaria industrial, selladoras de latas, Maquinas de hacer pastillas, Maquinas de cortar carne...\",\"publisher\":{\"@id\":\"https:\/\/distribucionarc.com\/ro\/#organization\"},\"potentialAction\":[{\"@type\":\"SearchAction\",\"target\":{\"@type\":\"EntryPoint\",\"urlTemplate\":\"https:\/\/distribucionarc.com\/ro\/?s={search_term_string}\"},\"query-input\":{\"@type\":\"PropertyValueSpecification\",\"valueRequired\":true,\"valueName\":\"search_term_string\"}}],\"inLanguage\":\"ro-RO\"},{\"@type\":\"Organization\",\"@id\":\"https:\/\/distribucionarc.com\/ro\/#organization\",\"name\":\"Distribuci\u00f3n ARC\",\"url\":\"https:\/\/distribucionarc.com\/ro\/\",\"logo\":{\"@type\":\"ImageObject\",\"inLanguage\":\"ro-RO\",\"@id\":\"https:\/\/distribucionarc.com\/ro\/#\/schema\/logo\/image\/\",\"url\":\"https:\/\/distribucionarc.com\/wp-content\/uploads\/2024\/10\/distribucion-ARC-COLOR-SIN-FONDO-e1732295305345.png\",\"contentUrl\":\"https:\/\/distribucionarc.com\/wp-content\/uploads\/2024\/10\/distribucion-ARC-COLOR-SIN-FONDO-e1732295305345.png\",\"width\":1164,\"height\":558,\"caption\":\"Distribuci\u00f3n ARC\"},\"image\":{\"@id\":\"https:\/\/distribucionarc.com\/ro\/#\/schema\/logo\/image\/\"},\"description\":\"Empresa especializada en la fabricaci\u00f3n y distribuci\u00f3n de maquinaria industrial para los sectores alimentario y farmac\u00e9utico. Nos especializamos en: M\u00e1quinas de cortar carne Fabricaci\u00f3n de comprimidos Sistemas de transporte industrial L\u00edneas de embotellado Dosificadores Y mucho m\u00e1s... Ofrecemos soluciones innovadoras y personalizadas para optimizar los procesos productivos de tu empresa.\",\"email\":\"Admistracion@distribucionarc.com\",\"telephone\":\"+34 643496664\",\"legalName\":\"ARC TECH SOLUTIONS\",\"foundingDate\":\"2024-04-09\",\"vatID\":\"B55480172\",\"numberOfEmployees\":{\"@type\":\"QuantitativeValue\",\"minValue\":\"1\",\"maxValue\":\"10\"}}]}<\/script>\n<!-- \/ Yoast SEO Premium plugin. -->","yoast_head_json":{"title":"MASINA DE ETICHETARE INDUSTRIAL PENTRU STICLE SI SUPORTURI DE 5 LITRI - distributie ARC","robots":{"index":"index","follow":"follow","max-snippet":"max-snippet:-1","max-image-preview":"max-image-preview:large","max-video-preview":"max-video-preview:-1"},"canonical":"https:\/\/distribucionarc.com\/ro\/produs\/masina-de-etichetare-industriala-pentru-sticle-si-carafe-de-5-litri\/","og_locale":"ro_RO","og_type":"article","og_title":"MAQUINA ETIQUETADORA INDUSTRIAL PARA BOTELLAS Y GARRAFAS DE 5 LITROS","og_description":"En resumen, la m\u00e1quina etiquetadora lineal industrial es una ingeniosa soluci\u00f3n tecnol\u00f3gica que ha revolucionado la industria manufacturera, asegurando que los productos lleguen al mercado con etiquetas autoadhesivas impecables, lo que fortalece la confianza del cliente y mejora la imagen de la marca.","og_url":"https:\/\/distribucionarc.com\/ro\/produs\/masina-de-etichetare-industriala-pentru-sticle-si-carafe-de-5-litri\/","og_site_name":"distribuci\u00f3n ARC","article_modified_time":"2025-05-28T01:09:58+00:00","og_image":[{"width":2560,"height":1707,"url":"https:\/\/distribucionarc.com\/wp-content\/uploads\/2023\/08\/etiqueteadora-lineal-imagen-producto-scaled.jpg","type":"image\/jpeg"}],"twitter_card":"summary_large_image","twitter_misc":{"Timp estimat pentru citire":"2 minute"},"schema":{"@context":"https:\/\/schema.org","@graph":[{"@type":"WebPage","@id":"https:\/\/distribucionarc.com\/sk\/producto\/maquina-etiquetadora-industrial-para-botellas-y-garrafas-de-5-litros\/","url":"https:\/\/distribucionarc.com\/sk\/producto\/maquina-etiquetadora-industrial-para-botellas-y-garrafas-de-5-litros\/","name":"MASINA DE ETICHETARE INDUSTRIAL PENTRU STICLE SI SUPORTURI DE 5 LITRI - distributie ARC","isPartOf":{"@id":"https:\/\/distribucionarc.com\/ro\/#website"},"primaryImageOfPage":{"@id":"https:\/\/distribucionarc.com\/sk\/producto\/maquina-etiquetadora-industrial-para-botellas-y-garrafas-de-5-litros\/#primaryimage"},"image":{"@id":"https:\/\/distribucionarc.com\/sk\/producto\/maquina-etiquetadora-industrial-para-botellas-y-garrafas-de-5-litros\/#primaryimage"},"thumbnailUrl":"https:\/\/distribucionarc.com\/wp-content\/uploads\/2023\/08\/etiqueteadora-lineal-imagen-producto-scaled.jpg","datePublished":"2023-08-07T23:45:38+00:00","dateModified":"2025-05-28T01:09:58+00:00","breadcrumb":{"@id":"https:\/\/distribucionarc.com\/sk\/producto\/maquina-etiquetadora-industrial-para-botellas-y-garrafas-de-5-litros\/#breadcrumb"},"inLanguage":"ro-RO","potentialAction":[{"@type":"ReadAction","target":["https:\/\/distribucionarc.com\/sk\/producto\/maquina-etiquetadora-industrial-para-botellas-y-garrafas-de-5-litros\/"]}]},{"@type":"ImageObject","inLanguage":"ro-RO","@id":"https:\/\/distribucionarc.com\/sk\/producto\/maquina-etiquetadora-industrial-para-botellas-y-garrafas-de-5-litros\/#primaryimage","url":"https:\/\/distribucionarc.com\/wp-content\/uploads\/2023\/08\/etiqueteadora-lineal-imagen-producto-scaled.jpg","contentUrl":"https:\/\/distribucionarc.com\/wp-content\/uploads\/2023\/08\/etiqueteadora-lineal-imagen-producto-scaled.jpg","width":2560,"height":1707},{"@type":"BreadcrumbList","@id":"https:\/\/distribucionarc.com\/sk\/producto\/maquina-etiquetadora-industrial-para-botellas-y-garrafas-de-5-litros\/#breadcrumb","itemListElement":[{"@type":"ListItem","position":1,"name":"Portada","item":"https:\/\/distribucionarc.com\/ar\/"},{"@type":"ListItem","position":2,"name":"Proizvodi","item":"https:\/\/www.distribucionarc.com\/hr\/ducan\/"},{"@type":"ListItem","position":3,"name":"MAQUINA ETIQUETADORA INDUSTRIAL PARA BOTELLAS Y GARRAFAS DE 5 LITROS"}]},{"@type":"WebSite","@id":"https:\/\/distribucionarc.com\/ro\/#website","url":"https:\/\/distribucionarc.com\/ro\/","name":"Distribu\u021bie ARC","description":"Companie specializat\u0103 \u00een fabricarea \u0219i distribu\u021bia de utilaje industriale, ma\u0219ini de sigilat cutii, ma\u0219ini de fabricat tablete, ma\u0219ini de t\u0103iat carne...","publisher":{"@id":"https:\/\/distribucionarc.com\/ro\/#organization"},"potentialAction":[{"@type":"SearchAction","target":{"@type":"EntryPoint","urlTemplate":"https:\/\/distribucionarc.com\/ro\/?s={search_term_string}"},"query-input":{"@type":"PropertyValueSpecification","valueRequired":true,"valueName":"search_term_string"}}],"inLanguage":"ro-RO"},{"@type":"Organization","@id":"https:\/\/distribucionarc.com\/ro\/#organization","name":"Distribu\u021bie ARC","url":"https:\/\/distribucionarc.com\/ro\/","logo":{"@type":"ImageObject","inLanguage":"ro-RO","@id":"https:\/\/distribucionarc.com\/ro\/#\/schema\/logo\/image\/","url":"https:\/\/distribucionarc.com\/wp-content\/uploads\/2024\/10\/distribucion-ARC-COLOR-SIN-FONDO-e1732295305345.png","contentUrl":"https:\/\/distribucionarc.com\/wp-content\/uploads\/2024\/10\/distribucion-ARC-COLOR-SIN-FONDO-e1732295305345.png","width":1164,"height":558,"caption":"Distribuci\u00f3n ARC"},"image":{"@id":"https:\/\/distribucionarc.com\/ro\/#\/schema\/logo\/image\/"},"description":"Companie specializat\u0103 \u00een fabricarea \u0219i distribu\u021bia de utilaje industriale pentru sectoarele alimentar \u0219i farmaceutic. Suntem specializa\u021bi \u00een: Ma\u0219ini de t\u0103iat carne Fabricarea tabletelor Sisteme de transport industrial Linii de \u00eembuteliere Distribuitoare \u0218i multe altele... Oferim solu\u021bii inovatoare \u0219i personalizate pentru a optimiza procesele de produc\u021bie ale companiei dumneavoastr\u0103.","email":"Admistracion@distribucionarc.com","telephone":"+34 643496664","legalName":"ARC TECH SOLUTIONS","foundingDate":"2024-04-09","vatID":"B55480172","numberOfEmployees":{"@type":"QuantitativeValue","minValue":"1","maxValue":"10"}}]}},"_links":{"self":[{"href":"https:\/\/distribucionarc.com\/ro\/wp-json\/wp\/v2\/product\/6274","targetHints":{"allow":["GET"]}}],"collection":[{"href":"https:\/\/distribucionarc.com\/ro\/wp-json\/wp\/v2\/product"}],"about":[{"href":"https:\/\/distribucionarc.com\/ro\/wp-json\/wp\/v2\/types\/product"}],"replies":[{"embeddable":true,"href":"https:\/\/distribucionarc.com\/ro\/wp-json\/wp\/v2\/comments?post=6274"}],"version-history":[{"count":2,"href":"https:\/\/distribucionarc.com\/ro\/wp-json\/wp\/v2\/product\/6274\/revisions"}],"predecessor-version":[{"id":17610,"href":"https:\/\/distribucionarc.com\/ro\/wp-json\/wp\/v2\/product\/6274\/revisions\/17610"}],"wp:featuredmedia":[{"embeddable":true,"href":"https:\/\/distribucionarc.com\/ro\/wp-json\/wp\/v2\/media\/6277"}],"wp:attachment":[{"href":"https:\/\/distribucionarc.com\/ro\/wp-json\/wp\/v2\/media?parent=6274"}],"wp:term":[{"taxonomy":"product_brand","embeddable":true,"href":"https:\/\/distribucionarc.com\/ro\/wp-json\/wp\/v2\/product_brand?post=6274"},{"taxonomy":"product_cat","embeddable":true,"href":"https:\/\/distribucionarc.com\/ro\/wp-json\/wp\/v2\/product_cat?post=6274"},{"taxonomy":"product_tag","embeddable":true,"href":"https:\/\/distribucionarc.com\/ro\/wp-json\/wp\/v2\/product_tag?post=6274"}],"curies":[{"name":"wp","href":"https:\/\/api.w.org\/{rel}","templated":true}]}}