{"id":6777,"date":"2024-04-25T17:03:46","date_gmt":"2024-04-25T17:03:46","guid":{"rendered":"https:\/\/distribucionarc.com\/?post_type=product&#038;p=6777"},"modified":"2024-04-25T17:03:49","modified_gmt":"2024-04-25T17:03:49","slug":"masina-de-presat-tablete-pentru-pastile-de-ameliorarea-vitaminei","status":"publish","type":"product","link":"https:\/\/distribucionarc.com\/ro\/producto\/maquina-prensadora-de-tabletas-para-pildoras-potenciadoras-de-vitaminas\/","title":{"rendered":"MASINA DE PRESAT TABLETE PENTRU PASTILULE DE ABORDAREA VITAMINEI"},"content":{"rendered":"<p>V\u0103 prezent\u0103m<strong> Ma\u0219in\u0103 de presare rotativ\u0103 pentru tablete din seria ZARPW<\/strong>, conceput pentru fabricarea eficient\u0103 a<strong> pastile pentru stimularea vitaminelor<\/strong> \u00een industria farmaceutic\u0103. Aceast\u0103 ma\u0219in\u0103 este alegerea principal\u0103 pentru presarea pulberilor \u0219i a cerealelor <strong>tablete<\/strong> cu diverse forme, asigur\u00e2nd o produc\u021bie consistent\u0103, de \u00eenalt\u0103 calitate. Aceast\u0103 ma\u0219in\u0103 asigur\u0103 un mediu de lucru sigur \u0219i sanitar. Priorit\u00e2nd siguran\u021ba \u0219i fiabilitatea, ma\u0219ina dispune de un dispozitiv de protec\u021bie la suprasarcin\u0103 care opre\u0219te automat func\u021bionarea \u00een cazul unei presiuni excesive, asigur\u00e2nd integritatea echipamentului \u0219i calitatea produsului final. Descoperi\u021bi excelen\u021ba \u00een <strong>fabricarea de pastile pentru stimularea vitaminelor<\/strong> cu <strong>Aparat rotativ de presare pentru tablete ZARPW<\/strong>, o investi\u021bie de \u00eencredere \u0219i eficient\u0103 pentru a r\u0103spunde celor mai exigente nevoi ale pie\u021bei farmaceutice.<\/p>\n<p>&nbsp;<\/p>\n<table>\n<tbody>\n<tr>\n<td width=\"142\">Model<\/td>\n<td width=\"142\">ZARPW-5A<\/td>\n<td width=\"142\">ZARPW-7A<\/td>\n<td width=\"142\">ZARPW-9A<\/td>\n<\/tr>\n<tr>\n<td width=\"142\">Jocuri<\/td>\n<td width=\"142\">6<\/td>\n<td width=\"142\">7<\/td>\n<td width=\"142\">9<\/td>\n<\/tr>\n<tr>\n<td width=\"142\">Presiune maxim\u0103 (tone)<\/td>\n<td width=\"142\">80<\/td>\n<td width=\"142\">80<\/td>\n<td width=\"142\">80<\/td>\n<\/tr>\n<tr>\n<td width=\"142\">Diametrul maxim Umplere (mm)<\/td>\n<td width=\"142\">20<\/td>\n<td width=\"142\">20<\/td>\n<td width=\"142\">20<\/td>\n<\/tr>\n<tr>\n<td width=\"142\">Ad\u00e2ncime maxim\u0103 Umplere (;mm)<\/td>\n<td width=\"142\">20<\/td>\n<td width=\"142\">20<\/td>\n<td width=\"142\">20<\/td>\n<\/tr>\n<tr>\n<td width=\"142\">Grosimea maxim\u0103 a tabletei (mm)<\/td>\n<td width=\"142\">9<\/td>\n<td width=\"142\">9<\/td>\n<td width=\"142\">9<\/td>\n<\/tr>\n<tr>\n<td width=\"142\">Viteza turelei (r\/min)<\/td>\n<td width=\"142\">30<\/td>\n<td width=\"142\">30<\/td>\n<td width=\"142\">30<\/td>\n<\/tr>\n<tr>\n<td width=\"142\">Capacitate de productie (bucati\/h)<\/td>\n<td width=\"142\">16200<\/td>\n<td width=\"142\">12600<\/p>\n<p>&nbsp;<\/td>\n<td width=\"142\">16200<\/td>\n<\/tr>\n<tr>\n<td width=\"142\">Puterea motorului (kw)<\/td>\n<td width=\"142\">3.0<\/td>\n<td width=\"142\">3.0<\/td>\n<td width=\"142\">3.0<\/td>\n<\/tr>\n<tr>\n<td width=\"142\">Dimensiune total\u0103 (mm)<\/td>\n<td width=\"142\">670*<\/p>\n<p>720*<\/p>\n<p>1200*<\/td>\n<td width=\"142\">670*<\/p>\n<p>720*<\/p>\n<p>1200*<\/td>\n<td width=\"142\">670*<\/p>\n<p>720*<\/p>\n<p>1200*<\/td>\n<\/tr>\n<tr>\n<td width=\"142\">Greutate neta (kg)<\/td>\n<td width=\"142\">230<\/td>\n<td width=\"142\">230<\/td>\n<td width=\"142\">230<\/td>\n<\/tr>\n<\/tbody>\n<\/table>","protected":false},"excerpt":{"rendered":"<p>V\u0103 prezent\u0103m presa rotativ\u0103 pentru tablete din seria ZARPW, conceput\u0103 pentru fabricarea eficient\u0103 a pastilelor cu efect de cre\u0219tere a energiei.<\/p>","protected":false},"featured_media":6788,"comment_status":"open","ping_status":"closed","template":"","meta":{"wds_primary_product_brand":0,"wds_primary_product_cat":0},"product_brand":[],"product_cat":[84],"product_tag":[],"class_list":{"0":"post-6777","1":"product","2":"type-product","3":"status-publish","4":"has-post-thumbnail","6":"product_cat-maquinas-para-hacer-pastillas","8":"first","9":"instock","10":"taxable","11":"shipping-taxable","12":"purchasable","13":"product-type-simple"},"yoast_head":"<!-- This site is optimized with the Yoast SEO Premium plugin v24.9 (Yoast SEO v26.1) - https:\/\/yoast.com\/wordpress\/plugins\/seo\/ -->\n<title>MAQUINA PRENSADORA DE TABLETAS PARA PILDORAS POTENCIADORAS DE VITAMINAS - distribuci\u00f3n ARC<\/title>\n<meta name=\"robots\" content=\"index, follow, max-snippet:-1, max-image-preview:large, max-video-preview:-1\" \/>\n<link rel=\"canonical\" href=\"https:\/\/www.distribucionarc.com\/bg\/producto\/maquina-prensadora-de-tabletas-para-pildoras-potenciadoras-de-vitaminas\/\" \/>\n<meta property=\"og:locale\" content=\"ro_RO\" \/>\n<meta property=\"og:type\" content=\"article\" \/>\n<meta property=\"og:title\" content=\"MAQUINA PRENSADORA DE TABLETAS PARA PILDORAS POTENCIADORAS DE VITAMINAS\" \/>\n<meta property=\"og:description\" content=\"Introducimos la M\u00e1quina Prensadora de Tabletas Rotativa de la serie ZARPW, dise\u00f1ada para la fabricaci\u00f3n eficiente de p\u00edldoras potenciadoras de\" \/>\n<meta property=\"og:url\" content=\"https:\/\/www.distribucionarc.com\/bg\/producto\/maquina-prensadora-de-tabletas-para-pildoras-potenciadoras-de-vitaminas\/\" \/>\n<meta property=\"og:site_name\" content=\"distribuci\u00f3n ARC\" \/>\n<meta property=\"article:modified_time\" content=\"2024-04-25T17:03:49+00:00\" \/>\n<meta property=\"og:image\" content=\"https:\/\/www.distribucionarc.com\/wp-content\/uploads\/2024\/04\/MAQUINA-PRENSADORA-DE-TABLETAS-PARA-PILDORAS-POTENCIADORAS-DE-VITAMINAS.jpg\" \/>\n\t<meta property=\"og:image:width\" content=\"552\" \/>\n\t<meta property=\"og:image:height\" content=\"832\" \/>\n\t<meta property=\"og:image:type\" content=\"image\/jpeg\" \/>\n<meta name=\"twitter:card\" content=\"summary_large_image\" \/>\n<meta name=\"twitter:label1\" content=\"Timp estimat pentru citire\" \/>\n\t<meta name=\"twitter:data1\" content=\"1 minut\" \/>\n<script type=\"application\/ld+json\" class=\"yoast-schema-graph\">{\"@context\":\"https:\/\/schema.org\",\"@graph\":[{\"@type\":\"WebPage\",\"@id\":\"https:\/\/www.distribucionarc.com\/bg\/producto\/maquina-prensadora-de-tabletas-para-pildoras-potenciadoras-de-vitaminas\/\",\"url\":\"https:\/\/www.distribucionarc.com\/bg\/producto\/maquina-prensadora-de-tabletas-para-pildoras-potenciadoras-de-vitaminas\/\",\"name\":\"MAQUINA PRENSADORA DE TABLETAS PARA PILDORAS POTENCIADORAS DE VITAMINAS - distribuci\u00f3n ARC\",\"isPartOf\":{\"@id\":\"https:\/\/www.distribucionarc.com\/sl\/#website\"},\"primaryImageOfPage\":{\"@id\":\"https:\/\/www.distribucionarc.com\/bg\/producto\/maquina-prensadora-de-tabletas-para-pildoras-potenciadoras-de-vitaminas\/#primaryimage\"},\"image\":{\"@id\":\"https:\/\/www.distribucionarc.com\/bg\/producto\/maquina-prensadora-de-tabletas-para-pildoras-potenciadoras-de-vitaminas\/#primaryimage\"},\"thumbnailUrl\":\"https:\/\/distribucionarc.com\/wp-content\/uploads\/2024\/04\/MAQUINA-PRENSADORA-DE-TABLETAS-PARA-PILDORAS-POTENCIADORAS-DE-VITAMINAS.jpg\",\"datePublished\":\"2024-04-25T17:03:46+00:00\",\"dateModified\":\"2024-04-25T17:03:49+00:00\",\"breadcrumb\":{\"@id\":\"https:\/\/www.distribucionarc.com\/bg\/producto\/maquina-prensadora-de-tabletas-para-pildoras-potenciadoras-de-vitaminas\/#breadcrumb\"},\"inLanguage\":\"ro-RO\",\"potentialAction\":[{\"@type\":\"ReadAction\",\"target\":[\"https:\/\/www.distribucionarc.com\/bg\/producto\/maquina-prensadora-de-tabletas-para-pildoras-potenciadoras-de-vitaminas\/\"]}]},{\"@type\":\"ImageObject\",\"inLanguage\":\"ro-RO\",\"@id\":\"https:\/\/www.distribucionarc.com\/bg\/producto\/maquina-prensadora-de-tabletas-para-pildoras-potenciadoras-de-vitaminas\/#primaryimage\",\"url\":\"https:\/\/distribucionarc.com\/wp-content\/uploads\/2024\/04\/MAQUINA-PRENSADORA-DE-TABLETAS-PARA-PILDORAS-POTENCIADORAS-DE-VITAMINAS.jpg\",\"contentUrl\":\"https:\/\/distribucionarc.com\/wp-content\/uploads\/2024\/04\/MAQUINA-PRENSADORA-DE-TABLETAS-PARA-PILDORAS-POTENCIADORAS-DE-VITAMINAS.jpg\",\"width\":552,\"height\":832,\"caption\":\"#image_title\"},{\"@type\":\"BreadcrumbList\",\"@id\":\"https:\/\/www.distribucionarc.com\/bg\/producto\/maquina-prensadora-de-tabletas-para-pildoras-potenciadoras-de-vitaminas\/#breadcrumb\",\"itemListElement\":[{\"@type\":\"ListItem\",\"position\":1,\"name\":\"Portada\",\"item\":\"https:\/\/www.distribucionarc.com\/\"},{\"@type\":\"ListItem\",\"position\":2,\"name\":\"\u00dcr\u00fcnler\",\"item\":\"https:\/\/www.distribucionarc.com\/tr\/magaza\/\"},{\"@type\":\"ListItem\",\"position\":3,\"name\":\"MAQUINA PRENSADORA DE TABLETAS PARA PILDORAS POTENCIADORAS DE VITAMINAS\"}]},{\"@type\":\"WebSite\",\"@id\":\"https:\/\/www.distribucionarc.com\/sl\/#website\",\"url\":\"https:\/\/www.distribucionarc.com\/sl\/\",\"name\":\"distribuci\u00f3n ARC\",\"description\":\"Empresa especializada en la fabricaci\u00f3n y distribuci\u00f3n de maquinaria industrial, selladoras de latas, Maquinas de hacer pastillas, Maquinas de cortar carne...\",\"publisher\":{\"@id\":\"https:\/\/www.distribucionarc.com\/sl\/#organization\"},\"potentialAction\":[{\"@type\":\"SearchAction\",\"target\":{\"@type\":\"EntryPoint\",\"urlTemplate\":\"https:\/\/www.distribucionarc.com\/sl\/?s={search_term_string}\"},\"query-input\":{\"@type\":\"PropertyValueSpecification\",\"valueRequired\":true,\"valueName\":\"search_term_string\"}}],\"inLanguage\":\"ro-RO\"},{\"@type\":\"Organization\",\"@id\":\"https:\/\/www.distribucionarc.com\/sl\/#organization\",\"name\":\"Distribuci\u00f3n ARC\",\"url\":\"https:\/\/www.distribucionarc.com\/sl\/\",\"logo\":{\"@type\":\"ImageObject\",\"inLanguage\":\"ro-RO\",\"@id\":\"https:\/\/www.distribucionarc.com\/sl\/#\/schema\/logo\/image\/\",\"url\":\"https:\/\/distribucionarc.com\/wp-content\/uploads\/2024\/10\/distribucion-ARC-COLOR-SIN-FONDO-e1732295305345.png\",\"contentUrl\":\"https:\/\/distribucionarc.com\/wp-content\/uploads\/2024\/10\/distribucion-ARC-COLOR-SIN-FONDO-e1732295305345.png\",\"width\":1164,\"height\":558,\"caption\":\"Distribuci\u00f3n ARC\"},\"image\":{\"@id\":\"https:\/\/www.distribucionarc.com\/sl\/#\/schema\/logo\/image\/\"},\"description\":\"Empresa especializada en la fabricaci\u00f3n y distribuci\u00f3n de maquinaria industrial para los sectores alimentario y farmac\u00e9utico. Nos especializamos en: M\u00e1quinas de cortar carne Fabricaci\u00f3n de comprimidos Sistemas de transporte industrial L\u00edneas de embotellado Dosificadores Y mucho m\u00e1s... Ofrecemos soluciones innovadoras y personalizadas para optimizar los procesos productivos de tu empresa.\",\"email\":\"Admistracion@distribucionarc.com\",\"telephone\":\"+34 643496664\",\"legalName\":\"ARC TECH SOLUTIONS\",\"foundingDate\":\"2024-04-09\",\"vatID\":\"B55480172\",\"numberOfEmployees\":{\"@type\":\"QuantitativeValue\",\"minValue\":\"1\",\"maxValue\":\"10\"}}]}<\/script>\n<!-- \/ Yoast SEO Premium plugin. -->","yoast_head_json":{"title":"MASINA DE PRESAT TABLETE PENTRU PASTILULE PENTRU VITAMINE - distributie ARC","robots":{"index":"index","follow":"follow","max-snippet":"max-snippet:-1","max-image-preview":"max-image-preview:large","max-video-preview":"max-video-preview:-1"},"canonical":"https:\/\/www.distribucionarc.com\/bg\/producto\/maquina-prensadora-de-tabletas-para-pildoras-potenciadoras-de-vitaminas\/","og_locale":"ro_RO","og_type":"article","og_title":"MAQUINA PRENSADORA DE TABLETAS PARA PILDORAS POTENCIADORAS DE VITAMINAS","og_description":"Introducimos la M\u00e1quina Prensadora de Tabletas Rotativa de la serie ZARPW, dise\u00f1ada para la fabricaci\u00f3n eficiente de p\u00edldoras potenciadoras de","og_url":"https:\/\/www.distribucionarc.com\/bg\/producto\/maquina-prensadora-de-tabletas-para-pildoras-potenciadoras-de-vitaminas\/","og_site_name":"distribuci\u00f3n ARC","article_modified_time":"2024-04-25T17:03:49+00:00","og_image":[{"width":552,"height":832,"url":"https:\/\/www.distribucionarc.com\/wp-content\/uploads\/2024\/04\/MAQUINA-PRENSADORA-DE-TABLETAS-PARA-PILDORAS-POTENCIADORAS-DE-VITAMINAS.jpg","type":"image\/jpeg"}],"twitter_card":"summary_large_image","twitter_misc":{"Timp estimat pentru citire":"1 minut"},"schema":{"@context":"https:\/\/schema.org","@graph":[{"@type":"WebPage","@id":"https:\/\/www.distribucionarc.com\/bg\/producto\/maquina-prensadora-de-tabletas-para-pildoras-potenciadoras-de-vitaminas\/","url":"https:\/\/www.distribucionarc.com\/bg\/producto\/maquina-prensadora-de-tabletas-para-pildoras-potenciadoras-de-vitaminas\/","name":"MASINA DE PRESAT TABLETE PENTRU PASTILULE PENTRU VITAMINE - distributie ARC","isPartOf":{"@id":"https:\/\/www.distribucionarc.com\/sl\/#website"},"primaryImageOfPage":{"@id":"https:\/\/www.distribucionarc.com\/bg\/producto\/maquina-prensadora-de-tabletas-para-pildoras-potenciadoras-de-vitaminas\/#primaryimage"},"image":{"@id":"https:\/\/www.distribucionarc.com\/bg\/producto\/maquina-prensadora-de-tabletas-para-pildoras-potenciadoras-de-vitaminas\/#primaryimage"},"thumbnailUrl":"https:\/\/distribucionarc.com\/wp-content\/uploads\/2024\/04\/MAQUINA-PRENSADORA-DE-TABLETAS-PARA-PILDORAS-POTENCIADORAS-DE-VITAMINAS.jpg","datePublished":"2024-04-25T17:03:46+00:00","dateModified":"2024-04-25T17:03:49+00:00","breadcrumb":{"@id":"https:\/\/www.distribucionarc.com\/bg\/producto\/maquina-prensadora-de-tabletas-para-pildoras-potenciadoras-de-vitaminas\/#breadcrumb"},"inLanguage":"ro-RO","potentialAction":[{"@type":"ReadAction","target":["https:\/\/www.distribucionarc.com\/bg\/producto\/maquina-prensadora-de-tabletas-para-pildoras-potenciadoras-de-vitaminas\/"]}]},{"@type":"ImageObject","inLanguage":"ro-RO","@id":"https:\/\/www.distribucionarc.com\/bg\/producto\/maquina-prensadora-de-tabletas-para-pildoras-potenciadoras-de-vitaminas\/#primaryimage","url":"https:\/\/distribucionarc.com\/wp-content\/uploads\/2024\/04\/MAQUINA-PRENSADORA-DE-TABLETAS-PARA-PILDORAS-POTENCIADORAS-DE-VITAMINAS.jpg","contentUrl":"https:\/\/distribucionarc.com\/wp-content\/uploads\/2024\/04\/MAQUINA-PRENSADORA-DE-TABLETAS-PARA-PILDORAS-POTENCIADORAS-DE-VITAMINAS.jpg","width":552,"height":832,"caption":"#image_title"},{"@type":"BreadcrumbList","@id":"https:\/\/www.distribucionarc.com\/bg\/producto\/maquina-prensadora-de-tabletas-para-pildoras-potenciadoras-de-vitaminas\/#breadcrumb","itemListElement":[{"@type":"ListItem","position":1,"name":"Portada","item":"https:\/\/www.distribucionarc.com\/"},{"@type":"ListItem","position":2,"name":"\u00dcr\u00fcnler","item":"https:\/\/www.distribucionarc.com\/tr\/magaza\/"},{"@type":"ListItem","position":3,"name":"MAQUINA PRENSADORA DE TABLETAS PARA PILDORAS POTENCIADORAS DE VITAMINAS"}]},{"@type":"WebSite","@id":"https:\/\/www.distribucionarc.com\/sl\/#website","url":"https:\/\/www.distribucionarc.com\/sl\/","name":"Distribu\u021bie ARC","description":"Companie specializat\u0103 \u00een fabricarea \u0219i distribu\u021bia de utilaje industriale, ma\u0219ini de sigilat cutii, ma\u0219ini de fabricat tablete, ma\u0219ini de t\u0103iat carne...","publisher":{"@id":"https:\/\/www.distribucionarc.com\/sl\/#organization"},"potentialAction":[{"@type":"SearchAction","target":{"@type":"EntryPoint","urlTemplate":"https:\/\/www.distribucionarc.com\/sl\/?s={search_term_string}"},"query-input":{"@type":"PropertyValueSpecification","valueRequired":true,"valueName":"search_term_string"}}],"inLanguage":"ro-RO"},{"@type":"Organization","@id":"https:\/\/www.distribucionarc.com\/sl\/#organization","name":"Distribu\u021bie ARC","url":"https:\/\/www.distribucionarc.com\/sl\/","logo":{"@type":"ImageObject","inLanguage":"ro-RO","@id":"https:\/\/www.distribucionarc.com\/sl\/#\/schema\/logo\/image\/","url":"https:\/\/distribucionarc.com\/wp-content\/uploads\/2024\/10\/distribucion-ARC-COLOR-SIN-FONDO-e1732295305345.png","contentUrl":"https:\/\/distribucionarc.com\/wp-content\/uploads\/2024\/10\/distribucion-ARC-COLOR-SIN-FONDO-e1732295305345.png","width":1164,"height":558,"caption":"Distribuci\u00f3n ARC"},"image":{"@id":"https:\/\/www.distribucionarc.com\/sl\/#\/schema\/logo\/image\/"},"description":"Companie specializat\u0103 \u00een fabricarea \u0219i distribu\u021bia de utilaje industriale pentru sectoarele alimentar \u0219i farmaceutic. Suntem specializa\u021bi \u00een: Ma\u0219ini de t\u0103iat carne Fabricarea tabletelor Sisteme de transport industrial Linii de \u00eembuteliere Distribuitoare \u0218i multe altele... Oferim solu\u021bii inovatoare \u0219i personalizate pentru a optimiza procesele de produc\u021bie ale companiei dumneavoastr\u0103.","email":"Admistracion@distribucionarc.com","telephone":"+34 643496664","legalName":"ARC TECH SOLUTIONS","foundingDate":"2024-04-09","vatID":"B55480172","numberOfEmployees":{"@type":"QuantitativeValue","minValue":"1","maxValue":"10"}}]}},"_links":{"self":[{"href":"https:\/\/distribucionarc.com\/ro\/wp-json\/wp\/v2\/product\/6777","targetHints":{"allow":["GET"]}}],"collection":[{"href":"https:\/\/distribucionarc.com\/ro\/wp-json\/wp\/v2\/product"}],"about":[{"href":"https:\/\/distribucionarc.com\/ro\/wp-json\/wp\/v2\/types\/product"}],"replies":[{"embeddable":true,"href":"https:\/\/distribucionarc.com\/ro\/wp-json\/wp\/v2\/comments?post=6777"}],"version-history":[{"count":0,"href":"https:\/\/distribucionarc.com\/ro\/wp-json\/wp\/v2\/product\/6777\/revisions"}],"wp:featuredmedia":[{"embeddable":true,"href":"https:\/\/distribucionarc.com\/ro\/wp-json\/wp\/v2\/media\/6788"}],"wp:attachment":[{"href":"https:\/\/distribucionarc.com\/ro\/wp-json\/wp\/v2\/media?parent=6777"}],"wp:term":[{"taxonomy":"product_brand","embeddable":true,"href":"https:\/\/distribucionarc.com\/ro\/wp-json\/wp\/v2\/product_brand?post=6777"},{"taxonomy":"product_cat","embeddable":true,"href":"https:\/\/distribucionarc.com\/ro\/wp-json\/wp\/v2\/product_cat?post=6777"},{"taxonomy":"product_tag","embeddable":true,"href":"https:\/\/distribucionarc.com\/ro\/wp-json\/wp\/v2\/product_tag?post=6777"}],"curies":[{"name":"wp","href":"https:\/\/api.w.org\/{rel}","templated":true}]}}