{"id":6813,"date":"2024-04-25T18:43:17","date_gmt":"2024-04-25T18:43:17","guid":{"rendered":"https:\/\/distribucionarc.com\/?post_type=product&#038;p=6813"},"modified":"2024-04-25T18:43:19","modified_gmt":"2024-04-25T18:43:19","slug":"masina-de-compactare-a-tabletelor-nutrienti","status":"publish","type":"product","link":"https:\/\/distribucionarc.com\/ro\/producto\/maquina-compactadora-de-tabletas-de-nutrientes\/","title":{"rendered":"MASINA COMPACTATOR TABLETE NUTRIENTI"},"content":{"rendered":"<p>V\u0103 prezent\u0103m <strong>Ma\u0219in\u0103 de f\u0103cut tablete nutri\u021bionale,<\/strong> Proiectat cu un sistem complet \u00eenchis \u0219i sticl\u0103 organic\u0103 pentru a preveni contaminarea \u00eencruci\u0219at\u0103 a prafului. Fabricat din o\u021bel inoxidabil 304, \u00eendepline\u0219te standardele GMP. Ecranul tactil DARP20 v\u0103 permite s\u0103 monitoriza\u021bi produc\u021bia \u0219i are func\u021bii avansate, cum ar fi oprirea automat\u0103 \u0219i alarma de suprapresiune. Cu o capacitate excelent\u0103 de \u00eenc\u0103rcare, este ideal pentru o gam\u0103 larg\u0103 de <strong>produc\u021bii de tablete nutritive.<\/strong><\/p>\n<p>&nbsp;<\/p>\n<table>\n<tbody>\n<tr>\n<td width=\"189\">Model<\/td>\n<td width=\"189\">Ecran tactil DARP-20E (plc)<\/td>\n<td width=\"189\">DARP-20E<\/td>\n<\/tr>\n<tr>\n<td width=\"189\">Jocuri<\/td>\n<td width=\"189\">1<\/td>\n<td width=\"189\">1<\/td>\n<\/tr>\n<tr>\n<td width=\"189\">Presiune maxim\u0103 (tone)<\/td>\n<td width=\"189\">60<\/td>\n<td width=\"189\">60<\/td>\n<\/tr>\n<tr>\n<td width=\"189\">Diametrul maxim de tablet\u0103 (mm)<\/td>\n<td width=\"189\">25<\/td>\n<td width=\"189\">25<\/td>\n<\/tr>\n<tr>\n<td width=\"189\">Ad\u00e2ncime maxim\u0103 umplere (mm)<\/td>\n<td width=\"189\">18<\/td>\n<td width=\"189\">18<\/td>\n<\/tr>\n<tr>\n<td width=\"189\">Grosimea maxim\u0103 a tabletei (mm)<\/td>\n<td width=\"189\">7<\/td>\n<td width=\"189\">7<\/td>\n<\/tr>\n<tr>\n<td width=\"189\">Capacitate de productie (bucati\/h)<\/td>\n<td width=\"189\">2100<\/td>\n<td width=\"189\">2100<\/td>\n<\/tr>\n<tr>\n<td width=\"189\">Puterea motorului (KW)<\/td>\n<td width=\"189\">1.5<\/td>\n<td width=\"189\">1.5<\/td>\n<\/tr>\n<tr>\n<td width=\"189\">Dimensiune total\u0103 (mm)<\/td>\n<td width=\"189\">550*<\/p>\n<p>540*<\/p>\n<p>880*<\/td>\n<td width=\"189\">550*<\/p>\n<p>540*<\/p>\n<p>880*<\/td>\n<\/tr>\n<tr>\n<td width=\"189\">Greutate net\u0103 (kg)<\/td>\n<td width=\"189\">180<\/td>\n<td width=\"189\">180<\/td>\n<\/tr>\n<tr>\n<td width=\"189\">Dimensiunea pachetului (mm)<\/td>\n<td width=\"189\">770*<\/p>\n<p>630*<\/p>\n<p>1060*<\/td>\n<td width=\"189\">770*<\/p>\n<p>630*<\/p>\n<p>1060*<\/td>\n<\/tr>\n<tr>\n<td width=\"189\">Greutate pachet (mm)<\/td>\n<td width=\"189\">200<\/td>\n<td width=\"189\">200<\/td>\n<\/tr>\n<\/tbody>\n<\/table>\n<p>&nbsp;<\/p>","protected":false},"excerpt":{"rendered":"<p>V\u0103 prezent\u0103m ma\u0219ina noastr\u0103 de fabricat tablete nutri\u021bionale, proiectat\u0103 cu un sistem complet \u00eenchis \u0219i sticl\u0103 organic\u0103 pentru a preveni...<\/p>","protected":false},"featured_media":6814,"comment_status":"open","ping_status":"closed","template":"","meta":{"wds_primary_product_brand":0,"wds_primary_product_cat":0},"product_brand":[],"product_cat":[266],"product_tag":[],"class_list":{"0":"post-6813","1":"product","2":"type-product","3":"status-publish","4":"has-post-thumbnail","6":"product_cat-accessories","8":"first","9":"instock","10":"taxable","11":"shipping-taxable","12":"purchasable","13":"product-type-simple"},"yoast_head":"<!-- This site is optimized with the Yoast SEO Premium plugin v24.9 (Yoast SEO v26.1) - https:\/\/yoast.com\/wordpress\/plugins\/seo\/ -->\n<title>MAQUINA COMPACTADORA DE TABLETAS DE NUTRIENTES - distribuci\u00f3n ARC<\/title>\n<meta name=\"robots\" content=\"index, follow, max-snippet:-1, max-image-preview:large, max-video-preview:-1\" \/>\n<link rel=\"canonical\" href=\"https:\/\/www.distribucionarc.com\/en\/producto\/maquina-compactadora-de-tabletas-de-nutrientes\/\" \/>\n<meta property=\"og:locale\" content=\"ro_RO\" \/>\n<meta property=\"og:type\" content=\"article\" \/>\n<meta property=\"og:title\" content=\"MAQUINA COMPACTADORA DE TABLETAS DE NUTRIENTES\" \/>\n<meta property=\"og:description\" content=\"Presentamos nuestra M\u00e1quina de Fabricaci\u00f3n de Tabletas Nutritivas, dise\u00f1ada con un sistema completamente cerrado y vidrio org\u00e1nico para prevenir la\" \/>\n<meta property=\"og:url\" content=\"https:\/\/www.distribucionarc.com\/en\/producto\/maquina-compactadora-de-tabletas-de-nutrientes\/\" \/>\n<meta property=\"og:site_name\" content=\"distribuci\u00f3n ARC\" \/>\n<meta property=\"article:modified_time\" content=\"2024-04-25T18:43:19+00:00\" \/>\n<meta property=\"og:image\" content=\"https:\/\/www.distribucionarc.com\/wp-content\/uploads\/2024\/04\/MAQUINA-COMPACTADORA-DE-TABLETAS-DE-NUTRIENTES.jpg\" \/>\n\t<meta property=\"og:image:width\" content=\"400\" \/>\n\t<meta property=\"og:image:height\" content=\"440\" \/>\n\t<meta property=\"og:image:type\" content=\"image\/jpeg\" \/>\n<meta name=\"twitter:card\" content=\"summary_large_image\" \/>\n<meta name=\"twitter:label1\" content=\"Timp estimat pentru citire\" \/>\n\t<meta name=\"twitter:data1\" content=\"1 minut\" \/>\n<script type=\"application\/ld+json\" class=\"yoast-schema-graph\">{\"@context\":\"https:\/\/schema.org\",\"@graph\":[{\"@type\":\"WebPage\",\"@id\":\"https:\/\/www.distribucionarc.com\/en\/producto\/maquina-compactadora-de-tabletas-de-nutrientes\/\",\"url\":\"https:\/\/www.distribucionarc.com\/en\/producto\/maquina-compactadora-de-tabletas-de-nutrientes\/\",\"name\":\"MAQUINA COMPACTADORA DE TABLETAS DE NUTRIENTES - distribuci\u00f3n ARC\",\"isPartOf\":{\"@id\":\"https:\/\/distribucionarc.com\/de\/#website\"},\"primaryImageOfPage\":{\"@id\":\"https:\/\/www.distribucionarc.com\/en\/producto\/maquina-compactadora-de-tabletas-de-nutrientes\/#primaryimage\"},\"image\":{\"@id\":\"https:\/\/www.distribucionarc.com\/en\/producto\/maquina-compactadora-de-tabletas-de-nutrientes\/#primaryimage\"},\"thumbnailUrl\":\"https:\/\/distribucionarc.com\/wp-content\/uploads\/2024\/04\/MAQUINA-COMPACTADORA-DE-TABLETAS-DE-NUTRIENTES.jpg\",\"datePublished\":\"2024-04-25T18:43:17+00:00\",\"dateModified\":\"2024-04-25T18:43:19+00:00\",\"breadcrumb\":{\"@id\":\"https:\/\/www.distribucionarc.com\/en\/producto\/maquina-compactadora-de-tabletas-de-nutrientes\/#breadcrumb\"},\"inLanguage\":\"ro-RO\",\"potentialAction\":[{\"@type\":\"ReadAction\",\"target\":[\"https:\/\/www.distribucionarc.com\/en\/producto\/maquina-compactadora-de-tabletas-de-nutrientes\/\"]}]},{\"@type\":\"ImageObject\",\"inLanguage\":\"ro-RO\",\"@id\":\"https:\/\/www.distribucionarc.com\/en\/producto\/maquina-compactadora-de-tabletas-de-nutrientes\/#primaryimage\",\"url\":\"https:\/\/distribucionarc.com\/wp-content\/uploads\/2024\/04\/MAQUINA-COMPACTADORA-DE-TABLETAS-DE-NUTRIENTES.jpg\",\"contentUrl\":\"https:\/\/distribucionarc.com\/wp-content\/uploads\/2024\/04\/MAQUINA-COMPACTADORA-DE-TABLETAS-DE-NUTRIENTES.jpg\",\"width\":400,\"height\":440,\"caption\":\"#image_title\"},{\"@type\":\"BreadcrumbList\",\"@id\":\"https:\/\/www.distribucionarc.com\/en\/producto\/maquina-compactadora-de-tabletas-de-nutrientes\/#breadcrumb\",\"itemListElement\":[{\"@type\":\"ListItem\",\"position\":1,\"name\":\"Portada\",\"item\":\"https:\/\/distribucionarc.com\/pl\/\"},{\"@type\":\"ListItem\",\"position\":2,\"name\":\"Produkty\",\"item\":\"https:\/\/distribucionarc.com\/pl\/shop\/\"},{\"@type\":\"ListItem\",\"position\":3,\"name\":\"MAQUINA COMPACTADORA DE TABLETAS DE NUTRIENTES\"}]},{\"@type\":\"WebSite\",\"@id\":\"https:\/\/distribucionarc.com\/de\/#website\",\"url\":\"https:\/\/distribucionarc.com\/de\/\",\"name\":\"distribuci\u00f3n ARC\",\"description\":\"Empresa especializada en la fabricaci\u00f3n y distribuci\u00f3n de maquinaria industrial, selladoras de latas, Maquinas de hacer pastillas, Maquinas de cortar carne...\",\"publisher\":{\"@id\":\"https:\/\/distribucionarc.com\/de\/#organization\"},\"potentialAction\":[{\"@type\":\"SearchAction\",\"target\":{\"@type\":\"EntryPoint\",\"urlTemplate\":\"https:\/\/distribucionarc.com\/de\/?s={search_term_string}\"},\"query-input\":{\"@type\":\"PropertyValueSpecification\",\"valueRequired\":true,\"valueName\":\"search_term_string\"}}],\"inLanguage\":\"ro-RO\"},{\"@type\":\"Organization\",\"@id\":\"https:\/\/distribucionarc.com\/de\/#organization\",\"name\":\"Distribuci\u00f3n ARC\",\"url\":\"https:\/\/distribucionarc.com\/de\/\",\"logo\":{\"@type\":\"ImageObject\",\"inLanguage\":\"ro-RO\",\"@id\":\"https:\/\/distribucionarc.com\/de\/#\/schema\/logo\/image\/\",\"url\":\"https:\/\/distribucionarc.com\/wp-content\/uploads\/2024\/10\/distribucion-ARC-COLOR-SIN-FONDO-e1732295305345.png\",\"contentUrl\":\"https:\/\/distribucionarc.com\/wp-content\/uploads\/2024\/10\/distribucion-ARC-COLOR-SIN-FONDO-e1732295305345.png\",\"width\":1164,\"height\":558,\"caption\":\"Distribuci\u00f3n ARC\"},\"image\":{\"@id\":\"https:\/\/distribucionarc.com\/de\/#\/schema\/logo\/image\/\"},\"description\":\"Empresa especializada en la fabricaci\u00f3n y distribuci\u00f3n de maquinaria industrial para los sectores alimentario y farmac\u00e9utico. Nos especializamos en: M\u00e1quinas de cortar carne Fabricaci\u00f3n de comprimidos Sistemas de transporte industrial L\u00edneas de embotellado Dosificadores Y mucho m\u00e1s... Ofrecemos soluciones innovadoras y personalizadas para optimizar los procesos productivos de tu empresa.\",\"email\":\"Admistracion@distribucionarc.com\",\"telephone\":\"+34 643496664\",\"legalName\":\"ARC TECH SOLUTIONS\",\"foundingDate\":\"2024-04-09\",\"vatID\":\"B55480172\",\"numberOfEmployees\":{\"@type\":\"QuantitativeValue\",\"minValue\":\"1\",\"maxValue\":\"10\"}}]}<\/script>\n<!-- \/ Yoast SEO Premium plugin. -->","yoast_head_json":{"title":"MASINA COMPACTATOR TABLETE NUTRIENTI - distributie ARC","robots":{"index":"index","follow":"follow","max-snippet":"max-snippet:-1","max-image-preview":"max-image-preview:large","max-video-preview":"max-video-preview:-1"},"canonical":"https:\/\/www.distribucionarc.com\/en\/producto\/maquina-compactadora-de-tabletas-de-nutrientes\/","og_locale":"ro_RO","og_type":"article","og_title":"MAQUINA COMPACTADORA DE TABLETAS DE NUTRIENTES","og_description":"Presentamos nuestra M\u00e1quina de Fabricaci\u00f3n de Tabletas Nutritivas, dise\u00f1ada con un sistema completamente cerrado y vidrio org\u00e1nico para prevenir la","og_url":"https:\/\/www.distribucionarc.com\/en\/producto\/maquina-compactadora-de-tabletas-de-nutrientes\/","og_site_name":"distribuci\u00f3n ARC","article_modified_time":"2024-04-25T18:43:19+00:00","og_image":[{"width":400,"height":440,"url":"https:\/\/www.distribucionarc.com\/wp-content\/uploads\/2024\/04\/MAQUINA-COMPACTADORA-DE-TABLETAS-DE-NUTRIENTES.jpg","type":"image\/jpeg"}],"twitter_card":"summary_large_image","twitter_misc":{"Timp estimat pentru citire":"1 minut"},"schema":{"@context":"https:\/\/schema.org","@graph":[{"@type":"WebPage","@id":"https:\/\/www.distribucionarc.com\/en\/producto\/maquina-compactadora-de-tabletas-de-nutrientes\/","url":"https:\/\/www.distribucionarc.com\/en\/producto\/maquina-compactadora-de-tabletas-de-nutrientes\/","name":"MASINA COMPACTATOR TABLETE NUTRIENTI - distributie ARC","isPartOf":{"@id":"https:\/\/distribucionarc.com\/de\/#website"},"primaryImageOfPage":{"@id":"https:\/\/www.distribucionarc.com\/en\/producto\/maquina-compactadora-de-tabletas-de-nutrientes\/#primaryimage"},"image":{"@id":"https:\/\/www.distribucionarc.com\/en\/producto\/maquina-compactadora-de-tabletas-de-nutrientes\/#primaryimage"},"thumbnailUrl":"https:\/\/distribucionarc.com\/wp-content\/uploads\/2024\/04\/MAQUINA-COMPACTADORA-DE-TABLETAS-DE-NUTRIENTES.jpg","datePublished":"2024-04-25T18:43:17+00:00","dateModified":"2024-04-25T18:43:19+00:00","breadcrumb":{"@id":"https:\/\/www.distribucionarc.com\/en\/producto\/maquina-compactadora-de-tabletas-de-nutrientes\/#breadcrumb"},"inLanguage":"ro-RO","potentialAction":[{"@type":"ReadAction","target":["https:\/\/www.distribucionarc.com\/en\/producto\/maquina-compactadora-de-tabletas-de-nutrientes\/"]}]},{"@type":"ImageObject","inLanguage":"ro-RO","@id":"https:\/\/www.distribucionarc.com\/en\/producto\/maquina-compactadora-de-tabletas-de-nutrientes\/#primaryimage","url":"https:\/\/distribucionarc.com\/wp-content\/uploads\/2024\/04\/MAQUINA-COMPACTADORA-DE-TABLETAS-DE-NUTRIENTES.jpg","contentUrl":"https:\/\/distribucionarc.com\/wp-content\/uploads\/2024\/04\/MAQUINA-COMPACTADORA-DE-TABLETAS-DE-NUTRIENTES.jpg","width":400,"height":440,"caption":"#image_title"},{"@type":"BreadcrumbList","@id":"https:\/\/www.distribucionarc.com\/en\/producto\/maquina-compactadora-de-tabletas-de-nutrientes\/#breadcrumb","itemListElement":[{"@type":"ListItem","position":1,"name":"Portada","item":"https:\/\/distribucionarc.com\/pl\/"},{"@type":"ListItem","position":2,"name":"Produkty","item":"https:\/\/distribucionarc.com\/pl\/shop\/"},{"@type":"ListItem","position":3,"name":"MAQUINA COMPACTADORA DE TABLETAS DE NUTRIENTES"}]},{"@type":"WebSite","@id":"https:\/\/distribucionarc.com\/de\/#website","url":"https:\/\/distribucionarc.com\/de\/","name":"Distribu\u021bie ARC","description":"Companie specializat\u0103 \u00een fabricarea \u0219i distribu\u021bia de utilaje industriale, ma\u0219ini de sigilat cutii, ma\u0219ini de fabricat tablete, ma\u0219ini de t\u0103iat carne...","publisher":{"@id":"https:\/\/distribucionarc.com\/de\/#organization"},"potentialAction":[{"@type":"SearchAction","target":{"@type":"EntryPoint","urlTemplate":"https:\/\/distribucionarc.com\/de\/?s={search_term_string}"},"query-input":{"@type":"PropertyValueSpecification","valueRequired":true,"valueName":"search_term_string"}}],"inLanguage":"ro-RO"},{"@type":"Organization","@id":"https:\/\/distribucionarc.com\/de\/#organization","name":"Distribu\u021bie ARC","url":"https:\/\/distribucionarc.com\/de\/","logo":{"@type":"ImageObject","inLanguage":"ro-RO","@id":"https:\/\/distribucionarc.com\/de\/#\/schema\/logo\/image\/","url":"https:\/\/distribucionarc.com\/wp-content\/uploads\/2024\/10\/distribucion-ARC-COLOR-SIN-FONDO-e1732295305345.png","contentUrl":"https:\/\/distribucionarc.com\/wp-content\/uploads\/2024\/10\/distribucion-ARC-COLOR-SIN-FONDO-e1732295305345.png","width":1164,"height":558,"caption":"Distribuci\u00f3n ARC"},"image":{"@id":"https:\/\/distribucionarc.com\/de\/#\/schema\/logo\/image\/"},"description":"Companie specializat\u0103 \u00een fabricarea \u0219i distribu\u021bia de utilaje industriale pentru sectoarele alimentar \u0219i farmaceutic. Suntem specializa\u021bi \u00een: Ma\u0219ini de t\u0103iat carne Fabricarea tabletelor Sisteme de transport industrial Linii de \u00eembuteliere Distribuitoare \u0218i multe altele... Oferim solu\u021bii inovatoare \u0219i personalizate pentru a optimiza procesele de produc\u021bie ale companiei dumneavoastr\u0103.","email":"Admistracion@distribucionarc.com","telephone":"+34 643496664","legalName":"ARC TECH SOLUTIONS","foundingDate":"2024-04-09","vatID":"B55480172","numberOfEmployees":{"@type":"QuantitativeValue","minValue":"1","maxValue":"10"}}]}},"_links":{"self":[{"href":"https:\/\/distribucionarc.com\/ro\/wp-json\/wp\/v2\/product\/6813","targetHints":{"allow":["GET"]}}],"collection":[{"href":"https:\/\/distribucionarc.com\/ro\/wp-json\/wp\/v2\/product"}],"about":[{"href":"https:\/\/distribucionarc.com\/ro\/wp-json\/wp\/v2\/types\/product"}],"replies":[{"embeddable":true,"href":"https:\/\/distribucionarc.com\/ro\/wp-json\/wp\/v2\/comments?post=6813"}],"version-history":[{"count":0,"href":"https:\/\/distribucionarc.com\/ro\/wp-json\/wp\/v2\/product\/6813\/revisions"}],"wp:featuredmedia":[{"embeddable":true,"href":"https:\/\/distribucionarc.com\/ro\/wp-json\/wp\/v2\/media\/6814"}],"wp:attachment":[{"href":"https:\/\/distribucionarc.com\/ro\/wp-json\/wp\/v2\/media?parent=6813"}],"wp:term":[{"taxonomy":"product_brand","embeddable":true,"href":"https:\/\/distribucionarc.com\/ro\/wp-json\/wp\/v2\/product_brand?post=6813"},{"taxonomy":"product_cat","embeddable":true,"href":"https:\/\/distribucionarc.com\/ro\/wp-json\/wp\/v2\/product_cat?post=6813"},{"taxonomy":"product_tag","embeddable":true,"href":"https:\/\/distribucionarc.com\/ro\/wp-json\/wp\/v2\/product_tag?post=6813"}],"curies":[{"name":"wp","href":"https:\/\/api.w.org\/{rel}","templated":true}]}}