{"id":687,"date":"2020-06-19T20:07:04","date_gmt":"2020-06-19T20:07:04","guid":{"rendered":"https:\/\/distribucionarc.com\/?post_type=product&#038;p=687"},"modified":"2024-10-05T03:52:47","modified_gmt":"2024-10-05T03:52:47","slug":"masina-de-tocat-carne-sau-legume-speciala-pentru-industrie","status":"publish","type":"product","link":"https:\/\/distribucionarc.com\/ro\/producto\/picadora-de-carne-o-verduras-especial-para-industra\/","title":{"rendered":"masina speciala de tocat carne sau legume pentru industrie"},"content":{"rendered":"<p>Ma\u0219ina de tocat carne ARCP V2 este o ma\u0219in\u0103 de tocat carne profesional\u0103 puternic\u0103, cu carcas\u0103 \u0219i plac\u0103 din o\u021bel inoxidabil. Principiul este c\u0103 angrenajul melcat \u0219i angrenajul inel sunt, de asemenea, fabricate din o\u021bel inoxidabil. ARCP <strong>masina de tocat carne<\/strong> V2 are patru picioare de cauciuc \u0219i, prin urmare, este asigurat suplimentar \u00eempotriva alunec\u0103rii. Ma\u0219ina de tocat carne ARCP V2 este u\u0219or de cur\u0103\u021bat, iar partea de tocat este deta\u0219abil\u0103 \u00eentr-o singur\u0103 parte.<\/p>\n<p>noua versiune a ARCP V2\u00a0 <strong>Are o caracteristic\u0103 unic\u0103, consum redus, performan\u021b\u0103 ridicat\u0103.<\/strong><\/p>\n<p><span style=\"color: #ff0000;\">360w<\/span> <span style=\"color: #008000;\">Sistem inteligent integrat cu consum redus.<\/span><\/p>\n<p>Mai jos pute\u021bi g\u0103si toate caracteristicile ma\u0219inii de tocat carne ARCP V2:<\/p>\n<ul>\n<li>Ma\u0219in\u0103 de tocat carne profesional\u0103 puternic\u0103<\/li>\n<li>Carcas\u0103 \u0219i tav\u0103 din o\u021bel inoxidabil<\/li>\n<li>angrenaj elicoidal \u0219i inel \u0219urub din o\u021bel inoxidabil<\/li>\n<li>Cu\u021bite \u0219i pl\u0103ci din o\u021bel c\u0103lit<\/li>\n<li>partea de rectificare poate fi \u00eendep\u0103rtat\u0103 dintr-o singur\u0103 mi\u0219care<\/li>\n<li>Cu 2 viteze \u00eenainte \u0219i \u00eenapoi:<\/li>\n<li>Produc\u021bie: P\u00e2n\u0103 la 120 kg pe or\u0103<\/li>\n<li>Dimensiuni tava: L200 x D295 x H45 mm 4,8 x 20 x 29cm<\/li>\n<li>Diametru deschidere tava: 55 mm<\/li>\n<li>Diametrul pl\u0103cii de \u0219lefuit: 70 mm<\/li>\n<li>\u00eentrerup\u0103tor de protec\u021bie a motorului<\/li>\n<li>Patru baze de cauciuc pentru picioare<\/li>\n<li>Usor de curatat<\/li>\n<li>Greutate neta: 22 kg<\/li>\n<li>Dimensiuni: L280 x D160 x H290mm<\/li>\n<li>220V\/50Hz\/1fazat 370 Watt<\/li>\n<\/ul>\n<p>Standardul include:<\/p>\n<ul>\n<li>1 \u00eemping\u0103tor<\/li>\n<li>1 carnat umplut \u2013 \u00d8 20 mm<\/li>\n<li>2 cu\u021bite \u00eencruci\u0219ate<\/li>\n<li>plac\u0103 de zdrobire 6 mm<\/li>\n<li>plac\u0103 de zdrobire 8 mm<\/li>\n<\/ul>\n<p><iframe loading=\"lazy\" src=\"https:\/\/www.youtube.com\/embed\/xyT98EOJOG8\" width=\"560\" height=\"315\" frameborder=\"0\" allowfullscreen=\"allowfullscreen\"><\/iframe><\/p>","protected":false},"excerpt":{"rendered":"<h2><span style=\"color: #000080;\">LA<span style=\"color: #ff0000;\"><strong>R<\/strong><\/span><\/span>CP V2 Masina de tocat carne 120kg\/h??<\/h2>\n<p><span style=\"color: #ff0000;\">360w<\/span> <span style=\"color: #008000;\">Sistem inteligent integrat cu consum redus.<\/span><\/p>\n<p>ma\u0219ina de tocat perfect\u0103 pentru m\u0103cel\u0103rii sau firme semi-industriale care necesit\u0103 o cantitate mare de carne \u00een cel mai scurt timp posibil<\/p>\n<p>toate utilajele noastre au <strong>2 ani garantie<\/strong><\/p>\n<p><strong>suport tehnic \u00een caz de avarie<\/strong><\/p>\n<p>tot ce ai nevoie pentru afacerea ta \u00eentr-un singur loc<\/p>","protected":false},"featured_media":690,"comment_status":"open","ping_status":"closed","template":"","meta":{"wds_primary_product_brand":0,"wds_primary_product_cat":0},"product_brand":[],"product_cat":[120],"product_tag":[],"class_list":{"0":"post-687","1":"product","2":"type-product","3":"status-publish","4":"has-post-thumbnail","6":"product_cat-picadoras-carne","7":"product_shipping_class-hosteleria","9":"first","10":"outofstock","11":"sale","12":"taxable","13":"shipping-taxable","14":"purchasable","15":"product-type-simple"},"yoast_head":"<!-- This site is optimized with the Yoast SEO Premium plugin v24.9 (Yoast SEO v26.1) - https:\/\/yoast.com\/wordpress\/plugins\/seo\/ -->\n<title>picadora de carne o verduras especial para industra - distribuci\u00f3n ARC<\/title>\n<meta name=\"robots\" content=\"index, follow, max-snippet:-1, max-image-preview:large, max-video-preview:-1\" \/>\n<link rel=\"canonical\" href=\"https:\/\/distribucionarc.com\/ro\/produs\/masina-de-tocat-carne-sau-legume-speciala-pentru-industrie\/\" \/>\n<meta property=\"og:locale\" content=\"ro_RO\" \/>\n<meta property=\"og:type\" content=\"article\" \/>\n<meta property=\"og:title\" content=\"picadora de carne o verduras especial para industra\" \/>\n<meta property=\"og:description\" content=\"ARCP V2 Picadora de carne 120kg \/h\u00a0 ?? 360w sistema inteligente integrado de bajo consumo.  picadora perfecta para carnicerias o empresas semi industriales que requieran gran cantidad de carne en el menor tiempo posible  toda nuestra maquinaria tiene garantia de 2 a\u00f1os  soporte tecnico en caso de averia  todo lo necesario para su negocio en un solo lugar\" \/>\n<meta property=\"og:url\" content=\"https:\/\/distribucionarc.com\/ro\/produs\/masina-de-tocat-carne-sau-legume-speciala-pentru-industrie\/\" \/>\n<meta property=\"og:site_name\" content=\"distribuci\u00f3n ARC\" \/>\n<meta property=\"article:modified_time\" content=\"2024-10-05T03:52:47+00:00\" \/>\n<meta property=\"og:image\" content=\"https:\/\/distribucionarc.com\/wp-content\/uploads\/2020\/06\/picadora-de-carne-verduras-especial-para-industra-0.jpg\" \/>\n\t<meta property=\"og:image:width\" content=\"1600\" \/>\n\t<meta property=\"og:image:height\" content=\"1600\" \/>\n\t<meta property=\"og:image:type\" content=\"image\/jpeg\" \/>\n<meta name=\"twitter:card\" content=\"summary_large_image\" \/>\n<meta name=\"twitter:label1\" content=\"Timp estimat pentru citire\" \/>\n\t<meta name=\"twitter:data1\" content=\"2 minute\" \/>\n<script type=\"application\/ld+json\" class=\"yoast-schema-graph\">{\"@context\":\"https:\/\/schema.org\",\"@graph\":[{\"@type\":\"WebPage\",\"@id\":\"https:\/\/distribucionarc.com\/sl\/producto\/picadora-de-carne-o-verduras-especial-para-industra\/\",\"url\":\"https:\/\/distribucionarc.com\/sl\/producto\/picadora-de-carne-o-verduras-especial-para-industra\/\",\"name\":\"picadora de carne o verduras especial para industra - distribuci\u00f3n ARC\",\"isPartOf\":{\"@id\":\"https:\/\/www.distribucionarc.com\/sl\/#website\"},\"primaryImageOfPage\":{\"@id\":\"https:\/\/distribucionarc.com\/sl\/producto\/picadora-de-carne-o-verduras-especial-para-industra\/#primaryimage\"},\"image\":{\"@id\":\"https:\/\/distribucionarc.com\/sl\/producto\/picadora-de-carne-o-verduras-especial-para-industra\/#primaryimage\"},\"thumbnailUrl\":\"https:\/\/distribucionarc.com\/wp-content\/uploads\/2020\/06\/picadora-de-carne-verduras-especial-para-industra-0.jpg\",\"datePublished\":\"2020-06-19T20:07:04+00:00\",\"dateModified\":\"2024-10-05T03:52:47+00:00\",\"breadcrumb\":{\"@id\":\"https:\/\/distribucionarc.com\/sl\/producto\/picadora-de-carne-o-verduras-especial-para-industra\/#breadcrumb\"},\"inLanguage\":\"ro-RO\",\"potentialAction\":[{\"@type\":\"ReadAction\",\"target\":[\"https:\/\/distribucionarc.com\/sl\/producto\/picadora-de-carne-o-verduras-especial-para-industra\/\"]}]},{\"@type\":\"ImageObject\",\"inLanguage\":\"ro-RO\",\"@id\":\"https:\/\/distribucionarc.com\/sl\/producto\/picadora-de-carne-o-verduras-especial-para-industra\/#primaryimage\",\"url\":\"https:\/\/distribucionarc.com\/wp-content\/uploads\/2020\/06\/picadora-de-carne-verduras-especial-para-industra-0.jpg\",\"contentUrl\":\"https:\/\/distribucionarc.com\/wp-content\/uploads\/2020\/06\/picadora-de-carne-verduras-especial-para-industra-0.jpg\",\"width\":1600,\"height\":1600},{\"@type\":\"BreadcrumbList\",\"@id\":\"https:\/\/distribucionarc.com\/sl\/producto\/picadora-de-carne-o-verduras-especial-para-industra\/#breadcrumb\",\"itemListElement\":[{\"@type\":\"ListItem\",\"position\":1,\"name\":\"Portada\",\"item\":\"https:\/\/www.distribucionarc.com\/\"},{\"@type\":\"ListItem\",\"position\":2,\"name\":\"\u00dcr\u00fcnler\",\"item\":\"https:\/\/www.distribucionarc.com\/tr\/magaza\/\"},{\"@type\":\"ListItem\",\"position\":3,\"name\":\"picadora de carne o verduras especial para industra\"}]},{\"@type\":\"WebSite\",\"@id\":\"https:\/\/www.distribucionarc.com\/sl\/#website\",\"url\":\"https:\/\/www.distribucionarc.com\/sl\/\",\"name\":\"distribuci\u00f3n ARC\",\"description\":\"Empresa especializada en la fabricaci\u00f3n y distribuci\u00f3n de maquinaria industrial, selladoras de latas, Maquinas de hacer pastillas, Maquinas de cortar carne...\",\"publisher\":{\"@id\":\"https:\/\/www.distribucionarc.com\/sl\/#organization\"},\"potentialAction\":[{\"@type\":\"SearchAction\",\"target\":{\"@type\":\"EntryPoint\",\"urlTemplate\":\"https:\/\/www.distribucionarc.com\/sl\/?s={search_term_string}\"},\"query-input\":{\"@type\":\"PropertyValueSpecification\",\"valueRequired\":true,\"valueName\":\"search_term_string\"}}],\"inLanguage\":\"ro-RO\"},{\"@type\":\"Organization\",\"@id\":\"https:\/\/www.distribucionarc.com\/sl\/#organization\",\"name\":\"Distribuci\u00f3n ARC\",\"url\":\"https:\/\/www.distribucionarc.com\/sl\/\",\"logo\":{\"@type\":\"ImageObject\",\"inLanguage\":\"ro-RO\",\"@id\":\"https:\/\/www.distribucionarc.com\/sl\/#\/schema\/logo\/image\/\",\"url\":\"https:\/\/distribucionarc.com\/wp-content\/uploads\/2024\/10\/distribucion-ARC-COLOR-SIN-FONDO-e1732295305345.png\",\"contentUrl\":\"https:\/\/distribucionarc.com\/wp-content\/uploads\/2024\/10\/distribucion-ARC-COLOR-SIN-FONDO-e1732295305345.png\",\"width\":1164,\"height\":558,\"caption\":\"Distribuci\u00f3n ARC\"},\"image\":{\"@id\":\"https:\/\/www.distribucionarc.com\/sl\/#\/schema\/logo\/image\/\"},\"description\":\"Empresa especializada en la fabricaci\u00f3n y distribuci\u00f3n de maquinaria industrial para los sectores alimentario y farmac\u00e9utico. Nos especializamos en: M\u00e1quinas de cortar carne Fabricaci\u00f3n de comprimidos Sistemas de transporte industrial L\u00edneas de embotellado Dosificadores Y mucho m\u00e1s... Ofrecemos soluciones innovadoras y personalizadas para optimizar los procesos productivos de tu empresa.\",\"email\":\"Admistracion@distribucionarc.com\",\"telephone\":\"+34 643496664\",\"legalName\":\"ARC TECH SOLUTIONS\",\"foundingDate\":\"2024-04-09\",\"vatID\":\"B55480172\",\"numberOfEmployees\":{\"@type\":\"QuantitativeValue\",\"minValue\":\"1\",\"maxValue\":\"10\"}}]}<\/script>\n<!-- \/ Yoast SEO Premium plugin. -->","yoast_head_json":{"title":"masina speciala de tocat carne sau legume pentru industrie - distributie ARC","robots":{"index":"index","follow":"follow","max-snippet":"max-snippet:-1","max-image-preview":"max-image-preview:large","max-video-preview":"max-video-preview:-1"},"canonical":"https:\/\/distribucionarc.com\/ro\/produs\/masina-de-tocat-carne-sau-legume-speciala-pentru-industrie\/","og_locale":"ro_RO","og_type":"article","og_title":"picadora de carne o verduras especial para industra","og_description":"ARCP V2 Picadora de carne 120kg \/h\u00a0 ?? 360w sistema inteligente integrado de bajo consumo.  picadora perfecta para carnicerias o empresas semi industriales que requieran gran cantidad de carne en el menor tiempo posible  toda nuestra maquinaria tiene garantia de 2 a\u00f1os  soporte tecnico en caso de averia  todo lo necesario para su negocio en un solo lugar","og_url":"https:\/\/distribucionarc.com\/ro\/produs\/masina-de-tocat-carne-sau-legume-speciala-pentru-industrie\/","og_site_name":"distribuci\u00f3n ARC","article_modified_time":"2024-10-05T03:52:47+00:00","og_image":[{"width":1600,"height":1600,"url":"https:\/\/distribucionarc.com\/wp-content\/uploads\/2020\/06\/picadora-de-carne-verduras-especial-para-industra-0.jpg","type":"image\/jpeg"}],"twitter_card":"summary_large_image","twitter_misc":{"Timp estimat pentru citire":"2 minute"},"schema":{"@context":"https:\/\/schema.org","@graph":[{"@type":"WebPage","@id":"https:\/\/distribucionarc.com\/sl\/producto\/picadora-de-carne-o-verduras-especial-para-industra\/","url":"https:\/\/distribucionarc.com\/sl\/producto\/picadora-de-carne-o-verduras-especial-para-industra\/","name":"masina speciala de tocat carne sau legume pentru industrie - distributie ARC","isPartOf":{"@id":"https:\/\/www.distribucionarc.com\/sl\/#website"},"primaryImageOfPage":{"@id":"https:\/\/distribucionarc.com\/sl\/producto\/picadora-de-carne-o-verduras-especial-para-industra\/#primaryimage"},"image":{"@id":"https:\/\/distribucionarc.com\/sl\/producto\/picadora-de-carne-o-verduras-especial-para-industra\/#primaryimage"},"thumbnailUrl":"https:\/\/distribucionarc.com\/wp-content\/uploads\/2020\/06\/picadora-de-carne-verduras-especial-para-industra-0.jpg","datePublished":"2020-06-19T20:07:04+00:00","dateModified":"2024-10-05T03:52:47+00:00","breadcrumb":{"@id":"https:\/\/distribucionarc.com\/sl\/producto\/picadora-de-carne-o-verduras-especial-para-industra\/#breadcrumb"},"inLanguage":"ro-RO","potentialAction":[{"@type":"ReadAction","target":["https:\/\/distribucionarc.com\/sl\/producto\/picadora-de-carne-o-verduras-especial-para-industra\/"]}]},{"@type":"ImageObject","inLanguage":"ro-RO","@id":"https:\/\/distribucionarc.com\/sl\/producto\/picadora-de-carne-o-verduras-especial-para-industra\/#primaryimage","url":"https:\/\/distribucionarc.com\/wp-content\/uploads\/2020\/06\/picadora-de-carne-verduras-especial-para-industra-0.jpg","contentUrl":"https:\/\/distribucionarc.com\/wp-content\/uploads\/2020\/06\/picadora-de-carne-verduras-especial-para-industra-0.jpg","width":1600,"height":1600},{"@type":"BreadcrumbList","@id":"https:\/\/distribucionarc.com\/sl\/producto\/picadora-de-carne-o-verduras-especial-para-industra\/#breadcrumb","itemListElement":[{"@type":"ListItem","position":1,"name":"Portada","item":"https:\/\/www.distribucionarc.com\/"},{"@type":"ListItem","position":2,"name":"\u00dcr\u00fcnler","item":"https:\/\/www.distribucionarc.com\/tr\/magaza\/"},{"@type":"ListItem","position":3,"name":"picadora de carne o verduras especial para industra"}]},{"@type":"WebSite","@id":"https:\/\/www.distribucionarc.com\/sl\/#website","url":"https:\/\/www.distribucionarc.com\/sl\/","name":"Distribu\u021bie ARC","description":"Companie specializat\u0103 \u00een fabricarea \u0219i distribu\u021bia de utilaje industriale, ma\u0219ini de sigilat cutii, ma\u0219ini de fabricat tablete, ma\u0219ini de t\u0103iat carne...","publisher":{"@id":"https:\/\/www.distribucionarc.com\/sl\/#organization"},"potentialAction":[{"@type":"SearchAction","target":{"@type":"EntryPoint","urlTemplate":"https:\/\/www.distribucionarc.com\/sl\/?s={search_term_string}"},"query-input":{"@type":"PropertyValueSpecification","valueRequired":true,"valueName":"search_term_string"}}],"inLanguage":"ro-RO"},{"@type":"Organization","@id":"https:\/\/www.distribucionarc.com\/sl\/#organization","name":"Distribu\u021bie ARC","url":"https:\/\/www.distribucionarc.com\/sl\/","logo":{"@type":"ImageObject","inLanguage":"ro-RO","@id":"https:\/\/www.distribucionarc.com\/sl\/#\/schema\/logo\/image\/","url":"https:\/\/distribucionarc.com\/wp-content\/uploads\/2024\/10\/distribucion-ARC-COLOR-SIN-FONDO-e1732295305345.png","contentUrl":"https:\/\/distribucionarc.com\/wp-content\/uploads\/2024\/10\/distribucion-ARC-COLOR-SIN-FONDO-e1732295305345.png","width":1164,"height":558,"caption":"Distribuci\u00f3n ARC"},"image":{"@id":"https:\/\/www.distribucionarc.com\/sl\/#\/schema\/logo\/image\/"},"description":"Companie specializat\u0103 \u00een fabricarea \u0219i distribu\u021bia de utilaje industriale pentru sectoarele alimentar \u0219i farmaceutic. Suntem specializa\u021bi \u00een: Ma\u0219ini de t\u0103iat carne Fabricarea tabletelor Sisteme de transport industrial Linii de \u00eembuteliere Distribuitoare \u0218i multe altele... Oferim solu\u021bii inovatoare \u0219i personalizate pentru a optimiza procesele de produc\u021bie ale companiei dumneavoastr\u0103.","email":"Admistracion@distribucionarc.com","telephone":"+34 643496664","legalName":"ARC TECH SOLUTIONS","foundingDate":"2024-04-09","vatID":"B55480172","numberOfEmployees":{"@type":"QuantitativeValue","minValue":"1","maxValue":"10"}}]}},"_links":{"self":[{"href":"https:\/\/distribucionarc.com\/ro\/wp-json\/wp\/v2\/product\/687","targetHints":{"allow":["GET"]}}],"collection":[{"href":"https:\/\/distribucionarc.com\/ro\/wp-json\/wp\/v2\/product"}],"about":[{"href":"https:\/\/distribucionarc.com\/ro\/wp-json\/wp\/v2\/types\/product"}],"replies":[{"embeddable":true,"href":"https:\/\/distribucionarc.com\/ro\/wp-json\/wp\/v2\/comments?post=687"}],"version-history":[{"count":0,"href":"https:\/\/distribucionarc.com\/ro\/wp-json\/wp\/v2\/product\/687\/revisions"}],"wp:featuredmedia":[{"embeddable":true,"href":"https:\/\/distribucionarc.com\/ro\/wp-json\/wp\/v2\/media\/690"}],"wp:attachment":[{"href":"https:\/\/distribucionarc.com\/ro\/wp-json\/wp\/v2\/media?parent=687"}],"wp:term":[{"taxonomy":"product_brand","embeddable":true,"href":"https:\/\/distribucionarc.com\/ro\/wp-json\/wp\/v2\/product_brand?post=687"},{"taxonomy":"product_cat","embeddable":true,"href":"https:\/\/distribucionarc.com\/ro\/wp-json\/wp\/v2\/product_cat?post=687"},{"taxonomy":"product_tag","embeddable":true,"href":"https:\/\/distribucionarc.com\/ro\/wp-json\/wp\/v2\/product_tag?post=687"}],"curies":[{"name":"wp","href":"https:\/\/api.w.org\/{rel}","templated":true}]}}