{"id":6870,"date":"2024-04-26T17:20:58","date_gmt":"2024-04-26T17:20:58","guid":{"rendered":"https:\/\/distribucionarc.com\/?post_type=product&#038;p=6870"},"modified":"2024-04-26T17:20:59","modified_gmt":"2024-04-26T17:20:59","slug":"rasnita-pentru-intarire-amelioratori-pulbere","status":"publish","type":"product","link":"https:\/\/distribucionarc.com\/ro\/producto\/amoladora-para-polvo-de-potenciadores-de-fortalecimiento\/","title":{"rendered":"r\u00e2\u0219ni\u021b\u0103 pentru \u00eent\u0103rirea pudrei"},"content":{"rendered":"<p>V\u0103 prezent\u0103m inova\u021bia noastr\u0103<strong> r\u00e2\u0219ni\u021b\u0103 pentru \u00eent\u0103rirea pudrei amplificatoare,<\/strong> conceput pentru a oferi performan\u021be excep\u021bionale. Aceast\u0103 ma\u0219in\u0103 profit\u0103 de mi\u0219carea relativ\u0103 de mare vitez\u0103 dintre discurile dintate fixe \u0219i cele mobile pentru a zdrobi materialul, folosind o combina\u021bie de impact, frecare \u0219i ro\u021bi din\u021bate. Ecranul s\u0103u interschimbabil \u00eei permite s\u0103 fie adaptat la diferite nevoi de m\u0103cinare.<\/p>\n<p>&nbsp;<\/p>\n<table>\n<tbody>\n<tr>\n<td width=\"113\">Model<\/td>\n<td width=\"113\">130B<\/td>\n<td width=\"113\">180B<\/td>\n<td width=\"113\">250B<\/td>\n<td width=\"113\">320B<\/td>\n<\/tr>\n<tr>\n<td width=\"113\">Viteza axului (rota\u021bii\/min)<\/td>\n<td width=\"113\">7000<\/td>\n<td width=\"113\">7000<\/td>\n<td width=\"113\">5000<\/td>\n<td width=\"113\">4000<\/td>\n<\/tr>\n<tr>\n<td width=\"113\">Capacitate de produc\u021bie (kg\/h)<\/td>\n<td width=\"113\">2-5<\/td>\n<td width=\"113\">10-30<\/td>\n<td width=\"113\">50-250<\/td>\n<td width=\"113\">80-300<\/td>\n<\/tr>\n<tr>\n<td width=\"113\">Puterea motorului (kw)<\/td>\n<td width=\"113\">1.1<\/td>\n<td width=\"113\">2.2<\/td>\n<td width=\"113\">5.5<\/td>\n<td width=\"113\">7.5<\/td>\n<\/tr>\n<tr>\n<td width=\"113\">Zdrobi\u021bi boabe fine (plas\u0103)<\/td>\n<td width=\"113\">10-120<\/td>\n<td width=\"113\">10-120<\/td>\n<td width=\"113\">10-120<\/td>\n<td width=\"113\">10-120<\/td>\n<\/tr>\n<tr>\n<td width=\"113\">Zgomot de lucru (decibeli)<\/td>\n<td width=\"113\">-85<\/td>\n<td width=\"113\">-85<\/td>\n<td width=\"113\">-85<\/td>\n<td width=\"113\">-85<\/td>\n<\/tr>\n<tr>\n<td width=\"113\">Dimensiune total\u0103 (mm)<\/td>\n<td width=\"113\">400*<\/p>\n<p>350*<\/p>\n<p>830*<\/td>\n<td width=\"113\">690*<\/p>\n<p>420*<\/p>\n<p>880*<\/td>\n<td width=\"113\">950*520*<\/p>\n<p>1250*<\/td>\n<td width=\"113\">960*<\/p>\n<p>520*<\/p>\n<p>1450*<\/td>\n<\/tr>\n<tr>\n<td width=\"113\">Greutate net\u0103 (kg)<\/td>\n<td width=\"113\">75<\/td>\n<td width=\"113\">85<\/td>\n<td width=\"113\">220<\/td>\n<td width=\"113\">250<\/td>\n<\/tr>\n<\/tbody>\n<\/table>","protected":false},"excerpt":{"rendered":"<p>V\u0103 prezent\u0103m inovatorul nostru r\u00e2\u0219nitor de pulbere pentru amplificarea for\u021bei, conceput pentru a oferi performan\u021be excep\u021bionale. Aceast\u0103 ma\u0219in\u0103 profit\u0103 de<\/p>","protected":false},"featured_media":6873,"comment_status":"open","ping_status":"closed","template":"","meta":{"wds_primary_product_brand":0,"wds_primary_product_cat":0},"product_brand":[],"product_cat":[84],"product_tag":[],"class_list":{"0":"post-6870","1":"product","2":"type-product","3":"status-publish","4":"has-post-thumbnail","6":"product_cat-maquinas-para-hacer-pastillas","8":"first","9":"instock","10":"taxable","11":"shipping-taxable","12":"purchasable","13":"product-type-simple"},"yoast_head":"<!-- This site is optimized with the Yoast SEO Premium plugin v24.9 (Yoast SEO v26.1) - https:\/\/yoast.com\/wordpress\/plugins\/seo\/ -->\n<title>AMOLADORA PARA POLVO DE POTENCIADORES DE FORTALECIMIENTO - distribuci\u00f3n ARC<\/title>\n<meta name=\"robots\" content=\"index, follow, max-snippet:-1, max-image-preview:large, max-video-preview:-1\" \/>\n<link rel=\"canonical\" href=\"https:\/\/distribucionarc.com\/ro\/produs\/rasnita-pentru-intarire-amelioratori-pulbere\/\" \/>\n<meta property=\"og:locale\" content=\"ro_RO\" \/>\n<meta property=\"og:type\" content=\"article\" \/>\n<meta property=\"og:title\" content=\"AMOLADORA PARA POLVO DE POTENCIADORES DE FORTALECIMIENTO\" \/>\n<meta property=\"og:description\" content=\"Presentamos nuestra innovadora Amoladora para polvo de potenciadores de fortalecimiento, dise\u00f1ada para ofrecer un rendimiento excepcional. Esta m\u00e1quina aprovecha el\" \/>\n<meta property=\"og:url\" content=\"https:\/\/distribucionarc.com\/ro\/produs\/rasnita-pentru-intarire-amelioratori-pulbere\/\" \/>\n<meta property=\"og:site_name\" content=\"distribuci\u00f3n ARC\" \/>\n<meta property=\"article:modified_time\" content=\"2024-04-26T17:20:59+00:00\" \/>\n<meta property=\"og:image\" content=\"https:\/\/distribucionarc.com\/wp-content\/uploads\/2024\/04\/AMOLADORA-PARA-POLVO-DE-POTENCIADORES-DE-FORTALECIMIENTO.jpg\" \/>\n\t<meta property=\"og:image:width\" content=\"1072\" \/>\n\t<meta property=\"og:image:height\" content=\"1152\" \/>\n\t<meta property=\"og:image:type\" content=\"image\/jpeg\" \/>\n<meta name=\"twitter:card\" content=\"summary_large_image\" \/>\n<meta name=\"twitter:label1\" content=\"Timp estimat pentru citire\" \/>\n\t<meta name=\"twitter:data1\" content=\"1 minut\" \/>\n<script type=\"application\/ld+json\" class=\"yoast-schema-graph\">{\"@context\":\"https:\/\/schema.org\",\"@graph\":[{\"@type\":\"WebPage\",\"@id\":\"https:\/\/distribucionarc.com\/de\/producto\/amoladora-para-polvo-de-potenciadores-de-fortalecimiento\/\",\"url\":\"https:\/\/distribucionarc.com\/de\/producto\/amoladora-para-polvo-de-potenciadores-de-fortalecimiento\/\",\"name\":\"AMOLADORA PARA POLVO DE POTENCIADORES DE FORTALECIMIENTO - distribuci\u00f3n ARC\",\"isPartOf\":{\"@id\":\"https:\/\/distribucionarc.com\/ro\/#website\"},\"primaryImageOfPage\":{\"@id\":\"https:\/\/distribucionarc.com\/de\/producto\/amoladora-para-polvo-de-potenciadores-de-fortalecimiento\/#primaryimage\"},\"image\":{\"@id\":\"https:\/\/distribucionarc.com\/de\/producto\/amoladora-para-polvo-de-potenciadores-de-fortalecimiento\/#primaryimage\"},\"thumbnailUrl\":\"https:\/\/distribucionarc.com\/wp-content\/uploads\/2024\/04\/AMOLADORA-PARA-POLVO-DE-POTENCIADORES-DE-FORTALECIMIENTO.jpg\",\"datePublished\":\"2024-04-26T17:20:58+00:00\",\"dateModified\":\"2024-04-26T17:20:59+00:00\",\"breadcrumb\":{\"@id\":\"https:\/\/distribucionarc.com\/de\/producto\/amoladora-para-polvo-de-potenciadores-de-fortalecimiento\/#breadcrumb\"},\"inLanguage\":\"ro-RO\",\"potentialAction\":[{\"@type\":\"ReadAction\",\"target\":[\"https:\/\/distribucionarc.com\/de\/producto\/amoladora-para-polvo-de-potenciadores-de-fortalecimiento\/\"]}]},{\"@type\":\"ImageObject\",\"inLanguage\":\"ro-RO\",\"@id\":\"https:\/\/distribucionarc.com\/de\/producto\/amoladora-para-polvo-de-potenciadores-de-fortalecimiento\/#primaryimage\",\"url\":\"https:\/\/distribucionarc.com\/wp-content\/uploads\/2024\/04\/AMOLADORA-PARA-POLVO-DE-POTENCIADORES-DE-FORTALECIMIENTO.jpg\",\"contentUrl\":\"https:\/\/distribucionarc.com\/wp-content\/uploads\/2024\/04\/AMOLADORA-PARA-POLVO-DE-POTENCIADORES-DE-FORTALECIMIENTO.jpg\",\"width\":1072,\"height\":1152,\"caption\":\"#image_title\"},{\"@type\":\"BreadcrumbList\",\"@id\":\"https:\/\/distribucionarc.com\/de\/producto\/amoladora-para-polvo-de-potenciadores-de-fortalecimiento\/#breadcrumb\",\"itemListElement\":[{\"@type\":\"ListItem\",\"position\":1,\"name\":\"Portada\",\"item\":\"https:\/\/distribucionarc.com\/ar\/\"},{\"@type\":\"ListItem\",\"position\":2,\"name\":\"Proizvodi\",\"item\":\"https:\/\/www.distribucionarc.com\/hr\/ducan\/\"},{\"@type\":\"ListItem\",\"position\":3,\"name\":\"AMOLADORA PARA POLVO DE POTENCIADORES DE FORTALECIMIENTO\"}]},{\"@type\":\"WebSite\",\"@id\":\"https:\/\/distribucionarc.com\/ro\/#website\",\"url\":\"https:\/\/distribucionarc.com\/ro\/\",\"name\":\"distribuci\u00f3n ARC\",\"description\":\"Empresa especializada en la fabricaci\u00f3n y distribuci\u00f3n de maquinaria industrial, selladoras de latas, Maquinas de hacer pastillas, Maquinas de cortar carne...\",\"publisher\":{\"@id\":\"https:\/\/distribucionarc.com\/ro\/#organization\"},\"potentialAction\":[{\"@type\":\"SearchAction\",\"target\":{\"@type\":\"EntryPoint\",\"urlTemplate\":\"https:\/\/distribucionarc.com\/ro\/?s={search_term_string}\"},\"query-input\":{\"@type\":\"PropertyValueSpecification\",\"valueRequired\":true,\"valueName\":\"search_term_string\"}}],\"inLanguage\":\"ro-RO\"},{\"@type\":\"Organization\",\"@id\":\"https:\/\/distribucionarc.com\/ro\/#organization\",\"name\":\"Distribuci\u00f3n ARC\",\"url\":\"https:\/\/distribucionarc.com\/ro\/\",\"logo\":{\"@type\":\"ImageObject\",\"inLanguage\":\"ro-RO\",\"@id\":\"https:\/\/distribucionarc.com\/ro\/#\/schema\/logo\/image\/\",\"url\":\"https:\/\/distribucionarc.com\/wp-content\/uploads\/2024\/10\/distribucion-ARC-COLOR-SIN-FONDO-e1732295305345.png\",\"contentUrl\":\"https:\/\/distribucionarc.com\/wp-content\/uploads\/2024\/10\/distribucion-ARC-COLOR-SIN-FONDO-e1732295305345.png\",\"width\":1164,\"height\":558,\"caption\":\"Distribuci\u00f3n ARC\"},\"image\":{\"@id\":\"https:\/\/distribucionarc.com\/ro\/#\/schema\/logo\/image\/\"},\"description\":\"Empresa especializada en la fabricaci\u00f3n y distribuci\u00f3n de maquinaria industrial para los sectores alimentario y farmac\u00e9utico. Nos especializamos en: M\u00e1quinas de cortar carne Fabricaci\u00f3n de comprimidos Sistemas de transporte industrial L\u00edneas de embotellado Dosificadores Y mucho m\u00e1s... Ofrecemos soluciones innovadoras y personalizadas para optimizar los procesos productivos de tu empresa.\",\"email\":\"Admistracion@distribucionarc.com\",\"telephone\":\"+34 643496664\",\"legalName\":\"ARC TECH SOLUTIONS\",\"foundingDate\":\"2024-04-09\",\"vatID\":\"B55480172\",\"numberOfEmployees\":{\"@type\":\"QuantitativeValue\",\"minValue\":\"1\",\"maxValue\":\"10\"}}]}<\/script>\n<!-- \/ Yoast SEO Premium plugin. -->","yoast_head_json":{"title":"r\u00e2\u0219ni\u021b\u0103 pentru \u00eent\u0103rire pulbere - distribu\u021bie ARC","robots":{"index":"index","follow":"follow","max-snippet":"max-snippet:-1","max-image-preview":"max-image-preview:large","max-video-preview":"max-video-preview:-1"},"canonical":"https:\/\/distribucionarc.com\/ro\/produs\/rasnita-pentru-intarire-amelioratori-pulbere\/","og_locale":"ro_RO","og_type":"article","og_title":"AMOLADORA PARA POLVO DE POTENCIADORES DE FORTALECIMIENTO","og_description":"Presentamos nuestra innovadora Amoladora para polvo de potenciadores de fortalecimiento, dise\u00f1ada para ofrecer un rendimiento excepcional. Esta m\u00e1quina aprovecha el","og_url":"https:\/\/distribucionarc.com\/ro\/produs\/rasnita-pentru-intarire-amelioratori-pulbere\/","og_site_name":"distribuci\u00f3n ARC","article_modified_time":"2024-04-26T17:20:59+00:00","og_image":[{"width":1072,"height":1152,"url":"https:\/\/distribucionarc.com\/wp-content\/uploads\/2024\/04\/AMOLADORA-PARA-POLVO-DE-POTENCIADORES-DE-FORTALECIMIENTO.jpg","type":"image\/jpeg"}],"twitter_card":"summary_large_image","twitter_misc":{"Timp estimat pentru citire":"1 minut"},"schema":{"@context":"https:\/\/schema.org","@graph":[{"@type":"WebPage","@id":"https:\/\/distribucionarc.com\/de\/producto\/amoladora-para-polvo-de-potenciadores-de-fortalecimiento\/","url":"https:\/\/distribucionarc.com\/de\/producto\/amoladora-para-polvo-de-potenciadores-de-fortalecimiento\/","name":"r\u00e2\u0219ni\u021b\u0103 pentru \u00eent\u0103rire pulbere - distribu\u021bie ARC","isPartOf":{"@id":"https:\/\/distribucionarc.com\/ro\/#website"},"primaryImageOfPage":{"@id":"https:\/\/distribucionarc.com\/de\/producto\/amoladora-para-polvo-de-potenciadores-de-fortalecimiento\/#primaryimage"},"image":{"@id":"https:\/\/distribucionarc.com\/de\/producto\/amoladora-para-polvo-de-potenciadores-de-fortalecimiento\/#primaryimage"},"thumbnailUrl":"https:\/\/distribucionarc.com\/wp-content\/uploads\/2024\/04\/AMOLADORA-PARA-POLVO-DE-POTENCIADORES-DE-FORTALECIMIENTO.jpg","datePublished":"2024-04-26T17:20:58+00:00","dateModified":"2024-04-26T17:20:59+00:00","breadcrumb":{"@id":"https:\/\/distribucionarc.com\/de\/producto\/amoladora-para-polvo-de-potenciadores-de-fortalecimiento\/#breadcrumb"},"inLanguage":"ro-RO","potentialAction":[{"@type":"ReadAction","target":["https:\/\/distribucionarc.com\/de\/producto\/amoladora-para-polvo-de-potenciadores-de-fortalecimiento\/"]}]},{"@type":"ImageObject","inLanguage":"ro-RO","@id":"https:\/\/distribucionarc.com\/de\/producto\/amoladora-para-polvo-de-potenciadores-de-fortalecimiento\/#primaryimage","url":"https:\/\/distribucionarc.com\/wp-content\/uploads\/2024\/04\/AMOLADORA-PARA-POLVO-DE-POTENCIADORES-DE-FORTALECIMIENTO.jpg","contentUrl":"https:\/\/distribucionarc.com\/wp-content\/uploads\/2024\/04\/AMOLADORA-PARA-POLVO-DE-POTENCIADORES-DE-FORTALECIMIENTO.jpg","width":1072,"height":1152,"caption":"#image_title"},{"@type":"BreadcrumbList","@id":"https:\/\/distribucionarc.com\/de\/producto\/amoladora-para-polvo-de-potenciadores-de-fortalecimiento\/#breadcrumb","itemListElement":[{"@type":"ListItem","position":1,"name":"Portada","item":"https:\/\/distribucionarc.com\/ar\/"},{"@type":"ListItem","position":2,"name":"Proizvodi","item":"https:\/\/www.distribucionarc.com\/hr\/ducan\/"},{"@type":"ListItem","position":3,"name":"AMOLADORA PARA POLVO DE POTENCIADORES DE FORTALECIMIENTO"}]},{"@type":"WebSite","@id":"https:\/\/distribucionarc.com\/ro\/#website","url":"https:\/\/distribucionarc.com\/ro\/","name":"Distribu\u021bie ARC","description":"Companie specializat\u0103 \u00een fabricarea \u0219i distribu\u021bia de utilaje industriale, ma\u0219ini de sigilat cutii, ma\u0219ini de fabricat tablete, ma\u0219ini de t\u0103iat carne...","publisher":{"@id":"https:\/\/distribucionarc.com\/ro\/#organization"},"potentialAction":[{"@type":"SearchAction","target":{"@type":"EntryPoint","urlTemplate":"https:\/\/distribucionarc.com\/ro\/?s={search_term_string}"},"query-input":{"@type":"PropertyValueSpecification","valueRequired":true,"valueName":"search_term_string"}}],"inLanguage":"ro-RO"},{"@type":"Organization","@id":"https:\/\/distribucionarc.com\/ro\/#organization","name":"Distribu\u021bie ARC","url":"https:\/\/distribucionarc.com\/ro\/","logo":{"@type":"ImageObject","inLanguage":"ro-RO","@id":"https:\/\/distribucionarc.com\/ro\/#\/schema\/logo\/image\/","url":"https:\/\/distribucionarc.com\/wp-content\/uploads\/2024\/10\/distribucion-ARC-COLOR-SIN-FONDO-e1732295305345.png","contentUrl":"https:\/\/distribucionarc.com\/wp-content\/uploads\/2024\/10\/distribucion-ARC-COLOR-SIN-FONDO-e1732295305345.png","width":1164,"height":558,"caption":"Distribuci\u00f3n ARC"},"image":{"@id":"https:\/\/distribucionarc.com\/ro\/#\/schema\/logo\/image\/"},"description":"Companie specializat\u0103 \u00een fabricarea \u0219i distribu\u021bia de utilaje industriale pentru sectoarele alimentar \u0219i farmaceutic. Suntem specializa\u021bi \u00een: Ma\u0219ini de t\u0103iat carne Fabricarea tabletelor Sisteme de transport industrial Linii de \u00eembuteliere Distribuitoare \u0218i multe altele... Oferim solu\u021bii inovatoare \u0219i personalizate pentru a optimiza procesele de produc\u021bie ale companiei dumneavoastr\u0103.","email":"Admistracion@distribucionarc.com","telephone":"+34 643496664","legalName":"ARC TECH SOLUTIONS","foundingDate":"2024-04-09","vatID":"B55480172","numberOfEmployees":{"@type":"QuantitativeValue","minValue":"1","maxValue":"10"}}]}},"_links":{"self":[{"href":"https:\/\/distribucionarc.com\/ro\/wp-json\/wp\/v2\/product\/6870","targetHints":{"allow":["GET"]}}],"collection":[{"href":"https:\/\/distribucionarc.com\/ro\/wp-json\/wp\/v2\/product"}],"about":[{"href":"https:\/\/distribucionarc.com\/ro\/wp-json\/wp\/v2\/types\/product"}],"replies":[{"embeddable":true,"href":"https:\/\/distribucionarc.com\/ro\/wp-json\/wp\/v2\/comments?post=6870"}],"version-history":[{"count":0,"href":"https:\/\/distribucionarc.com\/ro\/wp-json\/wp\/v2\/product\/6870\/revisions"}],"wp:featuredmedia":[{"embeddable":true,"href":"https:\/\/distribucionarc.com\/ro\/wp-json\/wp\/v2\/media\/6873"}],"wp:attachment":[{"href":"https:\/\/distribucionarc.com\/ro\/wp-json\/wp\/v2\/media?parent=6870"}],"wp:term":[{"taxonomy":"product_brand","embeddable":true,"href":"https:\/\/distribucionarc.com\/ro\/wp-json\/wp\/v2\/product_brand?post=6870"},{"taxonomy":"product_cat","embeddable":true,"href":"https:\/\/distribucionarc.com\/ro\/wp-json\/wp\/v2\/product_cat?post=6870"},{"taxonomy":"product_tag","embeddable":true,"href":"https:\/\/distribucionarc.com\/ro\/wp-json\/wp\/v2\/product_tag?post=6870"}],"curies":[{"name":"wp","href":"https:\/\/api.w.org\/{rel}","templated":true}]}}