{"id":6879,"date":"2024-04-26T17:33:50","date_gmt":"2024-04-26T17:33:50","guid":{"rendered":"https:\/\/distribucionarc.com\/?post_type=product&#038;p=6879"},"modified":"2024-04-26T17:33:52","modified_gmt":"2024-04-26T17:33:52","slug":"zdrobitor-pentru-suplimente-de-suport-de-vitamine","status":"publish","type":"product","link":"https:\/\/distribucionarc.com\/ro\/producto\/trituradora-para-polvo-de-complementos-de-apoyo-vitaminico\/","title":{"rendered":"CONCORATOR PENTRU PULBERE DE SUPLIMENTE DE SUPORT VITAMINE"},"content":{"rendered":"<p>V\u0103 prezent\u0103m avansatul nostru <strong>Concasor pentru pulbere de suplimente vitaminice,<\/strong> conceput pentru a oferi performan\u021be excep\u021bionale \u00een preg\u0103tirea produselor dumneavoastr\u0103. Aceast\u0103 ma\u0219in\u0103 profit\u0103 de mi\u0219carea relativ\u0103 de mare vitez\u0103 \u00eentre dou\u0103 discuri fixe \u0219i mobile pentru a zdrobi materialul, folosind o combina\u021bie eficient\u0103 de impact, frecare \u0219i ro\u021bi din\u021bate. Cu posibilitatea de a schimba ecranul la o plas\u0103 diferit\u0103.<\/p>\n<p>&nbsp;<\/p>\n<table>\n<tbody>\n<tr>\n<td width=\"142\">Model<\/td>\n<td width=\"142\">20B<\/td>\n<td width=\"142\">30B<\/td>\n<td width=\"142\">40B<\/td>\n<\/tr>\n<tr>\n<td width=\"142\">Viteza axului (tur\/min)<\/td>\n<td width=\"142\">4500<\/td>\n<td width=\"142\">3800<\/td>\n<td width=\"142\">3400<\/td>\n<\/tr>\n<tr>\n<td width=\"142\">Capacitate de produc\u021bie (kg\/h)<\/td>\n<td width=\"142\">60-150<\/td>\n<td width=\"142\">100-300<\/td>\n<td width=\"142\">160-800<\/td>\n<\/tr>\n<tr>\n<td width=\"142\">Puterea motorului (kw)<\/td>\n<td width=\"142\">4<\/td>\n<td width=\"142\">5.5<\/td>\n<td width=\"142\">11<\/td>\n<\/tr>\n<tr>\n<td width=\"142\">Puterea ventilatorului (kilowati)<\/td>\n<td width=\"142\">1.5<\/td>\n<td width=\"142\">1.5<\/td>\n<td width=\"142\">1.5<\/td>\n<\/tr>\n<tr>\n<td width=\"142\">Suprafa\u021b\u0103 (milimetri)<\/td>\n<td width=\"142\">-6<\/td>\n<td width=\"142\">-10<\/td>\n<td width=\"142\">-12<\/td>\n<\/tr>\n<tr>\n<td width=\"142\">M\u0103cinarea granulelor fine (plas\u0103)<\/td>\n<td width=\"142\">10-120<\/td>\n<td width=\"142\">10-120<\/td>\n<td width=\"142\">10-120<\/td>\n<\/tr>\n<tr>\n<td width=\"142\">Dimensiune total\u0103 (mm)<\/td>\n<td width=\"142\">1100*<\/p>\n<p>600*<\/p>\n<p>1650*<\/td>\n<td width=\"142\">1200*<\/p>\n<p>650*<\/p>\n<p>1650*<\/td>\n<td width=\"142\">1650*<\/p>\n<p>700*<\/p>\n<p>1700*<\/td>\n<\/tr>\n<\/tbody>\n<\/table>","protected":false},"excerpt":{"rendered":"<p>V\u0103 prezent\u0103m r\u00e2\u0219ni\u021ba noastr\u0103 avansat\u0103 de pulbere pentru suplimente de vitamine, conceput\u0103 pentru a oferi performan\u021be excep\u021bionale \u00een preparare.<\/p>","protected":false},"featured_media":6880,"comment_status":"open","ping_status":"closed","template":"","meta":{"wds_primary_product_brand":0,"wds_primary_product_cat":0},"product_brand":[],"product_cat":[84],"product_tag":[],"class_list":{"0":"post-6879","1":"product","2":"type-product","3":"status-publish","4":"has-post-thumbnail","6":"product_cat-maquinas-para-hacer-pastillas","8":"first","9":"instock","10":"taxable","11":"shipping-taxable","12":"purchasable","13":"product-type-simple"},"yoast_head":"<!-- This site is optimized with the Yoast SEO Premium plugin v24.9 (Yoast SEO v26.1) - https:\/\/yoast.com\/wordpress\/plugins\/seo\/ -->\n<title>TRITURADORA PARA POLVO DE COMPLEMENTOS DE APOYO VITAMINICO - distribuci\u00f3n ARC<\/title>\n<meta name=\"robots\" content=\"index, follow, max-snippet:-1, max-image-preview:large, max-video-preview:-1\" \/>\n<link rel=\"canonical\" href=\"https:\/\/www.distribucionarc.com\/ar\/producto\/trituradora-para-polvo-de-complementos-de-apoyo-vitaminico\/\" \/>\n<meta property=\"og:locale\" content=\"ro_RO\" \/>\n<meta property=\"og:type\" content=\"article\" \/>\n<meta property=\"og:title\" content=\"TRITURADORA PARA POLVO DE COMPLEMENTOS DE APOYO VITAMINICO\" \/>\n<meta property=\"og:description\" content=\"Introducimos nuestra avanzada Trituradora para polvo de complementos de apoyo vitam\u00ednico, dise\u00f1ada para ofrecer un rendimiento excepcional en la preparaci\u00f3n\" \/>\n<meta property=\"og:url\" content=\"https:\/\/www.distribucionarc.com\/ar\/producto\/trituradora-para-polvo-de-complementos-de-apoyo-vitaminico\/\" \/>\n<meta property=\"og:site_name\" content=\"distribuci\u00f3n ARC\" \/>\n<meta property=\"article:modified_time\" content=\"2024-04-26T17:33:52+00:00\" \/>\n<meta property=\"og:image\" content=\"https:\/\/www.distribucionarc.com\/wp-content\/uploads\/2024\/04\/TRITURADORA-PARA-POLVO-DE-COMPLEMENTOS-DE-APOYO-VITAMINICO.jpg\" \/>\n\t<meta property=\"og:image:width\" content=\"696\" \/>\n\t<meta property=\"og:image:height\" content=\"952\" \/>\n\t<meta property=\"og:image:type\" content=\"image\/jpeg\" \/>\n<meta name=\"twitter:card\" content=\"summary_large_image\" \/>\n<meta name=\"twitter:label1\" content=\"Timp estimat pentru citire\" \/>\n\t<meta name=\"twitter:data1\" content=\"1 minut\" \/>\n<script type=\"application\/ld+json\" class=\"yoast-schema-graph\">{\"@context\":\"https:\/\/schema.org\",\"@graph\":[{\"@type\":\"WebPage\",\"@id\":\"https:\/\/www.distribucionarc.com\/ar\/producto\/trituradora-para-polvo-de-complementos-de-apoyo-vitaminico\/\",\"url\":\"https:\/\/www.distribucionarc.com\/ar\/producto\/trituradora-para-polvo-de-complementos-de-apoyo-vitaminico\/\",\"name\":\"TRITURADORA PARA POLVO DE COMPLEMENTOS DE APOYO VITAMINICO - distribuci\u00f3n ARC\",\"isPartOf\":{\"@id\":\"https:\/\/distribucionarc.com\/bg\/#website\"},\"primaryImageOfPage\":{\"@id\":\"https:\/\/www.distribucionarc.com\/ar\/producto\/trituradora-para-polvo-de-complementos-de-apoyo-vitaminico\/#primaryimage\"},\"image\":{\"@id\":\"https:\/\/www.distribucionarc.com\/ar\/producto\/trituradora-para-polvo-de-complementos-de-apoyo-vitaminico\/#primaryimage\"},\"thumbnailUrl\":\"https:\/\/distribucionarc.com\/wp-content\/uploads\/2024\/04\/TRITURADORA-PARA-POLVO-DE-COMPLEMENTOS-DE-APOYO-VITAMINICO.jpg\",\"datePublished\":\"2024-04-26T17:33:50+00:00\",\"dateModified\":\"2024-04-26T17:33:52+00:00\",\"breadcrumb\":{\"@id\":\"https:\/\/www.distribucionarc.com\/ar\/producto\/trituradora-para-polvo-de-complementos-de-apoyo-vitaminico\/#breadcrumb\"},\"inLanguage\":\"ro-RO\",\"potentialAction\":[{\"@type\":\"ReadAction\",\"target\":[\"https:\/\/www.distribucionarc.com\/ar\/producto\/trituradora-para-polvo-de-complementos-de-apoyo-vitaminico\/\"]}]},{\"@type\":\"ImageObject\",\"inLanguage\":\"ro-RO\",\"@id\":\"https:\/\/www.distribucionarc.com\/ar\/producto\/trituradora-para-polvo-de-complementos-de-apoyo-vitaminico\/#primaryimage\",\"url\":\"https:\/\/distribucionarc.com\/wp-content\/uploads\/2024\/04\/TRITURADORA-PARA-POLVO-DE-COMPLEMENTOS-DE-APOYO-VITAMINICO.jpg\",\"contentUrl\":\"https:\/\/distribucionarc.com\/wp-content\/uploads\/2024\/04\/TRITURADORA-PARA-POLVO-DE-COMPLEMENTOS-DE-APOYO-VITAMINICO.jpg\",\"width\":696,\"height\":952,\"caption\":\"#image_title\"},{\"@type\":\"BreadcrumbList\",\"@id\":\"https:\/\/www.distribucionarc.com\/ar\/producto\/trituradora-para-polvo-de-complementos-de-apoyo-vitaminico\/#breadcrumb\",\"itemListElement\":[{\"@type\":\"ListItem\",\"position\":1,\"name\":\"Portada\",\"item\":\"https:\/\/distribucionarc.com\/nb\/\"},{\"@type\":\"ListItem\",\"position\":2,\"name\":\"Products\",\"item\":\"https:\/\/www.distribucionarc.com\/en\/shop\/\"},{\"@type\":\"ListItem\",\"position\":3,\"name\":\"TRITURADORA PARA POLVO DE COMPLEMENTOS DE APOYO VITAMINICO\"}]},{\"@type\":\"WebSite\",\"@id\":\"https:\/\/distribucionarc.com\/bg\/#website\",\"url\":\"https:\/\/distribucionarc.com\/bg\/\",\"name\":\"distribuci\u00f3n ARC\",\"description\":\"Empresa especializada en la fabricaci\u00f3n y distribuci\u00f3n de maquinaria industrial, selladoras de latas, Maquinas de hacer pastillas, Maquinas de cortar carne...\",\"publisher\":{\"@id\":\"https:\/\/distribucionarc.com\/bg\/#organization\"},\"potentialAction\":[{\"@type\":\"SearchAction\",\"target\":{\"@type\":\"EntryPoint\",\"urlTemplate\":\"https:\/\/distribucionarc.com\/bg\/?s={search_term_string}\"},\"query-input\":{\"@type\":\"PropertyValueSpecification\",\"valueRequired\":true,\"valueName\":\"search_term_string\"}}],\"inLanguage\":\"ro-RO\"},{\"@type\":\"Organization\",\"@id\":\"https:\/\/distribucionarc.com\/bg\/#organization\",\"name\":\"Distribuci\u00f3n ARC\",\"url\":\"https:\/\/distribucionarc.com\/bg\/\",\"logo\":{\"@type\":\"ImageObject\",\"inLanguage\":\"ro-RO\",\"@id\":\"https:\/\/distribucionarc.com\/bg\/#\/schema\/logo\/image\/\",\"url\":\"https:\/\/distribucionarc.com\/wp-content\/uploads\/2024\/10\/distribucion-ARC-COLOR-SIN-FONDO-e1732295305345.png\",\"contentUrl\":\"https:\/\/distribucionarc.com\/wp-content\/uploads\/2024\/10\/distribucion-ARC-COLOR-SIN-FONDO-e1732295305345.png\",\"width\":1164,\"height\":558,\"caption\":\"Distribuci\u00f3n ARC\"},\"image\":{\"@id\":\"https:\/\/distribucionarc.com\/bg\/#\/schema\/logo\/image\/\"},\"description\":\"Empresa especializada en la fabricaci\u00f3n y distribuci\u00f3n de maquinaria industrial para los sectores alimentario y farmac\u00e9utico. Nos especializamos en: M\u00e1quinas de cortar carne Fabricaci\u00f3n de comprimidos Sistemas de transporte industrial L\u00edneas de embotellado Dosificadores Y mucho m\u00e1s... Ofrecemos soluciones innovadoras y personalizadas para optimizar los procesos productivos de tu empresa.\",\"email\":\"Admistracion@distribucionarc.com\",\"telephone\":\"+34 643496664\",\"legalName\":\"ARC TECH SOLUTIONS\",\"foundingDate\":\"2024-04-09\",\"vatID\":\"B55480172\",\"numberOfEmployees\":{\"@type\":\"QuantitativeValue\",\"minValue\":\"1\",\"maxValue\":\"10\"}}]}<\/script>\n<!-- \/ Yoast SEO Premium plugin. -->","yoast_head_json":{"title":"SUPLIMENT DE VITAMINE POWDER CRUSHER - ARC distribution","robots":{"index":"index","follow":"follow","max-snippet":"max-snippet:-1","max-image-preview":"max-image-preview:large","max-video-preview":"max-video-preview:-1"},"canonical":"https:\/\/www.distribucionarc.com\/ar\/producto\/trituradora-para-polvo-de-complementos-de-apoyo-vitaminico\/","og_locale":"ro_RO","og_type":"article","og_title":"TRITURADORA PARA POLVO DE COMPLEMENTOS DE APOYO VITAMINICO","og_description":"Introducimos nuestra avanzada Trituradora para polvo de complementos de apoyo vitam\u00ednico, dise\u00f1ada para ofrecer un rendimiento excepcional en la preparaci\u00f3n","og_url":"https:\/\/www.distribucionarc.com\/ar\/producto\/trituradora-para-polvo-de-complementos-de-apoyo-vitaminico\/","og_site_name":"distribuci\u00f3n ARC","article_modified_time":"2024-04-26T17:33:52+00:00","og_image":[{"width":696,"height":952,"url":"https:\/\/www.distribucionarc.com\/wp-content\/uploads\/2024\/04\/TRITURADORA-PARA-POLVO-DE-COMPLEMENTOS-DE-APOYO-VITAMINICO.jpg","type":"image\/jpeg"}],"twitter_card":"summary_large_image","twitter_misc":{"Timp estimat pentru citire":"1 minut"},"schema":{"@context":"https:\/\/schema.org","@graph":[{"@type":"WebPage","@id":"https:\/\/www.distribucionarc.com\/ar\/producto\/trituradora-para-polvo-de-complementos-de-apoyo-vitaminico\/","url":"https:\/\/www.distribucionarc.com\/ar\/producto\/trituradora-para-polvo-de-complementos-de-apoyo-vitaminico\/","name":"SUPLIMENT DE VITAMINE POWDER CRUSHER - ARC distribution","isPartOf":{"@id":"https:\/\/distribucionarc.com\/bg\/#website"},"primaryImageOfPage":{"@id":"https:\/\/www.distribucionarc.com\/ar\/producto\/trituradora-para-polvo-de-complementos-de-apoyo-vitaminico\/#primaryimage"},"image":{"@id":"https:\/\/www.distribucionarc.com\/ar\/producto\/trituradora-para-polvo-de-complementos-de-apoyo-vitaminico\/#primaryimage"},"thumbnailUrl":"https:\/\/distribucionarc.com\/wp-content\/uploads\/2024\/04\/TRITURADORA-PARA-POLVO-DE-COMPLEMENTOS-DE-APOYO-VITAMINICO.jpg","datePublished":"2024-04-26T17:33:50+00:00","dateModified":"2024-04-26T17:33:52+00:00","breadcrumb":{"@id":"https:\/\/www.distribucionarc.com\/ar\/producto\/trituradora-para-polvo-de-complementos-de-apoyo-vitaminico\/#breadcrumb"},"inLanguage":"ro-RO","potentialAction":[{"@type":"ReadAction","target":["https:\/\/www.distribucionarc.com\/ar\/producto\/trituradora-para-polvo-de-complementos-de-apoyo-vitaminico\/"]}]},{"@type":"ImageObject","inLanguage":"ro-RO","@id":"https:\/\/www.distribucionarc.com\/ar\/producto\/trituradora-para-polvo-de-complementos-de-apoyo-vitaminico\/#primaryimage","url":"https:\/\/distribucionarc.com\/wp-content\/uploads\/2024\/04\/TRITURADORA-PARA-POLVO-DE-COMPLEMENTOS-DE-APOYO-VITAMINICO.jpg","contentUrl":"https:\/\/distribucionarc.com\/wp-content\/uploads\/2024\/04\/TRITURADORA-PARA-POLVO-DE-COMPLEMENTOS-DE-APOYO-VITAMINICO.jpg","width":696,"height":952,"caption":"#image_title"},{"@type":"BreadcrumbList","@id":"https:\/\/www.distribucionarc.com\/ar\/producto\/trituradora-para-polvo-de-complementos-de-apoyo-vitaminico\/#breadcrumb","itemListElement":[{"@type":"ListItem","position":1,"name":"Portada","item":"https:\/\/distribucionarc.com\/nb\/"},{"@type":"ListItem","position":2,"name":"Products","item":"https:\/\/www.distribucionarc.com\/en\/shop\/"},{"@type":"ListItem","position":3,"name":"TRITURADORA PARA POLVO DE COMPLEMENTOS DE APOYO VITAMINICO"}]},{"@type":"WebSite","@id":"https:\/\/distribucionarc.com\/bg\/#website","url":"https:\/\/distribucionarc.com\/bg\/","name":"Distribu\u021bie ARC","description":"Companie specializat\u0103 \u00een fabricarea \u0219i distribu\u021bia de utilaje industriale, ma\u0219ini de sigilat cutii, ma\u0219ini de fabricat tablete, ma\u0219ini de t\u0103iat carne...","publisher":{"@id":"https:\/\/distribucionarc.com\/bg\/#organization"},"potentialAction":[{"@type":"SearchAction","target":{"@type":"EntryPoint","urlTemplate":"https:\/\/distribucionarc.com\/bg\/?s={search_term_string}"},"query-input":{"@type":"PropertyValueSpecification","valueRequired":true,"valueName":"search_term_string"}}],"inLanguage":"ro-RO"},{"@type":"Organization","@id":"https:\/\/distribucionarc.com\/bg\/#organization","name":"Distribu\u021bie ARC","url":"https:\/\/distribucionarc.com\/bg\/","logo":{"@type":"ImageObject","inLanguage":"ro-RO","@id":"https:\/\/distribucionarc.com\/bg\/#\/schema\/logo\/image\/","url":"https:\/\/distribucionarc.com\/wp-content\/uploads\/2024\/10\/distribucion-ARC-COLOR-SIN-FONDO-e1732295305345.png","contentUrl":"https:\/\/distribucionarc.com\/wp-content\/uploads\/2024\/10\/distribucion-ARC-COLOR-SIN-FONDO-e1732295305345.png","width":1164,"height":558,"caption":"Distribuci\u00f3n ARC"},"image":{"@id":"https:\/\/distribucionarc.com\/bg\/#\/schema\/logo\/image\/"},"description":"Companie specializat\u0103 \u00een fabricarea \u0219i distribu\u021bia de utilaje industriale pentru sectoarele alimentar \u0219i farmaceutic. Suntem specializa\u021bi \u00een: Ma\u0219ini de t\u0103iat carne Fabricarea tabletelor Sisteme de transport industrial Linii de \u00eembuteliere Distribuitoare \u0218i multe altele... Oferim solu\u021bii inovatoare \u0219i personalizate pentru a optimiza procesele de produc\u021bie ale companiei dumneavoastr\u0103.","email":"Admistracion@distribucionarc.com","telephone":"+34 643496664","legalName":"ARC TECH SOLUTIONS","foundingDate":"2024-04-09","vatID":"B55480172","numberOfEmployees":{"@type":"QuantitativeValue","minValue":"1","maxValue":"10"}}]}},"_links":{"self":[{"href":"https:\/\/distribucionarc.com\/ro\/wp-json\/wp\/v2\/product\/6879","targetHints":{"allow":["GET"]}}],"collection":[{"href":"https:\/\/distribucionarc.com\/ro\/wp-json\/wp\/v2\/product"}],"about":[{"href":"https:\/\/distribucionarc.com\/ro\/wp-json\/wp\/v2\/types\/product"}],"replies":[{"embeddable":true,"href":"https:\/\/distribucionarc.com\/ro\/wp-json\/wp\/v2\/comments?post=6879"}],"version-history":[{"count":0,"href":"https:\/\/distribucionarc.com\/ro\/wp-json\/wp\/v2\/product\/6879\/revisions"}],"wp:featuredmedia":[{"embeddable":true,"href":"https:\/\/distribucionarc.com\/ro\/wp-json\/wp\/v2\/media\/6880"}],"wp:attachment":[{"href":"https:\/\/distribucionarc.com\/ro\/wp-json\/wp\/v2\/media?parent=6879"}],"wp:term":[{"taxonomy":"product_brand","embeddable":true,"href":"https:\/\/distribucionarc.com\/ro\/wp-json\/wp\/v2\/product_brand?post=6879"},{"taxonomy":"product_cat","embeddable":true,"href":"https:\/\/distribucionarc.com\/ro\/wp-json\/wp\/v2\/product_cat?post=6879"},{"taxonomy":"product_tag","embeddable":true,"href":"https:\/\/distribucionarc.com\/ro\/wp-json\/wp\/v2\/product_tag?post=6879"}],"curies":[{"name":"wp","href":"https:\/\/api.w.org\/{rel}","templated":true}]}}