{"id":6968,"date":"2024-04-27T06:43:40","date_gmt":"2024-04-27T06:43:40","guid":{"rendered":"https:\/\/distribucionarc.com\/?post_type=product&#038;p=6968"},"modified":"2024-04-27T06:43:42","modified_gmt":"2024-04-27T06:43:42","slug":"zarl-granulator-rotativ-pentru-hrana-animale","status":"publish","type":"product","link":"https:\/\/distribucionarc.com\/ro\/producto\/granulador-rotatorio-zarl-para-piensos-de-animales\/","title":{"rendered":"GRANULATOR ROTARY ZARL PENTRU hrana animalelor"},"content":{"rendered":"<p>Descoper\u0103 <strong>Granulator rotativ ZARL,<\/strong> un instrument esen\u021bial \u00een industriile farmaceutice \u0219i alimentare pentru <strong>produc\u021bia de granule<\/strong> calitate superioar\u0103. Acest echipament utilizat pe scar\u0103 larg\u0103 poate transforma materialele amestecate \u00een granule precise \u0219i eficiente. \u00cen plus, are capacitatea de a zdrobi buc\u0103\u021bi de de\u0219euri \u0219i blocuri de granule uscate, perfecte pentru <strong>produc\u021bia \u0219i fabricarea de furaje echilibrate utilizate \u00een mod obi\u0219nuit \u00een hrana animalelor, cum ar fi pe\u0219tii, p\u0103s\u0103rile \u0219i animalele de companie. <\/strong>Special conceput pentru materiale cu v\u00e2scozitate ridicat\u0103, granulatorul rotativ ZARL garanteaz\u0103 un proces de produc\u021bie f\u0103r\u0103 probleme \u0219i rezultate excep\u021bionale. Optimiza\u021bi-v\u0103 produc\u021bia \u0219i asigura\u021bi-v\u0103 calitatea produselor cu aceast\u0103 solu\u021bie de ultim\u0103 or\u0103!<\/p>\n<p>&nbsp;<\/p>\n<p>&nbsp;<\/p>\n<table>\n<tbody>\n<tr>\n<td width=\"283\">Model<\/td>\n<td width=\"283\">ZARK-300<\/td>\n<\/tr>\n<tr>\n<td width=\"283\">Diametrul cilindrului sitei (mm)<\/td>\n<td width=\"283\">300<\/td>\n<\/tr>\n<tr>\n<td width=\"283\">Diametrul granula\u021biei (milimetri)<\/td>\n<td width=\"283\">1.8-2.5 poate fi personalizat \u00een func\u021bie de nevoile clientului<\/td>\n<\/tr>\n<tr>\n<td width=\"283\">Puterea motorului (kw)<\/td>\n<td width=\"283\">140-400<\/td>\n<\/tr>\n<tr>\n<td width=\"283\">Capacitate de produc\u021bie (kg\/h)<\/td>\n<td width=\"283\">5.5<\/td>\n<\/tr>\n<tr>\n<td width=\"283\">Dimensiune total\u0103 (milimetri)<\/td>\n<td width=\"283\">880*<\/p>\n<p>640*<\/p>\n<p>1300*<\/td>\n<\/tr>\n<tr>\n<td width=\"283\">Greutate net\u0103 (kg)<\/td>\n<td width=\"283\">400<\/td>\n<\/tr>\n<\/tbody>\n<\/table>\n<p>&nbsp;<\/p>","protected":false},"excerpt":{"rendered":"<p>Descoperi\u021bi granulatorul rotativ ZARL, un instrument esen\u021bial \u00een industria farmaceutic\u0103 \u0219i alimentar\u0103 pentru producerea de granule.<\/p>","protected":false},"featured_media":6988,"comment_status":"open","ping_status":"closed","template":"","meta":{"wds_primary_product_brand":0,"wds_primary_product_cat":0},"product_brand":[],"product_cat":[84],"product_tag":[],"class_list":{"0":"post-6968","1":"product","2":"type-product","3":"status-publish","4":"has-post-thumbnail","6":"product_cat-maquinas-para-hacer-pastillas","8":"first","9":"instock","10":"taxable","11":"shipping-taxable","12":"purchasable","13":"product-type-simple"},"yoast_head":"<!-- This site is optimized with the Yoast SEO Premium plugin v24.9 (Yoast SEO v26.1) - https:\/\/yoast.com\/wordpress\/plugins\/seo\/ -->\n<title>GRANULADOR ROTATORIO ZARL PARA PIENSOS DE ANIMALES - distribuci\u00f3n ARC<\/title>\n<meta name=\"robots\" content=\"index, follow, max-snippet:-1, max-image-preview:large, max-video-preview:-1\" \/>\n<link rel=\"canonical\" href=\"https:\/\/distribucionarc.com\/ro\/produs\/zarl-granulator-rotativ-pentru-hrana-animale\/\" \/>\n<meta property=\"og:locale\" content=\"ro_RO\" \/>\n<meta property=\"og:type\" content=\"article\" \/>\n<meta property=\"og:title\" content=\"GRANULADOR ROTATORIO ZARL PARA PIENSOS DE ANIMALES\" \/>\n<meta property=\"og:description\" content=\"Descubre el Granulador Rotatorio ZARL, una herramienta esencial en las industrias farmac\u00e9utica y alimentaria para la producci\u00f3n de gr\u00e1nulos de\" \/>\n<meta property=\"og:url\" content=\"https:\/\/distribucionarc.com\/ro\/produs\/zarl-granulator-rotativ-pentru-hrana-animale\/\" \/>\n<meta property=\"og:site_name\" content=\"distribuci\u00f3n ARC\" \/>\n<meta property=\"article:modified_time\" content=\"2024-04-27T06:43:42+00:00\" \/>\n<meta property=\"og:image\" content=\"https:\/\/distribucionarc.com\/wp-content\/uploads\/2024\/04\/GRANULADOR-ROTATORIO-ZARL-PARA-PIENSOS-DE-ANIMALES.webp\" \/>\n\t<meta property=\"og:image:width\" content=\"1128\" \/>\n\t<meta property=\"og:image:height\" content=\"1136\" \/>\n\t<meta property=\"og:image:type\" content=\"image\/webp\" \/>\n<meta name=\"twitter:card\" content=\"summary_large_image\" \/>\n<meta name=\"twitter:label1\" content=\"Timp estimat pentru citire\" \/>\n\t<meta name=\"twitter:data1\" content=\"1 minut\" \/>\n<script type=\"application\/ld+json\" class=\"yoast-schema-graph\">{\"@context\":\"https:\/\/schema.org\",\"@graph\":[{\"@type\":\"WebPage\",\"@id\":\"https:\/\/distribucionarc.com\/pl\/producto\/granulador-rotatorio-zarl-para-piensos-de-animales\/\",\"url\":\"https:\/\/distribucionarc.com\/pl\/producto\/granulador-rotatorio-zarl-para-piensos-de-animales\/\",\"name\":\"GRANULADOR ROTATORIO ZARL PARA PIENSOS DE ANIMALES - distribuci\u00f3n ARC\",\"isPartOf\":{\"@id\":\"https:\/\/distribucionarc.com\/de\/#website\"},\"primaryImageOfPage\":{\"@id\":\"https:\/\/distribucionarc.com\/pl\/producto\/granulador-rotatorio-zarl-para-piensos-de-animales\/#primaryimage\"},\"image\":{\"@id\":\"https:\/\/distribucionarc.com\/pl\/producto\/granulador-rotatorio-zarl-para-piensos-de-animales\/#primaryimage\"},\"thumbnailUrl\":\"https:\/\/distribucionarc.com\/wp-content\/uploads\/2024\/04\/GRANULADOR-ROTATORIO-ZARL-PARA-PIENSOS-DE-ANIMALES.webp\",\"datePublished\":\"2024-04-27T06:43:40+00:00\",\"dateModified\":\"2024-04-27T06:43:42+00:00\",\"breadcrumb\":{\"@id\":\"https:\/\/distribucionarc.com\/pl\/producto\/granulador-rotatorio-zarl-para-piensos-de-animales\/#breadcrumb\"},\"inLanguage\":\"ro-RO\",\"potentialAction\":[{\"@type\":\"ReadAction\",\"target\":[\"https:\/\/distribucionarc.com\/pl\/producto\/granulador-rotatorio-zarl-para-piensos-de-animales\/\"]}]},{\"@type\":\"ImageObject\",\"inLanguage\":\"ro-RO\",\"@id\":\"https:\/\/distribucionarc.com\/pl\/producto\/granulador-rotatorio-zarl-para-piensos-de-animales\/#primaryimage\",\"url\":\"https:\/\/distribucionarc.com\/wp-content\/uploads\/2024\/04\/GRANULADOR-ROTATORIO-ZARL-PARA-PIENSOS-DE-ANIMALES.webp\",\"contentUrl\":\"https:\/\/distribucionarc.com\/wp-content\/uploads\/2024\/04\/GRANULADOR-ROTATORIO-ZARL-PARA-PIENSOS-DE-ANIMALES.webp\",\"width\":1128,\"height\":1136,\"caption\":\"#image_title\"},{\"@type\":\"BreadcrumbList\",\"@id\":\"https:\/\/distribucionarc.com\/pl\/producto\/granulador-rotatorio-zarl-para-piensos-de-animales\/#breadcrumb\",\"itemListElement\":[{\"@type\":\"ListItem\",\"position\":1,\"name\":\"Portada\",\"item\":\"https:\/\/distribucionarc.com\/pl\/\"},{\"@type\":\"ListItem\",\"position\":2,\"name\":\"Produkty\",\"item\":\"https:\/\/distribucionarc.com\/pl\/shop\/\"},{\"@type\":\"ListItem\",\"position\":3,\"name\":\"GRANULADOR ROTATORIO ZARL PARA PIENSOS DE ANIMALES\"}]},{\"@type\":\"WebSite\",\"@id\":\"https:\/\/distribucionarc.com\/de\/#website\",\"url\":\"https:\/\/distribucionarc.com\/de\/\",\"name\":\"distribuci\u00f3n ARC\",\"description\":\"Empresa especializada en la fabricaci\u00f3n y distribuci\u00f3n de maquinaria industrial, selladoras de latas, Maquinas de hacer pastillas, Maquinas de cortar carne...\",\"publisher\":{\"@id\":\"https:\/\/distribucionarc.com\/de\/#organization\"},\"potentialAction\":[{\"@type\":\"SearchAction\",\"target\":{\"@type\":\"EntryPoint\",\"urlTemplate\":\"https:\/\/distribucionarc.com\/de\/?s={search_term_string}\"},\"query-input\":{\"@type\":\"PropertyValueSpecification\",\"valueRequired\":true,\"valueName\":\"search_term_string\"}}],\"inLanguage\":\"ro-RO\"},{\"@type\":\"Organization\",\"@id\":\"https:\/\/distribucionarc.com\/de\/#organization\",\"name\":\"Distribuci\u00f3n ARC\",\"url\":\"https:\/\/distribucionarc.com\/de\/\",\"logo\":{\"@type\":\"ImageObject\",\"inLanguage\":\"ro-RO\",\"@id\":\"https:\/\/distribucionarc.com\/de\/#\/schema\/logo\/image\/\",\"url\":\"https:\/\/distribucionarc.com\/wp-content\/uploads\/2024\/10\/distribucion-ARC-COLOR-SIN-FONDO-e1732295305345.png\",\"contentUrl\":\"https:\/\/distribucionarc.com\/wp-content\/uploads\/2024\/10\/distribucion-ARC-COLOR-SIN-FONDO-e1732295305345.png\",\"width\":1164,\"height\":558,\"caption\":\"Distribuci\u00f3n ARC\"},\"image\":{\"@id\":\"https:\/\/distribucionarc.com\/de\/#\/schema\/logo\/image\/\"},\"description\":\"Empresa especializada en la fabricaci\u00f3n y distribuci\u00f3n de maquinaria industrial para los sectores alimentario y farmac\u00e9utico. Nos especializamos en: M\u00e1quinas de cortar carne Fabricaci\u00f3n de comprimidos Sistemas de transporte industrial L\u00edneas de embotellado Dosificadores Y mucho m\u00e1s... Ofrecemos soluciones innovadoras y personalizadas para optimizar los procesos productivos de tu empresa.\",\"email\":\"Admistracion@distribucionarc.com\",\"telephone\":\"+34 643496664\",\"legalName\":\"ARC TECH SOLUTIONS\",\"foundingDate\":\"2024-04-09\",\"vatID\":\"B55480172\",\"numberOfEmployees\":{\"@type\":\"QuantitativeValue\",\"minValue\":\"1\",\"maxValue\":\"10\"}}]}<\/script>\n<!-- \/ Yoast SEO Premium plugin. -->","yoast_head_json":{"title":"GRANULATOR ROTARY ZARL PENTRU hrana animalelor - distributie ARC","robots":{"index":"index","follow":"follow","max-snippet":"max-snippet:-1","max-image-preview":"max-image-preview:large","max-video-preview":"max-video-preview:-1"},"canonical":"https:\/\/distribucionarc.com\/ro\/produs\/zarl-granulator-rotativ-pentru-hrana-animale\/","og_locale":"ro_RO","og_type":"article","og_title":"GRANULADOR ROTATORIO ZARL PARA PIENSOS DE ANIMALES","og_description":"Descubre el Granulador Rotatorio ZARL, una herramienta esencial en las industrias farmac\u00e9utica y alimentaria para la producci\u00f3n de gr\u00e1nulos de","og_url":"https:\/\/distribucionarc.com\/ro\/produs\/zarl-granulator-rotativ-pentru-hrana-animale\/","og_site_name":"distribuci\u00f3n ARC","article_modified_time":"2024-04-27T06:43:42+00:00","og_image":[{"width":1128,"height":1136,"url":"https:\/\/distribucionarc.com\/wp-content\/uploads\/2024\/04\/GRANULADOR-ROTATORIO-ZARL-PARA-PIENSOS-DE-ANIMALES.webp","type":"image\/webp"}],"twitter_card":"summary_large_image","twitter_misc":{"Timp estimat pentru citire":"1 minut"},"schema":{"@context":"https:\/\/schema.org","@graph":[{"@type":"WebPage","@id":"https:\/\/distribucionarc.com\/pl\/producto\/granulador-rotatorio-zarl-para-piensos-de-animales\/","url":"https:\/\/distribucionarc.com\/pl\/producto\/granulador-rotatorio-zarl-para-piensos-de-animales\/","name":"GRANULATOR ROTARY ZARL PENTRU hrana animalelor - distributie ARC","isPartOf":{"@id":"https:\/\/distribucionarc.com\/de\/#website"},"primaryImageOfPage":{"@id":"https:\/\/distribucionarc.com\/pl\/producto\/granulador-rotatorio-zarl-para-piensos-de-animales\/#primaryimage"},"image":{"@id":"https:\/\/distribucionarc.com\/pl\/producto\/granulador-rotatorio-zarl-para-piensos-de-animales\/#primaryimage"},"thumbnailUrl":"https:\/\/distribucionarc.com\/wp-content\/uploads\/2024\/04\/GRANULADOR-ROTATORIO-ZARL-PARA-PIENSOS-DE-ANIMALES.webp","datePublished":"2024-04-27T06:43:40+00:00","dateModified":"2024-04-27T06:43:42+00:00","breadcrumb":{"@id":"https:\/\/distribucionarc.com\/pl\/producto\/granulador-rotatorio-zarl-para-piensos-de-animales\/#breadcrumb"},"inLanguage":"ro-RO","potentialAction":[{"@type":"ReadAction","target":["https:\/\/distribucionarc.com\/pl\/producto\/granulador-rotatorio-zarl-para-piensos-de-animales\/"]}]},{"@type":"ImageObject","inLanguage":"ro-RO","@id":"https:\/\/distribucionarc.com\/pl\/producto\/granulador-rotatorio-zarl-para-piensos-de-animales\/#primaryimage","url":"https:\/\/distribucionarc.com\/wp-content\/uploads\/2024\/04\/GRANULADOR-ROTATORIO-ZARL-PARA-PIENSOS-DE-ANIMALES.webp","contentUrl":"https:\/\/distribucionarc.com\/wp-content\/uploads\/2024\/04\/GRANULADOR-ROTATORIO-ZARL-PARA-PIENSOS-DE-ANIMALES.webp","width":1128,"height":1136,"caption":"#image_title"},{"@type":"BreadcrumbList","@id":"https:\/\/distribucionarc.com\/pl\/producto\/granulador-rotatorio-zarl-para-piensos-de-animales\/#breadcrumb","itemListElement":[{"@type":"ListItem","position":1,"name":"Portada","item":"https:\/\/distribucionarc.com\/pl\/"},{"@type":"ListItem","position":2,"name":"Produkty","item":"https:\/\/distribucionarc.com\/pl\/shop\/"},{"@type":"ListItem","position":3,"name":"GRANULADOR ROTATORIO ZARL PARA PIENSOS DE ANIMALES"}]},{"@type":"WebSite","@id":"https:\/\/distribucionarc.com\/de\/#website","url":"https:\/\/distribucionarc.com\/de\/","name":"Distribu\u021bie ARC","description":"Companie specializat\u0103 \u00een fabricarea \u0219i distribu\u021bia de utilaje industriale, ma\u0219ini de sigilat cutii, ma\u0219ini de fabricat tablete, ma\u0219ini de t\u0103iat carne...","publisher":{"@id":"https:\/\/distribucionarc.com\/de\/#organization"},"potentialAction":[{"@type":"SearchAction","target":{"@type":"EntryPoint","urlTemplate":"https:\/\/distribucionarc.com\/de\/?s={search_term_string}"},"query-input":{"@type":"PropertyValueSpecification","valueRequired":true,"valueName":"search_term_string"}}],"inLanguage":"ro-RO"},{"@type":"Organization","@id":"https:\/\/distribucionarc.com\/de\/#organization","name":"Distribu\u021bie ARC","url":"https:\/\/distribucionarc.com\/de\/","logo":{"@type":"ImageObject","inLanguage":"ro-RO","@id":"https:\/\/distribucionarc.com\/de\/#\/schema\/logo\/image\/","url":"https:\/\/distribucionarc.com\/wp-content\/uploads\/2024\/10\/distribucion-ARC-COLOR-SIN-FONDO-e1732295305345.png","contentUrl":"https:\/\/distribucionarc.com\/wp-content\/uploads\/2024\/10\/distribucion-ARC-COLOR-SIN-FONDO-e1732295305345.png","width":1164,"height":558,"caption":"Distribuci\u00f3n ARC"},"image":{"@id":"https:\/\/distribucionarc.com\/de\/#\/schema\/logo\/image\/"},"description":"Companie specializat\u0103 \u00een fabricarea \u0219i distribu\u021bia de utilaje industriale pentru sectoarele alimentar \u0219i farmaceutic. Suntem specializa\u021bi \u00een: Ma\u0219ini de t\u0103iat carne Fabricarea tabletelor Sisteme de transport industrial Linii de \u00eembuteliere Distribuitoare \u0218i multe altele... Oferim solu\u021bii inovatoare \u0219i personalizate pentru a optimiza procesele de produc\u021bie ale companiei dumneavoastr\u0103.","email":"Admistracion@distribucionarc.com","telephone":"+34 643496664","legalName":"ARC TECH SOLUTIONS","foundingDate":"2024-04-09","vatID":"B55480172","numberOfEmployees":{"@type":"QuantitativeValue","minValue":"1","maxValue":"10"}}]}},"_links":{"self":[{"href":"https:\/\/distribucionarc.com\/ro\/wp-json\/wp\/v2\/product\/6968","targetHints":{"allow":["GET"]}}],"collection":[{"href":"https:\/\/distribucionarc.com\/ro\/wp-json\/wp\/v2\/product"}],"about":[{"href":"https:\/\/distribucionarc.com\/ro\/wp-json\/wp\/v2\/types\/product"}],"replies":[{"embeddable":true,"href":"https:\/\/distribucionarc.com\/ro\/wp-json\/wp\/v2\/comments?post=6968"}],"version-history":[{"count":0,"href":"https:\/\/distribucionarc.com\/ro\/wp-json\/wp\/v2\/product\/6968\/revisions"}],"wp:featuredmedia":[{"embeddable":true,"href":"https:\/\/distribucionarc.com\/ro\/wp-json\/wp\/v2\/media\/6988"}],"wp:attachment":[{"href":"https:\/\/distribucionarc.com\/ro\/wp-json\/wp\/v2\/media?parent=6968"}],"wp:term":[{"taxonomy":"product_brand","embeddable":true,"href":"https:\/\/distribucionarc.com\/ro\/wp-json\/wp\/v2\/product_brand?post=6968"},{"taxonomy":"product_cat","embeddable":true,"href":"https:\/\/distribucionarc.com\/ro\/wp-json\/wp\/v2\/product_cat?post=6968"},{"taxonomy":"product_tag","embeddable":true,"href":"https:\/\/distribucionarc.com\/ro\/wp-json\/wp\/v2\/product_tag?post=6968"}],"curies":[{"name":"wp","href":"https:\/\/api.w.org\/{rel}","templated":true}]}}