{"id":6996,"date":"2024-04-27T07:48:43","date_gmt":"2024-04-27T07:48:43","guid":{"rendered":"https:\/\/distribucionarc.com\/?post_type=product&#038;p=6996"},"modified":"2024-04-27T07:48:46","modified_gmt":"2024-04-27T07:48:46","slug":"masina-de-acoperire-cu-plastifianti-pentru-proteine","status":"publish","type":"product","link":"https:\/\/distribucionarc.com\/ro\/producto\/maquina-recubridora-con-plastificantes-para-proteinas\/","title":{"rendered":"MASINA DE GRAVARE CU PLASTIFICATOR PENTRU PROTEINE"},"content":{"rendered":"<p>Descoperi\u021bi eficacitatea<strong> Ma\u0219in\u0103 de r\u0103zuit seria BARYC<\/strong>, conceput pentru industria farmaceutic\u0103 \u0219i alimentar\u0103. Acest echipament versatil este perfect pentru <strong>comprimate de acoperire cu plastifian\u021bi proteici de maz\u0103re \u0219i tablete cu zah\u0103r,<\/strong> c\u00e2t \u015fi pentru coacerea fructelor. Unghiul s\u0103u de \u00eenclinare reglabil \u00een vasul de acoperire \u0219i posibilitatea de a plasa dispozitivul de \u00eenc\u0103lzire sub acesta garanteaz\u0103 un proces precis \u0219i controlat. Optimiza\u021bi-v\u0103 produc\u021bia \u0219i asigura\u021bi-v\u0103 calitatea produselor cu ajutorul <strong>Ma\u0219in\u0103 de r\u0103zuit seria BARYC.<\/strong> \u00cembun\u0103t\u0103\u021bi\u021bi-v\u0103 opera\u021biunea cu aceast\u0103 solu\u021bie avansat\u0103 \u0219i fiabil\u0103!<\/p>\n<p>&nbsp;<\/p>\n<table>\n<tbody>\n<tr>\n<td width=\"61\">Model<\/td>\n<td width=\"70\">Diametrul recipientului de acoperire cu zah\u0103r (milimetri)<\/td>\n<td width=\"67\">Viteza recipientului de acoperire cu zah\u0103r (rota\u021bii\/min)<\/td>\n<td width=\"49\">Puterea motorului (kw)<\/td>\n<td width=\"54\">Puterea cablului de \u00eenc\u0103lzire (w)<\/td>\n<td width=\"54\">Puterea ventilatorului (w)<\/td>\n<td width=\"57\">Capacitate (kg\/h)<\/td>\n<td width=\"60\">Alt\u0103 putere de \u00eenc\u0103lzire (w)<\/td>\n<td width=\"49\">Greutatea ma\u0219inii (kg)<\/td>\n<td width=\"45\">Dimensiune total\u0103 (milimetri)<\/td>\n<\/tr>\n<tr>\n<td width=\"61\">BARYC300<\/td>\n<td width=\"70\">300<\/td>\n<td width=\"67\">46<\/td>\n<td width=\"49\">0.55<\/td>\n<td width=\"54\">500<\/td>\n<td width=\"54\">40<\/td>\n<td width=\"57\">2<\/td>\n<td width=\"60\">500<\/td>\n<td width=\"49\">65<\/td>\n<td width=\"45\">485*<\/p>\n<p>585*<\/p>\n<p>766*<\/td>\n<\/tr>\n<tr>\n<td width=\"61\">BARYC400<\/td>\n<td width=\"70\">400<\/td>\n<td width=\"67\">46<\/td>\n<td width=\"49\">0.55<\/td>\n<td width=\"54\">500<\/td>\n<td width=\"54\">40<\/td>\n<td width=\"57\">5<\/td>\n<td width=\"60\">500<\/td>\n<td width=\"49\">70<\/td>\n<td width=\"45\">485*<\/p>\n<p>585*<\/p>\n<p>810*<\/td>\n<\/tr>\n<tr>\n<td width=\"61\">BARYC600<\/td>\n<td width=\"70\">600<\/td>\n<td width=\"67\">40<\/td>\n<td width=\"49\">0.75<\/td>\n<td width=\"54\">800<\/td>\n<td width=\"54\">60<\/td>\n<td width=\"57\">15<\/td>\n<td width=\"60\">600<\/td>\n<td width=\"49\">120<\/td>\n<td width=\"45\">700*<\/p>\n<p>540*<\/p>\n<p>1300*<\/td>\n<\/tr>\n<tr>\n<td width=\"61\">BARYC800<\/td>\n<td width=\"70\">800<\/td>\n<td width=\"67\">32<\/td>\n<td width=\"49\">1.1<\/td>\n<td width=\"54\">1000<\/td>\n<td width=\"54\">250<\/td>\n<td width=\"57\">30-50<\/td>\n<td width=\"60\">2000<\/td>\n<td width=\"49\">240<\/td>\n<td width=\"45\">925*<\/p>\n<p>900*<\/p>\n<p>1500*<\/td>\n<\/tr>\n<tr>\n<td width=\"61\">BARYC1000<\/td>\n<td width=\"70\">1000<\/td>\n<td width=\"67\">32<\/td>\n<td width=\"49\">1.5<\/td>\n<td width=\"54\">1000<\/td>\n<td width=\"54\">250<\/td>\n<td width=\"57\">50-70<\/td>\n<td width=\"60\">2000<\/td>\n<td width=\"49\">250<\/td>\n<td width=\"45\">1100*<\/p>\n<p>1100*<\/p>\n<p>1600*<\/td>\n<\/tr>\n<tr>\n<td width=\"61\">BARYC1250<\/td>\n<td width=\"70\">1250<\/td>\n<td width=\"67\">30<\/td>\n<td width=\"49\">2.2<\/td>\n<td width=\"54\">1000<\/td>\n<td width=\"54\">250<\/td>\n<td width=\"57\">90-150<\/td>\n<td width=\"60\">2000<\/td>\n<td width=\"49\">280<\/td>\n<td width=\"45\">1200*<\/p>\n<p>1250*<\/p>\n<p>1630*<\/td>\n<\/tr>\n<\/tbody>\n<\/table>\n<p>&nbsp;<\/p>","protected":false},"excerpt":{"rendered":"<p>Descoperi\u021bi eficien\u021ba ma\u0219inii de acoperire din seria BARYC, conceput\u0103 pentru industria farmaceutic\u0103 \u0219i alimentar\u0103. Aceast\u0103 echip\u0103 versatil\u0103 este<\/p>","protected":false},"featured_media":6997,"comment_status":"open","ping_status":"closed","template":"","meta":{"wds_primary_product_brand":0,"wds_primary_product_cat":0},"product_brand":[],"product_cat":[84],"product_tag":[],"class_list":{"0":"post-6996","1":"product","2":"type-product","3":"status-publish","4":"has-post-thumbnail","6":"product_cat-maquinas-para-hacer-pastillas","8":"first","9":"instock","10":"taxable","11":"shipping-taxable","12":"purchasable","13":"product-type-simple"},"yoast_head":"<!-- This site is optimized with the Yoast SEO Premium plugin v24.9 (Yoast SEO v26.1) - https:\/\/yoast.com\/wordpress\/plugins\/seo\/ -->\n<title>MAQUINA GRAJEADORA CON PLASTIFICANTES PARA PROTEINAS - distribuci\u00f3n ARC<\/title>\n<meta name=\"robots\" content=\"index, follow, max-snippet:-1, max-image-preview:large, max-video-preview:-1\" \/>\n<link rel=\"canonical\" href=\"https:\/\/distribucionarc.com\/ro\/produs\/masina-de-acoperire-cu-plastifianti-pentru-proteine\/\" \/>\n<meta property=\"og:locale\" content=\"ro_RO\" \/>\n<meta property=\"og:type\" content=\"article\" \/>\n<meta property=\"og:title\" content=\"MAQUINA GRAJEADORA CON PLASTIFICANTES PARA PROTEINAS\" \/>\n<meta property=\"og:description\" content=\"Descubre la eficacia de la M\u00e1quina Grajeadora Serie BARYC, dise\u00f1ada para la industria farmac\u00e9utica y alimentaria. Este equipo vers\u00e1til es\" \/>\n<meta property=\"og:url\" content=\"https:\/\/distribucionarc.com\/ro\/produs\/masina-de-acoperire-cu-plastifianti-pentru-proteine\/\" \/>\n<meta property=\"og:site_name\" content=\"distribuci\u00f3n ARC\" \/>\n<meta property=\"article:modified_time\" content=\"2024-04-27T07:48:46+00:00\" \/>\n<meta property=\"og:image\" content=\"https:\/\/distribucionarc.com\/wp-content\/uploads\/2024\/04\/MAQUINA-GRAJEADORA-CON-PLASTIFICANTES-PARA-PROTEINAS.webp\" \/>\n\t<meta property=\"og:image:width\" content=\"1736\" \/>\n\t<meta property=\"og:image:height\" content=\"1040\" \/>\n\t<meta property=\"og:image:type\" content=\"image\/webp\" \/>\n<meta name=\"twitter:card\" content=\"summary_large_image\" \/>\n<meta name=\"twitter:label1\" content=\"Timp estimat pentru citire\" \/>\n\t<meta name=\"twitter:data1\" content=\"1 minut\" \/>\n<script type=\"application\/ld+json\" class=\"yoast-schema-graph\">{\"@context\":\"https:\/\/schema.org\",\"@graph\":[{\"@type\":\"WebPage\",\"@id\":\"https:\/\/distribucionarc.com\/it\/producto\/maquina-recubridora-con-plastificantes-para-proteinas\/\",\"url\":\"https:\/\/distribucionarc.com\/it\/producto\/maquina-recubridora-con-plastificantes-para-proteinas\/\",\"name\":\"MAQUINA GRAJEADORA CON PLASTIFICANTES PARA PROTEINAS - distribuci\u00f3n ARC\",\"isPartOf\":{\"@id\":\"https:\/\/distribucionarc.com\/de\/#website\"},\"primaryImageOfPage\":{\"@id\":\"https:\/\/distribucionarc.com\/it\/producto\/maquina-recubridora-con-plastificantes-para-proteinas\/#primaryimage\"},\"image\":{\"@id\":\"https:\/\/distribucionarc.com\/it\/producto\/maquina-recubridora-con-plastificantes-para-proteinas\/#primaryimage\"},\"thumbnailUrl\":\"https:\/\/distribucionarc.com\/wp-content\/uploads\/2024\/04\/MAQUINA-GRAJEADORA-CON-PLASTIFICANTES-PARA-PROTEINAS.webp\",\"datePublished\":\"2024-04-27T07:48:43+00:00\",\"dateModified\":\"2024-04-27T07:48:46+00:00\",\"breadcrumb\":{\"@id\":\"https:\/\/distribucionarc.com\/it\/producto\/maquina-recubridora-con-plastificantes-para-proteinas\/#breadcrumb\"},\"inLanguage\":\"ro-RO\",\"potentialAction\":[{\"@type\":\"ReadAction\",\"target\":[\"https:\/\/distribucionarc.com\/it\/producto\/maquina-recubridora-con-plastificantes-para-proteinas\/\"]}]},{\"@type\":\"ImageObject\",\"inLanguage\":\"ro-RO\",\"@id\":\"https:\/\/distribucionarc.com\/it\/producto\/maquina-recubridora-con-plastificantes-para-proteinas\/#primaryimage\",\"url\":\"https:\/\/distribucionarc.com\/wp-content\/uploads\/2024\/04\/MAQUINA-GRAJEADORA-CON-PLASTIFICANTES-PARA-PROTEINAS.webp\",\"contentUrl\":\"https:\/\/distribucionarc.com\/wp-content\/uploads\/2024\/04\/MAQUINA-GRAJEADORA-CON-PLASTIFICANTES-PARA-PROTEINAS.webp\",\"width\":1736,\"height\":1040,\"caption\":\"#image_title\"},{\"@type\":\"BreadcrumbList\",\"@id\":\"https:\/\/distribucionarc.com\/it\/producto\/maquina-recubridora-con-plastificantes-para-proteinas\/#breadcrumb\",\"itemListElement\":[{\"@type\":\"ListItem\",\"position\":1,\"name\":\"Portada\",\"item\":\"https:\/\/distribucionarc.com\/pl\/\"},{\"@type\":\"ListItem\",\"position\":2,\"name\":\"Produkty\",\"item\":\"https:\/\/distribucionarc.com\/pl\/shop\/\"},{\"@type\":\"ListItem\",\"position\":3,\"name\":\"MAQUINA GRAJEADORA CON PLASTIFICANTES PARA PROTEINAS\"}]},{\"@type\":\"WebSite\",\"@id\":\"https:\/\/distribucionarc.com\/de\/#website\",\"url\":\"https:\/\/distribucionarc.com\/de\/\",\"name\":\"distribuci\u00f3n ARC\",\"description\":\"Empresa especializada en la fabricaci\u00f3n y distribuci\u00f3n de maquinaria industrial, selladoras de latas, Maquinas de hacer pastillas, Maquinas de cortar carne...\",\"publisher\":{\"@id\":\"https:\/\/distribucionarc.com\/de\/#organization\"},\"potentialAction\":[{\"@type\":\"SearchAction\",\"target\":{\"@type\":\"EntryPoint\",\"urlTemplate\":\"https:\/\/distribucionarc.com\/de\/?s={search_term_string}\"},\"query-input\":{\"@type\":\"PropertyValueSpecification\",\"valueRequired\":true,\"valueName\":\"search_term_string\"}}],\"inLanguage\":\"ro-RO\"},{\"@type\":\"Organization\",\"@id\":\"https:\/\/distribucionarc.com\/de\/#organization\",\"name\":\"Distribuci\u00f3n ARC\",\"url\":\"https:\/\/distribucionarc.com\/de\/\",\"logo\":{\"@type\":\"ImageObject\",\"inLanguage\":\"ro-RO\",\"@id\":\"https:\/\/distribucionarc.com\/de\/#\/schema\/logo\/image\/\",\"url\":\"https:\/\/distribucionarc.com\/wp-content\/uploads\/2024\/10\/distribucion-ARC-COLOR-SIN-FONDO-e1732295305345.png\",\"contentUrl\":\"https:\/\/distribucionarc.com\/wp-content\/uploads\/2024\/10\/distribucion-ARC-COLOR-SIN-FONDO-e1732295305345.png\",\"width\":1164,\"height\":558,\"caption\":\"Distribuci\u00f3n ARC\"},\"image\":{\"@id\":\"https:\/\/distribucionarc.com\/de\/#\/schema\/logo\/image\/\"},\"description\":\"Empresa especializada en la fabricaci\u00f3n y distribuci\u00f3n de maquinaria industrial para los sectores alimentario y farmac\u00e9utico. Nos especializamos en: M\u00e1quinas de cortar carne Fabricaci\u00f3n de comprimidos Sistemas de transporte industrial L\u00edneas de embotellado Dosificadores Y mucho m\u00e1s... Ofrecemos soluciones innovadoras y personalizadas para optimizar los procesos productivos de tu empresa.\",\"email\":\"Admistracion@distribucionarc.com\",\"telephone\":\"+34 643496664\",\"legalName\":\"ARC TECH SOLUTIONS\",\"foundingDate\":\"2024-04-09\",\"vatID\":\"B55480172\",\"numberOfEmployees\":{\"@type\":\"QuantitativeValue\",\"minValue\":\"1\",\"maxValue\":\"10\"}}]}<\/script>\n<!-- \/ Yoast SEO Premium plugin. -->","yoast_head_json":{"title":"MA\u0218INA DE MORTELARE CU PLASTIFICATOR DE PROTEINE - distribu\u021bie ARC","robots":{"index":"index","follow":"follow","max-snippet":"max-snippet:-1","max-image-preview":"max-image-preview:large","max-video-preview":"max-video-preview:-1"},"canonical":"https:\/\/distribucionarc.com\/ro\/produs\/masina-de-acoperire-cu-plastifianti-pentru-proteine\/","og_locale":"ro_RO","og_type":"article","og_title":"MAQUINA GRAJEADORA CON PLASTIFICANTES PARA PROTEINAS","og_description":"Descubre la eficacia de la M\u00e1quina Grajeadora Serie BARYC, dise\u00f1ada para la industria farmac\u00e9utica y alimentaria. Este equipo vers\u00e1til es","og_url":"https:\/\/distribucionarc.com\/ro\/produs\/masina-de-acoperire-cu-plastifianti-pentru-proteine\/","og_site_name":"distribuci\u00f3n ARC","article_modified_time":"2024-04-27T07:48:46+00:00","og_image":[{"width":1736,"height":1040,"url":"https:\/\/distribucionarc.com\/wp-content\/uploads\/2024\/04\/MAQUINA-GRAJEADORA-CON-PLASTIFICANTES-PARA-PROTEINAS.webp","type":"image\/webp"}],"twitter_card":"summary_large_image","twitter_misc":{"Timp estimat pentru citire":"1 minut"},"schema":{"@context":"https:\/\/schema.org","@graph":[{"@type":"WebPage","@id":"https:\/\/distribucionarc.com\/it\/producto\/maquina-recubridora-con-plastificantes-para-proteinas\/","url":"https:\/\/distribucionarc.com\/it\/producto\/maquina-recubridora-con-plastificantes-para-proteinas\/","name":"MA\u0218INA DE MORTELARE CU PLASTIFICATOR DE PROTEINE - distribu\u021bie ARC","isPartOf":{"@id":"https:\/\/distribucionarc.com\/de\/#website"},"primaryImageOfPage":{"@id":"https:\/\/distribucionarc.com\/it\/producto\/maquina-recubridora-con-plastificantes-para-proteinas\/#primaryimage"},"image":{"@id":"https:\/\/distribucionarc.com\/it\/producto\/maquina-recubridora-con-plastificantes-para-proteinas\/#primaryimage"},"thumbnailUrl":"https:\/\/distribucionarc.com\/wp-content\/uploads\/2024\/04\/MAQUINA-GRAJEADORA-CON-PLASTIFICANTES-PARA-PROTEINAS.webp","datePublished":"2024-04-27T07:48:43+00:00","dateModified":"2024-04-27T07:48:46+00:00","breadcrumb":{"@id":"https:\/\/distribucionarc.com\/it\/producto\/maquina-recubridora-con-plastificantes-para-proteinas\/#breadcrumb"},"inLanguage":"ro-RO","potentialAction":[{"@type":"ReadAction","target":["https:\/\/distribucionarc.com\/it\/producto\/maquina-recubridora-con-plastificantes-para-proteinas\/"]}]},{"@type":"ImageObject","inLanguage":"ro-RO","@id":"https:\/\/distribucionarc.com\/it\/producto\/maquina-recubridora-con-plastificantes-para-proteinas\/#primaryimage","url":"https:\/\/distribucionarc.com\/wp-content\/uploads\/2024\/04\/MAQUINA-GRAJEADORA-CON-PLASTIFICANTES-PARA-PROTEINAS.webp","contentUrl":"https:\/\/distribucionarc.com\/wp-content\/uploads\/2024\/04\/MAQUINA-GRAJEADORA-CON-PLASTIFICANTES-PARA-PROTEINAS.webp","width":1736,"height":1040,"caption":"#image_title"},{"@type":"BreadcrumbList","@id":"https:\/\/distribucionarc.com\/it\/producto\/maquina-recubridora-con-plastificantes-para-proteinas\/#breadcrumb","itemListElement":[{"@type":"ListItem","position":1,"name":"Portada","item":"https:\/\/distribucionarc.com\/pl\/"},{"@type":"ListItem","position":2,"name":"Produkty","item":"https:\/\/distribucionarc.com\/pl\/shop\/"},{"@type":"ListItem","position":3,"name":"MAQUINA GRAJEADORA CON PLASTIFICANTES PARA PROTEINAS"}]},{"@type":"WebSite","@id":"https:\/\/distribucionarc.com\/de\/#website","url":"https:\/\/distribucionarc.com\/de\/","name":"Distribu\u021bie ARC","description":"Companie specializat\u0103 \u00een fabricarea \u0219i distribu\u021bia de utilaje industriale, ma\u0219ini de sigilat cutii, ma\u0219ini de fabricat tablete, ma\u0219ini de t\u0103iat carne...","publisher":{"@id":"https:\/\/distribucionarc.com\/de\/#organization"},"potentialAction":[{"@type":"SearchAction","target":{"@type":"EntryPoint","urlTemplate":"https:\/\/distribucionarc.com\/de\/?s={search_term_string}"},"query-input":{"@type":"PropertyValueSpecification","valueRequired":true,"valueName":"search_term_string"}}],"inLanguage":"ro-RO"},{"@type":"Organization","@id":"https:\/\/distribucionarc.com\/de\/#organization","name":"Distribu\u021bie ARC","url":"https:\/\/distribucionarc.com\/de\/","logo":{"@type":"ImageObject","inLanguage":"ro-RO","@id":"https:\/\/distribucionarc.com\/de\/#\/schema\/logo\/image\/","url":"https:\/\/distribucionarc.com\/wp-content\/uploads\/2024\/10\/distribucion-ARC-COLOR-SIN-FONDO-e1732295305345.png","contentUrl":"https:\/\/distribucionarc.com\/wp-content\/uploads\/2024\/10\/distribucion-ARC-COLOR-SIN-FONDO-e1732295305345.png","width":1164,"height":558,"caption":"Distribuci\u00f3n ARC"},"image":{"@id":"https:\/\/distribucionarc.com\/de\/#\/schema\/logo\/image\/"},"description":"Companie specializat\u0103 \u00een fabricarea \u0219i distribu\u021bia de utilaje industriale pentru sectoarele alimentar \u0219i farmaceutic. Suntem specializa\u021bi \u00een: Ma\u0219ini de t\u0103iat carne Fabricarea tabletelor Sisteme de transport industrial Linii de \u00eembuteliere Distribuitoare \u0218i multe altele... Oferim solu\u021bii inovatoare \u0219i personalizate pentru a optimiza procesele de produc\u021bie ale companiei dumneavoastr\u0103.","email":"Admistracion@distribucionarc.com","telephone":"+34 643496664","legalName":"ARC TECH SOLUTIONS","foundingDate":"2024-04-09","vatID":"B55480172","numberOfEmployees":{"@type":"QuantitativeValue","minValue":"1","maxValue":"10"}}]}},"_links":{"self":[{"href":"https:\/\/distribucionarc.com\/ro\/wp-json\/wp\/v2\/product\/6996","targetHints":{"allow":["GET"]}}],"collection":[{"href":"https:\/\/distribucionarc.com\/ro\/wp-json\/wp\/v2\/product"}],"about":[{"href":"https:\/\/distribucionarc.com\/ro\/wp-json\/wp\/v2\/types\/product"}],"replies":[{"embeddable":true,"href":"https:\/\/distribucionarc.com\/ro\/wp-json\/wp\/v2\/comments?post=6996"}],"version-history":[{"count":0,"href":"https:\/\/distribucionarc.com\/ro\/wp-json\/wp\/v2\/product\/6996\/revisions"}],"wp:featuredmedia":[{"embeddable":true,"href":"https:\/\/distribucionarc.com\/ro\/wp-json\/wp\/v2\/media\/6997"}],"wp:attachment":[{"href":"https:\/\/distribucionarc.com\/ro\/wp-json\/wp\/v2\/media?parent=6996"}],"wp:term":[{"taxonomy":"product_brand","embeddable":true,"href":"https:\/\/distribucionarc.com\/ro\/wp-json\/wp\/v2\/product_brand?post=6996"},{"taxonomy":"product_cat","embeddable":true,"href":"https:\/\/distribucionarc.com\/ro\/wp-json\/wp\/v2\/product_cat?post=6996"},{"taxonomy":"product_tag","embeddable":true,"href":"https:\/\/distribucionarc.com\/ro\/wp-json\/wp\/v2\/product_tag?post=6996"}],"curies":[{"name":"wp","href":"https:\/\/api.w.org\/{rel}","templated":true}]}}