{"id":707,"date":"2020-06-30T16:11:47","date_gmt":"2020-06-30T16:11:47","guid":{"rendered":"https:\/\/distribucionarc.com\/?post_type=product&#038;p=707"},"modified":"2024-09-04T20:09:38","modified_gmt":"2024-09-04T20:09:38","slug":"nou-model-de-inalta-performanta-sigilant-profesional-vid-26mm","status":"publish","type":"product","link":"https:\/\/distribucionarc.com\/ro\/producto\/envasadora-al-vacio-profesional-nuevo-modelo-de-alto-rendimiento-26mm\/","title":{"rendered":"Aparat de etan\u0219are \u00een vid profesional nou model de \u00eenalt\u0103 performan\u021b\u0103 26mm"},"content":{"rendered":"<div class=\"col-xs-12 nopaddinglr\">\n<div id=\"product-tabs\" class=\"tabs\">\n<div class=\"tab-content responsive white shadow roundcorners\">\n<div id=\"product-tab-content\" class=\"tab-pane fade in active\" role=\"tabpanel\">\n<p>The <strong>sigilant cu vid<\/strong> Este o ma\u0219in\u0103 <strong>ambalare sub vid<\/strong> Deluxe v\u0103 \u00eempacheteaz\u0103 automat m\u00e2ncarea. Pentru c\u0103 a\u0219a m\u00e2ncarea ta va dura \u0219i mai mult! Acest <strong>ma\u0219in\u0103 de ambalat \u00een vid<\/strong> c\u00e2nt\u0103re\u0219te 25 kg. Se a\u0219eaz\u0103 pe patru picioare de cauciuc, astfel \u00eenc\u00e2t este asigurat \u00eempotriva alunec\u0103rii. Comoditatea ma\u0219inii <strong>ambalare sub vid<\/strong>\u00a0 Este foarte usor de curatat. Mai jos g\u0103si\u021bi toate caracteristicile aspiratorului<\/p>\n<ul>\n<li>ma\u0219in\u0103 de ambalat \u00een vid de lux<\/li>\n<li>ciclu de ambalare complet automat<\/li>\n<li>model mic de mas\u0103 cu un finisaj frumos<\/li>\n<li>carcasa si camera din otel inoxidabil<\/li>\n<li>Panou de control digital<\/li>\n<li>acoperire puternic\u0103 cu curb\u0103<\/li>\n<li>Dimensiuni bar\u0103 etan\u0219at\u0103: <span style=\"color: #ff0000;\">260 x 10 mm<\/span><\/li>\n<li>Dimensiuni camera: 330x275x100mm<\/li>\n<li>Capacitate pompa de vid: 20 mc<\/li>\n<li>\u00centrerup\u0103tor de siguran\u021b\u0103 pe capac<\/li>\n<li>Standard cu pachet de servicii<\/li>\n<li>Patru baze de cauciuc pentru picioare<\/li>\n<li>Usor de curatat<\/li>\n<li>Complet programabil: timp de vid reglabil, timp de etan\u0219are reglabil<\/li>\n<li>Greutate neta: 25 kg<\/li>\n<li>Dimensiuni: 560430x50mm<\/li>\n<li>230V\/50Hz\/1fazat 120 Watt<\/li>\n<li>zgomot &lt;60 dB<\/li>\n<li><span style=\"color: #008000;\">cel mai eficient motor consum redus 120w<\/span><\/li>\n<li><strong>garan\u021bie <span style=\"color: #000080;\">LA<\/span><span style=\"color: #ff0000;\">R<\/span>C 2 ANI\u00a0<\/strong><\/li>\n<li>suport tehnic inclus<\/li>\n<\/ul>\n<\/div>\n<\/div>\n<\/div>\n<\/div>\n<div class=\"col-xs-12 nopadding\">\n<div class=\"related\"><\/div>\n<\/div>\n<p><iframe loading=\"lazy\" src=\"https:\/\/www.youtube.com\/embed\/61IKicnNuoY\" width=\"560\" height=\"315\" frameborder=\"0\" allowfullscreen=\"allowfullscreen\"><\/iframe><\/p>","protected":false},"excerpt":{"rendered":"<h2><strong>Aparat de etan\u0219are \u00een vid cu camer\u0103 profesional\u0103 \u0219i industrial\u0103 cu pomp\u0103 de 20 m\u00b3<\/strong><\/h2>\n<p>Noastre <strong>sigilant cu vid cu camera<\/strong> este o ma\u0219in\u0103 <strong>profesional<\/strong> High-end, ideal pentru etan\u0219area rapid\u0103 \u0219i eficient\u0103 a produselor. Conceput pentru <strong>uz industrial<\/strong>, aceast\u0103 ma\u0219in\u0103 permite ambalarea pungilor de p\u00e2n\u0103 la <strong>33 centimetri (cm) x 27 centimetri (cm)<\/strong> lung, cu o \u00een\u0103l\u021bime maxim\u0103 a produsului de <strong>10 centimetri (cm)<\/strong>. Este puternic <strong>Pomp\u0103 de 20 de metri cubi (m\u00b3).<\/strong> Garanteaza o etansare si precisa, ideala pentru conservarea produselor alimentare mai mult timp.<\/p>\n<p>Acest <strong>ma\u0219in\u0103 industrial\u0103 de ambalat \u00een vid<\/strong> Este perfect pentru o mare varietate de produse, cum ar fi:<\/p>\n<ul>\n<li><strong>C\u00e2rna\u021bi<\/strong>: Chorizo, salchich\u00f3n \u0219i \u0219unc\u0103.<\/li>\n<li><strong>Produse preparate<\/strong>: Lasagne, tocane si salate.<\/li>\n<li><strong>carne proaspata<\/strong>: Pui, porc \u0219i vit\u0103.<\/li>\n<li><strong>Br\u00e2nzeturi<\/strong>: Manchego, capr\u0103 \u0219i altele.<\/li>\n<\/ul>\n<p>Datorit\u0103 pompei sale de vid robuste <strong>20 m\u00b3<\/strong>, aceast\u0103 ma\u0219in\u0103 <strong>profesional<\/strong> asigur\u0103 o etan\u0219are superioar\u0103 \u0219i eficient\u0103, f\u0103c\u00e2ndu-l o op\u021biune ideal\u0103 pentru m\u0103cel\u0103rii, magazine de produse preparate \u0219i fabrici de mezeluri care doresc s\u0103 \u00ee\u0219i optimizeze procesul de ambalare. Combina\u021bia dintre capacitatea sa de a sigila pungi mari \u0219i designul s\u0103u <strong>industrial<\/strong> \u00eel face perfect pentru men\u021binerea prospe\u021bimii \u0219i calit\u0103\u021bii alimentelor.<\/p>\n<p>Dac\u0103 sunte\u021bi \u00een c\u0103utarea unui <strong>ma\u0219in\u0103 de ambalat \u00een vid<\/strong> care se combin\u0103 <strong>performan\u021b\u0103 profesional\u0103<\/strong> \u0219i tehnologie de ultim\u0103 or\u0103, aceasta este solu\u021bia perfect\u0103.<\/p>","protected":false},"featured_media":710,"comment_status":"open","ping_status":"closed","template":"","meta":{"wds_primary_product_brand":0,"wds_primary_product_cat":0},"product_brand":[],"product_cat":[49],"product_tag":[],"class_list":{"0":"post-707","1":"product","2":"type-product","3":"status-publish","4":"has-post-thumbnail","6":"product_cat-envasadoras-al-vacio","7":"product_shipping_class-hosteleria","9":"first","10":"instock","11":"taxable","12":"shipping-taxable","13":"purchasable","14":"product-type-simple"},"yoast_head":"<!-- This site is optimized with the Yoast SEO Premium plugin v24.9 (Yoast SEO v26.1) - https:\/\/yoast.com\/wordpress\/plugins\/seo\/ -->\n<title>Envasadora al vacio profesional nuevo modelo de alto rendimiento 26mm - distribuci\u00f3n ARC<\/title>\n<meta name=\"description\" content=\"Envasadora al vac\u00edo de campana profesional e industrial con bomba de 20 m\u00b3. Ideal para sellar bolsas de hasta 33 cm x 27 cm para embutidos, carnes y productos preparados. Perfecta para uso en restaurantes y f\u00e1bricas.\" \/>\n<meta name=\"robots\" content=\"index, follow, max-snippet:-1, max-image-preview:large, max-video-preview:-1\" \/>\n<link rel=\"canonical\" href=\"https:\/\/distribucionarc.com\/ro\/produs\/nou-model-de-inalta-performanta-sigilant-profesional-vid-26mm\/\" \/>\n<meta property=\"og:locale\" content=\"ro_RO\" \/>\n<meta property=\"og:type\" content=\"article\" \/>\n<meta property=\"og:title\" content=\"Envasadora al vacio profesional nuevo modelo de alto rendimiento 26mm\" \/>\n<meta property=\"og:description\" content=\"Envasadora al vac\u00edo de campana profesional e industrial con bomba de 20 m\u00b3. Ideal para sellar bolsas de hasta 33 cm x 27 cm para embutidos, carnes y productos preparados. Perfecta para uso en restaurantes y f\u00e1bricas.\" \/>\n<meta property=\"og:url\" content=\"https:\/\/distribucionarc.com\/ro\/produs\/nou-model-de-inalta-performanta-sigilant-profesional-vid-26mm\/\" \/>\n<meta property=\"og:site_name\" content=\"distribuci\u00f3n ARC\" \/>\n<meta property=\"article:modified_time\" content=\"2024-09-04T20:09:38+00:00\" \/>\n<meta property=\"og:image\" content=\"https:\/\/distribucionarc.com\/wp-content\/uploads\/2020\/06\/Envasadora-al-vacio-profesional-0.jpg\" \/>\n\t<meta property=\"og:image:width\" content=\"1600\" \/>\n\t<meta property=\"og:image:height\" content=\"1600\" \/>\n\t<meta property=\"og:image:type\" content=\"image\/jpeg\" \/>\n<meta name=\"twitter:card\" content=\"summary_large_image\" \/>\n<meta name=\"twitter:label1\" content=\"Timp estimat pentru citire\" \/>\n\t<meta name=\"twitter:data1\" content=\"2 minute\" \/>\n<script type=\"application\/ld+json\" class=\"yoast-schema-graph\">{\"@context\":\"https:\/\/schema.org\",\"@graph\":[{\"@type\":\"WebPage\",\"@id\":\"https:\/\/distribucionarc.com\/fr\/producto\/envasadora-al-vacio-profesional-nuevo-modelo-de-alto-rendimiento-26mm\/\",\"url\":\"https:\/\/distribucionarc.com\/fr\/producto\/envasadora-al-vacio-profesional-nuevo-modelo-de-alto-rendimiento-26mm\/\",\"name\":\"Envasadora al vacio profesional nuevo modelo de alto rendimiento 26mm - distribuci\u00f3n ARC\",\"isPartOf\":{\"@id\":\"https:\/\/distribucionarc.com\/de\/#website\"},\"primaryImageOfPage\":{\"@id\":\"https:\/\/distribucionarc.com\/fr\/producto\/envasadora-al-vacio-profesional-nuevo-modelo-de-alto-rendimiento-26mm\/#primaryimage\"},\"image\":{\"@id\":\"https:\/\/distribucionarc.com\/fr\/producto\/envasadora-al-vacio-profesional-nuevo-modelo-de-alto-rendimiento-26mm\/#primaryimage\"},\"thumbnailUrl\":\"https:\/\/distribucionarc.com\/wp-content\/uploads\/2020\/06\/Envasadora-al-vacio-profesional-0.jpg\",\"datePublished\":\"2020-06-30T16:11:47+00:00\",\"dateModified\":\"2024-09-04T20:09:38+00:00\",\"description\":\"Envasadora al vac\u00edo de campana profesional e industrial con bomba de 20 m\u00b3. Ideal para sellar bolsas de hasta 33 cm x 27 cm para embutidos, carnes y productos preparados. Perfecta para uso en restaurantes y f\u00e1bricas.\",\"breadcrumb\":{\"@id\":\"https:\/\/distribucionarc.com\/fr\/producto\/envasadora-al-vacio-profesional-nuevo-modelo-de-alto-rendimiento-26mm\/#breadcrumb\"},\"inLanguage\":\"ro-RO\",\"potentialAction\":[{\"@type\":\"ReadAction\",\"target\":[\"https:\/\/distribucionarc.com\/fr\/producto\/envasadora-al-vacio-profesional-nuevo-modelo-de-alto-rendimiento-26mm\/\"]}]},{\"@type\":\"ImageObject\",\"inLanguage\":\"ro-RO\",\"@id\":\"https:\/\/distribucionarc.com\/fr\/producto\/envasadora-al-vacio-profesional-nuevo-modelo-de-alto-rendimiento-26mm\/#primaryimage\",\"url\":\"https:\/\/distribucionarc.com\/wp-content\/uploads\/2020\/06\/Envasadora-al-vacio-profesional-0.jpg\",\"contentUrl\":\"https:\/\/distribucionarc.com\/wp-content\/uploads\/2020\/06\/Envasadora-al-vacio-profesional-0.jpg\",\"width\":1600,\"height\":1600},{\"@type\":\"BreadcrumbList\",\"@id\":\"https:\/\/distribucionarc.com\/fr\/producto\/envasadora-al-vacio-profesional-nuevo-modelo-de-alto-rendimiento-26mm\/#breadcrumb\",\"itemListElement\":[{\"@type\":\"ListItem\",\"position\":1,\"name\":\"Portada\",\"item\":\"https:\/\/distribucionarc.com\/pl\/\"},{\"@type\":\"ListItem\",\"position\":2,\"name\":\"Produkty\",\"item\":\"https:\/\/distribucionarc.com\/pl\/shop\/\"},{\"@type\":\"ListItem\",\"position\":3,\"name\":\"Envasadora al vacio profesional nuevo modelo de alto rendimiento 26mm\"}]},{\"@type\":\"WebSite\",\"@id\":\"https:\/\/distribucionarc.com\/de\/#website\",\"url\":\"https:\/\/distribucionarc.com\/de\/\",\"name\":\"distribuci\u00f3n ARC\",\"description\":\"Empresa especializada en la fabricaci\u00f3n y distribuci\u00f3n de maquinaria industrial, selladoras de latas, Maquinas de hacer pastillas, Maquinas de cortar carne...\",\"publisher\":{\"@id\":\"https:\/\/distribucionarc.com\/de\/#organization\"},\"potentialAction\":[{\"@type\":\"SearchAction\",\"target\":{\"@type\":\"EntryPoint\",\"urlTemplate\":\"https:\/\/distribucionarc.com\/de\/?s={search_term_string}\"},\"query-input\":{\"@type\":\"PropertyValueSpecification\",\"valueRequired\":true,\"valueName\":\"search_term_string\"}}],\"inLanguage\":\"ro-RO\"},{\"@type\":\"Organization\",\"@id\":\"https:\/\/distribucionarc.com\/de\/#organization\",\"name\":\"Distribuci\u00f3n ARC\",\"url\":\"https:\/\/distribucionarc.com\/de\/\",\"logo\":{\"@type\":\"ImageObject\",\"inLanguage\":\"ro-RO\",\"@id\":\"https:\/\/distribucionarc.com\/de\/#\/schema\/logo\/image\/\",\"url\":\"https:\/\/distribucionarc.com\/wp-content\/uploads\/2024\/10\/distribucion-ARC-COLOR-SIN-FONDO-e1732295305345.png\",\"contentUrl\":\"https:\/\/distribucionarc.com\/wp-content\/uploads\/2024\/10\/distribucion-ARC-COLOR-SIN-FONDO-e1732295305345.png\",\"width\":1164,\"height\":558,\"caption\":\"Distribuci\u00f3n ARC\"},\"image\":{\"@id\":\"https:\/\/distribucionarc.com\/de\/#\/schema\/logo\/image\/\"},\"description\":\"Empresa especializada en la fabricaci\u00f3n y distribuci\u00f3n de maquinaria industrial para los sectores alimentario y farmac\u00e9utico. Nos especializamos en: M\u00e1quinas de cortar carne Fabricaci\u00f3n de comprimidos Sistemas de transporte industrial L\u00edneas de embotellado Dosificadores Y mucho m\u00e1s... Ofrecemos soluciones innovadoras y personalizadas para optimizar los procesos productivos de tu empresa.\",\"email\":\"Admistracion@distribucionarc.com\",\"telephone\":\"+34 643496664\",\"legalName\":\"ARC TECH SOLUTIONS\",\"foundingDate\":\"2024-04-09\",\"vatID\":\"B55480172\",\"numberOfEmployees\":{\"@type\":\"QuantitativeValue\",\"minValue\":\"1\",\"maxValue\":\"10\"}}]}<\/script>\n<!-- \/ Yoast SEO Premium plugin. -->","yoast_head_json":{"title":"Aparat de sigilare in vid profesional nou model de inalta performanta 26mm - distributie ARC","description":"Aparat de etan\u0219are \u00een vid cu camer\u0103 profesional\u0103 \u0219i industrial\u0103 cu pomp\u0103 de 20 m\u00b3. Ideal pentru sigilarea pungilor de pana la 33 cm x 27 cm pentru carnati, carne si produse preparate. Perfect pentru utilizare \u00een restaurante \u0219i fabrici.","robots":{"index":"index","follow":"follow","max-snippet":"max-snippet:-1","max-image-preview":"max-image-preview:large","max-video-preview":"max-video-preview:-1"},"canonical":"https:\/\/distribucionarc.com\/ro\/produs\/nou-model-de-inalta-performanta-sigilant-profesional-vid-26mm\/","og_locale":"ro_RO","og_type":"article","og_title":"Envasadora al vacio profesional nuevo modelo de alto rendimiento 26mm","og_description":"Envasadora al vac\u00edo de campana profesional e industrial con bomba de 20 m\u00b3. Ideal para sellar bolsas de hasta 33 cm x 27 cm para embutidos, carnes y productos preparados. Perfecta para uso en restaurantes y f\u00e1bricas.","og_url":"https:\/\/distribucionarc.com\/ro\/produs\/nou-model-de-inalta-performanta-sigilant-profesional-vid-26mm\/","og_site_name":"distribuci\u00f3n ARC","article_modified_time":"2024-09-04T20:09:38+00:00","og_image":[{"width":1600,"height":1600,"url":"https:\/\/distribucionarc.com\/wp-content\/uploads\/2020\/06\/Envasadora-al-vacio-profesional-0.jpg","type":"image\/jpeg"}],"twitter_card":"summary_large_image","twitter_misc":{"Timp estimat pentru citire":"2 minute"},"schema":{"@context":"https:\/\/schema.org","@graph":[{"@type":"WebPage","@id":"https:\/\/distribucionarc.com\/fr\/producto\/envasadora-al-vacio-profesional-nuevo-modelo-de-alto-rendimiento-26mm\/","url":"https:\/\/distribucionarc.com\/fr\/producto\/envasadora-al-vacio-profesional-nuevo-modelo-de-alto-rendimiento-26mm\/","name":"Aparat de sigilare in vid profesional nou model de inalta performanta 26mm - distributie ARC","isPartOf":{"@id":"https:\/\/distribucionarc.com\/de\/#website"},"primaryImageOfPage":{"@id":"https:\/\/distribucionarc.com\/fr\/producto\/envasadora-al-vacio-profesional-nuevo-modelo-de-alto-rendimiento-26mm\/#primaryimage"},"image":{"@id":"https:\/\/distribucionarc.com\/fr\/producto\/envasadora-al-vacio-profesional-nuevo-modelo-de-alto-rendimiento-26mm\/#primaryimage"},"thumbnailUrl":"https:\/\/distribucionarc.com\/wp-content\/uploads\/2020\/06\/Envasadora-al-vacio-profesional-0.jpg","datePublished":"2020-06-30T16:11:47+00:00","dateModified":"2024-09-04T20:09:38+00:00","description":"Aparat de etan\u0219are \u00een vid cu camer\u0103 profesional\u0103 \u0219i industrial\u0103 cu pomp\u0103 de 20 m\u00b3. Ideal pentru sigilarea pungilor de pana la 33 cm x 27 cm pentru carnati, carne si produse preparate. Perfect pentru utilizare \u00een restaurante \u0219i fabrici.","breadcrumb":{"@id":"https:\/\/distribucionarc.com\/fr\/producto\/envasadora-al-vacio-profesional-nuevo-modelo-de-alto-rendimiento-26mm\/#breadcrumb"},"inLanguage":"ro-RO","potentialAction":[{"@type":"ReadAction","target":["https:\/\/distribucionarc.com\/fr\/producto\/envasadora-al-vacio-profesional-nuevo-modelo-de-alto-rendimiento-26mm\/"]}]},{"@type":"ImageObject","inLanguage":"ro-RO","@id":"https:\/\/distribucionarc.com\/fr\/producto\/envasadora-al-vacio-profesional-nuevo-modelo-de-alto-rendimiento-26mm\/#primaryimage","url":"https:\/\/distribucionarc.com\/wp-content\/uploads\/2020\/06\/Envasadora-al-vacio-profesional-0.jpg","contentUrl":"https:\/\/distribucionarc.com\/wp-content\/uploads\/2020\/06\/Envasadora-al-vacio-profesional-0.jpg","width":1600,"height":1600},{"@type":"BreadcrumbList","@id":"https:\/\/distribucionarc.com\/fr\/producto\/envasadora-al-vacio-profesional-nuevo-modelo-de-alto-rendimiento-26mm\/#breadcrumb","itemListElement":[{"@type":"ListItem","position":1,"name":"Portada","item":"https:\/\/distribucionarc.com\/pl\/"},{"@type":"ListItem","position":2,"name":"Produkty","item":"https:\/\/distribucionarc.com\/pl\/shop\/"},{"@type":"ListItem","position":3,"name":"Envasadora al vacio profesional nuevo modelo de alto rendimiento 26mm"}]},{"@type":"WebSite","@id":"https:\/\/distribucionarc.com\/de\/#website","url":"https:\/\/distribucionarc.com\/de\/","name":"Distribu\u021bie ARC","description":"Companie specializat\u0103 \u00een fabricarea \u0219i distribu\u021bia de utilaje industriale, ma\u0219ini de sigilat cutii, ma\u0219ini de fabricat tablete, ma\u0219ini de t\u0103iat carne...","publisher":{"@id":"https:\/\/distribucionarc.com\/de\/#organization"},"potentialAction":[{"@type":"SearchAction","target":{"@type":"EntryPoint","urlTemplate":"https:\/\/distribucionarc.com\/de\/?s={search_term_string}"},"query-input":{"@type":"PropertyValueSpecification","valueRequired":true,"valueName":"search_term_string"}}],"inLanguage":"ro-RO"},{"@type":"Organization","@id":"https:\/\/distribucionarc.com\/de\/#organization","name":"Distribu\u021bie ARC","url":"https:\/\/distribucionarc.com\/de\/","logo":{"@type":"ImageObject","inLanguage":"ro-RO","@id":"https:\/\/distribucionarc.com\/de\/#\/schema\/logo\/image\/","url":"https:\/\/distribucionarc.com\/wp-content\/uploads\/2024\/10\/distribucion-ARC-COLOR-SIN-FONDO-e1732295305345.png","contentUrl":"https:\/\/distribucionarc.com\/wp-content\/uploads\/2024\/10\/distribucion-ARC-COLOR-SIN-FONDO-e1732295305345.png","width":1164,"height":558,"caption":"Distribuci\u00f3n ARC"},"image":{"@id":"https:\/\/distribucionarc.com\/de\/#\/schema\/logo\/image\/"},"description":"Companie specializat\u0103 \u00een fabricarea \u0219i distribu\u021bia de utilaje industriale pentru sectoarele alimentar \u0219i farmaceutic. Suntem specializa\u021bi \u00een: Ma\u0219ini de t\u0103iat carne Fabricarea tabletelor Sisteme de transport industrial Linii de \u00eembuteliere Distribuitoare \u0218i multe altele... Oferim solu\u021bii inovatoare \u0219i personalizate pentru a optimiza procesele de produc\u021bie ale companiei dumneavoastr\u0103.","email":"Admistracion@distribucionarc.com","telephone":"+34 643496664","legalName":"ARC TECH SOLUTIONS","foundingDate":"2024-04-09","vatID":"B55480172","numberOfEmployees":{"@type":"QuantitativeValue","minValue":"1","maxValue":"10"}}]}},"_links":{"self":[{"href":"https:\/\/distribucionarc.com\/ro\/wp-json\/wp\/v2\/product\/707","targetHints":{"allow":["GET"]}}],"collection":[{"href":"https:\/\/distribucionarc.com\/ro\/wp-json\/wp\/v2\/product"}],"about":[{"href":"https:\/\/distribucionarc.com\/ro\/wp-json\/wp\/v2\/types\/product"}],"replies":[{"embeddable":true,"href":"https:\/\/distribucionarc.com\/ro\/wp-json\/wp\/v2\/comments?post=707"}],"version-history":[{"count":0,"href":"https:\/\/distribucionarc.com\/ro\/wp-json\/wp\/v2\/product\/707\/revisions"}],"wp:featuredmedia":[{"embeddable":true,"href":"https:\/\/distribucionarc.com\/ro\/wp-json\/wp\/v2\/media\/710"}],"wp:attachment":[{"href":"https:\/\/distribucionarc.com\/ro\/wp-json\/wp\/v2\/media?parent=707"}],"wp:term":[{"taxonomy":"product_brand","embeddable":true,"href":"https:\/\/distribucionarc.com\/ro\/wp-json\/wp\/v2\/product_brand?post=707"},{"taxonomy":"product_cat","embeddable":true,"href":"https:\/\/distribucionarc.com\/ro\/wp-json\/wp\/v2\/product_cat?post=707"},{"taxonomy":"product_tag","embeddable":true,"href":"https:\/\/distribucionarc.com\/ro\/wp-json\/wp\/v2\/product_tag?post=707"}],"curies":[{"name":"wp","href":"https:\/\/api.w.org\/{rel}","templated":true}]}}