{"id":776,"date":"2020-07-09T06:09:14","date_gmt":"2020-07-09T06:09:14","guid":{"rendered":"https:\/\/distribucionarc.com\/?post_type=product&#038;p=776"},"modified":"2024-09-04T20:44:41","modified_gmt":"2024-09-04T20:44:41","slug":"ambalare-ambalare-umplere-punga-masina-de-dozare-pentru-pulbere-linte-si-legume","status":"publish","type":"product","link":"https:\/\/distribucionarc.com\/ro\/producto\/empacadora-empaquetadora-llenadora-de-bolsas-dosificadora-para-polvo-lentejas-y-legumbres\/","title":{"rendered":"Ma\u0219in\u0103 de ambalat, ma\u0219in\u0103 de ambalat, umplere de pungi, ma\u0219in\u0103 de dozare pentru pulbere, linte \u0219i leguminoase"},"content":{"rendered":"<h3 class=\"LC20lb DKV0Md\">Ma\u0219in\u0103 de ambalat, ma\u0219in\u0103 de ambalat, ma\u0219in\u0103 de ambalat, umplere de pungi, ma\u0219in\u0103 de dozare pentru pulbere, linte \u0219i leguminoase<\/h3>\n<p>&nbsp;<\/p>\n<p>Ma\u0219in\u0103 de ambalat 10g\u27965000g<\/p>\n<p>Cu ma\u0219ina noastr\u0103 de ambalat pute\u021bi avea o solu\u021bie eficient\u0103 \u0219i de calitate de p\u00e2n\u0103 la 5.000 de pungi pe zi. Aceast\u0103 ma\u0219in\u0103 este perfect\u0103 produs.<\/p>\n<p>Sistemul de ambalare este simplu, este un sistem de vibrare, pune produsul deasupra Poti programa masina cu 3 nivele: soft\/mediu\/rapid Unele produse functioneaza mai bine cu un nivel sau altul care se potrive\u0219te cel mai bine cu produsul dvs. bunc\u0103rul care are \u00een\u0103untru un vibrator astfel \u00eenc\u00e2t produsul s\u0103 cad\u0103 \u00een cel\u0103lalt bunc\u0103r, care va c\u00e2nt\u0103ri produsul p\u00e2n\u0103 ajunge la marcajul de umplere stabilit de operator, se va opri \u0219i deschide poarta pentru a-l doza \u00een pung\u0103<\/p>\n<p>Finisaje din o\u021bel inoxidabil 304<\/p>\n<p>Ma\u0219ina noastr\u0103 de ambalare este proiectat\u0103 pe module, dac\u0103 are vreo defec\u021biune, va trebui doar s\u0103 \u00eenlocui\u021bi modulul, avem o garan\u021bie de 2 ani, ma\u0219inile noastre trec un control strict de calitate<\/p>\n<p>Specificatii:<br \/>\nTip: ma\u0219in\u0103 de umplere cu pulbere MG-5000g cu panou inteligent<br \/>\nTensiune de operare: numai 220V<br \/>\nPutere: 250W<br \/>\nVitez\u0103: 10 p\u00e2n\u0103 la 15 saci\/minut<br \/>\nInterval: 10 \u2796 5000 g (poate fi reglat liber)<br \/>\nDimensiune: (30 \u2716\ufe0f 50 \u2716\ufe0f 125cm) 11.8&quot; \u2716\ufe0f 19.68&quot; \u2716\ufe0f 48&quot;<br \/>\nPrecizie: +2-2g (\u00een func\u021bie de materialul pe care \u00eel umple\u021bi)<\/p>\n<p>Material ma\u0219in\u0103: o\u021bel inoxidabil<br \/>\nGreutate neta: 26 kg<br \/>\nGreutate pachet: 38 kg (cutie standard din lemn)<br \/>\nGaran\u021bie de calitate: 2 ani<\/p>\n<p>Certificat CE<\/p>\n<p>Aici v\u0103 l\u0103s\u0103m videoclipul ma\u0219inii \u00een func\u021biune<\/p>\n<p><iframe loading=\"lazy\" src=\"https:\/\/www.youtube.com\/embed\/G3fXjF5u1L4\" width=\"560\" height=\"315\" frameborder=\"0\" allowfullscreen=\"allowfullscreen\"><\/iframe><\/p>","protected":false},"excerpt":{"rendered":"<h2><strong>Ma\u0219in\u0103 de umplere, ambalare, ambalare \u0219i distribuire a pungilor<\/strong><\/h2>\n<p>Noastre <strong>ma\u0219in\u0103 de umplere<\/strong> Este o solu\u021bie versatil\u0103 \u0219i eficient\u0103, ideal\u0103 pentru companiile care au nevoie s\u0103 ambaleze diverse produse \u00een pungi. Cunoscut \u0219i ca <strong>presa de balotat<\/strong>, <strong>ambalare<\/strong>, fie <strong>dozator<\/strong>, aceast\u0103 ma\u0219in\u0103 se potrive\u0219te unei game largi de produse, cum ar fi:<\/p>\n<ul>\n<li><strong>Leguminoase<\/strong>: Naut, linte, fasole.<\/li>\n<li><strong>produse sub form\u0103 de pulbere<\/strong>: F\u0103in\u0103, zah\u0103r sau praf de cafea.<\/li>\n<li><strong>condimente<\/strong>: Piper, oregano, chimen.<\/li>\n<li><strong>boabe de cafea<\/strong>: Boabe de cafea pentru pr\u0103jire sau consum.<\/li>\n<\/ul>\n<p>Cu o capacitate de umplere care poate fi reglat\u0103 \u00eentre <strong>10 grame (g)<\/strong> \u015fi <strong>5000 grame (g)<\/strong>, asta <strong>umplutor de sac<\/strong> v\u0103 permite s\u0103 personaliza\u021bi cu precizie greutatea produselor, \u00een func\u021bie de nevoile clientului. \u00centregul proces este gestionat printr-un panou de control u\u0219or de utilizat, asigur\u00e2nd o func\u021bionare lin\u0103 \u0219i eficient\u0103.<\/p>\n<p>Mai mult, aceasta <strong>ma\u0219in\u0103 de ambalat<\/strong> Are o capacitate de produc\u021bie de p\u00e2n\u0103 la <strong>800 de saci pe or\u0103<\/strong>, ceea ce o face o alegere excelent\u0103 pentru companiile care doresc s\u0103 creasc\u0103 productivitatea f\u0103r\u0103 a sacrifica acurate\u021bea ambalajului.<\/p>\n<p>Ideal pentru companiile care manipuleaz\u0103 produse alimentare, noastre <strong>aparat de dozare<\/strong> Asigur\u0103 umplerea precis\u0103 \u0219i eficient\u0103 pentru a men\u021bine calitatea produsului.<\/p>","protected":false},"featured_media":445,"comment_status":"open","ping_status":"closed","template":"","meta":{"wds_primary_product_brand":0,"wds_primary_product_cat":0},"product_brand":[],"product_cat":[22,21],"product_tag":[],"class_list":{"0":"post-776","1":"product","2":"type-product","3":"status-publish","4":"has-post-thumbnail","6":"product_cat-llenadora-de-bolsas-granos-y-polvo","7":"product_cat-maquinas-llenadoras","9":"first","10":"instock","11":"taxable","12":"shipping-taxable","13":"purchasable","14":"product-type-simple"},"yoast_head":"<!-- This site is optimized with the Yoast SEO Premium plugin v24.9 (Yoast SEO v26.1) - https:\/\/yoast.com\/wordpress\/plugins\/seo\/ -->\n<title>Empacadora, Empaquetadora, Llenadora de Bolsas, Dosificadora para polvo, Lentejas y Legumbres - distribuci\u00f3n ARC<\/title>\n<meta name=\"description\" content=\"M\u00e1quina de llenado, empacadora y dosificadora de bolsas, ajustable entre 10 g y 5000 g, ideal para legumbres, caf\u00e9 y especias. Capaz de producir hasta 800 bolsas por hora.\" \/>\n<meta name=\"robots\" content=\"index, follow, max-snippet:-1, max-image-preview:large, max-video-preview:-1\" \/>\n<link rel=\"canonical\" href=\"https:\/\/www.distribucionarc.com\/en\/producto\/empacadora-empaquetadora-llenadora-de-bolsas-dosificadora-para-polvo-lentejas-y-legumbres\/\" \/>\n<meta property=\"og:locale\" content=\"ro_RO\" \/>\n<meta property=\"og:type\" content=\"article\" \/>\n<meta property=\"og:title\" content=\"Empacadora, Empaquetadora, Llenadora de Bolsas, Dosificadora para polvo, Lentejas y Legumbres\" \/>\n<meta property=\"og:description\" content=\"M\u00e1quina de llenado, empacadora y dosificadora de bolsas, ajustable entre 10 g y 5000 g, ideal para legumbres, caf\u00e9 y especias. Capaz de producir hasta 800 bolsas por hora.\" \/>\n<meta property=\"og:url\" content=\"https:\/\/www.distribucionarc.com\/en\/producto\/empacadora-empaquetadora-llenadora-de-bolsas-dosificadora-para-polvo-lentejas-y-legumbres\/\" \/>\n<meta property=\"og:site_name\" content=\"distribuci\u00f3n ARC\" \/>\n<meta property=\"article:modified_time\" content=\"2024-09-04T20:44:41+00:00\" \/>\n<meta property=\"og:image\" content=\"https:\/\/www.distribucionarc.com\/wp-content\/uploads\/2020\/04\/llenadora_dosificadora_polvos_granos_automatica_0.jpg\" \/>\n\t<meta property=\"og:image:width\" content=\"800\" \/>\n\t<meta property=\"og:image:height\" content=\"800\" \/>\n\t<meta property=\"og:image:type\" content=\"image\/jpeg\" \/>\n<meta name=\"twitter:card\" content=\"summary_large_image\" \/>\n<meta name=\"twitter:label1\" content=\"Timp estimat pentru citire\" \/>\n\t<meta name=\"twitter:data1\" content=\"2 minute\" \/>\n<script type=\"application\/ld+json\" class=\"yoast-schema-graph\">{\"@context\":\"https:\/\/schema.org\",\"@graph\":[{\"@type\":\"WebPage\",\"@id\":\"https:\/\/www.distribucionarc.com\/en\/producto\/empacadora-empaquetadora-llenadora-de-bolsas-dosificadora-para-polvo-lentejas-y-legumbres\/\",\"url\":\"https:\/\/www.distribucionarc.com\/en\/producto\/empacadora-empaquetadora-llenadora-de-bolsas-dosificadora-para-polvo-lentejas-y-legumbres\/\",\"name\":\"Empacadora, Empaquetadora, Llenadora de Bolsas, Dosificadora para polvo, Lentejas y Legumbres - distribuci\u00f3n ARC\",\"isPartOf\":{\"@id\":\"https:\/\/www.distribucionarc.com\/sl\/#website\"},\"primaryImageOfPage\":{\"@id\":\"https:\/\/www.distribucionarc.com\/en\/producto\/empacadora-empaquetadora-llenadora-de-bolsas-dosificadora-para-polvo-lentejas-y-legumbres\/#primaryimage\"},\"image\":{\"@id\":\"https:\/\/www.distribucionarc.com\/en\/producto\/empacadora-empaquetadora-llenadora-de-bolsas-dosificadora-para-polvo-lentejas-y-legumbres\/#primaryimage\"},\"thumbnailUrl\":\"https:\/\/distribucionarc.com\/wp-content\/uploads\/2020\/04\/llenadora_dosificadora_polvos_granos_automatica_0.jpg\",\"datePublished\":\"2020-07-09T06:09:14+00:00\",\"dateModified\":\"2024-09-04T20:44:41+00:00\",\"description\":\"M\u00e1quina de llenado, empacadora y dosificadora de bolsas, ajustable entre 10 g y 5000 g, ideal para legumbres, caf\u00e9 y especias. Capaz de producir hasta 800 bolsas por hora.\",\"breadcrumb\":{\"@id\":\"https:\/\/www.distribucionarc.com\/en\/producto\/empacadora-empaquetadora-llenadora-de-bolsas-dosificadora-para-polvo-lentejas-y-legumbres\/#breadcrumb\"},\"inLanguage\":\"ro-RO\",\"potentialAction\":[{\"@type\":\"ReadAction\",\"target\":[\"https:\/\/www.distribucionarc.com\/en\/producto\/empacadora-empaquetadora-llenadora-de-bolsas-dosificadora-para-polvo-lentejas-y-legumbres\/\"]}]},{\"@type\":\"ImageObject\",\"inLanguage\":\"ro-RO\",\"@id\":\"https:\/\/www.distribucionarc.com\/en\/producto\/empacadora-empaquetadora-llenadora-de-bolsas-dosificadora-para-polvo-lentejas-y-legumbres\/#primaryimage\",\"url\":\"https:\/\/distribucionarc.com\/wp-content\/uploads\/2020\/04\/llenadora_dosificadora_polvos_granos_automatica_0.jpg\",\"contentUrl\":\"https:\/\/distribucionarc.com\/wp-content\/uploads\/2020\/04\/llenadora_dosificadora_polvos_granos_automatica_0.jpg\",\"width\":800,\"height\":800},{\"@type\":\"BreadcrumbList\",\"@id\":\"https:\/\/www.distribucionarc.com\/en\/producto\/empacadora-empaquetadora-llenadora-de-bolsas-dosificadora-para-polvo-lentejas-y-legumbres\/#breadcrumb\",\"itemListElement\":[{\"@type\":\"ListItem\",\"position\":1,\"name\":\"Portada\",\"item\":\"https:\/\/www.distribucionarc.com\/\"},{\"@type\":\"ListItem\",\"position\":2,\"name\":\"\u00dcr\u00fcnler\",\"item\":\"https:\/\/www.distribucionarc.com\/tr\/magaza\/\"},{\"@type\":\"ListItem\",\"position\":3,\"name\":\"Empacadora, Empaquetadora, Llenadora de Bolsas, Dosificadora para polvo, Lentejas y Legumbres\"}]},{\"@type\":\"WebSite\",\"@id\":\"https:\/\/www.distribucionarc.com\/sl\/#website\",\"url\":\"https:\/\/www.distribucionarc.com\/sl\/\",\"name\":\"distribuci\u00f3n ARC\",\"description\":\"Empresa especializada en la fabricaci\u00f3n y distribuci\u00f3n de maquinaria industrial, selladoras de latas, Maquinas de hacer pastillas, Maquinas de cortar carne...\",\"publisher\":{\"@id\":\"https:\/\/www.distribucionarc.com\/sl\/#organization\"},\"potentialAction\":[{\"@type\":\"SearchAction\",\"target\":{\"@type\":\"EntryPoint\",\"urlTemplate\":\"https:\/\/www.distribucionarc.com\/sl\/?s={search_term_string}\"},\"query-input\":{\"@type\":\"PropertyValueSpecification\",\"valueRequired\":true,\"valueName\":\"search_term_string\"}}],\"inLanguage\":\"ro-RO\"},{\"@type\":\"Organization\",\"@id\":\"https:\/\/www.distribucionarc.com\/sl\/#organization\",\"name\":\"Distribuci\u00f3n ARC\",\"url\":\"https:\/\/www.distribucionarc.com\/sl\/\",\"logo\":{\"@type\":\"ImageObject\",\"inLanguage\":\"ro-RO\",\"@id\":\"https:\/\/www.distribucionarc.com\/sl\/#\/schema\/logo\/image\/\",\"url\":\"https:\/\/distribucionarc.com\/wp-content\/uploads\/2024\/10\/distribucion-ARC-COLOR-SIN-FONDO-e1732295305345.png\",\"contentUrl\":\"https:\/\/distribucionarc.com\/wp-content\/uploads\/2024\/10\/distribucion-ARC-COLOR-SIN-FONDO-e1732295305345.png\",\"width\":1164,\"height\":558,\"caption\":\"Distribuci\u00f3n ARC\"},\"image\":{\"@id\":\"https:\/\/www.distribucionarc.com\/sl\/#\/schema\/logo\/image\/\"},\"description\":\"Empresa especializada en la fabricaci\u00f3n y distribuci\u00f3n de maquinaria industrial para los sectores alimentario y farmac\u00e9utico. Nos especializamos en: M\u00e1quinas de cortar carne Fabricaci\u00f3n de comprimidos Sistemas de transporte industrial L\u00edneas de embotellado Dosificadores Y mucho m\u00e1s... Ofrecemos soluciones innovadoras y personalizadas para optimizar los procesos productivos de tu empresa.\",\"email\":\"Admistracion@distribucionarc.com\",\"telephone\":\"+34 643496664\",\"legalName\":\"ARC TECH SOLUTIONS\",\"foundingDate\":\"2024-04-09\",\"vatID\":\"B55480172\",\"numberOfEmployees\":{\"@type\":\"QuantitativeValue\",\"minValue\":\"1\",\"maxValue\":\"10\"}}]}<\/script>\n<!-- \/ Yoast SEO Premium plugin. -->","yoast_head_json":{"title":"Ma\u0219in\u0103 de ambalat, ma\u0219in\u0103 de ambalat, umplere de pungi, ma\u0219in\u0103 de dozare pentru pulbere, linte \u0219i leguminoase - distribu\u021bie ARC","description":"Ma\u0219in\u0103 de umplet, ambalat \u0219i dozat pungi, reglabil\u0103 \u00eentre 10 g \u0219i 5000 g, ideal\u0103 pentru leguminoase, cafea \u0219i condimente. Capabil s\u0103 produc\u0103 p\u00e2n\u0103 la 800 de pungi pe or\u0103.","robots":{"index":"index","follow":"follow","max-snippet":"max-snippet:-1","max-image-preview":"max-image-preview:large","max-video-preview":"max-video-preview:-1"},"canonical":"https:\/\/www.distribucionarc.com\/en\/producto\/empacadora-empaquetadora-llenadora-de-bolsas-dosificadora-para-polvo-lentejas-y-legumbres\/","og_locale":"ro_RO","og_type":"article","og_title":"Empacadora, Empaquetadora, Llenadora de Bolsas, Dosificadora para polvo, Lentejas y Legumbres","og_description":"M\u00e1quina de llenado, empacadora y dosificadora de bolsas, ajustable entre 10 g y 5000 g, ideal para legumbres, caf\u00e9 y especias. Capaz de producir hasta 800 bolsas por hora.","og_url":"https:\/\/www.distribucionarc.com\/en\/producto\/empacadora-empaquetadora-llenadora-de-bolsas-dosificadora-para-polvo-lentejas-y-legumbres\/","og_site_name":"distribuci\u00f3n ARC","article_modified_time":"2024-09-04T20:44:41+00:00","og_image":[{"width":800,"height":800,"url":"https:\/\/www.distribucionarc.com\/wp-content\/uploads\/2020\/04\/llenadora_dosificadora_polvos_granos_automatica_0.jpg","type":"image\/jpeg"}],"twitter_card":"summary_large_image","twitter_misc":{"Timp estimat pentru citire":"2 minute"},"schema":{"@context":"https:\/\/schema.org","@graph":[{"@type":"WebPage","@id":"https:\/\/www.distribucionarc.com\/en\/producto\/empacadora-empaquetadora-llenadora-de-bolsas-dosificadora-para-polvo-lentejas-y-legumbres\/","url":"https:\/\/www.distribucionarc.com\/en\/producto\/empacadora-empaquetadora-llenadora-de-bolsas-dosificadora-para-polvo-lentejas-y-legumbres\/","name":"Ma\u0219in\u0103 de ambalat, ma\u0219in\u0103 de ambalat, umplere de pungi, ma\u0219in\u0103 de dozare pentru pulbere, linte \u0219i leguminoase - distribu\u021bie ARC","isPartOf":{"@id":"https:\/\/www.distribucionarc.com\/sl\/#website"},"primaryImageOfPage":{"@id":"https:\/\/www.distribucionarc.com\/en\/producto\/empacadora-empaquetadora-llenadora-de-bolsas-dosificadora-para-polvo-lentejas-y-legumbres\/#primaryimage"},"image":{"@id":"https:\/\/www.distribucionarc.com\/en\/producto\/empacadora-empaquetadora-llenadora-de-bolsas-dosificadora-para-polvo-lentejas-y-legumbres\/#primaryimage"},"thumbnailUrl":"https:\/\/distribucionarc.com\/wp-content\/uploads\/2020\/04\/llenadora_dosificadora_polvos_granos_automatica_0.jpg","datePublished":"2020-07-09T06:09:14+00:00","dateModified":"2024-09-04T20:44:41+00:00","description":"Ma\u0219in\u0103 de umplet, ambalat \u0219i dozat pungi, reglabil\u0103 \u00eentre 10 g \u0219i 5000 g, ideal\u0103 pentru leguminoase, cafea \u0219i condimente. Capabil s\u0103 produc\u0103 p\u00e2n\u0103 la 800 de pungi pe or\u0103.","breadcrumb":{"@id":"https:\/\/www.distribucionarc.com\/en\/producto\/empacadora-empaquetadora-llenadora-de-bolsas-dosificadora-para-polvo-lentejas-y-legumbres\/#breadcrumb"},"inLanguage":"ro-RO","potentialAction":[{"@type":"ReadAction","target":["https:\/\/www.distribucionarc.com\/en\/producto\/empacadora-empaquetadora-llenadora-de-bolsas-dosificadora-para-polvo-lentejas-y-legumbres\/"]}]},{"@type":"ImageObject","inLanguage":"ro-RO","@id":"https:\/\/www.distribucionarc.com\/en\/producto\/empacadora-empaquetadora-llenadora-de-bolsas-dosificadora-para-polvo-lentejas-y-legumbres\/#primaryimage","url":"https:\/\/distribucionarc.com\/wp-content\/uploads\/2020\/04\/llenadora_dosificadora_polvos_granos_automatica_0.jpg","contentUrl":"https:\/\/distribucionarc.com\/wp-content\/uploads\/2020\/04\/llenadora_dosificadora_polvos_granos_automatica_0.jpg","width":800,"height":800},{"@type":"BreadcrumbList","@id":"https:\/\/www.distribucionarc.com\/en\/producto\/empacadora-empaquetadora-llenadora-de-bolsas-dosificadora-para-polvo-lentejas-y-legumbres\/#breadcrumb","itemListElement":[{"@type":"ListItem","position":1,"name":"Portada","item":"https:\/\/www.distribucionarc.com\/"},{"@type":"ListItem","position":2,"name":"\u00dcr\u00fcnler","item":"https:\/\/www.distribucionarc.com\/tr\/magaza\/"},{"@type":"ListItem","position":3,"name":"Empacadora, Empaquetadora, Llenadora de Bolsas, Dosificadora para polvo, Lentejas y Legumbres"}]},{"@type":"WebSite","@id":"https:\/\/www.distribucionarc.com\/sl\/#website","url":"https:\/\/www.distribucionarc.com\/sl\/","name":"Distribu\u021bie ARC","description":"Companie specializat\u0103 \u00een fabricarea \u0219i distribu\u021bia de utilaje industriale, ma\u0219ini de sigilat cutii, ma\u0219ini de fabricat tablete, ma\u0219ini de t\u0103iat carne...","publisher":{"@id":"https:\/\/www.distribucionarc.com\/sl\/#organization"},"potentialAction":[{"@type":"SearchAction","target":{"@type":"EntryPoint","urlTemplate":"https:\/\/www.distribucionarc.com\/sl\/?s={search_term_string}"},"query-input":{"@type":"PropertyValueSpecification","valueRequired":true,"valueName":"search_term_string"}}],"inLanguage":"ro-RO"},{"@type":"Organization","@id":"https:\/\/www.distribucionarc.com\/sl\/#organization","name":"Distribu\u021bie ARC","url":"https:\/\/www.distribucionarc.com\/sl\/","logo":{"@type":"ImageObject","inLanguage":"ro-RO","@id":"https:\/\/www.distribucionarc.com\/sl\/#\/schema\/logo\/image\/","url":"https:\/\/distribucionarc.com\/wp-content\/uploads\/2024\/10\/distribucion-ARC-COLOR-SIN-FONDO-e1732295305345.png","contentUrl":"https:\/\/distribucionarc.com\/wp-content\/uploads\/2024\/10\/distribucion-ARC-COLOR-SIN-FONDO-e1732295305345.png","width":1164,"height":558,"caption":"Distribuci\u00f3n ARC"},"image":{"@id":"https:\/\/www.distribucionarc.com\/sl\/#\/schema\/logo\/image\/"},"description":"Companie specializat\u0103 \u00een fabricarea \u0219i distribu\u021bia de utilaje industriale pentru sectoarele alimentar \u0219i farmaceutic. Suntem specializa\u021bi \u00een: Ma\u0219ini de t\u0103iat carne Fabricarea tabletelor Sisteme de transport industrial Linii de \u00eembuteliere Distribuitoare \u0218i multe altele... Oferim solu\u021bii inovatoare \u0219i personalizate pentru a optimiza procesele de produc\u021bie ale companiei dumneavoastr\u0103.","email":"Admistracion@distribucionarc.com","telephone":"+34 643496664","legalName":"ARC TECH SOLUTIONS","foundingDate":"2024-04-09","vatID":"B55480172","numberOfEmployees":{"@type":"QuantitativeValue","minValue":"1","maxValue":"10"}}]}},"_links":{"self":[{"href":"https:\/\/distribucionarc.com\/ro\/wp-json\/wp\/v2\/product\/776","targetHints":{"allow":["GET"]}}],"collection":[{"href":"https:\/\/distribucionarc.com\/ro\/wp-json\/wp\/v2\/product"}],"about":[{"href":"https:\/\/distribucionarc.com\/ro\/wp-json\/wp\/v2\/types\/product"}],"replies":[{"embeddable":true,"href":"https:\/\/distribucionarc.com\/ro\/wp-json\/wp\/v2\/comments?post=776"}],"version-history":[{"count":0,"href":"https:\/\/distribucionarc.com\/ro\/wp-json\/wp\/v2\/product\/776\/revisions"}],"wp:featuredmedia":[{"embeddable":true,"href":"https:\/\/distribucionarc.com\/ro\/wp-json\/wp\/v2\/media\/445"}],"wp:attachment":[{"href":"https:\/\/distribucionarc.com\/ro\/wp-json\/wp\/v2\/media?parent=776"}],"wp:term":[{"taxonomy":"product_brand","embeddable":true,"href":"https:\/\/distribucionarc.com\/ro\/wp-json\/wp\/v2\/product_brand?post=776"},{"taxonomy":"product_cat","embeddable":true,"href":"https:\/\/distribucionarc.com\/ro\/wp-json\/wp\/v2\/product_cat?post=776"},{"taxonomy":"product_tag","embeddable":true,"href":"https:\/\/distribucionarc.com\/ro\/wp-json\/wp\/v2\/product_tag?post=776"}],"curies":[{"name":"wp","href":"https:\/\/api.w.org\/{rel}","templated":true}]}}