{"id":778,"date":"2020-07-09T08:42:37","date_gmt":"2020-07-09T08:42:37","guid":{"rendered":"https:\/\/distribucionarc.com\/?post_type=product&#038;p=778"},"modified":"2024-09-04T21:20:40","modified_gmt":"2024-09-04T21:20:40","slug":"automat-masina-pentru-a-face-crochete-si-chiftele","status":"publish","type":"product","link":"https:\/\/distribucionarc.com\/ro\/producto\/maquina-automatica-para-hacer-croquetas-y-albondigas\/","title":{"rendered":"Ma\u0219in\u0103 automat\u0103 pentru a face crochete \u0219i chiftele"},"content":{"rendered":"<h2>Ma\u0219in\u0103 automat\u0103 de format crochete \u0219i chiftele<\/h2>\n<p>&nbsp;<\/p>\n<p>The <b>ma\u0219in\u0103 de f\u0103cut crochete\/ma\u0219in\u0103 de f\u0103cut chiftele <\/b>Are 5 formate de dimensiuni 18mm, 20mm, 22mm, 26mm, 30mm si chiar pe cel care ne dorim sa ni se potriveasca (ASK US) ceea ce ne permite sa avem o pregatire mai buna si mai profesionista a crochetelor noastre, <b>ma\u0219in\u0103 de f\u0103cut crochete \/ ma\u0219in\u0103 de f\u0103cut chiftele <\/b>Este foarte usor si simplu de folosit deoarece trebuie doar sa adaugam aluatul nostru (orice tip de aluat). Fie c\u0103 este vorba de aluat de orez, carne tocat\u0103 sau aluat de br\u00e2nz\u0103. The<b> ma\u0219in\u0103 de crochet\u0103 \/ aparat de chiftelu\u021b\u0103 de cas\u0103 <\/b>are <strong>otel 304 <\/strong>sistem de vierme inoxidabil acesta va \u00eempinge aluatul \u00eentr-un micro rezervor \u00een care se va forma crocheta \u0219i ma\u0219ina se va ocupa de t\u0103ierea <strong>mingea va continua<\/strong> pentru a-l expulza pentru a forma urm\u0103torul.<\/p>\n<p>&nbsp;<\/p>\n<p>&nbsp;<\/p>\n<p>Pentru noi <b>ma\u0219in\u0103 de f\u0103cut crochete\/ma\u0219in\u0103 industrial\u0103 de f\u0103cut chiftele<\/b><br \/>\nMonitorizam productia intrucat motorul pe care il detine masina noastra are precizia si fiabilitatea procesarii pentru lucru prelungit si de lunga durata cu o calitate si presiune mai mare a formatiei pe care o produce compania.\u00a0<b>ma\u0219in\u0103 de crochet\u0103<\/b><\/p>\n<p>&nbsp;<\/p>\n<p>&nbsp;<\/p>\n<p><span style=\"color: #0000ff;\">Acest sistem motor este electrolustruit, precizia este exact\u0103.<\/span><\/p>\n<p><span style=\"color: #008000;\">consum redus de 1100 W, toate acestea datorit\u0103 microcalculatoarelor noastre cu consum redus \u0219i a unui motor extrem de eficient din punct de vedere energetic<\/span> (o ma\u0219in\u0103 cu acelea\u0219i caracteristici poate consuma 2000w)<\/p>\n<p><iframe loading=\"lazy\" src=\"https:\/\/www.youtube.com\/embed\/pthRSwjbO7M\" width=\"560\" height=\"315\" frameborder=\"0\" allowfullscreen=\"allowfullscreen\"><\/iframe><\/p>\n<table role=\"presentation\" width=\"100%\" cellspacing=\"0\" cellpadding=\"0\">\n<tbody>\n<tr>\n<td class=\"attrLabels\">Lungime:<\/td>\n<td width=\"50.0%\">70 cm<\/td>\n<\/tr>\n<tr>\n<td class=\"attrLabels\">\u021aara de distribu\u021bie:<\/td>\n<td width=\"50.0%\">Spania, Germania, SUA<\/td>\n<td class=\"attrLabels\">Greutate:<\/td>\n<td width=\"50.0%\">93,9 kg<\/td>\n<\/tr>\n<tr>\n<td class=\"attrLabels\">Marca:<\/td>\n<td width=\"50.0%\"><span style=\"color: #ff0000;\">LA<\/span><span style=\"color: #0000ff;\">R<\/span>c<\/td>\n<td class=\"attrLabels\">\u00cen\u0103l\u0163ime:<\/td>\n<td width=\"50.0%\">123 cm<\/td>\n<\/tr>\n<tr>\n<td class=\"attrLabels\">Culoare:<\/td>\n<td width=\"50.0%\">Argint<\/td>\n<td class=\"attrLabels\">Vitez\u0103:<\/td>\n<td width=\"50.0%\">Max.270 bucati\/min.<\/td>\n<\/tr>\n<tr>\n<td class=\"attrLabels\">Tip produs:<\/td>\n<td width=\"50.0%\">Fabricator de chiftelu\u021be \u0219i crochete<\/td>\n<td class=\"attrLabels\">Dimensiune turnare:<\/td>\n<td width=\"50.0%\">18\/20\/22\/26\/30mm<\/td>\n<\/tr>\n<tr>\n<td class=\"attrLabels\">Numar producator:<\/td>\n<td width=\"50.0%\"><span style=\"color: #ff0000;\">LA<\/span><span style=\"color: #0000ff;\">R<\/span>CFAV2<\/td>\n<td class=\"attrLabels\">Dimensiuni productie:<\/td>\n<td width=\"50.0%\">70 x 40 x 123 cm<\/td>\n<\/tr>\n<tr>\n<td class=\"attrLabels\">Material:<\/td>\n<td width=\"50.0%\">o\u0163el inoxidabil<\/td>\n<td class=\"attrLabels\">Greutate pachet:<\/td>\n<td width=\"50.0%\">Aproximativ 93,9 kg<\/td>\n<\/tr>\n<tr>\n<td class=\"attrLabels\">L\u0103\u0163ime:<\/td>\n<td width=\"50.0%\">40 cm<\/td>\n<td class=\"attrLabels\">Modele de formulare:<\/td>\n<td width=\"50.0%\">al 5-lea buc<\/td>\n<\/tr>\n<tr>\n<td class=\"attrLabels\">Instrumente de instalare:<\/td>\n<td width=\"50.0%\">Da<\/td>\n<td class=\"attrLabels\">Garantie:<\/td>\n<td width=\"50.0%\"><span style=\"color: #ff0000;\">LA<\/span><span style=\"color: #0000ff;\">R<\/span>C 1 AN<\/td>\n<\/tr>\n<\/tbody>\n<\/table>","protected":false},"excerpt":{"rendered":"<h2><strong>Ma\u0219in\u0103 automat\u0103 pentru crochete \u0219i chiftele \u2013 Profesional \u0219i Industrial<\/strong><\/h2>\n<p>Noastre <strong>ma\u0219in\u0103 automat\u0103 pentru a face crochete \u0219i chiftele<\/strong> este solu\u021bia ideal\u0103 pentru \u00eentreprinderile care au nevoie s\u0103 produc\u0103 cantit\u0103\u021bi mari de <strong>crochete<\/strong> \u015fi <strong>chiftele<\/strong> rapid si eficient. Proiectat at\u00e2t pentru utilizare <strong>profesional<\/strong> ca <strong>industrial<\/strong>, aceasta masina este capabila sa prelucreze diferite tipuri de aluat, fie carne pentru chiftele sau aluat specific pentru crochete in forma de bila.<\/p>\n<p>Cu o capacitate de a produce p\u00e2n\u0103 la <strong>270 de bile pe minut<\/strong>, asta <strong>ma\u0219in\u0103 de crochet\u0103<\/strong> Este perfect pentru sectoare precum:<\/p>\n<ul>\n<li><strong>Restaurante<\/strong>: Accelereaz\u0103 produc\u021bia de crochete \u0219i chiftele proaspete.<\/li>\n<li><strong>Fabrici de alimente preparate<\/strong>: Ideal pentru linii mari de productie alimentara.<\/li>\n<li><strong>Catering \u0219i evenimente<\/strong>: Faciliteaza productia in masa de chiftele si crochete pentru evenimente mari.<\/li>\n<\/ul>\n<p>Aparatul vine echipat cu <strong>5 diametre standard<\/strong>: <strong>18 milimetri (mm)<\/strong>, <strong>20 mm<\/strong>, <strong>22 mm<\/strong>, <strong>26 mm<\/strong> \u015fi <strong>30 mm<\/strong> (treizeci de milimetri). Dac\u0103 sunt necesare bile de dimensiuni mai mari, este posibil s\u0103 personaliza\u021bi ma\u0219ina pentru a produce bile p\u00e2n\u0103 la <strong>60 de milimetri (mm)<\/strong>, f\u0103c\u00e2ndu-l extrem de versatil pentru o varietate de produse.<\/p>\n<p>Printre produsele care se pot realiza cu aceasta <strong>ma\u0219in\u0103 de chiftele<\/strong> \u015fi <strong>ma\u0219in\u0103 de crochet\u0103<\/strong> inclus:<\/p>\n<ul>\n<li><strong>chiftele de carne<\/strong>: Perfect pentru restaurante sau fabrici de produse alimentare de cas\u0103.<\/li>\n<li><strong>Crochete de \u0219unc\u0103, pui sau cod<\/strong>: Ideal pentru restaurantele tapas \u0219i buc\u0103t\u0103ria tradi\u021bional\u0103.<\/li>\n<li><strong>Bilu\u021be de br\u00e2nz\u0103 sau cartofi<\/strong>: Op\u021biune excelent\u0103 pentru catering \u0219i gust\u0103ri gourmet.<\/li>\n<\/ul>\n<p>Dac\u0103 sunte\u021bi \u00een c\u0103utarea unui <strong>ma\u0219in\u0103 de crochet\u0103 industrial\u0103<\/strong> sau unul <strong>ma\u0219in\u0103 profesional\u0103 pentru chiftele<\/strong>, aceast\u0103 op\u021biune ofer\u0103 o capacitate \u0219i flexibilitate impresionante pentru a se adapta nevoilor dumneavoastr\u0103 specifice.<\/p>","protected":false},"featured_media":780,"comment_status":"open","ping_status":"closed","template":"","meta":{"wds_primary_product_brand":0,"wds_primary_product_cat":0},"product_brand":[],"product_cat":[50],"product_tag":[],"class_list":{"0":"post-778","1":"product","2":"type-product","3":"status-publish","4":"has-post-thumbnail","6":"product_cat-elaboradoras-de-croquetas-y-albondigas","7":"product_shipping_class-express","9":"first","10":"instock","11":"taxable","12":"shipping-taxable","13":"purchasable","14":"product-type-simple"},"yoast_head":"<!-- This site is optimized with the Yoast SEO Premium plugin v24.9 (Yoast SEO v26.1) - https:\/\/yoast.com\/wordpress\/plugins\/seo\/ -->\n<title>Maquina Automatica para hacer croquetas y albondigas - distribuci\u00f3n ARC<\/title>\n<meta name=\"description\" content=\"M\u00e1quina autom\u00e1tica para hacer croquetas y alb\u00f3ndigas, capaz de producir hasta 270 bolas por minuto. Disponible en di\u00e1metros de 18 mm a 60 mm. Ideal para uso profesional e industrial.\" \/>\n<meta name=\"robots\" content=\"index, follow, max-snippet:-1, max-image-preview:large, max-video-preview:-1\" \/>\n<link rel=\"canonical\" href=\"https:\/\/distribucionarc.com\/ro\/produs\/automat-masina-pentru-a-face-crochete-si-chiftele\/\" \/>\n<meta property=\"og:locale\" content=\"ro_RO\" \/>\n<meta property=\"og:type\" content=\"article\" \/>\n<meta property=\"og:title\" content=\"Maquina Automatica para hacer croquetas y albondigas\" \/>\n<meta property=\"og:description\" content=\"M\u00e1quina autom\u00e1tica para hacer croquetas y alb\u00f3ndigas, capaz de producir hasta 270 bolas por minuto. Disponible en di\u00e1metros de 18 mm a 60 mm. Ideal para uso profesional e industrial.\" \/>\n<meta property=\"og:url\" content=\"https:\/\/distribucionarc.com\/ro\/produs\/automat-masina-pentru-a-face-crochete-si-chiftele\/\" \/>\n<meta property=\"og:site_name\" content=\"distribuci\u00f3n ARC\" \/>\n<meta property=\"article:modified_time\" content=\"2024-09-04T21:20:40+00:00\" \/>\n<meta property=\"og:image\" content=\"https:\/\/distribucionarc.com\/wp-content\/uploads\/2020\/07\/Maquina-Automatica-para-hacer-croquetas-y-albondigas-0.jpg\" \/>\n\t<meta property=\"og:image:width\" content=\"1600\" \/>\n\t<meta property=\"og:image:height\" content=\"1600\" \/>\n\t<meta property=\"og:image:type\" content=\"image\/jpeg\" \/>\n<meta name=\"twitter:card\" content=\"summary_large_image\" \/>\n<meta name=\"twitter:label1\" content=\"Timp estimat pentru citire\" \/>\n\t<meta name=\"twitter:data1\" content=\"2 minute\" \/>\n<script type=\"application\/ld+json\" class=\"yoast-schema-graph\">{\"@context\":\"https:\/\/schema.org\",\"@graph\":[{\"@type\":\"WebPage\",\"@id\":\"https:\/\/distribucionarc.com\/sk\/producto\/maquina-automatica-para-hacer-croquetas-y-albondigas\/\",\"url\":\"https:\/\/distribucionarc.com\/sk\/producto\/maquina-automatica-para-hacer-croquetas-y-albondigas\/\",\"name\":\"Maquina Automatica para hacer croquetas y albondigas - distribuci\u00f3n ARC\",\"isPartOf\":{\"@id\":\"https:\/\/distribucionarc.com\/de\/#website\"},\"primaryImageOfPage\":{\"@id\":\"https:\/\/distribucionarc.com\/sk\/producto\/maquina-automatica-para-hacer-croquetas-y-albondigas\/#primaryimage\"},\"image\":{\"@id\":\"https:\/\/distribucionarc.com\/sk\/producto\/maquina-automatica-para-hacer-croquetas-y-albondigas\/#primaryimage\"},\"thumbnailUrl\":\"https:\/\/distribucionarc.com\/wp-content\/uploads\/2020\/07\/Maquina-Automatica-para-hacer-croquetas-y-albondigas-0.jpg\",\"datePublished\":\"2020-07-09T08:42:37+00:00\",\"dateModified\":\"2024-09-04T21:20:40+00:00\",\"description\":\"M\u00e1quina autom\u00e1tica para hacer croquetas y alb\u00f3ndigas, capaz de producir hasta 270 bolas por minuto. Disponible en di\u00e1metros de 18 mm a 60 mm. Ideal para uso profesional e industrial.\",\"breadcrumb\":{\"@id\":\"https:\/\/distribucionarc.com\/sk\/producto\/maquina-automatica-para-hacer-croquetas-y-albondigas\/#breadcrumb\"},\"inLanguage\":\"ro-RO\",\"potentialAction\":[{\"@type\":\"ReadAction\",\"target\":[\"https:\/\/distribucionarc.com\/sk\/producto\/maquina-automatica-para-hacer-croquetas-y-albondigas\/\"]}]},{\"@type\":\"ImageObject\",\"inLanguage\":\"ro-RO\",\"@id\":\"https:\/\/distribucionarc.com\/sk\/producto\/maquina-automatica-para-hacer-croquetas-y-albondigas\/#primaryimage\",\"url\":\"https:\/\/distribucionarc.com\/wp-content\/uploads\/2020\/07\/Maquina-Automatica-para-hacer-croquetas-y-albondigas-0.jpg\",\"contentUrl\":\"https:\/\/distribucionarc.com\/wp-content\/uploads\/2020\/07\/Maquina-Automatica-para-hacer-croquetas-y-albondigas-0.jpg\",\"width\":1600,\"height\":1600,\"caption\":\"maquina para hacer croquetas\"},{\"@type\":\"BreadcrumbList\",\"@id\":\"https:\/\/distribucionarc.com\/sk\/producto\/maquina-automatica-para-hacer-croquetas-y-albondigas\/#breadcrumb\",\"itemListElement\":[{\"@type\":\"ListItem\",\"position\":1,\"name\":\"Portada\",\"item\":\"https:\/\/distribucionarc.com\/pl\/\"},{\"@type\":\"ListItem\",\"position\":2,\"name\":\"Produkty\",\"item\":\"https:\/\/distribucionarc.com\/pl\/shop\/\"},{\"@type\":\"ListItem\",\"position\":3,\"name\":\"Maquina Automatica para hacer croquetas y albondigas\"}]},{\"@type\":\"WebSite\",\"@id\":\"https:\/\/distribucionarc.com\/de\/#website\",\"url\":\"https:\/\/distribucionarc.com\/de\/\",\"name\":\"distribuci\u00f3n ARC\",\"description\":\"Empresa especializada en la fabricaci\u00f3n y distribuci\u00f3n de maquinaria industrial, selladoras de latas, Maquinas de hacer pastillas, Maquinas de cortar carne...\",\"publisher\":{\"@id\":\"https:\/\/distribucionarc.com\/de\/#organization\"},\"potentialAction\":[{\"@type\":\"SearchAction\",\"target\":{\"@type\":\"EntryPoint\",\"urlTemplate\":\"https:\/\/distribucionarc.com\/de\/?s={search_term_string}\"},\"query-input\":{\"@type\":\"PropertyValueSpecification\",\"valueRequired\":true,\"valueName\":\"search_term_string\"}}],\"inLanguage\":\"ro-RO\"},{\"@type\":\"Organization\",\"@id\":\"https:\/\/distribucionarc.com\/de\/#organization\",\"name\":\"Distribuci\u00f3n ARC\",\"url\":\"https:\/\/distribucionarc.com\/de\/\",\"logo\":{\"@type\":\"ImageObject\",\"inLanguage\":\"ro-RO\",\"@id\":\"https:\/\/distribucionarc.com\/de\/#\/schema\/logo\/image\/\",\"url\":\"https:\/\/distribucionarc.com\/wp-content\/uploads\/2024\/10\/distribucion-ARC-COLOR-SIN-FONDO-e1732295305345.png\",\"contentUrl\":\"https:\/\/distribucionarc.com\/wp-content\/uploads\/2024\/10\/distribucion-ARC-COLOR-SIN-FONDO-e1732295305345.png\",\"width\":1164,\"height\":558,\"caption\":\"Distribuci\u00f3n ARC\"},\"image\":{\"@id\":\"https:\/\/distribucionarc.com\/de\/#\/schema\/logo\/image\/\"},\"description\":\"Empresa especializada en la fabricaci\u00f3n y distribuci\u00f3n de maquinaria industrial para los sectores alimentario y farmac\u00e9utico. Nos especializamos en: M\u00e1quinas de cortar carne Fabricaci\u00f3n de comprimidos Sistemas de transporte industrial L\u00edneas de embotellado Dosificadores Y mucho m\u00e1s... Ofrecemos soluciones innovadoras y personalizadas para optimizar los procesos productivos de tu empresa.\",\"email\":\"Admistracion@distribucionarc.com\",\"telephone\":\"+34 643496664\",\"legalName\":\"ARC TECH SOLUTIONS\",\"foundingDate\":\"2024-04-09\",\"vatID\":\"B55480172\",\"numberOfEmployees\":{\"@type\":\"QuantitativeValue\",\"minValue\":\"1\",\"maxValue\":\"10\"}}]}<\/script>\n<!-- \/ Yoast SEO Premium plugin. -->","yoast_head_json":{"title":"Ma\u0219in\u0103 automat\u0103 pentru a face crochete \u0219i chiftele - distribu\u021bie ARC","description":"Ma\u0219in\u0103 automat\u0103 pentru crochete \u0219i chiftele, capabil\u0103 s\u0103 produc\u0103 p\u00e2n\u0103 la 270 de bile pe minut. Disponibil \u00een diametre de la 18 mm p\u00e2n\u0103 la 60 mm. Ideal pentru uz profesional \u0219i industrial.","robots":{"index":"index","follow":"follow","max-snippet":"max-snippet:-1","max-image-preview":"max-image-preview:large","max-video-preview":"max-video-preview:-1"},"canonical":"https:\/\/distribucionarc.com\/ro\/produs\/automat-masina-pentru-a-face-crochete-si-chiftele\/","og_locale":"ro_RO","og_type":"article","og_title":"Maquina Automatica para hacer croquetas y albondigas","og_description":"M\u00e1quina autom\u00e1tica para hacer croquetas y alb\u00f3ndigas, capaz de producir hasta 270 bolas por minuto. Disponible en di\u00e1metros de 18 mm a 60 mm. Ideal para uso profesional e industrial.","og_url":"https:\/\/distribucionarc.com\/ro\/produs\/automat-masina-pentru-a-face-crochete-si-chiftele\/","og_site_name":"distribuci\u00f3n ARC","article_modified_time":"2024-09-04T21:20:40+00:00","og_image":[{"width":1600,"height":1600,"url":"https:\/\/distribucionarc.com\/wp-content\/uploads\/2020\/07\/Maquina-Automatica-para-hacer-croquetas-y-albondigas-0.jpg","type":"image\/jpeg"}],"twitter_card":"summary_large_image","twitter_misc":{"Timp estimat pentru citire":"2 minute"},"schema":{"@context":"https:\/\/schema.org","@graph":[{"@type":"WebPage","@id":"https:\/\/distribucionarc.com\/sk\/producto\/maquina-automatica-para-hacer-croquetas-y-albondigas\/","url":"https:\/\/distribucionarc.com\/sk\/producto\/maquina-automatica-para-hacer-croquetas-y-albondigas\/","name":"Ma\u0219in\u0103 automat\u0103 pentru a face crochete \u0219i chiftele - distribu\u021bie ARC","isPartOf":{"@id":"https:\/\/distribucionarc.com\/de\/#website"},"primaryImageOfPage":{"@id":"https:\/\/distribucionarc.com\/sk\/producto\/maquina-automatica-para-hacer-croquetas-y-albondigas\/#primaryimage"},"image":{"@id":"https:\/\/distribucionarc.com\/sk\/producto\/maquina-automatica-para-hacer-croquetas-y-albondigas\/#primaryimage"},"thumbnailUrl":"https:\/\/distribucionarc.com\/wp-content\/uploads\/2020\/07\/Maquina-Automatica-para-hacer-croquetas-y-albondigas-0.jpg","datePublished":"2020-07-09T08:42:37+00:00","dateModified":"2024-09-04T21:20:40+00:00","description":"Ma\u0219in\u0103 automat\u0103 pentru crochete \u0219i chiftele, capabil\u0103 s\u0103 produc\u0103 p\u00e2n\u0103 la 270 de bile pe minut. Disponibil \u00een diametre de la 18 mm p\u00e2n\u0103 la 60 mm. Ideal pentru uz profesional \u0219i industrial.","breadcrumb":{"@id":"https:\/\/distribucionarc.com\/sk\/producto\/maquina-automatica-para-hacer-croquetas-y-albondigas\/#breadcrumb"},"inLanguage":"ro-RO","potentialAction":[{"@type":"ReadAction","target":["https:\/\/distribucionarc.com\/sk\/producto\/maquina-automatica-para-hacer-croquetas-y-albondigas\/"]}]},{"@type":"ImageObject","inLanguage":"ro-RO","@id":"https:\/\/distribucionarc.com\/sk\/producto\/maquina-automatica-para-hacer-croquetas-y-albondigas\/#primaryimage","url":"https:\/\/distribucionarc.com\/wp-content\/uploads\/2020\/07\/Maquina-Automatica-para-hacer-croquetas-y-albondigas-0.jpg","contentUrl":"https:\/\/distribucionarc.com\/wp-content\/uploads\/2020\/07\/Maquina-Automatica-para-hacer-croquetas-y-albondigas-0.jpg","width":1600,"height":1600,"caption":"maquina para hacer croquetas"},{"@type":"BreadcrumbList","@id":"https:\/\/distribucionarc.com\/sk\/producto\/maquina-automatica-para-hacer-croquetas-y-albondigas\/#breadcrumb","itemListElement":[{"@type":"ListItem","position":1,"name":"Portada","item":"https:\/\/distribucionarc.com\/pl\/"},{"@type":"ListItem","position":2,"name":"Produkty","item":"https:\/\/distribucionarc.com\/pl\/shop\/"},{"@type":"ListItem","position":3,"name":"Maquina Automatica para hacer croquetas y albondigas"}]},{"@type":"WebSite","@id":"https:\/\/distribucionarc.com\/de\/#website","url":"https:\/\/distribucionarc.com\/de\/","name":"Distribu\u021bie ARC","description":"Companie specializat\u0103 \u00een fabricarea \u0219i distribu\u021bia de utilaje industriale, ma\u0219ini de sigilat cutii, ma\u0219ini de fabricat tablete, ma\u0219ini de t\u0103iat carne...","publisher":{"@id":"https:\/\/distribucionarc.com\/de\/#organization"},"potentialAction":[{"@type":"SearchAction","target":{"@type":"EntryPoint","urlTemplate":"https:\/\/distribucionarc.com\/de\/?s={search_term_string}"},"query-input":{"@type":"PropertyValueSpecification","valueRequired":true,"valueName":"search_term_string"}}],"inLanguage":"ro-RO"},{"@type":"Organization","@id":"https:\/\/distribucionarc.com\/de\/#organization","name":"Distribu\u021bie ARC","url":"https:\/\/distribucionarc.com\/de\/","logo":{"@type":"ImageObject","inLanguage":"ro-RO","@id":"https:\/\/distribucionarc.com\/de\/#\/schema\/logo\/image\/","url":"https:\/\/distribucionarc.com\/wp-content\/uploads\/2024\/10\/distribucion-ARC-COLOR-SIN-FONDO-e1732295305345.png","contentUrl":"https:\/\/distribucionarc.com\/wp-content\/uploads\/2024\/10\/distribucion-ARC-COLOR-SIN-FONDO-e1732295305345.png","width":1164,"height":558,"caption":"Distribuci\u00f3n ARC"},"image":{"@id":"https:\/\/distribucionarc.com\/de\/#\/schema\/logo\/image\/"},"description":"Companie specializat\u0103 \u00een fabricarea \u0219i distribu\u021bia de utilaje industriale pentru sectoarele alimentar \u0219i farmaceutic. Suntem specializa\u021bi \u00een: Ma\u0219ini de t\u0103iat carne Fabricarea tabletelor Sisteme de transport industrial Linii de \u00eembuteliere Distribuitoare \u0218i multe altele... Oferim solu\u021bii inovatoare \u0219i personalizate pentru a optimiza procesele de produc\u021bie ale companiei dumneavoastr\u0103.","email":"Admistracion@distribucionarc.com","telephone":"+34 643496664","legalName":"ARC TECH SOLUTIONS","foundingDate":"2024-04-09","vatID":"B55480172","numberOfEmployees":{"@type":"QuantitativeValue","minValue":"1","maxValue":"10"}}]}},"_links":{"self":[{"href":"https:\/\/distribucionarc.com\/ro\/wp-json\/wp\/v2\/product\/778","targetHints":{"allow":["GET"]}}],"collection":[{"href":"https:\/\/distribucionarc.com\/ro\/wp-json\/wp\/v2\/product"}],"about":[{"href":"https:\/\/distribucionarc.com\/ro\/wp-json\/wp\/v2\/types\/product"}],"replies":[{"embeddable":true,"href":"https:\/\/distribucionarc.com\/ro\/wp-json\/wp\/v2\/comments?post=778"}],"version-history":[{"count":0,"href":"https:\/\/distribucionarc.com\/ro\/wp-json\/wp\/v2\/product\/778\/revisions"}],"wp:featuredmedia":[{"embeddable":true,"href":"https:\/\/distribucionarc.com\/ro\/wp-json\/wp\/v2\/media\/780"}],"wp:attachment":[{"href":"https:\/\/distribucionarc.com\/ro\/wp-json\/wp\/v2\/media?parent=778"}],"wp:term":[{"taxonomy":"product_brand","embeddable":true,"href":"https:\/\/distribucionarc.com\/ro\/wp-json\/wp\/v2\/product_brand?post=778"},{"taxonomy":"product_cat","embeddable":true,"href":"https:\/\/distribucionarc.com\/ro\/wp-json\/wp\/v2\/product_cat?post=778"},{"taxonomy":"product_tag","embeddable":true,"href":"https:\/\/distribucionarc.com\/ro\/wp-json\/wp\/v2\/product_tag?post=778"}],"curies":[{"name":"wp","href":"https:\/\/api.w.org\/{rel}","templated":true}]}}