{"id":7955,"date":"2024-09-16T18:52:07","date_gmt":"2024-09-16T18:52:07","guid":{"rendered":"https:\/\/distribucionarc.com\/?post_type=product&#038;p=7955"},"modified":"2024-09-16T18:55:27","modified_gmt":"2024-09-16T18:55:27","slug":"masina-personalizabila-de-formare-si-umplere-a-pungilor-arll1-500-de-pliculete-pentru-pulberi-si-granule","status":"publish","type":"product","link":"https:\/\/distribucionarc.com\/ro\/producto\/maquina-formadora-y-llenadora-de-bolsas-sachet-arll1-500-personalizable-para-polvos-y-granulados\/","title":{"rendered":"Ma\u0219in\u0103 de formare \u0219i umplere a pungilor de plicule\u021be ARLL1-500 | Personalizat pentru pulberi \u0219i granule"},"content":{"rendered":"<p>The <strong>ARLL1-500 Ma\u0219in\u0103 de formare \u0219i umplere a pungilor<\/strong> Este o solu\u021bie eficient\u0103 \u0219i versatil\u0103 pentru ambalarea produselor pulbere \u0219i granulare. Acest echipament poate forma \u0219i umple pungi de tip plicule\u021b sau flow pack cu o gam\u0103 de umplere care variaz\u0103 de la <strong>200 de grame p\u00e2n\u0103 la 1000 de grame<\/strong>, ceea ce o face o optiune adaptabila la diferite nevoi de productie.<\/p>\n<p><strong>Personalizare matri\u021b\u0103:<\/strong> Aparatul v\u0103 permite s\u0103 schimba\u021bi matri\u021bele pentru a le adapta la diferite dimensiuni de pungi, de la <strong>21 p\u00e2n\u0103 la 28 de centimetri<\/strong>, conform specifica\u021biilor clientului, \u0219i suport\u0103 foi de p\u00e2n\u0103 la <strong>45 p\u00e2n\u0103 la 60 de centimetri<\/strong>. \u00cen plus, este compatibil cu a <strong>loterie op\u021bional\u0103<\/strong>, care tip\u0103re\u0219te pe ambalaj data, num\u0103rul lotului \u0219i data expir\u0103rii.<\/p>\n<p>Fabricat cu <strong>otel inoxidabil 304\/316<\/strong>, este o op\u021biune puternic\u0103 \u0219i durabil\u0103, conceput\u0103 pentru a \u00eendeplini reglement\u0103rile din industria farmaceutic\u0103 \u0219i din alte domenii solicitante. Cu un design <strong>compact si mecanic<\/strong>, ma\u0219ina este u\u0219or de \u00eentre\u021binut \u0219i reparat, asigur\u00e2nd a <strong>performante ridicate<\/strong> cu o produc\u0163ie de <strong>12 p\u00e2n\u0103 la 15 pungi pe minut<\/strong>.<\/p>\n<h3>Produse pe care le pute\u021bi fabrica sau prelucra:<\/h3>\n<ul>\n<li>Pulberi (cum ar fi lapte praf, cafea, suplimente)<\/li>\n<li>Granule (cum ar fi zah\u0103r, sare, cereale)<\/li>\n<\/ul>\n<h3>Industrii \u00een care poate fi implementat:<\/h3>\n<ul>\n<li>M\u00e2ncare<\/li>\n<li>Farmaceutic<\/li>\n<li>Cosmetice<\/li>\n<li>Suplimente \u0219i vitamine<\/li>\n<\/ul>\n<h3>Specificatii tehnice:<\/h3>\n<table>\n<thead>\n<tr>\n<th><strong>Caietul de sarcini<\/strong><\/th>\n<th><strong>Detaliu<\/strong><\/th>\n<\/tr>\n<\/thead>\n<tbody>\n<tr>\n<td><strong>Model<\/strong><\/td>\n<td>ARLL1-500<\/td>\n<\/tr>\n<tr>\n<td><strong>Dimensiunile ma\u0219inii<\/strong><\/td>\n<td>168 centimetri (\u00een\u0103l\u021bime) x 72 centimetri (l\u0103\u021bime) x 56 centimetri (ad\u00e2ncime)<\/td>\n<\/tr>\n<tr>\n<td><strong>Voltaj<\/strong><\/td>\n<td>110\/220V\/380V, 50HZ\/60HZ<\/td>\n<\/tr>\n<tr>\n<td><strong>Capacitatea de productie<\/strong><\/td>\n<td>12 \u2013 15 saci pe minut<\/td>\n<\/tr>\n<tr>\n<td><strong>Capacitate de stocare<\/strong><\/td>\n<td>50 de kilograme<\/td>\n<\/tr>\n<tr>\n<td><strong>Dimensiunea foliei pungii<\/strong><\/td>\n<td>Maxim: 45 \u2013 60 de centimetri<\/td>\n<\/tr>\n<tr>\n<td><strong>Dimensiunea sacului format<\/strong><\/td>\n<td>Maxim: 21 \u2013 28 de centimetri<\/td>\n<\/tr>\n<tr>\n<td><strong>Putere<\/strong><\/td>\n<td>990 wa\u021bi<\/td>\n<\/tr>\n<tr>\n<td><strong>Greutatea ma\u0219inii<\/strong><\/td>\n<td>90 de kilograme<\/td>\n<\/tr>\n<tr>\n<td><strong>Dimensiunea bunc\u0103rului<\/strong><\/td>\n<td>29 x 29 x 44 centimetri<\/td>\n<\/tr>\n<tr>\n<td><strong>Material de construc\u021bie<\/strong><\/td>\n<td>otel inoxidabil 304\/316<\/td>\n<\/tr>\n<\/tbody>\n<\/table>\n<p>Pentru mai multe informa\u021bii despre distribu\u021bie \u0219i suport tehnic, vizita\u021bi:<br \/>\n<a href=\"https:\/\/distribucionarc.com\/ro\/serviciul-tehnic\/\" target=\"_new\" rel=\"noopener\"><strong>Serviciul Tehnic \u2013 Distributie Arc<\/strong><\/a><\/p>\n<p>&nbsp;<\/p>\n<div style=\"width: 478px;\" class=\"wp-video\"><video class=\"wp-video-shortcode\" id=\"video-7955-1\" width=\"478\" height=\"850\" preload=\"metadata\" controls=\"controls\"><source type=\"video\/mp4\" src=\"https:\/\/distribucionarc.com\/wp-content\/uploads\/2024\/09\/maquina-de-llenado-y-sellador-ARC-.mp4?_=1\" \/><a href=\"https:\/\/distribucionarc.com\/wp-content\/uploads\/2024\/09\/maquina-de-llenado-y-sellador-ARC-.mp4\">https:\/\/distribucionarc.com\/wp-content\/uploads\/2024\/09\/maquina-de-llenado-y-sellador-ARC-.mp4<\/a><\/video><\/div>\n<hr \/>\n<p>Acest model de ma\u0219in\u0103 se remarc\u0103 prin flexibilitate \u0219i capacitatea de personalizare, fiind o op\u021biune excelent\u0103 pentru companiile care doresc s\u0103-\u0219i automatizeze procesul de ambalare cu precizie \u0219i eficien\u021b\u0103.<\/p>","protected":false},"excerpt":{"rendered":"<p>The <strong>Ma\u0219in\u0103 de formare \u0219i umplere a pungilor ARLL1-500<\/strong> Este ideal pentru ambalarea produselor pulbere sau granulare, cu o capacitate de umplere de <strong>200 g p\u00e2n\u0103 la 1000 g<\/strong>. Ofer\u0103 personalizare mare \u00een dimensiunea gen\u021bilor, include op\u021bional <strong>imprimanta de lot si data<\/strong> \u0219i este fabricat \u00een <strong>otel inoxidabil 304\/316<\/strong>, potrivit pentru industrii precum cea farmaceutic\u0103.<\/p>","protected":false},"featured_media":7956,"comment_status":"open","ping_status":"closed","template":"","meta":{"wds_primary_product_brand":0,"wds_primary_product_cat":0},"product_brand":[],"product_cat":[22,15,21],"product_tag":[],"class_list":{"0":"post-7955","1":"product","2":"type-product","3":"status-publish","4":"has-post-thumbnail","6":"product_cat-llenadora-de-bolsas-granos-y-polvo","7":"product_cat-llenadoras-y-selladoras-automaticas-flow-pack-sachet","8":"product_cat-maquinas-llenadoras","9":"product_shipping_class-express","11":"first","12":"instock","13":"taxable","14":"shipping-taxable","15":"purchasable","16":"product-type-simple"},"yoast_head":"<!-- This site is optimized with the Yoast SEO Premium plugin v24.9 (Yoast SEO v26.1) - https:\/\/yoast.com\/wordpress\/plugins\/seo\/ -->\n<title>M\u00e1quina Formadora y Llenadora de Bolsas Sachet ARLL1-500 | Personalizable para Polvos y Granulados - distribuci\u00f3n ARC<\/title>\n<meta name=\"robots\" content=\"index, follow, max-snippet:-1, max-image-preview:large, max-video-preview:-1\" \/>\n<link rel=\"canonical\" href=\"https:\/\/www.distribucionarc.com\/nl\/producto\/maquina-formadora-y-llenadora-de-bolsas-sachet-arll1-500-personalizable-para-polvos-y-granulados\/\" \/>\n<meta property=\"og:locale\" content=\"ro_RO\" \/>\n<meta property=\"og:type\" content=\"article\" \/>\n<meta property=\"og:title\" content=\"M\u00e1quina Formadora y Llenadora de Bolsas Sachet ARLL1-500 | Personalizable para Polvos y Granulados\" \/>\n<meta property=\"og:description\" content=\"La M\u00e1quina Formadora y Llenadora de Bolsas Sachet ARLL1-500 es ideal para envasar productos en polvo o granulados, con capacidad de llenado de 200 g a 1000 g. Ofrece alta personalizaci\u00f3n en el tama\u00f1o de las bolsas, incluye opcionalmente impresora de lote y fecha y est\u00e1 fabricada en acero inoxidable 304\/316, apta para industrias como la farmac\u00e9utica.\" \/>\n<meta property=\"og:url\" content=\"https:\/\/www.distribucionarc.com\/nl\/producto\/maquina-formadora-y-llenadora-de-bolsas-sachet-arll1-500-personalizable-para-polvos-y-granulados\/\" \/>\n<meta property=\"og:site_name\" content=\"distribuci\u00f3n ARC\" \/>\n<meta property=\"article:modified_time\" content=\"2024-09-16T18:55:27+00:00\" \/>\n<meta property=\"og:image\" content=\"https:\/\/www.distribucionarc.com\/wp-content\/uploads\/2024\/09\/Maquina-Formadora-y-Llenadora-de-Bolsas-Sachet.png\" \/>\n\t<meta property=\"og:image:width\" content=\"491\" \/>\n\t<meta property=\"og:image:height\" content=\"593\" \/>\n\t<meta property=\"og:image:type\" content=\"image\/png\" \/>\n<meta name=\"twitter:card\" content=\"summary_large_image\" \/>\n<meta name=\"twitter:label1\" content=\"Timp estimat pentru citire\" \/>\n\t<meta name=\"twitter:data1\" content=\"2 minute\" \/>\n<script type=\"application\/ld+json\" class=\"yoast-schema-graph\">{\"@context\":\"https:\/\/schema.org\",\"@graph\":[{\"@type\":\"WebPage\",\"@id\":\"https:\/\/www.distribucionarc.com\/nl\/producto\/maquina-formadora-y-llenadora-de-bolsas-sachet-arll1-500-personalizable-para-polvos-y-granulados\/\",\"url\":\"https:\/\/www.distribucionarc.com\/nl\/producto\/maquina-formadora-y-llenadora-de-bolsas-sachet-arll1-500-personalizable-para-polvos-y-granulados\/\",\"name\":\"M\u00e1quina Formadora y Llenadora de Bolsas Sachet ARLL1-500 | Personalizable para Polvos y Granulados - distribuci\u00f3n ARC\",\"isPartOf\":{\"@id\":\"https:\/\/www.distribucionarc.com\/sl\/#website\"},\"primaryImageOfPage\":{\"@id\":\"https:\/\/www.distribucionarc.com\/nl\/producto\/maquina-formadora-y-llenadora-de-bolsas-sachet-arll1-500-personalizable-para-polvos-y-granulados\/#primaryimage\"},\"image\":{\"@id\":\"https:\/\/www.distribucionarc.com\/nl\/producto\/maquina-formadora-y-llenadora-de-bolsas-sachet-arll1-500-personalizable-para-polvos-y-granulados\/#primaryimage\"},\"thumbnailUrl\":\"https:\/\/distribucionarc.com\/wp-content\/uploads\/2024\/09\/Maquina-Formadora-y-Llenadora-de-Bolsas-Sachet.png\",\"datePublished\":\"2024-09-16T18:52:07+00:00\",\"dateModified\":\"2024-09-16T18:55:27+00:00\",\"breadcrumb\":{\"@id\":\"https:\/\/www.distribucionarc.com\/nl\/producto\/maquina-formadora-y-llenadora-de-bolsas-sachet-arll1-500-personalizable-para-polvos-y-granulados\/#breadcrumb\"},\"inLanguage\":\"ro-RO\",\"potentialAction\":[{\"@type\":\"ReadAction\",\"target\":[\"https:\/\/www.distribucionarc.com\/nl\/producto\/maquina-formadora-y-llenadora-de-bolsas-sachet-arll1-500-personalizable-para-polvos-y-granulados\/\"]}]},{\"@type\":\"ImageObject\",\"inLanguage\":\"ro-RO\",\"@id\":\"https:\/\/www.distribucionarc.com\/nl\/producto\/maquina-formadora-y-llenadora-de-bolsas-sachet-arll1-500-personalizable-para-polvos-y-granulados\/#primaryimage\",\"url\":\"https:\/\/distribucionarc.com\/wp-content\/uploads\/2024\/09\/Maquina-Formadora-y-Llenadora-de-Bolsas-Sachet.png\",\"contentUrl\":\"https:\/\/distribucionarc.com\/wp-content\/uploads\/2024\/09\/Maquina-Formadora-y-Llenadora-de-Bolsas-Sachet.png\",\"width\":491,\"height\":593,\"caption\":\"M\u00e1quina Formadora y Llenadora de Bolsas Sachet\"},{\"@type\":\"BreadcrumbList\",\"@id\":\"https:\/\/www.distribucionarc.com\/nl\/producto\/maquina-formadora-y-llenadora-de-bolsas-sachet-arll1-500-personalizable-para-polvos-y-granulados\/#breadcrumb\",\"itemListElement\":[{\"@type\":\"ListItem\",\"position\":1,\"name\":\"Portada\",\"item\":\"https:\/\/www.distribucionarc.com\/\"},{\"@type\":\"ListItem\",\"position\":2,\"name\":\"\u00dcr\u00fcnler\",\"item\":\"https:\/\/www.distribucionarc.com\/tr\/magaza\/\"},{\"@type\":\"ListItem\",\"position\":3,\"name\":\"M\u00e1quina Formadora y Llenadora de Bolsas Sachet ARLL1-500 | Personalizable para Polvos y Granulados\"}]},{\"@type\":\"WebSite\",\"@id\":\"https:\/\/www.distribucionarc.com\/sl\/#website\",\"url\":\"https:\/\/www.distribucionarc.com\/sl\/\",\"name\":\"distribuci\u00f3n ARC\",\"description\":\"Empresa especializada en la fabricaci\u00f3n y distribuci\u00f3n de maquinaria industrial, selladoras de latas, Maquinas de hacer pastillas, Maquinas de cortar carne...\",\"publisher\":{\"@id\":\"https:\/\/www.distribucionarc.com\/sl\/#organization\"},\"potentialAction\":[{\"@type\":\"SearchAction\",\"target\":{\"@type\":\"EntryPoint\",\"urlTemplate\":\"https:\/\/www.distribucionarc.com\/sl\/?s={search_term_string}\"},\"query-input\":{\"@type\":\"PropertyValueSpecification\",\"valueRequired\":true,\"valueName\":\"search_term_string\"}}],\"inLanguage\":\"ro-RO\"},{\"@type\":\"Organization\",\"@id\":\"https:\/\/www.distribucionarc.com\/sl\/#organization\",\"name\":\"Distribuci\u00f3n ARC\",\"url\":\"https:\/\/www.distribucionarc.com\/sl\/\",\"logo\":{\"@type\":\"ImageObject\",\"inLanguage\":\"ro-RO\",\"@id\":\"https:\/\/www.distribucionarc.com\/sl\/#\/schema\/logo\/image\/\",\"url\":\"https:\/\/distribucionarc.com\/wp-content\/uploads\/2024\/10\/distribucion-ARC-COLOR-SIN-FONDO-e1732295305345.png\",\"contentUrl\":\"https:\/\/distribucionarc.com\/wp-content\/uploads\/2024\/10\/distribucion-ARC-COLOR-SIN-FONDO-e1732295305345.png\",\"width\":1164,\"height\":558,\"caption\":\"Distribuci\u00f3n ARC\"},\"image\":{\"@id\":\"https:\/\/www.distribucionarc.com\/sl\/#\/schema\/logo\/image\/\"},\"description\":\"Empresa especializada en la fabricaci\u00f3n y distribuci\u00f3n de maquinaria industrial para los sectores alimentario y farmac\u00e9utico. Nos especializamos en: M\u00e1quinas de cortar carne Fabricaci\u00f3n de comprimidos Sistemas de transporte industrial L\u00edneas de embotellado Dosificadores Y mucho m\u00e1s... Ofrecemos soluciones innovadoras y personalizadas para optimizar los procesos productivos de tu empresa.\",\"email\":\"Admistracion@distribucionarc.com\",\"telephone\":\"+34 643496664\",\"legalName\":\"ARC TECH SOLUTIONS\",\"foundingDate\":\"2024-04-09\",\"vatID\":\"B55480172\",\"numberOfEmployees\":{\"@type\":\"QuantitativeValue\",\"minValue\":\"1\",\"maxValue\":\"10\"}}]}<\/script>\n<!-- \/ Yoast SEO Premium plugin. -->","yoast_head_json":{"title":"Ma\u0219in\u0103 de formare \u0219i umplere a pungilor de plicule\u021be ARLL1-500 | Personalizat pentru pulberi \u0219i granule - distribu\u021bie ARC","robots":{"index":"index","follow":"follow","max-snippet":"max-snippet:-1","max-image-preview":"max-image-preview:large","max-video-preview":"max-video-preview:-1"},"canonical":"https:\/\/www.distribucionarc.com\/nl\/producto\/maquina-formadora-y-llenadora-de-bolsas-sachet-arll1-500-personalizable-para-polvos-y-granulados\/","og_locale":"ro_RO","og_type":"article","og_title":"M\u00e1quina Formadora y Llenadora de Bolsas Sachet ARLL1-500 | Personalizable para Polvos y Granulados","og_description":"La M\u00e1quina Formadora y Llenadora de Bolsas Sachet ARLL1-500 es ideal para envasar productos en polvo o granulados, con capacidad de llenado de 200 g a 1000 g. Ofrece alta personalizaci\u00f3n en el tama\u00f1o de las bolsas, incluye opcionalmente impresora de lote y fecha y est\u00e1 fabricada en acero inoxidable 304\/316, apta para industrias como la farmac\u00e9utica.","og_url":"https:\/\/www.distribucionarc.com\/nl\/producto\/maquina-formadora-y-llenadora-de-bolsas-sachet-arll1-500-personalizable-para-polvos-y-granulados\/","og_site_name":"distribuci\u00f3n ARC","article_modified_time":"2024-09-16T18:55:27+00:00","og_image":[{"width":491,"height":593,"url":"https:\/\/www.distribucionarc.com\/wp-content\/uploads\/2024\/09\/Maquina-Formadora-y-Llenadora-de-Bolsas-Sachet.png","type":"image\/png"}],"twitter_card":"summary_large_image","twitter_misc":{"Timp estimat pentru citire":"2 minute"},"schema":{"@context":"https:\/\/schema.org","@graph":[{"@type":"WebPage","@id":"https:\/\/www.distribucionarc.com\/nl\/producto\/maquina-formadora-y-llenadora-de-bolsas-sachet-arll1-500-personalizable-para-polvos-y-granulados\/","url":"https:\/\/www.distribucionarc.com\/nl\/producto\/maquina-formadora-y-llenadora-de-bolsas-sachet-arll1-500-personalizable-para-polvos-y-granulados\/","name":"Ma\u0219in\u0103 de formare \u0219i umplere a pungilor de plicule\u021be ARLL1-500 | Personalizat pentru pulberi \u0219i granule - distribu\u021bie ARC","isPartOf":{"@id":"https:\/\/www.distribucionarc.com\/sl\/#website"},"primaryImageOfPage":{"@id":"https:\/\/www.distribucionarc.com\/nl\/producto\/maquina-formadora-y-llenadora-de-bolsas-sachet-arll1-500-personalizable-para-polvos-y-granulados\/#primaryimage"},"image":{"@id":"https:\/\/www.distribucionarc.com\/nl\/producto\/maquina-formadora-y-llenadora-de-bolsas-sachet-arll1-500-personalizable-para-polvos-y-granulados\/#primaryimage"},"thumbnailUrl":"https:\/\/distribucionarc.com\/wp-content\/uploads\/2024\/09\/Maquina-Formadora-y-Llenadora-de-Bolsas-Sachet.png","datePublished":"2024-09-16T18:52:07+00:00","dateModified":"2024-09-16T18:55:27+00:00","breadcrumb":{"@id":"https:\/\/www.distribucionarc.com\/nl\/producto\/maquina-formadora-y-llenadora-de-bolsas-sachet-arll1-500-personalizable-para-polvos-y-granulados\/#breadcrumb"},"inLanguage":"ro-RO","potentialAction":[{"@type":"ReadAction","target":["https:\/\/www.distribucionarc.com\/nl\/producto\/maquina-formadora-y-llenadora-de-bolsas-sachet-arll1-500-personalizable-para-polvos-y-granulados\/"]}]},{"@type":"ImageObject","inLanguage":"ro-RO","@id":"https:\/\/www.distribucionarc.com\/nl\/producto\/maquina-formadora-y-llenadora-de-bolsas-sachet-arll1-500-personalizable-para-polvos-y-granulados\/#primaryimage","url":"https:\/\/distribucionarc.com\/wp-content\/uploads\/2024\/09\/Maquina-Formadora-y-Llenadora-de-Bolsas-Sachet.png","contentUrl":"https:\/\/distribucionarc.com\/wp-content\/uploads\/2024\/09\/Maquina-Formadora-y-Llenadora-de-Bolsas-Sachet.png","width":491,"height":593,"caption":"M\u00e1quina Formadora y Llenadora de Bolsas Sachet"},{"@type":"BreadcrumbList","@id":"https:\/\/www.distribucionarc.com\/nl\/producto\/maquina-formadora-y-llenadora-de-bolsas-sachet-arll1-500-personalizable-para-polvos-y-granulados\/#breadcrumb","itemListElement":[{"@type":"ListItem","position":1,"name":"Portada","item":"https:\/\/www.distribucionarc.com\/"},{"@type":"ListItem","position":2,"name":"\u00dcr\u00fcnler","item":"https:\/\/www.distribucionarc.com\/tr\/magaza\/"},{"@type":"ListItem","position":3,"name":"M\u00e1quina Formadora y Llenadora de Bolsas Sachet ARLL1-500 | Personalizable para Polvos y Granulados"}]},{"@type":"WebSite","@id":"https:\/\/www.distribucionarc.com\/sl\/#website","url":"https:\/\/www.distribucionarc.com\/sl\/","name":"Distribu\u021bie ARC","description":"Companie specializat\u0103 \u00een fabricarea \u0219i distribu\u021bia de utilaje industriale, ma\u0219ini de sigilat cutii, ma\u0219ini de fabricat tablete, ma\u0219ini de t\u0103iat carne...","publisher":{"@id":"https:\/\/www.distribucionarc.com\/sl\/#organization"},"potentialAction":[{"@type":"SearchAction","target":{"@type":"EntryPoint","urlTemplate":"https:\/\/www.distribucionarc.com\/sl\/?s={search_term_string}"},"query-input":{"@type":"PropertyValueSpecification","valueRequired":true,"valueName":"search_term_string"}}],"inLanguage":"ro-RO"},{"@type":"Organization","@id":"https:\/\/www.distribucionarc.com\/sl\/#organization","name":"Distribu\u021bie ARC","url":"https:\/\/www.distribucionarc.com\/sl\/","logo":{"@type":"ImageObject","inLanguage":"ro-RO","@id":"https:\/\/www.distribucionarc.com\/sl\/#\/schema\/logo\/image\/","url":"https:\/\/distribucionarc.com\/wp-content\/uploads\/2024\/10\/distribucion-ARC-COLOR-SIN-FONDO-e1732295305345.png","contentUrl":"https:\/\/distribucionarc.com\/wp-content\/uploads\/2024\/10\/distribucion-ARC-COLOR-SIN-FONDO-e1732295305345.png","width":1164,"height":558,"caption":"Distribuci\u00f3n ARC"},"image":{"@id":"https:\/\/www.distribucionarc.com\/sl\/#\/schema\/logo\/image\/"},"description":"Companie specializat\u0103 \u00een fabricarea \u0219i distribu\u021bia de utilaje industriale pentru sectoarele alimentar \u0219i farmaceutic. Suntem specializa\u021bi \u00een: Ma\u0219ini de t\u0103iat carne Fabricarea tabletelor Sisteme de transport industrial Linii de \u00eembuteliere Distribuitoare \u0218i multe altele... Oferim solu\u021bii inovatoare \u0219i personalizate pentru a optimiza procesele de produc\u021bie ale companiei dumneavoastr\u0103.","email":"Admistracion@distribucionarc.com","telephone":"+34 643496664","legalName":"ARC TECH SOLUTIONS","foundingDate":"2024-04-09","vatID":"B55480172","numberOfEmployees":{"@type":"QuantitativeValue","minValue":"1","maxValue":"10"}}]}},"_links":{"self":[{"href":"https:\/\/distribucionarc.com\/ro\/wp-json\/wp\/v2\/product\/7955","targetHints":{"allow":["GET"]}}],"collection":[{"href":"https:\/\/distribucionarc.com\/ro\/wp-json\/wp\/v2\/product"}],"about":[{"href":"https:\/\/distribucionarc.com\/ro\/wp-json\/wp\/v2\/types\/product"}],"replies":[{"embeddable":true,"href":"https:\/\/distribucionarc.com\/ro\/wp-json\/wp\/v2\/comments?post=7955"}],"version-history":[{"count":0,"href":"https:\/\/distribucionarc.com\/ro\/wp-json\/wp\/v2\/product\/7955\/revisions"}],"wp:featuredmedia":[{"embeddable":true,"href":"https:\/\/distribucionarc.com\/ro\/wp-json\/wp\/v2\/media\/7956"}],"wp:attachment":[{"href":"https:\/\/distribucionarc.com\/ro\/wp-json\/wp\/v2\/media?parent=7955"}],"wp:term":[{"taxonomy":"product_brand","embeddable":true,"href":"https:\/\/distribucionarc.com\/ro\/wp-json\/wp\/v2\/product_brand?post=7955"},{"taxonomy":"product_cat","embeddable":true,"href":"https:\/\/distribucionarc.com\/ro\/wp-json\/wp\/v2\/product_cat?post=7955"},{"taxonomy":"product_tag","embeddable":true,"href":"https:\/\/distribucionarc.com\/ro\/wp-json\/wp\/v2\/product_tag?post=7955"}],"curies":[{"name":"wp","href":"https:\/\/api.w.org\/{rel}","templated":true}]}}