{"id":799,"date":"2020-07-10T11:03:05","date_gmt":"2020-07-10T11:03:05","guid":{"rendered":"https:\/\/distribucionarc.com\/?post_type=product&#038;p=799"},"modified":"2023-01-13T16:44:36","modified_gmt":"2023-01-13T16:44:36","slug":"cuptor-electric-pentru-pizza-cu-2-niveluri","status":"publish","type":"product","link":"https:\/\/distribucionarc.com\/ro\/producto\/horno-de-pizza-de-2-niveles-de-piedra-electrico\/","title":{"rendered":"Cuptor electric pentru pizza din piatr\u0103 cu 2 niveluri"},"content":{"rendered":"<h3>Cuptor electric pentru pizza din piatr\u0103 cu 2 niveluri <span style=\"color: #ff0000;\">LA<\/span><span style=\"color: #0000ff;\">R<\/span>CHPN2<\/h3>\n<p>&nbsp;<\/p>\n<p>Temperatura poate fi reglat\u0103 individual pentru a crea pizza perfect\u0103 \u0219i gustoas\u0103. El <strong>cuptor pentru pizza<\/strong> poate fi \u00eenc\u0103lzit la o temperatur\u0103 maxim\u0103 de 350 \u00b0 C. De \u00eendat\u0103 ce temperatura dorit\u0103 este atins\u0103, cuptorul pentru pizza men\u021bine <strong><span style=\"color: #008000;\">temperatura constanta cu consum minim de energie<\/span><\/strong>. Acest lucru garanteaz\u0103 pizza crocant\u0103 \u0219i alte feluri de m\u00e2ncare din aluat. Are dou\u0103 niveluri pentru a cre\u0219te produc\u021bia<\/p>\n<p>Cuptorul pentru pizza <span style=\"color: #ff0000;\">LA<\/span><span style=\"color: #0000ff;\">R<\/span>CHPN2 are \u0219tifturi de cauciuc antiderapante \u0219i construc\u021bia solid\u0103 asigur\u0103 o pozi\u021bie sigur\u0103. Pentru g\u0103tit perfect, cuptorul pentru pizza are iluminat \u00eencorporat \u0219i u\u0219i din sticl\u0103. Suprafa\u021ba de g\u0103tit este dotat\u0103 cu a <strong>c\u0103r\u0103mid\u0103 de foc<\/strong>. Piatra ignifuga face pizza ca a <strong>cuptor de piatra,<\/strong>\u00a0 stocarea c\u0103ldurii emise. Piatra asigur\u0103 astfel pizza o temperatur\u0103 constant\u0103 \u0219i le face crocante.<\/p>\n<p>Partea frontal\u0103 a cuptorului pentru pizza este realizat\u0103 din o\u021bel inoxidabil \u0219i este <strong>usor de curatat.<\/strong> Datorit\u0103 prelucr\u0103rii materialelor rezistente la c\u0103ldur\u0103 \u0219i f\u0103r\u0103 rugin\u0103, cuptorul nu este doar robust, ci are \u0219i o durat\u0103 de via\u021b\u0103 lung\u0103. proiectat pentru lucru prelungit adecvat pentru uz industrial<\/p>\n<p>&nbsp;<\/p>\n<h6><strong>garan\u021bie\u00a0<span style=\"color: #ff0000;\">LA<\/span><span style=\"color: #0000ff;\">R<\/span>C 2 ANI<\/strong><\/h6>\n<h6><span style=\"color: #008000;\"><strong>Cuptor pizza eficient consum mic 2500w<\/strong><\/span><\/h6>\n<h6><strong>suport tehnic inclus.<\/strong><\/h6>\n<p>&nbsp;<\/p>\n<p><iframe loading=\"lazy\" src=\"https:\/\/www.youtube.com\/embed\/M6amTii8wPs\" width=\"560\" height=\"315\" frameborder=\"0\" allowfullscreen=\"allowfullscreen\"><\/iframe><\/p>\n<table role=\"presentation\" width=\"100%\" cellspacing=\"0\" cellpadding=\"0\">\n<tbody>\n<tr>\n<td class=\"attrLabels\">Temperatur\u0103:<\/td>\n<td width=\"50.0%\">0-350\u00baC<\/td>\n<\/tr>\n<tr>\n<td class=\"attrLabels\">\u021aara de distribu\u021bie:<\/td>\n<td width=\"50.0%\">Spania, Germania, SUA<\/td>\n<td class=\"attrLabels\">Greutate:<\/td>\n<td width=\"50.0%\">26.kg<\/td>\n<\/tr>\n<tr>\n<td class=\"attrLabels\">Marca:<\/td>\n<td width=\"50.0%\">ARC<\/td>\n<td class=\"attrLabels\">\u00cen\u0103l\u0163ime:<\/td>\n<td width=\"50.0%\">48 cm<\/td>\n<\/tr>\n<tr>\n<td class=\"attrLabels\">Culoare:<\/td>\n<td width=\"50.0%\">Argint<\/td>\n<td class=\"attrLabels\">Lung:<\/td>\n<td width=\"50.0%\">63 cm<\/td>\n<\/tr>\n<tr>\n<td class=\"attrLabels\">Tip produs:<\/td>\n<td width=\"50.0%\">cuptor de piatra<\/td>\n<td class=\"attrLabels\">Larg:<\/td>\n<td width=\"50.0%\">58 cm<\/td>\n<\/tr>\n<tr>\n<td class=\"attrLabels\">Numar producator:<\/td>\n<td width=\"50.0%\"><span style=\"color: #ff0000;\">LA<\/span><span style=\"color: #0000ff;\">R<\/span>CHPN2<\/td>\n<td class=\"attrLabels\">Putere:<\/td>\n<td width=\"50.0%\">2500W<\/td>\n<\/tr>\n<tr>\n<td class=\"attrLabels\">Material:<\/td>\n<td width=\"50.0%\">otel inoxidabil, piatra reflectorizanta<\/td>\n<td class=\"attrLabels\">Tensiune de intrare<\/td>\n<td width=\"50.0%\">230V \u2013 50Hz<\/td>\n<\/tr>\n<tr>\n<td class=\"attrLabels\">L\u0103\u0163ime:<\/td>\n<td width=\"50.0%\">57 cm<\/td>\n<td class=\"attrLabels\">Modele de formulare:<\/td>\n<td width=\"50.0%\">al 5-lea buc<\/td>\n<\/tr>\n<tr>\n<td class=\"attrLabels\">Instrumente de instalare:<\/td>\n<td width=\"50.0%\">Da<\/td>\n<td class=\"attrLabels\">Garantie:<\/td>\n<td width=\"50.0%\">ARC 2 ANI<\/td>\n<\/tr>\n<\/tbody>\n<\/table>\n<p>&nbsp;<\/p>","protected":false},"excerpt":{"rendered":"<h2>Cuptor pentru pizza cu 2 niveluri <span style=\"color: #ff0000;\">LA<\/span><span style=\"color: #0000ff;\">R<\/span>CHPN2<\/h2>\n<p>&nbsp;<\/p>\n<p>Cuptorul pizza 2 x 40 este un cuptor compact si robust din otel inoxidabil. Acest cuptor pentru pizza de <strong><span style=\"color: #ff0000;\">LA<\/span><span style=\"color: #0000ff;\">R<\/span>c<\/strong> Nu are doar pl\u0103ci de piatr\u0103, ci \u0219i lumini pentru camer\u0103. Exist\u0103 loc pentru 2 pizza de aproximativ 40 de centimetri \u00een acela\u0219i timp. Acest cuptor pentru pizza <strong><span style=\"color: #ff0000;\">LA<\/span><span style=\"color: #0000ff;\">R<\/span>CHPN2<\/strong><\/p>\n<p>Este ceva ce poate fi ridicat, deoarece nu c\u00e2nt\u0103re\u0219te mai mult de 26 de kilograme. Lucrul convenabil la acest cuptor pentru pizza este c\u0103 pute\u021bi regla temperatura dup\u0103 camer\u0103 at\u00e2t \u00een partea de jos, c\u00e2t \u0219i \u00een partea de sus.<\/p>\n<p>&nbsp;<\/p>\n<h6><strong>garan\u021bie\u00a0<span style=\"color: #ff0000;\">LA<\/span><span style=\"color: #0000ff;\">R<\/span>C 2 ANI<\/strong><\/h6>\n<h6><span style=\"color: #008000;\"><strong>Cuptor pizza eficient consum mic 2500w<\/strong><\/span><\/h6>\n<h6><strong>suport tehnic inclus.<\/strong><\/h6>","protected":false},"featured_media":800,"comment_status":"open","ping_status":"closed","template":"","meta":{"wds_primary_product_brand":0,"wds_primary_product_cat":0},"product_brand":[],"product_cat":[40],"product_tag":[],"class_list":{"0":"post-799","1":"product","2":"type-product","3":"status-publish","4":"has-post-thumbnail","6":"product_cat-hornos","7":"product_shipping_class-hosteleria","9":"first","10":"instock","11":"sale","12":"taxable","13":"shipping-taxable","14":"purchasable","15":"product-type-simple"},"yoast_head":"<!-- This site is optimized with the Yoast SEO Premium plugin v24.9 (Yoast SEO v26.1) - https:\/\/yoast.com\/wordpress\/plugins\/seo\/ -->\n<title>Horno de pizza de 2 niveles de piedra electrico - distribuci\u00f3n ARC<\/title>\n<meta name=\"robots\" content=\"index, follow, max-snippet:-1, max-image-preview:large, max-video-preview:-1\" \/>\n<link rel=\"canonical\" href=\"https:\/\/www.distribucionarc.com\/producto\/horno-de-pizza-de-2-niveles-de-piedra-electrico\/\" \/>\n<meta property=\"og:locale\" content=\"ro_RO\" \/>\n<meta property=\"og:type\" content=\"article\" \/>\n<meta property=\"og:title\" content=\"Horno de pizza de 2 niveles de piedra electrico\" \/>\n<meta property=\"og:description\" content=\"Horno de pizza de 2 niveles ARCHPN2 &nbsp;  Horno de pizza 2 x 40 es un horno compacto y robusto hecho de acero inoxidable. Este horno de pizza por ARC no s\u00f3lo tiene placas de piedra, pero tambi\u00e9n luces de la c\u00e1mara. Hay espacio para 2 pizzas de alrededor de 40 cent\u00edmetros al mismo tiempo. Este horno de pizza ARCHPN2  es algo que se puede levantar, ya que no pesa m\u00e1s de 26 kilogramos. Lo conveniente de este horno de pizza es que se puede ajustar la temperatura por c\u00e1mara tanto en la parte inferior y la parte superior.  &nbsp; garantia\u00a0ARC 2A\u00d1OS Horno Pizza eficiente bajo consumo 2500w soporte tecnico incluido.\" \/>\n<meta property=\"og:url\" content=\"https:\/\/www.distribucionarc.com\/producto\/horno-de-pizza-de-2-niveles-de-piedra-electrico\/\" \/>\n<meta property=\"og:site_name\" content=\"distribuci\u00f3n ARC\" \/>\n<meta property=\"article:modified_time\" content=\"2023-01-13T16:44:36+00:00\" \/>\n<meta property=\"og:image\" content=\"https:\/\/www.distribucionarc.com\/wp-content\/uploads\/2020\/07\/Horno-de-pizza-de-2-niveles-de-piedra-electrico-0.jpg\" \/>\n\t<meta property=\"og:image:width\" content=\"1600\" \/>\n\t<meta property=\"og:image:height\" content=\"1600\" \/>\n\t<meta property=\"og:image:type\" content=\"image\/jpeg\" \/>\n<meta name=\"twitter:card\" content=\"summary_large_image\" \/>\n<meta name=\"twitter:label1\" content=\"Timp estimat pentru citire\" \/>\n\t<meta name=\"twitter:data1\" content=\"1 minut\" \/>\n<script type=\"application\/ld+json\" class=\"yoast-schema-graph\">{\"@context\":\"https:\/\/schema.org\",\"@graph\":[{\"@type\":\"WebPage\",\"@id\":\"https:\/\/www.distribucionarc.com\/producto\/horno-de-pizza-de-2-niveles-de-piedra-electrico\/\",\"url\":\"https:\/\/www.distribucionarc.com\/producto\/horno-de-pizza-de-2-niveles-de-piedra-electrico\/\",\"name\":\"Horno de pizza de 2 niveles de piedra electrico - distribuci\u00f3n ARC\",\"isPartOf\":{\"@id\":\"https:\/\/www.distribucionarc.com\/sl\/#website\"},\"primaryImageOfPage\":{\"@id\":\"https:\/\/www.distribucionarc.com\/producto\/horno-de-pizza-de-2-niveles-de-piedra-electrico\/#primaryimage\"},\"image\":{\"@id\":\"https:\/\/www.distribucionarc.com\/producto\/horno-de-pizza-de-2-niveles-de-piedra-electrico\/#primaryimage\"},\"thumbnailUrl\":\"https:\/\/distribucionarc.com\/wp-content\/uploads\/2020\/07\/Horno-de-pizza-de-2-niveles-de-piedra-electrico-0.jpg\",\"datePublished\":\"2020-07-10T11:03:05+00:00\",\"dateModified\":\"2023-01-13T16:44:36+00:00\",\"breadcrumb\":{\"@id\":\"https:\/\/www.distribucionarc.com\/producto\/horno-de-pizza-de-2-niveles-de-piedra-electrico\/#breadcrumb\"},\"inLanguage\":\"ro-RO\",\"potentialAction\":[{\"@type\":\"ReadAction\",\"target\":[\"https:\/\/www.distribucionarc.com\/producto\/horno-de-pizza-de-2-niveles-de-piedra-electrico\/\"]}]},{\"@type\":\"ImageObject\",\"inLanguage\":\"ro-RO\",\"@id\":\"https:\/\/www.distribucionarc.com\/producto\/horno-de-pizza-de-2-niveles-de-piedra-electrico\/#primaryimage\",\"url\":\"https:\/\/distribucionarc.com\/wp-content\/uploads\/2020\/07\/Horno-de-pizza-de-2-niveles-de-piedra-electrico-0.jpg\",\"contentUrl\":\"https:\/\/distribucionarc.com\/wp-content\/uploads\/2020\/07\/Horno-de-pizza-de-2-niveles-de-piedra-electrico-0.jpg\",\"width\":1600,\"height\":1600,\"caption\":\"Horno-de-pizza-de-2-niveles-de-piedra-electrico\"},{\"@type\":\"BreadcrumbList\",\"@id\":\"https:\/\/www.distribucionarc.com\/producto\/horno-de-pizza-de-2-niveles-de-piedra-electrico\/#breadcrumb\",\"itemListElement\":[{\"@type\":\"ListItem\",\"position\":1,\"name\":\"Portada\",\"item\":\"https:\/\/www.distribucionarc.com\/\"},{\"@type\":\"ListItem\",\"position\":2,\"name\":\"\u00dcr\u00fcnler\",\"item\":\"https:\/\/www.distribucionarc.com\/tr\/magaza\/\"},{\"@type\":\"ListItem\",\"position\":3,\"name\":\"Horno de pizza de 2 niveles de piedra electrico\"}]},{\"@type\":\"WebSite\",\"@id\":\"https:\/\/www.distribucionarc.com\/sl\/#website\",\"url\":\"https:\/\/www.distribucionarc.com\/sl\/\",\"name\":\"distribuci\u00f3n ARC\",\"description\":\"Empresa especializada en la fabricaci\u00f3n y distribuci\u00f3n de maquinaria industrial, selladoras de latas, Maquinas de hacer pastillas, Maquinas de cortar carne...\",\"publisher\":{\"@id\":\"https:\/\/www.distribucionarc.com\/sl\/#organization\"},\"potentialAction\":[{\"@type\":\"SearchAction\",\"target\":{\"@type\":\"EntryPoint\",\"urlTemplate\":\"https:\/\/www.distribucionarc.com\/sl\/?s={search_term_string}\"},\"query-input\":{\"@type\":\"PropertyValueSpecification\",\"valueRequired\":true,\"valueName\":\"search_term_string\"}}],\"inLanguage\":\"ro-RO\"},{\"@type\":\"Organization\",\"@id\":\"https:\/\/www.distribucionarc.com\/sl\/#organization\",\"name\":\"Distribuci\u00f3n ARC\",\"url\":\"https:\/\/www.distribucionarc.com\/sl\/\",\"logo\":{\"@type\":\"ImageObject\",\"inLanguage\":\"ro-RO\",\"@id\":\"https:\/\/www.distribucionarc.com\/sl\/#\/schema\/logo\/image\/\",\"url\":\"https:\/\/distribucionarc.com\/wp-content\/uploads\/2024\/10\/distribucion-ARC-COLOR-SIN-FONDO-e1732295305345.png\",\"contentUrl\":\"https:\/\/distribucionarc.com\/wp-content\/uploads\/2024\/10\/distribucion-ARC-COLOR-SIN-FONDO-e1732295305345.png\",\"width\":1164,\"height\":558,\"caption\":\"Distribuci\u00f3n ARC\"},\"image\":{\"@id\":\"https:\/\/www.distribucionarc.com\/sl\/#\/schema\/logo\/image\/\"},\"description\":\"Empresa especializada en la fabricaci\u00f3n y distribuci\u00f3n de maquinaria industrial para los sectores alimentario y farmac\u00e9utico. Nos especializamos en: M\u00e1quinas de cortar carne Fabricaci\u00f3n de comprimidos Sistemas de transporte industrial L\u00edneas de embotellado Dosificadores Y mucho m\u00e1s... Ofrecemos soluciones innovadoras y personalizadas para optimizar los procesos productivos de tu empresa.\",\"email\":\"Admistracion@distribucionarc.com\",\"telephone\":\"+34 643496664\",\"legalName\":\"ARC TECH SOLUTIONS\",\"foundingDate\":\"2024-04-09\",\"vatID\":\"B55480172\",\"numberOfEmployees\":{\"@type\":\"QuantitativeValue\",\"minValue\":\"1\",\"maxValue\":\"10\"}}]}<\/script>\n<!-- \/ Yoast SEO Premium plugin. -->","yoast_head_json":{"title":"Cuptor pizza electric pe 2 trepte din piatra - distributie ARC","robots":{"index":"index","follow":"follow","max-snippet":"max-snippet:-1","max-image-preview":"max-image-preview:large","max-video-preview":"max-video-preview:-1"},"canonical":"https:\/\/www.distribucionarc.com\/producto\/horno-de-pizza-de-2-niveles-de-piedra-electrico\/","og_locale":"ro_RO","og_type":"article","og_title":"Horno de pizza de 2 niveles de piedra electrico","og_description":"Horno de pizza de 2 niveles ARCHPN2 &nbsp;  Horno de pizza 2 x 40 es un horno compacto y robusto hecho de acero inoxidable. Este horno de pizza por ARC no s\u00f3lo tiene placas de piedra, pero tambi\u00e9n luces de la c\u00e1mara. Hay espacio para 2 pizzas de alrededor de 40 cent\u00edmetros al mismo tiempo. Este horno de pizza ARCHPN2  es algo que se puede levantar, ya que no pesa m\u00e1s de 26 kilogramos. Lo conveniente de este horno de pizza es que se puede ajustar la temperatura por c\u00e1mara tanto en la parte inferior y la parte superior.  &nbsp; garantia\u00a0ARC 2A\u00d1OS Horno Pizza eficiente bajo consumo 2500w soporte tecnico incluido.","og_url":"https:\/\/www.distribucionarc.com\/producto\/horno-de-pizza-de-2-niveles-de-piedra-electrico\/","og_site_name":"distribuci\u00f3n ARC","article_modified_time":"2023-01-13T16:44:36+00:00","og_image":[{"width":1600,"height":1600,"url":"https:\/\/www.distribucionarc.com\/wp-content\/uploads\/2020\/07\/Horno-de-pizza-de-2-niveles-de-piedra-electrico-0.jpg","type":"image\/jpeg"}],"twitter_card":"summary_large_image","twitter_misc":{"Timp estimat pentru citire":"1 minut"},"schema":{"@context":"https:\/\/schema.org","@graph":[{"@type":"WebPage","@id":"https:\/\/www.distribucionarc.com\/producto\/horno-de-pizza-de-2-niveles-de-piedra-electrico\/","url":"https:\/\/www.distribucionarc.com\/producto\/horno-de-pizza-de-2-niveles-de-piedra-electrico\/","name":"Cuptor pizza electric pe 2 trepte din piatra - distributie ARC","isPartOf":{"@id":"https:\/\/www.distribucionarc.com\/sl\/#website"},"primaryImageOfPage":{"@id":"https:\/\/www.distribucionarc.com\/producto\/horno-de-pizza-de-2-niveles-de-piedra-electrico\/#primaryimage"},"image":{"@id":"https:\/\/www.distribucionarc.com\/producto\/horno-de-pizza-de-2-niveles-de-piedra-electrico\/#primaryimage"},"thumbnailUrl":"https:\/\/distribucionarc.com\/wp-content\/uploads\/2020\/07\/Horno-de-pizza-de-2-niveles-de-piedra-electrico-0.jpg","datePublished":"2020-07-10T11:03:05+00:00","dateModified":"2023-01-13T16:44:36+00:00","breadcrumb":{"@id":"https:\/\/www.distribucionarc.com\/producto\/horno-de-pizza-de-2-niveles-de-piedra-electrico\/#breadcrumb"},"inLanguage":"ro-RO","potentialAction":[{"@type":"ReadAction","target":["https:\/\/www.distribucionarc.com\/producto\/horno-de-pizza-de-2-niveles-de-piedra-electrico\/"]}]},{"@type":"ImageObject","inLanguage":"ro-RO","@id":"https:\/\/www.distribucionarc.com\/producto\/horno-de-pizza-de-2-niveles-de-piedra-electrico\/#primaryimage","url":"https:\/\/distribucionarc.com\/wp-content\/uploads\/2020\/07\/Horno-de-pizza-de-2-niveles-de-piedra-electrico-0.jpg","contentUrl":"https:\/\/distribucionarc.com\/wp-content\/uploads\/2020\/07\/Horno-de-pizza-de-2-niveles-de-piedra-electrico-0.jpg","width":1600,"height":1600,"caption":"Horno-de-pizza-de-2-niveles-de-piedra-electrico"},{"@type":"BreadcrumbList","@id":"https:\/\/www.distribucionarc.com\/producto\/horno-de-pizza-de-2-niveles-de-piedra-electrico\/#breadcrumb","itemListElement":[{"@type":"ListItem","position":1,"name":"Portada","item":"https:\/\/www.distribucionarc.com\/"},{"@type":"ListItem","position":2,"name":"\u00dcr\u00fcnler","item":"https:\/\/www.distribucionarc.com\/tr\/magaza\/"},{"@type":"ListItem","position":3,"name":"Horno de pizza de 2 niveles de piedra electrico"}]},{"@type":"WebSite","@id":"https:\/\/www.distribucionarc.com\/sl\/#website","url":"https:\/\/www.distribucionarc.com\/sl\/","name":"Distribu\u021bie ARC","description":"Companie specializat\u0103 \u00een fabricarea \u0219i distribu\u021bia de utilaje industriale, ma\u0219ini de sigilat cutii, ma\u0219ini de fabricat tablete, ma\u0219ini de t\u0103iat carne...","publisher":{"@id":"https:\/\/www.distribucionarc.com\/sl\/#organization"},"potentialAction":[{"@type":"SearchAction","target":{"@type":"EntryPoint","urlTemplate":"https:\/\/www.distribucionarc.com\/sl\/?s={search_term_string}"},"query-input":{"@type":"PropertyValueSpecification","valueRequired":true,"valueName":"search_term_string"}}],"inLanguage":"ro-RO"},{"@type":"Organization","@id":"https:\/\/www.distribucionarc.com\/sl\/#organization","name":"Distribu\u021bie ARC","url":"https:\/\/www.distribucionarc.com\/sl\/","logo":{"@type":"ImageObject","inLanguage":"ro-RO","@id":"https:\/\/www.distribucionarc.com\/sl\/#\/schema\/logo\/image\/","url":"https:\/\/distribucionarc.com\/wp-content\/uploads\/2024\/10\/distribucion-ARC-COLOR-SIN-FONDO-e1732295305345.png","contentUrl":"https:\/\/distribucionarc.com\/wp-content\/uploads\/2024\/10\/distribucion-ARC-COLOR-SIN-FONDO-e1732295305345.png","width":1164,"height":558,"caption":"Distribuci\u00f3n ARC"},"image":{"@id":"https:\/\/www.distribucionarc.com\/sl\/#\/schema\/logo\/image\/"},"description":"Companie specializat\u0103 \u00een fabricarea \u0219i distribu\u021bia de utilaje industriale pentru sectoarele alimentar \u0219i farmaceutic. Suntem specializa\u021bi \u00een: Ma\u0219ini de t\u0103iat carne Fabricarea tabletelor Sisteme de transport industrial Linii de \u00eembuteliere Distribuitoare \u0218i multe altele... Oferim solu\u021bii inovatoare \u0219i personalizate pentru a optimiza procesele de produc\u021bie ale companiei dumneavoastr\u0103.","email":"Admistracion@distribucionarc.com","telephone":"+34 643496664","legalName":"ARC TECH SOLUTIONS","foundingDate":"2024-04-09","vatID":"B55480172","numberOfEmployees":{"@type":"QuantitativeValue","minValue":"1","maxValue":"10"}}]}},"_links":{"self":[{"href":"https:\/\/distribucionarc.com\/ro\/wp-json\/wp\/v2\/product\/799","targetHints":{"allow":["GET"]}}],"collection":[{"href":"https:\/\/distribucionarc.com\/ro\/wp-json\/wp\/v2\/product"}],"about":[{"href":"https:\/\/distribucionarc.com\/ro\/wp-json\/wp\/v2\/types\/product"}],"replies":[{"embeddable":true,"href":"https:\/\/distribucionarc.com\/ro\/wp-json\/wp\/v2\/comments?post=799"}],"version-history":[{"count":0,"href":"https:\/\/distribucionarc.com\/ro\/wp-json\/wp\/v2\/product\/799\/revisions"}],"wp:featuredmedia":[{"embeddable":true,"href":"https:\/\/distribucionarc.com\/ro\/wp-json\/wp\/v2\/media\/800"}],"wp:attachment":[{"href":"https:\/\/distribucionarc.com\/ro\/wp-json\/wp\/v2\/media?parent=799"}],"wp:term":[{"taxonomy":"product_brand","embeddable":true,"href":"https:\/\/distribucionarc.com\/ro\/wp-json\/wp\/v2\/product_brand?post=799"},{"taxonomy":"product_cat","embeddable":true,"href":"https:\/\/distribucionarc.com\/ro\/wp-json\/wp\/v2\/product_cat?post=799"},{"taxonomy":"product_tag","embeddable":true,"href":"https:\/\/distribucionarc.com\/ro\/wp-json\/wp\/v2\/product_tag?post=799"}],"curies":[{"name":"wp","href":"https:\/\/api.w.org\/{rel}","templated":true}]}}