{"id":8202,"date":"2024-10-28T13:48:47","date_gmt":"2024-10-28T13:48:47","guid":{"rendered":"https:\/\/distribucionarc.com\/?post_type=product&#038;p=8202"},"modified":"2024-10-28T22:48:35","modified_gmt":"2024-10-28T22:48:35","slug":"sigilant-automat-liniar-pentru-conserve-anr09","status":"publish","type":"product","link":"https:\/\/distribucionarc.com\/ro\/producto\/selladora-de-latas-automatica-lineal-anr09\/","title":{"rendered":"ANR09 Sigilator liniar automat pentru conserve"},"content":{"rendered":"<p>The <strong>ma\u0219in\u0103 liniar\u0103 de etan\u0219at cutii model ANR09<\/strong> este un echipament industrial avansat conceput pentru etan\u0219area ermetic\u0103 \u0219i automat\u0103 a conservelor, utilizat \u00een principal \u00een sectoare precum alimenta\u021bia, b\u0103uturile \u0219i produsele chimice. Principalul s\u0103u avantaj este capacitatea sa de a se adapta la diferite dimensiuni de conserve \u0219i sistemul s\u0103u precis de etan\u0219are, f\u0103c\u00e2ndu-l un instrument cheie \u00een produc\u021bia de mas\u0103 a conservelor.<\/p>\n<p>Func\u021bia principal\u0103 a <strong>aparatul ANR09<\/strong> este de a \u00eenchide ermetic recipientele, protej\u00e2nd con\u021binutul \u00eempotriva contactului cu aerul \u0219i al\u021bi contaminan\u021bi externi. Se instaleaz\u0103 matri\u021ba adecvat\u0103 \u00een func\u021bie de dimensiunea conservelor. Cutiile sunt a\u0219ezate pe o curea de 3 metri care le transport\u0103 \u00een zona de etan\u0219are. Cu un senzor care aliniaz\u0103 cutiile \u00eenainte de a sigila, oprind ma\u0219ina dac\u0103 detecteaz\u0103 nealinieri. Platforma rotativ\u0103 aplic\u0103 o presiune uniform\u0103 fiec\u0103rei cutii printr-un sistem cu 4 lag\u0103re, realiz\u00e2nd o etan\u0219are etan\u0219\u0103. Cutiile sigilate ies gata pentru ambalare sau transport.<\/p>\n<p><strong>Ma\u0219ina de etan\u0219at cutii ANR09<\/strong> Este un echipament esen\u021bial \u00een industria modern\u0103, permi\u021b\u00e2nd etan\u0219area rapid\u0103, eficient\u0103 \u0219i sigur\u0103 a conservelor \u00een diverse aplica\u021bii. Cu combina\u021bia sa de tehnologii avansate \u0219i componente de \u00eenalt\u0103 calitate, aceast\u0103 ma\u0219in\u0103 ofer\u0103 o solu\u021bie cuprinz\u0103toare pentru conservare, men\u021binerea calit\u0103\u021bii \u0219i siguran\u021bei produsului.<\/p>\n<p>&nbsp;<\/p>\n<p><a href=\"https:\/\/distribucionarc.com\/wp-content\/uploads\/2024\/10\/Vista-Frontal-de-la-Maquina-Selladora-ANR09.png\">\u00a0<img loading=\"lazy\" decoding=\"async\" class=\"alignnone size-medium wp-image-8203\" src=\"https:\/\/distribucionarc.com\/wp-content\/uploads\/2024\/10\/Vista-Frontal-de-la-Maquina-Selladora-ANR09-300x236.png\" alt=\"\" width=\"300\" height=\"236\" srcset=\"https:\/\/distribucionarc.com\/wp-content\/uploads\/2024\/10\/Vista-Frontal-de-la-Maquina-Selladora-ANR09-300x236.png 300w, https:\/\/distribucionarc.com\/wp-content\/uploads\/2024\/10\/Vista-Frontal-de-la-Maquina-Selladora-ANR09-430x339.png 430w, https:\/\/distribucionarc.com\/wp-content\/uploads\/2024\/10\/Vista-Frontal-de-la-Maquina-Selladora-ANR09-150x118.png 150w, https:\/\/distribucionarc.com\/wp-content\/uploads\/2024\/10\/Vista-Frontal-de-la-Maquina-Selladora-ANR09-600x473.png 600w, https:\/\/distribucionarc.com\/wp-content\/uploads\/2024\/10\/Vista-Frontal-de-la-Maquina-Selladora-ANR09-15x12.png 15w, https:\/\/distribucionarc.com\/wp-content\/uploads\/2024\/10\/Vista-Frontal-de-la-Maquina-Selladora-ANR09.png 618w\" sizes=\"auto, (max-width: 300px) 100vw, 300px\" \/><\/a><\/p>\n<p>&nbsp;<\/p>\n<table>\n<thead>\n<tr>\n<th><strong>Caietul de sarcini<\/strong><\/th>\n<th><strong>Detalii<\/strong><\/th>\n<\/tr>\n<\/thead>\n<tbody>\n<tr>\n<td><strong>Model<\/strong><\/td>\n<td>ANR09<\/td>\n<\/tr>\n<tr>\n<td><strong>SKU<\/strong><\/td>\n<td>AR00106<\/td>\n<\/tr>\n<tr>\n<td><strong>Dimensiunea ma\u0219inii<\/strong><\/td>\n<td>3000 mm (lungime) x 900 mm (l\u0103\u021bime) x 1570 mm (\u00een\u0103l\u021bime)<\/td>\n<\/tr>\n<tr>\n<td><strong>Banda transportoare<\/strong><\/td>\n<td>3 metri lungime<\/td>\n<\/tr>\n<tr>\n<td><strong>Voltaj<\/strong><\/td>\n<td>220V\/50Hz<\/td>\n<\/tr>\n<tr>\n<td><strong>Viteza de etan\u0219are<\/strong><\/td>\n<td>25-30 de conserve pe minut<\/td>\n<\/tr>\n<tr>\n<td><strong>Lag\u0103re de etan\u0219are<\/strong><\/td>\n<td>4<\/td>\n<\/tr>\n<tr>\n<td><strong>Diametrul poate aplicabil<\/strong><\/td>\n<td>50-130mm (reglabil \u00een func\u021bie de matri\u021b\u0103)<\/td>\n<\/tr>\n<tr>\n<td><strong>Putere<\/strong><\/td>\n<td>1,7 kW<\/td>\n<\/tr>\n<tr>\n<td><strong>Greutate<\/strong><\/td>\n<td>500 kg<\/td>\n<\/tr>\n<tr>\n<td><strong>\u00cen\u0103l\u021bimea de etan\u0219are<\/strong><\/td>\n<td>30-200 mm (necesit\u0103 modificare pentru \u00een\u0103l\u021bimi mai mari)<\/td>\n<\/tr>\n<tr>\n<td><strong>Num\u0103rul de capete de etan\u0219are<\/strong><\/td>\n<td>1 cap<\/td>\n<\/tr>\n<\/tbody>\n<\/table>\n<p><a href=\"https:\/\/distribucionarc.com\/wp-content\/uploads\/2024\/10\/Eficiencia-Industrial-en-el-Sellado-de-Latas.png\"><img loading=\"lazy\" decoding=\"async\" class=\"alignnone size-medium wp-image-8204\" src=\"https:\/\/distribucionarc.com\/wp-content\/uploads\/2024\/10\/Eficiencia-Industrial-en-el-Sellado-de-Latas-218x300.png\" alt=\"\" width=\"218\" height=\"300\" srcset=\"https:\/\/distribucionarc.com\/wp-content\/uploads\/2024\/10\/Eficiencia-Industrial-en-el-Sellado-de-Latas-218x300.png 218w, https:\/\/distribucionarc.com\/wp-content\/uploads\/2024\/10\/Eficiencia-Industrial-en-el-Sellado-de-Latas-430x591.png 430w, https:\/\/distribucionarc.com\/wp-content\/uploads\/2024\/10\/Eficiencia-Industrial-en-el-Sellado-de-Latas-150x206.png 150w, https:\/\/distribucionarc.com\/wp-content\/uploads\/2024\/10\/Eficiencia-Industrial-en-el-Sellado-de-Latas-700x961.png 700w, https:\/\/distribucionarc.com\/wp-content\/uploads\/2024\/10\/Eficiencia-Industrial-en-el-Sellado-de-Latas-746x1024.png 746w, https:\/\/distribucionarc.com\/wp-content\/uploads\/2024\/10\/Eficiencia-Industrial-en-el-Sellado-de-Latas-768x1055.png 768w, https:\/\/distribucionarc.com\/wp-content\/uploads\/2024\/10\/Eficiencia-Industrial-en-el-Sellado-de-Latas-9x12.png 9w, https:\/\/distribucionarc.com\/wp-content\/uploads\/2024\/10\/Eficiencia-Industrial-en-el-Sellado-de-Latas.png 790w\" sizes=\"auto, (max-width: 218px) 100vw, 218px\" \/><\/a> <a href=\"https:\/\/distribucionarc.com\/wp-content\/uploads\/2024\/10\/Sistema-Automatico-de-Sellado-Hermetico.png\"><img loading=\"lazy\" decoding=\"async\" class=\"alignnone size-medium wp-image-8205\" src=\"https:\/\/distribucionarc.com\/wp-content\/uploads\/2024\/10\/Sistema-Automatico-de-Sellado-Hermetico-300x224.png\" alt=\"\" width=\"300\" height=\"224\" srcset=\"https:\/\/distribucionarc.com\/wp-content\/uploads\/2024\/10\/Sistema-Automatico-de-Sellado-Hermetico-300x224.png 300w, https:\/\/distribucionarc.com\/wp-content\/uploads\/2024\/10\/Sistema-Automatico-de-Sellado-Hermetico-430x321.png 430w, https:\/\/distribucionarc.com\/wp-content\/uploads\/2024\/10\/Sistema-Automatico-de-Sellado-Hermetico-150x112.png 150w, https:\/\/distribucionarc.com\/wp-content\/uploads\/2024\/10\/Sistema-Automatico-de-Sellado-Hermetico-700x523.png 700w, https:\/\/distribucionarc.com\/wp-content\/uploads\/2024\/10\/Sistema-Automatico-de-Sellado-Hermetico-768x574.png 768w, https:\/\/distribucionarc.com\/wp-content\/uploads\/2024\/10\/Sistema-Automatico-de-Sellado-Hermetico-16x12.png 16w, https:\/\/distribucionarc.com\/wp-content\/uploads\/2024\/10\/Sistema-Automatico-de-Sellado-Hermetico.png 791w\" sizes=\"auto, (max-width: 300px) 100vw, 300px\" \/><\/a> <a href=\"https:\/\/distribucionarc.com\/wp-content\/uploads\/2024\/10\/Sistema-de-Sellado-Automatico-con-Plataforma-Giratoria-de-Alta-Precision.png\"><img loading=\"lazy\" decoding=\"async\" class=\"alignnone size-medium wp-image-8206\" src=\"https:\/\/distribucionarc.com\/wp-content\/uploads\/2024\/10\/Sistema-de-Sellado-Automatico-con-Plataforma-Giratoria-de-Alta-Precision-300x202.png\" alt=\"\" width=\"300\" height=\"202\" srcset=\"https:\/\/distribucionarc.com\/wp-content\/uploads\/2024\/10\/Sistema-de-Sellado-Automatico-con-Plataforma-Giratoria-de-Alta-Precision-300x202.png 300w, https:\/\/distribucionarc.com\/wp-content\/uploads\/2024\/10\/Sistema-de-Sellado-Automatico-con-Plataforma-Giratoria-de-Alta-Precision-430x290.png 430w, https:\/\/distribucionarc.com\/wp-content\/uploads\/2024\/10\/Sistema-de-Sellado-Automatico-con-Plataforma-Giratoria-de-Alta-Precision-150x101.png 150w, https:\/\/distribucionarc.com\/wp-content\/uploads\/2024\/10\/Sistema-de-Sellado-Automatico-con-Plataforma-Giratoria-de-Alta-Precision-700x472.png 700w, https:\/\/distribucionarc.com\/wp-content\/uploads\/2024\/10\/Sistema-de-Sellado-Automatico-con-Plataforma-Giratoria-de-Alta-Precision-768x518.png 768w, https:\/\/distribucionarc.com\/wp-content\/uploads\/2024\/10\/Sistema-de-Sellado-Automatico-con-Plataforma-Giratoria-de-Alta-Precision-18x12.png 18w, https:\/\/distribucionarc.com\/wp-content\/uploads\/2024\/10\/Sistema-de-Sellado-Automatico-con-Plataforma-Giratoria-de-Alta-Precision.png 792w\" sizes=\"auto, (max-width: 300px) 100vw, 300px\" \/><\/a> <a href=\"https:\/\/distribucionarc.com\/wp-content\/uploads\/2024\/10\/Estructura-en-Acero-Inoxidable-304-y-420-para-Durabilidad.png\"><img loading=\"lazy\" decoding=\"async\" class=\"alignnone size-medium wp-image-8207\" src=\"https:\/\/distribucionarc.com\/wp-content\/uploads\/2024\/10\/Estructura-en-Acero-Inoxidable-304-y-420-para-Durabilidad-300x214.png\" alt=\"\" width=\"300\" height=\"214\" srcset=\"https:\/\/distribucionarc.com\/wp-content\/uploads\/2024\/10\/Estructura-en-Acero-Inoxidable-304-y-420-para-Durabilidad-300x214.png 300w, https:\/\/distribucionarc.com\/wp-content\/uploads\/2024\/10\/Estructura-en-Acero-Inoxidable-304-y-420-para-Durabilidad-430x307.png 430w, https:\/\/distribucionarc.com\/wp-content\/uploads\/2024\/10\/Estructura-en-Acero-Inoxidable-304-y-420-para-Durabilidad-150x107.png 150w, https:\/\/distribucionarc.com\/wp-content\/uploads\/2024\/10\/Estructura-en-Acero-Inoxidable-304-y-420-para-Durabilidad-600x429.png 600w, https:\/\/distribucionarc.com\/wp-content\/uploads\/2024\/10\/Estructura-en-Acero-Inoxidable-304-y-420-para-Durabilidad-18x12.png 18w, https:\/\/distribucionarc.com\/wp-content\/uploads\/2024\/10\/Estructura-en-Acero-Inoxidable-304-y-420-para-Durabilidad.png 648w\" sizes=\"auto, (max-width: 300px) 100vw, 300px\" \/><\/a><\/p>\n<p>&nbsp;<\/p>","protected":false},"excerpt":{"rendered":"<p>The <strong>sigilant pentru conserve model ANR09<\/strong> este o ma\u0219in\u0103 industrial\u0103 conceput\u0103 pentru a sigila cutiile automat \u0219i etan\u0219. Func\u021bia sa principal\u0103 este de a asigura \u00eenchiderea precis\u0103 \u0219i sigur\u0103 a fiec\u0103rei conserve, p\u0103str\u00e2nd prospe\u021bimea \u0219i calitatea con\u021binutului.<\/p>","protected":false},"featured_media":8203,"comment_status":"open","ping_status":"closed","template":"","meta":{"wds_primary_product_brand":0,"wds_primary_product_cat":0},"product_brand":[],"product_cat":[15,62],"product_tag":[],"class_list":{"0":"post-8202","1":"product","2":"type-product","3":"status-publish","4":"has-post-thumbnail","6":"product_cat-llenadoras-y-selladoras-automaticas-flow-pack-sachet","7":"product_cat-selladoras-de-latas","9":"first","10":"instock","11":"taxable","12":"shipping-taxable","13":"purchasable","14":"product-type-simple"},"yoast_head":"<!-- This site is optimized with the Yoast SEO Premium plugin v24.9 (Yoast SEO v26.1) - https:\/\/yoast.com\/wordpress\/plugins\/seo\/ -->\n<title>Selladora de latas autom\u00e1tica lineal ANR09 - distribuci\u00f3n ARC<\/title>\n<meta name=\"robots\" content=\"index, follow, max-snippet:-1, max-image-preview:large, max-video-preview:-1\" \/>\n<link rel=\"canonical\" href=\"https:\/\/distribucionarc.com\/ro\/produs\/sigilant-automat-liniar-pentru-conserve-anr09\/\" \/>\n<meta property=\"og:locale\" content=\"ro_RO\" \/>\n<meta property=\"og:type\" content=\"article\" \/>\n<meta property=\"og:title\" content=\"Selladora de latas autom\u00e1tica lineal ANR09\" \/>\n<meta property=\"og:description\" content=\"La selladora de latas modelo ANR09 es una m\u00e1quina industrial dise\u00f1ada para sellar latas de forma autom\u00e1tica y herm\u00e9tica. Su funci\u00f3n principal es asegurar el cierre preciso y seguro de cada lata, manteniendo la frescura y calidad del contenido.\" \/>\n<meta property=\"og:url\" content=\"https:\/\/distribucionarc.com\/ro\/produs\/sigilant-automat-liniar-pentru-conserve-anr09\/\" \/>\n<meta property=\"og:site_name\" content=\"distribuci\u00f3n ARC\" \/>\n<meta property=\"article:modified_time\" content=\"2024-10-28T22:48:35+00:00\" \/>\n<meta property=\"og:image\" content=\"https:\/\/distribucionarc.com\/wp-content\/uploads\/2024\/10\/Vista-Frontal-de-la-Maquina-Selladora-ANR09.png\" \/>\n\t<meta property=\"og:image:width\" content=\"618\" \/>\n\t<meta property=\"og:image:height\" content=\"487\" \/>\n\t<meta property=\"og:image:type\" content=\"image\/png\" \/>\n<meta name=\"twitter:card\" content=\"summary_large_image\" \/>\n<meta name=\"twitter:label1\" content=\"Timp estimat pentru citire\" \/>\n\t<meta name=\"twitter:data1\" content=\"3 minute\" \/>\n<script type=\"application\/ld+json\" class=\"yoast-schema-graph\">{\"@context\":\"https:\/\/schema.org\",\"@graph\":[{\"@type\":\"WebPage\",\"@id\":\"https:\/\/distribucionarc.com\/tr\/producto\/selladora-de-latas-automatica-lineal-anr09\/\",\"url\":\"https:\/\/distribucionarc.com\/tr\/producto\/selladora-de-latas-automatica-lineal-anr09\/\",\"name\":\"Selladora de latas autom\u00e1tica lineal ANR09 - distribuci\u00f3n ARC\",\"isPartOf\":{\"@id\":\"https:\/\/distribucionarc.com\/de\/#website\"},\"primaryImageOfPage\":{\"@id\":\"https:\/\/distribucionarc.com\/tr\/producto\/selladora-de-latas-automatica-lineal-anr09\/#primaryimage\"},\"image\":{\"@id\":\"https:\/\/distribucionarc.com\/tr\/producto\/selladora-de-latas-automatica-lineal-anr09\/#primaryimage\"},\"thumbnailUrl\":\"https:\/\/distribucionarc.com\/wp-content\/uploads\/2024\/10\/Vista-Frontal-de-la-Maquina-Selladora-ANR09.png\",\"datePublished\":\"2024-10-28T13:48:47+00:00\",\"dateModified\":\"2024-10-28T22:48:35+00:00\",\"breadcrumb\":{\"@id\":\"https:\/\/distribucionarc.com\/tr\/producto\/selladora-de-latas-automatica-lineal-anr09\/#breadcrumb\"},\"inLanguage\":\"ro-RO\",\"potentialAction\":[{\"@type\":\"ReadAction\",\"target\":[\"https:\/\/distribucionarc.com\/tr\/producto\/selladora-de-latas-automatica-lineal-anr09\/\"]}]},{\"@type\":\"ImageObject\",\"inLanguage\":\"ro-RO\",\"@id\":\"https:\/\/distribucionarc.com\/tr\/producto\/selladora-de-latas-automatica-lineal-anr09\/#primaryimage\",\"url\":\"https:\/\/distribucionarc.com\/wp-content\/uploads\/2024\/10\/Vista-Frontal-de-la-Maquina-Selladora-ANR09.png\",\"contentUrl\":\"https:\/\/distribucionarc.com\/wp-content\/uploads\/2024\/10\/Vista-Frontal-de-la-Maquina-Selladora-ANR09.png\",\"width\":618,\"height\":487},{\"@type\":\"BreadcrumbList\",\"@id\":\"https:\/\/distribucionarc.com\/tr\/producto\/selladora-de-latas-automatica-lineal-anr09\/#breadcrumb\",\"itemListElement\":[{\"@type\":\"ListItem\",\"position\":1,\"name\":\"Portada\",\"item\":\"https:\/\/distribucionarc.com\/pl\/\"},{\"@type\":\"ListItem\",\"position\":2,\"name\":\"Produkty\",\"item\":\"https:\/\/distribucionarc.com\/pl\/shop\/\"},{\"@type\":\"ListItem\",\"position\":3,\"name\":\"Selladora de latas autom\u00e1tica lineal ANR09\"}]},{\"@type\":\"WebSite\",\"@id\":\"https:\/\/distribucionarc.com\/de\/#website\",\"url\":\"https:\/\/distribucionarc.com\/de\/\",\"name\":\"distribuci\u00f3n ARC\",\"description\":\"Empresa especializada en la fabricaci\u00f3n y distribuci\u00f3n de maquinaria industrial, selladoras de latas, Maquinas de hacer pastillas, Maquinas de cortar carne...\",\"publisher\":{\"@id\":\"https:\/\/distribucionarc.com\/de\/#organization\"},\"potentialAction\":[{\"@type\":\"SearchAction\",\"target\":{\"@type\":\"EntryPoint\",\"urlTemplate\":\"https:\/\/distribucionarc.com\/de\/?s={search_term_string}\"},\"query-input\":{\"@type\":\"PropertyValueSpecification\",\"valueRequired\":true,\"valueName\":\"search_term_string\"}}],\"inLanguage\":\"ro-RO\"},{\"@type\":\"Organization\",\"@id\":\"https:\/\/distribucionarc.com\/de\/#organization\",\"name\":\"Distribuci\u00f3n ARC\",\"url\":\"https:\/\/distribucionarc.com\/de\/\",\"logo\":{\"@type\":\"ImageObject\",\"inLanguage\":\"ro-RO\",\"@id\":\"https:\/\/distribucionarc.com\/de\/#\/schema\/logo\/image\/\",\"url\":\"https:\/\/distribucionarc.com\/wp-content\/uploads\/2024\/10\/distribucion-ARC-COLOR-SIN-FONDO-e1732295305345.png\",\"contentUrl\":\"https:\/\/distribucionarc.com\/wp-content\/uploads\/2024\/10\/distribucion-ARC-COLOR-SIN-FONDO-e1732295305345.png\",\"width\":1164,\"height\":558,\"caption\":\"Distribuci\u00f3n ARC\"},\"image\":{\"@id\":\"https:\/\/distribucionarc.com\/de\/#\/schema\/logo\/image\/\"},\"description\":\"Empresa especializada en la fabricaci\u00f3n y distribuci\u00f3n de maquinaria industrial para los sectores alimentario y farmac\u00e9utico. Nos especializamos en: M\u00e1quinas de cortar carne Fabricaci\u00f3n de comprimidos Sistemas de transporte industrial L\u00edneas de embotellado Dosificadores Y mucho m\u00e1s... Ofrecemos soluciones innovadoras y personalizadas para optimizar los procesos productivos de tu empresa.\",\"email\":\"Admistracion@distribucionarc.com\",\"telephone\":\"+34 643496664\",\"legalName\":\"ARC TECH SOLUTIONS\",\"foundingDate\":\"2024-04-09\",\"vatID\":\"B55480172\",\"numberOfEmployees\":{\"@type\":\"QuantitativeValue\",\"minValue\":\"1\",\"maxValue\":\"10\"}}]}<\/script>\n<!-- \/ Yoast SEO Premium plugin. -->","yoast_head_json":{"title":"Aparat de etan\u0219are automat liniar pentru conserve ANR09 - distribu\u021bie ARC","robots":{"index":"index","follow":"follow","max-snippet":"max-snippet:-1","max-image-preview":"max-image-preview:large","max-video-preview":"max-video-preview:-1"},"canonical":"https:\/\/distribucionarc.com\/ro\/produs\/sigilant-automat-liniar-pentru-conserve-anr09\/","og_locale":"ro_RO","og_type":"article","og_title":"Selladora de latas autom\u00e1tica lineal ANR09","og_description":"La selladora de latas modelo ANR09 es una m\u00e1quina industrial dise\u00f1ada para sellar latas de forma autom\u00e1tica y herm\u00e9tica. Su funci\u00f3n principal es asegurar el cierre preciso y seguro de cada lata, manteniendo la frescura y calidad del contenido.","og_url":"https:\/\/distribucionarc.com\/ro\/produs\/sigilant-automat-liniar-pentru-conserve-anr09\/","og_site_name":"distribuci\u00f3n ARC","article_modified_time":"2024-10-28T22:48:35+00:00","og_image":[{"width":618,"height":487,"url":"https:\/\/distribucionarc.com\/wp-content\/uploads\/2024\/10\/Vista-Frontal-de-la-Maquina-Selladora-ANR09.png","type":"image\/png"}],"twitter_card":"summary_large_image","twitter_misc":{"Timp estimat pentru citire":"3 minute"},"schema":{"@context":"https:\/\/schema.org","@graph":[{"@type":"WebPage","@id":"https:\/\/distribucionarc.com\/tr\/producto\/selladora-de-latas-automatica-lineal-anr09\/","url":"https:\/\/distribucionarc.com\/tr\/producto\/selladora-de-latas-automatica-lineal-anr09\/","name":"Aparat de etan\u0219are automat liniar pentru conserve ANR09 - distribu\u021bie ARC","isPartOf":{"@id":"https:\/\/distribucionarc.com\/de\/#website"},"primaryImageOfPage":{"@id":"https:\/\/distribucionarc.com\/tr\/producto\/selladora-de-latas-automatica-lineal-anr09\/#primaryimage"},"image":{"@id":"https:\/\/distribucionarc.com\/tr\/producto\/selladora-de-latas-automatica-lineal-anr09\/#primaryimage"},"thumbnailUrl":"https:\/\/distribucionarc.com\/wp-content\/uploads\/2024\/10\/Vista-Frontal-de-la-Maquina-Selladora-ANR09.png","datePublished":"2024-10-28T13:48:47+00:00","dateModified":"2024-10-28T22:48:35+00:00","breadcrumb":{"@id":"https:\/\/distribucionarc.com\/tr\/producto\/selladora-de-latas-automatica-lineal-anr09\/#breadcrumb"},"inLanguage":"ro-RO","potentialAction":[{"@type":"ReadAction","target":["https:\/\/distribucionarc.com\/tr\/producto\/selladora-de-latas-automatica-lineal-anr09\/"]}]},{"@type":"ImageObject","inLanguage":"ro-RO","@id":"https:\/\/distribucionarc.com\/tr\/producto\/selladora-de-latas-automatica-lineal-anr09\/#primaryimage","url":"https:\/\/distribucionarc.com\/wp-content\/uploads\/2024\/10\/Vista-Frontal-de-la-Maquina-Selladora-ANR09.png","contentUrl":"https:\/\/distribucionarc.com\/wp-content\/uploads\/2024\/10\/Vista-Frontal-de-la-Maquina-Selladora-ANR09.png","width":618,"height":487},{"@type":"BreadcrumbList","@id":"https:\/\/distribucionarc.com\/tr\/producto\/selladora-de-latas-automatica-lineal-anr09\/#breadcrumb","itemListElement":[{"@type":"ListItem","position":1,"name":"Portada","item":"https:\/\/distribucionarc.com\/pl\/"},{"@type":"ListItem","position":2,"name":"Produkty","item":"https:\/\/distribucionarc.com\/pl\/shop\/"},{"@type":"ListItem","position":3,"name":"Selladora de latas autom\u00e1tica lineal ANR09"}]},{"@type":"WebSite","@id":"https:\/\/distribucionarc.com\/de\/#website","url":"https:\/\/distribucionarc.com\/de\/","name":"Distribu\u021bie ARC","description":"Companie specializat\u0103 \u00een fabricarea \u0219i distribu\u021bia de utilaje industriale, ma\u0219ini de sigilat cutii, ma\u0219ini de fabricat tablete, ma\u0219ini de t\u0103iat carne...","publisher":{"@id":"https:\/\/distribucionarc.com\/de\/#organization"},"potentialAction":[{"@type":"SearchAction","target":{"@type":"EntryPoint","urlTemplate":"https:\/\/distribucionarc.com\/de\/?s={search_term_string}"},"query-input":{"@type":"PropertyValueSpecification","valueRequired":true,"valueName":"search_term_string"}}],"inLanguage":"ro-RO"},{"@type":"Organization","@id":"https:\/\/distribucionarc.com\/de\/#organization","name":"Distribu\u021bie ARC","url":"https:\/\/distribucionarc.com\/de\/","logo":{"@type":"ImageObject","inLanguage":"ro-RO","@id":"https:\/\/distribucionarc.com\/de\/#\/schema\/logo\/image\/","url":"https:\/\/distribucionarc.com\/wp-content\/uploads\/2024\/10\/distribucion-ARC-COLOR-SIN-FONDO-e1732295305345.png","contentUrl":"https:\/\/distribucionarc.com\/wp-content\/uploads\/2024\/10\/distribucion-ARC-COLOR-SIN-FONDO-e1732295305345.png","width":1164,"height":558,"caption":"Distribuci\u00f3n ARC"},"image":{"@id":"https:\/\/distribucionarc.com\/de\/#\/schema\/logo\/image\/"},"description":"Companie specializat\u0103 \u00een fabricarea \u0219i distribu\u021bia de utilaje industriale pentru sectoarele alimentar \u0219i farmaceutic. Suntem specializa\u021bi \u00een: Ma\u0219ini de t\u0103iat carne Fabricarea tabletelor Sisteme de transport industrial Linii de \u00eembuteliere Distribuitoare \u0218i multe altele... Oferim solu\u021bii inovatoare \u0219i personalizate pentru a optimiza procesele de produc\u021bie ale companiei dumneavoastr\u0103.","email":"Admistracion@distribucionarc.com","telephone":"+34 643496664","legalName":"ARC TECH SOLUTIONS","foundingDate":"2024-04-09","vatID":"B55480172","numberOfEmployees":{"@type":"QuantitativeValue","minValue":"1","maxValue":"10"}}]}},"_links":{"self":[{"href":"https:\/\/distribucionarc.com\/ro\/wp-json\/wp\/v2\/product\/8202","targetHints":{"allow":["GET"]}}],"collection":[{"href":"https:\/\/distribucionarc.com\/ro\/wp-json\/wp\/v2\/product"}],"about":[{"href":"https:\/\/distribucionarc.com\/ro\/wp-json\/wp\/v2\/types\/product"}],"replies":[{"embeddable":true,"href":"https:\/\/distribucionarc.com\/ro\/wp-json\/wp\/v2\/comments?post=8202"}],"version-history":[{"count":0,"href":"https:\/\/distribucionarc.com\/ro\/wp-json\/wp\/v2\/product\/8202\/revisions"}],"wp:featuredmedia":[{"embeddable":true,"href":"https:\/\/distribucionarc.com\/ro\/wp-json\/wp\/v2\/media\/8203"}],"wp:attachment":[{"href":"https:\/\/distribucionarc.com\/ro\/wp-json\/wp\/v2\/media?parent=8202"}],"wp:term":[{"taxonomy":"product_brand","embeddable":true,"href":"https:\/\/distribucionarc.com\/ro\/wp-json\/wp\/v2\/product_brand?post=8202"},{"taxonomy":"product_cat","embeddable":true,"href":"https:\/\/distribucionarc.com\/ro\/wp-json\/wp\/v2\/product_cat?post=8202"},{"taxonomy":"product_tag","embeddable":true,"href":"https:\/\/distribucionarc.com\/ro\/wp-json\/wp\/v2\/product_tag?post=8202"}],"curies":[{"name":"wp","href":"https:\/\/api.w.org\/{rel}","templated":true}]}}