{"id":8228,"date":"2024-10-28T21:32:30","date_gmt":"2024-10-28T21:32:30","guid":{"rendered":"https:\/\/distribucionarc.com\/?post_type=product&#038;p=8228"},"modified":"2024-12-03T18:42:03","modified_gmt":"2024-12-03T18:42:03","slug":"etansare-semiautomata-pentru-cutii-de-vid-cu-azot-anr-08","status":"publish","type":"product","link":"https:\/\/distribucionarc.com\/ro\/producto\/selladora-semiautomatica-de-latas-al-vacio-con-nitrogeno-anr-08\/","title":{"rendered":"Sigilator semi-automat cu azot cu vid ANR-08"},"content":{"rendered":"<p>Vrei s\u0103-\u021bi p\u0103strezi produsele proaspete \ud83e\udd57 \u0219i \u00een cele mai bune condi\u021bii pentru mai mult timp? The <strong>Aparat de etan\u0219are semi-automat pentru cutii de vid cu azot ANR-08<\/strong> Este instrumentul de care ai nevoie. Aceast\u0103 ma\u0219in\u0103, cunoscut\u0103 \u0219i ca <em>cusatura cutie de vid<\/em> fie <em>ma\u0219in\u0103 de etan\u0219at cutii<\/em>\u2014 nu numai c\u0103 sigileaz\u0103 ermetic, dar o face cu tehnologia avansat\u0103 de injectare cu azot, ideal\u0103 pentru prevenirea oxid\u0103rii \u0219i p\u0103strarea calit\u0103\u021bii produselor dumneavoastr\u0103.<\/p>\n<h3><strong>Ce face aceast\u0103 ma\u0219in\u0103 special\u0103?<\/strong> \u2728<\/h3>\n<ul>\n<li><strong>Extinde\u021bi durata de via\u021b\u0103 util\u0103 a produselor dvs.:<\/strong> Datorit\u0103 inject\u0103rii de azot, reduce oxigenul din interiorul cutiilor, protej\u00e2nd con\u021binutul acestora. \ud83d\udd52<\/li>\n<li><strong>Evitati deformarile:<\/strong> Gazul creeaz\u0103 un mediu de joas\u0103 presiune care men\u021bine recipientul intact. \ud83d\udee1\ufe0f<\/li>\n<li><strong>Etan\u0219are precis\u0103:<\/strong> Controlul s\u0103u reglabil al cuplului asigur\u0103 c\u0103 fiecare capac este \u00eenchis etan\u0219, f\u0103r\u0103 deteriorare. \ud83d\udd27<\/li>\n<\/ul>\n<h3><strong>Cum func\u021bioneaz\u0103?<\/strong> \ud83e\udd14<\/h3>\n<p>Este foarte simplu:<br \/>\n1\ufe0f\u20e3 Pune\u021bi recipientul pe baza ma\u0219inii \u0219i asigura\u021bi-v\u0103 c\u0103 este bine pozi\u021bionat.<br \/>\n2\ufe0f\u20e3 Sistemul elimin\u0103 aerul din ambalaj pentru a crea un vid perfect \ud83c\udf2c\ufe0f.<br \/>\n3\ufe0f\u20e3 Apoi, se injecteaz\u0103 azot, \u00eenlocuind reziduurile de oxigen \ud83e\uddf4.<br \/>\n4\ufe0f\u20e3 Capul de etan\u0219are fixeaz\u0103 capacul aplic\u00e2nd o presiune exact\u0103 \ud83c\udfaf.<br \/>\n5\ufe0f\u20e3 Gata! Scoate\u021bi cutia sigilat\u0103 \u0219i trece\u021bi la pasul urm\u0103tor \ud83d\ude9a.<\/p>\n<p>Prin acest proces, produsele tale nu numai c\u0103 vor fi protejate, dar vor avea \u0219i o prezentare impecabil\u0103. Acest <strong>ma\u0219in\u0103 de etan\u0219at cutii<\/strong> Este perfect pentru alimente, b\u0103uturi (cum ar fi berea \ud83c\udf7a) \u0219i alte produse care necesit\u0103 o conservare optim\u0103.<\/p>\n<h3><\/h3>\n<p><a href=\"https:\/\/distribucionarc.com\/wp-content\/uploads\/2024\/10\/Sellado-Hermetico-de-Latas-con-Inyeccion-de-Nitrogeno-2.png\"><img loading=\"lazy\" decoding=\"async\" class=\"alignnone size-medium wp-image-8230\" src=\"https:\/\/distribucionarc.com\/wp-content\/uploads\/2024\/10\/Sellado-Hermetico-de-Latas-con-Inyeccion-de-Nitrogeno-2-287x300.png\" alt=\"\" width=\"287\" height=\"300\" srcset=\"https:\/\/distribucionarc.com\/wp-content\/uploads\/2024\/10\/Sellado-Hermetico-de-Latas-con-Inyeccion-de-Nitrogeno-2-287x300.png 287w, https:\/\/distribucionarc.com\/wp-content\/uploads\/2024\/10\/Sellado-Hermetico-de-Latas-con-Inyeccion-de-Nitrogeno-2-150x157.png 150w, https:\/\/distribucionarc.com\/wp-content\/uploads\/2024\/10\/Sellado-Hermetico-de-Latas-con-Inyeccion-de-Nitrogeno-2-11x12.png 11w, https:\/\/distribucionarc.com\/wp-content\/uploads\/2024\/10\/Sellado-Hermetico-de-Latas-con-Inyeccion-de-Nitrogeno-2.png 409w\" sizes=\"auto, (max-width: 287px) 100vw, 287px\" \/><\/a>\u00a0 \u00a0 \u00a0 \u00a0 \u00a0 \u00a0 \u00a0 \u00a0 \u00a0 <a href=\"https:\/\/distribucionarc.com\/wp-content\/uploads\/2024\/10\/Sellado-Hermetico-de-Latas-con-Inyeccion-de-Nitrogeno-1.png\"><img loading=\"lazy\" decoding=\"async\" class=\"alignnone size-medium wp-image-8229\" src=\"https:\/\/distribucionarc.com\/wp-content\/uploads\/2024\/10\/Sellado-Hermetico-de-Latas-con-Inyeccion-de-Nitrogeno-1-261x300.png\" alt=\"\" width=\"261\" height=\"300\" srcset=\"https:\/\/distribucionarc.com\/wp-content\/uploads\/2024\/10\/Sellado-Hermetico-de-Latas-con-Inyeccion-de-Nitrogeno-1-261x300.png 261w, https:\/\/distribucionarc.com\/wp-content\/uploads\/2024\/10\/Sellado-Hermetico-de-Latas-con-Inyeccion-de-Nitrogeno-1-430x494.png 430w, https:\/\/distribucionarc.com\/wp-content\/uploads\/2024\/10\/Sellado-Hermetico-de-Latas-con-Inyeccion-de-Nitrogeno-1-150x172.png 150w, https:\/\/distribucionarc.com\/wp-content\/uploads\/2024\/10\/Sellado-Hermetico-de-Latas-con-Inyeccion-de-Nitrogeno-1-10x12.png 10w, https:\/\/distribucionarc.com\/wp-content\/uploads\/2024\/10\/Sellado-Hermetico-de-Latas-con-Inyeccion-de-Nitrogeno-1.png 480w\" sizes=\"auto, (max-width: 261px) 100vw, 261px\" \/><\/a><\/p>\n<div class=\"container\"><\/div>\n<p>&nbsp;<\/p>\n<h3><strong>Specificatii tehnice<\/strong> \ud83d\udccb<\/h3>\n<table>\n<thead>\n<tr>\n<th>Caietul de sarcini<\/th>\n<th>Detaliu<\/th>\n<\/tr>\n<\/thead>\n<tbody>\n<tr>\n<td><strong>Dimensiunea ma\u0219inii<\/strong><\/td>\n<td>780 x 580 x 1750 mm<\/td>\n<\/tr>\n<tr>\n<td><strong>Voltaj<\/strong><\/td>\n<td>220V\/50Hz<\/td>\n<\/tr>\n<tr>\n<td><strong>Productie<\/strong><\/td>\n<td>4-6 conserve\/minut<\/td>\n<\/tr>\n<tr>\n<td><strong>Putere<\/strong><\/td>\n<td>2,25 kW<\/td>\n<\/tr>\n<tr>\n<td><strong>Diametrul cutiei<\/strong><\/td>\n<td>50-130mm<\/td>\n<\/tr>\n<tr>\n<td><strong>\u00cen\u0103l\u021bimea maxim\u0103 a cutiei<\/strong><\/td>\n<td>50-200 mm<\/td>\n<\/tr>\n<tr>\n<td><strong>Greutate<\/strong><\/td>\n<td>300 kg<\/td>\n<\/tr>\n<tr>\n<td><strong>Model<\/strong><\/td>\n<td>ANR-08<\/td>\n<\/tr>\n<tr>\n<td><strong>presiunea aerului<\/strong><\/td>\n<td>0,3-0,6MPa<\/td>\n<\/tr>\n<tr>\n<td><strong>Grosimea pl\u0103cii de tabl\u0103<\/strong><\/td>\n<td>P\u00e2n\u0103 la 0,4 mm<\/td>\n<\/tr>\n<tr>\n<td><strong>SKU<\/strong><\/td>\n<td>AR00220<\/td>\n<\/tr>\n<tr>\n<td><strong>garan\u021bie<\/strong><\/td>\n<td>2 ani<\/td>\n<\/tr>\n<\/tbody>\n<\/table>\n<p><a href=\"https:\/\/distribucionarc.com\/wp-content\/uploads\/2024\/10\/Equipo-Industrial-selladora-al-vacio-con-nitrogeno.png\"><img loading=\"lazy\" decoding=\"async\" class=\"alignnone size-medium wp-image-8232\" src=\"https:\/\/distribucionarc.com\/wp-content\/uploads\/2024\/10\/Equipo-Industrial-selladora-al-vacio-con-nitrogeno-300x264.png\" alt=\"\" width=\"300\" height=\"264\" srcset=\"https:\/\/distribucionarc.com\/wp-content\/uploads\/2024\/10\/Equipo-Industrial-selladora-al-vacio-con-nitrogeno-300x264.png 300w, https:\/\/distribucionarc.com\/wp-content\/uploads\/2024\/10\/Equipo-Industrial-selladora-al-vacio-con-nitrogeno-150x132.png 150w, https:\/\/distribucionarc.com\/wp-content\/uploads\/2024\/10\/Equipo-Industrial-selladora-al-vacio-con-nitrogeno-14x12.png 14w, https:\/\/distribucionarc.com\/wp-content\/uploads\/2024\/10\/Equipo-Industrial-selladora-al-vacio-con-nitrogeno.png 402w\" sizes=\"auto, (max-width: 300px) 100vw, 300px\" \/><\/a><\/p>\n<h3><strong>De ce s\u0103 alege\u021bi sigilantul ANR-08?<\/strong> \ud83d\udca1<\/h3>\n<p>Aceast\u0103 ma\u0219in\u0103 este conceput\u0103 pentru <strong>u\u0219ureaz\u0103-\u021bi munca<\/strong> \u0219i v\u0103 ofer\u0103 rezultate consistente:<\/p>\n<ul>\n<li>P\u0103streaz\u0103 prospe\u021bimea \u0219i calitatea produselor tale, reduc\u00e2nd pierderile \ud83d\udee1\ufe0f.<\/li>\n<li>Ideal pentru sectoarele alimentare, conserve \ud83e\udd6b \u0219i b\u0103uturi \ud83c\udf7b.<\/li>\n<li>Construc\u021bia sa robust\u0103 garanteaz\u0103 durabilitate \u0219i \u00eentre\u021binere u\u0219oar\u0103.<\/li>\n<\/ul>\n<p>Cu <strong>ANR-08 Sigilator cu vid<\/strong>, vei avea o solu\u021bie eficient\u0103 \u0219i practic\u0103 pentru ca produsele tale s\u0103 fie mereu p\u0103strate \u00een cele mai bune condi\u021bii \ud83e\udd47. Sunte\u021bi gata s\u0103 v\u0103 duce\u021bi produc\u021bia la urm\u0103torul nivel? \ud83d\ude80<\/p>","protected":false},"excerpt":{"rendered":"<p>The <strong>Aparat de etan\u0219are semi-automat pentru cutii de vid cu azot ANR-08<\/strong> este o ma\u0219in\u0103 conceput\u0103 pentru etan\u0219area \u00een vid a cutiilor, cu injectarea de azot gazos pentru conservarea con\u021binutului. Func\u021bia sa principal\u0103 este de a crea un mediu controlat \u00een interiorul cutiei, reduc\u00e2nd oxigenul pentru a prelungi prospe\u021bimea \u0219i calitatea produsului. Printre componentele sale cele mai importante se num\u0103r\u0103 controlerul de cuplu reglabil, care permite etan\u0219area precis\u0103 a capacului rotativ \u0219i minimizeaz\u0103 uzura pieselor, sistemul de injec\u021bie cu vid \u0219i azot \u0219i o structur\u0103 rezistent\u0103 din o\u021bel 304 \u0219i 420, care asigur\u0103 durabilitate \u0219i o rat\u0103 sc\u0103zut\u0103 de e\u0219ec.<\/p>\n<p>Aceast\u0103 ma\u0219in\u0103 este aplicabil\u0103 \u00een diverse industrii, cum ar fi alimentar\u0103, chimic\u0103, agricol\u0103 \u0219i cosmetic\u0103, unde garanteaz\u0103 o etan\u0219are de \u00eenalt\u0103 calitate care protejeaz\u0103 con\u021binutul de contaminan\u021bi, \u00eembun\u0103t\u0103\u021be\u0219te conservarea \u0219i asigur\u0103 o durat\u0103 de via\u021b\u0103 util\u0103 lung\u0103 a produsului.<\/p>","protected":false},"featured_media":8233,"comment_status":"open","ping_status":"closed","template":"","meta":{"wds_primary_product_brand":0,"wds_primary_product_cat":0},"product_brand":[],"product_cat":[62],"product_tag":[],"class_list":{"0":"post-8228","1":"product","2":"type-product","3":"status-publish","4":"has-post-thumbnail","6":"product_cat-selladoras-de-latas","8":"first","9":"instock","10":"taxable","11":"shipping-taxable","12":"purchasable","13":"product-type-simple"},"yoast_head":"<!-- This site is optimized with the Yoast SEO Premium plugin v24.9 (Yoast SEO v26.1) - https:\/\/yoast.com\/wordpress\/plugins\/seo\/ -->\n<title>Selladora semiautom\u00e1tica de latas al vac\u00edo con nitr\u00f3geno ANR-08 - distribuci\u00f3n ARC<\/title>\n<meta name=\"description\" content=\"Selladora Semiautom\u00e1tica de Latas al Vac\u00edo ANR-08, dise\u00f1ada para un sellado herm\u00e9tico con inyecci\u00f3n de nitr\u00f3geno. Ideal para conservar frescura y calidad en alimentos, bebidas y m\u00e1s. \u00a1Eficiencia garantizada! \ud83d\ude80\" \/>\n<meta name=\"robots\" content=\"index, follow, max-snippet:-1, max-image-preview:large, max-video-preview:-1\" \/>\n<link rel=\"canonical\" href=\"https:\/\/distribucionarc.com\/ro\/produs\/etansare-semiautomata-pentru-cutii-de-vid-cu-azot-anr-08\/\" \/>\n<meta property=\"og:locale\" content=\"ro_RO\" \/>\n<meta property=\"og:type\" content=\"article\" \/>\n<meta property=\"og:title\" content=\"Selladora semiautom\u00e1tica de latas al vac\u00edo con nitr\u00f3geno ANR-08\" \/>\n<meta property=\"og:description\" content=\"Selladora Semiautom\u00e1tica de Latas al Vac\u00edo ANR-08, dise\u00f1ada para un sellado herm\u00e9tico con inyecci\u00f3n de nitr\u00f3geno. Ideal para conservar frescura y calidad en alimentos, bebidas y m\u00e1s. \u00a1Eficiencia garantizada! \ud83d\ude80\" \/>\n<meta property=\"og:url\" content=\"https:\/\/distribucionarc.com\/ro\/produs\/etansare-semiautomata-pentru-cutii-de-vid-cu-azot-anr-08\/\" \/>\n<meta property=\"og:site_name\" content=\"distribuci\u00f3n ARC\" \/>\n<meta property=\"article:modified_time\" content=\"2024-12-03T18:42:03+00:00\" \/>\n<meta property=\"og:image\" content=\"https:\/\/distribucionarc.com\/wp-content\/uploads\/2024\/10\/Selladora-al-Vacio-con-Nitrogeno.png\" \/>\n\t<meta property=\"og:image:width\" content=\"391\" \/>\n\t<meta property=\"og:image:height\" content=\"348\" \/>\n\t<meta property=\"og:image:type\" content=\"image\/png\" \/>\n<meta name=\"twitter:card\" content=\"summary_large_image\" \/>\n<meta name=\"twitter:label1\" content=\"Timp estimat pentru citire\" \/>\n\t<meta name=\"twitter:data1\" content=\"3 minute\" \/>\n<script type=\"application\/ld+json\" class=\"yoast-schema-graph\">{\"@context\":\"https:\/\/schema.org\",\"@graph\":[{\"@type\":\"WebPage\",\"@id\":\"https:\/\/distribucionarc.com\/fr\/producto\/selladora-semiautomatica-de-latas-al-vacio-con-nitrogeno-anr-08\/\",\"url\":\"https:\/\/distribucionarc.com\/fr\/producto\/selladora-semiautomatica-de-latas-al-vacio-con-nitrogeno-anr-08\/\",\"name\":\"Selladora semiautom\u00e1tica de latas al vac\u00edo con nitr\u00f3geno ANR-08 - distribuci\u00f3n ARC\",\"isPartOf\":{\"@id\":\"https:\/\/distribucionarc.com\/de\/#website\"},\"primaryImageOfPage\":{\"@id\":\"https:\/\/distribucionarc.com\/fr\/producto\/selladora-semiautomatica-de-latas-al-vacio-con-nitrogeno-anr-08\/#primaryimage\"},\"image\":{\"@id\":\"https:\/\/distribucionarc.com\/fr\/producto\/selladora-semiautomatica-de-latas-al-vacio-con-nitrogeno-anr-08\/#primaryimage\"},\"thumbnailUrl\":\"https:\/\/distribucionarc.com\/wp-content\/uploads\/2024\/10\/Selladora-al-Vacio-con-Nitrogeno.png\",\"datePublished\":\"2024-10-28T21:32:30+00:00\",\"dateModified\":\"2024-12-03T18:42:03+00:00\",\"description\":\"Selladora Semiautom\u00e1tica de Latas al Vac\u00edo ANR-08, dise\u00f1ada para un sellado herm\u00e9tico con inyecci\u00f3n de nitr\u00f3geno. Ideal para conservar frescura y calidad en alimentos, bebidas y m\u00e1s. \u00a1Eficiencia garantizada! \ud83d\ude80\",\"breadcrumb\":{\"@id\":\"https:\/\/distribucionarc.com\/fr\/producto\/selladora-semiautomatica-de-latas-al-vacio-con-nitrogeno-anr-08\/#breadcrumb\"},\"inLanguage\":\"ro-RO\",\"potentialAction\":[{\"@type\":\"ReadAction\",\"target\":[\"https:\/\/distribucionarc.com\/fr\/producto\/selladora-semiautomatica-de-latas-al-vacio-con-nitrogeno-anr-08\/\"]}]},{\"@type\":\"ImageObject\",\"inLanguage\":\"ro-RO\",\"@id\":\"https:\/\/distribucionarc.com\/fr\/producto\/selladora-semiautomatica-de-latas-al-vacio-con-nitrogeno-anr-08\/#primaryimage\",\"url\":\"https:\/\/distribucionarc.com\/wp-content\/uploads\/2024\/10\/Selladora-al-Vacio-con-Nitrogeno.png\",\"contentUrl\":\"https:\/\/distribucionarc.com\/wp-content\/uploads\/2024\/10\/Selladora-al-Vacio-con-Nitrogeno.png\",\"width\":391,\"height\":348},{\"@type\":\"BreadcrumbList\",\"@id\":\"https:\/\/distribucionarc.com\/fr\/producto\/selladora-semiautomatica-de-latas-al-vacio-con-nitrogeno-anr-08\/#breadcrumb\",\"itemListElement\":[{\"@type\":\"ListItem\",\"position\":1,\"name\":\"Portada\",\"item\":\"https:\/\/distribucionarc.com\/pl\/\"},{\"@type\":\"ListItem\",\"position\":2,\"name\":\"Produkty\",\"item\":\"https:\/\/distribucionarc.com\/pl\/shop\/\"},{\"@type\":\"ListItem\",\"position\":3,\"name\":\"Selladora semiautom\u00e1tica de latas al vac\u00edo con nitr\u00f3geno ANR-08\"}]},{\"@type\":\"WebSite\",\"@id\":\"https:\/\/distribucionarc.com\/de\/#website\",\"url\":\"https:\/\/distribucionarc.com\/de\/\",\"name\":\"distribuci\u00f3n ARC\",\"description\":\"Empresa especializada en la fabricaci\u00f3n y distribuci\u00f3n de maquinaria industrial, selladoras de latas, Maquinas de hacer pastillas, Maquinas de cortar carne...\",\"publisher\":{\"@id\":\"https:\/\/distribucionarc.com\/de\/#organization\"},\"potentialAction\":[{\"@type\":\"SearchAction\",\"target\":{\"@type\":\"EntryPoint\",\"urlTemplate\":\"https:\/\/distribucionarc.com\/de\/?s={search_term_string}\"},\"query-input\":{\"@type\":\"PropertyValueSpecification\",\"valueRequired\":true,\"valueName\":\"search_term_string\"}}],\"inLanguage\":\"ro-RO\"},{\"@type\":\"Organization\",\"@id\":\"https:\/\/distribucionarc.com\/de\/#organization\",\"name\":\"Distribuci\u00f3n ARC\",\"url\":\"https:\/\/distribucionarc.com\/de\/\",\"logo\":{\"@type\":\"ImageObject\",\"inLanguage\":\"ro-RO\",\"@id\":\"https:\/\/distribucionarc.com\/de\/#\/schema\/logo\/image\/\",\"url\":\"https:\/\/distribucionarc.com\/wp-content\/uploads\/2024\/10\/distribucion-ARC-COLOR-SIN-FONDO-e1732295305345.png\",\"contentUrl\":\"https:\/\/distribucionarc.com\/wp-content\/uploads\/2024\/10\/distribucion-ARC-COLOR-SIN-FONDO-e1732295305345.png\",\"width\":1164,\"height\":558,\"caption\":\"Distribuci\u00f3n ARC\"},\"image\":{\"@id\":\"https:\/\/distribucionarc.com\/de\/#\/schema\/logo\/image\/\"},\"description\":\"Empresa especializada en la fabricaci\u00f3n y distribuci\u00f3n de maquinaria industrial para los sectores alimentario y farmac\u00e9utico. Nos especializamos en: M\u00e1quinas de cortar carne Fabricaci\u00f3n de comprimidos Sistemas de transporte industrial L\u00edneas de embotellado Dosificadores Y mucho m\u00e1s... Ofrecemos soluciones innovadoras y personalizadas para optimizar los procesos productivos de tu empresa.\",\"email\":\"Admistracion@distribucionarc.com\",\"telephone\":\"+34 643496664\",\"legalName\":\"ARC TECH SOLUTIONS\",\"foundingDate\":\"2024-04-09\",\"vatID\":\"B55480172\",\"numberOfEmployees\":{\"@type\":\"QuantitativeValue\",\"minValue\":\"1\",\"maxValue\":\"10\"}}]}<\/script>\n<!-- \/ Yoast SEO Premium plugin. -->","yoast_head_json":{"title":"Sigilare semi-automat\u0103 pentru cutii de vid cu azot ANR-08 - Distribu\u021bie ARC","description":"ANR-08 Dispozitiv de etan\u0219are semi-automat pentru cutii de vid, conceput pentru etan\u0219are ermetic\u0103 cu injec\u021bie de azot. Ideal pentru p\u0103strarea prospe\u021bimii \u0219i calit\u0103\u021bii \u00een alimente, b\u0103uturi \u0219i multe altele. Eficienta garantata! \ud83d\ude80","robots":{"index":"index","follow":"follow","max-snippet":"max-snippet:-1","max-image-preview":"max-image-preview:large","max-video-preview":"max-video-preview:-1"},"canonical":"https:\/\/distribucionarc.com\/ro\/produs\/etansare-semiautomata-pentru-cutii-de-vid-cu-azot-anr-08\/","og_locale":"ro_RO","og_type":"article","og_title":"Selladora semiautom\u00e1tica de latas al vac\u00edo con nitr\u00f3geno ANR-08","og_description":"Selladora Semiautom\u00e1tica de Latas al Vac\u00edo ANR-08, dise\u00f1ada para un sellado herm\u00e9tico con inyecci\u00f3n de nitr\u00f3geno. Ideal para conservar frescura y calidad en alimentos, bebidas y m\u00e1s. \u00a1Eficiencia garantizada! \ud83d\ude80","og_url":"https:\/\/distribucionarc.com\/ro\/produs\/etansare-semiautomata-pentru-cutii-de-vid-cu-azot-anr-08\/","og_site_name":"distribuci\u00f3n ARC","article_modified_time":"2024-12-03T18:42:03+00:00","og_image":[{"width":391,"height":348,"url":"https:\/\/distribucionarc.com\/wp-content\/uploads\/2024\/10\/Selladora-al-Vacio-con-Nitrogeno.png","type":"image\/png"}],"twitter_card":"summary_large_image","twitter_misc":{"Timp estimat pentru citire":"3 minute"},"schema":{"@context":"https:\/\/schema.org","@graph":[{"@type":"WebPage","@id":"https:\/\/distribucionarc.com\/fr\/producto\/selladora-semiautomatica-de-latas-al-vacio-con-nitrogeno-anr-08\/","url":"https:\/\/distribucionarc.com\/fr\/producto\/selladora-semiautomatica-de-latas-al-vacio-con-nitrogeno-anr-08\/","name":"Sigilare semi-automat\u0103 pentru cutii de vid cu azot ANR-08 - Distribu\u021bie ARC","isPartOf":{"@id":"https:\/\/distribucionarc.com\/de\/#website"},"primaryImageOfPage":{"@id":"https:\/\/distribucionarc.com\/fr\/producto\/selladora-semiautomatica-de-latas-al-vacio-con-nitrogeno-anr-08\/#primaryimage"},"image":{"@id":"https:\/\/distribucionarc.com\/fr\/producto\/selladora-semiautomatica-de-latas-al-vacio-con-nitrogeno-anr-08\/#primaryimage"},"thumbnailUrl":"https:\/\/distribucionarc.com\/wp-content\/uploads\/2024\/10\/Selladora-al-Vacio-con-Nitrogeno.png","datePublished":"2024-10-28T21:32:30+00:00","dateModified":"2024-12-03T18:42:03+00:00","description":"ANR-08 Dispozitiv de etan\u0219are semi-automat pentru cutii de vid, conceput pentru etan\u0219are ermetic\u0103 cu injec\u021bie de azot. Ideal pentru p\u0103strarea prospe\u021bimii \u0219i calit\u0103\u021bii \u00een alimente, b\u0103uturi \u0219i multe altele. Eficienta garantata! \ud83d\ude80","breadcrumb":{"@id":"https:\/\/distribucionarc.com\/fr\/producto\/selladora-semiautomatica-de-latas-al-vacio-con-nitrogeno-anr-08\/#breadcrumb"},"inLanguage":"ro-RO","potentialAction":[{"@type":"ReadAction","target":["https:\/\/distribucionarc.com\/fr\/producto\/selladora-semiautomatica-de-latas-al-vacio-con-nitrogeno-anr-08\/"]}]},{"@type":"ImageObject","inLanguage":"ro-RO","@id":"https:\/\/distribucionarc.com\/fr\/producto\/selladora-semiautomatica-de-latas-al-vacio-con-nitrogeno-anr-08\/#primaryimage","url":"https:\/\/distribucionarc.com\/wp-content\/uploads\/2024\/10\/Selladora-al-Vacio-con-Nitrogeno.png","contentUrl":"https:\/\/distribucionarc.com\/wp-content\/uploads\/2024\/10\/Selladora-al-Vacio-con-Nitrogeno.png","width":391,"height":348},{"@type":"BreadcrumbList","@id":"https:\/\/distribucionarc.com\/fr\/producto\/selladora-semiautomatica-de-latas-al-vacio-con-nitrogeno-anr-08\/#breadcrumb","itemListElement":[{"@type":"ListItem","position":1,"name":"Portada","item":"https:\/\/distribucionarc.com\/pl\/"},{"@type":"ListItem","position":2,"name":"Produkty","item":"https:\/\/distribucionarc.com\/pl\/shop\/"},{"@type":"ListItem","position":3,"name":"Selladora semiautom\u00e1tica de latas al vac\u00edo con nitr\u00f3geno ANR-08"}]},{"@type":"WebSite","@id":"https:\/\/distribucionarc.com\/de\/#website","url":"https:\/\/distribucionarc.com\/de\/","name":"Distribu\u021bie ARC","description":"Companie specializat\u0103 \u00een fabricarea \u0219i distribu\u021bia de utilaje industriale, ma\u0219ini de sigilat cutii, ma\u0219ini de fabricat tablete, ma\u0219ini de t\u0103iat carne...","publisher":{"@id":"https:\/\/distribucionarc.com\/de\/#organization"},"potentialAction":[{"@type":"SearchAction","target":{"@type":"EntryPoint","urlTemplate":"https:\/\/distribucionarc.com\/de\/?s={search_term_string}"},"query-input":{"@type":"PropertyValueSpecification","valueRequired":true,"valueName":"search_term_string"}}],"inLanguage":"ro-RO"},{"@type":"Organization","@id":"https:\/\/distribucionarc.com\/de\/#organization","name":"Distribu\u021bie ARC","url":"https:\/\/distribucionarc.com\/de\/","logo":{"@type":"ImageObject","inLanguage":"ro-RO","@id":"https:\/\/distribucionarc.com\/de\/#\/schema\/logo\/image\/","url":"https:\/\/distribucionarc.com\/wp-content\/uploads\/2024\/10\/distribucion-ARC-COLOR-SIN-FONDO-e1732295305345.png","contentUrl":"https:\/\/distribucionarc.com\/wp-content\/uploads\/2024\/10\/distribucion-ARC-COLOR-SIN-FONDO-e1732295305345.png","width":1164,"height":558,"caption":"Distribuci\u00f3n ARC"},"image":{"@id":"https:\/\/distribucionarc.com\/de\/#\/schema\/logo\/image\/"},"description":"Companie specializat\u0103 \u00een fabricarea \u0219i distribu\u021bia de utilaje industriale pentru sectoarele alimentar \u0219i farmaceutic. Suntem specializa\u021bi \u00een: Ma\u0219ini de t\u0103iat carne Fabricarea tabletelor Sisteme de transport industrial Linii de \u00eembuteliere Distribuitoare \u0218i multe altele... Oferim solu\u021bii inovatoare \u0219i personalizate pentru a optimiza procesele de produc\u021bie ale companiei dumneavoastr\u0103.","email":"Admistracion@distribucionarc.com","telephone":"+34 643496664","legalName":"ARC TECH SOLUTIONS","foundingDate":"2024-04-09","vatID":"B55480172","numberOfEmployees":{"@type":"QuantitativeValue","minValue":"1","maxValue":"10"}}]}},"_links":{"self":[{"href":"https:\/\/distribucionarc.com\/ro\/wp-json\/wp\/v2\/product\/8228","targetHints":{"allow":["GET"]}}],"collection":[{"href":"https:\/\/distribucionarc.com\/ro\/wp-json\/wp\/v2\/product"}],"about":[{"href":"https:\/\/distribucionarc.com\/ro\/wp-json\/wp\/v2\/types\/product"}],"replies":[{"embeddable":true,"href":"https:\/\/distribucionarc.com\/ro\/wp-json\/wp\/v2\/comments?post=8228"}],"version-history":[{"count":0,"href":"https:\/\/distribucionarc.com\/ro\/wp-json\/wp\/v2\/product\/8228\/revisions"}],"wp:featuredmedia":[{"embeddable":true,"href":"https:\/\/distribucionarc.com\/ro\/wp-json\/wp\/v2\/media\/8233"}],"wp:attachment":[{"href":"https:\/\/distribucionarc.com\/ro\/wp-json\/wp\/v2\/media?parent=8228"}],"wp:term":[{"taxonomy":"product_brand","embeddable":true,"href":"https:\/\/distribucionarc.com\/ro\/wp-json\/wp\/v2\/product_brand?post=8228"},{"taxonomy":"product_cat","embeddable":true,"href":"https:\/\/distribucionarc.com\/ro\/wp-json\/wp\/v2\/product_cat?post=8228"},{"taxonomy":"product_tag","embeddable":true,"href":"https:\/\/distribucionarc.com\/ro\/wp-json\/wp\/v2\/product_tag?post=8228"}],"curies":[{"name":"wp","href":"https:\/\/api.w.org\/{rel}","templated":true}]}}