{"id":858,"date":"2020-07-14T11:23:55","date_gmt":"2020-07-14T11:23:55","guid":{"rendered":"https:\/\/distribucionarc.com\/?post_type=product&#038;p=858"},"modified":"2022-10-04T13:23:19","modified_gmt":"2022-10-04T13:23:19","slug":"masina-comercial-taiyaki-vafe","status":"publish","type":"product","link":"https:\/\/distribucionarc.com\/ro\/producto\/maquina-comercial-para-gofres-taiyaki\/","title":{"rendered":"Ma\u0219in\u0103 comercial\u0103 de vafe Taiyaki"},"content":{"rendered":"<h2>Ma\u0219in\u0103 comercial\u0103 de vafe Taiyaki<\/h2>\n<p>&nbsp;<\/p>\n<p><strong>Ma\u0219ina de vafe Taiyaki <span style=\"color: #ff0000;\">LA<\/span><span style=\"color: #0000ff;\">R<\/span>c <\/strong>Este fabricat din o\u021bel inoxidabil, este durabil, puternic \u0219i u\u0219or de cur\u0103\u021bat. Are o plac\u0103 de \u00eenc\u0103lzire din font\u0103 cu acoperire cu teflon pentru a preveni <strong>Taiyaki<\/strong> se lipe\u0219te de suprafa\u021b\u0103 \u0219i este conceput pentru utilizare pe termen lung. Forma de copt pe care o are este rezistent\u0103 la coroziune \u0219i ofer\u0103 o conductivitate termic\u0103 ridicat\u0103. Este foarte usor de curatat. Utilizatorii trebuie s\u0103 foloseasc\u0103 doar o c\u00e2rp\u0103 uscat\u0103 sau umed\u0103 pentru a cur\u0103\u021ba suprafa\u021ba, nu este nevoie s\u0103 le spele cu ap\u0103.<\/p>\n<p>\u00cen <strong><span style=\"color: #ff0000;\">LA<\/span><span style=\"color: #0000ff;\">R<\/span>c<\/strong> Suntem interesa\u021bi de confortul clien\u021bilor no\u0219tri, de aceea ma\u0219ina noastr\u0103 comercial\u0103 are un buton de control al temperaturii pe partea din fa\u021b\u0103 a ma\u0219inii. Temperatura poate fi reglat\u0103 \u00eentre 0 \u0219i 300\u2103. Butonul temporizatorului de 0-5 minute v\u0103 permite s\u0103 lucra\u021bi mai liber, f\u0103r\u0103 a fi nevoie s\u0103 v\u0103 face\u021bi griji cu privire la timpul de coacere. <strong>Ma\u0219ina de vafe Taiyaki <span style=\"color: #ff0000;\">LA<\/span><span style=\"color: #0000ff;\">R<\/span>CMGT1<\/strong> V\u0103 va permite s\u0103 face\u021bi loturi de 5 vafe \u00een 3-5 minute.<\/p>\n<p>Acest <strong>Aparat de vafe Taiyaki<\/strong> Dispune de o plac\u0103 de gunoi cu un m\u00e2ner care v\u0103 permite s\u0103 depozita\u021bi de\u0219eurile de vafe pentru o cur\u0103\u021bare u\u0219oar\u0103. Dou\u0103 m\u00e2nere din lemn de pe plitele din dreapta \u0219i din st\u00e2nga sunt rezistente la c\u0103ldur\u0103 \u0219i \u00eempiedic\u0103 arderea m\u00e2inilor \u00een timpul g\u0103titului. <span style=\"color: #008000;\">\u00cen plus, cel <strong>aparat de vafe<\/strong> de<\/span> <strong><span style=\"color: #ff0000;\">LA<\/span><span style=\"color: #0000ff;\">R<\/span>c<\/strong> <span style=\"color: #008000;\">Nu numai c\u0103 stabilizeaz\u0103 temperatura, ci \u0219i consumul acesteia odat\u0103 ce atinge temperatura maxim\u0103.\u00a0<\/span><\/p>\n<p>Designul s\u0103u original este ideal pentru uz casnic sau comercial. Cantitatea mare de detalii \u0219i mirosul atractiv vor atrage mul\u021bi clien\u021bi<\/p>\n<h6><strong>garan\u021bie\u00a0<span style=\"color: #ff0000;\">LA<\/span><span style=\"color: #0000ff;\">R<\/span>C 2 ANI<\/strong><\/h6>\n<h6><strong><span style=\"color: #008000;\">Aparat de vafe Taiyaki eficient, consum redus 2800w<\/span><\/strong><\/h6>\n<h6><strong>suport tehnic inclus<\/strong><\/h6>\n<p>&nbsp;<\/p>\n<p>&nbsp;<\/p>\n<p>&nbsp;<\/p>\n<table role=\"presentation\" width=\"100%\" cellspacing=\"0\" cellpadding=\"0\">\n<tbody>\n<tr>\n<td class=\"attrLabels\">Temperatur\u0103:<\/td>\n<td width=\"50.0%\">50-300\u00baC<\/td>\n<\/tr>\n<tr>\n<td class=\"attrLabels\">\u021aara de distribu\u021bie:<\/td>\n<td width=\"50.0%\">Spania, Germania, SUA<\/td>\n<td class=\"attrLabels\">Greutate:<\/td>\n<td width=\"50.0%\">22,2.kg<\/td>\n<\/tr>\n<tr>\n<td class=\"attrLabels\">Marca:<\/td>\n<td width=\"50.0%\">ARC<\/td>\n<td class=\"attrLabels\">\u00cen\u0103l\u0163ime:<\/td>\n<td width=\"50.0%\">37,3 cm<\/td>\n<\/tr>\n<tr>\n<td class=\"attrLabels\">Culoare:<\/td>\n<td width=\"50.0%\">Argint<\/td>\n<td class=\"attrLabels\">Lung:<\/td>\n<td width=\"50.0%\">36,6 cm<\/td>\n<\/tr>\n<tr>\n<td class=\"attrLabels\">Tip produs:<\/td>\n<td width=\"50.0%\">Aparat de vafe Taiyaki<\/td>\n<td class=\"attrLabels\">Larg:<\/td>\n<td width=\"50.0%\">58,8 cm<\/td>\n<\/tr>\n<tr>\n<td class=\"attrLabels\">Numar producator:<\/td>\n<td width=\"50.0%\">ARCMGT1<\/td>\n<td class=\"attrLabels\">Putere:<\/td>\n<td width=\"50.0%\">2800W<\/td>\n<\/tr>\n<tr>\n<td class=\"attrLabels\">Material:<\/td>\n<td width=\"50.0%\">otel inoxidabil, placa de teflon, control al temperaturii<\/td>\n<td class=\"attrLabels\">tensiune de intrare<\/td>\n<td width=\"50.0%\">220V \u2013 60Hz<\/td>\n<\/tr>\n<tr>\n<td class=\"attrLabels\">Dimensiune Taiyaki:<\/td>\n<td width=\"50.0%\">12\u00d77 cm<\/td>\n<td class=\"attrLabels\">Modele de formulare:<\/td>\n<td width=\"50.0%\">al 5-lea buc<\/td>\n<\/tr>\n<tr>\n<td class=\"attrLabels\">Instrumente de instalare:<\/td>\n<td width=\"50.0%\">Da<\/td>\n<td class=\"attrLabels\">Productie:<\/td>\n<td width=\"50.0%\">5 buc\u0103\u021bi<\/td>\n<\/tr>\n<\/tbody>\n<\/table>\n<p>&nbsp;<\/p>","protected":false},"excerpt":{"rendered":"<h3>Ma\u0219in\u0103 comercial\u0103 de vafe Taiyaki<\/h3>\n<p><strong>Aparat de vafe Taiyaki<\/strong> <span style=\"color: #ff0000;\">LA<\/span><span style=\"color: #0000ff;\">R<\/span>C are un design frumos de pe\u0219te, care va oferi toppingurilor tale un design inovator \u0219i destul de vizual, care te va surprinde pe pia\u021b\u0103. <strong>Ma\u0219ina cu conuri <span style=\"color: #ff0000;\">LA<\/span><span style=\"color: #0000ff;\">R<\/span>CMCT1<\/strong> se bazeaz\u0103 pe cultura popular\u0103 coreean\u0103 unde aceste vafe sunt cunoscute ca<strong> Taiyaki<\/strong>, oamenii \u00eel iubesc pentru aspectul s\u0103u atractiv \u0219i gustul delicios. Din <strong><span style=\"color: #ff0000;\">LA<\/span><span style=\"color: #0000ff;\">R<\/span>c<\/strong> iti oferim un <strong>aparat de vafe<\/strong> de pe\u0219te u\u0219or de umplut. Pute\u021bi ad\u0103uga <strong>\u00eenghe\u0163at<\/strong>, <strong>siropuri<\/strong>, <strong>dulceata de fructe<\/strong>, <strong>ciocolat\u0103<\/strong> sau orice se potrive\u0219te cel mai bine gusturilor tale pentru a te bucura de o vaf\u0103 foarte atractiv\u0103 \u0219i \u00eendr\u0103znea\u021b\u0103 datorit\u0103 efectului vizual deosebit. Un lot de vafe de pe\u0219te se poate face \u00een aproximativ cinci minute. <strong>Ideal pentru uz comercial.<\/strong><\/p>\n<h6><strong>garan\u021bie\u00a0<span style=\"color: #ff0000;\">LA<\/span><span style=\"color: #0000ff;\">R<\/span>C 2 ANI<\/strong><\/h6>\n<h6><span style=\"color: #008000;\"><strong>Aparat de vafe Taiyaki eficient, consum redus 2800w<\/strong><\/span><\/h6>\n<h6><strong>suport tehnic inclus<\/strong><\/h6>","protected":false},"featured_media":869,"comment_status":"open","ping_status":"closed","template":"","meta":{"wds_primary_product_brand":0,"wds_primary_product_cat":0},"product_brand":[],"product_cat":[51],"product_tag":[],"class_list":{"0":"post-858","1":"product","2":"type-product","3":"status-publish","4":"has-post-thumbnail","6":"product_cat-gofreras-profesionales","7":"product_shipping_class-hosteleria","9":"first","10":"instock","11":"sale","12":"taxable","13":"shipping-taxable","14":"purchasable","15":"product-type-simple"},"yoast_head":"<!-- This site is optimized with the Yoast SEO Premium plugin v24.9 (Yoast SEO v26.1) - https:\/\/yoast.com\/wordpress\/plugins\/seo\/ -->\n<title>M\u00e1quina comercial para gofres Taiyaki - distribuci\u00f3n ARC<\/title>\n<meta name=\"robots\" content=\"index, follow, max-snippet:-1, max-image-preview:large, max-video-preview:-1\" \/>\n<link rel=\"canonical\" href=\"https:\/\/distribucionarc.com\/ro\/produs\/masina-comercial-taiyaki-vafe\/\" \/>\n<meta property=\"og:locale\" content=\"ro_RO\" \/>\n<meta property=\"og:type\" content=\"article\" \/>\n<meta property=\"og:title\" content=\"M\u00e1quina comercial para gofres Taiyaki\" \/>\n<meta property=\"og:description\" content=\"M\u00e1quina comercial para gofres Taiyaki La m\u00e1quina para gofres Taiyaki ARC tiene un precioso dise\u00f1o de pez que le dar\u00e1 a tus toppings un dise\u00f1o innovador y bastante visual con lo que sorprender en el mercado. La m\u00e1quina para conos ARCMCT1 est\u00e1 basada en la cultura popular de Corea donde estos gofres son conocidos como Taiyaki, a la gente le encanta por su aspecto atractivo y delicioso sabor. Desde ARC les ofrecemos una m\u00e1quina de gofres de pescado sencillos de rellenar. Puedes a\u00f1adir helado, siropes, mermelada de frutas, chocolate o lo que m\u00e1s se adapte a tus gustos para disfrutar de un gofre muy atractivo y atrevido por su gran efecto visual. Un lote de gofres de pescado se puede hacer alrededor de cinco minutos. Ideal para uso comercial. Garant\u00eda\u00a0ARC 2 A\u00d1OS Maquina gofres Taiyaki eficiente, bajo consumo 2800w soporte t\u00e9cnico\u00a0incluido\" \/>\n<meta property=\"og:url\" content=\"https:\/\/distribucionarc.com\/ro\/produs\/masina-comercial-taiyaki-vafe\/\" \/>\n<meta property=\"og:site_name\" content=\"distribuci\u00f3n ARC\" \/>\n<meta property=\"article:modified_time\" content=\"2022-10-04T13:23:19+00:00\" \/>\n<meta property=\"og:image\" content=\"https:\/\/distribucionarc.com\/wp-content\/uploads\/2020\/07\/M\u00e1quina-comercial-para-gofres-Taiyaki-0.jpg\" \/>\n\t<meta property=\"og:image:width\" content=\"1600\" \/>\n\t<meta property=\"og:image:height\" content=\"1600\" \/>\n\t<meta property=\"og:image:type\" content=\"image\/jpeg\" \/>\n<meta name=\"twitter:card\" content=\"summary_large_image\" \/>\n<meta name=\"twitter:label1\" content=\"Timp estimat pentru citire\" \/>\n\t<meta name=\"twitter:data1\" content=\"2 minute\" \/>\n<script type=\"application\/ld+json\" class=\"yoast-schema-graph\">{\"@context\":\"https:\/\/schema.org\",\"@graph\":[{\"@type\":\"WebPage\",\"@id\":\"https:\/\/distribucionarc.com\/sl\/producto\/maquina-comercial-para-gofres-taiyaki\/\",\"url\":\"https:\/\/distribucionarc.com\/sl\/producto\/maquina-comercial-para-gofres-taiyaki\/\",\"name\":\"M\u00e1quina comercial para gofres Taiyaki - distribuci\u00f3n ARC\",\"isPartOf\":{\"@id\":\"https:\/\/distribucionarc.com\/de\/#website\"},\"primaryImageOfPage\":{\"@id\":\"https:\/\/distribucionarc.com\/sl\/producto\/maquina-comercial-para-gofres-taiyaki\/#primaryimage\"},\"image\":{\"@id\":\"https:\/\/distribucionarc.com\/sl\/producto\/maquina-comercial-para-gofres-taiyaki\/#primaryimage\"},\"thumbnailUrl\":\"https:\/\/distribucionarc.com\/wp-content\/uploads\/2020\/07\/M\u00e1quina-comercial-para-gofres-Taiyaki-0.jpg\",\"datePublished\":\"2020-07-14T11:23:55+00:00\",\"dateModified\":\"2022-10-04T13:23:19+00:00\",\"breadcrumb\":{\"@id\":\"https:\/\/distribucionarc.com\/sl\/producto\/maquina-comercial-para-gofres-taiyaki\/#breadcrumb\"},\"inLanguage\":\"ro-RO\",\"potentialAction\":[{\"@type\":\"ReadAction\",\"target\":[\"https:\/\/distribucionarc.com\/sl\/producto\/maquina-comercial-para-gofres-taiyaki\/\"]}]},{\"@type\":\"ImageObject\",\"inLanguage\":\"ro-RO\",\"@id\":\"https:\/\/distribucionarc.com\/sl\/producto\/maquina-comercial-para-gofres-taiyaki\/#primaryimage\",\"url\":\"https:\/\/distribucionarc.com\/wp-content\/uploads\/2020\/07\/M\u00e1quina-comercial-para-gofres-Taiyaki-0.jpg\",\"contentUrl\":\"https:\/\/distribucionarc.com\/wp-content\/uploads\/2020\/07\/M\u00e1quina-comercial-para-gofres-Taiyaki-0.jpg\",\"width\":1600,\"height\":1600,\"caption\":\"M\u00e1quina comercial para gofres Taiyaki\"},{\"@type\":\"BreadcrumbList\",\"@id\":\"https:\/\/distribucionarc.com\/sl\/producto\/maquina-comercial-para-gofres-taiyaki\/#breadcrumb\",\"itemListElement\":[{\"@type\":\"ListItem\",\"position\":1,\"name\":\"Portada\",\"item\":\"https:\/\/distribucionarc.com\/pl\/\"},{\"@type\":\"ListItem\",\"position\":2,\"name\":\"Produkty\",\"item\":\"https:\/\/distribucionarc.com\/pl\/shop\/\"},{\"@type\":\"ListItem\",\"position\":3,\"name\":\"M\u00e1quina comercial para gofres Taiyaki\"}]},{\"@type\":\"WebSite\",\"@id\":\"https:\/\/distribucionarc.com\/de\/#website\",\"url\":\"https:\/\/distribucionarc.com\/de\/\",\"name\":\"distribuci\u00f3n ARC\",\"description\":\"Empresa especializada en la fabricaci\u00f3n y distribuci\u00f3n de maquinaria industrial, selladoras de latas, Maquinas de hacer pastillas, Maquinas de cortar carne...\",\"publisher\":{\"@id\":\"https:\/\/distribucionarc.com\/de\/#organization\"},\"potentialAction\":[{\"@type\":\"SearchAction\",\"target\":{\"@type\":\"EntryPoint\",\"urlTemplate\":\"https:\/\/distribucionarc.com\/de\/?s={search_term_string}\"},\"query-input\":{\"@type\":\"PropertyValueSpecification\",\"valueRequired\":true,\"valueName\":\"search_term_string\"}}],\"inLanguage\":\"ro-RO\"},{\"@type\":\"Organization\",\"@id\":\"https:\/\/distribucionarc.com\/de\/#organization\",\"name\":\"Distribuci\u00f3n ARC\",\"url\":\"https:\/\/distribucionarc.com\/de\/\",\"logo\":{\"@type\":\"ImageObject\",\"inLanguage\":\"ro-RO\",\"@id\":\"https:\/\/distribucionarc.com\/de\/#\/schema\/logo\/image\/\",\"url\":\"https:\/\/distribucionarc.com\/wp-content\/uploads\/2024\/10\/distribucion-ARC-COLOR-SIN-FONDO-e1732295305345.png\",\"contentUrl\":\"https:\/\/distribucionarc.com\/wp-content\/uploads\/2024\/10\/distribucion-ARC-COLOR-SIN-FONDO-e1732295305345.png\",\"width\":1164,\"height\":558,\"caption\":\"Distribuci\u00f3n ARC\"},\"image\":{\"@id\":\"https:\/\/distribucionarc.com\/de\/#\/schema\/logo\/image\/\"},\"description\":\"Empresa especializada en la fabricaci\u00f3n y distribuci\u00f3n de maquinaria industrial para los sectores alimentario y farmac\u00e9utico. Nos especializamos en: M\u00e1quinas de cortar carne Fabricaci\u00f3n de comprimidos Sistemas de transporte industrial L\u00edneas de embotellado Dosificadores Y mucho m\u00e1s... Ofrecemos soluciones innovadoras y personalizadas para optimizar los procesos productivos de tu empresa.\",\"email\":\"Admistracion@distribucionarc.com\",\"telephone\":\"+34 643496664\",\"legalName\":\"ARC TECH SOLUTIONS\",\"foundingDate\":\"2024-04-09\",\"vatID\":\"B55480172\",\"numberOfEmployees\":{\"@type\":\"QuantitativeValue\",\"minValue\":\"1\",\"maxValue\":\"10\"}}]}<\/script>\n<!-- \/ Yoast SEO Premium plugin. -->","yoast_head_json":{"title":"Ma\u0219in\u0103 comercial\u0103 de vafe Taiyaki - Distribu\u021bie ARC","robots":{"index":"index","follow":"follow","max-snippet":"max-snippet:-1","max-image-preview":"max-image-preview:large","max-video-preview":"max-video-preview:-1"},"canonical":"https:\/\/distribucionarc.com\/ro\/produs\/masina-comercial-taiyaki-vafe\/","og_locale":"ro_RO","og_type":"article","og_title":"M\u00e1quina comercial para gofres Taiyaki","og_description":"M\u00e1quina comercial para gofres Taiyaki La m\u00e1quina para gofres Taiyaki ARC tiene un precioso dise\u00f1o de pez que le dar\u00e1 a tus toppings un dise\u00f1o innovador y bastante visual con lo que sorprender en el mercado. La m\u00e1quina para conos ARCMCT1 est\u00e1 basada en la cultura popular de Corea donde estos gofres son conocidos como Taiyaki, a la gente le encanta por su aspecto atractivo y delicioso sabor. Desde ARC les ofrecemos una m\u00e1quina de gofres de pescado sencillos de rellenar. Puedes a\u00f1adir helado, siropes, mermelada de frutas, chocolate o lo que m\u00e1s se adapte a tus gustos para disfrutar de un gofre muy atractivo y atrevido por su gran efecto visual. Un lote de gofres de pescado se puede hacer alrededor de cinco minutos. Ideal para uso comercial. Garant\u00eda\u00a0ARC 2 A\u00d1OS Maquina gofres Taiyaki eficiente, bajo consumo 2800w soporte t\u00e9cnico\u00a0incluido","og_url":"https:\/\/distribucionarc.com\/ro\/produs\/masina-comercial-taiyaki-vafe\/","og_site_name":"distribuci\u00f3n ARC","article_modified_time":"2022-10-04T13:23:19+00:00","og_image":[{"width":1600,"height":1600,"url":"https:\/\/distribucionarc.com\/wp-content\/uploads\/2020\/07\/M\u00e1quina-comercial-para-gofres-Taiyaki-0.jpg","type":"image\/jpeg"}],"twitter_card":"summary_large_image","twitter_misc":{"Timp estimat pentru citire":"2 minute"},"schema":{"@context":"https:\/\/schema.org","@graph":[{"@type":"WebPage","@id":"https:\/\/distribucionarc.com\/sl\/producto\/maquina-comercial-para-gofres-taiyaki\/","url":"https:\/\/distribucionarc.com\/sl\/producto\/maquina-comercial-para-gofres-taiyaki\/","name":"Ma\u0219in\u0103 comercial\u0103 de vafe Taiyaki - Distribu\u021bie ARC","isPartOf":{"@id":"https:\/\/distribucionarc.com\/de\/#website"},"primaryImageOfPage":{"@id":"https:\/\/distribucionarc.com\/sl\/producto\/maquina-comercial-para-gofres-taiyaki\/#primaryimage"},"image":{"@id":"https:\/\/distribucionarc.com\/sl\/producto\/maquina-comercial-para-gofres-taiyaki\/#primaryimage"},"thumbnailUrl":"https:\/\/distribucionarc.com\/wp-content\/uploads\/2020\/07\/M\u00e1quina-comercial-para-gofres-Taiyaki-0.jpg","datePublished":"2020-07-14T11:23:55+00:00","dateModified":"2022-10-04T13:23:19+00:00","breadcrumb":{"@id":"https:\/\/distribucionarc.com\/sl\/producto\/maquina-comercial-para-gofres-taiyaki\/#breadcrumb"},"inLanguage":"ro-RO","potentialAction":[{"@type":"ReadAction","target":["https:\/\/distribucionarc.com\/sl\/producto\/maquina-comercial-para-gofres-taiyaki\/"]}]},{"@type":"ImageObject","inLanguage":"ro-RO","@id":"https:\/\/distribucionarc.com\/sl\/producto\/maquina-comercial-para-gofres-taiyaki\/#primaryimage","url":"https:\/\/distribucionarc.com\/wp-content\/uploads\/2020\/07\/M\u00e1quina-comercial-para-gofres-Taiyaki-0.jpg","contentUrl":"https:\/\/distribucionarc.com\/wp-content\/uploads\/2020\/07\/M\u00e1quina-comercial-para-gofres-Taiyaki-0.jpg","width":1600,"height":1600,"caption":"M\u00e1quina comercial para gofres Taiyaki"},{"@type":"BreadcrumbList","@id":"https:\/\/distribucionarc.com\/sl\/producto\/maquina-comercial-para-gofres-taiyaki\/#breadcrumb","itemListElement":[{"@type":"ListItem","position":1,"name":"Portada","item":"https:\/\/distribucionarc.com\/pl\/"},{"@type":"ListItem","position":2,"name":"Produkty","item":"https:\/\/distribucionarc.com\/pl\/shop\/"},{"@type":"ListItem","position":3,"name":"M\u00e1quina comercial para gofres Taiyaki"}]},{"@type":"WebSite","@id":"https:\/\/distribucionarc.com\/de\/#website","url":"https:\/\/distribucionarc.com\/de\/","name":"Distribu\u021bie ARC","description":"Companie specializat\u0103 \u00een fabricarea \u0219i distribu\u021bia de utilaje industriale, ma\u0219ini de sigilat cutii, ma\u0219ini de fabricat tablete, ma\u0219ini de t\u0103iat carne...","publisher":{"@id":"https:\/\/distribucionarc.com\/de\/#organization"},"potentialAction":[{"@type":"SearchAction","target":{"@type":"EntryPoint","urlTemplate":"https:\/\/distribucionarc.com\/de\/?s={search_term_string}"},"query-input":{"@type":"PropertyValueSpecification","valueRequired":true,"valueName":"search_term_string"}}],"inLanguage":"ro-RO"},{"@type":"Organization","@id":"https:\/\/distribucionarc.com\/de\/#organization","name":"Distribu\u021bie ARC","url":"https:\/\/distribucionarc.com\/de\/","logo":{"@type":"ImageObject","inLanguage":"ro-RO","@id":"https:\/\/distribucionarc.com\/de\/#\/schema\/logo\/image\/","url":"https:\/\/distribucionarc.com\/wp-content\/uploads\/2024\/10\/distribucion-ARC-COLOR-SIN-FONDO-e1732295305345.png","contentUrl":"https:\/\/distribucionarc.com\/wp-content\/uploads\/2024\/10\/distribucion-ARC-COLOR-SIN-FONDO-e1732295305345.png","width":1164,"height":558,"caption":"Distribuci\u00f3n ARC"},"image":{"@id":"https:\/\/distribucionarc.com\/de\/#\/schema\/logo\/image\/"},"description":"Companie specializat\u0103 \u00een fabricarea \u0219i distribu\u021bia de utilaje industriale pentru sectoarele alimentar \u0219i farmaceutic. Suntem specializa\u021bi \u00een: Ma\u0219ini de t\u0103iat carne Fabricarea tabletelor Sisteme de transport industrial Linii de \u00eembuteliere Distribuitoare \u0218i multe altele... Oferim solu\u021bii inovatoare \u0219i personalizate pentru a optimiza procesele de produc\u021bie ale companiei dumneavoastr\u0103.","email":"Admistracion@distribucionarc.com","telephone":"+34 643496664","legalName":"ARC TECH SOLUTIONS","foundingDate":"2024-04-09","vatID":"B55480172","numberOfEmployees":{"@type":"QuantitativeValue","minValue":"1","maxValue":"10"}}]}},"_links":{"self":[{"href":"https:\/\/distribucionarc.com\/ro\/wp-json\/wp\/v2\/product\/858","targetHints":{"allow":["GET"]}}],"collection":[{"href":"https:\/\/distribucionarc.com\/ro\/wp-json\/wp\/v2\/product"}],"about":[{"href":"https:\/\/distribucionarc.com\/ro\/wp-json\/wp\/v2\/types\/product"}],"replies":[{"embeddable":true,"href":"https:\/\/distribucionarc.com\/ro\/wp-json\/wp\/v2\/comments?post=858"}],"version-history":[{"count":0,"href":"https:\/\/distribucionarc.com\/ro\/wp-json\/wp\/v2\/product\/858\/revisions"}],"wp:featuredmedia":[{"embeddable":true,"href":"https:\/\/distribucionarc.com\/ro\/wp-json\/wp\/v2\/media\/869"}],"wp:attachment":[{"href":"https:\/\/distribucionarc.com\/ro\/wp-json\/wp\/v2\/media?parent=858"}],"wp:term":[{"taxonomy":"product_brand","embeddable":true,"href":"https:\/\/distribucionarc.com\/ro\/wp-json\/wp\/v2\/product_brand?post=858"},{"taxonomy":"product_cat","embeddable":true,"href":"https:\/\/distribucionarc.com\/ro\/wp-json\/wp\/v2\/product_cat?post=858"},{"taxonomy":"product_tag","embeddable":true,"href":"https:\/\/distribucionarc.com\/ro\/wp-json\/wp\/v2\/product_tag?post=858"}],"curies":[{"name":"wp","href":"https:\/\/api.w.org\/{rel}","templated":true}]}}