{"id":872,"date":"2020-07-14T12:32:47","date_gmt":"2020-07-14T12:32:47","guid":{"rendered":"https:\/\/distribucionarc.com\/?post_type=product&#038;p=872"},"modified":"2024-09-05T13:42:32","modified_gmt":"2024-09-05T13:42:32","slug":"dublu-masina-de-clatite-sufle","status":"publish","type":"product","link":"https:\/\/distribucionarc.com\/ro\/producto\/maquina-de-panqueques-souffle-doble\/","title":{"rendered":"Ma\u0219in\u0103 dubl\u0103 pentru cl\u0103tite pentru sufle"},"content":{"rendered":"<h2>Ma\u0219in\u0103 dubl\u0103 pentru cl\u0103tite pentru sufle<\/h2>\n<p>Calitatea \u00eenalt\u0103 a materialelor din care este realizat <strong>ma\u015fin\u0103 <span style=\"color: #ff0000;\">LA<\/span><span style=\"color: #0000ff;\">R<\/span>c<\/strong>, \u00eei va oferi o via\u021b\u0103 lung\u0103, pe l\u00e2ng\u0103 faptul c\u0103 este gata pentru utilizare comercial\u0103 extins\u0103. Fabricat din materiale din o\u021bel inoxidabil, oglind\u0103 de calitate alimentar\u0103, rezisten\u021b\u0103 la zdrobire, antirugin\u0103 \u0219i impermeabil\u0103, asigur\u00e2nd o<strong>\u00a0sufleu<\/strong> premium. Confortul \u0219i u\u0219urin\u021ba sa fac aceast\u0103 ma\u0219in\u0103 potrivit\u0103 pentru uz comercial.<\/p>\n<p>Acest <strong>aparat de cl\u0103tite<\/strong> <strong><span style=\"color: #ff0000;\">LA<\/span><span style=\"color: #0000ff;\">R<\/span>CMPS1<\/strong> Are o conduct\u0103 de \u00eenc\u0103lzire \u00eengro\u0219at\u0103 \u00eencorporat\u0103 \u0219i o suprafa\u021b\u0103 constant\u0103 de tratament termic, acest brutar electric dorayaki antiaderent poate rezista la temperaturi de p\u00e2n\u0103 la 250\u2103. Putere mare 1300W<\/p>\n<p>Acest <strong>aparat de sufleu de cl\u0103tite<\/strong> Con\u021bine un panou de control electronic, care poate controla cu precizie temperatura \u0219i timpul, u\u0219or de utilizat. Control independent pe ambele p\u0103r\u021bi, capabil s\u0103 g\u0103teasc\u0103 dou\u0103 ingrediente diferite \u00een acela\u0219i timp. Indicatoarele luminoase se vor stinge imediat ce temperatura dorit\u0103 este atins\u0103<\/p>\n<p><strong>Masina <span style=\"color: #ff0000;\">LA<\/span><span style=\"color: #0000ff;\">R<\/span>CMPS1<\/strong> <span style=\"color: #008000;\">Adopt\u0103 tigaie din cupru pur, care este antiaderent\u0103 \u0219i bun\u0103 la conducere, pentru a accelera \u00eenc\u0103lzirea \u0219i a reduce consumul de energie<\/span>.<\/p>\n<p>Echipat cu capac din o\u021bel inoxidabil \u00een form\u0103 de arc \u0219i cablu de alimentare \u00eengro\u0219at, mai sigur de utilizat. Cu patru tampoane anti-alunecare ridicate, performan\u021ba de disipare a c\u0103ldurii este mai mare.<\/p>\n<h6><\/h6>\n<h6><strong>garan\u021bie\u00a0<span style=\"color: #ff0000;\">LA<\/span><span style=\"color: #0000ff;\">R<\/span>C 2 ANI<\/strong><\/h6>\n<h6><span style=\"color: #008000;\">Aparat de sufleu pentru clatite, consum mic 2800w<\/span><\/h6>\n<h6><strong>suport tehnic inclus<\/strong><\/h6>\n<p>&nbsp;<\/p>\n<p>&nbsp;<\/p>\n<table role=\"presentation\" width=\"100%\" cellspacing=\"0\" cellpadding=\"0\">\n<tbody>\n<tr>\n<td class=\"attrLabels\">Temperatur\u0103:<\/td>\n<td width=\"50.0%\">30-250\u00baC<\/td>\n<\/tr>\n<tr>\n<td class=\"attrLabels\">\u021aara de distribu\u021bie:<\/td>\n<td width=\"50.0%\">Spania, Germania, SUA<\/td>\n<td class=\"attrLabels\">Greutate:<\/td>\n<td width=\"50.0%\"><span style=\"font-size: 16px; font-style: normal; font-weight: 400;\">30 <\/span>kg<\/td>\n<\/tr>\n<tr>\n<td class=\"attrLabels\">Marca:<\/td>\n<td width=\"50.0%\">ARC<\/td>\n<td class=\"attrLabels\">\u00cen\u0103l\u0163ime:<\/td>\n<td width=\"50.0%\">62 cm<\/td>\n<\/tr>\n<tr>\n<td class=\"attrLabels\">Culoare:<\/td>\n<td width=\"50.0%\">Argint<\/td>\n<td class=\"attrLabels\">Lung:<\/td>\n<td width=\"50.0%\">48 cm<\/td>\n<\/tr>\n<tr>\n<td class=\"attrLabels\">Tip produs:<\/td>\n<td width=\"50.0%\">Ma\u0219in\u0103 pentru cl\u0103tite pentru suffl\u00e9<\/td>\n<td class=\"attrLabels\">Larg:<\/td>\n<td width=\"50.0%\">29 cm<\/td>\n<\/tr>\n<tr>\n<td class=\"attrLabels\">Numar producator:<\/td>\n<td width=\"50.0%\">ARCMPS1<\/td>\n<td class=\"attrLabels\">Putere:<\/td>\n<td width=\"50.0%\">2800W<\/td>\n<\/tr>\n<tr>\n<td class=\"attrLabels\">Material:<\/td>\n<td width=\"50.0%\">otel inoxidabil, sarma ingrosata, control temperatura, tigaie din cupru<\/td>\n<td class=\"attrLabels\">tensiune de intrare<\/td>\n<td width=\"50.0%\">220V \u2013 60Hz<\/td>\n<\/tr>\n<tr>\n<td class=\"attrLabels\">Include:<\/td>\n<td width=\"50.0%\">\u00a02 capace din otel inoxidabil<\/p>\n<p>2 spatule<\/td>\n<td class=\"attrLabels\">garan\u021bie<\/td>\n<td width=\"50.0%\">2 ani<\/td>\n<\/tr>\n<tr>\n<td class=\"attrLabels\">Instrumente de instalare:<\/td>\n<td width=\"50.0%\">Da<\/td>\n<td class=\"attrLabels\"><\/td>\n<td width=\"50.0%\"><\/td>\n<\/tr>\n<\/tbody>\n<\/table>\n<p>&nbsp;<\/p>\n<p>&nbsp;<\/p>","protected":false},"excerpt":{"rendered":"<h2>Aparat profesional pentru sufleuri \u0219i cl\u0103tite duble<\/h2>\n<p>The <strong>Produs dublu pentru sufleuri \u0219i cl\u0103tite<\/strong> Este dispozitivul ideal pentru a preg\u0103ti orice tip de <strong>sufleu<\/strong> rapid si usor. Cu designul s\u0103u versatil \u0219i func\u021bional, v\u0103 permite s\u0103 g\u0103ti\u021bi <strong>sufleuri dulci<\/strong> \u015fi <strong>sufleuri s\u0103rate<\/strong> cu textura pufoas\u0103 \u0219i u\u0219oar\u0103 care caracterizeaz\u0103 acest preparat.<\/p>\n<p>Acest echipament este conceput pentru a crea o mare varietate de <strong>sufleuri dulci<\/strong> ca el <strong>sufleu de ciocolat\u0103<\/strong> Pentru iubitorii de cacao, <strong>sufleu de vanilie<\/strong> cu o atingere moale \u0219i clasic\u0103, sau r\u0103coritoare <strong>sufleu de lamaie<\/strong> pentru un desert u\u0219or. De asemenea, pute\u021bi explora op\u021biuni mai inovatoare, cum ar fi <strong>sufle de fructe<\/strong> cu combinatii ca <strong>c\u0103p\u0219uni, piersici sau mere<\/strong>.<\/p>\n<p>\u00cen ceea ce prive\u0219te op\u021biunile de <strong>sufleuri s\u0103rate<\/strong>, este perfect pentru prepararea clasicului <strong>sufle de br\u00e2nz\u0103<\/strong> cu un amestec de br\u00e2nzeturi Gruy\u00e8re sau cheddar, delicioase <strong>sufleu de \u0219unc\u0103 \u0219i spanac<\/strong> pentru o mas\u0103 complet\u0103, sau chiar rafinat\u0103 <strong>sufle de pe\u0219te<\/strong> pentru cei care caut\u0103 un fel principal u\u0219or \u0219i hr\u0103nitor. Dac\u0103 v\u0103 plac legumele, <strong>sufleu de spanac<\/strong> sau cel <strong>sufleu de broccoli si branza<\/strong> Sunt \u0219i alternative excelente.<\/p>\n<p>Mul\u021bumesc lui <strong>compartiment dublu<\/strong>, pute\u021bi preg\u0103ti dou\u0103 feluri de m\u00e2ncare \u00een acela\u0219i timp, fie c\u0103 este vorba de o <strong>sufleu dulce<\/strong> pentru desert sau a <strong>sufleu s\u0103rat<\/strong> ca aperitiv sau fel principal, adapt\u00e2ndu-se la toate preferin\u021bele culinare ale familiei sau ale invita\u021bilor.<\/p>","protected":false},"featured_media":879,"comment_status":"open","ping_status":"closed","template":"","meta":{"wds_primary_product_brand":0,"wds_primary_product_cat":0},"product_brand":[],"product_cat":[51],"product_tag":[],"class_list":{"0":"post-872","1":"product","2":"type-product","3":"status-publish","4":"has-post-thumbnail","6":"product_cat-gofreras-profesionales","7":"product_shipping_class-hosteleria","9":"first","10":"instock","11":"taxable","12":"shipping-taxable","13":"purchasable","14":"product-type-simple"},"yoast_head":"<!-- This site is optimized with the Yoast SEO Premium plugin v24.9 (Yoast SEO v26.1) - https:\/\/yoast.com\/wordpress\/plugins\/seo\/ -->\n<title>M\u00e1quina de panqueques souffl\u00e9 doble - distribuci\u00f3n ARC<\/title>\n<meta name=\"robots\" content=\"index, follow, max-snippet:-1, max-image-preview:large, max-video-preview:-1\" \/>\n<link rel=\"canonical\" href=\"https:\/\/www.distribucionarc.com\/en\/producto\/maquina-de-panqueques-souffle-doble\/\" \/>\n<meta property=\"og:locale\" content=\"ro_RO\" \/>\n<meta property=\"og:type\" content=\"article\" \/>\n<meta property=\"og:title\" content=\"M\u00e1quina de panqueques souffl\u00e9 doble\" \/>\n<meta property=\"og:description\" content=\"M\u00e1quina de hacer Souffl\u00e9 Profesional y Panqueques Doble La M\u00e1quina de hacer souffl\u00e9 y panqueques doble es el aparato ideal para preparar cualquier tipo de souffl\u00e9 de manera r\u00e1pida y sencilla. Con su dise\u00f1o vers\u00e1til y funcional, permite cocinar souffl\u00e9s dulces y souffl\u00e9s salados con la textura esponjosa y ligera que caracteriza a este plato.  Este equipo est\u00e1 dise\u00f1ado para crear una amplia variedad de souffl\u00e9s dulces como el souffl\u00e9 de chocolate para los amantes del cacao, el souffl\u00e9 de vainilla con un toque suave y cl\u00e1sico, o el refrescante souffl\u00e9 de lim\u00f3n para un postre ligero. Tambi\u00e9n puedes explorar opciones m\u00e1s innovadoras como el souffl\u00e9 de frutas con combinaciones como fresas, duraznos o manzanas.  En cuanto a las opciones de souffl\u00e9s salados, es perfecta para preparar el cl\u00e1sico souffl\u00e9 de queso con una mezcla de quesos gruy\u00e8re o cheddar, el delicioso souffl\u00e9 de jam\u00f3n y espinacas para una comida completa, o incluso el refinado souffl\u00e9 de pescado para quienes buscan un plato principal ligero y nutritivo. Si te gustan los vegetales, el souffl\u00e9 de espinacas o el souffl\u00e9 de br\u00f3coli y queso tambi\u00e9n son excelentes alternativas.  Gracias a su doble compartimiento, puedes preparar dos platos al mismo tiempo, ya sea un souffl\u00e9 dulce para el postre o un souffl\u00e9 salado como entrada o plato principal, adapt\u00e1ndose a todas las preferencias culinarias de tu familia o invitados.\" \/>\n<meta property=\"og:url\" content=\"https:\/\/www.distribucionarc.com\/en\/producto\/maquina-de-panqueques-souffle-doble\/\" \/>\n<meta property=\"og:site_name\" content=\"distribuci\u00f3n ARC\" \/>\n<meta property=\"article:modified_time\" content=\"2024-09-05T13:42:32+00:00\" \/>\n<meta property=\"og:image\" content=\"https:\/\/distribucionarc.com\/wp-content\/uploads\/2020\/07\/M\u00e1quina-de-panqueques-Souffl\u00e9-doble-0.jpg\" \/>\n\t<meta property=\"og:image:width\" content=\"1600\" \/>\n\t<meta property=\"og:image:height\" content=\"1600\" \/>\n\t<meta property=\"og:image:type\" content=\"image\/jpeg\" \/>\n<meta name=\"twitter:card\" content=\"summary_large_image\" \/>\n<meta name=\"twitter:label1\" content=\"Timp estimat pentru citire\" \/>\n\t<meta name=\"twitter:data1\" content=\"2 minute\" \/>\n<script type=\"application\/ld+json\" class=\"yoast-schema-graph\">{\"@context\":\"https:\/\/schema.org\",\"@graph\":[{\"@type\":\"WebPage\",\"@id\":\"https:\/\/www.distribucionarc.com\/en\/producto\/maquina-de-panqueques-souffle-doble\/\",\"url\":\"https:\/\/www.distribucionarc.com\/en\/producto\/maquina-de-panqueques-souffle-doble\/\",\"name\":\"M\u00e1quina de panqueques souffl\u00e9 doble - distribuci\u00f3n ARC\",\"isPartOf\":{\"@id\":\"https:\/\/distribucionarc.com\/de\/#website\"},\"primaryImageOfPage\":{\"@id\":\"https:\/\/www.distribucionarc.com\/en\/producto\/maquina-de-panqueques-souffle-doble\/#primaryimage\"},\"image\":{\"@id\":\"https:\/\/www.distribucionarc.com\/en\/producto\/maquina-de-panqueques-souffle-doble\/#primaryimage\"},\"thumbnailUrl\":\"https:\/\/distribucionarc.com\/wp-content\/uploads\/2020\/07\/M\u00e1quina-de-panqueques-Souffl\u00e9-doble-0.jpg\",\"datePublished\":\"2020-07-14T12:32:47+00:00\",\"dateModified\":\"2024-09-05T13:42:32+00:00\",\"breadcrumb\":{\"@id\":\"https:\/\/www.distribucionarc.com\/en\/producto\/maquina-de-panqueques-souffle-doble\/#breadcrumb\"},\"inLanguage\":\"ro-RO\",\"potentialAction\":[{\"@type\":\"ReadAction\",\"target\":[\"https:\/\/www.distribucionarc.com\/en\/producto\/maquina-de-panqueques-souffle-doble\/\"]}]},{\"@type\":\"ImageObject\",\"inLanguage\":\"ro-RO\",\"@id\":\"https:\/\/www.distribucionarc.com\/en\/producto\/maquina-de-panqueques-souffle-doble\/#primaryimage\",\"url\":\"https:\/\/distribucionarc.com\/wp-content\/uploads\/2020\/07\/M\u00e1quina-de-panqueques-Souffl\u00e9-doble-0.jpg\",\"contentUrl\":\"https:\/\/distribucionarc.com\/wp-content\/uploads\/2020\/07\/M\u00e1quina-de-panqueques-Souffl\u00e9-doble-0.jpg\",\"width\":1600,\"height\":1600,\"caption\":\"M\u00e1quina de panqueques souffl\u00e9 doble\"},{\"@type\":\"BreadcrumbList\",\"@id\":\"https:\/\/www.distribucionarc.com\/en\/producto\/maquina-de-panqueques-souffle-doble\/#breadcrumb\",\"itemListElement\":[{\"@type\":\"ListItem\",\"position\":1,\"name\":\"Portada\",\"item\":\"https:\/\/distribucionarc.com\/pl\/\"},{\"@type\":\"ListItem\",\"position\":2,\"name\":\"Produkty\",\"item\":\"https:\/\/distribucionarc.com\/pl\/shop\/\"},{\"@type\":\"ListItem\",\"position\":3,\"name\":\"M\u00e1quina de panqueques souffl\u00e9 doble\"}]},{\"@type\":\"WebSite\",\"@id\":\"https:\/\/distribucionarc.com\/de\/#website\",\"url\":\"https:\/\/distribucionarc.com\/de\/\",\"name\":\"distribuci\u00f3n ARC\",\"description\":\"Empresa especializada en la fabricaci\u00f3n y distribuci\u00f3n de maquinaria industrial, selladoras de latas, Maquinas de hacer pastillas, Maquinas de cortar carne...\",\"publisher\":{\"@id\":\"https:\/\/distribucionarc.com\/de\/#organization\"},\"potentialAction\":[{\"@type\":\"SearchAction\",\"target\":{\"@type\":\"EntryPoint\",\"urlTemplate\":\"https:\/\/distribucionarc.com\/de\/?s={search_term_string}\"},\"query-input\":{\"@type\":\"PropertyValueSpecification\",\"valueRequired\":true,\"valueName\":\"search_term_string\"}}],\"inLanguage\":\"ro-RO\"},{\"@type\":\"Organization\",\"@id\":\"https:\/\/distribucionarc.com\/de\/#organization\",\"name\":\"Distribuci\u00f3n ARC\",\"url\":\"https:\/\/distribucionarc.com\/de\/\",\"logo\":{\"@type\":\"ImageObject\",\"inLanguage\":\"ro-RO\",\"@id\":\"https:\/\/distribucionarc.com\/de\/#\/schema\/logo\/image\/\",\"url\":\"https:\/\/distribucionarc.com\/wp-content\/uploads\/2024\/10\/distribucion-ARC-COLOR-SIN-FONDO-e1732295305345.png\",\"contentUrl\":\"https:\/\/distribucionarc.com\/wp-content\/uploads\/2024\/10\/distribucion-ARC-COLOR-SIN-FONDO-e1732295305345.png\",\"width\":1164,\"height\":558,\"caption\":\"Distribuci\u00f3n ARC\"},\"image\":{\"@id\":\"https:\/\/distribucionarc.com\/de\/#\/schema\/logo\/image\/\"},\"description\":\"Empresa especializada en la fabricaci\u00f3n y distribuci\u00f3n de maquinaria industrial para los sectores alimentario y farmac\u00e9utico. Nos especializamos en: M\u00e1quinas de cortar carne Fabricaci\u00f3n de comprimidos Sistemas de transporte industrial L\u00edneas de embotellado Dosificadores Y mucho m\u00e1s... Ofrecemos soluciones innovadoras y personalizadas para optimizar los procesos productivos de tu empresa.\",\"email\":\"Admistracion@distribucionarc.com\",\"telephone\":\"+34 643496664\",\"legalName\":\"ARC TECH SOLUTIONS\",\"foundingDate\":\"2024-04-09\",\"vatID\":\"B55480172\",\"numberOfEmployees\":{\"@type\":\"QuantitativeValue\",\"minValue\":\"1\",\"maxValue\":\"10\"}}]}<\/script>\n<!-- \/ Yoast SEO Premium plugin. -->","yoast_head_json":{"title":"Ma\u0219in\u0103 de cl\u0103tite cu sufleu dublu - distribu\u021bie ARC","robots":{"index":"index","follow":"follow","max-snippet":"max-snippet:-1","max-image-preview":"max-image-preview:large","max-video-preview":"max-video-preview:-1"},"canonical":"https:\/\/www.distribucionarc.com\/en\/producto\/maquina-de-panqueques-souffle-doble\/","og_locale":"ro_RO","og_type":"article","og_title":"M\u00e1quina de panqueques souffl\u00e9 doble","og_description":"M\u00e1quina de hacer Souffl\u00e9 Profesional y Panqueques Doble La M\u00e1quina de hacer souffl\u00e9 y panqueques doble es el aparato ideal para preparar cualquier tipo de souffl\u00e9 de manera r\u00e1pida y sencilla. Con su dise\u00f1o vers\u00e1til y funcional, permite cocinar souffl\u00e9s dulces y souffl\u00e9s salados con la textura esponjosa y ligera que caracteriza a este plato.  Este equipo est\u00e1 dise\u00f1ado para crear una amplia variedad de souffl\u00e9s dulces como el souffl\u00e9 de chocolate para los amantes del cacao, el souffl\u00e9 de vainilla con un toque suave y cl\u00e1sico, o el refrescante souffl\u00e9 de lim\u00f3n para un postre ligero. Tambi\u00e9n puedes explorar opciones m\u00e1s innovadoras como el souffl\u00e9 de frutas con combinaciones como fresas, duraznos o manzanas.  En cuanto a las opciones de souffl\u00e9s salados, es perfecta para preparar el cl\u00e1sico souffl\u00e9 de queso con una mezcla de quesos gruy\u00e8re o cheddar, el delicioso souffl\u00e9 de jam\u00f3n y espinacas para una comida completa, o incluso el refinado souffl\u00e9 de pescado para quienes buscan un plato principal ligero y nutritivo. Si te gustan los vegetales, el souffl\u00e9 de espinacas o el souffl\u00e9 de br\u00f3coli y queso tambi\u00e9n son excelentes alternativas.  Gracias a su doble compartimiento, puedes preparar dos platos al mismo tiempo, ya sea un souffl\u00e9 dulce para el postre o un souffl\u00e9 salado como entrada o plato principal, adapt\u00e1ndose a todas las preferencias culinarias de tu familia o invitados.","og_url":"https:\/\/www.distribucionarc.com\/en\/producto\/maquina-de-panqueques-souffle-doble\/","og_site_name":"distribuci\u00f3n ARC","article_modified_time":"2024-09-05T13:42:32+00:00","og_image":[{"width":1600,"height":1600,"url":"https:\/\/distribucionarc.com\/wp-content\/uploads\/2020\/07\/M\u00e1quina-de-panqueques-Souffl\u00e9-doble-0.jpg","type":"image\/jpeg"}],"twitter_card":"summary_large_image","twitter_misc":{"Timp estimat pentru citire":"2 minute"},"schema":{"@context":"https:\/\/schema.org","@graph":[{"@type":"WebPage","@id":"https:\/\/www.distribucionarc.com\/en\/producto\/maquina-de-panqueques-souffle-doble\/","url":"https:\/\/www.distribucionarc.com\/en\/producto\/maquina-de-panqueques-souffle-doble\/","name":"Ma\u0219in\u0103 de cl\u0103tite cu sufleu dublu - distribu\u021bie ARC","isPartOf":{"@id":"https:\/\/distribucionarc.com\/de\/#website"},"primaryImageOfPage":{"@id":"https:\/\/www.distribucionarc.com\/en\/producto\/maquina-de-panqueques-souffle-doble\/#primaryimage"},"image":{"@id":"https:\/\/www.distribucionarc.com\/en\/producto\/maquina-de-panqueques-souffle-doble\/#primaryimage"},"thumbnailUrl":"https:\/\/distribucionarc.com\/wp-content\/uploads\/2020\/07\/M\u00e1quina-de-panqueques-Souffl\u00e9-doble-0.jpg","datePublished":"2020-07-14T12:32:47+00:00","dateModified":"2024-09-05T13:42:32+00:00","breadcrumb":{"@id":"https:\/\/www.distribucionarc.com\/en\/producto\/maquina-de-panqueques-souffle-doble\/#breadcrumb"},"inLanguage":"ro-RO","potentialAction":[{"@type":"ReadAction","target":["https:\/\/www.distribucionarc.com\/en\/producto\/maquina-de-panqueques-souffle-doble\/"]}]},{"@type":"ImageObject","inLanguage":"ro-RO","@id":"https:\/\/www.distribucionarc.com\/en\/producto\/maquina-de-panqueques-souffle-doble\/#primaryimage","url":"https:\/\/distribucionarc.com\/wp-content\/uploads\/2020\/07\/M\u00e1quina-de-panqueques-Souffl\u00e9-doble-0.jpg","contentUrl":"https:\/\/distribucionarc.com\/wp-content\/uploads\/2020\/07\/M\u00e1quina-de-panqueques-Souffl\u00e9-doble-0.jpg","width":1600,"height":1600,"caption":"M\u00e1quina de panqueques souffl\u00e9 doble"},{"@type":"BreadcrumbList","@id":"https:\/\/www.distribucionarc.com\/en\/producto\/maquina-de-panqueques-souffle-doble\/#breadcrumb","itemListElement":[{"@type":"ListItem","position":1,"name":"Portada","item":"https:\/\/distribucionarc.com\/pl\/"},{"@type":"ListItem","position":2,"name":"Produkty","item":"https:\/\/distribucionarc.com\/pl\/shop\/"},{"@type":"ListItem","position":3,"name":"M\u00e1quina de panqueques souffl\u00e9 doble"}]},{"@type":"WebSite","@id":"https:\/\/distribucionarc.com\/de\/#website","url":"https:\/\/distribucionarc.com\/de\/","name":"Distribu\u021bie ARC","description":"Companie specializat\u0103 \u00een fabricarea \u0219i distribu\u021bia de utilaje industriale, ma\u0219ini de sigilat cutii, ma\u0219ini de fabricat tablete, ma\u0219ini de t\u0103iat carne...","publisher":{"@id":"https:\/\/distribucionarc.com\/de\/#organization"},"potentialAction":[{"@type":"SearchAction","target":{"@type":"EntryPoint","urlTemplate":"https:\/\/distribucionarc.com\/de\/?s={search_term_string}"},"query-input":{"@type":"PropertyValueSpecification","valueRequired":true,"valueName":"search_term_string"}}],"inLanguage":"ro-RO"},{"@type":"Organization","@id":"https:\/\/distribucionarc.com\/de\/#organization","name":"Distribu\u021bie ARC","url":"https:\/\/distribucionarc.com\/de\/","logo":{"@type":"ImageObject","inLanguage":"ro-RO","@id":"https:\/\/distribucionarc.com\/de\/#\/schema\/logo\/image\/","url":"https:\/\/distribucionarc.com\/wp-content\/uploads\/2024\/10\/distribucion-ARC-COLOR-SIN-FONDO-e1732295305345.png","contentUrl":"https:\/\/distribucionarc.com\/wp-content\/uploads\/2024\/10\/distribucion-ARC-COLOR-SIN-FONDO-e1732295305345.png","width":1164,"height":558,"caption":"Distribuci\u00f3n ARC"},"image":{"@id":"https:\/\/distribucionarc.com\/de\/#\/schema\/logo\/image\/"},"description":"Companie specializat\u0103 \u00een fabricarea \u0219i distribu\u021bia de utilaje industriale pentru sectoarele alimentar \u0219i farmaceutic. Suntem specializa\u021bi \u00een: Ma\u0219ini de t\u0103iat carne Fabricarea tabletelor Sisteme de transport industrial Linii de \u00eembuteliere Distribuitoare \u0218i multe altele... Oferim solu\u021bii inovatoare \u0219i personalizate pentru a optimiza procesele de produc\u021bie ale companiei dumneavoastr\u0103.","email":"Admistracion@distribucionarc.com","telephone":"+34 643496664","legalName":"ARC TECH SOLUTIONS","foundingDate":"2024-04-09","vatID":"B55480172","numberOfEmployees":{"@type":"QuantitativeValue","minValue":"1","maxValue":"10"}}]}},"_links":{"self":[{"href":"https:\/\/distribucionarc.com\/ro\/wp-json\/wp\/v2\/product\/872","targetHints":{"allow":["GET"]}}],"collection":[{"href":"https:\/\/distribucionarc.com\/ro\/wp-json\/wp\/v2\/product"}],"about":[{"href":"https:\/\/distribucionarc.com\/ro\/wp-json\/wp\/v2\/types\/product"}],"replies":[{"embeddable":true,"href":"https:\/\/distribucionarc.com\/ro\/wp-json\/wp\/v2\/comments?post=872"}],"version-history":[{"count":0,"href":"https:\/\/distribucionarc.com\/ro\/wp-json\/wp\/v2\/product\/872\/revisions"}],"wp:featuredmedia":[{"embeddable":true,"href":"https:\/\/distribucionarc.com\/ro\/wp-json\/wp\/v2\/media\/879"}],"wp:attachment":[{"href":"https:\/\/distribucionarc.com\/ro\/wp-json\/wp\/v2\/media?parent=872"}],"wp:term":[{"taxonomy":"product_brand","embeddable":true,"href":"https:\/\/distribucionarc.com\/ro\/wp-json\/wp\/v2\/product_brand?post=872"},{"taxonomy":"product_cat","embeddable":true,"href":"https:\/\/distribucionarc.com\/ro\/wp-json\/wp\/v2\/product_cat?post=872"},{"taxonomy":"product_tag","embeddable":true,"href":"https:\/\/distribucionarc.com\/ro\/wp-json\/wp\/v2\/product_tag?post=872"}],"curies":[{"name":"wp","href":"https:\/\/api.w.org\/{rel}","templated":true}]}}