{"id":886,"date":"2020-07-14T14:51:21","date_gmt":"2020-07-14T14:51:21","guid":{"rendered":"https:\/\/distribucionarc.com\/?post_type=product&#038;p=886"},"modified":"2024-09-05T14:30:52","modified_gmt":"2024-09-05T14:30:52","slug":"crep-electric-profesional","status":"publish","type":"product","link":"https:\/\/distribucionarc.com\/ro\/producto\/crepera-electrica-profesional\/","title":{"rendered":"Ma\u0219in\u0103 de creptat electric\u0103 profesional\u0103"},"content":{"rendered":"<h3>Ma\u0219in\u0103 electric\u0103 profesionist\u0103 pentru creponat<\/h3>\n<p>Masina <strong>aparat de creponat profesional<\/strong> de <strong><span style=\"color: #ff0000;\">LA<\/span><span style=\"color: #0000ff;\">R<\/span>c<\/strong> Este construit dintr-o carcas\u0103 exterioar\u0103 \u00eengro\u0219at\u0103 din o\u021bel inoxidabil \u0219i o lam\u0103 de teflon din font\u0103 \u00eenc\u0103lzit\u0103. Suprafa\u021ba antiaderent\u0103 v\u0103 permite s\u0103 crea\u021bi <strong>crepe perfecte<\/strong> pe l\u00e2ng\u0103 faptul c\u0103 u\u0219ureaz\u0103 cur\u0103\u021barea.<\/p>\n<p>Plita mare de 40 cm cu tuburi de incalzire toroidale incorporate permite ca incalzirea sa fie distribuita uniform, astfel incat creptele sa fie gatite uniform, cu o putere mare de 2,8 kW pentru incalzire instantanee. Temperatura de incalzire poate fi reglata intre 50-300\u00baC, cu ajutorul unui buton rotativ practic care usureaza reglarea temperaturii in orice moment. Odat\u0103 ce temperatura necesar\u0103 de g\u0103tit este atins\u0103, plita re\u021bine c\u0103ldura pentru a oferi a <strong><span style=\"color: #008000;\">eficien\u021b\u0103 energetic\u0103 mai mare.<\/span><\/strong><\/p>\n<p>The<strong> aparat de creponat profesional <span style=\"color: #ff0000;\">LA<\/span><span style=\"color: #0000ff;\">R<\/span>CMCE1<\/strong> Are ventilatoare pe ambele p\u0103r\u021bi pentru o disipare eficient\u0103 a c\u0103ldurii; Sertarul are un diametru de (35\u00d735 cm) in felul acesta il poti adapta mai bine <strong>ma\u0219in\u0103 profesional\u0103<\/strong> Datorit\u0103 dimensiunii sale \u0219i sertarului pentru a stoca instrumentele de care ave\u021bi nevoie la \u00eendem\u00e2n\u0103.<\/p>\n<p>Acest aparat de creponat electric profesional poate satisface majoritatea cerin\u021belor unit\u0103\u021bilor dedicate <strong>restaurare<\/strong> pentru adaptabilitatea sa u\u0219oar\u0103 la diferite ingrediente, cum ar fi <strong>cl\u0103tite<\/strong>, <strong>sl\u0103nin\u0103<\/strong>, <strong>ou\u0103<\/strong>, <strong>tortilla<\/strong>, <strong>crepe<\/strong>, <strong>paine plate<\/strong>, <strong>cl\u0103tite<\/strong> etc<\/p>\n<h6><strong>garan\u021bie\u00a0<span style=\"color: #ff0000;\">LA<\/span><span style=\"color: #0000ff;\">R<\/span>C 2 ANI<\/strong><\/h6>\n<h6><span style=\"color: #008000;\">Creator electric, consum mic 2800w<\/span><\/h6>\n<h6><strong>suport tehnic inclus<\/strong><\/h6>\n<p>&nbsp;<\/p>\n<p>&nbsp;<\/p>\n<table role=\"presentation\" width=\"100%\" cellspacing=\"0\" cellpadding=\"0\">\n<tbody>\n<tr>\n<td class=\"attrLabels\">Temperatur\u0103:<\/td>\n<td width=\"50.0%\">50-300\u00baC<\/td>\n<\/tr>\n<tr>\n<td class=\"attrLabels\">\u021aara de distribu\u021bie:<\/td>\n<td width=\"50.0%\">Spania, Germania, SUA<\/td>\n<td class=\"attrLabels\">Greutate:<\/td>\n<td width=\"50.0%\">18,5 kg<\/td>\n<\/tr>\n<tr>\n<td class=\"attrLabels\">Marca:<\/td>\n<td width=\"50.0%\">ARC<\/td>\n<td class=\"attrLabels\">\u00cen\u0103l\u0163ime:<\/td>\n<td width=\"50.0%\">8 cm<\/td>\n<\/tr>\n<tr>\n<td class=\"attrLabels\">Culoare:<\/td>\n<td width=\"50.0%\">Argint<\/td>\n<td class=\"attrLabels\">Lung:<\/td>\n<td width=\"50.0%\">18,5 cm<\/td>\n<\/tr>\n<tr>\n<td class=\"attrLabels\">Tip produs:<\/td>\n<td width=\"50.0%\">Ma\u0219in\u0103 electric\u0103 de crepe<\/td>\n<td class=\"attrLabels\">Larg:<\/td>\n<td width=\"50.0%\">18,5 cm<\/td>\n<\/tr>\n<tr>\n<td class=\"attrLabels\">Numar producator:<\/td>\n<td width=\"50.0%\">ARCME1<\/td>\n<td class=\"attrLabels\">Putere:<\/td>\n<td width=\"50.0%\">2800W<\/td>\n<\/tr>\n<tr>\n<td class=\"attrLabels\">Material:<\/td>\n<td width=\"50.0%\">otel inoxidabil, placa de teflon, control al temperaturii<\/td>\n<td class=\"attrLabels\">tensiune de intrare<\/td>\n<td width=\"50.0%\">220V \u2013 60Hz<\/td>\n<\/tr>\n<tr>\n<td class=\"attrLabels\">Dimensiune crep:<\/td>\n<td width=\"50.0%\">40 cm diametru<\/td>\n<td class=\"attrLabels\">Garantie:<\/td>\n<td width=\"50.0%\">2 ANI<\/td>\n<\/tr>\n<tr>\n<td class=\"attrLabels\">Instrumente de instalare:<\/td>\n<td width=\"50.0%\">Da<\/td>\n<td class=\"attrLabels\">Productie:<\/td>\n<td width=\"50.0%\">1 buc\u0103\u021bi<\/td>\n<\/tr>\n<\/tbody>\n<\/table>","protected":false},"excerpt":{"rendered":"<h2><strong>Ma\u0219in\u0103 electric\u0103 profesional\u0103 de crepe - uz comercial<\/strong><\/h2>\n<p>Noastre <strong>aparat de creponat electric profesional<\/strong> Este perfect pentru companiile care trebuie s\u0103 produc\u0103 crepe de \u00eenalt\u0103 calitate rapid \u0219i eficient. Conceput pentru <strong>utilizare comercial\u0103<\/strong>, aceast\u0103 ma\u0219in\u0103 are un <strong>40 de centimetri (cm)<\/strong> in diametru, ideal pentru prepararea crepelor mari cu gatire uniforma.<\/p>\n<p>Ma\u0219ina este potrivit\u0103 pentru diferite tipuri de spa\u021bii, cum ar fi:<\/p>\n<ul>\n<li><strong>Cafenele<\/strong>: Perfect pentru a servi crepe dulci sau s\u0103rate la micul dejun sau brunch.<\/li>\n<li><strong>Restaurante<\/strong>: Ideal pentru includerea crepselor ca parte a meniului de desert sau fel principal.<\/li>\n<li><strong>camioane cu alimente<\/strong>: Acest aparat electric este compact si eficient, ideal pentru bucataria mobila.<\/li>\n<li><strong>Produse de patiserie<\/strong>: Ofer\u0103 versatilitatea necesar\u0103 pentru a preg\u0103ti o varietate de produse de patiserie, cum ar fi crepe umplute sau cr\u00eape Suzette.<\/li>\n<\/ul>\n<p>Cu asta <strong>aparat de creponat profesional<\/strong>, pute\u021bi preg\u0103ti o gam\u0103 larg\u0103 de produse, cum ar fi:<\/p>\n<ul>\n<li><strong>crepe dulci<\/strong>: Nutella, fructe proaspete, miere \u0219i ciocolat\u0103.<\/li>\n<li><strong>crepe savuroase<\/strong>: \u0219unc\u0103 \u0219i br\u00e2nz\u0103, spanac \u0219i feta, sau pui \u0219i ciuperci.<\/li>\n<li><strong>Clatite<\/strong>: Perfect pentru a servi cu sirop sau unt.<\/li>\n<li><strong>Galettes<\/strong>: Varianta savuroasa de crep, facuta in mod obisnuit cu faina de hrisca.<\/li>\n<\/ul>\n<p>Fierul t\u0103u de c\u0103lcat <strong>40 cm<\/strong> diametrul (patruzeci de centimetri) asigur\u0103 o g\u0103tire rapid\u0103 \u0219i uniform\u0103, permi\u021b\u00e2nd crepurilor s\u0103 se g\u0103teasc\u0103 uniform. Acest <strong>aparat electric de creponat comercial<\/strong> Este u\u0219or de utilizat, cur\u0103\u021bat \u0219i \u00eentre\u021binut, ceea ce \u00eel face o op\u021biune indispensabil\u0103 pentru companiile care doresc s\u0103 optimizeze produc\u021bia f\u0103r\u0103 a compromite calitatea.<\/p>\n<p>Dac\u0103 sunte\u021bi \u00een c\u0103utarea unui <strong>aparat de creponat profesional<\/strong>, aceast\u0103 op\u021biune este ideal\u0103 pentru orice unitate alimentar\u0103 care dore\u0219te s\u0103 ofere produse proaspete \u0219i delicioase.<\/p>","protected":false},"featured_media":887,"comment_status":"open","ping_status":"closed","template":"","meta":{"wds_primary_product_brand":0,"wds_primary_product_cat":0},"product_brand":[],"product_cat":[51],"product_tag":[],"class_list":{"0":"post-886","1":"product","2":"type-product","3":"status-publish","4":"has-post-thumbnail","6":"product_cat-gofreras-profesionales","7":"product_shipping_class-hosteleria","9":"first","10":"instock","11":"taxable","12":"shipping-taxable","13":"purchasable","14":"product-type-simple"},"yoast_head":"<!-- This site is optimized with the Yoast SEO Premium plugin v24.9 (Yoast SEO v26.1) - https:\/\/yoast.com\/wordpress\/plugins\/seo\/ -->\n<title>Crepera el\u00e9ctrica profesional - distribuci\u00f3n ARC<\/title>\n<meta name=\"robots\" content=\"index, follow, max-snippet:-1, max-image-preview:large, max-video-preview:-1\" \/>\n<link rel=\"canonical\" href=\"https:\/\/distribucionarc.com\/ro\/produs\/crep-electric-profesional\/\" \/>\n<meta property=\"og:locale\" content=\"ro_RO\" \/>\n<meta property=\"og:type\" content=\"article\" \/>\n<meta property=\"og:title\" content=\"Crepera el\u00e9ctrica profesional\" \/>\n<meta property=\"og:description\" content=\"M\u00e1quina para hacer crepes el\u00e9ctrica profesional \u2013 Uso comercial Nuestra m\u00e1quina para hacer crepes el\u00e9ctrica profesional es perfecta para negocios que necesitan producir crepes de alta calidad de forma r\u00e1pida y eficiente. Dise\u00f1ada para uso comercial, esta m\u00e1quina cuenta con una plancha de 40 cent\u00edmetros (cm) de di\u00e1metro, ideal para preparar crepes de gran tama\u00f1o con una cocci\u00f3n uniforme.  La m\u00e1quina es adecuada para varios tipos de locales, como:   Cafeter\u00edas: Perfecta para servir crepes dulces o salados en desayunos o brunches.  Restaurantes: Ideal para incluir crepes como parte del men\u00fa de postres o platos principales.  Food trucks: Esta m\u00e1quina el\u00e9ctrica es compacta y eficiente, ideal para la cocina m\u00f3vil.  Pasteler\u00edas: Ofrece la versatilidad necesaria para preparar una variedad de productos de reposter\u00eda, como crepes rellenos o cr\u00eapes Suzette.  Con esta crepera profesional, puedes preparar una amplia gama de productos, como:   Crepes dulces: Nutella, frutas frescas, miel, y chocolate.  Crepes salados: Jam\u00f3n y queso, espinacas y queso feta, o pollo y champi\u00f1ones.  Panqueques: Perfectos para servir con sirope o mantequilla.  Galettes: Variante salada de la crepe, com\u00fanmente hecha con harina de trigo sarraceno.  Su plancha de 40 cm (cuarenta cent\u00edmetros) de di\u00e1metro asegura una cocci\u00f3n r\u00e1pida y pareja, permitiendo que las crepes se cocinen de manera uniforme. Esta crepera el\u00e9ctrica comercial es f\u00e1cil de usar, limpiar y mantener, lo que la convierte en una opci\u00f3n indispensable para negocios que buscan optimizar la producci\u00f3n sin comprometer la calidad.  Si buscas una m\u00e1quina para hacer crepes profesional, esta opci\u00f3n es ideal para cualquier establecimiento de comida que quiera ofrecer productos frescos y deliciosos.\" \/>\n<meta property=\"og:url\" content=\"https:\/\/distribucionarc.com\/ro\/produs\/crep-electric-profesional\/\" \/>\n<meta property=\"og:site_name\" content=\"distribuci\u00f3n ARC\" \/>\n<meta property=\"article:modified_time\" content=\"2024-09-05T14:30:52+00:00\" \/>\n<meta property=\"og:image\" content=\"https:\/\/distribucionarc.com\/wp-content\/uploads\/2020\/07\/Crepera-el\u00e9ctrica-profesional-0.jpg\" \/>\n\t<meta property=\"og:image:width\" content=\"1600\" \/>\n\t<meta property=\"og:image:height\" content=\"1600\" \/>\n\t<meta property=\"og:image:type\" content=\"image\/jpeg\" \/>\n<meta name=\"twitter:card\" content=\"summary_large_image\" \/>\n<meta name=\"twitter:label1\" content=\"Timp estimat pentru citire\" \/>\n\t<meta name=\"twitter:data1\" content=\"2 minute\" \/>\n<script type=\"application\/ld+json\" class=\"yoast-schema-graph\">{\"@context\":\"https:\/\/schema.org\",\"@graph\":[{\"@type\":\"WebPage\",\"@id\":\"https:\/\/distribucionarc.com\/fr\/producto\/crepera-electrica-profesional\/\",\"url\":\"https:\/\/distribucionarc.com\/fr\/producto\/crepera-electrica-profesional\/\",\"name\":\"Crepera el\u00e9ctrica profesional - distribuci\u00f3n ARC\",\"isPartOf\":{\"@id\":\"https:\/\/www.distribucionarc.com\/sl\/#website\"},\"primaryImageOfPage\":{\"@id\":\"https:\/\/distribucionarc.com\/fr\/producto\/crepera-electrica-profesional\/#primaryimage\"},\"image\":{\"@id\":\"https:\/\/distribucionarc.com\/fr\/producto\/crepera-electrica-profesional\/#primaryimage\"},\"thumbnailUrl\":\"https:\/\/distribucionarc.com\/wp-content\/uploads\/2020\/07\/Crepera-el\u00e9ctrica-profesional-0.jpg\",\"datePublished\":\"2020-07-14T14:51:21+00:00\",\"dateModified\":\"2024-09-05T14:30:52+00:00\",\"breadcrumb\":{\"@id\":\"https:\/\/distribucionarc.com\/fr\/producto\/crepera-electrica-profesional\/#breadcrumb\"},\"inLanguage\":\"ro-RO\",\"potentialAction\":[{\"@type\":\"ReadAction\",\"target\":[\"https:\/\/distribucionarc.com\/fr\/producto\/crepera-electrica-profesional\/\"]}]},{\"@type\":\"ImageObject\",\"inLanguage\":\"ro-RO\",\"@id\":\"https:\/\/distribucionarc.com\/fr\/producto\/crepera-electrica-profesional\/#primaryimage\",\"url\":\"https:\/\/distribucionarc.com\/wp-content\/uploads\/2020\/07\/Crepera-el\u00e9ctrica-profesional-0.jpg\",\"contentUrl\":\"https:\/\/distribucionarc.com\/wp-content\/uploads\/2020\/07\/Crepera-el\u00e9ctrica-profesional-0.jpg\",\"width\":1600,\"height\":1600,\"caption\":\"Crepera El\u00e9ctrica Profesional\"},{\"@type\":\"BreadcrumbList\",\"@id\":\"https:\/\/distribucionarc.com\/fr\/producto\/crepera-electrica-profesional\/#breadcrumb\",\"itemListElement\":[{\"@type\":\"ListItem\",\"position\":1,\"name\":\"Portada\",\"item\":\"https:\/\/www.distribucionarc.com\/\"},{\"@type\":\"ListItem\",\"position\":2,\"name\":\"\u00dcr\u00fcnler\",\"item\":\"https:\/\/www.distribucionarc.com\/tr\/magaza\/\"},{\"@type\":\"ListItem\",\"position\":3,\"name\":\"Crepera el\u00e9ctrica profesional\"}]},{\"@type\":\"WebSite\",\"@id\":\"https:\/\/www.distribucionarc.com\/sl\/#website\",\"url\":\"https:\/\/www.distribucionarc.com\/sl\/\",\"name\":\"distribuci\u00f3n ARC\",\"description\":\"Empresa especializada en la fabricaci\u00f3n y distribuci\u00f3n de maquinaria industrial, selladoras de latas, Maquinas de hacer pastillas, Maquinas de cortar carne...\",\"publisher\":{\"@id\":\"https:\/\/www.distribucionarc.com\/sl\/#organization\"},\"potentialAction\":[{\"@type\":\"SearchAction\",\"target\":{\"@type\":\"EntryPoint\",\"urlTemplate\":\"https:\/\/www.distribucionarc.com\/sl\/?s={search_term_string}\"},\"query-input\":{\"@type\":\"PropertyValueSpecification\",\"valueRequired\":true,\"valueName\":\"search_term_string\"}}],\"inLanguage\":\"ro-RO\"},{\"@type\":\"Organization\",\"@id\":\"https:\/\/www.distribucionarc.com\/sl\/#organization\",\"name\":\"Distribuci\u00f3n ARC\",\"url\":\"https:\/\/www.distribucionarc.com\/sl\/\",\"logo\":{\"@type\":\"ImageObject\",\"inLanguage\":\"ro-RO\",\"@id\":\"https:\/\/www.distribucionarc.com\/sl\/#\/schema\/logo\/image\/\",\"url\":\"https:\/\/distribucionarc.com\/wp-content\/uploads\/2024\/10\/distribucion-ARC-COLOR-SIN-FONDO-e1732295305345.png\",\"contentUrl\":\"https:\/\/distribucionarc.com\/wp-content\/uploads\/2024\/10\/distribucion-ARC-COLOR-SIN-FONDO-e1732295305345.png\",\"width\":1164,\"height\":558,\"caption\":\"Distribuci\u00f3n ARC\"},\"image\":{\"@id\":\"https:\/\/www.distribucionarc.com\/sl\/#\/schema\/logo\/image\/\"},\"description\":\"Empresa especializada en la fabricaci\u00f3n y distribuci\u00f3n de maquinaria industrial para los sectores alimentario y farmac\u00e9utico. Nos especializamos en: M\u00e1quinas de cortar carne Fabricaci\u00f3n de comprimidos Sistemas de transporte industrial L\u00edneas de embotellado Dosificadores Y mucho m\u00e1s... Ofrecemos soluciones innovadoras y personalizadas para optimizar los procesos productivos de tu empresa.\",\"email\":\"Admistracion@distribucionarc.com\",\"telephone\":\"+34 643496664\",\"legalName\":\"ARC TECH SOLUTIONS\",\"foundingDate\":\"2024-04-09\",\"vatID\":\"B55480172\",\"numberOfEmployees\":{\"@type\":\"QuantitativeValue\",\"minValue\":\"1\",\"maxValue\":\"10\"}}]}<\/script>\n<!-- \/ Yoast SEO Premium plugin. -->","yoast_head_json":{"title":"Crepator electric profesional - distributie ARC","robots":{"index":"index","follow":"follow","max-snippet":"max-snippet:-1","max-image-preview":"max-image-preview:large","max-video-preview":"max-video-preview:-1"},"canonical":"https:\/\/distribucionarc.com\/ro\/produs\/crep-electric-profesional\/","og_locale":"ro_RO","og_type":"article","og_title":"Crepera el\u00e9ctrica profesional","og_description":"M\u00e1quina para hacer crepes el\u00e9ctrica profesional \u2013 Uso comercial Nuestra m\u00e1quina para hacer crepes el\u00e9ctrica profesional es perfecta para negocios que necesitan producir crepes de alta calidad de forma r\u00e1pida y eficiente. Dise\u00f1ada para uso comercial, esta m\u00e1quina cuenta con una plancha de 40 cent\u00edmetros (cm) de di\u00e1metro, ideal para preparar crepes de gran tama\u00f1o con una cocci\u00f3n uniforme.  La m\u00e1quina es adecuada para varios tipos de locales, como:   Cafeter\u00edas: Perfecta para servir crepes dulces o salados en desayunos o brunches.  Restaurantes: Ideal para incluir crepes como parte del men\u00fa de postres o platos principales.  Food trucks: Esta m\u00e1quina el\u00e9ctrica es compacta y eficiente, ideal para la cocina m\u00f3vil.  Pasteler\u00edas: Ofrece la versatilidad necesaria para preparar una variedad de productos de reposter\u00eda, como crepes rellenos o cr\u00eapes Suzette.  Con esta crepera profesional, puedes preparar una amplia gama de productos, como:   Crepes dulces: Nutella, frutas frescas, miel, y chocolate.  Crepes salados: Jam\u00f3n y queso, espinacas y queso feta, o pollo y champi\u00f1ones.  Panqueques: Perfectos para servir con sirope o mantequilla.  Galettes: Variante salada de la crepe, com\u00fanmente hecha con harina de trigo sarraceno.  Su plancha de 40 cm (cuarenta cent\u00edmetros) de di\u00e1metro asegura una cocci\u00f3n r\u00e1pida y pareja, permitiendo que las crepes se cocinen de manera uniforme. Esta crepera el\u00e9ctrica comercial es f\u00e1cil de usar, limpiar y mantener, lo que la convierte en una opci\u00f3n indispensable para negocios que buscan optimizar la producci\u00f3n sin comprometer la calidad.  Si buscas una m\u00e1quina para hacer crepes profesional, esta opci\u00f3n es ideal para cualquier establecimiento de comida que quiera ofrecer productos frescos y deliciosos.","og_url":"https:\/\/distribucionarc.com\/ro\/produs\/crep-electric-profesional\/","og_site_name":"distribuci\u00f3n ARC","article_modified_time":"2024-09-05T14:30:52+00:00","og_image":[{"width":1600,"height":1600,"url":"https:\/\/distribucionarc.com\/wp-content\/uploads\/2020\/07\/Crepera-el\u00e9ctrica-profesional-0.jpg","type":"image\/jpeg"}],"twitter_card":"summary_large_image","twitter_misc":{"Timp estimat pentru citire":"2 minute"},"schema":{"@context":"https:\/\/schema.org","@graph":[{"@type":"WebPage","@id":"https:\/\/distribucionarc.com\/fr\/producto\/crepera-electrica-profesional\/","url":"https:\/\/distribucionarc.com\/fr\/producto\/crepera-electrica-profesional\/","name":"Crepator electric profesional - distributie ARC","isPartOf":{"@id":"https:\/\/www.distribucionarc.com\/sl\/#website"},"primaryImageOfPage":{"@id":"https:\/\/distribucionarc.com\/fr\/producto\/crepera-electrica-profesional\/#primaryimage"},"image":{"@id":"https:\/\/distribucionarc.com\/fr\/producto\/crepera-electrica-profesional\/#primaryimage"},"thumbnailUrl":"https:\/\/distribucionarc.com\/wp-content\/uploads\/2020\/07\/Crepera-el\u00e9ctrica-profesional-0.jpg","datePublished":"2020-07-14T14:51:21+00:00","dateModified":"2024-09-05T14:30:52+00:00","breadcrumb":{"@id":"https:\/\/distribucionarc.com\/fr\/producto\/crepera-electrica-profesional\/#breadcrumb"},"inLanguage":"ro-RO","potentialAction":[{"@type":"ReadAction","target":["https:\/\/distribucionarc.com\/fr\/producto\/crepera-electrica-profesional\/"]}]},{"@type":"ImageObject","inLanguage":"ro-RO","@id":"https:\/\/distribucionarc.com\/fr\/producto\/crepera-electrica-profesional\/#primaryimage","url":"https:\/\/distribucionarc.com\/wp-content\/uploads\/2020\/07\/Crepera-el\u00e9ctrica-profesional-0.jpg","contentUrl":"https:\/\/distribucionarc.com\/wp-content\/uploads\/2020\/07\/Crepera-el\u00e9ctrica-profesional-0.jpg","width":1600,"height":1600,"caption":"Crepera El\u00e9ctrica Profesional"},{"@type":"BreadcrumbList","@id":"https:\/\/distribucionarc.com\/fr\/producto\/crepera-electrica-profesional\/#breadcrumb","itemListElement":[{"@type":"ListItem","position":1,"name":"Portada","item":"https:\/\/www.distribucionarc.com\/"},{"@type":"ListItem","position":2,"name":"\u00dcr\u00fcnler","item":"https:\/\/www.distribucionarc.com\/tr\/magaza\/"},{"@type":"ListItem","position":3,"name":"Crepera el\u00e9ctrica profesional"}]},{"@type":"WebSite","@id":"https:\/\/www.distribucionarc.com\/sl\/#website","url":"https:\/\/www.distribucionarc.com\/sl\/","name":"Distribu\u021bie ARC","description":"Companie specializat\u0103 \u00een fabricarea \u0219i distribu\u021bia de utilaje industriale, ma\u0219ini de sigilat cutii, ma\u0219ini de fabricat tablete, ma\u0219ini de t\u0103iat carne...","publisher":{"@id":"https:\/\/www.distribucionarc.com\/sl\/#organization"},"potentialAction":[{"@type":"SearchAction","target":{"@type":"EntryPoint","urlTemplate":"https:\/\/www.distribucionarc.com\/sl\/?s={search_term_string}"},"query-input":{"@type":"PropertyValueSpecification","valueRequired":true,"valueName":"search_term_string"}}],"inLanguage":"ro-RO"},{"@type":"Organization","@id":"https:\/\/www.distribucionarc.com\/sl\/#organization","name":"Distribu\u021bie ARC","url":"https:\/\/www.distribucionarc.com\/sl\/","logo":{"@type":"ImageObject","inLanguage":"ro-RO","@id":"https:\/\/www.distribucionarc.com\/sl\/#\/schema\/logo\/image\/","url":"https:\/\/distribucionarc.com\/wp-content\/uploads\/2024\/10\/distribucion-ARC-COLOR-SIN-FONDO-e1732295305345.png","contentUrl":"https:\/\/distribucionarc.com\/wp-content\/uploads\/2024\/10\/distribucion-ARC-COLOR-SIN-FONDO-e1732295305345.png","width":1164,"height":558,"caption":"Distribuci\u00f3n ARC"},"image":{"@id":"https:\/\/www.distribucionarc.com\/sl\/#\/schema\/logo\/image\/"},"description":"Companie specializat\u0103 \u00een fabricarea \u0219i distribu\u021bia de utilaje industriale pentru sectoarele alimentar \u0219i farmaceutic. Suntem specializa\u021bi \u00een: Ma\u0219ini de t\u0103iat carne Fabricarea tabletelor Sisteme de transport industrial Linii de \u00eembuteliere Distribuitoare \u0218i multe altele... Oferim solu\u021bii inovatoare \u0219i personalizate pentru a optimiza procesele de produc\u021bie ale companiei dumneavoastr\u0103.","email":"Admistracion@distribucionarc.com","telephone":"+34 643496664","legalName":"ARC TECH SOLUTIONS","foundingDate":"2024-04-09","vatID":"B55480172","numberOfEmployees":{"@type":"QuantitativeValue","minValue":"1","maxValue":"10"}}]}},"_links":{"self":[{"href":"https:\/\/distribucionarc.com\/ro\/wp-json\/wp\/v2\/product\/886","targetHints":{"allow":["GET"]}}],"collection":[{"href":"https:\/\/distribucionarc.com\/ro\/wp-json\/wp\/v2\/product"}],"about":[{"href":"https:\/\/distribucionarc.com\/ro\/wp-json\/wp\/v2\/types\/product"}],"replies":[{"embeddable":true,"href":"https:\/\/distribucionarc.com\/ro\/wp-json\/wp\/v2\/comments?post=886"}],"version-history":[{"count":0,"href":"https:\/\/distribucionarc.com\/ro\/wp-json\/wp\/v2\/product\/886\/revisions"}],"wp:featuredmedia":[{"embeddable":true,"href":"https:\/\/distribucionarc.com\/ro\/wp-json\/wp\/v2\/media\/887"}],"wp:attachment":[{"href":"https:\/\/distribucionarc.com\/ro\/wp-json\/wp\/v2\/media?parent=886"}],"wp:term":[{"taxonomy":"product_brand","embeddable":true,"href":"https:\/\/distribucionarc.com\/ro\/wp-json\/wp\/v2\/product_brand?post=886"},{"taxonomy":"product_cat","embeddable":true,"href":"https:\/\/distribucionarc.com\/ro\/wp-json\/wp\/v2\/product_cat?post=886"},{"taxonomy":"product_tag","embeddable":true,"href":"https:\/\/distribucionarc.com\/ro\/wp-json\/wp\/v2\/product_tag?post=886"}],"curies":[{"name":"wp","href":"https:\/\/api.w.org\/{rel}","templated":true}]}}