{"id":901,"date":"2020-07-14T16:13:43","date_gmt":"2020-07-14T16:13:43","guid":{"rendered":"https:\/\/distribucionarc.com\/?post_type=product&#038;p=901"},"modified":"2020-09-26T15:46:27","modified_gmt":"2020-09-26T15:46:27","slug":"aparat-pentru-mini-vafe-inima","status":"publish","type":"product","link":"https:\/\/distribucionarc.com\/ro\/producto\/maquina-para-mini-gofres-corazon\/","title":{"rendered":"Mini ma\u0219in\u0103 de cl\u0103tite inim\u0103"},"content":{"rendered":"<h3>Mini ma\u0219in\u0103 de cl\u0103tite inim\u0103<\/h3>\n<p>&nbsp;<\/p>\n<p>The <strong>aparat de vafe<\/strong> <strong><span style=\"color: #ff0000;\">LA<\/span><span style=\"color: #0000ff;\">R<\/span>CMGC2<\/strong> Este echipat cu pl\u0103ci din font\u0103 \u0219i o tav\u0103 de picurare deta\u0219abil\u0103 din o\u021bel inoxidabil \u00eenconjur\u0103toare rotunjit\u0103. Tavile de copt sunt antiaderente cu conductivitate termic\u0103 ridicat\u0103, ceea ce <span style=\"color: #008000;\"><strong>Ele favorizeaz\u0103 consumul electric sc\u0103zut al aparatului de vafe<\/strong><\/span>.<\/p>\n<p>Partea de \u00eenc\u0103lzire este separat\u0103, astfel \u00eenc\u00e2t temperaturile ridicate nu pot ajunge la fundul ma\u0219inii, componentele electronice din interiorul corpului sunt protejate \u0219i \u00eei permit s\u0103 reziste mai mul\u021bi ani. Este foarte usor de curatat. Utilizatorii trebuie s\u0103 foloseasc\u0103 doar o c\u00e2rp\u0103 uscat\u0103 sau umed\u0103 pentru a cur\u0103\u021ba suprafa\u021ba, nu este nevoie s\u0103 le spele cu ap\u0103<\/p>\n<p>Acest produs este foarte potrivit pentru coacerea alimentelor <strong>magazine<\/strong>, <strong>restaurante<\/strong>, <strong>cuptoare<\/strong>, <strong>saloane de \u00eenghe\u021bat\u0103,<\/strong> etc Sistemul s\u0103u eficient v\u0103 va ajuta s\u0103 oferi\u021bi m\u00e2ncare cald\u0103 clientului \u00een cel mai convenabil \u0219i simplu mod.<\/p>\n<p>Placa din font\u0103 foarte conductiv\u0103 \u00eempr\u0103\u0219tie c\u0103ldura uniform, cu aparatul de vafe <strong><span style=\"color: #ff0000;\">LA<\/span><span style=\"color: #0000ff;\">R<\/span>c<\/strong> se pot coace p\u00e2n\u0103 la 50 mici <strong>vafe<\/strong> cu form\u0103 de inim\u0103 la un moment dat, v\u0103 va dura doar 3-5 minute, dispozitivul de lumin\u0103 v\u0103 va reaminti c\u00e2nd <strong>vafe<\/strong> si la ce ora <strong>aparat de vafe<\/strong> A atins punctul fierbinte.<\/p>\n<p>&nbsp;<\/p>\n<h6><strong>garan\u021bie<span style=\"color: #ff0000;\">\u00a0LA<\/span><span style=\"color: #0000ff;\">R<\/span>C 2 ANI<\/strong><\/h6>\n<h6><span style=\"color: #008000;\">Minima\u0219in\u0103 de vafe inim\u0103 eficient\u0103, consum redus 1600w<\/span><\/h6>\n<h6><strong>suport tehnic inclus<\/strong><\/h6>\n<p>&nbsp;<\/p>\n<table role=\"presentation\" width=\"100%\" cellspacing=\"0\" cellpadding=\"0\">\n<tbody>\n<tr>\n<td class=\"attrLabels\">Temperatur\u0103:<\/td>\n<td width=\"50.0%\">0-300\u00baC<\/td>\n<\/tr>\n<tr>\n<td class=\"attrLabels\">\u021aara de distribu\u021bie:<\/td>\n<td width=\"50.0%\">Spania, Germania, SUA<\/td>\n<td class=\"attrLabels\">Greutate:<\/td>\n<td width=\"50.0%\">10,5 kg<\/td>\n<\/tr>\n<tr>\n<td class=\"attrLabels\">Marca:<\/td>\n<td width=\"50.0%\">ARC<\/td>\n<td class=\"attrLabels\">\u00cen\u0103l\u0163ime:<\/td>\n<td width=\"50.0%\">11,6 cm<\/td>\n<\/tr>\n<tr>\n<td class=\"attrLabels\">Culoare:<\/td>\n<td width=\"50.0%\">Argint<\/td>\n<td class=\"attrLabels\">Lung:<\/td>\n<td width=\"50.0%\">\u00a027,6 cm<\/td>\n<\/tr>\n<tr>\n<td class=\"attrLabels\">Tip produs:<\/td>\n<td width=\"50.0%\">Aparat de vafe inima<\/td>\n<td class=\"attrLabels\">Larg:<\/td>\n<td width=\"50.0%\">16,5 cm<\/td>\n<\/tr>\n<tr>\n<td class=\"attrLabels\">Numar producator:<\/td>\n<td width=\"50.0%\">ARCMGC2<\/td>\n<td class=\"attrLabels\">Putere:<\/td>\n<td width=\"50.0%\">2800W<\/td>\n<\/tr>\n<tr>\n<td class=\"attrLabels\">Material:<\/td>\n<td width=\"50.0%\">otel inoxidabil, placa de teflon, control al temperaturii<\/td>\n<td class=\"attrLabels\">tensiune de intrare<\/td>\n<td width=\"50.0%\">220V \u2013 60Hz<\/td>\n<\/tr>\n<tr>\n<td class=\"attrLabels\">Dimensiunea inimii:<\/td>\n<td width=\"50.0%\">4 cm<\/td>\n<td class=\"attrLabels\">Garantie:<\/td>\n<td width=\"50.0%\">2 ANI<\/td>\n<\/tr>\n<tr>\n<td class=\"attrLabels\">Instrumente de instalare:<\/td>\n<td width=\"50.0%\">Da<\/td>\n<td class=\"attrLabels\">Productie:<\/td>\n<td width=\"50.0%\">50 buc\u0103\u021bi<\/td>\n<\/tr>\n<\/tbody>\n<\/table>\n<p>&nbsp;<\/p>\n<h3><\/h3>","protected":false},"excerpt":{"rendered":"<h2>Mini ma\u0219in\u0103 de cl\u0103tite inim\u0103<\/h2>\n<p>El <strong>vafa<\/strong> Este m\u00e2ncarea preferat\u0103 a majorit\u0103\u021bii oamenilor \u0219i cu <strong>aparat de vafe<\/strong> de<strong><span style=\"color: #ff0000;\"> LA<\/span><span style=\"color: #0000ff;\">R<\/span>c<\/strong> Le po\u021bi face \u0219i mai atractive datorit\u0103 designului inimii, f\u0103c\u00e2ndu-i pe clien\u021bii t\u0103i s\u0103 se \u00eendr\u0103gosteasc\u0103 de aroma lor delicioas\u0103.<\/p>\n<p><strong><span style=\"color: #ff0000;\">LA<\/span><span style=\"color: #0000ff;\">R<\/span>CMGC2<\/strong> Este conceput pentru a coace <strong>vafe<\/strong> mai pufoas\u0103 \u0219i pr\u0103jit\u0103 \u00een form\u0103 de mini inim\u0103. Compus din dou\u0103 farfurii, poate fi folosit pentru a face <strong>50 buc vafe<\/strong> la un moment dat \u0219i acest proces dureaz\u0103 doar 5-8 minute, astfel pute\u021bi ob\u021bine o produc\u021bie de 100 <strong>mini<\/strong> <strong>vafe<\/strong> in 10 min. \u00cen plus, are un stil nou, u\u0219or de utilizat, control automat al temperaturii, <strong><span style=\"color: #008000;\">consum redus de energie<\/span><\/strong>, viteza mare de incalzire.<\/p>\n<h6><\/h6>\n<h6><strong>garan\u021bie<span style=\"color: #ff0000;\">\u00a0LA<\/span><span style=\"color: #0000ff;\">R<\/span>C 2 ANI<\/strong><\/h6>\n<h6><span style=\"color: #008000;\">Minima\u0219in\u0103 de vafe inim\u0103 eficient\u0103, consum redus 1600w<\/span><\/h6>\n<h6><strong>suport tehnic inclus<\/strong><\/h6>","protected":false},"featured_media":902,"comment_status":"open","ping_status":"closed","template":"","meta":{"wds_primary_product_brand":0,"wds_primary_product_cat":0},"product_brand":[],"product_cat":[51],"product_tag":[],"class_list":{"0":"post-901","1":"product","2":"type-product","3":"status-publish","4":"has-post-thumbnail","6":"product_cat-gofreras-profesionales","7":"product_shipping_class-hosteleria","9":"first","10":"instock","11":"sale","12":"taxable","13":"shipping-taxable","14":"purchasable","15":"product-type-simple"},"yoast_head":"<!-- This site is optimized with the Yoast SEO Premium plugin v24.9 (Yoast SEO v26.1) - https:\/\/yoast.com\/wordpress\/plugins\/seo\/ -->\n<title>M\u00e1quina para mini pancakes coraz\u00f3n - distribuci\u00f3n ARC<\/title>\n<meta name=\"robots\" content=\"index, follow, max-snippet:-1, max-image-preview:large, max-video-preview:-1\" \/>\n<link rel=\"canonical\" href=\"https:\/\/www.distribucionarc.com\/sk\/producto\/maquina-para-mini-gofres-corazon\/\" \/>\n<meta property=\"og:locale\" content=\"ro_RO\" \/>\n<meta property=\"og:type\" content=\"article\" \/>\n<meta property=\"og:title\" content=\"M\u00e1quina para mini pancakes coraz\u00f3n\" \/>\n<meta property=\"og:description\" content=\"M\u00e1quina para mini pancakes coraz\u00f3n El gofre es la comida favorita de la mayor\u00eda de la gente y con la m\u00e1quina de gofres de ARC puedes conseguir que sean a\u00fan m\u00e1s atractivos por su dise\u00f1o de coraz\u00f3n enamorando a tus clientes con su delicioso sabor.  ARCMGC2 est\u00e1 dise\u00f1ada para hornear los gofres m\u00e1s esponjosos y tostados en forma de mini coraz\u00f3n. Compuesto de dos placas, se puede utilizar para hacer 50pcs gofres a la vez y este proceso s\u00f3lo toma 5-8 minutos de esta forma puedes obtener una producci\u00f3n de 100 mini gofres en 10 min. Adem\u00e1s, cuenta con estilo novedoso, f\u00e1cil de utilizar, control autom\u00e1tico de la temperatura, bajo consumo de energ\u00eda, velocidad de calentamiento r\u00e1pida.  Garant\u00eda\u00a0ARC 2 A\u00d1OS Maquina para mini gofres coraz\u00f3n eficiente, bajo consumo 1600w soporte t\u00e9cnico\u00a0incluido\" \/>\n<meta property=\"og:url\" content=\"https:\/\/www.distribucionarc.com\/sk\/producto\/maquina-para-mini-gofres-corazon\/\" \/>\n<meta property=\"og:site_name\" content=\"distribuci\u00f3n ARC\" \/>\n<meta property=\"article:modified_time\" content=\"2020-09-26T15:46:27+00:00\" \/>\n<meta property=\"og:image\" content=\"https:\/\/distribucionarc.com\/wp-content\/uploads\/2020\/07\/M\u00e1quina-para-mini-gofres-coraz\u00f3n-5.jpg\" \/>\n\t<meta property=\"og:image:width\" content=\"1001\" \/>\n\t<meta property=\"og:image:height\" content=\"1001\" \/>\n\t<meta property=\"og:image:type\" content=\"image\/jpeg\" \/>\n<meta name=\"twitter:card\" content=\"summary_large_image\" \/>\n<meta name=\"twitter:label1\" content=\"Timp estimat pentru citire\" \/>\n\t<meta name=\"twitter:data1\" content=\"2 minute\" \/>\n<script type=\"application\/ld+json\" class=\"yoast-schema-graph\">{\"@context\":\"https:\/\/schema.org\",\"@graph\":[{\"@type\":\"WebPage\",\"@id\":\"https:\/\/www.distribucionarc.com\/sk\/producto\/maquina-para-mini-gofres-corazon\/\",\"url\":\"https:\/\/www.distribucionarc.com\/sk\/producto\/maquina-para-mini-gofres-corazon\/\",\"name\":\"M\u00e1quina para mini pancakes coraz\u00f3n - distribuci\u00f3n ARC\",\"isPartOf\":{\"@id\":\"https:\/\/www.distribucionarc.com\/fr\/#website\"},\"primaryImageOfPage\":{\"@id\":\"https:\/\/www.distribucionarc.com\/sk\/producto\/maquina-para-mini-gofres-corazon\/#primaryimage\"},\"image\":{\"@id\":\"https:\/\/www.distribucionarc.com\/sk\/producto\/maquina-para-mini-gofres-corazon\/#primaryimage\"},\"thumbnailUrl\":\"https:\/\/distribucionarc.com\/wp-content\/uploads\/2020\/07\/M\u00e1quina-para-mini-gofres-coraz\u00f3n-5.jpg\",\"datePublished\":\"2020-07-14T16:13:43+00:00\",\"dateModified\":\"2020-09-26T15:46:27+00:00\",\"breadcrumb\":{\"@id\":\"https:\/\/www.distribucionarc.com\/sk\/producto\/maquina-para-mini-gofres-corazon\/#breadcrumb\"},\"inLanguage\":\"ro-RO\",\"potentialAction\":[{\"@type\":\"ReadAction\",\"target\":[\"https:\/\/www.distribucionarc.com\/sk\/producto\/maquina-para-mini-gofres-corazon\/\"]}]},{\"@type\":\"ImageObject\",\"inLanguage\":\"ro-RO\",\"@id\":\"https:\/\/www.distribucionarc.com\/sk\/producto\/maquina-para-mini-gofres-corazon\/#primaryimage\",\"url\":\"https:\/\/distribucionarc.com\/wp-content\/uploads\/2020\/07\/M\u00e1quina-para-mini-gofres-coraz\u00f3n-5.jpg\",\"contentUrl\":\"https:\/\/distribucionarc.com\/wp-content\/uploads\/2020\/07\/M\u00e1quina-para-mini-gofres-coraz\u00f3n-5.jpg\",\"width\":1001,\"height\":1001,\"caption\":\"maquina para mini gofres coraz\u00f3n\"},{\"@type\":\"BreadcrumbList\",\"@id\":\"https:\/\/www.distribucionarc.com\/sk\/producto\/maquina-para-mini-gofres-corazon\/#breadcrumb\",\"itemListElement\":[{\"@type\":\"ListItem\",\"position\":1,\"name\":\"Portada\",\"item\":\"https:\/\/www.distribucionarc.com\/hr\/\"},{\"@type\":\"ListItem\",\"position\":2,\"name\":\"Producten\",\"item\":\"https:\/\/distribucionarc.com\/nl\/winkel\/\"},{\"@type\":\"ListItem\",\"position\":3,\"name\":\"M\u00e1quina para mini pancakes coraz\u00f3n\"}]},{\"@type\":\"WebSite\",\"@id\":\"https:\/\/www.distribucionarc.com\/fr\/#website\",\"url\":\"https:\/\/www.distribucionarc.com\/fr\/\",\"name\":\"distribuci\u00f3n ARC\",\"description\":\"Empresa especializada en la fabricaci\u00f3n y distribuci\u00f3n de maquinaria industrial, selladoras de latas, Maquinas de hacer pastillas, Maquinas de cortar carne...\",\"publisher\":{\"@id\":\"https:\/\/www.distribucionarc.com\/fr\/#organization\"},\"potentialAction\":[{\"@type\":\"SearchAction\",\"target\":{\"@type\":\"EntryPoint\",\"urlTemplate\":\"https:\/\/www.distribucionarc.com\/fr\/?s={search_term_string}\"},\"query-input\":{\"@type\":\"PropertyValueSpecification\",\"valueRequired\":true,\"valueName\":\"search_term_string\"}}],\"inLanguage\":\"ro-RO\"},{\"@type\":\"Organization\",\"@id\":\"https:\/\/www.distribucionarc.com\/fr\/#organization\",\"name\":\"Distribuci\u00f3n ARC\",\"url\":\"https:\/\/www.distribucionarc.com\/fr\/\",\"logo\":{\"@type\":\"ImageObject\",\"inLanguage\":\"ro-RO\",\"@id\":\"https:\/\/www.distribucionarc.com\/fr\/#\/schema\/logo\/image\/\",\"url\":\"https:\/\/distribucionarc.com\/wp-content\/uploads\/2024\/10\/distribucion-ARC-COLOR-SIN-FONDO-e1732295305345.png\",\"contentUrl\":\"https:\/\/distribucionarc.com\/wp-content\/uploads\/2024\/10\/distribucion-ARC-COLOR-SIN-FONDO-e1732295305345.png\",\"width\":1164,\"height\":558,\"caption\":\"Distribuci\u00f3n ARC\"},\"image\":{\"@id\":\"https:\/\/www.distribucionarc.com\/fr\/#\/schema\/logo\/image\/\"},\"description\":\"Empresa especializada en la fabricaci\u00f3n y distribuci\u00f3n de maquinaria industrial para los sectores alimentario y farmac\u00e9utico. Nos especializamos en: M\u00e1quinas de cortar carne Fabricaci\u00f3n de comprimidos Sistemas de transporte industrial L\u00edneas de embotellado Dosificadores Y mucho m\u00e1s... Ofrecemos soluciones innovadoras y personalizadas para optimizar los procesos productivos de tu empresa.\",\"email\":\"Admistracion@distribucionarc.com\",\"telephone\":\"+34 643496664\",\"legalName\":\"ARC TECH SOLUTIONS\",\"foundingDate\":\"2024-04-09\",\"vatID\":\"B55480172\",\"numberOfEmployees\":{\"@type\":\"QuantitativeValue\",\"minValue\":\"1\",\"maxValue\":\"10\"}}]}<\/script>\n<!-- \/ Yoast SEO Premium plugin. -->","yoast_head_json":{"title":"Mini ma\u0219in\u0103 de cl\u0103tite cu inim\u0103 - distribu\u021bie ARC","robots":{"index":"index","follow":"follow","max-snippet":"max-snippet:-1","max-image-preview":"max-image-preview:large","max-video-preview":"max-video-preview:-1"},"canonical":"https:\/\/www.distribucionarc.com\/sk\/producto\/maquina-para-mini-gofres-corazon\/","og_locale":"ro_RO","og_type":"article","og_title":"M\u00e1quina para mini pancakes coraz\u00f3n","og_description":"M\u00e1quina para mini pancakes coraz\u00f3n El gofre es la comida favorita de la mayor\u00eda de la gente y con la m\u00e1quina de gofres de ARC puedes conseguir que sean a\u00fan m\u00e1s atractivos por su dise\u00f1o de coraz\u00f3n enamorando a tus clientes con su delicioso sabor.  ARCMGC2 est\u00e1 dise\u00f1ada para hornear los gofres m\u00e1s esponjosos y tostados en forma de mini coraz\u00f3n. Compuesto de dos placas, se puede utilizar para hacer 50pcs gofres a la vez y este proceso s\u00f3lo toma 5-8 minutos de esta forma puedes obtener una producci\u00f3n de 100 mini gofres en 10 min. Adem\u00e1s, cuenta con estilo novedoso, f\u00e1cil de utilizar, control autom\u00e1tico de la temperatura, bajo consumo de energ\u00eda, velocidad de calentamiento r\u00e1pida.  Garant\u00eda\u00a0ARC 2 A\u00d1OS Maquina para mini gofres coraz\u00f3n eficiente, bajo consumo 1600w soporte t\u00e9cnico\u00a0incluido","og_url":"https:\/\/www.distribucionarc.com\/sk\/producto\/maquina-para-mini-gofres-corazon\/","og_site_name":"distribuci\u00f3n ARC","article_modified_time":"2020-09-26T15:46:27+00:00","og_image":[{"width":1001,"height":1001,"url":"https:\/\/distribucionarc.com\/wp-content\/uploads\/2020\/07\/M\u00e1quina-para-mini-gofres-coraz\u00f3n-5.jpg","type":"image\/jpeg"}],"twitter_card":"summary_large_image","twitter_misc":{"Timp estimat pentru citire":"2 minute"},"schema":{"@context":"https:\/\/schema.org","@graph":[{"@type":"WebPage","@id":"https:\/\/www.distribucionarc.com\/sk\/producto\/maquina-para-mini-gofres-corazon\/","url":"https:\/\/www.distribucionarc.com\/sk\/producto\/maquina-para-mini-gofres-corazon\/","name":"Mini ma\u0219in\u0103 de cl\u0103tite cu inim\u0103 - distribu\u021bie ARC","isPartOf":{"@id":"https:\/\/www.distribucionarc.com\/fr\/#website"},"primaryImageOfPage":{"@id":"https:\/\/www.distribucionarc.com\/sk\/producto\/maquina-para-mini-gofres-corazon\/#primaryimage"},"image":{"@id":"https:\/\/www.distribucionarc.com\/sk\/producto\/maquina-para-mini-gofres-corazon\/#primaryimage"},"thumbnailUrl":"https:\/\/distribucionarc.com\/wp-content\/uploads\/2020\/07\/M\u00e1quina-para-mini-gofres-coraz\u00f3n-5.jpg","datePublished":"2020-07-14T16:13:43+00:00","dateModified":"2020-09-26T15:46:27+00:00","breadcrumb":{"@id":"https:\/\/www.distribucionarc.com\/sk\/producto\/maquina-para-mini-gofres-corazon\/#breadcrumb"},"inLanguage":"ro-RO","potentialAction":[{"@type":"ReadAction","target":["https:\/\/www.distribucionarc.com\/sk\/producto\/maquina-para-mini-gofres-corazon\/"]}]},{"@type":"ImageObject","inLanguage":"ro-RO","@id":"https:\/\/www.distribucionarc.com\/sk\/producto\/maquina-para-mini-gofres-corazon\/#primaryimage","url":"https:\/\/distribucionarc.com\/wp-content\/uploads\/2020\/07\/M\u00e1quina-para-mini-gofres-coraz\u00f3n-5.jpg","contentUrl":"https:\/\/distribucionarc.com\/wp-content\/uploads\/2020\/07\/M\u00e1quina-para-mini-gofres-coraz\u00f3n-5.jpg","width":1001,"height":1001,"caption":"maquina para mini gofres coraz\u00f3n"},{"@type":"BreadcrumbList","@id":"https:\/\/www.distribucionarc.com\/sk\/producto\/maquina-para-mini-gofres-corazon\/#breadcrumb","itemListElement":[{"@type":"ListItem","position":1,"name":"Portada","item":"https:\/\/www.distribucionarc.com\/hr\/"},{"@type":"ListItem","position":2,"name":"Producten","item":"https:\/\/distribucionarc.com\/nl\/winkel\/"},{"@type":"ListItem","position":3,"name":"M\u00e1quina para mini pancakes coraz\u00f3n"}]},{"@type":"WebSite","@id":"https:\/\/www.distribucionarc.com\/fr\/#website","url":"https:\/\/www.distribucionarc.com\/fr\/","name":"Distribu\u021bie ARC","description":"Companie specializat\u0103 \u00een fabricarea \u0219i distribu\u021bia de utilaje industriale, ma\u0219ini de sigilat cutii, ma\u0219ini de fabricat tablete, ma\u0219ini de t\u0103iat carne...","publisher":{"@id":"https:\/\/www.distribucionarc.com\/fr\/#organization"},"potentialAction":[{"@type":"SearchAction","target":{"@type":"EntryPoint","urlTemplate":"https:\/\/www.distribucionarc.com\/fr\/?s={search_term_string}"},"query-input":{"@type":"PropertyValueSpecification","valueRequired":true,"valueName":"search_term_string"}}],"inLanguage":"ro-RO"},{"@type":"Organization","@id":"https:\/\/www.distribucionarc.com\/fr\/#organization","name":"Distribu\u021bie ARC","url":"https:\/\/www.distribucionarc.com\/fr\/","logo":{"@type":"ImageObject","inLanguage":"ro-RO","@id":"https:\/\/www.distribucionarc.com\/fr\/#\/schema\/logo\/image\/","url":"https:\/\/distribucionarc.com\/wp-content\/uploads\/2024\/10\/distribucion-ARC-COLOR-SIN-FONDO-e1732295305345.png","contentUrl":"https:\/\/distribucionarc.com\/wp-content\/uploads\/2024\/10\/distribucion-ARC-COLOR-SIN-FONDO-e1732295305345.png","width":1164,"height":558,"caption":"Distribuci\u00f3n ARC"},"image":{"@id":"https:\/\/www.distribucionarc.com\/fr\/#\/schema\/logo\/image\/"},"description":"Companie specializat\u0103 \u00een fabricarea \u0219i distribu\u021bia de utilaje industriale pentru sectoarele alimentar \u0219i farmaceutic. Suntem specializa\u021bi \u00een: Ma\u0219ini de t\u0103iat carne Fabricarea tabletelor Sisteme de transport industrial Linii de \u00eembuteliere Distribuitoare \u0218i multe altele... Oferim solu\u021bii inovatoare \u0219i personalizate pentru a optimiza procesele de produc\u021bie ale companiei dumneavoastr\u0103.","email":"Admistracion@distribucionarc.com","telephone":"+34 643496664","legalName":"ARC TECH SOLUTIONS","foundingDate":"2024-04-09","vatID":"B55480172","numberOfEmployees":{"@type":"QuantitativeValue","minValue":"1","maxValue":"10"}}]}},"_links":{"self":[{"href":"https:\/\/distribucionarc.com\/ro\/wp-json\/wp\/v2\/product\/901","targetHints":{"allow":["GET"]}}],"collection":[{"href":"https:\/\/distribucionarc.com\/ro\/wp-json\/wp\/v2\/product"}],"about":[{"href":"https:\/\/distribucionarc.com\/ro\/wp-json\/wp\/v2\/types\/product"}],"replies":[{"embeddable":true,"href":"https:\/\/distribucionarc.com\/ro\/wp-json\/wp\/v2\/comments?post=901"}],"version-history":[{"count":0,"href":"https:\/\/distribucionarc.com\/ro\/wp-json\/wp\/v2\/product\/901\/revisions"}],"wp:featuredmedia":[{"embeddable":true,"href":"https:\/\/distribucionarc.com\/ro\/wp-json\/wp\/v2\/media\/902"}],"wp:attachment":[{"href":"https:\/\/distribucionarc.com\/ro\/wp-json\/wp\/v2\/media?parent=901"}],"wp:term":[{"taxonomy":"product_brand","embeddable":true,"href":"https:\/\/distribucionarc.com\/ro\/wp-json\/wp\/v2\/product_brand?post=901"},{"taxonomy":"product_cat","embeddable":true,"href":"https:\/\/distribucionarc.com\/ro\/wp-json\/wp\/v2\/product_cat?post=901"},{"taxonomy":"product_tag","embeddable":true,"href":"https:\/\/distribucionarc.com\/ro\/wp-json\/wp\/v2\/product_tag?post=901"}],"curies":[{"name":"wp","href":"https:\/\/api.w.org\/{rel}","templated":true}]}}