{"id":923,"date":"2020-07-15T08:17:27","date_gmt":"2020-07-15T08:17:27","guid":{"rendered":"https:\/\/distribucionarc.com\/?post_type=product&#038;p=923"},"modified":"2024-09-05T15:46:43","modified_gmt":"2024-09-05T15:46:43","slug":"extractor-electric-miere-2m","status":"publish","type":"product","link":"https:\/\/distribucionarc.com\/ro\/producto\/extractor-de-miel-electrico-2m\/","title":{"rendered":"Extractor electric de miere 2M"},"content":{"rendered":"<h3>Extractor electric de miere 2M<\/h3>\n<p>Acest <strong>ma\u0219in\u0103 electric\u0103 industrial\u0103<\/strong> pentru <strong>apicultur\u0103<\/strong> Dispune de un corp din o\u021bel inoxidabil lustruit de \u00eenalt\u0103 calitate \u0219i un cadru de stup pentru rezisten\u021b\u0103 la rugin\u0103 \u0219i abraziune. Construc\u021bia de sudare f\u0103r\u0103 sudur\u0103 v\u0103 va facilita \u00eentre\u021binerea \u0219i cur\u0103\u021barea ma\u0219inii.<\/p>\n<p>The <strong>extractor electric de miere <span style=\"color: #ff0000;\">LA<\/span><span style=\"color: #0000ff;\">R<\/span>CEME02<\/strong> Are un motor de 140W 1.1A, 1300 rpm cu optiuni de viteza variabila, acest extractor de miere este alimentat de un motor electric. Metoda de operare este simpl\u0103, economisind timp \u0219i for\u021b\u0103 de munc\u0103. Pe l\u00e2ng\u0103 faptul c\u0103 favorizeaz\u0103 consumul de energie datorit\u0103 acestuia <strong><span style=\"color: #008000;\">motor cu consum redus<\/span><\/strong>.<\/p>\n<p>The <strong>ma\u0219ini de apicultura<\/strong> de <strong><span style=\"color: #ff0000;\">LA<span style=\"color: #0000ff;\">R<\/span><\/span>c<\/strong> Este proiectat pentru sarcini grele, manevreaz\u0103 p\u00e2n\u0103 la 2 rame standard la ad\u00e2ncime mic\u0103, medie \u0219i mare, echipamentul \u00eenchis de pe cadru ajut\u0103 s\u0103 nu contamineze <strong>Miere<\/strong>.<br \/>\nGrinda \u00eengro\u0219at\u0103 integrat\u0103 este construit\u0103 din aliaj de aluminiu durabil, care este mai puternic \u0219i mai stabil. F\u0103r\u0103 margini ascu\u021bite pentru a evita contaminarea<strong> Miere<\/strong> \u0219i ofer\u0103 o manipulare mai sigur\u0103. Compact \u0219i conceput pentru a v\u0103 oferi mai mult\u0103 stabilitate<br \/>\nAre 2 capace transparente pentru a permite observarea in timpul procesului de <strong>extrac\u0163ie<\/strong>. Poarta <strong>conceput pentru<\/strong><span style=\"font-size: 16px;\"><strong>ra miere<\/strong> \u00een fundul rezervorului permite mierii s\u0103 curg\u0103 dup\u0103 bunul plac.<\/span><\/p>\n<p>Utilizarea <strong><span style=\"color: #ff0000;\">LA<\/span><span style=\"color: #0000ff;\">R<\/span>CEME02<\/strong> v\u0103 va ajuta \u00een acest proces <strong>fabricarea mierii<\/strong> pentru comoditatea \u0219i u\u0219urin\u021ba de prelucrare, la fel de simplu ca plasarea<strong> fagure<\/strong> pe rame si activati motorul electric pentru a incepe sa se roteasca si obtineti astfel produsul final; \u00eentr-un timp foarte scurt. Ideal pentru pasionat sau <strong>mic apicultor<\/strong>.<\/p>\n<p>&nbsp;<\/p>\n<h6><strong>garan\u021bie\u00a0<span style=\"color: #ff0000;\">LA<\/span><span style=\"color: #0000ff;\">R<\/span>C 2 ANI<\/strong><\/h6>\n<h6><span style=\"color: #008000;\">Extractor de miere electric eficient, consum redus 120w<\/span><\/h6>\n<h6><strong>suport tehnic inclus<\/strong><\/h6>\n<p>&nbsp;<\/p>\n<p>&nbsp;<\/p>\n<table role=\"presentation\" width=\"100%\" cellspacing=\"0\" cellpadding=\"0\">\n<tbody>\n<tr>\n<td class=\"attrLabels\">putere:<\/td>\n<td width=\"50.0%\">120W<\/td>\n<\/tr>\n<tr>\n<td class=\"attrLabels\">\u021aara de distribu\u021bie:<\/td>\n<td width=\"50.0%\">Spania, Germania, SUA<\/td>\n<td class=\"attrLabels\">Greutate:<\/td>\n<td width=\"50.0%\">18 kg<\/td>\n<\/tr>\n<tr>\n<td class=\"attrLabels\">Marca:<\/td>\n<td width=\"50.0%\">ARC<\/td>\n<td class=\"attrLabels\">\u00cen\u0103l\u0163ime:<\/td>\n<td width=\"50.0%\">85 cm<\/td>\n<\/tr>\n<tr>\n<td class=\"attrLabels\">Culoare:<\/td>\n<td width=\"50.0%\">Argint<\/td>\n<td class=\"attrLabels\">Lung:<\/td>\n<td width=\"50.0%\">\u00a038 cm<\/td>\n<\/tr>\n<tr>\n<td class=\"attrLabels\">Tip produs:<\/td>\n<td width=\"50.0%\">extractor electric de miere<\/td>\n<td class=\"attrLabels\">Larg:<\/td>\n<td width=\"50.0%\">38 cm<\/td>\n<\/tr>\n<tr>\n<td class=\"attrLabels\">Numar producator:<\/td>\n<td width=\"50.0%\">ARCEME02<\/td>\n<td class=\"attrLabels\">Puterea motorului:<\/td>\n<td width=\"50.0%\">1.1A<\/td>\n<\/tr>\n<tr>\n<td class=\"attrLabels\">Material:<\/td>\n<td width=\"50.0%\">otel inoxidabil, motor consum redus, aliaj de aluminiu<\/td>\n<td class=\"attrLabels\">tensiune de intrare<\/td>\n<td width=\"50.0%\">220V \u2013 50Hz<\/p>\n<p>110V \u2013 60Hz<\/td>\n<\/tr>\n<tr>\n<td class=\"attrLabels\">Dimensiuni butoi:<\/td>\n<td width=\"50.0%\">15 cm diametru<\/p>\n<p>&nbsp;<\/td>\n<td class=\"attrLabels\">Garantie:<\/td>\n<td width=\"50.0%\">2 ANI<\/td>\n<\/tr>\n<tr>\n<td class=\"attrLabels\">\u00cen\u0103l\u021bimea butoiului:<\/td>\n<td width=\"50.0%\">24 cm<\/td>\n<td class=\"attrLabels\">Productie:<\/td>\n<td width=\"50.0%\">2 m\u0103rci<\/td>\n<\/tr>\n<\/tbody>\n<\/table>","protected":false},"excerpt":{"rendered":"<h2><strong>Extractor electric de miere 2\/4 cadru - Profesional pentru apicultori<\/strong><\/h2>\n<p>Acest <strong>extractor electric profesional de miere<\/strong> este conceput pentru apicultorii care caut\u0103 o solu\u021bie eficient\u0103 \u0219i rapid\u0103 pentru extrac\u021bia mierii. Cu capacitatea de a g\u0103zdui p\u00e2n\u0103 la <strong>2 cutii ad\u00e2nci<\/strong> \u015fi <strong>2 p\u0103trate medii sau pu\u021bin ad\u00e2nci<\/strong>, este ideal pentru utilizare at\u00e2t \u00een produc\u021bii interne mici, c\u00e2t \u0219i \u00een opera\u021biuni comerciale.<\/p>\n<p>Extractorul este echipat s\u0103 func\u021bioneze cu mai multe tipuri de rame populare pentru apicultur\u0103, cum ar fi:<\/p>\n<ul>\n<li><strong>picturi profunde<\/strong>: Potrivit pentru faguri de p\u00e2n\u0103 la <strong>48 centimetri (cm) x 23 centimetri (cm)<\/strong> (18,9&quot; x 9&quot;).<\/li>\n<li><strong>p\u0103trate medii<\/strong>: Ideal pentru scutece p\u00e2n\u0103 la <strong>48 cm x 16 cm<\/strong> (18,9&quot; x 6,3&quot;).<\/li>\n<li><strong>Picturi Langstroth<\/strong>: Cel mai des \u00eent\u00e2lnit cadru \u00een apicultura modern\u0103, folosit la dimensiuni ad\u00e2nci \u0219i medii.<\/li>\n<li><strong>Tablouri Dadant<\/strong>: Folosit frecvent \u00een apicultura comercial\u0103, apreciat pentru robuste\u021bea \u0219i dimensiunea sa.<\/li>\n<li><strong>Picturi Warre<\/strong>: Un design mai natural \u0219i vertical, favorizat de apicultorii organici.<\/li>\n<li><strong>Rame universale<\/strong>: Adaptabil pentru diferite tipuri de stupi \u0219i faguri.<\/li>\n<\/ul>\n<p>Acest <strong>extractor de miere<\/strong> asigur\u0103 o extrac\u021bie eficient\u0103 f\u0103r\u0103 a deteriora fagurile, ceea ce este crucial pentru conservarea produsului. Datorit\u0103 motorului s\u0103u electric, elimin\u0103 nevoia de a roti manual ramele, f\u0103c\u00e2nd \u00eendep\u0103rtarea mai rapid\u0103 \u0219i mai pu\u021bin laborioas\u0103.<\/p>\n<p>Este perfect pentru cei care caut\u0103 un <strong>extractor electric de miere<\/strong> sau a <strong>extractor profesional de miere<\/strong> F\u0103-l versatil \u0219i u\u0219or de utilizat at\u00e2t pentru apicultorii de acas\u0103, c\u00e2t \u0219i pentru cei comerciali.<\/p>","protected":false},"featured_media":933,"comment_status":"open","ping_status":"closed","template":"","meta":{"wds_primary_product_brand":0,"wds_primary_product_cat":0},"product_brand":[],"product_cat":[55,30],"product_tag":[],"class_list":{"0":"post-923","1":"product","2":"type-product","3":"status-publish","4":"has-post-thumbnail","6":"product_cat-extractor-prensa-de-aceites","7":"product_cat-maquinaria-apicola","9":"first","10":"instock","11":"sale","12":"taxable","13":"shipping-taxable","14":"purchasable","15":"product-type-simple"},"yoast_head":"<!-- This site is optimized with the Yoast SEO Premium plugin v24.9 (Yoast SEO v26.1) - https:\/\/yoast.com\/wordpress\/plugins\/seo\/ -->\n<title>Extractor de miel el\u00e9ctrico 2M - distribuci\u00f3n ARC<\/title>\n<meta name=\"robots\" content=\"index, follow, max-snippet:-1, max-image-preview:large, max-video-preview:-1\" \/>\n<link rel=\"canonical\" href=\"https:\/\/www.distribucionarc.com\/sl\/producto\/extractor-de-miel-electrico-2m\/\" \/>\n<meta property=\"og:locale\" content=\"ro_RO\" \/>\n<meta property=\"og:type\" content=\"article\" \/>\n<meta property=\"og:title\" content=\"Extractor de miel el\u00e9ctrico 2M\" \/>\n<meta property=\"og:description\" content=\"Extractor de miel el\u00e9ctrico de 2\/4 marcos \u2013 Profesional para apicultores Este extractor de miel el\u00e9ctrico profesional est\u00e1 dise\u00f1ado para apicultores que buscan una soluci\u00f3n eficiente y r\u00e1pida para la extracci\u00f3n de miel. Con capacidad para alojar hasta 2 cuadros profundos y 2 cuadros medianos o poco profundos, es ideal tanto para uso en peque\u00f1as producciones dom\u00e9sticas como en operaciones comerciales.  El extractor est\u00e1 equipado para trabajar con varios tipos de cuadros populares en apicultura, tales como:   Cuadros profundos: Adecuados para panales de hasta 48 cent\u00edmetros (cm) x 23 cent\u00edmetros (cm) (18,9&#039;&#039; x 9&#039;&#039;).  Cuadros medianos: Ideales para panales de hasta 48 cm x 16 cm (18,9&#039;&#039; x 6,3&#039;&#039;).  Cuadros Langstroth: El cuadro m\u00e1s com\u00fan en la apicultura moderna, utilizado en tama\u00f1os profundo y mediano.  Cuadros Dadant: Frecuentemente usados en apicultura comercial, apreciados por su robustez y tama\u00f1o.  Cuadros Warre: Un dise\u00f1o m\u00e1s natural y vertical, favorecido por apicultores ecol\u00f3gicos.  Cuadros universales: Adaptables para diferentes tipos de colmenas y panales.  Este extractor de miel garantiza una extracci\u00f3n eficaz sin da\u00f1ar los panales, lo que es crucial para la preservaci\u00f3n del producto. Gracias a su motor el\u00e9ctrico, elimina la necesidad de girar manualmente los marcos, haciendo que la extracci\u00f3n sea m\u00e1s r\u00e1pida y menos laboriosa.  Es perfecto para quienes buscan un extractor de miel el\u00e9ctrico o un extractor de miel profesional que sea vers\u00e1til y f\u00e1cil de usar, tanto para apicultores dom\u00e9sticos como comerciales.\" \/>\n<meta property=\"og:url\" content=\"https:\/\/www.distribucionarc.com\/sl\/producto\/extractor-de-miel-electrico-2m\/\" \/>\n<meta property=\"og:site_name\" content=\"distribuci\u00f3n ARC\" \/>\n<meta property=\"article:modified_time\" content=\"2024-09-05T15:46:43+00:00\" \/>\n<meta property=\"og:image\" content=\"https:\/\/distribucionarc.com\/wp-content\/uploads\/2020\/07\/Extractor-de-miel-el\u00e9ctrico-2M-0.jpg\" \/>\n\t<meta property=\"og:image:width\" content=\"1600\" \/>\n\t<meta property=\"og:image:height\" content=\"1600\" \/>\n\t<meta property=\"og:image:type\" content=\"image\/jpeg\" \/>\n<meta name=\"twitter:card\" content=\"summary_large_image\" \/>\n<meta name=\"twitter:label1\" content=\"Timp estimat pentru citire\" \/>\n\t<meta name=\"twitter:data1\" content=\"2 minute\" \/>\n<script type=\"application\/ld+json\" class=\"yoast-schema-graph\">{\"@context\":\"https:\/\/schema.org\",\"@graph\":[{\"@type\":\"WebPage\",\"@id\":\"https:\/\/www.distribucionarc.com\/sl\/producto\/extractor-de-miel-electrico-2m\/\",\"url\":\"https:\/\/www.distribucionarc.com\/sl\/producto\/extractor-de-miel-electrico-2m\/\",\"name\":\"Extractor de miel el\u00e9ctrico 2M - distribuci\u00f3n ARC\",\"isPartOf\":{\"@id\":\"https:\/\/distribucionarc.com\/de\/#website\"},\"primaryImageOfPage\":{\"@id\":\"https:\/\/www.distribucionarc.com\/sl\/producto\/extractor-de-miel-electrico-2m\/#primaryimage\"},\"image\":{\"@id\":\"https:\/\/www.distribucionarc.com\/sl\/producto\/extractor-de-miel-electrico-2m\/#primaryimage\"},\"thumbnailUrl\":\"https:\/\/distribucionarc.com\/wp-content\/uploads\/2020\/07\/Extractor-de-miel-el\u00e9ctrico-2M-0.jpg\",\"datePublished\":\"2020-07-15T08:17:27+00:00\",\"dateModified\":\"2024-09-05T15:46:43+00:00\",\"breadcrumb\":{\"@id\":\"https:\/\/www.distribucionarc.com\/sl\/producto\/extractor-de-miel-electrico-2m\/#breadcrumb\"},\"inLanguage\":\"ro-RO\",\"potentialAction\":[{\"@type\":\"ReadAction\",\"target\":[\"https:\/\/www.distribucionarc.com\/sl\/producto\/extractor-de-miel-electrico-2m\/\"]}]},{\"@type\":\"ImageObject\",\"inLanguage\":\"ro-RO\",\"@id\":\"https:\/\/www.distribucionarc.com\/sl\/producto\/extractor-de-miel-electrico-2m\/#primaryimage\",\"url\":\"https:\/\/distribucionarc.com\/wp-content\/uploads\/2020\/07\/Extractor-de-miel-el\u00e9ctrico-2M-0.jpg\",\"contentUrl\":\"https:\/\/distribucionarc.com\/wp-content\/uploads\/2020\/07\/Extractor-de-miel-el\u00e9ctrico-2M-0.jpg\",\"width\":1600,\"height\":1600,\"caption\":\"Extractor de miel el\u00e9ctrico\"},{\"@type\":\"BreadcrumbList\",\"@id\":\"https:\/\/www.distribucionarc.com\/sl\/producto\/extractor-de-miel-electrico-2m\/#breadcrumb\",\"itemListElement\":[{\"@type\":\"ListItem\",\"position\":1,\"name\":\"Portada\",\"item\":\"https:\/\/distribucionarc.com\/pl\/\"},{\"@type\":\"ListItem\",\"position\":2,\"name\":\"Produkty\",\"item\":\"https:\/\/distribucionarc.com\/pl\/shop\/\"},{\"@type\":\"ListItem\",\"position\":3,\"name\":\"Extractor de miel el\u00e9ctrico 2M\"}]},{\"@type\":\"WebSite\",\"@id\":\"https:\/\/distribucionarc.com\/de\/#website\",\"url\":\"https:\/\/distribucionarc.com\/de\/\",\"name\":\"distribuci\u00f3n ARC\",\"description\":\"Empresa especializada en la fabricaci\u00f3n y distribuci\u00f3n de maquinaria industrial, selladoras de latas, Maquinas de hacer pastillas, Maquinas de cortar carne...\",\"publisher\":{\"@id\":\"https:\/\/distribucionarc.com\/de\/#organization\"},\"potentialAction\":[{\"@type\":\"SearchAction\",\"target\":{\"@type\":\"EntryPoint\",\"urlTemplate\":\"https:\/\/distribucionarc.com\/de\/?s={search_term_string}\"},\"query-input\":{\"@type\":\"PropertyValueSpecification\",\"valueRequired\":true,\"valueName\":\"search_term_string\"}}],\"inLanguage\":\"ro-RO\"},{\"@type\":\"Organization\",\"@id\":\"https:\/\/distribucionarc.com\/de\/#organization\",\"name\":\"Distribuci\u00f3n ARC\",\"url\":\"https:\/\/distribucionarc.com\/de\/\",\"logo\":{\"@type\":\"ImageObject\",\"inLanguage\":\"ro-RO\",\"@id\":\"https:\/\/distribucionarc.com\/de\/#\/schema\/logo\/image\/\",\"url\":\"https:\/\/distribucionarc.com\/wp-content\/uploads\/2024\/10\/distribucion-ARC-COLOR-SIN-FONDO-e1732295305345.png\",\"contentUrl\":\"https:\/\/distribucionarc.com\/wp-content\/uploads\/2024\/10\/distribucion-ARC-COLOR-SIN-FONDO-e1732295305345.png\",\"width\":1164,\"height\":558,\"caption\":\"Distribuci\u00f3n ARC\"},\"image\":{\"@id\":\"https:\/\/distribucionarc.com\/de\/#\/schema\/logo\/image\/\"},\"description\":\"Empresa especializada en la fabricaci\u00f3n y distribuci\u00f3n de maquinaria industrial para los sectores alimentario y farmac\u00e9utico. Nos especializamos en: M\u00e1quinas de cortar carne Fabricaci\u00f3n de comprimidos Sistemas de transporte industrial L\u00edneas de embotellado Dosificadores Y mucho m\u00e1s... Ofrecemos soluciones innovadoras y personalizadas para optimizar los procesos productivos de tu empresa.\",\"email\":\"Admistracion@distribucionarc.com\",\"telephone\":\"+34 643496664\",\"legalName\":\"ARC TECH SOLUTIONS\",\"foundingDate\":\"2024-04-09\",\"vatID\":\"B55480172\",\"numberOfEmployees\":{\"@type\":\"QuantitativeValue\",\"minValue\":\"1\",\"maxValue\":\"10\"}}]}<\/script>\n<!-- \/ Yoast SEO Premium plugin. -->","yoast_head_json":{"title":"Extractor electric de miere 2M - distributie ARC","robots":{"index":"index","follow":"follow","max-snippet":"max-snippet:-1","max-image-preview":"max-image-preview:large","max-video-preview":"max-video-preview:-1"},"canonical":"https:\/\/www.distribucionarc.com\/sl\/producto\/extractor-de-miel-electrico-2m\/","og_locale":"ro_RO","og_type":"article","og_title":"Extractor de miel el\u00e9ctrico 2M","og_description":"Extractor de miel el\u00e9ctrico de 2\/4 marcos \u2013 Profesional para apicultores Este extractor de miel el\u00e9ctrico profesional est\u00e1 dise\u00f1ado para apicultores que buscan una soluci\u00f3n eficiente y r\u00e1pida para la extracci\u00f3n de miel. Con capacidad para alojar hasta 2 cuadros profundos y 2 cuadros medianos o poco profundos, es ideal tanto para uso en peque\u00f1as producciones dom\u00e9sticas como en operaciones comerciales.  El extractor est\u00e1 equipado para trabajar con varios tipos de cuadros populares en apicultura, tales como:   Cuadros profundos: Adecuados para panales de hasta 48 cent\u00edmetros (cm) x 23 cent\u00edmetros (cm) (18,9'' x 9'').  Cuadros medianos: Ideales para panales de hasta 48 cm x 16 cm (18,9'' x 6,3'').  Cuadros Langstroth: El cuadro m\u00e1s com\u00fan en la apicultura moderna, utilizado en tama\u00f1os profundo y mediano.  Cuadros Dadant: Frecuentemente usados en apicultura comercial, apreciados por su robustez y tama\u00f1o.  Cuadros Warre: Un dise\u00f1o m\u00e1s natural y vertical, favorecido por apicultores ecol\u00f3gicos.  Cuadros universales: Adaptables para diferentes tipos de colmenas y panales.  Este extractor de miel garantiza una extracci\u00f3n eficaz sin da\u00f1ar los panales, lo que es crucial para la preservaci\u00f3n del producto. Gracias a su motor el\u00e9ctrico, elimina la necesidad de girar manualmente los marcos, haciendo que la extracci\u00f3n sea m\u00e1s r\u00e1pida y menos laboriosa.  Es perfecto para quienes buscan un extractor de miel el\u00e9ctrico o un extractor de miel profesional que sea vers\u00e1til y f\u00e1cil de usar, tanto para apicultores dom\u00e9sticos como comerciales.","og_url":"https:\/\/www.distribucionarc.com\/sl\/producto\/extractor-de-miel-electrico-2m\/","og_site_name":"distribuci\u00f3n ARC","article_modified_time":"2024-09-05T15:46:43+00:00","og_image":[{"width":1600,"height":1600,"url":"https:\/\/distribucionarc.com\/wp-content\/uploads\/2020\/07\/Extractor-de-miel-el\u00e9ctrico-2M-0.jpg","type":"image\/jpeg"}],"twitter_card":"summary_large_image","twitter_misc":{"Timp estimat pentru citire":"2 minute"},"schema":{"@context":"https:\/\/schema.org","@graph":[{"@type":"WebPage","@id":"https:\/\/www.distribucionarc.com\/sl\/producto\/extractor-de-miel-electrico-2m\/","url":"https:\/\/www.distribucionarc.com\/sl\/producto\/extractor-de-miel-electrico-2m\/","name":"Extractor electric de miere 2M - distributie ARC","isPartOf":{"@id":"https:\/\/distribucionarc.com\/de\/#website"},"primaryImageOfPage":{"@id":"https:\/\/www.distribucionarc.com\/sl\/producto\/extractor-de-miel-electrico-2m\/#primaryimage"},"image":{"@id":"https:\/\/www.distribucionarc.com\/sl\/producto\/extractor-de-miel-electrico-2m\/#primaryimage"},"thumbnailUrl":"https:\/\/distribucionarc.com\/wp-content\/uploads\/2020\/07\/Extractor-de-miel-el\u00e9ctrico-2M-0.jpg","datePublished":"2020-07-15T08:17:27+00:00","dateModified":"2024-09-05T15:46:43+00:00","breadcrumb":{"@id":"https:\/\/www.distribucionarc.com\/sl\/producto\/extractor-de-miel-electrico-2m\/#breadcrumb"},"inLanguage":"ro-RO","potentialAction":[{"@type":"ReadAction","target":["https:\/\/www.distribucionarc.com\/sl\/producto\/extractor-de-miel-electrico-2m\/"]}]},{"@type":"ImageObject","inLanguage":"ro-RO","@id":"https:\/\/www.distribucionarc.com\/sl\/producto\/extractor-de-miel-electrico-2m\/#primaryimage","url":"https:\/\/distribucionarc.com\/wp-content\/uploads\/2020\/07\/Extractor-de-miel-el\u00e9ctrico-2M-0.jpg","contentUrl":"https:\/\/distribucionarc.com\/wp-content\/uploads\/2020\/07\/Extractor-de-miel-el\u00e9ctrico-2M-0.jpg","width":1600,"height":1600,"caption":"Extractor de miel el\u00e9ctrico"},{"@type":"BreadcrumbList","@id":"https:\/\/www.distribucionarc.com\/sl\/producto\/extractor-de-miel-electrico-2m\/#breadcrumb","itemListElement":[{"@type":"ListItem","position":1,"name":"Portada","item":"https:\/\/distribucionarc.com\/pl\/"},{"@type":"ListItem","position":2,"name":"Produkty","item":"https:\/\/distribucionarc.com\/pl\/shop\/"},{"@type":"ListItem","position":3,"name":"Extractor de miel el\u00e9ctrico 2M"}]},{"@type":"WebSite","@id":"https:\/\/distribucionarc.com\/de\/#website","url":"https:\/\/distribucionarc.com\/de\/","name":"Distribu\u021bie ARC","description":"Companie specializat\u0103 \u00een fabricarea \u0219i distribu\u021bia de utilaje industriale, ma\u0219ini de sigilat cutii, ma\u0219ini de fabricat tablete, ma\u0219ini de t\u0103iat carne...","publisher":{"@id":"https:\/\/distribucionarc.com\/de\/#organization"},"potentialAction":[{"@type":"SearchAction","target":{"@type":"EntryPoint","urlTemplate":"https:\/\/distribucionarc.com\/de\/?s={search_term_string}"},"query-input":{"@type":"PropertyValueSpecification","valueRequired":true,"valueName":"search_term_string"}}],"inLanguage":"ro-RO"},{"@type":"Organization","@id":"https:\/\/distribucionarc.com\/de\/#organization","name":"Distribu\u021bie ARC","url":"https:\/\/distribucionarc.com\/de\/","logo":{"@type":"ImageObject","inLanguage":"ro-RO","@id":"https:\/\/distribucionarc.com\/de\/#\/schema\/logo\/image\/","url":"https:\/\/distribucionarc.com\/wp-content\/uploads\/2024\/10\/distribucion-ARC-COLOR-SIN-FONDO-e1732295305345.png","contentUrl":"https:\/\/distribucionarc.com\/wp-content\/uploads\/2024\/10\/distribucion-ARC-COLOR-SIN-FONDO-e1732295305345.png","width":1164,"height":558,"caption":"Distribuci\u00f3n ARC"},"image":{"@id":"https:\/\/distribucionarc.com\/de\/#\/schema\/logo\/image\/"},"description":"Companie specializat\u0103 \u00een fabricarea \u0219i distribu\u021bia de utilaje industriale pentru sectoarele alimentar \u0219i farmaceutic. Suntem specializa\u021bi \u00een: Ma\u0219ini de t\u0103iat carne Fabricarea tabletelor Sisteme de transport industrial Linii de \u00eembuteliere Distribuitoare \u0218i multe altele... Oferim solu\u021bii inovatoare \u0219i personalizate pentru a optimiza procesele de produc\u021bie ale companiei dumneavoastr\u0103.","email":"Admistracion@distribucionarc.com","telephone":"+34 643496664","legalName":"ARC TECH SOLUTIONS","foundingDate":"2024-04-09","vatID":"B55480172","numberOfEmployees":{"@type":"QuantitativeValue","minValue":"1","maxValue":"10"}}]}},"_links":{"self":[{"href":"https:\/\/distribucionarc.com\/ro\/wp-json\/wp\/v2\/product\/923","targetHints":{"allow":["GET"]}}],"collection":[{"href":"https:\/\/distribucionarc.com\/ro\/wp-json\/wp\/v2\/product"}],"about":[{"href":"https:\/\/distribucionarc.com\/ro\/wp-json\/wp\/v2\/types\/product"}],"replies":[{"embeddable":true,"href":"https:\/\/distribucionarc.com\/ro\/wp-json\/wp\/v2\/comments?post=923"}],"version-history":[{"count":0,"href":"https:\/\/distribucionarc.com\/ro\/wp-json\/wp\/v2\/product\/923\/revisions"}],"wp:featuredmedia":[{"embeddable":true,"href":"https:\/\/distribucionarc.com\/ro\/wp-json\/wp\/v2\/media\/933"}],"wp:attachment":[{"href":"https:\/\/distribucionarc.com\/ro\/wp-json\/wp\/v2\/media?parent=923"}],"wp:term":[{"taxonomy":"product_brand","embeddable":true,"href":"https:\/\/distribucionarc.com\/ro\/wp-json\/wp\/v2\/product_brand?post=923"},{"taxonomy":"product_cat","embeddable":true,"href":"https:\/\/distribucionarc.com\/ro\/wp-json\/wp\/v2\/product_cat?post=923"},{"taxonomy":"product_tag","embeddable":true,"href":"https:\/\/distribucionarc.com\/ro\/wp-json\/wp\/v2\/product_tag?post=923"}],"curies":[{"name":"wp","href":"https:\/\/api.w.org\/{rel}","templated":true}]}}