{"id":952,"date":"2020-07-15T11:51:30","date_gmt":"2020-07-15T11:51:30","guid":{"rendered":"https:\/\/distribucionarc.com\/?post_type=product&#038;p=952"},"modified":"2024-09-05T16:38:38","modified_gmt":"2024-09-05T16:38:38","slug":"electric-presa-ulei-extractor","status":"publish","type":"product","link":"https:\/\/distribucionarc.com\/ro\/producto\/extractor-prensa-de-aceite-electrico\/","title":{"rendered":"extractor electric prese de ulei"},"content":{"rendered":"<h3>extractor electric prese de ulei<\/h3>\n<p>The<strong> extractor electric<\/strong> de <strong><span style=\"color: #ff0000;\">LA<\/span><span style=\"color: #0000ff;\">R<\/span>c<\/strong> Este multifunc\u021bional, permi\u021b\u00e2ndu-v\u0103 s\u0103 performa\u021bi <strong>presat la rece<\/strong> la temperaturi de 0-140\u00baC, rezerv\u00e2nd majoritatea nutrien\u021bilor. <strong>Presat la cald f\u0103r\u0103 pr\u0103jire<\/strong> Deoarece are \u00eenc\u0103lzire cu termostat \u00eencorporat, bucura\u021bi-v\u0103<strong> uleiuri sanatoase si naturale<\/strong>, pute\u021bi \u0219i pr\u0103ji \u0219i <strong>presa la cald<\/strong> soteti cateva minute pentru a obtine un ulei mai pur si mai aromat.<\/p>\n<p>The <strong>presa automata de ulei<\/strong> de <strong><span style=\"color: #ff0000;\">LA<\/span><span style=\"color: #0000ff;\">R<\/span>c<\/strong> Adopt\u0103 material din o\u021bel inoxidabil 304 de calitate alimentar\u0103, cupru de calitate industrial\u0103 cu motor de mare putere, performan\u021b\u0103 fin\u0103, care duce la produc\u021bii mari de ulei, adaptabilitate pentru antreprenor datorit\u0103 func\u021bion\u0103rii \u0219i \u00eentre\u021binerii sale simple, strivire fizic\u0103 pur\u0103, care contribuie la o <span style=\"color: #008000;\"><strong>consum eficient de energie<\/strong><\/span>.<\/p>\n<p>The <strong>extractor de ulei <span style=\"color: #ff0000;\">LA<\/span><span style=\"color: #0000ff;\">R<\/span>CEPA1<\/strong> \u0219urubul este o ma\u0219in\u0103 de extrac\u021bie a uleiului de ultim\u0103 genera\u021bie, care se caracterizeaz\u0103 prin debit mare de ulei, calitate bun\u0103, design simplu \u0219i proces continuu. Aceast\u0103 serie de prese de ulei poate fi utilizat\u0103 pentru diverse materii prime, cum ar fi semin\u021be de jatropha, semin\u021be de canola, arahide, semin\u021be de rapi\u021b\u0103 \u0219i de bumbac, semin\u021be de susan, semin\u021be de m\u0103sline, semin\u021be de floarea soarelui, semin\u021be de nuc\u0103 de cocos \u0219i semin\u021be de iarb\u0103.<\/p>\n<p>Comparativ cu <strong>presa cu surub<\/strong> tradi\u021bional, cel <strong>pres\u0103 de \u00eentoarcere<\/strong> uleiul are avantajul de a fi simplu, simplu ca structur\u0103, simplu \u0219i u\u0219or de extins pe l\u00e2ng\u0103 faptul c\u0103 asigur\u0103 extrac\u021bia uleiului din 95%. Acest <strong>procesor de semin\u021be<\/strong>, are toate func\u021biile necesare pentru a realiza <strong>extrac\u021bia uleiului<\/strong> \u00een cel mai confortabil \u0219i detaliat mod, \u00een timp ce programele sale faciliteaz\u0103 \u00eentre\u021binerea ma\u0219inii, promov\u00e2nd durabilitatea acestuia<\/p>\n<p><iframe loading=\"lazy\" src=\"https:\/\/www.youtube.com\/embed\/w5DjgxuuS58\" width=\"560\" height=\"315\" frameborder=\"0\" allowfullscreen=\"allowfullscreen\"><\/iframe><\/p>\n<h6><strong>garan\u021bie\u00a0<span style=\"color: #ff0000;\">LA<\/span><span style=\"color: #0000ff;\">R<\/span>C 2 ANI<\/strong><\/h6>\n<h6><span style=\"color: #008000;\">Extractor prese de ulei electric, consum redus 460 w<\/span><\/h6>\n<h6><strong>suport tehnic inclus<\/strong><\/h6>\n<p>&nbsp;<\/p>\n<table role=\"presentation\" width=\"100%\" cellspacing=\"0\" cellpadding=\"0\">\n<tbody>\n<tr>\n<td class=\"attrLabels\">Temperatur\u0103:<\/td>\n<td width=\"50.0%\">0-140\u00baC<\/td>\n<\/tr>\n<tr>\n<td class=\"attrLabels\">\u021aara de distribu\u021bie:<\/td>\n<td width=\"50.0%\">Spania, Germania, SUA<\/td>\n<td class=\"attrLabels\">Greutate:<\/td>\n<td width=\"50.0%\">11 kg<\/td>\n<\/tr>\n<tr>\n<td class=\"attrLabels\">Marca:<\/td>\n<td width=\"50.0%\">ARC<\/td>\n<td class=\"attrLabels\">\u00cen\u0103l\u0163ime:<\/td>\n<td width=\"50.0%\">24 cm<\/td>\n<\/tr>\n<tr>\n<td class=\"attrLabels\">Culoare:<\/td>\n<td width=\"50.0%\">Argint<\/td>\n<td class=\"attrLabels\">Lung:<\/td>\n<td width=\"50.0%\">46 cm<\/td>\n<\/tr>\n<tr>\n<td class=\"attrLabels\">Tip produs:<\/td>\n<td width=\"50.0%\">Extractor prese de ulei electric<\/td>\n<td class=\"attrLabels\">Larg:<\/td>\n<td width=\"50.0%\">19 cm<\/td>\n<\/tr>\n<tr>\n<td class=\"attrLabels\">Numar producator:<\/td>\n<td width=\"50.0%\">ARCEPA1<\/td>\n<td class=\"attrLabels\">Putere:<\/td>\n<td width=\"50.0%\">760W<\/td>\n<\/tr>\n<tr>\n<td class=\"attrLabels\">Material:<\/td>\n<td width=\"50.0%\">o\u021bel inoxidabil, motor de mare putere, control al temperaturii<\/td>\n<td class=\"attrLabels\">tensiune de intrare<\/td>\n<td width=\"50.0%\">220V \u2013 50Hz<\/p>\n<p>110 \u2013 60 Hz<\/td>\n<\/tr>\n<tr>\n<td class=\"attrLabels\">Tipuri de prelucrare:<\/td>\n<td width=\"50.0%\">rece, fierbinte cu sau f\u0103r\u0103 pr\u0103jire<\/td>\n<td class=\"attrLabels\">Garantie:<\/td>\n<td width=\"50.0%\">2 ANI<\/td>\n<\/tr>\n<tr>\n<td class=\"attrLabels\">Instrumente de instalare:<\/td>\n<td width=\"50.0%\">Da<\/td>\n<td class=\"attrLabels\">Abilitatea:<\/td>\n<td width=\"50.0%\">3-6 kg<\/td>\n<\/tr>\n<\/tbody>\n<\/table>\n<p>&nbsp;<\/p>","protected":false},"excerpt":{"rendered":"<h2><strong>Ma\u0219in\u0103 electric\u0103 de extrac\u021bie a uleiului de semin\u021be - profesional\u0103 pentru extrac\u021bia la cald \u0219i la rece<\/strong><\/h2>\n<p>Noastre <strong>ma\u0219in\u0103 electric\u0103 de extrac\u021bie a uleiului de semin\u021be<\/strong> Este ideal pentru cei care caut\u0103 o solu\u021bie eficient\u0103 \u0219i profesional\u0103 pentru produc\u021bia de ulei, at\u00e2t la rece, c\u00e2t \u0219i la cald. Acest <strong>pres\u0103 profesional\u0103 de extrac\u021bie a uleiului<\/strong> poate procesa o mare varietate de semin\u021be, oferind versatilitate pentru diferite tipuri de uleiuri.<\/p>\n<p>Ma\u0219ina este echipat\u0103 cu o tav\u0103 cu p\u00e2lnie, cu capacitate de procesare \u00eentre <strong>3 kilograme (kg) \u0219i 6 kilograme (kg) or\u0103<\/strong> de semin\u021be, ceea ce \u00eel face perfect pentru produc\u021bii mici \u0219i medii.<\/p>\n<h3>Exemple de semin\u021be care sunt <strong>ma\u0219in\u0103 de extrac\u021bie a uleiului<\/strong> poate procesa:<\/h3>\n<ul>\n<li><strong>seminte de floarea soarelui<\/strong>: Foarte comun pentru producerea uleiului de g\u0103tit.<\/li>\n<li><strong>seminte de susan<\/strong>: Folosit la producerea uleiurilor gourmet.<\/li>\n<li><strong>seminte de in<\/strong>: Ideal pentru extragerea uleiurilor sanatoase bogate in omega-3.<\/li>\n<li><strong>seminte de chia<\/strong>: Folosit pentru uleiuri \u0219i produse cosmetice s\u0103n\u0103toase.<\/li>\n<li><strong>seminte de dovleac<\/strong>: Perfect pentru extragerea uleiului nutritiv.<\/li>\n<li><strong>seminte de mustar<\/strong>: Folosit pentru uleiuri speciale pentru scopuri culinare \u0219i medicinale.<\/li>\n<li><strong>Semin\u021be de c\u00e2nep\u0103<\/strong>: Foarte solicitate pentru proprietatile lor nutritive si cosmetice.<\/li>\n<li><strong>boabe de soia<\/strong>: Popular pentru produc\u021bia de petrol \u00een industria alimentar\u0103.<\/li>\n<li><strong>Seminte de arahide<\/strong>: Folosit pentru producerea uleiurilor de g\u0103tit \u0219i gourmet.<\/li>\n<li><strong>seminte de bumbac<\/strong>: Frecvent \u00een produc\u021bia de ulei industrial \u0219i alimentar.<\/li>\n<li><strong>Nuci<\/strong>: Pentru uleiuri gourmet cu valoare ad\u0103ugat\u0103 mare.<\/li>\n<li><strong>m\u0103sline:<\/strong> poate extrage ulei din pulp\u0103 doar f\u0103r\u0103 s\u0103m\u00e2n\u021b\u0103<\/li>\n<\/ul>\n<p>Cu asta <strong>ma\u0219in\u0103 electric\u0103 de extrac\u021bie a uleiului<\/strong>, pute\u021bi ob\u021bine uleiuri de \u00eenalt\u0103 calitate dintr-o mare varietate de semin\u021be. At\u00e2t \u00een procesele de extrac\u021bie la rece pentru p\u0103strarea propriet\u0103\u021bilor nutri\u021bionale, c\u00e2t \u0219i \u00een procesele de extrac\u021bie la cald pentru a maximiza performan\u021ba, aceast\u0103 ma\u0219in\u0103 este o op\u021biune ideal\u0103 pentru apicultori, magazine de produse naturiste \u0219i fabrici mici.<\/p>\n<p>Dac\u0103 sunte\u021bi \u00een c\u0103utarea unui <strong>pres\u0103 profesional\u0103 de extrac\u021bie a uleiului<\/strong> Pentru semin\u021be, aceast\u0103 ma\u0219in\u0103 este solu\u021bia perfect\u0103 pentru a extrage uleiurile rapid \u0219i eficient. Capacitatea de <strong>3 kg p\u00e2n\u0103 la 6 kg<\/strong> per ciclu de procesare v\u0103 asigur\u0103 c\u0103 v\u0103 pute\u021bi adapta la diferite volume de produc\u021bie f\u0103r\u0103 a pierde calitatea.<\/p>","protected":false},"featured_media":963,"comment_status":"open","ping_status":"closed","template":"","meta":{"wds_primary_product_brand":0,"wds_primary_product_cat":0},"product_brand":[],"product_cat":[55],"product_tag":[],"class_list":{"0":"post-952","1":"product","2":"type-product","3":"status-publish","4":"has-post-thumbnail","6":"product_cat-extractor-prensa-de-aceites","7":"product_shipping_class-express","9":"first","10":"instock","11":"taxable","12":"shipping-taxable","13":"purchasable","14":"product-type-simple"},"yoast_head":"<!-- This site is optimized with the Yoast SEO Premium plugin v24.9 (Yoast SEO v26.1) - https:\/\/yoast.com\/wordpress\/plugins\/seo\/ -->\n<title>Extractor prensa de aceite el\u00e9ctrico - distribuci\u00f3n ARC<\/title>\n<meta name=\"robots\" content=\"index, follow, max-snippet:-1, max-image-preview:large, max-video-preview:-1\" \/>\n<link rel=\"canonical\" href=\"https:\/\/www.distribucionarc.com\/de\/producto\/extractor-prensa-de-aceite-electrico\/\" \/>\n<meta property=\"og:locale\" content=\"ro_RO\" \/>\n<meta property=\"og:type\" content=\"article\" \/>\n<meta property=\"og:title\" content=\"Extractor prensa de aceite el\u00e9ctrico\" \/>\n<meta property=\"og:description\" content=\"M\u00e1quina el\u00e9ctrica para extracci\u00f3n de aceite de semillas \u2013 Profesional para extracci\u00f3n en fr\u00edo y caliente Nuestra m\u00e1quina el\u00e9ctrica de extracci\u00f3n de aceite de semillas es ideal para aquellos que buscan una soluci\u00f3n eficiente y profesional para la producci\u00f3n de aceite, tanto en fr\u00edo como en caliente. Esta prensa de extracci\u00f3n de aceite profesional puede procesar una amplia variedad de semillas, ofreciendo versatilidad para diferentes tipos de aceites.  La m\u00e1quina est\u00e1 equipada con una bandeja con embudo, con capacidad para procesar entre 3 kilogramos (kg) y 6 kilogramos (kg) hora de semillas, lo que la hace perfecta para producciones peque\u00f1as y medianas. Ejemplos de semillas que esta m\u00e1quina para extraer aceite puede procesar:   Semillas de girasol: Muy com\u00fan para la producci\u00f3n de aceite de cocina.  Semillas de s\u00e9samo: Utilizadas en la producci\u00f3n de aceites gourmet.  Semillas de lino: Ideales para la extracci\u00f3n de aceites saludables ricos en omega-3.  Semillas de ch\u00eda: Usadas para aceites saludables y cosm\u00e9ticos.  Semillas de calabaza: Perfectas para la extracci\u00f3n de aceite nutritivo.  Semillas de mostaza: Utilizadas para aceites especiales con fines culinarios y medicinales.  Semillas de c\u00e1\u00f1amo: Muy demandadas por sus propiedades nutritivas y cosm\u00e9ticas.  Semillas de soja: Populares para la producci\u00f3n de aceite en la industria alimentaria.  Semillas de man\u00ed (cacahuete): Usadas para la producci\u00f3n de aceites de cocina y gourmet.  Semillas de algod\u00f3n: Com\u00fan en la producci\u00f3n de aceite industrial y alimentario.  Nueces: Para aceites gourmet de alto valor a\u00f1adido.  oliva aceituna: solo puede extraer el aceite de la pulpa sin la semilla  Con esta m\u00e1quina el\u00e9ctrica para extracci\u00f3n de aceite, podr\u00e1s obtener aceites de alta calidad de una gran variedad de semillas. Tanto en procesos de extracci\u00f3n en fr\u00edo para conservar las propiedades nutritivas, como en caliente para maximizar el rendimiento, esta m\u00e1quina es una opci\u00f3n ideal para apicultores, tiendas de productos naturales, y peque\u00f1as f\u00e1bricas.  Si buscas una prensa de extracci\u00f3n de aceite profesional para semillas, esta m\u00e1quina es la soluci\u00f3n perfecta para extraer aceites de forma r\u00e1pida y eficiente. La capacidad de 3 kg a 6 kg por ciclo de procesamiento asegura que puedes adaptarte a diferentes vol\u00famenes de producci\u00f3n sin perder calidad.\" \/>\n<meta property=\"og:url\" content=\"https:\/\/www.distribucionarc.com\/de\/producto\/extractor-prensa-de-aceite-electrico\/\" \/>\n<meta property=\"og:site_name\" content=\"distribuci\u00f3n ARC\" \/>\n<meta property=\"article:modified_time\" content=\"2024-09-05T16:38:38+00:00\" \/>\n<meta property=\"og:image\" content=\"https:\/\/distribucionarc.com\/wp-content\/uploads\/2020\/07\/Extractor-prensa-de-aceite-el\u00e9ctrico-0.jpg\" \/>\n\t<meta property=\"og:image:width\" content=\"1600\" \/>\n\t<meta property=\"og:image:height\" content=\"1600\" \/>\n\t<meta property=\"og:image:type\" content=\"image\/jpeg\" \/>\n<meta name=\"twitter:card\" content=\"summary_large_image\" \/>\n<meta name=\"twitter:label1\" content=\"Timp estimat pentru citire\" \/>\n\t<meta name=\"twitter:data1\" content=\"2 minute\" \/>\n<script type=\"application\/ld+json\" class=\"yoast-schema-graph\">{\"@context\":\"https:\/\/schema.org\",\"@graph\":[{\"@type\":\"WebPage\",\"@id\":\"https:\/\/www.distribucionarc.com\/de\/producto\/extractor-prensa-de-aceite-electrico\/\",\"url\":\"https:\/\/www.distribucionarc.com\/de\/producto\/extractor-prensa-de-aceite-electrico\/\",\"name\":\"Extractor prensa de aceite el\u00e9ctrico - distribuci\u00f3n ARC\",\"isPartOf\":{\"@id\":\"https:\/\/distribucionarc.com\/bg\/#website\"},\"primaryImageOfPage\":{\"@id\":\"https:\/\/www.distribucionarc.com\/de\/producto\/extractor-prensa-de-aceite-electrico\/#primaryimage\"},\"image\":{\"@id\":\"https:\/\/www.distribucionarc.com\/de\/producto\/extractor-prensa-de-aceite-electrico\/#primaryimage\"},\"thumbnailUrl\":\"https:\/\/distribucionarc.com\/wp-content\/uploads\/2020\/07\/Extractor-prensa-de-aceite-el\u00e9ctrico-0.jpg\",\"datePublished\":\"2020-07-15T11:51:30+00:00\",\"dateModified\":\"2024-09-05T16:38:38+00:00\",\"breadcrumb\":{\"@id\":\"https:\/\/www.distribucionarc.com\/de\/producto\/extractor-prensa-de-aceite-electrico\/#breadcrumb\"},\"inLanguage\":\"ro-RO\",\"potentialAction\":[{\"@type\":\"ReadAction\",\"target\":[\"https:\/\/www.distribucionarc.com\/de\/producto\/extractor-prensa-de-aceite-electrico\/\"]}]},{\"@type\":\"ImageObject\",\"inLanguage\":\"ro-RO\",\"@id\":\"https:\/\/www.distribucionarc.com\/de\/producto\/extractor-prensa-de-aceite-electrico\/#primaryimage\",\"url\":\"https:\/\/distribucionarc.com\/wp-content\/uploads\/2020\/07\/Extractor-prensa-de-aceite-el\u00e9ctrico-0.jpg\",\"contentUrl\":\"https:\/\/distribucionarc.com\/wp-content\/uploads\/2020\/07\/Extractor-prensa-de-aceite-el\u00e9ctrico-0.jpg\",\"width\":1600,\"height\":1600,\"caption\":\"Extractor prensa de aceite el\u00e9ctrico\"},{\"@type\":\"BreadcrumbList\",\"@id\":\"https:\/\/www.distribucionarc.com\/de\/producto\/extractor-prensa-de-aceite-electrico\/#breadcrumb\",\"itemListElement\":[{\"@type\":\"ListItem\",\"position\":1,\"name\":\"Portada\",\"item\":\"https:\/\/distribucionarc.com\/el\/\"},{\"@type\":\"ListItem\",\"position\":2,\"name\":\"Proizvodi\",\"item\":\"https:\/\/www.distribucionarc.com\/hr\/ducan\/\"},{\"@type\":\"ListItem\",\"position\":3,\"name\":\"Extractor prensa de aceite el\u00e9ctrico\"}]},{\"@type\":\"WebSite\",\"@id\":\"https:\/\/distribucionarc.com\/bg\/#website\",\"url\":\"https:\/\/distribucionarc.com\/bg\/\",\"name\":\"distribuci\u00f3n ARC\",\"description\":\"Empresa especializada en la fabricaci\u00f3n y distribuci\u00f3n de maquinaria industrial, selladoras de latas, Maquinas de hacer pastillas, Maquinas de cortar carne...\",\"publisher\":{\"@id\":\"https:\/\/distribucionarc.com\/bg\/#organization\"},\"potentialAction\":[{\"@type\":\"SearchAction\",\"target\":{\"@type\":\"EntryPoint\",\"urlTemplate\":\"https:\/\/distribucionarc.com\/bg\/?s={search_term_string}\"},\"query-input\":{\"@type\":\"PropertyValueSpecification\",\"valueRequired\":true,\"valueName\":\"search_term_string\"}}],\"inLanguage\":\"ro-RO\"},{\"@type\":\"Organization\",\"@id\":\"https:\/\/distribucionarc.com\/bg\/#organization\",\"name\":\"Distribuci\u00f3n ARC\",\"url\":\"https:\/\/distribucionarc.com\/bg\/\",\"logo\":{\"@type\":\"ImageObject\",\"inLanguage\":\"ro-RO\",\"@id\":\"https:\/\/distribucionarc.com\/bg\/#\/schema\/logo\/image\/\",\"url\":\"https:\/\/distribucionarc.com\/wp-content\/uploads\/2024\/10\/distribucion-ARC-COLOR-SIN-FONDO-e1732295305345.png\",\"contentUrl\":\"https:\/\/distribucionarc.com\/wp-content\/uploads\/2024\/10\/distribucion-ARC-COLOR-SIN-FONDO-e1732295305345.png\",\"width\":1164,\"height\":558,\"caption\":\"Distribuci\u00f3n ARC\"},\"image\":{\"@id\":\"https:\/\/distribucionarc.com\/bg\/#\/schema\/logo\/image\/\"},\"description\":\"Empresa especializada en la fabricaci\u00f3n y distribuci\u00f3n de maquinaria industrial para los sectores alimentario y farmac\u00e9utico. Nos especializamos en: M\u00e1quinas de cortar carne Fabricaci\u00f3n de comprimidos Sistemas de transporte industrial L\u00edneas de embotellado Dosificadores Y mucho m\u00e1s... Ofrecemos soluciones innovadoras y personalizadas para optimizar los procesos productivos de tu empresa.\",\"email\":\"Admistracion@distribucionarc.com\",\"telephone\":\"+34 643496664\",\"legalName\":\"ARC TECH SOLUTIONS\",\"foundingDate\":\"2024-04-09\",\"vatID\":\"B55480172\",\"numberOfEmployees\":{\"@type\":\"QuantitativeValue\",\"minValue\":\"1\",\"maxValue\":\"10\"}}]}<\/script>\n<!-- \/ Yoast SEO Premium plugin. -->","yoast_head_json":{"title":"Extractor prese de ulei electric - distributie ARC","robots":{"index":"index","follow":"follow","max-snippet":"max-snippet:-1","max-image-preview":"max-image-preview:large","max-video-preview":"max-video-preview:-1"},"canonical":"https:\/\/www.distribucionarc.com\/de\/producto\/extractor-prensa-de-aceite-electrico\/","og_locale":"ro_RO","og_type":"article","og_title":"Extractor prensa de aceite el\u00e9ctrico","og_description":"M\u00e1quina el\u00e9ctrica para extracci\u00f3n de aceite de semillas \u2013 Profesional para extracci\u00f3n en fr\u00edo y caliente Nuestra m\u00e1quina el\u00e9ctrica de extracci\u00f3n de aceite de semillas es ideal para aquellos que buscan una soluci\u00f3n eficiente y profesional para la producci\u00f3n de aceite, tanto en fr\u00edo como en caliente. Esta prensa de extracci\u00f3n de aceite profesional puede procesar una amplia variedad de semillas, ofreciendo versatilidad para diferentes tipos de aceites.  La m\u00e1quina est\u00e1 equipada con una bandeja con embudo, con capacidad para procesar entre 3 kilogramos (kg) y 6 kilogramos (kg) hora de semillas, lo que la hace perfecta para producciones peque\u00f1as y medianas. Ejemplos de semillas que esta m\u00e1quina para extraer aceite puede procesar:   Semillas de girasol: Muy com\u00fan para la producci\u00f3n de aceite de cocina.  Semillas de s\u00e9samo: Utilizadas en la producci\u00f3n de aceites gourmet.  Semillas de lino: Ideales para la extracci\u00f3n de aceites saludables ricos en omega-3.  Semillas de ch\u00eda: Usadas para aceites saludables y cosm\u00e9ticos.  Semillas de calabaza: Perfectas para la extracci\u00f3n de aceite nutritivo.  Semillas de mostaza: Utilizadas para aceites especiales con fines culinarios y medicinales.  Semillas de c\u00e1\u00f1amo: Muy demandadas por sus propiedades nutritivas y cosm\u00e9ticas.  Semillas de soja: Populares para la producci\u00f3n de aceite en la industria alimentaria.  Semillas de man\u00ed (cacahuete): Usadas para la producci\u00f3n de aceites de cocina y gourmet.  Semillas de algod\u00f3n: Com\u00fan en la producci\u00f3n de aceite industrial y alimentario.  Nueces: Para aceites gourmet de alto valor a\u00f1adido.  oliva aceituna: solo puede extraer el aceite de la pulpa sin la semilla  Con esta m\u00e1quina el\u00e9ctrica para extracci\u00f3n de aceite, podr\u00e1s obtener aceites de alta calidad de una gran variedad de semillas. Tanto en procesos de extracci\u00f3n en fr\u00edo para conservar las propiedades nutritivas, como en caliente para maximizar el rendimiento, esta m\u00e1quina es una opci\u00f3n ideal para apicultores, tiendas de productos naturales, y peque\u00f1as f\u00e1bricas.  Si buscas una prensa de extracci\u00f3n de aceite profesional para semillas, esta m\u00e1quina es la soluci\u00f3n perfecta para extraer aceites de forma r\u00e1pida y eficiente. La capacidad de 3 kg a 6 kg por ciclo de procesamiento asegura que puedes adaptarte a diferentes vol\u00famenes de producci\u00f3n sin perder calidad.","og_url":"https:\/\/www.distribucionarc.com\/de\/producto\/extractor-prensa-de-aceite-electrico\/","og_site_name":"distribuci\u00f3n ARC","article_modified_time":"2024-09-05T16:38:38+00:00","og_image":[{"width":1600,"height":1600,"url":"https:\/\/distribucionarc.com\/wp-content\/uploads\/2020\/07\/Extractor-prensa-de-aceite-el\u00e9ctrico-0.jpg","type":"image\/jpeg"}],"twitter_card":"summary_large_image","twitter_misc":{"Timp estimat pentru citire":"2 minute"},"schema":{"@context":"https:\/\/schema.org","@graph":[{"@type":"WebPage","@id":"https:\/\/www.distribucionarc.com\/de\/producto\/extractor-prensa-de-aceite-electrico\/","url":"https:\/\/www.distribucionarc.com\/de\/producto\/extractor-prensa-de-aceite-electrico\/","name":"Extractor prese de ulei electric - distributie ARC","isPartOf":{"@id":"https:\/\/distribucionarc.com\/bg\/#website"},"primaryImageOfPage":{"@id":"https:\/\/www.distribucionarc.com\/de\/producto\/extractor-prensa-de-aceite-electrico\/#primaryimage"},"image":{"@id":"https:\/\/www.distribucionarc.com\/de\/producto\/extractor-prensa-de-aceite-electrico\/#primaryimage"},"thumbnailUrl":"https:\/\/distribucionarc.com\/wp-content\/uploads\/2020\/07\/Extractor-prensa-de-aceite-el\u00e9ctrico-0.jpg","datePublished":"2020-07-15T11:51:30+00:00","dateModified":"2024-09-05T16:38:38+00:00","breadcrumb":{"@id":"https:\/\/www.distribucionarc.com\/de\/producto\/extractor-prensa-de-aceite-electrico\/#breadcrumb"},"inLanguage":"ro-RO","potentialAction":[{"@type":"ReadAction","target":["https:\/\/www.distribucionarc.com\/de\/producto\/extractor-prensa-de-aceite-electrico\/"]}]},{"@type":"ImageObject","inLanguage":"ro-RO","@id":"https:\/\/www.distribucionarc.com\/de\/producto\/extractor-prensa-de-aceite-electrico\/#primaryimage","url":"https:\/\/distribucionarc.com\/wp-content\/uploads\/2020\/07\/Extractor-prensa-de-aceite-el\u00e9ctrico-0.jpg","contentUrl":"https:\/\/distribucionarc.com\/wp-content\/uploads\/2020\/07\/Extractor-prensa-de-aceite-el\u00e9ctrico-0.jpg","width":1600,"height":1600,"caption":"Extractor prensa de aceite el\u00e9ctrico"},{"@type":"BreadcrumbList","@id":"https:\/\/www.distribucionarc.com\/de\/producto\/extractor-prensa-de-aceite-electrico\/#breadcrumb","itemListElement":[{"@type":"ListItem","position":1,"name":"Portada","item":"https:\/\/distribucionarc.com\/el\/"},{"@type":"ListItem","position":2,"name":"Proizvodi","item":"https:\/\/www.distribucionarc.com\/hr\/ducan\/"},{"@type":"ListItem","position":3,"name":"Extractor prensa de aceite el\u00e9ctrico"}]},{"@type":"WebSite","@id":"https:\/\/distribucionarc.com\/bg\/#website","url":"https:\/\/distribucionarc.com\/bg\/","name":"Distribu\u021bie ARC","description":"Companie specializat\u0103 \u00een fabricarea \u0219i distribu\u021bia de utilaje industriale, ma\u0219ini de sigilat cutii, ma\u0219ini de fabricat tablete, ma\u0219ini de t\u0103iat carne...","publisher":{"@id":"https:\/\/distribucionarc.com\/bg\/#organization"},"potentialAction":[{"@type":"SearchAction","target":{"@type":"EntryPoint","urlTemplate":"https:\/\/distribucionarc.com\/bg\/?s={search_term_string}"},"query-input":{"@type":"PropertyValueSpecification","valueRequired":true,"valueName":"search_term_string"}}],"inLanguage":"ro-RO"},{"@type":"Organization","@id":"https:\/\/distribucionarc.com\/bg\/#organization","name":"Distribu\u021bie ARC","url":"https:\/\/distribucionarc.com\/bg\/","logo":{"@type":"ImageObject","inLanguage":"ro-RO","@id":"https:\/\/distribucionarc.com\/bg\/#\/schema\/logo\/image\/","url":"https:\/\/distribucionarc.com\/wp-content\/uploads\/2024\/10\/distribucion-ARC-COLOR-SIN-FONDO-e1732295305345.png","contentUrl":"https:\/\/distribucionarc.com\/wp-content\/uploads\/2024\/10\/distribucion-ARC-COLOR-SIN-FONDO-e1732295305345.png","width":1164,"height":558,"caption":"Distribuci\u00f3n ARC"},"image":{"@id":"https:\/\/distribucionarc.com\/bg\/#\/schema\/logo\/image\/"},"description":"Companie specializat\u0103 \u00een fabricarea \u0219i distribu\u021bia de utilaje industriale pentru sectoarele alimentar \u0219i farmaceutic. Suntem specializa\u021bi \u00een: Ma\u0219ini de t\u0103iat carne Fabricarea tabletelor Sisteme de transport industrial Linii de \u00eembuteliere Distribuitoare \u0218i multe altele... Oferim solu\u021bii inovatoare \u0219i personalizate pentru a optimiza procesele de produc\u021bie ale companiei dumneavoastr\u0103.","email":"Admistracion@distribucionarc.com","telephone":"+34 643496664","legalName":"ARC TECH SOLUTIONS","foundingDate":"2024-04-09","vatID":"B55480172","numberOfEmployees":{"@type":"QuantitativeValue","minValue":"1","maxValue":"10"}}]}},"_links":{"self":[{"href":"https:\/\/distribucionarc.com\/ro\/wp-json\/wp\/v2\/product\/952","targetHints":{"allow":["GET"]}}],"collection":[{"href":"https:\/\/distribucionarc.com\/ro\/wp-json\/wp\/v2\/product"}],"about":[{"href":"https:\/\/distribucionarc.com\/ro\/wp-json\/wp\/v2\/types\/product"}],"replies":[{"embeddable":true,"href":"https:\/\/distribucionarc.com\/ro\/wp-json\/wp\/v2\/comments?post=952"}],"version-history":[{"count":0,"href":"https:\/\/distribucionarc.com\/ro\/wp-json\/wp\/v2\/product\/952\/revisions"}],"wp:featuredmedia":[{"embeddable":true,"href":"https:\/\/distribucionarc.com\/ro\/wp-json\/wp\/v2\/media\/963"}],"wp:attachment":[{"href":"https:\/\/distribucionarc.com\/ro\/wp-json\/wp\/v2\/media?parent=952"}],"wp:term":[{"taxonomy":"product_brand","embeddable":true,"href":"https:\/\/distribucionarc.com\/ro\/wp-json\/wp\/v2\/product_brand?post=952"},{"taxonomy":"product_cat","embeddable":true,"href":"https:\/\/distribucionarc.com\/ro\/wp-json\/wp\/v2\/product_cat?post=952"},{"taxonomy":"product_tag","embeddable":true,"href":"https:\/\/distribucionarc.com\/ro\/wp-json\/wp\/v2\/product_tag?post=952"}],"curies":[{"name":"wp","href":"https:\/\/api.w.org\/{rel}","templated":true}]}}