{"id":983,"date":"2020-07-15T15:30:51","date_gmt":"2020-07-15T15:30:51","guid":{"rendered":"https:\/\/distribucionarc.com\/?post_type=product&#038;p=983"},"modified":"2024-09-05T17:41:15","modified_gmt":"2024-09-05T17:41:15","slug":"vafe-maker-profesional-dublu","status":"publish","type":"product","link":"https:\/\/distribucionarc.com\/ro\/producto\/gofrera-profesional-doble\/","title":{"rendered":"Aparat de vafe profesional dublu"},"content":{"rendered":"<h3>Aparat de vafe profesional dublu<\/h3>\n<p>The <strong>Aparat de vafe profesional dublu<\/strong> de <strong><span style=\"color: #ff0000;\">LA<\/span><span style=\"color: #0000ff;\">R<\/span>c<\/strong>, adopt\u0103 un design cu cap dublu, f\u0103c\u00e2nd procesul de g\u0103tit de <strong>vafe<\/strong> fi mai eficient \u0219i mai profitabil. Puterea suficient\u0103 de 1000 W pentru fiecare matri\u021b\u0103 ofer\u0103 o \u00eenc\u0103lzire continu\u0103 la 360 de grade \u0219i o experien\u021b\u0103 mai bun\u0103 de coacere. \u0218i ei contribuie \u0219i mai mult<span style=\"color: #008000;\"><strong>performan\u021b\u0103 energetic\u0103 eficient\u0103<\/strong><\/span> al <strong>aparat de vafe profesional<\/strong>.<\/p>\n<p>Fiecare cap este controlat independent cu butoane netede. Temperatura variaz\u0103 \u00eentre 50 \u0219i 300 \u00b0 C cu lumin\u0103 LED care arat\u0103 starea de func\u021bionare. The <strong>aparat de vafe profesional <span style=\"color: #ff0000;\">LA<\/span><span style=\"color: #0000ff;\">R<\/span>CMGE1<\/strong> Are un cronometru precis de maxim 5 minute, cu o alarma clara si melodioasa cand vafele sunt gata.<\/p>\n<p>Fiecare cap al <strong>aparat de vafe profesional<\/strong> Adopt\u0103 dou\u0103 matri\u021be (superioar\u0103 \u0219i inferioar\u0103). \u00cempreun\u0103 formeaz\u0103 vafe delicioase. Ambele matri\u021be v\u0103 asigur\u0103 o \u00eenc\u0103lzire uniform\u0103. Suprafa\u021ba de g\u0103tit acoperit\u0103 cu teflon este antiaderent\u0103 \u0219i face ma\u0219ina u\u0219or de cur\u0103\u021bat. <strong>vafe<\/strong>.<\/p>\n<p>Suportul din spate \u00eengro\u0219at conecteaz\u0103 matri\u021ba cu <strong>aparatul de vafe<\/strong>, suportul frontal adopt\u0103 o structur\u0103 triunghiular\u0103 stabil\u0103. Un astfel de design \u00eembun\u0103t\u0103\u021be\u0219te nivelul de siguran\u021b\u0103, mai durabil \u0219i face ca<strong> aparat de vafe <span style=\"color: #ff0000;\">LA<\/span><span style=\"color: #0000ff;\">R<\/span>CMGE1<\/strong> Ob\u021bine\u021bi un design func\u021bional, care este \u0219i elegant din punct de vedere estetic. Set de m\u00e2nere gros din o\u021bel inoxidabil pentru prindere u\u0219oar\u0103 \u0219i utilizare f\u0103r\u0103 efort. Utilizarea unui material bun de disipare a c\u0103ldurii asigur\u0103 c\u0103 temperatura acestuia nu este prea ridicat\u0103. Protejeaz\u0103 utilizatorul de arsuri.<\/p>\n<p>Cu <strong>Aparat profesional de vafe<\/strong> de <strong><span style=\"color: #ff0000;\">LA<span style=\"color: #0000ff;\">R<\/span><\/span>c<\/strong> vei primi ceva <strong>Vafe<\/strong> rotund, cu un interior moale \u0219i exterior crocant, cu un postgust nesf\u00e2r\u0219it. Ciocolata, bomboane \u0219i alte decora\u021biuni pot fi ad\u0103ugate liber pentru a ad\u0103uga arom\u0103.<\/p>\n<p>&nbsp;<\/p>\n<h6><strong>garan\u021bie\u00a0<span style=\"color: #ff0000;\">LA<\/span><span style=\"color: #0000ff;\">R<\/span>C 2 ANI<\/strong><\/h6>\n<h6><span style=\"color: #008000;\">Aparat de vafe profesional dublu, consum redus 1000w<\/span><\/h6>\n<h6><strong>suport tehnic inclus.<\/strong><\/h6>\n<p>&nbsp;<\/p>\n<p>&nbsp;<\/p>\n<table role=\"presentation\" width=\"100%\" cellspacing=\"0\" cellpadding=\"0\">\n<tbody>\n<tr>\n<td class=\"attrLabels\">Temperatur\u0103:<\/td>\n<td width=\"50.0%\">50-300\u00baC<\/td>\n<\/tr>\n<tr>\n<td class=\"attrLabels\">\u021aara de distribu\u021bie:<\/td>\n<td width=\"50.0%\">Spania, Germania, SUA<\/td>\n<td class=\"attrLabels\">Greutate:<\/td>\n<td width=\"50.0%\">18,5 kg<\/td>\n<\/tr>\n<tr>\n<td class=\"attrLabels\">Marca:<\/td>\n<td width=\"50.0%\">ARC<\/td>\n<td class=\"attrLabels\">\u00cen\u0103l\u0163ime:<\/td>\n<td width=\"50.0%\">45 cm<\/td>\n<\/tr>\n<tr>\n<td class=\"attrLabels\">Culoare:<\/td>\n<td width=\"50.0%\">Argint<\/td>\n<td class=\"attrLabels\">Lung:<\/td>\n<td width=\"50.0%\">62 cm<\/td>\n<\/tr>\n<tr>\n<td class=\"attrLabels\">Tip produs:<\/td>\n<td width=\"50.0%\">Aparat de vafe profesional dublu<\/td>\n<td class=\"attrLabels\">Larg:<\/td>\n<td width=\"50.0%\">35 cm<\/td>\n<\/tr>\n<tr>\n<td class=\"attrLabels\">Numar producator:<\/td>\n<td width=\"50.0%\">ARCMGE1<\/td>\n<td class=\"attrLabels\">Putere:<\/td>\n<td width=\"50.0%\">1000W<\/td>\n<\/tr>\n<tr>\n<td class=\"attrLabels\">Material:<\/td>\n<td width=\"50.0%\">otel inoxidabil, placa de teflon, control al temperaturii<\/td>\n<td class=\"attrLabels\">tensiune de intrare<\/td>\n<td width=\"50.0%\">220V \u2013 60Hz<\/td>\n<\/tr>\n<tr>\n<td class=\"attrLabels\">Dimensiunea vafei:<\/td>\n<td width=\"50.0%\">\u00a018 cm diametru<\/td>\n<td class=\"attrLabels\">Garantie:<\/td>\n<td width=\"50.0%\">2 ANI<\/td>\n<\/tr>\n<tr>\n<td class=\"attrLabels\">Instrumente de instalare:<\/td>\n<td width=\"50.0%\">Da<\/td>\n<td class=\"attrLabels\">Productie:<\/td>\n<td width=\"50.0%\">2 buc\u0103\u021bi<\/td>\n<\/tr>\n<\/tbody>\n<\/table>","protected":false},"excerpt":{"rendered":"<div class=\"flex-shrink-0 flex flex-col relative items-end\">\n<div>\n<div class=\"pt-0\">\n<div class=\"gizmo-bot-avatar flex h-8 w-8 items-center justify-center overflow-hidden rounded-full\"><\/div>\n<\/div>\n<\/div>\n<\/div>\n<div class=\"group\/conversation-turn relative flex w-full min-w-0 flex-col agent-turn\">\n<div class=\"flex-col gap-1 md:gap-3\">\n<div class=\"flex max-w-full flex-col flex-grow\">\n<div class=\"min-h-[20px] text-message flex w-full flex-col items-end gap-2 break-words [.text-message+&amp;]:mt-5 overflow-x-auto whitespace-normal\" dir=\"auto\" data-message-author-role=\"assistant\" data-message-id=\"feda014c-c5d2-4115-8ea5-ca39a495231a\">\n<div class=\"flex w-full flex-col gap-1 empty:hidden first:pt-[3px]\">\n<div class=\"markdown prose w-full break-words dark:prose-invert light\">\n<p>&nbsp;<\/p>\n<h2><strong>M\u00e1quina para hacer gofres doble profesional el\u00e9ctrica \u2013 1200W<\/strong><\/h2>\n<p>La <strong>m\u00e1quina para hacer gofres doble profesional el\u00e9ctrica<\/strong> es la herramienta perfecta para aquellos negocios que buscan ofrecer productos de alta calidad de manera eficiente. Con una potencia de <strong>1200 vatios (W)<\/strong>, esta gofrera permite preparar gofres de manera r\u00e1pida y uniforme, garantizando un acabado dorado y crujiente.<\/p>\n<h3>Productos que puedes hacer con esta <strong>gofrera profesional<\/strong>:<\/h3>\n<ul>\n<li><strong>Gofres tradicionales<\/strong>: Crujientes por fuera y esponjosos por dentro, perfectos para servir con miel, chocolate o frutas.<\/li>\n<li><strong>Gofres belgas<\/strong>: De mayor tama\u00f1o y con una textura m\u00e1s ligera, ideales para postres gourmet.<\/li>\n<li><strong>Gofres salados<\/strong>: Como gofres de queso, espinacas o con jam\u00f3n, perfectos para desayunos o brunches.<\/li>\n<li><strong>Gofres de masa integral o sin gluten<\/strong>: Adaptados para diferentes necesidades diet\u00e9ticas, ideales para cafeter\u00edas y restaurantes con men\u00fas saludables.<\/li>\n<\/ul>\n<h3>Sectores donde puedes implementar esta <strong>gofrera doble profesional<\/strong>:<\/h3>\n<ul>\n<li><strong>Cafeter\u00edas<\/strong>: Ofrece gofres como parte de un men\u00fa variado de desayunos o meriendas.<\/li>\n<li><strong>Restaurantes<\/strong>: Ideal para crear postres personalizados y atractivos para los comensales.<\/li>\n<li><strong>Food trucks<\/strong>: Perfecta para preparar gofres frescos y calientes en eventos o ferias.<\/li>\n<li><strong>Pasteler\u00edas y panader\u00edas<\/strong>: A\u00f1ade gofres frescos a tu oferta de productos dulces.<\/li>\n<li><strong>Hoteles y buffets<\/strong>: La rapidez y eficiencia de esta <strong>gofrera el\u00e9ctrica<\/strong> te permite servir gofres calientes en el desayuno sin problemas.<\/li>\n<\/ul>\n<p>Gracias a su dise\u00f1o <strong>doble<\/strong>, esta m\u00e1quina permite preparar dos gofres al mismo tiempo, lo que maximiza la productividad en entornos comerciales. Su placa antiadherente facilita la limpieza, lo que la convierte en una herramienta imprescindible para cualquier negocio que quiera incorporar gofres en su men\u00fa.<\/p>\n<p>Si est\u00e1s buscando una <strong>gofrera profesional el\u00e9ctrica<\/strong> que combine potencia, eficiencia y durabilidad, esta m\u00e1quina de <strong>1200W<\/strong> es la elecci\u00f3n perfecta para cualquier negocio que busque ofrecer productos de calidad de forma r\u00e1pida y consistente.<\/p>\n<\/div>\n<\/div>\n<\/div>\n<\/div>\n<\/div>\n<\/div>\n","protected":false},"featured_media":992,"comment_status":"open","ping_status":"closed","template":"","meta":{"wds_primary_product_brand":0,"wds_primary_product_cat":0},"product_brand":[],"product_cat":[51],"product_tag":[],"class_list":{"0":"post-983","1":"product","2":"type-product","3":"status-publish","4":"has-post-thumbnail","6":"product_cat-gofreras-profesionales","8":"first","9":"instock","10":"taxable","11":"shipping-taxable","12":"purchasable","13":"product-type-simple"},"yoast_head":"<!-- This site is optimized with the Yoast SEO Premium plugin v24.9 (Yoast SEO v26.1) - https:\/\/yoast.com\/wordpress\/plugins\/seo\/ -->\n<title>Gofrera profesional doble - distribuci\u00f3n ARC<\/title>\n<meta name=\"robots\" content=\"index, follow, max-snippet:-1, max-image-preview:large, max-video-preview:-1\" \/>\n<link rel=\"canonical\" href=\"https:\/\/www.distribucionarc.com\/fr\/producto\/gofrera-profesional-doble\/\" \/>\n<meta property=\"og:locale\" content=\"ro_RO\" \/>\n<meta property=\"og:type\" content=\"article\" \/>\n<meta property=\"og:title\" content=\"Gofrera profesional doble\" \/>\n<meta property=\"og:description\" content=\"&nbsp; M\u00e1quina para hacer gofres doble profesional el\u00e9ctrica \u2013 1200W La m\u00e1quina para hacer gofres doble profesional el\u00e9ctrica es la herramienta perfecta para aquellos negocios que buscan ofrecer productos de alta calidad de manera eficiente. Con una potencia de 1200 vatios (W), esta gofrera permite preparar gofres de manera r\u00e1pida y uniforme, garantizando un acabado dorado y crujiente. Productos que puedes hacer con esta gofrera profesional:   Gofres tradicionales: Crujientes por fuera y esponjosos por dentro, perfectos para servir con miel, chocolate o frutas.  Gofres belgas: De mayor tama\u00f1o y con una textura m\u00e1s ligera, ideales para postres gourmet.  Gofres salados: Como gofres de queso, espinacas o con jam\u00f3n, perfectos para desayunos o brunches.  Gofres de masa integral o sin gluten: Adaptados para diferentes necesidades diet\u00e9ticas, ideales para cafeter\u00edas y restaurantes con men\u00fas saludables.  Sectores donde puedes implementar esta gofrera doble profesional:   Cafeter\u00edas: Ofrece gofres como parte de un men\u00fa variado de desayunos o meriendas.  Restaurantes: Ideal para crear postres personalizados y atractivos para los comensales.  Food trucks: Perfecta para preparar gofres frescos y calientes en eventos o ferias.  Pasteler\u00edas y panader\u00edas: A\u00f1ade gofres frescos a tu oferta de productos dulces.  Hoteles y buffets: La rapidez y eficiencia de esta gofrera el\u00e9ctrica te permite servir gofres calientes en el desayuno sin problemas.  Gracias a su dise\u00f1o doble, esta m\u00e1quina permite preparar dos gofres al mismo tiempo, lo que maximiza la productividad en entornos comerciales. Su placa antiadherente facilita la limpieza, lo que la convierte en una herramienta imprescindible para cualquier negocio que quiera incorporar gofres en su men\u00fa.  Si est\u00e1s buscando una gofrera profesional el\u00e9ctrica que combine potencia, eficiencia y durabilidad, esta m\u00e1quina de 1200W es la elecci\u00f3n perfecta para cualquier negocio que busque ofrecer productos de calidad de forma r\u00e1pida y consistente.\" \/>\n<meta property=\"og:url\" content=\"https:\/\/www.distribucionarc.com\/fr\/producto\/gofrera-profesional-doble\/\" \/>\n<meta property=\"og:site_name\" content=\"distribuci\u00f3n ARC\" \/>\n<meta property=\"article:modified_time\" content=\"2024-09-05T17:41:15+00:00\" \/>\n<meta property=\"og:image\" content=\"https:\/\/www.distribucionarc.com\/wp-content\/uploads\/2020\/07\/Gofrera-profesional-doble-0.jpg\" \/>\n\t<meta property=\"og:image:width\" content=\"1600\" \/>\n\t<meta property=\"og:image:height\" content=\"1600\" \/>\n\t<meta property=\"og:image:type\" content=\"image\/jpeg\" \/>\n<meta name=\"twitter:card\" content=\"summary_large_image\" \/>\n<meta name=\"twitter:label1\" content=\"Timp estimat pentru citire\" \/>\n\t<meta name=\"twitter:data1\" content=\"2 minute\" \/>\n<script type=\"application\/ld+json\" class=\"yoast-schema-graph\">{\"@context\":\"https:\/\/schema.org\",\"@graph\":[{\"@type\":\"WebPage\",\"@id\":\"https:\/\/www.distribucionarc.com\/fr\/producto\/gofrera-profesional-doble\/\",\"url\":\"https:\/\/www.distribucionarc.com\/fr\/producto\/gofrera-profesional-doble\/\",\"name\":\"Gofrera profesional doble - distribuci\u00f3n ARC\",\"isPartOf\":{\"@id\":\"https:\/\/distribucionarc.com\/de\/#website\"},\"primaryImageOfPage\":{\"@id\":\"https:\/\/www.distribucionarc.com\/fr\/producto\/gofrera-profesional-doble\/#primaryimage\"},\"image\":{\"@id\":\"https:\/\/www.distribucionarc.com\/fr\/producto\/gofrera-profesional-doble\/#primaryimage\"},\"thumbnailUrl\":\"https:\/\/distribucionarc.com\/wp-content\/uploads\/2020\/07\/Gofrera-profesional-doble-0.jpg\",\"datePublished\":\"2020-07-15T15:30:51+00:00\",\"dateModified\":\"2024-09-05T17:41:15+00:00\",\"breadcrumb\":{\"@id\":\"https:\/\/www.distribucionarc.com\/fr\/producto\/gofrera-profesional-doble\/#breadcrumb\"},\"inLanguage\":\"ro-RO\",\"potentialAction\":[{\"@type\":\"ReadAction\",\"target\":[\"https:\/\/www.distribucionarc.com\/fr\/producto\/gofrera-profesional-doble\/\"]}]},{\"@type\":\"ImageObject\",\"inLanguage\":\"ro-RO\",\"@id\":\"https:\/\/www.distribucionarc.com\/fr\/producto\/gofrera-profesional-doble\/#primaryimage\",\"url\":\"https:\/\/distribucionarc.com\/wp-content\/uploads\/2020\/07\/Gofrera-profesional-doble-0.jpg\",\"contentUrl\":\"https:\/\/distribucionarc.com\/wp-content\/uploads\/2020\/07\/Gofrera-profesional-doble-0.jpg\",\"width\":1600,\"height\":1600,\"caption\":\"Gofrera profesional doble\"},{\"@type\":\"BreadcrumbList\",\"@id\":\"https:\/\/www.distribucionarc.com\/fr\/producto\/gofrera-profesional-doble\/#breadcrumb\",\"itemListElement\":[{\"@type\":\"ListItem\",\"position\":1,\"name\":\"Portada\",\"item\":\"https:\/\/distribucionarc.com\/pl\/\"},{\"@type\":\"ListItem\",\"position\":2,\"name\":\"Produkty\",\"item\":\"https:\/\/distribucionarc.com\/pl\/shop\/\"},{\"@type\":\"ListItem\",\"position\":3,\"name\":\"Gofrera profesional doble\"}]},{\"@type\":\"WebSite\",\"@id\":\"https:\/\/distribucionarc.com\/de\/#website\",\"url\":\"https:\/\/distribucionarc.com\/de\/\",\"name\":\"distribuci\u00f3n ARC\",\"description\":\"Empresa especializada en la fabricaci\u00f3n y distribuci\u00f3n de maquinaria industrial, selladoras de latas, Maquinas de hacer pastillas, Maquinas de cortar carne...\",\"publisher\":{\"@id\":\"https:\/\/distribucionarc.com\/de\/#organization\"},\"potentialAction\":[{\"@type\":\"SearchAction\",\"target\":{\"@type\":\"EntryPoint\",\"urlTemplate\":\"https:\/\/distribucionarc.com\/de\/?s={search_term_string}\"},\"query-input\":{\"@type\":\"PropertyValueSpecification\",\"valueRequired\":true,\"valueName\":\"search_term_string\"}}],\"inLanguage\":\"ro-RO\"},{\"@type\":\"Organization\",\"@id\":\"https:\/\/distribucionarc.com\/de\/#organization\",\"name\":\"Distribuci\u00f3n ARC\",\"url\":\"https:\/\/distribucionarc.com\/de\/\",\"logo\":{\"@type\":\"ImageObject\",\"inLanguage\":\"ro-RO\",\"@id\":\"https:\/\/distribucionarc.com\/de\/#\/schema\/logo\/image\/\",\"url\":\"https:\/\/distribucionarc.com\/wp-content\/uploads\/2024\/10\/distribucion-ARC-COLOR-SIN-FONDO-e1732295305345.png\",\"contentUrl\":\"https:\/\/distribucionarc.com\/wp-content\/uploads\/2024\/10\/distribucion-ARC-COLOR-SIN-FONDO-e1732295305345.png\",\"width\":1164,\"height\":558,\"caption\":\"Distribuci\u00f3n ARC\"},\"image\":{\"@id\":\"https:\/\/distribucionarc.com\/de\/#\/schema\/logo\/image\/\"},\"description\":\"Empresa especializada en la fabricaci\u00f3n y distribuci\u00f3n de maquinaria industrial para los sectores alimentario y farmac\u00e9utico. Nos especializamos en: M\u00e1quinas de cortar carne Fabricaci\u00f3n de comprimidos Sistemas de transporte industrial L\u00edneas de embotellado Dosificadores Y mucho m\u00e1s... Ofrecemos soluciones innovadoras y personalizadas para optimizar los procesos productivos de tu empresa.\",\"email\":\"Admistracion@distribucionarc.com\",\"telephone\":\"+34 643496664\",\"legalName\":\"ARC TECH SOLUTIONS\",\"foundingDate\":\"2024-04-09\",\"vatID\":\"B55480172\",\"numberOfEmployees\":{\"@type\":\"QuantitativeValue\",\"minValue\":\"1\",\"maxValue\":\"10\"}}]}<\/script>\n<!-- \/ Yoast SEO Premium plugin. -->","yoast_head_json":{"title":"Aparat de vafe profesional dublu - distributie ARC","robots":{"index":"index","follow":"follow","max-snippet":"max-snippet:-1","max-image-preview":"max-image-preview:large","max-video-preview":"max-video-preview:-1"},"canonical":"https:\/\/www.distribucionarc.com\/fr\/producto\/gofrera-profesional-doble\/","og_locale":"ro_RO","og_type":"article","og_title":"Gofrera profesional doble","og_description":"&nbsp; M\u00e1quina para hacer gofres doble profesional el\u00e9ctrica \u2013 1200W La m\u00e1quina para hacer gofres doble profesional el\u00e9ctrica es la herramienta perfecta para aquellos negocios que buscan ofrecer productos de alta calidad de manera eficiente. Con una potencia de 1200 vatios (W), esta gofrera permite preparar gofres de manera r\u00e1pida y uniforme, garantizando un acabado dorado y crujiente. Productos que puedes hacer con esta gofrera profesional:   Gofres tradicionales: Crujientes por fuera y esponjosos por dentro, perfectos para servir con miel, chocolate o frutas.  Gofres belgas: De mayor tama\u00f1o y con una textura m\u00e1s ligera, ideales para postres gourmet.  Gofres salados: Como gofres de queso, espinacas o con jam\u00f3n, perfectos para desayunos o brunches.  Gofres de masa integral o sin gluten: Adaptados para diferentes necesidades diet\u00e9ticas, ideales para cafeter\u00edas y restaurantes con men\u00fas saludables.  Sectores donde puedes implementar esta gofrera doble profesional:   Cafeter\u00edas: Ofrece gofres como parte de un men\u00fa variado de desayunos o meriendas.  Restaurantes: Ideal para crear postres personalizados y atractivos para los comensales.  Food trucks: Perfecta para preparar gofres frescos y calientes en eventos o ferias.  Pasteler\u00edas y panader\u00edas: A\u00f1ade gofres frescos a tu oferta de productos dulces.  Hoteles y buffets: La rapidez y eficiencia de esta gofrera el\u00e9ctrica te permite servir gofres calientes en el desayuno sin problemas.  Gracias a su dise\u00f1o doble, esta m\u00e1quina permite preparar dos gofres al mismo tiempo, lo que maximiza la productividad en entornos comerciales. Su placa antiadherente facilita la limpieza, lo que la convierte en una herramienta imprescindible para cualquier negocio que quiera incorporar gofres en su men\u00fa.  Si est\u00e1s buscando una gofrera profesional el\u00e9ctrica que combine potencia, eficiencia y durabilidad, esta m\u00e1quina de 1200W es la elecci\u00f3n perfecta para cualquier negocio que busque ofrecer productos de calidad de forma r\u00e1pida y consistente.","og_url":"https:\/\/www.distribucionarc.com\/fr\/producto\/gofrera-profesional-doble\/","og_site_name":"distribuci\u00f3n ARC","article_modified_time":"2024-09-05T17:41:15+00:00","og_image":[{"width":1600,"height":1600,"url":"https:\/\/www.distribucionarc.com\/wp-content\/uploads\/2020\/07\/Gofrera-profesional-doble-0.jpg","type":"image\/jpeg"}],"twitter_card":"summary_large_image","twitter_misc":{"Timp estimat pentru citire":"2 minute"},"schema":{"@context":"https:\/\/schema.org","@graph":[{"@type":"WebPage","@id":"https:\/\/www.distribucionarc.com\/fr\/producto\/gofrera-profesional-doble\/","url":"https:\/\/www.distribucionarc.com\/fr\/producto\/gofrera-profesional-doble\/","name":"Aparat de vafe profesional dublu - distributie ARC","isPartOf":{"@id":"https:\/\/distribucionarc.com\/de\/#website"},"primaryImageOfPage":{"@id":"https:\/\/www.distribucionarc.com\/fr\/producto\/gofrera-profesional-doble\/#primaryimage"},"image":{"@id":"https:\/\/www.distribucionarc.com\/fr\/producto\/gofrera-profesional-doble\/#primaryimage"},"thumbnailUrl":"https:\/\/distribucionarc.com\/wp-content\/uploads\/2020\/07\/Gofrera-profesional-doble-0.jpg","datePublished":"2020-07-15T15:30:51+00:00","dateModified":"2024-09-05T17:41:15+00:00","breadcrumb":{"@id":"https:\/\/www.distribucionarc.com\/fr\/producto\/gofrera-profesional-doble\/#breadcrumb"},"inLanguage":"ro-RO","potentialAction":[{"@type":"ReadAction","target":["https:\/\/www.distribucionarc.com\/fr\/producto\/gofrera-profesional-doble\/"]}]},{"@type":"ImageObject","inLanguage":"ro-RO","@id":"https:\/\/www.distribucionarc.com\/fr\/producto\/gofrera-profesional-doble\/#primaryimage","url":"https:\/\/distribucionarc.com\/wp-content\/uploads\/2020\/07\/Gofrera-profesional-doble-0.jpg","contentUrl":"https:\/\/distribucionarc.com\/wp-content\/uploads\/2020\/07\/Gofrera-profesional-doble-0.jpg","width":1600,"height":1600,"caption":"Gofrera profesional doble"},{"@type":"BreadcrumbList","@id":"https:\/\/www.distribucionarc.com\/fr\/producto\/gofrera-profesional-doble\/#breadcrumb","itemListElement":[{"@type":"ListItem","position":1,"name":"Portada","item":"https:\/\/distribucionarc.com\/pl\/"},{"@type":"ListItem","position":2,"name":"Produkty","item":"https:\/\/distribucionarc.com\/pl\/shop\/"},{"@type":"ListItem","position":3,"name":"Gofrera profesional doble"}]},{"@type":"WebSite","@id":"https:\/\/distribucionarc.com\/de\/#website","url":"https:\/\/distribucionarc.com\/de\/","name":"Distribu\u021bie ARC","description":"Companie specializat\u0103 \u00een fabricarea \u0219i distribu\u021bia de utilaje industriale, ma\u0219ini de sigilat cutii, ma\u0219ini de fabricat tablete, ma\u0219ini de t\u0103iat carne...","publisher":{"@id":"https:\/\/distribucionarc.com\/de\/#organization"},"potentialAction":[{"@type":"SearchAction","target":{"@type":"EntryPoint","urlTemplate":"https:\/\/distribucionarc.com\/de\/?s={search_term_string}"},"query-input":{"@type":"PropertyValueSpecification","valueRequired":true,"valueName":"search_term_string"}}],"inLanguage":"ro-RO"},{"@type":"Organization","@id":"https:\/\/distribucionarc.com\/de\/#organization","name":"Distribu\u021bie ARC","url":"https:\/\/distribucionarc.com\/de\/","logo":{"@type":"ImageObject","inLanguage":"ro-RO","@id":"https:\/\/distribucionarc.com\/de\/#\/schema\/logo\/image\/","url":"https:\/\/distribucionarc.com\/wp-content\/uploads\/2024\/10\/distribucion-ARC-COLOR-SIN-FONDO-e1732295305345.png","contentUrl":"https:\/\/distribucionarc.com\/wp-content\/uploads\/2024\/10\/distribucion-ARC-COLOR-SIN-FONDO-e1732295305345.png","width":1164,"height":558,"caption":"Distribuci\u00f3n ARC"},"image":{"@id":"https:\/\/distribucionarc.com\/de\/#\/schema\/logo\/image\/"},"description":"Companie specializat\u0103 \u00een fabricarea \u0219i distribu\u021bia de utilaje industriale pentru sectoarele alimentar \u0219i farmaceutic. Suntem specializa\u021bi \u00een: Ma\u0219ini de t\u0103iat carne Fabricarea tabletelor Sisteme de transport industrial Linii de \u00eembuteliere Distribuitoare \u0218i multe altele... Oferim solu\u021bii inovatoare \u0219i personalizate pentru a optimiza procesele de produc\u021bie ale companiei dumneavoastr\u0103.","email":"Admistracion@distribucionarc.com","telephone":"+34 643496664","legalName":"ARC TECH SOLUTIONS","foundingDate":"2024-04-09","vatID":"B55480172","numberOfEmployees":{"@type":"QuantitativeValue","minValue":"1","maxValue":"10"}}]}},"_links":{"self":[{"href":"https:\/\/distribucionarc.com\/ro\/wp-json\/wp\/v2\/product\/983","targetHints":{"allow":["GET"]}}],"collection":[{"href":"https:\/\/distribucionarc.com\/ro\/wp-json\/wp\/v2\/product"}],"about":[{"href":"https:\/\/distribucionarc.com\/ro\/wp-json\/wp\/v2\/types\/product"}],"replies":[{"embeddable":true,"href":"https:\/\/distribucionarc.com\/ro\/wp-json\/wp\/v2\/comments?post=983"}],"version-history":[{"count":0,"href":"https:\/\/distribucionarc.com\/ro\/wp-json\/wp\/v2\/product\/983\/revisions"}],"wp:featuredmedia":[{"embeddable":true,"href":"https:\/\/distribucionarc.com\/ro\/wp-json\/wp\/v2\/media\/992"}],"wp:attachment":[{"href":"https:\/\/distribucionarc.com\/ro\/wp-json\/wp\/v2\/media?parent=983"}],"wp:term":[{"taxonomy":"product_brand","embeddable":true,"href":"https:\/\/distribucionarc.com\/ro\/wp-json\/wp\/v2\/product_brand?post=983"},{"taxonomy":"product_cat","embeddable":true,"href":"https:\/\/distribucionarc.com\/ro\/wp-json\/wp\/v2\/product_cat?post=983"},{"taxonomy":"product_tag","embeddable":true,"href":"https:\/\/distribucionarc.com\/ro\/wp-json\/wp\/v2\/product_tag?post=983"}],"curies":[{"name":"wp","href":"https:\/\/api.w.org\/{rel}","templated":true}]}}