{"id":997,"date":"2020-07-15T16:59:51","date_gmt":"2020-07-15T16:59:51","guid":{"rendered":"https:\/\/distribucionarc.com\/?post_type=product&#038;p=997"},"modified":"2024-09-05T18:13:08","modified_gmt":"2024-09-05T18:13:08","slug":"fereastra-de-afisare-fierbinte","status":"publish","type":"product","link":"https:\/\/distribucionarc.com\/ro\/producto\/vitrina-expositora-caliente\/","title":{"rendered":"Vitrina fierbinte normal\u0103"},"content":{"rendered":"<h3>Vitrina fierbinte normal\u0103<\/h3>\n<p>Dac\u0103 sunte\u021bi \u00een c\u0103utarea solu\u021biei perfecte pentru a v\u0103 men\u021bine alimentele calde la temperaturi de servire timp de c\u00e2teva ore \u00een zonele de \u201eafi\u0219are \u0219i v\u00e2nzare\u201d, sunte\u021bi \u00een c\u0103utarea<strong> \u00eenc\u0103lzitoare<\/strong> \u015fi <strong>vitrine cu alimente calde<\/strong> de <strong><span style=\"color: #ff0000;\">LA<\/span><span style=\"color: #0000ff;\">R<\/span>c<\/strong>. The <strong>vitrin\u0103 fierbinte<\/strong> de <strong><span style=\"color: #ff0000;\">LA<\/span><span style=\"color: #0000ff;\">R<\/span>c<\/strong> ofer\u0103 solu\u021bii de echipare pentru cafenele, bufete, magazine \u0219i restaurante.<\/p>\n<p>Acest <strong>vitrin\u0103<\/strong> <strong>fierbinte <span style=\"color: #ff0000;\">LA<\/span><span style=\"color: #0000ff;\">R<\/span>c<\/strong> Blatul are un cadru robust din o\u021bel inoxidabil, pere\u021bi din sticl\u0103 c\u0103lit\u0103 \u0219i u\u0219i din acril. Cu stabilitate ridicat\u0103 \u0219i vizibilitate \u00eembun\u0103t\u0103\u021bit\u0103. Vine cu u\u0219i u\u0219or de deschis, sticl\u0103 c\u0103lit\u0103 combinat\u0103 cu un sistem de \u00eenchidere magnetic\u0103. Ofer\u0103 etan\u0219are \u00eembun\u0103t\u0103\u021bit\u0103 a u\u0219ii.<\/p>\n<p>The <strong>vitrin\u0103 fierbinte <span style=\"color: #ff0000;\">LA<\/span><span style=\"color: #0000ff;\">R<\/span>CVEC1<\/strong> Are un buton rotativ de control termostatic, care v\u0103 permite s\u0103 alege\u021bi temperatura cea mai potrivit\u0103 pentru diferite tipuri de alimente. Cele dou\u0103 straturi de co\u0219uri sunt formate din 2 t\u0103vi din o\u021bel inoxidabil cu dimensiunile 19,5 x 17,5 cm. T\u0103vile pot fi glisate \u00een\u0103untru \u0219i \u00een afar\u0103, oferind o capacitate mai mare pentru \u00eenc\u0103lzitoarele de tig\u0103i.<strong> vitrine fierbin\u021bi<\/strong>, are \u00een general g\u0103le\u021bi pentru aranjarea alimentelor pe bar, cunoscute \u0219i sub numele <strong>vitrine<\/strong>r, se men\u021bin la temperatura corespunz\u0103toare datorit\u0103 c\u0103ldurii \u00een care sunt scufundate g\u0103le\u021bile. \u00cen general, cel <strong>vitrine fierbin\u021bi<\/strong> Bain-marie are o scurgere pentru intretinere si curatare usoara. La fel \u0219i u\u0219i glisante pentru a men\u021bine temperatura \u0219i a nu risipi energie, transform\u00e2ndu-l \u00eentr-o <strong><span style=\"color: #008000;\">ma\u0219in\u0103 eficient\u0103 de consum<\/span><\/strong>.<\/p>\n<p>Luminile calde decorative fac m\u00e2ncarea mai atractiv\u0103 \u0219i mai atr\u0103g\u0103toare pentru client; cu \u00eentrerup\u0103tor de pornire\/oprire fiabil \u0219i sigur, impermeabil, rezistent la praf \u0219i la scurgerile electrice; \u00cen partea de jos este inclus\u0103 o tav\u0103 pentru colectarea uleiului.<\/p>\n<p>&nbsp;<\/p>\n<h6><strong>garan\u021bie\u00a0<span style=\"color: #ff0000;\">LA<span style=\"color: #0000ff;\">R<\/span><\/span>C 2 ANI<\/strong><\/h6>\n<h6><span style=\"color: #008000;\">Vitrina fierbinte eficienta, consum redus 600w<\/span><\/h6>\n<h6><strong>suport tehnic inclus.<\/strong><\/h6>\n<p>&nbsp;<\/p>\n<p>&nbsp;<\/p>\n<table role=\"presentation\" width=\"100%\" cellspacing=\"0\" cellpadding=\"0\">\n<tbody>\n<tr>\n<td class=\"attrLabels\">Temperatur\u0103:<\/td>\n<td width=\"50.0%\">30-85\u00baC<\/td>\n<\/tr>\n<tr>\n<td class=\"attrLabels\">\u021aara de distribu\u021bie:<\/td>\n<td width=\"50.0%\">Spania, Germania, SUA<\/td>\n<td class=\"attrLabels\">Greutate:<\/td>\n<td width=\"50.0%\">17 kg<\/td>\n<\/tr>\n<tr>\n<td class=\"attrLabels\">Marca:<\/td>\n<td width=\"50.0%\">ARC<\/td>\n<td class=\"attrLabels\">\u00cen\u0103l\u0163ime:<\/td>\n<td width=\"50.0%\">51 cm<\/td>\n<\/tr>\n<tr>\n<td class=\"attrLabels\">Culoare:<\/td>\n<td width=\"50.0%\">Argint<\/td>\n<td class=\"attrLabels\">Lung:<\/td>\n<td width=\"50.0%\">61 cm<\/td>\n<\/tr>\n<tr>\n<td class=\"attrLabels\">Tip produs:<\/td>\n<td width=\"50.0%\">Vitrina fierbinte<\/td>\n<td class=\"attrLabels\">Larg:<\/td>\n<td width=\"50.0%\">38 cm<\/td>\n<\/tr>\n<tr>\n<td class=\"attrLabels\">Numar producator:<\/td>\n<td width=\"50.0%\">ARVEC1<\/td>\n<td class=\"attrLabels\">Putere:<\/td>\n<td width=\"50.0%\">600W<\/td>\n<\/tr>\n<tr>\n<td class=\"attrLabels\">Material:<\/td>\n<td width=\"50.0%\">otel inoxidabil, control al temperaturii<\/td>\n<td class=\"attrLabels\">tensiune de intrare<\/td>\n<td width=\"50.0%\">220V \u2013 60Hz<\/td>\n<\/tr>\n<tr>\n<td class=\"attrLabels\">Niveluri:<\/td>\n<td width=\"50.0%\">\u00a02<\/td>\n<td class=\"attrLabels\">Dimensiunea cabinei:<\/td>\n<td width=\"50.0%\">14 cm<\/td>\n<\/tr>\n<tr>\n<td class=\"attrLabels\">Instrumente de instalare:<\/td>\n<td width=\"50.0%\">Da<\/td>\n<td class=\"attrLabels\">Garantie:<\/td>\n<td width=\"50.0%\">2 ANI<\/td>\n<\/tr>\n<\/tbody>\n<\/table>","protected":false},"excerpt":{"rendered":"<h2><strong style=\"font-size: 16px;\">Vitrina caliente Expositor de sobremesa de ARC \u2013 600W<\/strong><\/h2>\n<div class=\"group\/conversation-turn relative flex w-full min-w-0 flex-col agent-turn\">\n<div class=\"flex-col gap-1 md:gap-3\">\n<div class=\"flex max-w-full flex-col flex-grow\">\n<div class=\"min-h-[20px] text-message flex w-full flex-col items-end gap-2 break-words [.text-message+&amp;]:mt-5 overflow-x-auto whitespace-normal\" dir=\"auto\" data-message-author-role=\"assistant\" data-message-id=\"581870f1-c993-4564-b525-941801f8dd53\">\n<div class=\"flex w-full flex-col gap-1 empty:hidden first:pt-[3px]\">\n<div class=\"markdown prose w-full break-words dark:prose-invert light\">\n<p>La <strong>vitrina de exposici\u00f3n caliente de sobremesa<\/strong> de ARC es perfecta para mantener los alimentos calientes y frescos, garantizando una presentaci\u00f3n atractiva. Con una potencia de <strong>600 vatios (W)<\/strong> y fabricada en <strong>acero inoxidable 304<\/strong>, apto para el uso alimentario, asegura durabilidad, seguridad y f\u00e1cil limpieza. Sus dimensiones de <strong>61 cent\u00edmetros (cm) x 38 cent\u00edmetros (cm) x 51 cent\u00edmetros (cm)<\/strong> proporcionan el espacio necesario, con <strong>dos niveles<\/strong> que permiten una excelente exposici\u00f3n de alimentos.<\/p>\n<h3>Productos que puedes exhibir en esta <strong>vitrina caliente de sobremesa<\/strong>:<\/h3>\n<ul>\n<li><strong>Pizzas<\/strong>: Mant\u00e9n porciones individuales de pizza calientes y listas para servir.<\/li>\n<li><strong>Empanadas<\/strong>: Perfectas para mantener crujientes y calientes.<\/li>\n<li><strong>Croissants<\/strong>: Ideal para panader\u00edas y cafeter\u00edas.<\/li>\n<li><strong>Hot dogs<\/strong>: Listos para ser servidos en tiendas de conveniencia o buffets.<\/li>\n<li><strong>Bocadillos<\/strong>: S\u00e1ndwiches y bocadillos calientes, perfectos para cafeter\u00edas.<\/li>\n<li><strong>Hamburguesas<\/strong>: Mant\u00e9n las hamburguesas jugosas y calientes antes de servir.<\/li>\n<li><strong>Panes y boller\u00eda<\/strong>: Exhibe pan reci\u00e9n horneado, manteni\u00e9ndolo caliente.<\/li>\n<li><strong>Carnes asadas<\/strong>: Como pollos asados o costillas, listos para llevar.<\/li>\n<li><strong>Patatas fritas<\/strong>: Mant\u00e9n las patatas crujientes a la temperatura perfecta.<\/li>\n<\/ul>\n<h3>Sectores donde se puede implementar esta <strong>vitrina de exposici\u00f3n caliente<\/strong>:<\/h3>\n<ul>\n<li><strong>Cafeter\u00edas<\/strong>: Exhibe croissants, bocadillos y hamburguesas calientes.<\/li>\n<li><strong>Panader\u00edas y pasteler\u00edas<\/strong>: Perfecta para productos horneados calientes.<\/li>\n<li><strong>Restaurantes de comida r\u00e1pida<\/strong>: Ideal para hamburguesas, pizzas y otros alimentos calientes.<\/li>\n<li><strong>Hoteles<\/strong>: Perfecta para buffets de desayuno, manteniendo el pan y otros productos calientes.<\/li>\n<li><strong>Supermercados<\/strong>: Para comidas preparadas y listas para llevar.<\/li>\n<li><strong>Estaciones de servicio<\/strong>: Hot dogs, empanadas, y bocadillos calientes listos para el cliente en movimiento.<\/li>\n<li><strong>Catering y eventos<\/strong>: Mant\u00e9n la comida caliente y fresca durante eventos o reuniones.<\/li>\n<\/ul>\n<p>La <strong>vitrina caliente de sobremesa<\/strong> de ARC es una opci\u00f3n ideal para cualquier negocio que busque una soluci\u00f3n profesional para mantener y exhibir alimentos calientes de manera atractiva. Esta <strong>vitrina caliente profesional<\/strong> es indispensable para quienes valoran la calidad y el control de temperatura en sus productos.<\/p>\n<\/div>\n<\/div>\n<\/div>\n<\/div>\n<\/div>\n<\/div>\n","protected":false},"featured_media":1005,"comment_status":"open","ping_status":"closed","template":"","meta":{"wds_primary_product_brand":0,"wds_primary_product_cat":0},"product_brand":[],"product_cat":[41],"product_tag":[],"class_list":{"0":"post-997","1":"product","2":"type-product","3":"status-publish","4":"has-post-thumbnail","6":"product_cat-expositor-de-alimentos","7":"product_shipping_class-hosteleria","9":"first","10":"instock","11":"taxable","12":"shipping-taxable","13":"purchasable","14":"product-type-simple"},"yoast_head":"<!-- This site is optimized with the Yoast SEO Premium plugin v24.9 (Yoast SEO v26.1) - https:\/\/yoast.com\/wordpress\/plugins\/seo\/ -->\n<title>Vitrina expositor caliente normal - distribuci\u00f3n ARC<\/title>\n<meta name=\"robots\" content=\"index, follow, max-snippet:-1, max-image-preview:large, max-video-preview:-1\" \/>\n<link rel=\"canonical\" href=\"https:\/\/www.distribucionarc.com\/sk\/producto\/vitrina-expositora-caliente\/\" \/>\n<meta property=\"og:locale\" content=\"ro_RO\" \/>\n<meta property=\"og:type\" content=\"article\" \/>\n<meta property=\"og:title\" content=\"Vitrina expositor caliente normal\" \/>\n<meta property=\"og:description\" content=\"Vitrina caliente Expositor de sobremesa de ARC \u2013 600W        La vitrina de exposici\u00f3n caliente de sobremesa de ARC es perfecta para mantener los alimentos calientes y frescos, garantizando una presentaci\u00f3n atractiva. Con una potencia de 600 vatios (W) y fabricada en acero inoxidable 304, apto para el uso alimentario, asegura durabilidad, seguridad y f\u00e1cil limpieza. Sus dimensiones de 61 cent\u00edmetros (cm) x 38 cent\u00edmetros (cm) x 51 cent\u00edmetros (cm) proporcionan el espacio necesario, con dos niveles que permiten una excelente exposici\u00f3n de alimentos. Productos que puedes exhibir en esta vitrina caliente de sobremesa:   Pizzas: Mant\u00e9n porciones individuales de pizza calientes y listas para servir.  Empanadas: Perfectas para mantener crujientes y calientes.  Croissants: Ideal para panader\u00edas y cafeter\u00edas.  Hot dogs: Listos para ser servidos en tiendas de conveniencia o buffets.  Bocadillos: S\u00e1ndwiches y bocadillos calientes, perfectos para cafeter\u00edas.  Hamburguesas: Mant\u00e9n las hamburguesas jugosas y calientes antes de servir.  Panes y boller\u00eda: Exhibe pan reci\u00e9n horneado, manteni\u00e9ndolo caliente.  Carnes asadas: Como pollos asados o costillas, listos para llevar.  Patatas fritas: Mant\u00e9n las patatas crujientes a la temperatura perfecta.  Sectores donde se puede implementar esta vitrina de exposici\u00f3n caliente:   Cafeter\u00edas: Exhibe croissants, bocadillos y hamburguesas calientes.  Panader\u00edas y pasteler\u00edas: Perfecta para productos horneados calientes.  Restaurantes de comida r\u00e1pida: Ideal para hamburguesas, pizzas y otros alimentos calientes.  Hoteles: Perfecta para buffets de desayuno, manteniendo el pan y otros productos calientes.  Supermercados: Para comidas preparadas y listas para llevar.  Estaciones de servicio: Hot dogs, empanadas, y bocadillos calientes listos para el cliente en movimiento.  Catering y eventos: Mant\u00e9n la comida caliente y fresca durante eventos o reuniones.  La vitrina caliente de sobremesa de ARC es una opci\u00f3n ideal para cualquier negocio que busque una soluci\u00f3n profesional para mantener y exhibir alimentos calientes de manera atractiva. Esta vitrina caliente profesional es indispensable para quienes valoran la calidad y el control de temperatura en sus productos.\" \/>\n<meta property=\"og:url\" content=\"https:\/\/www.distribucionarc.com\/sk\/producto\/vitrina-expositora-caliente\/\" \/>\n<meta property=\"og:site_name\" content=\"distribuci\u00f3n ARC\" \/>\n<meta property=\"article:modified_time\" content=\"2024-09-05T18:13:08+00:00\" \/>\n<meta property=\"og:image\" content=\"https:\/\/www.distribucionarc.com\/wp-content\/uploads\/2020\/07\/vitrina-expositora-caliente-0.jpg\" \/>\n\t<meta property=\"og:image:width\" content=\"1600\" \/>\n\t<meta property=\"og:image:height\" content=\"1600\" \/>\n\t<meta property=\"og:image:type\" content=\"image\/jpeg\" \/>\n<meta name=\"twitter:card\" content=\"summary_large_image\" \/>\n<meta name=\"twitter:label1\" content=\"Timp estimat pentru citire\" \/>\n\t<meta name=\"twitter:data1\" content=\"2 minute\" \/>\n<script type=\"application\/ld+json\" class=\"yoast-schema-graph\">{\"@context\":\"https:\/\/schema.org\",\"@graph\":[{\"@type\":\"WebPage\",\"@id\":\"https:\/\/www.distribucionarc.com\/sk\/producto\/vitrina-expositora-caliente\/\",\"url\":\"https:\/\/www.distribucionarc.com\/sk\/producto\/vitrina-expositora-caliente\/\",\"name\":\"Vitrina expositor caliente normal - distribuci\u00f3n ARC\",\"isPartOf\":{\"@id\":\"https:\/\/www.distribucionarc.com\/tr\/#website\"},\"primaryImageOfPage\":{\"@id\":\"https:\/\/www.distribucionarc.com\/sk\/producto\/vitrina-expositora-caliente\/#primaryimage\"},\"image\":{\"@id\":\"https:\/\/www.distribucionarc.com\/sk\/producto\/vitrina-expositora-caliente\/#primaryimage\"},\"thumbnailUrl\":\"https:\/\/distribucionarc.com\/wp-content\/uploads\/2020\/07\/vitrina-expositora-caliente-0.jpg\",\"datePublished\":\"2020-07-15T16:59:51+00:00\",\"dateModified\":\"2024-09-05T18:13:08+00:00\",\"breadcrumb\":{\"@id\":\"https:\/\/www.distribucionarc.com\/sk\/producto\/vitrina-expositora-caliente\/#breadcrumb\"},\"inLanguage\":\"ro-RO\",\"potentialAction\":[{\"@type\":\"ReadAction\",\"target\":[\"https:\/\/www.distribucionarc.com\/sk\/producto\/vitrina-expositora-caliente\/\"]}]},{\"@type\":\"ImageObject\",\"inLanguage\":\"ro-RO\",\"@id\":\"https:\/\/www.distribucionarc.com\/sk\/producto\/vitrina-expositora-caliente\/#primaryimage\",\"url\":\"https:\/\/distribucionarc.com\/wp-content\/uploads\/2020\/07\/vitrina-expositora-caliente-0.jpg\",\"contentUrl\":\"https:\/\/distribucionarc.com\/wp-content\/uploads\/2020\/07\/vitrina-expositora-caliente-0.jpg\",\"width\":1600,\"height\":1600,\"caption\":\"vitrina expositora caliente\"},{\"@type\":\"BreadcrumbList\",\"@id\":\"https:\/\/www.distribucionarc.com\/sk\/producto\/vitrina-expositora-caliente\/#breadcrumb\",\"itemListElement\":[{\"@type\":\"ListItem\",\"position\":1,\"name\":\"Portada\",\"item\":\"https:\/\/www.distribucionarc.com\/tr\/\"},{\"@type\":\"ListItem\",\"position\":2,\"name\":\"Produktai\",\"item\":\"https:\/\/distribucionarc.com\/lt\/parduotuve\/\"},{\"@type\":\"ListItem\",\"position\":3,\"name\":\"Vitrina expositor caliente normal\"}]},{\"@type\":\"WebSite\",\"@id\":\"https:\/\/www.distribucionarc.com\/tr\/#website\",\"url\":\"https:\/\/www.distribucionarc.com\/tr\/\",\"name\":\"distribuci\u00f3n ARC\",\"description\":\"Empresa especializada en la fabricaci\u00f3n y distribuci\u00f3n de maquinaria industrial, selladoras de latas, Maquinas de hacer pastillas, Maquinas de cortar carne...\",\"publisher\":{\"@id\":\"https:\/\/www.distribucionarc.com\/tr\/#organization\"},\"potentialAction\":[{\"@type\":\"SearchAction\",\"target\":{\"@type\":\"EntryPoint\",\"urlTemplate\":\"https:\/\/www.distribucionarc.com\/tr\/?s={search_term_string}\"},\"query-input\":{\"@type\":\"PropertyValueSpecification\",\"valueRequired\":true,\"valueName\":\"search_term_string\"}}],\"inLanguage\":\"ro-RO\"},{\"@type\":\"Organization\",\"@id\":\"https:\/\/www.distribucionarc.com\/tr\/#organization\",\"name\":\"Distribuci\u00f3n ARC\",\"url\":\"https:\/\/www.distribucionarc.com\/tr\/\",\"logo\":{\"@type\":\"ImageObject\",\"inLanguage\":\"ro-RO\",\"@id\":\"https:\/\/www.distribucionarc.com\/tr\/#\/schema\/logo\/image\/\",\"url\":\"https:\/\/distribucionarc.com\/wp-content\/uploads\/2024\/10\/distribucion-ARC-COLOR-SIN-FONDO-e1732295305345.png\",\"contentUrl\":\"https:\/\/distribucionarc.com\/wp-content\/uploads\/2024\/10\/distribucion-ARC-COLOR-SIN-FONDO-e1732295305345.png\",\"width\":1164,\"height\":558,\"caption\":\"Distribuci\u00f3n ARC\"},\"image\":{\"@id\":\"https:\/\/www.distribucionarc.com\/tr\/#\/schema\/logo\/image\/\"},\"description\":\"Empresa especializada en la fabricaci\u00f3n y distribuci\u00f3n de maquinaria industrial para los sectores alimentario y farmac\u00e9utico. Nos especializamos en: M\u00e1quinas de cortar carne Fabricaci\u00f3n de comprimidos Sistemas de transporte industrial L\u00edneas de embotellado Dosificadores Y mucho m\u00e1s... Ofrecemos soluciones innovadoras y personalizadas para optimizar los procesos productivos de tu empresa.\",\"email\":\"Admistracion@distribucionarc.com\",\"telephone\":\"+34 643496664\",\"legalName\":\"ARC TECH SOLUTIONS\",\"foundingDate\":\"2024-04-09\",\"vatID\":\"B55480172\",\"numberOfEmployees\":{\"@type\":\"QuantitativeValue\",\"minValue\":\"1\",\"maxValue\":\"10\"}}]}<\/script>\n<!-- \/ Yoast SEO Premium plugin. -->","yoast_head_json":{"title":"Vitrina fierbinte normal\u0103 - distribu\u021bie ARC","robots":{"index":"index","follow":"follow","max-snippet":"max-snippet:-1","max-image-preview":"max-image-preview:large","max-video-preview":"max-video-preview:-1"},"canonical":"https:\/\/www.distribucionarc.com\/sk\/producto\/vitrina-expositora-caliente\/","og_locale":"ro_RO","og_type":"article","og_title":"Vitrina expositor caliente normal","og_description":"Vitrina caliente Expositor de sobremesa de ARC \u2013 600W        La vitrina de exposici\u00f3n caliente de sobremesa de ARC es perfecta para mantener los alimentos calientes y frescos, garantizando una presentaci\u00f3n atractiva. Con una potencia de 600 vatios (W) y fabricada en acero inoxidable 304, apto para el uso alimentario, asegura durabilidad, seguridad y f\u00e1cil limpieza. Sus dimensiones de 61 cent\u00edmetros (cm) x 38 cent\u00edmetros (cm) x 51 cent\u00edmetros (cm) proporcionan el espacio necesario, con dos niveles que permiten una excelente exposici\u00f3n de alimentos. Productos que puedes exhibir en esta vitrina caliente de sobremesa:   Pizzas: Mant\u00e9n porciones individuales de pizza calientes y listas para servir.  Empanadas: Perfectas para mantener crujientes y calientes.  Croissants: Ideal para panader\u00edas y cafeter\u00edas.  Hot dogs: Listos para ser servidos en tiendas de conveniencia o buffets.  Bocadillos: S\u00e1ndwiches y bocadillos calientes, perfectos para cafeter\u00edas.  Hamburguesas: Mant\u00e9n las hamburguesas jugosas y calientes antes de servir.  Panes y boller\u00eda: Exhibe pan reci\u00e9n horneado, manteni\u00e9ndolo caliente.  Carnes asadas: Como pollos asados o costillas, listos para llevar.  Patatas fritas: Mant\u00e9n las patatas crujientes a la temperatura perfecta.  Sectores donde se puede implementar esta vitrina de exposici\u00f3n caliente:   Cafeter\u00edas: Exhibe croissants, bocadillos y hamburguesas calientes.  Panader\u00edas y pasteler\u00edas: Perfecta para productos horneados calientes.  Restaurantes de comida r\u00e1pida: Ideal para hamburguesas, pizzas y otros alimentos calientes.  Hoteles: Perfecta para buffets de desayuno, manteniendo el pan y otros productos calientes.  Supermercados: Para comidas preparadas y listas para llevar.  Estaciones de servicio: Hot dogs, empanadas, y bocadillos calientes listos para el cliente en movimiento.  Catering y eventos: Mant\u00e9n la comida caliente y fresca durante eventos o reuniones.  La vitrina caliente de sobremesa de ARC es una opci\u00f3n ideal para cualquier negocio que busque una soluci\u00f3n profesional para mantener y exhibir alimentos calientes de manera atractiva. Esta vitrina caliente profesional es indispensable para quienes valoran la calidad y el control de temperatura en sus productos.","og_url":"https:\/\/www.distribucionarc.com\/sk\/producto\/vitrina-expositora-caliente\/","og_site_name":"distribuci\u00f3n ARC","article_modified_time":"2024-09-05T18:13:08+00:00","og_image":[{"width":1600,"height":1600,"url":"https:\/\/www.distribucionarc.com\/wp-content\/uploads\/2020\/07\/vitrina-expositora-caliente-0.jpg","type":"image\/jpeg"}],"twitter_card":"summary_large_image","twitter_misc":{"Timp estimat pentru citire":"2 minute"},"schema":{"@context":"https:\/\/schema.org","@graph":[{"@type":"WebPage","@id":"https:\/\/www.distribucionarc.com\/sk\/producto\/vitrina-expositora-caliente\/","url":"https:\/\/www.distribucionarc.com\/sk\/producto\/vitrina-expositora-caliente\/","name":"Vitrina fierbinte normal\u0103 - distribu\u021bie ARC","isPartOf":{"@id":"https:\/\/www.distribucionarc.com\/tr\/#website"},"primaryImageOfPage":{"@id":"https:\/\/www.distribucionarc.com\/sk\/producto\/vitrina-expositora-caliente\/#primaryimage"},"image":{"@id":"https:\/\/www.distribucionarc.com\/sk\/producto\/vitrina-expositora-caliente\/#primaryimage"},"thumbnailUrl":"https:\/\/distribucionarc.com\/wp-content\/uploads\/2020\/07\/vitrina-expositora-caliente-0.jpg","datePublished":"2020-07-15T16:59:51+00:00","dateModified":"2024-09-05T18:13:08+00:00","breadcrumb":{"@id":"https:\/\/www.distribucionarc.com\/sk\/producto\/vitrina-expositora-caliente\/#breadcrumb"},"inLanguage":"ro-RO","potentialAction":[{"@type":"ReadAction","target":["https:\/\/www.distribucionarc.com\/sk\/producto\/vitrina-expositora-caliente\/"]}]},{"@type":"ImageObject","inLanguage":"ro-RO","@id":"https:\/\/www.distribucionarc.com\/sk\/producto\/vitrina-expositora-caliente\/#primaryimage","url":"https:\/\/distribucionarc.com\/wp-content\/uploads\/2020\/07\/vitrina-expositora-caliente-0.jpg","contentUrl":"https:\/\/distribucionarc.com\/wp-content\/uploads\/2020\/07\/vitrina-expositora-caliente-0.jpg","width":1600,"height":1600,"caption":"vitrina expositora caliente"},{"@type":"BreadcrumbList","@id":"https:\/\/www.distribucionarc.com\/sk\/producto\/vitrina-expositora-caliente\/#breadcrumb","itemListElement":[{"@type":"ListItem","position":1,"name":"Portada","item":"https:\/\/www.distribucionarc.com\/tr\/"},{"@type":"ListItem","position":2,"name":"Produktai","item":"https:\/\/distribucionarc.com\/lt\/parduotuve\/"},{"@type":"ListItem","position":3,"name":"Vitrina expositor caliente normal"}]},{"@type":"WebSite","@id":"https:\/\/www.distribucionarc.com\/tr\/#website","url":"https:\/\/www.distribucionarc.com\/tr\/","name":"Distribu\u021bie ARC","description":"Companie specializat\u0103 \u00een fabricarea \u0219i distribu\u021bia de utilaje industriale, ma\u0219ini de sigilat cutii, ma\u0219ini de fabricat tablete, ma\u0219ini de t\u0103iat carne...","publisher":{"@id":"https:\/\/www.distribucionarc.com\/tr\/#organization"},"potentialAction":[{"@type":"SearchAction","target":{"@type":"EntryPoint","urlTemplate":"https:\/\/www.distribucionarc.com\/tr\/?s={search_term_string}"},"query-input":{"@type":"PropertyValueSpecification","valueRequired":true,"valueName":"search_term_string"}}],"inLanguage":"ro-RO"},{"@type":"Organization","@id":"https:\/\/www.distribucionarc.com\/tr\/#organization","name":"Distribu\u021bie ARC","url":"https:\/\/www.distribucionarc.com\/tr\/","logo":{"@type":"ImageObject","inLanguage":"ro-RO","@id":"https:\/\/www.distribucionarc.com\/tr\/#\/schema\/logo\/image\/","url":"https:\/\/distribucionarc.com\/wp-content\/uploads\/2024\/10\/distribucion-ARC-COLOR-SIN-FONDO-e1732295305345.png","contentUrl":"https:\/\/distribucionarc.com\/wp-content\/uploads\/2024\/10\/distribucion-ARC-COLOR-SIN-FONDO-e1732295305345.png","width":1164,"height":558,"caption":"Distribuci\u00f3n ARC"},"image":{"@id":"https:\/\/www.distribucionarc.com\/tr\/#\/schema\/logo\/image\/"},"description":"Companie specializat\u0103 \u00een fabricarea \u0219i distribu\u021bia de utilaje industriale pentru sectoarele alimentar \u0219i farmaceutic. Suntem specializa\u021bi \u00een: Ma\u0219ini de t\u0103iat carne Fabricarea tabletelor Sisteme de transport industrial Linii de \u00eembuteliere Distribuitoare \u0218i multe altele... Oferim solu\u021bii inovatoare \u0219i personalizate pentru a optimiza procesele de produc\u021bie ale companiei dumneavoastr\u0103.","email":"Admistracion@distribucionarc.com","telephone":"+34 643496664","legalName":"ARC TECH SOLUTIONS","foundingDate":"2024-04-09","vatID":"B55480172","numberOfEmployees":{"@type":"QuantitativeValue","minValue":"1","maxValue":"10"}}]}},"_links":{"self":[{"href":"https:\/\/distribucionarc.com\/ro\/wp-json\/wp\/v2\/product\/997","targetHints":{"allow":["GET"]}}],"collection":[{"href":"https:\/\/distribucionarc.com\/ro\/wp-json\/wp\/v2\/product"}],"about":[{"href":"https:\/\/distribucionarc.com\/ro\/wp-json\/wp\/v2\/types\/product"}],"replies":[{"embeddable":true,"href":"https:\/\/distribucionarc.com\/ro\/wp-json\/wp\/v2\/comments?post=997"}],"version-history":[{"count":0,"href":"https:\/\/distribucionarc.com\/ro\/wp-json\/wp\/v2\/product\/997\/revisions"}],"wp:featuredmedia":[{"embeddable":true,"href":"https:\/\/distribucionarc.com\/ro\/wp-json\/wp\/v2\/media\/1005"}],"wp:attachment":[{"href":"https:\/\/distribucionarc.com\/ro\/wp-json\/wp\/v2\/media?parent=997"}],"wp:term":[{"taxonomy":"product_brand","embeddable":true,"href":"https:\/\/distribucionarc.com\/ro\/wp-json\/wp\/v2\/product_brand?post=997"},{"taxonomy":"product_cat","embeddable":true,"href":"https:\/\/distribucionarc.com\/ro\/wp-json\/wp\/v2\/product_cat?post=997"},{"taxonomy":"product_tag","embeddable":true,"href":"https:\/\/distribucionarc.com\/ro\/wp-json\/wp\/v2\/product_tag?post=997"}],"curies":[{"name":"wp","href":"https:\/\/api.w.org\/{rel}","templated":true}]}}