{"id":68,"date":"2020-04-15T09:20:08","date_gmt":"2020-04-15T09:20:08","guid":{"rendered":"https:\/\/distribucionarc.com\/?page_id=68"},"modified":"2025-04-24T06:55:00","modified_gmt":"2025-04-24T04:55:00","slug":"zasady-pouzivania-suborov-cookie","status":"publish","type":"page","link":"https:\/\/distribucionarc.com\/sk\/inicio\/politica-de-cookies\/","title":{"rendered":"pravidl\u00e1 pou\u017e\u00edvania s\u00faborov cookie"},"content":{"rendered":"<div data-elementor-type=\"wp-page\" data-elementor-id=\"68\" class=\"elementor elementor-68\" data-elementor-post-type=\"page\">\n\t\t\t\t<div class=\"elementor-element elementor-element-a152b90 wd-section-stretch e-flex e-con-boxed wpr-particle-no wpr-jarallax-no wpr-parallax-no wpr-sticky-section-no e-con e-parent\" data-id=\"a152b90\" data-element_type=\"container\" data-e-type=\"container\" data-settings=\"{&quot;background_background&quot;:&quot;classic&quot;}\">\n\t\t\t\t\t<div class=\"e-con-inner\">\n\t\t<div class=\"elementor-element elementor-element-09d3b2a e-con-full e-flex wpr-particle-no wpr-jarallax-no wpr-parallax-no wpr-sticky-section-no e-con e-child\" data-id=\"09d3b2a\" data-element_type=\"container\" data-e-type=\"container\">\n\t\t\t\t<div class=\"elementor-element elementor-element-c63fd6d elementor-widget elementor-widget-heading\" data-id=\"c63fd6d\" data-element_type=\"widget\" data-e-type=\"widget\" data-widget_type=\"heading.default\">\n\t\t\t\t\t<h2 class=\"elementor-heading-title elementor-size-default\">pravidl\u00e1 pou\u017e\u00edvania s\u00faborov cookie<\/h2>\t\t\t\t<\/div>\n\t\t\t\t<\/div>\n\t\t\t\t\t<\/div>\n\t\t\t\t<\/div>\n\t\t<div class=\"wd-negative-gap elementor-element elementor-element-4cdd5007 e-flex e-con-boxed wpr-particle-no wpr-jarallax-no wpr-parallax-no wpr-sticky-section-no e-con e-parent\" data-id=\"4cdd5007\" data-element_type=\"container\" data-e-type=\"container\">\n\t\t\t\t\t<div class=\"e-con-inner\">\n\t\t\t\t<div class=\"elementor-element elementor-element-75fee04d color-scheme-inherit text-left elementor-widget elementor-widget-text-editor\" data-id=\"75fee04d\" data-element_type=\"widget\" data-e-type=\"widget\" data-widget_type=\"text-editor.default\">\n\t\t\t\t\t\t\t\t\t\n<p><strong>Vstupom na webov\u00fa str\u00e1nku DISTRIBUCION ARC, ak ste si upravili svoj prehliada\u010d tak, aby umo\u017e\u0148oval prij\u00edmanie s\u00faborov cookie, ch\u00e1peme, \u017ee chcete vyu\u017e\u00edva\u0165 slu\u017eby a produkty DISTRIBUCION ARC a s\u00fahlas\u00edte s pou\u017e\u00edvan\u00edm s\u00faborov cookie alebo in\u00fdch technol\u00f3gi\u00ed, ktor\u00e9 v\u00e1m poskytuj\u00fa po\u017eadovan\u00fa slu\u017ebu.<\/strong><\/p>\n\n<p><strong>\u010co je to cookie?<\/strong><\/p>\n\n<p>S\u00fabor cookie je alfanumerick\u00fd znak odoslan\u00fd webovou str\u00e1nkou a ulo\u017een\u00fd v prehliada\u010di pou\u017e\u00edvate\u013ea prostredn\u00edctvom jeho internetov\u00e9ho prehliada\u010da, aby webov\u00e1 lokalita mohla zobrazi\u0165 inform\u00e1cie. Cookies umo\u017e\u0148uj\u00fa napr\u00edklad zapam\u00e4ta\u0165 si obsah n\u00e1kupn\u00e9ho ko\u0161\u00edka, v\u00e1\u0161 prehliada\u010d zapam\u00e4ta\u0165 si va\u0161e pou\u017e\u00edvate\u013esk\u00e9 meno alebo vykon\u00e1va\u0165 \u0161tatistick\u00e9 anal\u00fdzy na zlep\u0161enie obsahu, slu\u017eieb a produktov DISTRIBUCION ARC.<\/p>\n\n<p>Aby ste mohli spr\u00e1vne navigova\u0165 na DISTRIBUCION ARC a vyu\u017e\u00edva\u0165 v\u0161etky jej funkcie, mus\u00edte ma\u0165 aktivovan\u00e9 prij\u00edmanie cookies. Zak\u00e1zanie s\u00faborov cookie m\u00f4\u017ee znamena\u0165, \u017ee nebudete m\u00f4c\u0165 spr\u00e1vne pou\u017e\u00edva\u0165 na\u0161u webov\u00fa str\u00e1nku.<\/p>\n\n<p><strong>Ak\u00e9 cookies pou\u017e\u00edvame na distribucionarc.com<\/strong><\/p>\n\n<ul class=\"wp-block-list\">\n<li>\u00a0S\u00daHLAS \u2013 trval\u00fd \u2013 vlastn\u00fd<\/li>\n<li>\u00a0PHPSESSID \u2013 trval\u00fd \u2013 vlastn\u00fd<\/li>\n<li>\u00a0ga \u2013 trval\u00e1 \u2013 tretia strana\u00a0<\/li>\n<li>\u00a0gat \u2013 trval\u00e1 \u2013 tretia strana<\/li>\n<li>\u00a0gid \u2013 trval\u00e1 \u2013 tretia strana<\/li>\n<li>\u00a0mena \u2013 trval\u00e9 \u2013 vlastn\u00e9<\/li>\n<li>\u00a0predvolen\u00e9 \u2013 trval\u00e9 \u2013 vlastn\u00e9<\/li>\n<li>\u00a0jazyk \u2013 trval\u00fd \u2013 vlastn\u00fd<\/li>\n<\/ul>\n\n<p><strong>Ako aktivujem cookies vo svojom prehliada\u010di?<\/strong><\/p>\n\n<p><strong>MICROSOFT INTERNET EXPLORER<\/strong><\/p>\n\n<p>\u2022 Otvorte ponuku \u201eExtras\u201c a vyberte \u201eMo\u017enosti internetu\u201c.<br \/>\u2022 Kliknite na z\u00e1lo\u017eku \u201eOchrana \u00fadajov\u201c.<br \/>\u2022 Kliknite na tla\u010didlo \u201e\u0160tandardn\u00e9\u201c (alebo manu\u00e1lne prejdite na mo\u017enos\u0165 \u201eStredn\u00e9\u201c) v \u010dasti \u201eNastavenia\u201c.<br \/>\u2022 Kliknite na \u00abOK\u00bb.<br \/><br \/><strong>MOZILLA FIREFOX<\/strong><br \/><br \/>\u2022 Otvorte ponuku \u201eExtras\u201c.<br \/>\u2022 Zvo\u013ete \u201eNastavenia\u201c.<br \/>\u2022 Zvo\u013ete symbol \u201eOchrana \u00fadajov\u201c.<br \/>\u2022 Za\u010diarknite pol\u00ed\u010dko \u201eAkceptova\u0165 s\u00fabory cookie\u201c.<br \/>\u2022 Kliknut\u00edm na \u201eOK\u201c ulo\u017e\u00edte zmeny.<br \/><br \/><strong>GOOGLE CHROME<\/strong><br \/><br \/>\u2022 Kliknite na ponuku \u201eExtras\u201c.<br \/>\u2022 Zvo\u013ete \u201eNastavenia\u201c.<br \/>\u2022 Kliknite na kartu \u201eRoz\u0161\u00edren\u00e9 nastavenia\u201c alebo \u201ePodrobnosti\u201c (v z\u00e1vislosti od verzie).<br \/>\u2022 V \u010dasti \u201eS\u00fakromie\u201c kliknite na \u201eNastavenia obsahu\u2026\u201c.<br \/>\u2022 Vyberte mo\u017enos\u0165 \u201ePovoli\u0165 lok\u00e1lne nahr\u00e1vanie \u00fadajov\u201c.<br \/><br \/><strong>SAFARI<\/strong><br \/><br \/>\u2022 Prejdite do rozba\u013eovacej ponuky Safari.<br \/>\u2022 Zvo\u013ete \u201eNastavenia\u201c.<br \/>\u2022 Vyberte kartu \u201eOchrana \u00fadajov\u201c.<br \/>\u2022 V \u010dasti \u201eBlokova\u0165 s\u00fabory cookie\u201c vyberte mo\u017enos\u0165 \u201eNikdy\u201c.<br \/><br \/><strong>Ako zak\u00e1\u017eem cookies vo svojom prehliada\u010di?<\/strong><br \/><br \/>Funkcia Pomocn\u00edka v\u00e4\u010d\u0161iny prehliada\u010dov v\u00e1m povie, ako nastavi\u0165 v\u00e1\u0161 prehliada\u010d tak, aby neprij\u00edmal s\u00fabory cookie, aby v\u00e1s upozornil pri ka\u017edom prijat\u00ed nov\u00e9ho s\u00faboru cookie, ako aj ako \u00faplne zak\u00e1za\u0165 v\u0161etky s\u00fabory cookie.<\/p>\n\t\t\t\t\t\t\t\t<\/div>\n\t\t\t\t\t<\/div>\n\t\t\t\t<\/div>\n\t\t\t\t<\/div>","protected":false},"excerpt":{"rendered":"<p>Z\u00e1sady pou\u017e\u00edvania s\u00faborov cookie Ke\u010f vst\u00fapite na webov\u00fa str\u00e1nku DISTRIBUCION ARC, ak ste si v prehliada\u010di nastavili povolenie<\/p>","protected":false},"author":1,"featured_media":0,"parent":45,"menu_order":0,"comment_status":"closed","ping_status":"closed","template":"elementor_header_footer","meta":{"footnotes":""},"class_list":["post-68","page","type-page","status-publish","hentry"],"yoast_head":"<!-- This site is optimized with the Yoast SEO Premium plugin v24.9 (Yoast SEO v26.1) - https:\/\/yoast.com\/wordpress\/plugins\/seo\/ -->\n<title>politica de cookies - distribuci\u00f3n ARC<\/title>\n<meta name=\"robots\" content=\"index, follow, max-snippet:-1, max-image-preview:large, max-video-preview:-1\" \/>\n<link rel=\"canonical\" href=\"https:\/\/distribucionarc.com\/sk\/zaciatok\/zasady-pouzivania-suborov-cookie\/\" \/>\n<meta property=\"og:locale\" content=\"sk_SK\" \/>\n<meta property=\"og:type\" content=\"article\" \/>\n<meta property=\"og:title\" content=\"politica de cookies\" \/>\n<meta property=\"og:description\" content=\"politica de cookies Al entrar en la p\u00e1gina web de DISTRIBUCION ARC, si usted tiene ajustado su navegador para permitir\" \/>\n<meta property=\"og:url\" content=\"https:\/\/distribucionarc.com\/sk\/zaciatok\/zasady-pouzivania-suborov-cookie\/\" \/>\n<meta property=\"og:site_name\" content=\"distribuci\u00f3n ARC\" \/>\n<meta property=\"article:modified_time\" content=\"2025-04-24T04:55:00+00:00\" \/>\n<meta property=\"og:image\" content=\"https:\/\/distribucionarc.com\/wp-content\/uploads\/2024\/12\/icono-arc.jpg\" \/>\n\t<meta property=\"og:image:width\" content=\"612\" \/>\n\t<meta property=\"og:image:height\" content=\"792\" \/>\n\t<meta property=\"og:image:type\" content=\"image\/jpeg\" \/>\n<meta name=\"twitter:card\" content=\"summary_large_image\" \/>\n<meta name=\"twitter:label1\" content=\"Predpokladan\u00fd \u010das \u010d\u00edtania\" \/>\n\t<meta name=\"twitter:data1\" content=\"2 min\u00faty\" \/>\n<script type=\"application\/ld+json\" class=\"yoast-schema-graph\">{\"@context\":\"https:\/\/schema.org\",\"@graph\":[{\"@type\":\"WebPage\",\"@id\":\"https:\/\/distribucionarc.com\/nl\/inicio\/politica-de-cookies\/\",\"url\":\"https:\/\/distribucionarc.com\/nl\/inicio\/politica-de-cookies\/\",\"name\":\"politica de cookies - distribuci\u00f3n ARC\",\"isPartOf\":{\"@id\":\"https:\/\/www.distribucionarc.com\/sl\/#website\"},\"datePublished\":\"2020-04-15T09:20:08+00:00\",\"dateModified\":\"2025-04-24T04:55:00+00:00\",\"breadcrumb\":{\"@id\":\"https:\/\/distribucionarc.com\/nl\/inicio\/politica-de-cookies\/#breadcrumb\"},\"inLanguage\":\"sk-SK\",\"potentialAction\":[{\"@type\":\"ReadAction\",\"target\":[\"https:\/\/distribucionarc.com\/nl\/inicio\/politica-de-cookies\/\"]}]},{\"@type\":\"BreadcrumbList\",\"@id\":\"https:\/\/distribucionarc.com\/nl\/inicio\/politica-de-cookies\/#breadcrumb\",\"itemListElement\":[{\"@type\":\"ListItem\",\"position\":1,\"name\":\"Portada\",\"item\":\"https:\/\/www.distribucionarc.com\/\"},{\"@type\":\"ListItem\",\"position\":2,\"name\":\"inicio\",\"item\":\"https:\/\/www.distribucionarc.com\/inicio\/\"},{\"@type\":\"ListItem\",\"position\":3,\"name\":\"politica de cookies\"}]},{\"@type\":\"WebSite\",\"@id\":\"https:\/\/www.distribucionarc.com\/sl\/#website\",\"url\":\"https:\/\/www.distribucionarc.com\/sl\/\",\"name\":\"distribuci\u00f3n ARC\",\"description\":\"Empresa especializada en la fabricaci\u00f3n y distribuci\u00f3n de maquinaria industrial, selladoras de latas, Maquinas de hacer pastillas, Maquinas de cortar carne...\",\"publisher\":{\"@id\":\"https:\/\/www.distribucionarc.com\/sl\/#organization\"},\"potentialAction\":[{\"@type\":\"SearchAction\",\"target\":{\"@type\":\"EntryPoint\",\"urlTemplate\":\"https:\/\/www.distribucionarc.com\/sl\/?s={search_term_string}\"},\"query-input\":{\"@type\":\"PropertyValueSpecification\",\"valueRequired\":true,\"valueName\":\"search_term_string\"}}],\"inLanguage\":\"sk-SK\"},{\"@type\":\"Organization\",\"@id\":\"https:\/\/www.distribucionarc.com\/sl\/#organization\",\"name\":\"Distribuci\u00f3n ARC\",\"url\":\"https:\/\/www.distribucionarc.com\/sl\/\",\"logo\":{\"@type\":\"ImageObject\",\"inLanguage\":\"sk-SK\",\"@id\":\"https:\/\/www.distribucionarc.com\/sl\/#\/schema\/logo\/image\/\",\"url\":\"https:\/\/distribucionarc.com\/wp-content\/uploads\/2024\/10\/distribucion-ARC-COLOR-SIN-FONDO-e1732295305345.png\",\"contentUrl\":\"https:\/\/distribucionarc.com\/wp-content\/uploads\/2024\/10\/distribucion-ARC-COLOR-SIN-FONDO-e1732295305345.png\",\"width\":1164,\"height\":558,\"caption\":\"Distribuci\u00f3n ARC\"},\"image\":{\"@id\":\"https:\/\/www.distribucionarc.com\/sl\/#\/schema\/logo\/image\/\"},\"description\":\"Empresa especializada en la fabricaci\u00f3n y distribuci\u00f3n de maquinaria industrial para los sectores alimentario y farmac\u00e9utico. Nos especializamos en: M\u00e1quinas de cortar carne Fabricaci\u00f3n de comprimidos Sistemas de transporte industrial L\u00edneas de embotellado Dosificadores Y mucho m\u00e1s... Ofrecemos soluciones innovadoras y personalizadas para optimizar los procesos productivos de tu empresa.\",\"email\":\"Admistracion@distribucionarc.com\",\"telephone\":\"+34 643496664\",\"legalName\":\"ARC TECH SOLUTIONS\",\"foundingDate\":\"2024-04-09\",\"vatID\":\"B55480172\",\"numberOfEmployees\":{\"@type\":\"QuantitativeValue\",\"minValue\":\"1\",\"maxValue\":\"10\"}}]}<\/script>\n<!-- \/ Yoast SEO Premium plugin. -->","yoast_head_json":{"title":"politika cookies \u2013 distrib\u00facia ARC","robots":{"index":"index","follow":"follow","max-snippet":"max-snippet:-1","max-image-preview":"max-image-preview:large","max-video-preview":"max-video-preview:-1"},"canonical":"https:\/\/distribucionarc.com\/sk\/zaciatok\/zasady-pouzivania-suborov-cookie\/","og_locale":"sk_SK","og_type":"article","og_title":"politica de cookies","og_description":"politica de cookies Al entrar en la p\u00e1gina web de DISTRIBUCION ARC, si usted tiene ajustado su navegador para permitir","og_url":"https:\/\/distribucionarc.com\/sk\/zaciatok\/zasady-pouzivania-suborov-cookie\/","og_site_name":"distribuci\u00f3n ARC","article_modified_time":"2025-04-24T04:55:00+00:00","og_image":[{"width":612,"height":792,"url":"https:\/\/distribucionarc.com\/wp-content\/uploads\/2024\/12\/icono-arc.jpg","type":"image\/jpeg"}],"twitter_card":"summary_large_image","twitter_misc":{"Predpokladan\u00fd \u010das \u010d\u00edtania":"2 min\u00faty"},"schema":{"@context":"https:\/\/schema.org","@graph":[{"@type":"WebPage","@id":"https:\/\/distribucionarc.com\/nl\/inicio\/politica-de-cookies\/","url":"https:\/\/distribucionarc.com\/nl\/inicio\/politica-de-cookies\/","name":"politika cookies \u2013 distrib\u00facia ARC","isPartOf":{"@id":"https:\/\/www.distribucionarc.com\/sl\/#website"},"datePublished":"2020-04-15T09:20:08+00:00","dateModified":"2025-04-24T04:55:00+00:00","breadcrumb":{"@id":"https:\/\/distribucionarc.com\/nl\/inicio\/politica-de-cookies\/#breadcrumb"},"inLanguage":"sk-SK","potentialAction":[{"@type":"ReadAction","target":["https:\/\/distribucionarc.com\/nl\/inicio\/politica-de-cookies\/"]}]},{"@type":"BreadcrumbList","@id":"https:\/\/distribucionarc.com\/nl\/inicio\/politica-de-cookies\/#breadcrumb","itemListElement":[{"@type":"ListItem","position":1,"name":"Portada","item":"https:\/\/www.distribucionarc.com\/"},{"@type":"ListItem","position":2,"name":"inicio","item":"https:\/\/www.distribucionarc.com\/inicio\/"},{"@type":"ListItem","position":3,"name":"politica de cookies"}]},{"@type":"WebSite","@id":"https:\/\/www.distribucionarc.com\/sl\/#website","url":"https:\/\/www.distribucionarc.com\/sl\/","name":"ARC distrib\u00facia","description":"Spolo\u010dnos\u0165 sa \u0161pecializuje na v\u00fdrobu a distrib\u00faciu priemyseln\u00fdch strojov, strojov na uzatv\u00e1ranie plechoviek, strojov na v\u00fdrobu tabliet, strojov na porciovanie m\u00e4sa...","publisher":{"@id":"https:\/\/www.distribucionarc.com\/sl\/#organization"},"potentialAction":[{"@type":"SearchAction","target":{"@type":"EntryPoint","urlTemplate":"https:\/\/www.distribucionarc.com\/sl\/?s={search_term_string}"},"query-input":{"@type":"PropertyValueSpecification","valueRequired":true,"valueName":"search_term_string"}}],"inLanguage":"sk-SK"},{"@type":"Organization","@id":"https:\/\/www.distribucionarc.com\/sl\/#organization","name":"Distrib\u00facia ARC","url":"https:\/\/www.distribucionarc.com\/sl\/","logo":{"@type":"ImageObject","inLanguage":"sk-SK","@id":"https:\/\/www.distribucionarc.com\/sl\/#\/schema\/logo\/image\/","url":"https:\/\/distribucionarc.com\/wp-content\/uploads\/2024\/10\/distribucion-ARC-COLOR-SIN-FONDO-e1732295305345.png","contentUrl":"https:\/\/distribucionarc.com\/wp-content\/uploads\/2024\/10\/distribucion-ARC-COLOR-SIN-FONDO-e1732295305345.png","width":1164,"height":558,"caption":"Distribuci\u00f3n ARC"},"image":{"@id":"https:\/\/www.distribucionarc.com\/sl\/#\/schema\/logo\/image\/"},"description":"Spolo\u010dnos\u0165 \u0161pecializuj\u00faca sa na v\u00fdrobu a distrib\u00faciu priemyseln\u00fdch strojov pre potravin\u00e1rsky a farmaceutick\u00fd sektor. \u0160pecializujeme sa na: Stroje na kr\u00e1janie m\u00e4sa V\u00fdroba tabliet Priemyseln\u00e9 dopravn\u00e9 syst\u00e9my D\u00e1vkova\u010de na f\u013ea\u0161e A ove\u013ea viac... Pon\u00fakame inovat\u00edvne a prisp\u00f4soben\u00e9 rie\u0161enia na optimaliz\u00e1ciu v\u00fdrobn\u00fdch procesov va\u0161ej spolo\u010dnosti.","email":"Admistracion@distribucionarc.com","telephone":"+34 643496664","legalName":"ARC TECH SOLUTIONS","foundingDate":"2024-04-09","vatID":"B55480172","numberOfEmployees":{"@type":"QuantitativeValue","minValue":"1","maxValue":"10"}}]}},"_links":{"self":[{"href":"https:\/\/distribucionarc.com\/sk\/wp-json\/wp\/v2\/pages\/68","targetHints":{"allow":["GET"]}}],"collection":[{"href":"https:\/\/distribucionarc.com\/sk\/wp-json\/wp\/v2\/pages"}],"about":[{"href":"https:\/\/distribucionarc.com\/sk\/wp-json\/wp\/v2\/types\/page"}],"author":[{"embeddable":true,"href":"https:\/\/distribucionarc.com\/sk\/wp-json\/wp\/v2\/users\/1"}],"replies":[{"embeddable":true,"href":"https:\/\/distribucionarc.com\/sk\/wp-json\/wp\/v2\/comments?post=68"}],"version-history":[{"count":4,"href":"https:\/\/distribucionarc.com\/sk\/wp-json\/wp\/v2\/pages\/68\/revisions"}],"predecessor-version":[{"id":16303,"href":"https:\/\/distribucionarc.com\/sk\/wp-json\/wp\/v2\/pages\/68\/revisions\/16303"}],"up":[{"embeddable":true,"href":"https:\/\/distribucionarc.com\/sk\/wp-json\/wp\/v2\/pages\/45"}],"wp:attachment":[{"href":"https:\/\/distribucionarc.com\/sk\/wp-json\/wp\/v2\/media?parent=68"}],"curies":[{"name":"pracovn\u00fd list","href":"https:\/\/api.w.org\/{rel}","templated":true}]}}