{"id":71,"date":"2020-04-15T09:30:06","date_gmt":"2020-04-15T09:30:06","guid":{"rendered":"https:\/\/distribucionarc.com\/?page_id=71"},"modified":"2025-04-25T07:08:47","modified_gmt":"2025-04-25T05:08:47","slug":"zasady-ochrany-osobnych-udajov","status":"publish","type":"page","link":"https:\/\/distribucionarc.com\/sk\/politica-de-privacidad\/","title":{"rendered":"Z\u00e1sady ochrany osobn\u00fdch \u00fadajov"},"content":{"rendered":"<div data-elementor-type=\"wp-page\" data-elementor-id=\"71\" class=\"elementor elementor-71\" data-elementor-post-type=\"page\">\n\t\t\t\t<div class=\"elementor-element elementor-element-55ddc61 wd-section-stretch e-flex e-con-boxed wpr-particle-no wpr-jarallax-no wpr-parallax-no wpr-sticky-section-no e-con e-parent\" data-id=\"55ddc61\" data-element_type=\"container\" data-e-type=\"container\" data-settings=\"{&quot;background_background&quot;:&quot;classic&quot;}\">\n\t\t\t\t\t<div class=\"e-con-inner\">\n\t\t<div class=\"elementor-element elementor-element-5745e6e e-con-full e-flex wpr-particle-no wpr-jarallax-no wpr-parallax-no wpr-sticky-section-no e-con e-child\" data-id=\"5745e6e\" data-element_type=\"container\" data-e-type=\"container\">\n\t\t\t\t<div class=\"elementor-element elementor-element-05ceda0 elementor-widget elementor-widget-heading\" data-id=\"05ceda0\" data-element_type=\"widget\" data-e-type=\"widget\" data-widget_type=\"heading.default\">\n\t\t\t\t\t<h2 class=\"elementor-heading-title elementor-size-default\">Z\u00e1sady ochrany osobn\u00fdch \u00fadajov<\/h2>\t\t\t\t<\/div>\n\t\t\t\t<\/div>\n\t\t\t\t\t<\/div>\n\t\t\t\t<\/div>\n\t\t<div class=\"wd-negative-gap elementor-element elementor-element-428fd617 e-flex e-con-boxed wpr-particle-no wpr-jarallax-no wpr-parallax-no wpr-sticky-section-no e-con e-parent\" data-id=\"428fd617\" data-element_type=\"container\" data-e-type=\"container\">\n\t\t\t\t\t<div class=\"e-con-inner\">\n\t\t\t\t<div class=\"elementor-element elementor-element-8a7b043 color-scheme-inherit text-left elementor-widget elementor-widget-text-editor\" data-id=\"8a7b043\" data-element_type=\"widget\" data-e-type=\"widget\" data-widget_type=\"text-editor.default\">\n\t\t\t\t\t\t\t\t\t\n<h2 class=\"wp-block-heading\">Predch\u00e1dzaj\u00face odpor\u00fa\u010danie<\/h2>\n\n<p>V\u00edtame v\u00e1s na tejto webovej str\u00e1nke a odpor\u00fa\u010dame v\u00e1m pre\u010d\u00edta\u0165 si na\u0161e z\u00e1sady ochrany osobn\u00fdch \u00fadajov. Toto popisuje sp\u00f4sob, ak\u00fdm\u00a0 <strong>DISTRIBUCIONARC.COM<\/strong> \u00a0zhroma\u017e\u010fuje a pou\u017e\u00edva inform\u00e1cie o svojich klientoch, pou\u017e\u00edvate\u013eoch a predplatite\u013eoch tejto webovej str\u00e1nky.\u00a0<\/p>\n\n<p><strong>DISTRIBUCIONARC.COM<\/strong> s B55480172 a adresou C\/CASTELL N1 46970 ALAQUAS (VALENCIA), ako zodpovedn\u00e1 za spracovanie va\u0161ich \u00fadajov, sprac\u00fava va\u0161e \u00fadaje prostredn\u00edctvom tejto webovej str\u00e1nky, kde s\u00fa osobn\u00e9 \u00fadaje pou\u017e\u00edvate\u013eov re\u0161pektovan\u00e9 a postaran\u00e9. Ako pou\u017e\u00edvate\u013e by ste mali vedie\u0165, \u017ee va\u0161e pr\u00e1va s\u00fa zaru\u010den\u00e9.<\/p>\n\n<p>Je potrebn\u00e9 upozorni\u0165, \u017ee tieto Z\u00e1sady ochrany osobn\u00fdch \u00fadajov sa m\u00f4\u017eu l\u00ed\u0161i\u0165 v z\u00e1vislosti od legislat\u00edvnych alebo samoregula\u010dn\u00fdch po\u017eiadaviek, preto sa pou\u017e\u00edvate\u013eom odpor\u00fa\u010da, aby ich pravidelne nav\u0161tevovali. Bude sa uplat\u0148ova\u0165, ak sa pou\u017e\u00edvatelia rozhodn\u00fa vyplni\u0165 ktor\u00fdko\u013evek zo svojich kontaktn\u00fdch formul\u00e1rov, kde sa zhroma\u017e\u010fuj\u00fa osobn\u00e9 \u00fadaje.<\/p>\n\n<p>Pr\u00e1vne predpisy, ktor\u00e9 s\u00fa v s\u00falade s t\u00fdmito Z\u00e1sadami ochrany osobn\u00fdch \u00fadajov<\/p>\n\n<ul class=\"wp-block-list\">\n<li>On\u00a0<strong>GDPR (Nariadenie Eur\u00f3pskeho parlamentu a Rady (E\u00da) 2016\/679 z 27. apr\u00edla 2016 o ochrane fyzick\u00fdch os\u00f4b)<\/strong>, \u010do je nov\u00e9 nariadenie Eur\u00f3pskej \u00fanie, ktor\u00e9 zjednocuje \u00fapravu sprac\u00favania osobn\u00fdch \u00fadajov v jednotliv\u00fdch krajin\u00e1ch E\u00da.<\/li>\n\n<li>The\u00a0<strong>LOPD (Organick\u00fd z\u00e1kon 03\/2018 z 5. decembra o ochrane \u00fadajov a z\u00e1ruke digit\u00e1lnych pr\u00e1v).<\/strong><\/li>\n\n<li>The\u00a0<strong>LSSI alebo LSSICE (z\u00e1kon 34\/2002 z 11. j\u00fala o slu\u017eb\u00e1ch informa\u010dnej spolo\u010dnosti a elektronickom obchode)<\/strong>, ktor\u00e1 upravuje ekonomick\u00e9 transakcie prostredn\u00edctvom elektronick\u00fdch prostriedkov, ako je to aj v pr\u00edpade tejto webovej str\u00e1nky.<\/li>\n<\/ul>\n\n<p>Lie\u010debn\u00e9 \u00fa\u010dely<\/p>\n\n<p>V pr\u00edpade ot\u00e1zok a n\u00e1vrhov podan\u00fdch prostredn\u00edctvom existuj\u00facich sekci\u00ed na tento \u00fa\u010del bud\u00fa inform\u00e1cie pou\u017eit\u00e9 v\u00fdlu\u010dne na zodpovedanie vznesen\u00fdch ot\u00e1zok.<\/p>\n\n<p>Okrem pol\u00ed, kde je v\u00fdslovne uveden\u00e9 inak, je dodanie inform\u00e1ci\u00ed po\u017eadovan\u00fdch vo formul\u00e1roch \u017eiadosti o \u00fadaje povinn\u00e9 pre spr\u00e1vnu spr\u00e1vu va\u0161ich \u017eiadost\u00ed, ot\u00e1zok a n\u00e1vrhov. Nevyplnenie pol\u00ed ozna\u010den\u00fdch ako povinn\u00e9 alebo uvedenie nespr\u00e1vnych \u00fadajov znemo\u017en\u00ed\u00a0<strong>ROZDELENIE OBL\u00daKA<\/strong>\u00a0vie ich spr\u00e1vne spravova\u0165.<\/p>\n\n<p>Legitimita na lie\u010dbu<\/p>\n\n<p>Pou\u017e\u00edvate\u013e pri kontaktovan\u00ed prostredn\u00edctvom na\u0161ej webovej str\u00e1nky vyhlasuje, \u017ee bol obozn\u00e1men\u00fd s podmienkami ochrany osobn\u00fdch \u00fadajov, akceptuje ich a s\u00fahlas\u00ed s ich spracovan\u00edm z na\u0161ej strany.\u00a0 <strong>ROZDELENIE OBL\u00daKA<\/strong> \u00a0sp\u00f4sobom a na uveden\u00e9 \u00fa\u010dely.<\/p>\n\n<p>Uchov\u00e1vanie a prenos \u00fadajov<\/p>\n\n<p>Poskytnut\u00e9 \u00fadaje bud\u00fa uchov\u00e1van\u00e9 po dobu trvania obchodn\u00e9ho vz\u0165ahu alebo po\u010das rokov nevyhnutn\u00fdch na splnenie z\u00e1konn\u00fdch povinnost\u00ed.<\/p>\n\n<p>\u00dadaje nebud\u00fa poskytnut\u00e9 tret\u00edm stran\u00e1m okrem pr\u00edpadov, ke\u010f existuje z\u00e1konn\u00e1 povinnos\u0165.\u00a0 <strong>ROZDELENIE OBL\u00daKA<\/strong> \u00a0nepred\u00e1va, neprenaj\u00edma ani nepren\u00e1\u0161a osobn\u00e9 \u00fadaje, ktor\u00e9 m\u00f4\u017eu pou\u017e\u00edvate\u013ea identifikova\u0165, a ani tak nebude robi\u0165 v bud\u00facnosti, bez predch\u00e1dzaj\u00faceho s\u00fahlasu tret\u00edm stran\u00e1m. V niektor\u00fdch pr\u00edpadoch sa v\u0161ak m\u00f4\u017ee uskuto\u010dni\u0165 spolupr\u00e1ca s in\u00fdmi odborn\u00edkmi na organizovanie \u0161kolen\u00ed alebo poskytovanie slu\u017eieb. V t\u00fdchto pr\u00edpadoch sa bude od pou\u017e\u00edvate\u013eov vy\u017eadova\u0165 s\u00fahlas, ktor\u00fd ich informuje o identite spolupracovn\u00edka a \u00fa\u010dele spolupr\u00e1ce. V\u017edy sa bude vykon\u00e1va\u0165 pod\u013ea najpr\u00edsnej\u0161\u00edch bezpe\u010dnostn\u00fdch noriem.<\/p>\n\n<p>V\u00fdkon pr\u00e1v na ochranu \u00fadajov<\/p>\n\n<p>Pou\u017e\u00edvate\u013e m\u00f4\u017ee smerova\u0165 svoju komunik\u00e1ciu a uplat\u0148ova\u0165 pr\u00e1va na pr\u00edstup, opravu, vymazanie a n\u00e1mietky, ako aj obmedzenie spracovania a prenosnosti \u00fadajov prostredn\u00edctvom po\u0161tovej z\u00e1sielky na adrese\u00a0<strong>CARRER CASTELL N1 46970 ALAQUAS (VALENCIA)<\/strong>, alebo na e-mail: rgpd@distribucionarc.com spolu s platnou identifik\u00e1ciou, ako je napr\u00edklad fotok\u00f3pia DNI alebo ekvivalent, s uveden\u00edm v predmete \u201eOCHRANA \u00daDAJOV\u201c.<\/p>\n\n<p>Slu\u017eby tret\u00edch str\u00e1n, ktor\u00e9 pou\u017e\u00edvam na tejto webovej str\u00e1nke<\/p>\n\n<ul class=\"wp-block-list\">\n<li><strong>Hosting: strato<\/strong><\/li>\n\n<li><strong>Webov\u00e1 platforma: wordpress<\/strong><\/li>\n\n<li><strong>Google Analytics<\/strong><\/li>\n<\/ul>\n\n<p>Pou\u017e\u00edvatelia sa m\u00f4\u017eu kedyko\u013evek odhl\u00e1si\u0165 zo slu\u017eieb poskytovan\u00fdch spolo\u010dnos\u0165ou <strong>DISTRIBUCIONARC.COM<\/strong> ten ist\u00fd Newsletter. V s\u00falade s aktu\u00e1lnymi predpismi o ochrane osobn\u00fdch \u00fadajov, tak prihl\u00e1sen\u00edm sa na tento blog, ako aj koment\u00e1rom na ktorejko\u013evek z jeho str\u00e1nok a\/alebo z\u00e1znamov, u\u017e\u00edvate\u013e s\u00fahlas\u00ed:<\/p>\n\n<h2 class=\"wp-block-heading\">Presnos\u0165 a pravdivos\u0165 \u00fadajov<\/h2>\n\n<p>Za pravdivos\u0165 a spr\u00e1vnos\u0165 odoslan\u00fdch \u00fadajov zodpoved\u00e1 v\u00fdlu\u010dne pou\u017e\u00edvate\u013e\u00a0 <strong>DISTRIBUCIONARC.COM<\/strong> \u00a0zbavuje Poskytovate\u013ea akejko\u013evek zodpovednosti v tomto smere. Pou\u017e\u00edvatelia zaru\u010duj\u00fa a s\u00fa v ka\u017edom pr\u00edpade zodpovedn\u00ed za spr\u00e1vnos\u0165, platnos\u0165 a pravos\u0165 poskytnut\u00fdch osobn\u00fdch \u00fadajov a zav\u00e4zuj\u00fa sa ich riadne aktualizova\u0165. Pou\u017e\u00edvate\u013e s\u00fahlas\u00ed s uveden\u00edm \u00fapln\u00fdch a spr\u00e1vnych \u00fadajov v kontaktnom alebo predplatite\u013eskom formul\u00e1ri.<\/p>\n\n<h2 class=\"wp-block-heading\">Zmeny t\u00fdchto z\u00e1sad ochrany osobn\u00fdch \u00fadajov<\/h2>\n\n<p><strong>ROZDELENIE OBL\u00daKA<\/strong>\u00a0si vyhradzuje pr\u00e1vo upravi\u0165 t\u00fato politiku tak, aby ju prisp\u00f4sobila legislat\u00edvnemu alebo jurisprudenci\u00e1lnemu v\u00fdvoju, ako aj priemyseln\u00fdm postupom. V tak\u00fdchto pr\u00edpadoch Poskytovate\u013e ozn\u00e1mi na tejto str\u00e1nke zaveden\u00e9 zmeny s primeran\u00fdm predstihom o ich implement\u00e1cii.<\/p>\n\t\t\t\t\t\t\t\t<\/div>\n\t\t\t\t\t<\/div>\n\t\t\t\t<\/div>\n\t\t\t\t<\/div>","protected":false},"excerpt":{"rendered":"<p>Z\u00e1sady ochrany osobn\u00fdch \u00fadajov Predch\u00e1dzaj\u00face odpor\u00fa\u010danie V\u00edtame v\u00e1s na tejto webovej str\u00e1nke a odpor\u00fa\u010dame v\u00e1m pre\u010d\u00edta\u0165 si na\u0161e z\u00e1sady ochrany osobn\u00fdch \u00fadajov.<\/p>","protected":false},"author":1,"featured_media":0,"parent":0,"menu_order":0,"comment_status":"closed","ping_status":"closed","template":"elementor_header_footer","meta":{"footnotes":""},"class_list":["post-71","page","type-page","status-publish","hentry"],"yoast_head":"<!-- This site is optimized with the Yoast SEO Premium plugin v24.9 (Yoast SEO v26.1) - https:\/\/yoast.com\/wordpress\/plugins\/seo\/ -->\n<title>politica de privacidad - distribuci\u00f3n ARC<\/title>\n<meta name=\"robots\" content=\"index, follow, max-snippet:-1, max-image-preview:large, max-video-preview:-1\" \/>\n<link rel=\"canonical\" href=\"https:\/\/www.distribucionarc.com\/hr\/politica-de-privacidad\/\" \/>\n<meta property=\"og:locale\" content=\"sk_SK\" \/>\n<meta property=\"og:type\" content=\"article\" \/>\n<meta property=\"og:title\" content=\"politica de privacidad\" \/>\n<meta property=\"og:description\" content=\"politica de privacidad Recomendaci\u00f3n previa Les damos la bienvenida a esta web y les recomendamos que lean nuestra pol\u00edtica de\" \/>\n<meta property=\"og:url\" content=\"https:\/\/www.distribucionarc.com\/hr\/politica-de-privacidad\/\" \/>\n<meta property=\"og:site_name\" content=\"distribuci\u00f3n ARC\" \/>\n<meta property=\"article:modified_time\" content=\"2025-04-25T05:08:47+00:00\" \/>\n<meta property=\"og:image\" content=\"https:\/\/distribucionarc.com\/wp-content\/uploads\/2024\/12\/icono-arc.jpg\" \/>\n\t<meta property=\"og:image:width\" content=\"612\" \/>\n\t<meta property=\"og:image:height\" content=\"792\" \/>\n\t<meta property=\"og:image:type\" content=\"image\/jpeg\" \/>\n<meta name=\"twitter:card\" content=\"summary_large_image\" \/>\n<meta name=\"twitter:label1\" content=\"Predpokladan\u00fd \u010das \u010d\u00edtania\" \/>\n\t<meta name=\"twitter:data1\" content=\"4 min\u00faty\" \/>\n<script type=\"application\/ld+json\" class=\"yoast-schema-graph\">{\"@context\":\"https:\/\/schema.org\",\"@graph\":[{\"@type\":\"WebPage\",\"@id\":\"https:\/\/www.distribucionarc.com\/hr\/politica-de-privacidad\/\",\"url\":\"https:\/\/www.distribucionarc.com\/hr\/politica-de-privacidad\/\",\"name\":\"politica de privacidad - distribuci\u00f3n ARC\",\"isPartOf\":{\"@id\":\"https:\/\/www.distribucionarc.com\/sl\/#website\"},\"datePublished\":\"2020-04-15T09:30:06+00:00\",\"dateModified\":\"2025-04-25T05:08:47+00:00\",\"breadcrumb\":{\"@id\":\"https:\/\/www.distribucionarc.com\/hr\/politica-de-privacidad\/#breadcrumb\"},\"inLanguage\":\"sk-SK\",\"potentialAction\":[{\"@type\":\"ReadAction\",\"target\":[\"https:\/\/www.distribucionarc.com\/hr\/politica-de-privacidad\/\"]}]},{\"@type\":\"BreadcrumbList\",\"@id\":\"https:\/\/www.distribucionarc.com\/hr\/politica-de-privacidad\/#breadcrumb\",\"itemListElement\":[{\"@type\":\"ListItem\",\"position\":1,\"name\":\"Portada\",\"item\":\"https:\/\/www.distribucionarc.com\/\"},{\"@type\":\"ListItem\",\"position\":2,\"name\":\"politica de privacidad\"}]},{\"@type\":\"WebSite\",\"@id\":\"https:\/\/www.distribucionarc.com\/sl\/#website\",\"url\":\"https:\/\/www.distribucionarc.com\/sl\/\",\"name\":\"distribuci\u00f3n ARC\",\"description\":\"Empresa especializada en la fabricaci\u00f3n y distribuci\u00f3n de maquinaria industrial, selladoras de latas, Maquinas de hacer pastillas, Maquinas de cortar carne...\",\"publisher\":{\"@id\":\"https:\/\/www.distribucionarc.com\/sl\/#organization\"},\"potentialAction\":[{\"@type\":\"SearchAction\",\"target\":{\"@type\":\"EntryPoint\",\"urlTemplate\":\"https:\/\/www.distribucionarc.com\/sl\/?s={search_term_string}\"},\"query-input\":{\"@type\":\"PropertyValueSpecification\",\"valueRequired\":true,\"valueName\":\"search_term_string\"}}],\"inLanguage\":\"sk-SK\"},{\"@type\":\"Organization\",\"@id\":\"https:\/\/www.distribucionarc.com\/sl\/#organization\",\"name\":\"Distribuci\u00f3n ARC\",\"url\":\"https:\/\/www.distribucionarc.com\/sl\/\",\"logo\":{\"@type\":\"ImageObject\",\"inLanguage\":\"sk-SK\",\"@id\":\"https:\/\/www.distribucionarc.com\/sl\/#\/schema\/logo\/image\/\",\"url\":\"https:\/\/distribucionarc.com\/wp-content\/uploads\/2024\/10\/distribucion-ARC-COLOR-SIN-FONDO-e1732295305345.png\",\"contentUrl\":\"https:\/\/distribucionarc.com\/wp-content\/uploads\/2024\/10\/distribucion-ARC-COLOR-SIN-FONDO-e1732295305345.png\",\"width\":1164,\"height\":558,\"caption\":\"Distribuci\u00f3n ARC\"},\"image\":{\"@id\":\"https:\/\/www.distribucionarc.com\/sl\/#\/schema\/logo\/image\/\"},\"description\":\"Empresa especializada en la fabricaci\u00f3n y distribuci\u00f3n de maquinaria industrial para los sectores alimentario y farmac\u00e9utico. Nos especializamos en: M\u00e1quinas de cortar carne Fabricaci\u00f3n de comprimidos Sistemas de transporte industrial L\u00edneas de embotellado Dosificadores Y mucho m\u00e1s... Ofrecemos soluciones innovadoras y personalizadas para optimizar los procesos productivos de tu empresa.\",\"email\":\"Admistracion@distribucionarc.com\",\"telephone\":\"+34 643496664\",\"legalName\":\"ARC TECH SOLUTIONS\",\"foundingDate\":\"2024-04-09\",\"vatID\":\"B55480172\",\"numberOfEmployees\":{\"@type\":\"QuantitativeValue\",\"minValue\":\"1\",\"maxValue\":\"10\"}}]}<\/script>\n<!-- \/ Yoast SEO Premium plugin. -->","yoast_head_json":{"title":"z\u00e1sady ochrany osobn\u00fdch \u00fadajov \u2013 distrib\u00facia ARC","robots":{"index":"index","follow":"follow","max-snippet":"max-snippet:-1","max-image-preview":"max-image-preview:large","max-video-preview":"max-video-preview:-1"},"canonical":"https:\/\/www.distribucionarc.com\/hr\/politica-de-privacidad\/","og_locale":"sk_SK","og_type":"article","og_title":"politica de privacidad","og_description":"politica de privacidad Recomendaci\u00f3n previa Les damos la bienvenida a esta web y les recomendamos que lean nuestra pol\u00edtica de","og_url":"https:\/\/www.distribucionarc.com\/hr\/politica-de-privacidad\/","og_site_name":"distribuci\u00f3n ARC","article_modified_time":"2025-04-25T05:08:47+00:00","og_image":[{"width":612,"height":792,"url":"https:\/\/distribucionarc.com\/wp-content\/uploads\/2024\/12\/icono-arc.jpg","type":"image\/jpeg"}],"twitter_card":"summary_large_image","twitter_misc":{"Predpokladan\u00fd \u010das \u010d\u00edtania":"4 min\u00faty"},"schema":{"@context":"https:\/\/schema.org","@graph":[{"@type":"WebPage","@id":"https:\/\/www.distribucionarc.com\/hr\/politica-de-privacidad\/","url":"https:\/\/www.distribucionarc.com\/hr\/politica-de-privacidad\/","name":"z\u00e1sady ochrany osobn\u00fdch \u00fadajov \u2013 distrib\u00facia ARC","isPartOf":{"@id":"https:\/\/www.distribucionarc.com\/sl\/#website"},"datePublished":"2020-04-15T09:30:06+00:00","dateModified":"2025-04-25T05:08:47+00:00","breadcrumb":{"@id":"https:\/\/www.distribucionarc.com\/hr\/politica-de-privacidad\/#breadcrumb"},"inLanguage":"sk-SK","potentialAction":[{"@type":"ReadAction","target":["https:\/\/www.distribucionarc.com\/hr\/politica-de-privacidad\/"]}]},{"@type":"BreadcrumbList","@id":"https:\/\/www.distribucionarc.com\/hr\/politica-de-privacidad\/#breadcrumb","itemListElement":[{"@type":"ListItem","position":1,"name":"Portada","item":"https:\/\/www.distribucionarc.com\/"},{"@type":"ListItem","position":2,"name":"politica de privacidad"}]},{"@type":"WebSite","@id":"https:\/\/www.distribucionarc.com\/sl\/#website","url":"https:\/\/www.distribucionarc.com\/sl\/","name":"ARC distrib\u00facia","description":"Spolo\u010dnos\u0165 sa \u0161pecializuje na v\u00fdrobu a distrib\u00faciu priemyseln\u00fdch strojov, strojov na uzatv\u00e1ranie plechoviek, strojov na v\u00fdrobu tabliet, strojov na porciovanie m\u00e4sa...","publisher":{"@id":"https:\/\/www.distribucionarc.com\/sl\/#organization"},"potentialAction":[{"@type":"SearchAction","target":{"@type":"EntryPoint","urlTemplate":"https:\/\/www.distribucionarc.com\/sl\/?s={search_term_string}"},"query-input":{"@type":"PropertyValueSpecification","valueRequired":true,"valueName":"search_term_string"}}],"inLanguage":"sk-SK"},{"@type":"Organization","@id":"https:\/\/www.distribucionarc.com\/sl\/#organization","name":"Distrib\u00facia ARC","url":"https:\/\/www.distribucionarc.com\/sl\/","logo":{"@type":"ImageObject","inLanguage":"sk-SK","@id":"https:\/\/www.distribucionarc.com\/sl\/#\/schema\/logo\/image\/","url":"https:\/\/distribucionarc.com\/wp-content\/uploads\/2024\/10\/distribucion-ARC-COLOR-SIN-FONDO-e1732295305345.png","contentUrl":"https:\/\/distribucionarc.com\/wp-content\/uploads\/2024\/10\/distribucion-ARC-COLOR-SIN-FONDO-e1732295305345.png","width":1164,"height":558,"caption":"Distribuci\u00f3n ARC"},"image":{"@id":"https:\/\/www.distribucionarc.com\/sl\/#\/schema\/logo\/image\/"},"description":"Spolo\u010dnos\u0165 \u0161pecializuj\u00faca sa na v\u00fdrobu a distrib\u00faciu priemyseln\u00fdch strojov pre potravin\u00e1rsky a farmaceutick\u00fd sektor. \u0160pecializujeme sa na: Stroje na kr\u00e1janie m\u00e4sa V\u00fdroba tabliet Priemyseln\u00e9 dopravn\u00e9 syst\u00e9my D\u00e1vkova\u010de na f\u013ea\u0161e A ove\u013ea viac... Pon\u00fakame inovat\u00edvne a prisp\u00f4soben\u00e9 rie\u0161enia na optimaliz\u00e1ciu v\u00fdrobn\u00fdch procesov va\u0161ej spolo\u010dnosti.","email":"Admistracion@distribucionarc.com","telephone":"+34 643496664","legalName":"ARC TECH SOLUTIONS","foundingDate":"2024-04-09","vatID":"B55480172","numberOfEmployees":{"@type":"QuantitativeValue","minValue":"1","maxValue":"10"}}]}},"_links":{"self":[{"href":"https:\/\/distribucionarc.com\/sk\/wp-json\/wp\/v2\/pages\/71","targetHints":{"allow":["GET"]}}],"collection":[{"href":"https:\/\/distribucionarc.com\/sk\/wp-json\/wp\/v2\/pages"}],"about":[{"href":"https:\/\/distribucionarc.com\/sk\/wp-json\/wp\/v2\/types\/page"}],"author":[{"embeddable":true,"href":"https:\/\/distribucionarc.com\/sk\/wp-json\/wp\/v2\/users\/1"}],"replies":[{"embeddable":true,"href":"https:\/\/distribucionarc.com\/sk\/wp-json\/wp\/v2\/comments?post=71"}],"version-history":[{"count":5,"href":"https:\/\/distribucionarc.com\/sk\/wp-json\/wp\/v2\/pages\/71\/revisions"}],"predecessor-version":[{"id":16724,"href":"https:\/\/distribucionarc.com\/sk\/wp-json\/wp\/v2\/pages\/71\/revisions\/16724"}],"wp:attachment":[{"href":"https:\/\/distribucionarc.com\/sk\/wp-json\/wp\/v2\/media?parent=71"}],"curies":[{"name":"pracovn\u00fd list","href":"https:\/\/api.w.org\/{rel}","templated":true}]}}