{"id":1056,"date":"2020-07-16T09:52:08","date_gmt":"2020-07-16T09:52:08","guid":{"rendered":"https:\/\/distribucionarc.com\/?post_type=product&#038;p=1056"},"modified":"2022-11-30T16:49:13","modified_gmt":"2022-11-30T16:49:13","slug":"vitrina-vystavovatel-horuci-14-ks","status":"publish","type":"product","link":"https:\/\/distribucionarc.com\/sk\/producto\/vitrina-expositor-caliente-14-pza\/","title":{"rendered":"Stredne hor\u00faca vitr\u00edna 3 \u00farovne"},"content":{"rendered":"<h3>Stredne hor\u00faca vitr\u00edna 3 \u00farovne<\/h3>\n<p>Ak h\u013ead\u00e1te perfektn\u00e9 rie\u0161enie, ako udr\u017ea\u0165 jedlo tepl\u00e9 pri serv\u00edrovac\u00edch teplot\u00e1ch nieko\u013eko hod\u00edn v priestoroch \u201ev\u00fdstavy a predaja\u201c, h\u013ead\u00e1te<strong>\u00a0ohrieva\u010de<\/strong>\u00a0a\u00a0<strong>vitr\u00edny na tepl\u00e9 jedl\u00e1<\/strong>\u00a0z\u00a0<strong><span style=\"color: #ff0000;\">TO<\/span><span style=\"color: #0000ff;\">R<\/span>c<\/strong>. The\u00a0<strong>hor\u00faca vitr\u00edna<\/strong>\u00a0z\u00a0<strong><span style=\"color: #ff0000;\">TO<\/span><span style=\"color: #0000ff;\">R<\/span>c<\/strong>\u00a0pon\u00faka rie\u0161enia zariaden\u00ed pre\u00a0<strong>kaviarne<\/strong>,\u00a0<strong>bufety<\/strong>, obchody a re\u0161taur\u00e1cie.<\/p>\n<p>Toto\u00a0<strong>vitr\u00edna<\/strong>\u00a0<strong>hor\u00face\u00a0<span style=\"color: #ff0000;\">TO<\/span><span style=\"color: #0000ff;\">R<\/span>c<\/strong>\u00a0Pracovn\u00e1 doska m\u00e1 pevn\u00fd r\u00e1m z nehrdzavej\u00facej ocele, steny z tvrden\u00e9ho skla a akryl\u00e1tov\u00e9 dvere. S vysokou stabilitou a zlep\u0161enou vidite\u013enos\u0165ou. Dod\u00e1va sa s \u013eahko otv\u00e1rate\u013en\u00fdmi dvierkami, tvrden\u00fdm sklom kombinovan\u00fdm s magnetick\u00fdm uzatv\u00e1rac\u00edm syst\u00e9mom. Poskytuje vylep\u0161en\u00e9 tesnenie dver\u00ed.<\/p>\n<p>The\u00a0<strong>hor\u00faca vitr\u00edna\u00a0<span style=\"color: #ff0000;\">TO<\/span><span style=\"color: #0000ff;\">R<\/span>CVEC14<\/strong>\u00a0Disponuje oto\u010dn\u00fdm termostatick\u00fdm ovl\u00e1dac\u00edm tla\u010didlom, ktor\u00e9 umo\u017e\u0148uje zvoli\u0165 najvhodnej\u0161iu teplotu pre r\u00f4zne druhy potrav\u00edn. Dve vrstvy ko\u0161ov s\u00fa tvoren\u00e9 4 nerezov\u00fdmi podnosmi rozmiestnen\u00fdmi v spodnom priestore 33 x 39 x 18 cm a vrchnom s rozmermi 33 x 33 x 18 cm. Z\u00e1sobn\u00edky je mo\u017en\u00e9 pos\u00fava\u0165 dovn\u00fatra a von, \u010d\u00edm poskytuj\u00fa v\u00e4\u010d\u0161iu kapacitu\u00a0<strong>ohrieva\u010de<\/strong>\u00a0z<strong>\u00a0hor\u00face vitr\u00edny<\/strong>, m\u00e1 vo v\u0161eobecnosti vedr\u00e1 na usporiadanie jedla na bare, zn\u00e1me tie\u017e ako\u00a0<strong>vitr\u00edny<\/strong>r, s\u00fa udr\u017eiavan\u00e9 na vhodnej teplote v\u010faka teplu, v ktorom s\u00fa vedr\u00e1 ponoren\u00e9. V\u0161eobecne plat\u00ed, \u017ee\u00a0<strong>hor\u00face vitr\u00edny<\/strong>\u00a0Va\u0148a m\u00e1 odtok pre \u00fadr\u017ebu a jednoduch\u00e9 \u010distenie. Rovnako ako posuvn\u00e9 dvere na udr\u017eanie teploty a <span style=\"color: #008000;\">neplytva\u0165 energiou jej premenou na a\u00a0<strong>efekt\u00edvny stroj na spotrebu<\/strong>.<\/span><\/p>\n<p>Dekorat\u00edvne tepl\u00e9 svetl\u00e1 robia jedlo atrakt\u00edvnej\u0161ie a p\u00fatavej\u0161ie pre z\u00e1kazn\u00edka; so spo\u013eahliv\u00fdm a bezpe\u010dn\u00fdm vyp\u00edna\u010dom, vodotesn\u00fd, prachotesn\u00fd a odoln\u00fd proti elektrick\u00e9mu \u00faniku; V spodnej \u010dasti je s\u00fa\u010das\u0165ou z\u00e1sobn\u00edka na zachyt\u00e1vanie oleja.<\/p>\n<h6><\/h6>\n<h6><strong>Z\u00e1ruka\u00a0<span style=\"color: #ff0000;\">TO<\/span><span style=\"color: #0000ff;\">R<\/span>C 2 ROKY<\/strong><\/h6>\n<h6><span style=\"color: #008000;\">Efekt\u00edvna hor\u00faca vitr\u00edna, n\u00edzka spotreba 600w<\/span><\/h6>\n<h6><strong>vr\u00e1tane technickej podpory.<\/strong><\/h6>\n<p>&nbsp;<\/p>\n<p>&nbsp;<\/p>\n<table role=\"presentation\" width=\"100%\" cellspacing=\"0\" cellpadding=\"0\">\n<tbody>\n<tr>\n<td class=\"attrLabels\">teplota:<\/td>\n<td width=\"50.0%\">30-85\u00baC<\/td>\n<\/tr>\n<tr>\n<td class=\"attrLabels\">Krajina distrib\u00facie:<\/td>\n<td width=\"50.0%\">\u0160panielsko, Nemecko, USA<\/td>\n<td class=\"attrLabels\">Hmotnos\u0165:<\/td>\n<td width=\"50.0%\">14 kg<\/td>\n<\/tr>\n<tr>\n<td class=\"attrLabels\">Zna\u010dka:<\/td>\n<td width=\"50.0%\">ARC<\/td>\n<td class=\"attrLabels\">v\u00fd\u0161ka:<\/td>\n<td width=\"50.0%\">52 cm<\/td>\n<\/tr>\n<tr>\n<td class=\"attrLabels\">Farba:<\/td>\n<td width=\"50.0%\">Strieborn\u00e1<\/td>\n<td class=\"attrLabels\">Dlh\u00e9:<\/td>\n<td width=\"50.0%\">35 cm<\/td>\n<\/tr>\n<tr>\n<td class=\"attrLabels\">Typ produktu:<\/td>\n<td width=\"50.0%\">Hor\u00faca vitr\u00edna<\/td>\n<td class=\"attrLabels\">\u0160irok\u00e1:<\/td>\n<td width=\"50.0%\">\u00a042 cm<\/td>\n<\/tr>\n<tr>\n<td class=\"attrLabels\">\u010c\u00edslo v\u00fdrobcu:<\/td>\n<td width=\"50.0%\">ARCVEC14<\/td>\n<td class=\"attrLabels\">V\u00fdkon:<\/td>\n<td width=\"50.0%\">600 W<\/td>\n<\/tr>\n<tr>\n<td class=\"attrLabels\">Materi\u00e1l:<\/td>\n<td width=\"50.0%\">nerezov\u00e1 oce\u013e, regul\u00e1cia teploty<\/td>\n<td class=\"attrLabels\">vstupn\u00e9 nap\u00e4tie<\/td>\n<td width=\"50.0%\">220V \u2013 60Hz<\/td>\n<\/tr>\n<tr>\n<td class=\"attrLabels\">\u00darovne:<\/td>\n<td width=\"50.0%\">\u00a03<\/td>\n<td class=\"attrLabels\">Ve\u013ekos\u0165 kab\u00edny:<\/td>\n<td width=\"50.0%\">Rozmery 37 x 28 x 10 cm<\/td>\n<\/tr>\n<tr>\n<td class=\"attrLabels\">In\u0161tala\u010dn\u00e9 n\u00e1stroje:<\/td>\n<td width=\"50.0%\">\u00c1no<\/td>\n<td class=\"attrLabels\">Z\u00e1ruka:<\/td>\n<td width=\"50.0%\">2 ROKY<\/td>\n<\/tr>\n<\/tbody>\n<\/table>\n<h6><\/h6>\n<p>&nbsp;<\/p>","protected":false},"excerpt":{"rendered":"<h2>Stredne hor\u00faca vitr\u00edna 3 \u00farovne<\/h2>\n<p>M\u00f4\u017eete pou\u017ei\u0165 toto<strong>\u00a0vitr\u00edna<span style=\"color: #ff0000;\">\u00a0TO<\/span><span style=\"color: #0000ff;\">R<\/span>c<\/strong>\u00a0v \u0161irokej \u0161k\u00e1le stravovac\u00edch prostred\u00ed, vr\u00e1tane\u00a0<strong>kin\u00e1<\/strong>,\u00a0<strong>pek\u00e1rne<\/strong>,\u00a0<strong>kaviarne<\/strong>,\u00a0<strong>re\u0161taur\u00e1cie r\u00fdchleho ob\u010derstvenia<\/strong>\u00a0a mnoho \u010fal\u0161\u00edch zariaden\u00ed, ktor\u00e9 sa venuj\u00fa\u00a0<strong>pohostinnos\u0165<\/strong>.<\/p>\n<p>On\u00a0<strong>hor\u00faci displej<\/strong> Dod\u00e1va sa s 3 \u00farov\u0148ami podpory, 3 podnosmi z nehrdzavej\u00facej ocele, ktor\u00e9 poskytuj\u00fa viac priestoru na ulo\u017eenie potrav\u00edn r\u00f4znych ve\u013ekost\u00ed. Dekorat\u00edvne tepl\u00e9 svetl\u00e1 robia jedlo atrakt\u00edvnej\u0161ie a p\u00fatavej\u0161ie. Zapnutie\/vypnutie<strong>\u00a0hor\u00facu vitr\u00ednu<\/strong>\u00a0z\u00a0<strong><span style=\"color: #ff0000;\">TO<\/span><span style=\"color: #0000ff;\">R<\/span>c<\/strong>\u00a0Je spo\u013eahliv\u00fd a zvy\u0161uje bezpe\u010dnostn\u00fd faktor a t\u00fdm aj \u017eivotnos\u0165 pultov\u00e9ho ohrieva\u010da; Okrem propag\u00e1cie a\u00a0<span style=\"color: #008000;\"><strong>efekt\u00edvna spotreba energie<\/strong><\/span>. V spodnej \u010dasti m\u00e1 z\u00e1sobn\u00edk na zber oleja pre jednoduch\u00e9 \u010distenie. M\u00e1 nastavite\u013en\u00fa termostatick\u00fa teplotu\u00a0<strong><span style=\"color: #ff0000;\">TO<\/span><span style=\"color: #0000ff;\">R<\/span>CVEC14<\/strong>\u00a0U\u013eah\u010d\u00ed v\u00e1m nastavenie teploty pod\u013ea r\u00f4znych druhov potrav\u00edn.<\/p>\n<h6><strong>Z\u00e1ruka<span style=\"color: #ff0000;\">\u00a0TO<\/span><span style=\"color: #0000ff;\">R<\/span>C 2 ROKY<\/strong><\/h6>\n<h6><span style=\"color: #008000;\">Efekt\u00edvna hor\u00faca vitr\u00edna, n\u00edzka spotreba 600w<\/span><\/h6>\n<p><strong>Vr\u00e1tane technickej podpory.<\/strong><\/p>","protected":false},"featured_media":1063,"comment_status":"open","ping_status":"closed","template":"","meta":{"wds_primary_product_brand":0,"wds_primary_product_cat":0},"product_brand":[],"product_cat":[41],"product_tag":[],"class_list":{"0":"post-1056","1":"product","2":"type-product","3":"status-publish","4":"has-post-thumbnail","6":"product_cat-expositor-de-alimentos","7":"product_shipping_class-hosteleria","9":"first","10":"instock","11":"taxable","12":"shipping-taxable","13":"purchasable","14":"product-type-simple"},"yoast_head":"<!-- This site is optimized with the Yoast SEO Premium plugin v24.9 (Yoast SEO v26.1) - https:\/\/yoast.com\/wordpress\/plugins\/seo\/ -->\n<title>Vitrina expositor caliente mediano 3 niveles - distribuci\u00f3n ARC<\/title>\n<meta name=\"robots\" content=\"index, follow, max-snippet:-1, max-image-preview:large, max-video-preview:-1\" \/>\n<link rel=\"canonical\" href=\"https:\/\/www.distribucionarc.com\/tr\/producto\/vitrina-expositor-caliente-14-pza\/\" \/>\n<meta property=\"og:locale\" content=\"sk_SK\" \/>\n<meta property=\"og:type\" content=\"article\" \/>\n<meta property=\"og:title\" content=\"Vitrina expositor caliente mediano 3 niveles\" \/>\n<meta property=\"og:description\" content=\"Vitrina expositor caliente mediano 3 niveles Puede usar esta\u00a0vitrina expositor de\u00a0ARC\u00a0en una amplia variedad de ambientes gastron\u00f3micos, incluyendo\u00a0cines,\u00a0panader\u00edas,\u00a0cafeter\u00edas,\u00a0restaurantes de comida r\u00e1pida\u00a0y muchos otros establecimientos dedicados a la\u00a0hosteler\u00eda.  El\u00a0expositor caliente viene con 3 niveles de soporte, 3 bandejas de acero inoxidable, proporcionando m\u00e1s espacio para almacenar alimentos de diferentes tama\u00f1os. Las luces c\u00e1lidas decorativas permiten que los alimentos sean m\u00e1s atractivos y llamativos. El encendido\/apagado de\u00a0la vitrina caliente\u00a0de\u00a0ARC\u00a0es fiable y mejora el factor de seguridad as\u00ed la vida \u00fatil del calentador de contador; adem\u00e1s de favorecer un\u00a0consumo energ\u00e9tico eficiente. Cuenta con una bandeja en la parte inferior para la recolecci\u00f3n de aceite para facilitar su limpieza. Dispone de una temperatura termost\u00e1tica ajustable, la\u00a0ARCVEC14\u00a0le facilita ajustar la temperatura seg\u00fan los distintos tipos de alimentos. Garant\u00eda\u00a0ARC 2 A\u00d1OS Vitrina expositora caliente eficiente, bajo consumo 600w Soporte t\u00e9cnico incluido.\" \/>\n<meta property=\"og:url\" content=\"https:\/\/www.distribucionarc.com\/tr\/producto\/vitrina-expositor-caliente-14-pza\/\" \/>\n<meta property=\"og:site_name\" content=\"distribuci\u00f3n ARC\" \/>\n<meta property=\"article:modified_time\" content=\"2022-11-30T16:49:13+00:00\" \/>\n<meta property=\"og:image\" content=\"https:\/\/www.distribucionarc.com\/wp-content\/uploads\/2020\/07\/Vitrina-expositor-caliente-14-0.jpg\" \/>\n\t<meta property=\"og:image:width\" content=\"1600\" \/>\n\t<meta property=\"og:image:height\" content=\"1600\" \/>\n\t<meta property=\"og:image:type\" content=\"image\/jpeg\" \/>\n<meta name=\"twitter:card\" content=\"summary_large_image\" \/>\n<meta name=\"twitter:label1\" content=\"Predpokladan\u00fd \u010das \u010d\u00edtania\" \/>\n\t<meta name=\"twitter:data1\" content=\"2 min\u00faty\" \/>\n<script type=\"application\/ld+json\" class=\"yoast-schema-graph\">{\"@context\":\"https:\/\/schema.org\",\"@graph\":[{\"@type\":\"WebPage\",\"@id\":\"https:\/\/www.distribucionarc.com\/tr\/producto\/vitrina-expositor-caliente-14-pza\/\",\"url\":\"https:\/\/www.distribucionarc.com\/tr\/producto\/vitrina-expositor-caliente-14-pza\/\",\"name\":\"Vitrina expositor caliente mediano 3 niveles - distribuci\u00f3n ARC\",\"isPartOf\":{\"@id\":\"https:\/\/www.distribucionarc.com\/tr\/#website\"},\"primaryImageOfPage\":{\"@id\":\"https:\/\/www.distribucionarc.com\/tr\/producto\/vitrina-expositor-caliente-14-pza\/#primaryimage\"},\"image\":{\"@id\":\"https:\/\/www.distribucionarc.com\/tr\/producto\/vitrina-expositor-caliente-14-pza\/#primaryimage\"},\"thumbnailUrl\":\"https:\/\/distribucionarc.com\/wp-content\/uploads\/2020\/07\/Vitrina-expositor-caliente-14-0.jpg\",\"datePublished\":\"2020-07-16T09:52:08+00:00\",\"dateModified\":\"2022-11-30T16:49:13+00:00\",\"breadcrumb\":{\"@id\":\"https:\/\/www.distribucionarc.com\/tr\/producto\/vitrina-expositor-caliente-14-pza\/#breadcrumb\"},\"inLanguage\":\"sk-SK\",\"potentialAction\":[{\"@type\":\"ReadAction\",\"target\":[\"https:\/\/www.distribucionarc.com\/tr\/producto\/vitrina-expositor-caliente-14-pza\/\"]}]},{\"@type\":\"ImageObject\",\"inLanguage\":\"sk-SK\",\"@id\":\"https:\/\/www.distribucionarc.com\/tr\/producto\/vitrina-expositor-caliente-14-pza\/#primaryimage\",\"url\":\"https:\/\/distribucionarc.com\/wp-content\/uploads\/2020\/07\/Vitrina-expositor-caliente-14-0.jpg\",\"contentUrl\":\"https:\/\/distribucionarc.com\/wp-content\/uploads\/2020\/07\/Vitrina-expositor-caliente-14-0.jpg\",\"width\":1600,\"height\":1600,\"caption\":\"Vitrina expositor caliente 14\"},{\"@type\":\"BreadcrumbList\",\"@id\":\"https:\/\/www.distribucionarc.com\/tr\/producto\/vitrina-expositor-caliente-14-pza\/#breadcrumb\",\"itemListElement\":[{\"@type\":\"ListItem\",\"position\":1,\"name\":\"Portada\",\"item\":\"https:\/\/www.distribucionarc.com\/tr\/\"},{\"@type\":\"ListItem\",\"position\":2,\"name\":\"Produktai\",\"item\":\"https:\/\/distribucionarc.com\/lt\/parduotuve\/\"},{\"@type\":\"ListItem\",\"position\":3,\"name\":\"Vitrina expositor caliente mediano 3 niveles\"}]},{\"@type\":\"WebSite\",\"@id\":\"https:\/\/www.distribucionarc.com\/tr\/#website\",\"url\":\"https:\/\/www.distribucionarc.com\/tr\/\",\"name\":\"distribuci\u00f3n ARC\",\"description\":\"Empresa especializada en la fabricaci\u00f3n y distribuci\u00f3n de maquinaria industrial, selladoras de latas, Maquinas de hacer pastillas, Maquinas de cortar carne...\",\"publisher\":{\"@id\":\"https:\/\/www.distribucionarc.com\/tr\/#organization\"},\"potentialAction\":[{\"@type\":\"SearchAction\",\"target\":{\"@type\":\"EntryPoint\",\"urlTemplate\":\"https:\/\/www.distribucionarc.com\/tr\/?s={search_term_string}\"},\"query-input\":{\"@type\":\"PropertyValueSpecification\",\"valueRequired\":true,\"valueName\":\"search_term_string\"}}],\"inLanguage\":\"sk-SK\"},{\"@type\":\"Organization\",\"@id\":\"https:\/\/www.distribucionarc.com\/tr\/#organization\",\"name\":\"Distribuci\u00f3n ARC\",\"url\":\"https:\/\/www.distribucionarc.com\/tr\/\",\"logo\":{\"@type\":\"ImageObject\",\"inLanguage\":\"sk-SK\",\"@id\":\"https:\/\/www.distribucionarc.com\/tr\/#\/schema\/logo\/image\/\",\"url\":\"https:\/\/distribucionarc.com\/wp-content\/uploads\/2024\/10\/distribucion-ARC-COLOR-SIN-FONDO-e1732295305345.png\",\"contentUrl\":\"https:\/\/distribucionarc.com\/wp-content\/uploads\/2024\/10\/distribucion-ARC-COLOR-SIN-FONDO-e1732295305345.png\",\"width\":1164,\"height\":558,\"caption\":\"Distribuci\u00f3n ARC\"},\"image\":{\"@id\":\"https:\/\/www.distribucionarc.com\/tr\/#\/schema\/logo\/image\/\"},\"description\":\"Empresa especializada en la fabricaci\u00f3n y distribuci\u00f3n de maquinaria industrial para los sectores alimentario y farmac\u00e9utico. Nos especializamos en: M\u00e1quinas de cortar carne Fabricaci\u00f3n de comprimidos Sistemas de transporte industrial L\u00edneas de embotellado Dosificadores Y mucho m\u00e1s... Ofrecemos soluciones innovadoras y personalizadas para optimizar los procesos productivos de tu empresa.\",\"email\":\"Admistracion@distribucionarc.com\",\"telephone\":\"+34 643496664\",\"legalName\":\"ARC TECH SOLUTIONS\",\"foundingDate\":\"2024-04-09\",\"vatID\":\"B55480172\",\"numberOfEmployees\":{\"@type\":\"QuantitativeValue\",\"minValue\":\"1\",\"maxValue\":\"10\"}}]}<\/script>\n<!-- \/ Yoast SEO Premium plugin. -->","yoast_head_json":{"title":"Stredne hor\u00faca vitr\u00edna 3 \u00farovne - rozvod ARC","robots":{"index":"index","follow":"follow","max-snippet":"max-snippet:-1","max-image-preview":"max-image-preview:large","max-video-preview":"max-video-preview:-1"},"canonical":"https:\/\/www.distribucionarc.com\/tr\/producto\/vitrina-expositor-caliente-14-pza\/","og_locale":"sk_SK","og_type":"article","og_title":"Vitrina expositor caliente mediano 3 niveles","og_description":"Vitrina expositor caliente mediano 3 niveles Puede usar esta\u00a0vitrina expositor de\u00a0ARC\u00a0en una amplia variedad de ambientes gastron\u00f3micos, incluyendo\u00a0cines,\u00a0panader\u00edas,\u00a0cafeter\u00edas,\u00a0restaurantes de comida r\u00e1pida\u00a0y muchos otros establecimientos dedicados a la\u00a0hosteler\u00eda.  El\u00a0expositor caliente viene con 3 niveles de soporte, 3 bandejas de acero inoxidable, proporcionando m\u00e1s espacio para almacenar alimentos de diferentes tama\u00f1os. Las luces c\u00e1lidas decorativas permiten que los alimentos sean m\u00e1s atractivos y llamativos. El encendido\/apagado de\u00a0la vitrina caliente\u00a0de\u00a0ARC\u00a0es fiable y mejora el factor de seguridad as\u00ed la vida \u00fatil del calentador de contador; adem\u00e1s de favorecer un\u00a0consumo energ\u00e9tico eficiente. Cuenta con una bandeja en la parte inferior para la recolecci\u00f3n de aceite para facilitar su limpieza. Dispone de una temperatura termost\u00e1tica ajustable, la\u00a0ARCVEC14\u00a0le facilita ajustar la temperatura seg\u00fan los distintos tipos de alimentos. Garant\u00eda\u00a0ARC 2 A\u00d1OS Vitrina expositora caliente eficiente, bajo consumo 600w Soporte t\u00e9cnico incluido.","og_url":"https:\/\/www.distribucionarc.com\/tr\/producto\/vitrina-expositor-caliente-14-pza\/","og_site_name":"distribuci\u00f3n ARC","article_modified_time":"2022-11-30T16:49:13+00:00","og_image":[{"width":1600,"height":1600,"url":"https:\/\/www.distribucionarc.com\/wp-content\/uploads\/2020\/07\/Vitrina-expositor-caliente-14-0.jpg","type":"image\/jpeg"}],"twitter_card":"summary_large_image","twitter_misc":{"Predpokladan\u00fd \u010das \u010d\u00edtania":"2 min\u00faty"},"schema":{"@context":"https:\/\/schema.org","@graph":[{"@type":"WebPage","@id":"https:\/\/www.distribucionarc.com\/tr\/producto\/vitrina-expositor-caliente-14-pza\/","url":"https:\/\/www.distribucionarc.com\/tr\/producto\/vitrina-expositor-caliente-14-pza\/","name":"Stredne hor\u00faca vitr\u00edna 3 \u00farovne - rozvod ARC","isPartOf":{"@id":"https:\/\/www.distribucionarc.com\/tr\/#website"},"primaryImageOfPage":{"@id":"https:\/\/www.distribucionarc.com\/tr\/producto\/vitrina-expositor-caliente-14-pza\/#primaryimage"},"image":{"@id":"https:\/\/www.distribucionarc.com\/tr\/producto\/vitrina-expositor-caliente-14-pza\/#primaryimage"},"thumbnailUrl":"https:\/\/distribucionarc.com\/wp-content\/uploads\/2020\/07\/Vitrina-expositor-caliente-14-0.jpg","datePublished":"2020-07-16T09:52:08+00:00","dateModified":"2022-11-30T16:49:13+00:00","breadcrumb":{"@id":"https:\/\/www.distribucionarc.com\/tr\/producto\/vitrina-expositor-caliente-14-pza\/#breadcrumb"},"inLanguage":"sk-SK","potentialAction":[{"@type":"ReadAction","target":["https:\/\/www.distribucionarc.com\/tr\/producto\/vitrina-expositor-caliente-14-pza\/"]}]},{"@type":"ImageObject","inLanguage":"sk-SK","@id":"https:\/\/www.distribucionarc.com\/tr\/producto\/vitrina-expositor-caliente-14-pza\/#primaryimage","url":"https:\/\/distribucionarc.com\/wp-content\/uploads\/2020\/07\/Vitrina-expositor-caliente-14-0.jpg","contentUrl":"https:\/\/distribucionarc.com\/wp-content\/uploads\/2020\/07\/Vitrina-expositor-caliente-14-0.jpg","width":1600,"height":1600,"caption":"Vitrina expositor caliente 14"},{"@type":"BreadcrumbList","@id":"https:\/\/www.distribucionarc.com\/tr\/producto\/vitrina-expositor-caliente-14-pza\/#breadcrumb","itemListElement":[{"@type":"ListItem","position":1,"name":"Portada","item":"https:\/\/www.distribucionarc.com\/tr\/"},{"@type":"ListItem","position":2,"name":"Produktai","item":"https:\/\/distribucionarc.com\/lt\/parduotuve\/"},{"@type":"ListItem","position":3,"name":"Vitrina expositor caliente mediano 3 niveles"}]},{"@type":"WebSite","@id":"https:\/\/www.distribucionarc.com\/tr\/#website","url":"https:\/\/www.distribucionarc.com\/tr\/","name":"ARC distrib\u00facia","description":"Spolo\u010dnos\u0165 sa \u0161pecializuje na v\u00fdrobu a distrib\u00faciu priemyseln\u00fdch strojov, strojov na uzatv\u00e1ranie plechoviek, strojov na v\u00fdrobu tabliet, strojov na porciovanie m\u00e4sa...","publisher":{"@id":"https:\/\/www.distribucionarc.com\/tr\/#organization"},"potentialAction":[{"@type":"SearchAction","target":{"@type":"EntryPoint","urlTemplate":"https:\/\/www.distribucionarc.com\/tr\/?s={search_term_string}"},"query-input":{"@type":"PropertyValueSpecification","valueRequired":true,"valueName":"search_term_string"}}],"inLanguage":"sk-SK"},{"@type":"Organization","@id":"https:\/\/www.distribucionarc.com\/tr\/#organization","name":"Distrib\u00facia ARC","url":"https:\/\/www.distribucionarc.com\/tr\/","logo":{"@type":"ImageObject","inLanguage":"sk-SK","@id":"https:\/\/www.distribucionarc.com\/tr\/#\/schema\/logo\/image\/","url":"https:\/\/distribucionarc.com\/wp-content\/uploads\/2024\/10\/distribucion-ARC-COLOR-SIN-FONDO-e1732295305345.png","contentUrl":"https:\/\/distribucionarc.com\/wp-content\/uploads\/2024\/10\/distribucion-ARC-COLOR-SIN-FONDO-e1732295305345.png","width":1164,"height":558,"caption":"Distribuci\u00f3n ARC"},"image":{"@id":"https:\/\/www.distribucionarc.com\/tr\/#\/schema\/logo\/image\/"},"description":"Spolo\u010dnos\u0165 \u0161pecializuj\u00faca sa na v\u00fdrobu a distrib\u00faciu priemyseln\u00fdch strojov pre potravin\u00e1rsky a farmaceutick\u00fd sektor. \u0160pecializujeme sa na: Stroje na kr\u00e1janie m\u00e4sa V\u00fdroba tabliet Priemyseln\u00e9 dopravn\u00e9 syst\u00e9my D\u00e1vkova\u010de na f\u013ea\u0161e A ove\u013ea viac... Pon\u00fakame inovat\u00edvne a prisp\u00f4soben\u00e9 rie\u0161enia na optimaliz\u00e1ciu v\u00fdrobn\u00fdch procesov va\u0161ej spolo\u010dnosti.","email":"Admistracion@distribucionarc.com","telephone":"+34 643496664","legalName":"ARC TECH SOLUTIONS","foundingDate":"2024-04-09","vatID":"B55480172","numberOfEmployees":{"@type":"QuantitativeValue","minValue":"1","maxValue":"10"}}]}},"_links":{"self":[{"href":"https:\/\/distribucionarc.com\/sk\/wp-json\/wp\/v2\/product\/1056","targetHints":{"allow":["GET"]}}],"collection":[{"href":"https:\/\/distribucionarc.com\/sk\/wp-json\/wp\/v2\/product"}],"about":[{"href":"https:\/\/distribucionarc.com\/sk\/wp-json\/wp\/v2\/types\/product"}],"replies":[{"embeddable":true,"href":"https:\/\/distribucionarc.com\/sk\/wp-json\/wp\/v2\/comments?post=1056"}],"version-history":[{"count":0,"href":"https:\/\/distribucionarc.com\/sk\/wp-json\/wp\/v2\/product\/1056\/revisions"}],"wp:featuredmedia":[{"embeddable":true,"href":"https:\/\/distribucionarc.com\/sk\/wp-json\/wp\/v2\/media\/1063"}],"wp:attachment":[{"href":"https:\/\/distribucionarc.com\/sk\/wp-json\/wp\/v2\/media?parent=1056"}],"wp:term":[{"taxonomy":"product_brand","embeddable":true,"href":"https:\/\/distribucionarc.com\/sk\/wp-json\/wp\/v2\/product_brand?post=1056"},{"taxonomy":"product_cat","embeddable":true,"href":"https:\/\/distribucionarc.com\/sk\/wp-json\/wp\/v2\/product_cat?post=1056"},{"taxonomy":"product_tag","embeddable":true,"href":"https:\/\/distribucionarc.com\/sk\/wp-json\/wp\/v2\/product_tag?post=1056"}],"curies":[{"name":"pracovn\u00fd list","href":"https:\/\/api.w.org\/{rel}","templated":true}]}}