{"id":1170,"date":"2020-07-17T12:52:03","date_gmt":"2020-07-17T12:52:03","guid":{"rendered":"https:\/\/distribucionarc.com\/?post_type=product&#038;p=1170"},"modified":"2024-09-08T15:27:42","modified_gmt":"2024-09-08T15:27:42","slug":"elektricky-stroj-na-cukrovu-vatu-s-vozikom","status":"publish","type":"product","link":"https:\/\/distribucionarc.com\/sk\/producto\/maquina-de-algodon-de-azucar-electrica-con-carro\/","title":{"rendered":"Elektrick\u00fd stroj na cukrov\u00fa vatu s voz\u00edkom"},"content":{"rendered":"<h3>Elektrick\u00fd stroj na cukrov\u00fa vatu s voz\u00edkom<\/h3>\n<p>Toto <strong>stroj na cukrov\u00fa vatu<\/strong> z <strong><span style=\"color: #ff0000;\">TO<\/span><span style=\"color: #0000ff;\">R<\/span>c<\/strong> Budete ma\u0165 pocit, \u017ee m\u00e1te dvoch. S na\u0161\u00edm <strong><span style=\"color: #ff0000;\">TO<\/span><span style=\"color: #0000ff;\">R<\/span>CMAAc2<\/strong>, pripravte najlep\u0161iu cukrov\u00fa vatu! Stroj na cukrov\u00fa vatu je ide\u00e1lny na narodeninov\u00e9 oslavy, kin\u00e1, oslavy, festivaly, karnevaly a jarmoky.<\/p>\n<p>Je vybaven\u00fd vyp\u00edna\u010dom, voltmetrom, poistkou a zosil\u0148ova\u010dom. Aby bola zabezpe\u010den\u00e1 aj trvanlivos\u0165 <span style=\"color: #008000;\"><strong>zabezpe\u010di\u0165 efekt\u00edvnu spotrebu energie<\/strong><\/span>.<\/p>\n<p>N\u00e1dr\u017e a d\u00e1vkova\u010d z nehrdzavej\u00facej ocele u\u013eah\u010duj\u00fa \u010distenie a \u00fadr\u017ebu. Ve\u013ek\u00e1 n\u00e1dr\u017e z nehrdzavej\u00facej ocele sa d\u00e1 \u013eahko vybra\u0165 pre \u013eahk\u00e9 \u010distenie. n\u00e1\u0161 <strong>stroj na cukrov\u00fa vatu<\/strong> Je vybaven\u00fd vyberate\u013enou z\u00e1suvkou z nehrdzavej\u00facej ocele na ulo\u017eenie n\u00e1hradn\u00fdch dielov alebo d\u00e1vkovac\u00edch ty\u010diniek v bl\u00edzkosti.  Okrem toho m\u00f4\u017eete do svojho stroja prida\u0165 prieh\u013eadn\u00fa plastov\u00fa bublinov\u00fa kupolu, \u010do v\u00e1m umo\u017en\u00ed zaisti\u0165 bezpe\u010dnos\u0165 pri v\u00fdrobe <strong>cukrov\u00e1 vata<\/strong><\/p>\n<p>S na\u0161\u00edm<strong> stroj na bavlnu <span style=\"color: #ff0000;\">TO<\/span><span style=\"color: #0000ff;\">R<\/span>CMAAc2<\/strong>, m\u00f4\u017eete vytvori\u0165 a <span style=\"color: #ff0000;\"><strong>cukrov\u00e1 vata<\/strong> <strong>\u0161pi\u010dkov\u00e1 kvalita za menej ako min\u00fatu<\/strong><\/span>. Len s trochou cukru si m\u00f4\u017eete vyrobi\u0165 to\u013eko \u017eiadan\u00fa cukrov\u00fa vatu r\u00f4znych pr\u00edchut\u00ed a r\u00f4znych farieb. Pripravte si chutn\u00e9 \u010derven\u00e9, \u017elt\u00e9, modr\u00e9, zelen\u00e9, fialov\u00e9 cukrov\u00e9 vaty...<\/p>\n<h6><strong>Z\u00e1ruka <span style=\"color: #ff0000;\">TO<\/span><span style=\"color: #0000ff;\">R<\/span>c<\/strong><strong style=\"font-size: 1.1em;\">\u00a02 ROKY<\/strong><\/h6>\n<h6><span style=\"color: #008000;\"><strong>Efekt\u00edvny elektrick\u00fd stroj na cukrov\u00fa vatu, n\u00edzka spotreba 800w<\/strong><\/span><\/h6>\n<h6><strong>vr\u00e1tane technickej podpory.<\/strong><\/h6>\n<p>&nbsp;<\/p>\n<p>&nbsp;<\/p>\n<table>\n<thead>\n<tr>\n<th><strong>Charakteristika<\/strong><\/th>\n<th><strong>Popis<\/strong><\/th>\n<\/tr>\n<\/thead>\n<tbody>\n<tr>\n<td><strong>\u010c\u00edslo v\u00fdrobcu<\/strong><\/td>\n<td>ARCMAc2<\/td>\n<\/tr>\n<tr>\n<td><strong>Krajiny s technickou podporou<\/strong><\/td>\n<td><a href=\"https:\/\/distribucionarc.com\/sk\/technicka-sluzba\/\">Konzultujte technick\u00fa podporu tu<\/a><\/td>\n<\/tr>\n<tr>\n<td><strong>Hmotnos\u0165<\/strong><\/td>\n<td>12,5 kilogramu (kg)<\/td>\n<\/tr>\n<tr>\n<td><strong>Rozmery stroja<\/strong><\/td>\n<td>54 centimetrov (cm) x 54 cm x 45 cm<\/td>\n<\/tr>\n<tr>\n<td><strong>Rozmery ko\u0161\u00edka<\/strong><\/td>\n<td><strong>Vysok\u00e1<\/strong>: 147 cm, <strong>Dlh\u00e9<\/strong>: 75 cm, <strong>\u0160irok\u00fd<\/strong>: 50 cm<\/td>\n<\/tr>\n<tr>\n<td><strong>Farba<\/strong><\/td>\n<td>Ru\u017eov\u00e1<\/td>\n<\/tr>\n<tr>\n<td><strong>Sila<\/strong><\/td>\n<td>1300 wattov (W)<\/td>\n<\/tr>\n<tr>\n<td><strong>vstupn\u00e9 nap\u00e4tie<\/strong><\/td>\n<td>220V \u2013 60Hz \/ 110V \u2013 50Hz<\/td>\n<\/tr>\n<tr>\n<td><strong>\u010cas na d\u00e1vku<\/strong><\/td>\n<td>Od 30 sek\u00fand do 1 min\u00faty na kus<\/td>\n<\/tr>\n<tr>\n<td><strong>V\u00fdroba<\/strong><\/td>\n<td>A\u017e 7 kusov za min\u00fatu<\/td>\n<\/tr>\n<tr>\n<td><strong>Materi\u00e1l<\/strong><\/td>\n<td>Nerezov\u00e1 oce\u013e bezpe\u010dn\u00e1 pre potraviny<\/td>\n<\/tr>\n<tr>\n<td><strong>In\u0161tala\u010dn\u00e9 n\u00e1stroje<\/strong><\/td>\n<td>Zahrnut\u00e9<\/td>\n<\/tr>\n<tr>\n<td><strong>Zna\u010dka<\/strong><\/td>\n<td>ARC<\/td>\n<\/tr>\n<tr>\n<td><strong>Typ produktu<\/strong><\/td>\n<td>Profesion\u00e1lny stroj na cukrov\u00fa vatu s voz\u00edkom<\/td>\n<\/tr>\n<tr>\n<td><strong>Z\u00e1ruka<\/strong><\/td>\n<td>2 roky<\/td>\n<\/tr>\n<\/tbody>\n<\/table>","protected":false},"excerpt":{"rendered":"<h2><strong>Stroj na cukrov\u00fa vatu s voz\u00edkom \u2013 profesion\u00e1lne pou\u017eitie<\/strong><\/h2>\n<p>Toto <strong>profesion\u00e1lny stroj na cukrov\u00fa vatu s voz\u00edkom<\/strong> Je to perfektn\u00fd n\u00e1stroj na v\u00fdrobu cukrovej vaty na akomko\u013evek podujat\u00ed alebo podniku. V\u010faka svojej kon\u0161trukcii s kolieskami sa tento stroj \u013eahko pres\u00fava a umo\u017e\u0148uje prezent\u00e1cie na viacer\u00fdch miestach, v\u010faka \u010domu je ide\u00e1lny ako pre mobiln\u00e9 akcie, tak aj pre pou\u017eitie na ve\u013etrhoch alebo obchodn\u00fdch priestoroch. Jeho pevn\u00e1 kon\u0161trukcia z nehrdzavej\u00facej ocele a vysok\u00fd v\u00fdkon zais\u0165uj\u00fa r\u00fdchlu a efekt\u00edvnu v\u00fdrobu cukrovej vaty.<\/p>\n<h3>Hlavn\u00e9 vlastnosti:<\/h3>\n<ul>\n<li><strong>voz\u00edk s kolesami<\/strong>: U\u013eah\u010duje prepravu a mobilitu, ide\u00e1lne na podujatia a ve\u013etrhy. Dizajn ve\u013ek\u00fdch kolies umo\u017e\u0148uje bezprobl\u00e9mov\u00fd pohyb stroja po r\u00f4znych povrchoch.<\/li>\n<li><strong>profesion\u00e1lne pou\u017eitie<\/strong>: Tento stroj je navrhnut\u00fd pre vysok\u00fa v\u00fdrobn\u00fa kapacitu, ide\u00e1lny pre podniky s ve\u013ek\u00fdm pr\u00edlevom z\u00e1kazn\u00edkov, ako s\u00fa ve\u013etrhy, festivaly a z\u00e1bavn\u00e9 parky.<\/li>\n<li><strong>Vysok\u00fd v\u00fdkon<\/strong>: Motor pon\u00faka r\u00fdchly a kon\u0161tantn\u00fd v\u00fdkon, \u010do v\u00e1m umo\u017en\u00ed pripravi\u0165 ve\u013ek\u00e9 mno\u017estvo cukrovej vaty v kr\u00e1tkom \u010dase.<\/li>\n<li><strong>Odoln\u00fd materi\u00e1l<\/strong>: Kon\u0161trukcia je vyroben\u00e1 z nehrdzavej\u00facej ocele, ktor\u00e1 zaru\u010duje trvanlivos\u0165 a odolnos\u0165 proti kor\u00f3zii, ako aj jednoduch\u00e9 \u010distenie a \u00fadr\u017ebu.<\/li>\n<li><strong>Jednoduch\u00e9 pou\u017eitie<\/strong>: Intuit\u00edvny ovl\u00e1dac\u00ed panel umo\u017e\u0148uje upravi\u0165 teplotu a \u010fal\u0161ie nastavenia na prisp\u00f4sobenie v\u00fdroby cukrovej vaty pod\u013ea preferenci\u00ed z\u00e1kazn\u00edka.<\/li>\n<\/ul>\n<h3>Pr\u00edklady pou\u017eitia:<\/h3>\n<ul>\n<li><strong>Ve\u013etrhy a z\u00e1bavn\u00e9 parky<\/strong>: Ide\u00e1lne na r\u00fdchle pod\u00e1vanie ve\u013ek\u00e9ho mno\u017estva cukrovej vaty \u00fa\u010dastn\u00edkom.<\/li>\n<li><strong>Podujatia pod hol\u00fdm nebom<\/strong>: Jednoduch\u00e1 preprava na podujatia, ako s\u00fa svadby, detsk\u00e9 oslavy a festivaly.<\/li>\n<li><strong>Kiosky a mobiln\u00e9 stojany<\/strong>: Ide\u00e1lne na in\u0161tal\u00e1ciu v mobiln\u00fdch predajn\u00fdch miestach alebo kioskoch v n\u00e1kupn\u00fdch centr\u00e1ch.<\/li>\n<li><strong>Tematick\u00e9 kaviarne<\/strong>: V\u00fdborn\u00e1 mo\u017enos\u0165 pon\u00faknu\u0165 cukrov\u00fa vatu ako dezert alebo pr\u00edlohu ku kreat\u00edvnym menu.<\/li>\n<li><strong>Ve\u010dierky a firemn\u00e9 akcie<\/strong>: Poskytuje z\u00e1bavn\u00fd a vizu\u00e1lne pr\u00ed\u0165a\u017eliv\u00fd dotyk, ide\u00e1lny pre spolo\u010densk\u00e9 alebo obchodn\u00e9 udalosti.<\/li>\n<\/ul>\n<p>V\u010faka svojej schopnosti r\u00fdchlo a efekt\u00edvne vytv\u00e1ra\u0165 lahodn\u00e9 oblaky cukrovej vaty <strong>profesion\u00e1lny stroj na cukrov\u00fa vatu s voz\u00edkom<\/strong> Je ide\u00e1lny pre ka\u017ed\u00fd podnik, ktor\u00fd chce pon\u00faka\u0165 t\u00fato klasick\u00fa sladkos\u0165 so z\u00e1bavnou a atrakt\u00edvnou prezent\u00e1ciou.<\/p>","protected":false},"featured_media":6033,"comment_status":"open","ping_status":"closed","template":"","meta":{"wds_primary_product_brand":0,"wds_primary_product_cat":0},"product_brand":[],"product_cat":[56],"product_tag":[],"class_list":{"0":"post-1170","1":"product","2":"type-product","3":"status-publish","4":"has-post-thumbnail","6":"product_cat-maquinaria-para-ferias","7":"product_shipping_class-hosteleria","9":"first","10":"instock","11":"sale","12":"taxable","13":"shipping-taxable","14":"purchasable","15":"product-type-simple"},"yoast_head":"<!-- This site is optimized with the Yoast SEO Premium plugin v24.9 (Yoast SEO v26.1) - https:\/\/yoast.com\/wordpress\/plugins\/seo\/ -->\n<title>M\u00e1quina de algod\u00f3n de az\u00facar el\u00e9ctrica con carro - distribuci\u00f3n ARC<\/title>\n<meta name=\"robots\" content=\"index, follow, max-snippet:-1, max-image-preview:large, max-video-preview:-1\" \/>\n<link rel=\"canonical\" href=\"https:\/\/www.distribucionarc.com\/lt\/producto\/maquina-de-algodon-de-azucar-electrica-con-carro\/\" \/>\n<meta property=\"og:locale\" content=\"sk_SK\" \/>\n<meta property=\"og:type\" content=\"article\" \/>\n<meta property=\"og:title\" content=\"M\u00e1quina de algod\u00f3n de az\u00facar el\u00e9ctrica con carro\" \/>\n<meta property=\"og:description\" content=\"M\u00e1quina de algod\u00f3n de az\u00facar con carro \u2013 Uso profesional Esta m\u00e1quina de algod\u00f3n de az\u00facar profesional con carro es la herramienta perfecta para crear algod\u00f3n de az\u00facar en cualquier evento o negocio. Gracias a su dise\u00f1o con ruedas, esta m\u00e1quina es f\u00e1cil de mover y permite realizar presentaciones en m\u00faltiples lugares, lo que la hace ideal tanto para eventos m\u00f3viles como para uso en ferias o locales comerciales. Su estructura s\u00f3lida de acero inoxidable y su potente rendimiento garantizan una producci\u00f3n r\u00e1pida y eficiente de algod\u00f3n de az\u00facar. Caracter\u00edsticas principales:   Carro con ruedas: Facilita el transporte y la movilidad, ideal para eventos y ferias. El dise\u00f1o con ruedas grandes permite mover la m\u00e1quina sin esfuerzo por diferentes superficies.  Uso profesional: Esta m\u00e1quina est\u00e1 dise\u00f1ada para una alta capacidad de producci\u00f3n, perfecta para negocios con gran afluencia de clientes, como ferias, festivales y parques de atracciones.  Alta potencia: El motor ofrece un rendimiento r\u00e1pido y constante, permitiendo crear grandes cantidades de algod\u00f3n de az\u00facar en poco tiempo.  Material resistente: La estructura est\u00e1 fabricada en acero inoxidable, lo que garantiza durabilidad y resistencia a la corrosi\u00f3n, adem\u00e1s de ser f\u00e1cil de limpiar y mantener.  F\u00e1cil de usar: El panel de control intuitivo permite ajustar la temperatura y otras configuraciones para personalizar la producci\u00f3n de algod\u00f3n de az\u00facar seg\u00fan las preferencias del cliente.  Ejemplos de uso:   Ferias y parques de atracciones: Perfecta para servir grandes cantidades de algod\u00f3n de az\u00facar r\u00e1pidamente a los asistentes.  Eventos al aire libre: F\u00e1cil de transportar a eventos como bodas, fiestas infantiles y festivales.  Kioskos y puestos m\u00f3viles: Ideal para instalar en puntos de venta m\u00f3viles o kioskos en centros comerciales.  Cafeter\u00edas tem\u00e1ticas: Excelente opci\u00f3n para ofrecer algod\u00f3n de az\u00facar como postre o acompa\u00f1amiento en men\u00fas creativos.  Fiestas y eventos corporativos: Proporciona un toque divertido y visualmente atractivo, perfecto para eventos sociales o empresariales.  Con su capacidad de crear deliciosas nubes de algod\u00f3n de az\u00facar de manera r\u00e1pida y eficiente, esta m\u00e1quina profesional de algod\u00f3n de az\u00facar con carro es ideal para cualquier negocio que quiera ofrecer este dulce cl\u00e1sico con una presentaci\u00f3n divertida y atractiva.\" \/>\n<meta property=\"og:url\" content=\"https:\/\/www.distribucionarc.com\/lt\/producto\/maquina-de-algodon-de-azucar-electrica-con-carro\/\" \/>\n<meta property=\"og:site_name\" content=\"distribuci\u00f3n ARC\" \/>\n<meta property=\"article:modified_time\" content=\"2024-09-08T15:27:42+00:00\" \/>\n<meta property=\"og:image\" content=\"https:\/\/www.distribucionarc.com\/wp-content\/uploads\/2020\/07\/Maquina-de-algodon-de-azucar-electrica-con-carro-imagen-producto.jpg\" \/>\n\t<meta property=\"og:image:width\" content=\"1600\" \/>\n\t<meta property=\"og:image:height\" content=\"1600\" \/>\n\t<meta property=\"og:image:type\" content=\"image\/jpeg\" \/>\n<meta name=\"twitter:card\" content=\"summary_large_image\" \/>\n<meta name=\"twitter:label1\" content=\"Predpokladan\u00fd \u010das \u010d\u00edtania\" \/>\n\t<meta name=\"twitter:data1\" content=\"2 min\u00faty\" \/>\n<script type=\"application\/ld+json\" class=\"yoast-schema-graph\">{\"@context\":\"https:\/\/schema.org\",\"@graph\":[{\"@type\":\"WebPage\",\"@id\":\"https:\/\/www.distribucionarc.com\/lt\/producto\/maquina-de-algodon-de-azucar-electrica-con-carro\/\",\"url\":\"https:\/\/www.distribucionarc.com\/lt\/producto\/maquina-de-algodon-de-azucar-electrica-con-carro\/\",\"name\":\"M\u00e1quina de algod\u00f3n de az\u00facar el\u00e9ctrica con carro - distribuci\u00f3n ARC\",\"isPartOf\":{\"@id\":\"https:\/\/www.distribucionarc.com\/tr\/#website\"},\"primaryImageOfPage\":{\"@id\":\"https:\/\/www.distribucionarc.com\/lt\/producto\/maquina-de-algodon-de-azucar-electrica-con-carro\/#primaryimage\"},\"image\":{\"@id\":\"https:\/\/www.distribucionarc.com\/lt\/producto\/maquina-de-algodon-de-azucar-electrica-con-carro\/#primaryimage\"},\"thumbnailUrl\":\"https:\/\/distribucionarc.com\/wp-content\/uploads\/2020\/07\/Maquina-de-algodon-de-azucar-electrica-con-carro-imagen-producto.jpg\",\"datePublished\":\"2020-07-17T12:52:03+00:00\",\"dateModified\":\"2024-09-08T15:27:42+00:00\",\"breadcrumb\":{\"@id\":\"https:\/\/www.distribucionarc.com\/lt\/producto\/maquina-de-algodon-de-azucar-electrica-con-carro\/#breadcrumb\"},\"inLanguage\":\"sk-SK\",\"potentialAction\":[{\"@type\":\"ReadAction\",\"target\":[\"https:\/\/www.distribucionarc.com\/lt\/producto\/maquina-de-algodon-de-azucar-electrica-con-carro\/\"]}]},{\"@type\":\"ImageObject\",\"inLanguage\":\"sk-SK\",\"@id\":\"https:\/\/www.distribucionarc.com\/lt\/producto\/maquina-de-algodon-de-azucar-electrica-con-carro\/#primaryimage\",\"url\":\"https:\/\/distribucionarc.com\/wp-content\/uploads\/2020\/07\/Maquina-de-algodon-de-azucar-electrica-con-carro-imagen-producto.jpg\",\"contentUrl\":\"https:\/\/distribucionarc.com\/wp-content\/uploads\/2020\/07\/Maquina-de-algodon-de-azucar-electrica-con-carro-imagen-producto.jpg\",\"width\":1600,\"height\":1600},{\"@type\":\"BreadcrumbList\",\"@id\":\"https:\/\/www.distribucionarc.com\/lt\/producto\/maquina-de-algodon-de-azucar-electrica-con-carro\/#breadcrumb\",\"itemListElement\":[{\"@type\":\"ListItem\",\"position\":1,\"name\":\"Portada\",\"item\":\"https:\/\/www.distribucionarc.com\/tr\/\"},{\"@type\":\"ListItem\",\"position\":2,\"name\":\"Produktai\",\"item\":\"https:\/\/distribucionarc.com\/lt\/parduotuve\/\"},{\"@type\":\"ListItem\",\"position\":3,\"name\":\"M\u00e1quina de algod\u00f3n de az\u00facar el\u00e9ctrica con carro\"}]},{\"@type\":\"WebSite\",\"@id\":\"https:\/\/www.distribucionarc.com\/tr\/#website\",\"url\":\"https:\/\/www.distribucionarc.com\/tr\/\",\"name\":\"distribuci\u00f3n ARC\",\"description\":\"Empresa especializada en la fabricaci\u00f3n y distribuci\u00f3n de maquinaria industrial, selladoras de latas, Maquinas de hacer pastillas, Maquinas de cortar carne...\",\"publisher\":{\"@id\":\"https:\/\/www.distribucionarc.com\/tr\/#organization\"},\"potentialAction\":[{\"@type\":\"SearchAction\",\"target\":{\"@type\":\"EntryPoint\",\"urlTemplate\":\"https:\/\/www.distribucionarc.com\/tr\/?s={search_term_string}\"},\"query-input\":{\"@type\":\"PropertyValueSpecification\",\"valueRequired\":true,\"valueName\":\"search_term_string\"}}],\"inLanguage\":\"sk-SK\"},{\"@type\":\"Organization\",\"@id\":\"https:\/\/www.distribucionarc.com\/tr\/#organization\",\"name\":\"Distribuci\u00f3n ARC\",\"url\":\"https:\/\/www.distribucionarc.com\/tr\/\",\"logo\":{\"@type\":\"ImageObject\",\"inLanguage\":\"sk-SK\",\"@id\":\"https:\/\/www.distribucionarc.com\/tr\/#\/schema\/logo\/image\/\",\"url\":\"https:\/\/distribucionarc.com\/wp-content\/uploads\/2024\/10\/distribucion-ARC-COLOR-SIN-FONDO-e1732295305345.png\",\"contentUrl\":\"https:\/\/distribucionarc.com\/wp-content\/uploads\/2024\/10\/distribucion-ARC-COLOR-SIN-FONDO-e1732295305345.png\",\"width\":1164,\"height\":558,\"caption\":\"Distribuci\u00f3n ARC\"},\"image\":{\"@id\":\"https:\/\/www.distribucionarc.com\/tr\/#\/schema\/logo\/image\/\"},\"description\":\"Empresa especializada en la fabricaci\u00f3n y distribuci\u00f3n de maquinaria industrial para los sectores alimentario y farmac\u00e9utico. Nos especializamos en: M\u00e1quinas de cortar carne Fabricaci\u00f3n de comprimidos Sistemas de transporte industrial L\u00edneas de embotellado Dosificadores Y mucho m\u00e1s... Ofrecemos soluciones innovadoras y personalizadas para optimizar los procesos productivos de tu empresa.\",\"email\":\"Admistracion@distribucionarc.com\",\"telephone\":\"+34 643496664\",\"legalName\":\"ARC TECH SOLUTIONS\",\"foundingDate\":\"2024-04-09\",\"vatID\":\"B55480172\",\"numberOfEmployees\":{\"@type\":\"QuantitativeValue\",\"minValue\":\"1\",\"maxValue\":\"10\"}}]}<\/script>\n<!-- \/ Yoast SEO Premium plugin. -->","yoast_head_json":{"title":"Elektrick\u00fd stroj na cukrov\u00fa vatu s voz\u00edkom - ARC rozvod","robots":{"index":"index","follow":"follow","max-snippet":"max-snippet:-1","max-image-preview":"max-image-preview:large","max-video-preview":"max-video-preview:-1"},"canonical":"https:\/\/www.distribucionarc.com\/lt\/producto\/maquina-de-algodon-de-azucar-electrica-con-carro\/","og_locale":"sk_SK","og_type":"article","og_title":"M\u00e1quina de algod\u00f3n de az\u00facar el\u00e9ctrica con carro","og_description":"M\u00e1quina de algod\u00f3n de az\u00facar con carro \u2013 Uso profesional Esta m\u00e1quina de algod\u00f3n de az\u00facar profesional con carro es la herramienta perfecta para crear algod\u00f3n de az\u00facar en cualquier evento o negocio. Gracias a su dise\u00f1o con ruedas, esta m\u00e1quina es f\u00e1cil de mover y permite realizar presentaciones en m\u00faltiples lugares, lo que la hace ideal tanto para eventos m\u00f3viles como para uso en ferias o locales comerciales. Su estructura s\u00f3lida de acero inoxidable y su potente rendimiento garantizan una producci\u00f3n r\u00e1pida y eficiente de algod\u00f3n de az\u00facar. Caracter\u00edsticas principales:   Carro con ruedas: Facilita el transporte y la movilidad, ideal para eventos y ferias. El dise\u00f1o con ruedas grandes permite mover la m\u00e1quina sin esfuerzo por diferentes superficies.  Uso profesional: Esta m\u00e1quina est\u00e1 dise\u00f1ada para una alta capacidad de producci\u00f3n, perfecta para negocios con gran afluencia de clientes, como ferias, festivales y parques de atracciones.  Alta potencia: El motor ofrece un rendimiento r\u00e1pido y constante, permitiendo crear grandes cantidades de algod\u00f3n de az\u00facar en poco tiempo.  Material resistente: La estructura est\u00e1 fabricada en acero inoxidable, lo que garantiza durabilidad y resistencia a la corrosi\u00f3n, adem\u00e1s de ser f\u00e1cil de limpiar y mantener.  F\u00e1cil de usar: El panel de control intuitivo permite ajustar la temperatura y otras configuraciones para personalizar la producci\u00f3n de algod\u00f3n de az\u00facar seg\u00fan las preferencias del cliente.  Ejemplos de uso:   Ferias y parques de atracciones: Perfecta para servir grandes cantidades de algod\u00f3n de az\u00facar r\u00e1pidamente a los asistentes.  Eventos al aire libre: F\u00e1cil de transportar a eventos como bodas, fiestas infantiles y festivales.  Kioskos y puestos m\u00f3viles: Ideal para instalar en puntos de venta m\u00f3viles o kioskos en centros comerciales.  Cafeter\u00edas tem\u00e1ticas: Excelente opci\u00f3n para ofrecer algod\u00f3n de az\u00facar como postre o acompa\u00f1amiento en men\u00fas creativos.  Fiestas y eventos corporativos: Proporciona un toque divertido y visualmente atractivo, perfecto para eventos sociales o empresariales.  Con su capacidad de crear deliciosas nubes de algod\u00f3n de az\u00facar de manera r\u00e1pida y eficiente, esta m\u00e1quina profesional de algod\u00f3n de az\u00facar con carro es ideal para cualquier negocio que quiera ofrecer este dulce cl\u00e1sico con una presentaci\u00f3n divertida y atractiva.","og_url":"https:\/\/www.distribucionarc.com\/lt\/producto\/maquina-de-algodon-de-azucar-electrica-con-carro\/","og_site_name":"distribuci\u00f3n ARC","article_modified_time":"2024-09-08T15:27:42+00:00","og_image":[{"width":1600,"height":1600,"url":"https:\/\/www.distribucionarc.com\/wp-content\/uploads\/2020\/07\/Maquina-de-algodon-de-azucar-electrica-con-carro-imagen-producto.jpg","type":"image\/jpeg"}],"twitter_card":"summary_large_image","twitter_misc":{"Predpokladan\u00fd \u010das \u010d\u00edtania":"2 min\u00faty"},"schema":{"@context":"https:\/\/schema.org","@graph":[{"@type":"WebPage","@id":"https:\/\/www.distribucionarc.com\/lt\/producto\/maquina-de-algodon-de-azucar-electrica-con-carro\/","url":"https:\/\/www.distribucionarc.com\/lt\/producto\/maquina-de-algodon-de-azucar-electrica-con-carro\/","name":"Elektrick\u00fd stroj na cukrov\u00fa vatu s voz\u00edkom - ARC rozvod","isPartOf":{"@id":"https:\/\/www.distribucionarc.com\/tr\/#website"},"primaryImageOfPage":{"@id":"https:\/\/www.distribucionarc.com\/lt\/producto\/maquina-de-algodon-de-azucar-electrica-con-carro\/#primaryimage"},"image":{"@id":"https:\/\/www.distribucionarc.com\/lt\/producto\/maquina-de-algodon-de-azucar-electrica-con-carro\/#primaryimage"},"thumbnailUrl":"https:\/\/distribucionarc.com\/wp-content\/uploads\/2020\/07\/Maquina-de-algodon-de-azucar-electrica-con-carro-imagen-producto.jpg","datePublished":"2020-07-17T12:52:03+00:00","dateModified":"2024-09-08T15:27:42+00:00","breadcrumb":{"@id":"https:\/\/www.distribucionarc.com\/lt\/producto\/maquina-de-algodon-de-azucar-electrica-con-carro\/#breadcrumb"},"inLanguage":"sk-SK","potentialAction":[{"@type":"ReadAction","target":["https:\/\/www.distribucionarc.com\/lt\/producto\/maquina-de-algodon-de-azucar-electrica-con-carro\/"]}]},{"@type":"ImageObject","inLanguage":"sk-SK","@id":"https:\/\/www.distribucionarc.com\/lt\/producto\/maquina-de-algodon-de-azucar-electrica-con-carro\/#primaryimage","url":"https:\/\/distribucionarc.com\/wp-content\/uploads\/2020\/07\/Maquina-de-algodon-de-azucar-electrica-con-carro-imagen-producto.jpg","contentUrl":"https:\/\/distribucionarc.com\/wp-content\/uploads\/2020\/07\/Maquina-de-algodon-de-azucar-electrica-con-carro-imagen-producto.jpg","width":1600,"height":1600},{"@type":"BreadcrumbList","@id":"https:\/\/www.distribucionarc.com\/lt\/producto\/maquina-de-algodon-de-azucar-electrica-con-carro\/#breadcrumb","itemListElement":[{"@type":"ListItem","position":1,"name":"Portada","item":"https:\/\/www.distribucionarc.com\/tr\/"},{"@type":"ListItem","position":2,"name":"Produktai","item":"https:\/\/distribucionarc.com\/lt\/parduotuve\/"},{"@type":"ListItem","position":3,"name":"M\u00e1quina de algod\u00f3n de az\u00facar el\u00e9ctrica con carro"}]},{"@type":"WebSite","@id":"https:\/\/www.distribucionarc.com\/tr\/#website","url":"https:\/\/www.distribucionarc.com\/tr\/","name":"ARC distrib\u00facia","description":"Spolo\u010dnos\u0165 sa \u0161pecializuje na v\u00fdrobu a distrib\u00faciu priemyseln\u00fdch strojov, strojov na uzatv\u00e1ranie plechoviek, strojov na v\u00fdrobu tabliet, strojov na porciovanie m\u00e4sa...","publisher":{"@id":"https:\/\/www.distribucionarc.com\/tr\/#organization"},"potentialAction":[{"@type":"SearchAction","target":{"@type":"EntryPoint","urlTemplate":"https:\/\/www.distribucionarc.com\/tr\/?s={search_term_string}"},"query-input":{"@type":"PropertyValueSpecification","valueRequired":true,"valueName":"search_term_string"}}],"inLanguage":"sk-SK"},{"@type":"Organization","@id":"https:\/\/www.distribucionarc.com\/tr\/#organization","name":"Distrib\u00facia ARC","url":"https:\/\/www.distribucionarc.com\/tr\/","logo":{"@type":"ImageObject","inLanguage":"sk-SK","@id":"https:\/\/www.distribucionarc.com\/tr\/#\/schema\/logo\/image\/","url":"https:\/\/distribucionarc.com\/wp-content\/uploads\/2024\/10\/distribucion-ARC-COLOR-SIN-FONDO-e1732295305345.png","contentUrl":"https:\/\/distribucionarc.com\/wp-content\/uploads\/2024\/10\/distribucion-ARC-COLOR-SIN-FONDO-e1732295305345.png","width":1164,"height":558,"caption":"Distribuci\u00f3n ARC"},"image":{"@id":"https:\/\/www.distribucionarc.com\/tr\/#\/schema\/logo\/image\/"},"description":"Spolo\u010dnos\u0165 \u0161pecializuj\u00faca sa na v\u00fdrobu a distrib\u00faciu priemyseln\u00fdch strojov pre potravin\u00e1rsky a farmaceutick\u00fd sektor. \u0160pecializujeme sa na: Stroje na kr\u00e1janie m\u00e4sa V\u00fdroba tabliet Priemyseln\u00e9 dopravn\u00e9 syst\u00e9my D\u00e1vkova\u010de na f\u013ea\u0161e A ove\u013ea viac... Pon\u00fakame inovat\u00edvne a prisp\u00f4soben\u00e9 rie\u0161enia na optimaliz\u00e1ciu v\u00fdrobn\u00fdch procesov va\u0161ej spolo\u010dnosti.","email":"Admistracion@distribucionarc.com","telephone":"+34 643496664","legalName":"ARC TECH SOLUTIONS","foundingDate":"2024-04-09","vatID":"B55480172","numberOfEmployees":{"@type":"QuantitativeValue","minValue":"1","maxValue":"10"}}]}},"_links":{"self":[{"href":"https:\/\/distribucionarc.com\/sk\/wp-json\/wp\/v2\/product\/1170","targetHints":{"allow":["GET"]}}],"collection":[{"href":"https:\/\/distribucionarc.com\/sk\/wp-json\/wp\/v2\/product"}],"about":[{"href":"https:\/\/distribucionarc.com\/sk\/wp-json\/wp\/v2\/types\/product"}],"replies":[{"embeddable":true,"href":"https:\/\/distribucionarc.com\/sk\/wp-json\/wp\/v2\/comments?post=1170"}],"version-history":[{"count":0,"href":"https:\/\/distribucionarc.com\/sk\/wp-json\/wp\/v2\/product\/1170\/revisions"}],"wp:featuredmedia":[{"embeddable":true,"href":"https:\/\/distribucionarc.com\/sk\/wp-json\/wp\/v2\/media\/6033"}],"wp:attachment":[{"href":"https:\/\/distribucionarc.com\/sk\/wp-json\/wp\/v2\/media?parent=1170"}],"wp:term":[{"taxonomy":"product_brand","embeddable":true,"href":"https:\/\/distribucionarc.com\/sk\/wp-json\/wp\/v2\/product_brand?post=1170"},{"taxonomy":"product_cat","embeddable":true,"href":"https:\/\/distribucionarc.com\/sk\/wp-json\/wp\/v2\/product_cat?post=1170"},{"taxonomy":"product_tag","embeddable":true,"href":"https:\/\/distribucionarc.com\/sk\/wp-json\/wp\/v2\/product_tag?post=1170"}],"curies":[{"name":"pracovn\u00fd list","href":"https:\/\/api.w.org\/{rel}","templated":true}]}}