{"id":1222,"date":"2020-07-29T12:13:13","date_gmt":"2020-07-29T12:13:13","guid":{"rendered":"https:\/\/distribucionarc.com\/?post_type=product&#038;p=1222"},"modified":"2023-06-04T18:46:28","modified_gmt":"2023-06-04T18:46:28","slug":"profesionalny-elektricky-mixer","status":"publish","type":"product","link":"https:\/\/distribucionarc.com\/sk\/producto\/batidora-electrica-profesional\/","title":{"rendered":"Profesion\u00e1lny elektrick\u00fd mix\u00e9r"},"content":{"rendered":"<h3>1 l nerezov\u00fd elektrick\u00fd mix\u00e9r<\/h3>\n<p>n\u00e1\u0161 <strong>elektrick\u00fd mix\u00e9r <span style=\"color: #ff0000;\">TO<\/span><span style=\"color: #0000ff;\">R<\/span>CBEP1<\/strong> Je ide\u00e1lny na pr\u00edpravu smoothies, mlie\u010dnych koktailov a koktailov. Jeho r\u00fdchlos\u0165 z neho rob\u00ed ide\u00e1lne zariadenie pre bary, re\u0161taur\u00e1cie, kaviarne at\u010f.<\/p>\n<p>The <strong>elektrick\u00fd mix\u00e9r <span style=\"color: #ff0000;\">TO<\/span><span style=\"color: #0000ff;\">R<\/span>c<\/strong> Je vyroben\u00fd z vysoko kvalitnej nehrdzavej\u00facej ocele <strong>mix\u00e9r<\/strong> M\u00e1 elegantn\u00fd dizajn a vyzna\u010duje sa tie\u017e robustnos\u0165ou a odolnos\u0165ou. M\u00e1 dva stupne r\u00fdchlosti, aby vyhovoval r\u00f4znym potreb\u00e1m varenia. Poh\u00e1r z nehrdzavej\u00facej ocele m\u00e1 objem 0,7 litra a je vybaven\u00fd stupnicou na povrchu, tak\u017ee m\u00f4\u017eete jednoducho a pohodlne odmera\u0165. Proti\u0161mykov\u00e9 gumen\u00e9 no\u017ei\u010dky zvy\u0161uj\u00fa stabilitu mix\u00e9ra.<\/p>\n<p>S t\u00fdmto <strong>elektrick\u00fd mix\u00e9r <span style=\"color: #ff0000;\">TO<\/span><span style=\"color: #0000ff;\">R<\/span>c<\/strong> Pre profesion\u00e1lne alebo amat\u00e9rske pou\u017eitie bude ma\u0165 optim\u00e1lne v\u00fdsledky v\u010faka svojej r\u00fdchlosti a sile.<\/p>\n<h6><strong>Z\u00e1ruka\u00a0<span style=\"color: #ff0000;\">TO<\/span><span style=\"color: #0000ff;\">R<\/span>c<\/strong><strong>\u00a02 ROKY<\/strong><\/h6>\n<h6><span style=\"color: #008000;\">V\u00fdkonn\u00fd elektrick\u00fd mix\u00e9r, n\u00edzka spotreba 160w<\/span><\/h6>\n<h6><strong>vr\u00e1tane technickej podpory<\/strong><\/h6>\n<p>&nbsp;<\/p>\n<table role=\"presentation\" width=\"100%\" cellspacing=\"0\" cellpadding=\"0\">\n<tbody>\n<tr>\n<td class=\"attrLabels\">R\u00fdchlos\u0165:<\/td>\n<td width=\"50.0%\">9 000 a\u017e 13 000 ot.\/min<\/td>\n<\/tr>\n<tr>\n<td class=\"attrLabels\">Krajina distrib\u00facie:<\/td>\n<td width=\"50.0%\">\u0160panielsko, Nemecko, USA<\/td>\n<td class=\"attrLabels\">Hmotnos\u0165:<\/td>\n<td width=\"50.0%\">4 kg<\/td>\n<\/tr>\n<tr>\n<td class=\"attrLabels\">Zna\u010dka:<\/td>\n<td width=\"50.0%\">ARC<\/td>\n<td class=\"attrLabels\">v\u00fd\u0161ka:<\/td>\n<td width=\"50.0%\">52 cm<\/td>\n<\/tr>\n<tr>\n<td class=\"attrLabels\">Farba:<\/td>\n<td width=\"50.0%\">Strieborn\u00e1<\/td>\n<td class=\"attrLabels\">Dlh\u00e9:<\/td>\n<td width=\"50.0%\">18,5 cm<\/td>\n<\/tr>\n<tr>\n<td class=\"attrLabels\">Typ produktu:<\/td>\n<td width=\"50.0%\">Profesion\u00e1lny elektrick\u00fd mix\u00e9r<\/td>\n<td class=\"attrLabels\">\u0160irok\u00e1:<\/td>\n<td width=\"50.0%\">18,5 cm<\/td>\n<\/tr>\n<tr>\n<td class=\"attrLabels\">\u010c\u00edslo v\u00fdrobcu:<\/td>\n<td width=\"50.0%\">ARCBEP1<\/td>\n<td class=\"attrLabels\">V\u00fdkon:<\/td>\n<td width=\"50.0%\">160 W<\/td>\n<\/tr>\n<tr>\n<td class=\"attrLabels\">Materi\u00e1l:<\/td>\n<td width=\"50.0%\">nerezov\u00e1 oce\u013e, plne automatick\u00e1<\/td>\n<td class=\"attrLabels\">vstupn\u00e9 nap\u00e4tie<\/td>\n<td width=\"50.0%\">220V \u2013 60Hz<\/td>\n<\/tr>\n<tr>\n<td class=\"attrLabels\">Kapacita skla:<\/td>\n<td width=\"50.0%\">700 ml<\/td>\n<td class=\"attrLabels\">Z\u00e1ruka:<\/td>\n<td width=\"50.0%\">2 ROKY<\/td>\n<\/tr>\n<tr>\n<td class=\"attrLabels\">In\u0161tala\u010dn\u00e9 n\u00e1stroje:<\/td>\n<td width=\"50.0%\">\u00c1no<\/td>\n<td class=\"attrLabels\">V\u00fdroba:<\/td>\n<td width=\"50.0%\">1 a\u017e 2 min\u00faty na trepanie<\/td>\n<\/tr>\n<\/tbody>\n<\/table>","protected":false},"excerpt":{"rendered":"<h2>1 l nerezov\u00fd elektrick\u00fd mix\u00e9r<\/h2>\n<p>S <strong>profesion\u00e1lny elektrick\u00fd mix\u00e9r <span style=\"color: #ff0000;\">TO<\/span><span style=\"color: #0000ff;\">R<\/span>c<\/strong> M\u00f4\u017eete pripravi\u0165 koktaily, smoothies, koktaily at\u010f. \u0160etrite \u010das a energiu v\u010faka motoru najnov\u0161ej gener\u00e1cie<\/p>\n<p>The <strong>elektrick\u00fd mix\u00e9r <span style=\"color: #ff0000;\">TO<\/span><span style=\"color: #0000ff;\">R<\/span>CBEP1<\/strong>\u00a0Je vyroben\u00fd z vysoko kvalitnej nehrdzavej\u00facej ocele <strong>mix\u00e9r<\/strong> M\u00e1 elegantn\u00fd dizajn a vyzna\u010duje sa tie\u017e robustnos\u0165ou a odolnos\u0165ou. Poh\u00e1r z nehrdzavej\u00facej ocele m\u00e1 objem 0,7 litra a je vybaven\u00fd stupnicou na povrchu, tak\u017ee m\u00f4\u017eete jednoducho a pohodlne odmera\u0165.<\/p>\n<h6><strong>Z\u00e1ruka\u00a0<span style=\"color: #ff0000;\">TO<\/span><span style=\"color: #0000ff;\">R<\/span>c<\/strong><strong>\u00a02 ROKY<\/strong><\/h6>\n<h6><span style=\"color: #008000;\">V\u00fdkonn\u00fd elektrick\u00fd mix\u00e9r, n\u00edzka spotreba 160w<\/span><\/h6>\n<h6><strong>vr\u00e1tane technickej podpory<\/strong><\/h6>\n<p>&nbsp;<\/p>\n<p>&nbsp;<\/p>","protected":false},"featured_media":1701,"comment_status":"open","ping_status":"closed","template":"","meta":{"wds_primary_product_brand":0,"wds_primary_product_cat":0},"product_brand":[],"product_cat":[56],"product_tag":[],"class_list":{"0":"post-1222","1":"product","2":"type-product","3":"status-publish","4":"has-post-thumbnail","6":"product_cat-maquinaria-para-ferias","7":"product_shipping_class-hosteleria","9":"first","10":"instock","11":"taxable","12":"shipping-taxable","13":"purchasable","14":"product-type-simple"},"yoast_head":"<!-- This site is optimized with the Yoast SEO Premium plugin v24.9 (Yoast SEO v26.1) - https:\/\/yoast.com\/wordpress\/plugins\/seo\/ -->\n<title>Batidora el\u00e9ctrica profesional - distribuci\u00f3n ARC<\/title>\n<meta name=\"robots\" content=\"index, follow, max-snippet:-1, max-image-preview:large, max-video-preview:-1\" \/>\n<link rel=\"canonical\" href=\"https:\/\/distribucionarc.com\/sk\/produktov\/profesionalny-elektricky-mixer\/\" \/>\n<meta property=\"og:locale\" content=\"sk_SK\" \/>\n<meta property=\"og:type\" content=\"article\" \/>\n<meta property=\"og:title\" content=\"Batidora el\u00e9ctrica profesional\" \/>\n<meta property=\"og:description\" content=\"Batidora el\u00e9ctrica acero inox 1L Con la batidora el\u00e9ctrica profesional ARC podr\u00e1s realizar batidos, smoothies, cocktails etc. Ahorra en tiempo y energ\u00eda gracias a su motor de \u00faltima generaci\u00f3n  La batidora el\u00e9ctrica de ARCBEP1\u00a0est\u00e1 hecha de acero inoxidable de alta calidad, esta licuadora tiene un dise\u00f1o elegante, al igual que tambi\u00e9n destaca por su robustez y durabilidad. El vaso de acero inoxidable tiene una capacidad de 0.7 litros y cuenta con una escala en la superficie para que pueda medir f\u00e1cil y c\u00f3modamente. Garant\u00eda\u00a0ARC\u00a02 A\u00d1OS Batidora el\u00e9ctrica eficiente, bajo consumo 160w soporte t\u00e9cnico incluido &nbsp;  &nbsp;\" \/>\n<meta property=\"og:url\" content=\"https:\/\/distribucionarc.com\/sk\/produktov\/profesionalny-elektricky-mixer\/\" \/>\n<meta property=\"og:site_name\" content=\"distribuci\u00f3n ARC\" \/>\n<meta property=\"article:modified_time\" content=\"2023-06-04T18:46:28+00:00\" \/>\n<meta property=\"og:image\" content=\"https:\/\/distribucionarc.com\/wp-content\/uploads\/2020\/07\/Batidora-el\u00e9ctrica-profesional-0.jpg\" \/>\n\t<meta property=\"og:image:width\" content=\"1600\" \/>\n\t<meta property=\"og:image:height\" content=\"1600\" \/>\n\t<meta property=\"og:image:type\" content=\"image\/jpeg\" \/>\n<meta name=\"twitter:card\" content=\"summary_large_image\" \/>\n<meta name=\"twitter:label1\" content=\"Predpokladan\u00fd \u010das \u010d\u00edtania\" \/>\n\t<meta name=\"twitter:data1\" content=\"1 min\u00fata\" \/>\n<script type=\"application\/ld+json\" class=\"yoast-schema-graph\">{\"@context\":\"https:\/\/schema.org\",\"@graph\":[{\"@type\":\"WebPage\",\"@id\":\"https:\/\/distribucionarc.com\/en\/producto\/batidora-electrica-profesional\/\",\"url\":\"https:\/\/distribucionarc.com\/en\/producto\/batidora-electrica-profesional\/\",\"name\":\"Batidora el\u00e9ctrica profesional - distribuci\u00f3n ARC\",\"isPartOf\":{\"@id\":\"https:\/\/distribucionarc.com\/de\/#website\"},\"primaryImageOfPage\":{\"@id\":\"https:\/\/distribucionarc.com\/en\/producto\/batidora-electrica-profesional\/#primaryimage\"},\"image\":{\"@id\":\"https:\/\/distribucionarc.com\/en\/producto\/batidora-electrica-profesional\/#primaryimage\"},\"thumbnailUrl\":\"https:\/\/distribucionarc.com\/wp-content\/uploads\/2020\/07\/Batidora-el\u00e9ctrica-profesional-0.jpg\",\"datePublished\":\"2020-07-29T12:13:13+00:00\",\"dateModified\":\"2023-06-04T18:46:28+00:00\",\"breadcrumb\":{\"@id\":\"https:\/\/distribucionarc.com\/en\/producto\/batidora-electrica-profesional\/#breadcrumb\"},\"inLanguage\":\"sk-SK\",\"potentialAction\":[{\"@type\":\"ReadAction\",\"target\":[\"https:\/\/distribucionarc.com\/en\/producto\/batidora-electrica-profesional\/\"]}]},{\"@type\":\"ImageObject\",\"inLanguage\":\"sk-SK\",\"@id\":\"https:\/\/distribucionarc.com\/en\/producto\/batidora-electrica-profesional\/#primaryimage\",\"url\":\"https:\/\/distribucionarc.com\/wp-content\/uploads\/2020\/07\/Batidora-el\u00e9ctrica-profesional-0.jpg\",\"contentUrl\":\"https:\/\/distribucionarc.com\/wp-content\/uploads\/2020\/07\/Batidora-el\u00e9ctrica-profesional-0.jpg\",\"width\":1600,\"height\":1600,\"caption\":\"Batidora el\u00e9ctrica profesional\"},{\"@type\":\"BreadcrumbList\",\"@id\":\"https:\/\/distribucionarc.com\/en\/producto\/batidora-electrica-profesional\/#breadcrumb\",\"itemListElement\":[{\"@type\":\"ListItem\",\"position\":1,\"name\":\"Portada\",\"item\":\"https:\/\/distribucionarc.com\/pl\/\"},{\"@type\":\"ListItem\",\"position\":2,\"name\":\"Produkty\",\"item\":\"https:\/\/distribucionarc.com\/pl\/shop\/\"},{\"@type\":\"ListItem\",\"position\":3,\"name\":\"Batidora el\u00e9ctrica profesional\"}]},{\"@type\":\"WebSite\",\"@id\":\"https:\/\/distribucionarc.com\/de\/#website\",\"url\":\"https:\/\/distribucionarc.com\/de\/\",\"name\":\"distribuci\u00f3n ARC\",\"description\":\"Empresa especializada en la fabricaci\u00f3n y distribuci\u00f3n de maquinaria industrial, selladoras de latas, Maquinas de hacer pastillas, Maquinas de cortar carne...\",\"publisher\":{\"@id\":\"https:\/\/distribucionarc.com\/de\/#organization\"},\"potentialAction\":[{\"@type\":\"SearchAction\",\"target\":{\"@type\":\"EntryPoint\",\"urlTemplate\":\"https:\/\/distribucionarc.com\/de\/?s={search_term_string}\"},\"query-input\":{\"@type\":\"PropertyValueSpecification\",\"valueRequired\":true,\"valueName\":\"search_term_string\"}}],\"inLanguage\":\"sk-SK\"},{\"@type\":\"Organization\",\"@id\":\"https:\/\/distribucionarc.com\/de\/#organization\",\"name\":\"Distribuci\u00f3n ARC\",\"url\":\"https:\/\/distribucionarc.com\/de\/\",\"logo\":{\"@type\":\"ImageObject\",\"inLanguage\":\"sk-SK\",\"@id\":\"https:\/\/distribucionarc.com\/de\/#\/schema\/logo\/image\/\",\"url\":\"https:\/\/distribucionarc.com\/wp-content\/uploads\/2024\/10\/distribucion-ARC-COLOR-SIN-FONDO-e1732295305345.png\",\"contentUrl\":\"https:\/\/distribucionarc.com\/wp-content\/uploads\/2024\/10\/distribucion-ARC-COLOR-SIN-FONDO-e1732295305345.png\",\"width\":1164,\"height\":558,\"caption\":\"Distribuci\u00f3n ARC\"},\"image\":{\"@id\":\"https:\/\/distribucionarc.com\/de\/#\/schema\/logo\/image\/\"},\"description\":\"Empresa especializada en la fabricaci\u00f3n y distribuci\u00f3n de maquinaria industrial para los sectores alimentario y farmac\u00e9utico. Nos especializamos en: M\u00e1quinas de cortar carne Fabricaci\u00f3n de comprimidos Sistemas de transporte industrial L\u00edneas de embotellado Dosificadores Y mucho m\u00e1s... Ofrecemos soluciones innovadoras y personalizadas para optimizar los procesos productivos de tu empresa.\",\"email\":\"Admistracion@distribucionarc.com\",\"telephone\":\"+34 643496664\",\"legalName\":\"ARC TECH SOLUTIONS\",\"foundingDate\":\"2024-04-09\",\"vatID\":\"B55480172\",\"numberOfEmployees\":{\"@type\":\"QuantitativeValue\",\"minValue\":\"1\",\"maxValue\":\"10\"}}]}<\/script>\n<!-- \/ Yoast SEO Premium plugin. -->","yoast_head_json":{"title":"Profesion\u00e1lna elektrick\u00e1 mie\u0161a\u010dka - ARC rozvod","robots":{"index":"index","follow":"follow","max-snippet":"max-snippet:-1","max-image-preview":"max-image-preview:large","max-video-preview":"max-video-preview:-1"},"canonical":"https:\/\/distribucionarc.com\/sk\/produktov\/profesionalny-elektricky-mixer\/","og_locale":"sk_SK","og_type":"article","og_title":"Batidora el\u00e9ctrica profesional","og_description":"Batidora el\u00e9ctrica acero inox 1L Con la batidora el\u00e9ctrica profesional ARC podr\u00e1s realizar batidos, smoothies, cocktails etc. Ahorra en tiempo y energ\u00eda gracias a su motor de \u00faltima generaci\u00f3n  La batidora el\u00e9ctrica de ARCBEP1\u00a0est\u00e1 hecha de acero inoxidable de alta calidad, esta licuadora tiene un dise\u00f1o elegante, al igual que tambi\u00e9n destaca por su robustez y durabilidad. El vaso de acero inoxidable tiene una capacidad de 0.7 litros y cuenta con una escala en la superficie para que pueda medir f\u00e1cil y c\u00f3modamente. Garant\u00eda\u00a0ARC\u00a02 A\u00d1OS Batidora el\u00e9ctrica eficiente, bajo consumo 160w soporte t\u00e9cnico incluido &nbsp;  &nbsp;","og_url":"https:\/\/distribucionarc.com\/sk\/produktov\/profesionalny-elektricky-mixer\/","og_site_name":"distribuci\u00f3n ARC","article_modified_time":"2023-06-04T18:46:28+00:00","og_image":[{"width":1600,"height":1600,"url":"https:\/\/distribucionarc.com\/wp-content\/uploads\/2020\/07\/Batidora-el\u00e9ctrica-profesional-0.jpg","type":"image\/jpeg"}],"twitter_card":"summary_large_image","twitter_misc":{"Predpokladan\u00fd \u010das \u010d\u00edtania":"1 min\u00fata"},"schema":{"@context":"https:\/\/schema.org","@graph":[{"@type":"WebPage","@id":"https:\/\/distribucionarc.com\/en\/producto\/batidora-electrica-profesional\/","url":"https:\/\/distribucionarc.com\/en\/producto\/batidora-electrica-profesional\/","name":"Profesion\u00e1lna elektrick\u00e1 mie\u0161a\u010dka - ARC rozvod","isPartOf":{"@id":"https:\/\/distribucionarc.com\/de\/#website"},"primaryImageOfPage":{"@id":"https:\/\/distribucionarc.com\/en\/producto\/batidora-electrica-profesional\/#primaryimage"},"image":{"@id":"https:\/\/distribucionarc.com\/en\/producto\/batidora-electrica-profesional\/#primaryimage"},"thumbnailUrl":"https:\/\/distribucionarc.com\/wp-content\/uploads\/2020\/07\/Batidora-el\u00e9ctrica-profesional-0.jpg","datePublished":"2020-07-29T12:13:13+00:00","dateModified":"2023-06-04T18:46:28+00:00","breadcrumb":{"@id":"https:\/\/distribucionarc.com\/en\/producto\/batidora-electrica-profesional\/#breadcrumb"},"inLanguage":"sk-SK","potentialAction":[{"@type":"ReadAction","target":["https:\/\/distribucionarc.com\/en\/producto\/batidora-electrica-profesional\/"]}]},{"@type":"ImageObject","inLanguage":"sk-SK","@id":"https:\/\/distribucionarc.com\/en\/producto\/batidora-electrica-profesional\/#primaryimage","url":"https:\/\/distribucionarc.com\/wp-content\/uploads\/2020\/07\/Batidora-el\u00e9ctrica-profesional-0.jpg","contentUrl":"https:\/\/distribucionarc.com\/wp-content\/uploads\/2020\/07\/Batidora-el\u00e9ctrica-profesional-0.jpg","width":1600,"height":1600,"caption":"Batidora el\u00e9ctrica profesional"},{"@type":"BreadcrumbList","@id":"https:\/\/distribucionarc.com\/en\/producto\/batidora-electrica-profesional\/#breadcrumb","itemListElement":[{"@type":"ListItem","position":1,"name":"Portada","item":"https:\/\/distribucionarc.com\/pl\/"},{"@type":"ListItem","position":2,"name":"Produkty","item":"https:\/\/distribucionarc.com\/pl\/shop\/"},{"@type":"ListItem","position":3,"name":"Batidora el\u00e9ctrica profesional"}]},{"@type":"WebSite","@id":"https:\/\/distribucionarc.com\/de\/#website","url":"https:\/\/distribucionarc.com\/de\/","name":"ARC distrib\u00facia","description":"Spolo\u010dnos\u0165 sa \u0161pecializuje na v\u00fdrobu a distrib\u00faciu priemyseln\u00fdch strojov, strojov na uzatv\u00e1ranie plechoviek, strojov na v\u00fdrobu tabliet, strojov na porciovanie m\u00e4sa...","publisher":{"@id":"https:\/\/distribucionarc.com\/de\/#organization"},"potentialAction":[{"@type":"SearchAction","target":{"@type":"EntryPoint","urlTemplate":"https:\/\/distribucionarc.com\/de\/?s={search_term_string}"},"query-input":{"@type":"PropertyValueSpecification","valueRequired":true,"valueName":"search_term_string"}}],"inLanguage":"sk-SK"},{"@type":"Organization","@id":"https:\/\/distribucionarc.com\/de\/#organization","name":"Distrib\u00facia ARC","url":"https:\/\/distribucionarc.com\/de\/","logo":{"@type":"ImageObject","inLanguage":"sk-SK","@id":"https:\/\/distribucionarc.com\/de\/#\/schema\/logo\/image\/","url":"https:\/\/distribucionarc.com\/wp-content\/uploads\/2024\/10\/distribucion-ARC-COLOR-SIN-FONDO-e1732295305345.png","contentUrl":"https:\/\/distribucionarc.com\/wp-content\/uploads\/2024\/10\/distribucion-ARC-COLOR-SIN-FONDO-e1732295305345.png","width":1164,"height":558,"caption":"Distribuci\u00f3n ARC"},"image":{"@id":"https:\/\/distribucionarc.com\/de\/#\/schema\/logo\/image\/"},"description":"Spolo\u010dnos\u0165 \u0161pecializuj\u00faca sa na v\u00fdrobu a distrib\u00faciu priemyseln\u00fdch strojov pre potravin\u00e1rsky a farmaceutick\u00fd sektor. \u0160pecializujeme sa na: Stroje na kr\u00e1janie m\u00e4sa V\u00fdroba tabliet Priemyseln\u00e9 dopravn\u00e9 syst\u00e9my D\u00e1vkova\u010de na f\u013ea\u0161e A ove\u013ea viac... Pon\u00fakame inovat\u00edvne a prisp\u00f4soben\u00e9 rie\u0161enia na optimaliz\u00e1ciu v\u00fdrobn\u00fdch procesov va\u0161ej spolo\u010dnosti.","email":"Admistracion@distribucionarc.com","telephone":"+34 643496664","legalName":"ARC TECH SOLUTIONS","foundingDate":"2024-04-09","vatID":"B55480172","numberOfEmployees":{"@type":"QuantitativeValue","minValue":"1","maxValue":"10"}}]}},"_links":{"self":[{"href":"https:\/\/distribucionarc.com\/sk\/wp-json\/wp\/v2\/product\/1222","targetHints":{"allow":["GET"]}}],"collection":[{"href":"https:\/\/distribucionarc.com\/sk\/wp-json\/wp\/v2\/product"}],"about":[{"href":"https:\/\/distribucionarc.com\/sk\/wp-json\/wp\/v2\/types\/product"}],"replies":[{"embeddable":true,"href":"https:\/\/distribucionarc.com\/sk\/wp-json\/wp\/v2\/comments?post=1222"}],"version-history":[{"count":0,"href":"https:\/\/distribucionarc.com\/sk\/wp-json\/wp\/v2\/product\/1222\/revisions"}],"wp:featuredmedia":[{"embeddable":true,"href":"https:\/\/distribucionarc.com\/sk\/wp-json\/wp\/v2\/media\/1701"}],"wp:attachment":[{"href":"https:\/\/distribucionarc.com\/sk\/wp-json\/wp\/v2\/media?parent=1222"}],"wp:term":[{"taxonomy":"product_brand","embeddable":true,"href":"https:\/\/distribucionarc.com\/sk\/wp-json\/wp\/v2\/product_brand?post=1222"},{"taxonomy":"product_cat","embeddable":true,"href":"https:\/\/distribucionarc.com\/sk\/wp-json\/wp\/v2\/product_cat?post=1222"},{"taxonomy":"product_tag","embeddable":true,"href":"https:\/\/distribucionarc.com\/sk\/wp-json\/wp\/v2\/product_tag?post=1222"}],"curies":[{"name":"pracovn\u00fd list","href":"https:\/\/api.w.org\/{rel}","templated":true}]}}