{"id":1277,"date":"2020-07-20T13:57:02","date_gmt":"2020-07-20T13:57:02","guid":{"rendered":"https:\/\/distribucionarc.com\/?post_type=product&#038;p=1277"},"modified":"2024-09-09T00:05:42","modified_gmt":"2024-09-09T00:05:42","slug":"strojova-na-vyrobu-makkej-zmrzliny-14l","status":"publish","type":"product","link":"https:\/\/distribucionarc.com\/sk\/producto\/maquina-para-hacer-helados-suaves-14l\/","title":{"rendered":"14L stroj na v\u00fdrobu kr\u00e9movej zmrzliny"},"content":{"rendered":"<h3>14L stroj na v\u00fdrobu kr\u00e9movej zmrzliny<\/h3>\n<p><strong>Stroj na zmrzlinu<\/strong>\u00a0z<span style=\"color: #ff0000;\">\u00a0<\/span><strong><span style=\"color: #ff0000;\">TO<\/span><span style=\"color: #0000ff;\">R<\/span>c<\/strong>\u00a0Je \u0161iroko pou\u017e\u00edvan\u00fd v re\u0161taur\u00e1ci\u00e1ch, kaviar\u0148ach, zmrzlin\u00e1r\u0148ach, oddychoch. r\u00fdchle ob\u010derstvenie. Bez zlo\u017eit\u00fdch krokov to zvl\u00e1dnete\u00a0<strong>r\u00fdchlo pripravi\u0165 zmrzlinu<\/strong>,\u00a0<strong>jogurt<\/strong>\u00a0bu\u010f\u00a0<strong>sorbet<\/strong><\/p>\n<p>The\u00a0<strong><span style=\"color: #ff0000;\">TO<\/span><span style=\"color: #0000ff;\">R<\/span>CMH02<\/strong>\u00a0Je vybaven\u00fd du\u00e1lnymi kompresormi GMCC, dvoma 6L n\u00e1sypkami z nehrdzavej\u00facej ocele, vysokoenergetick\u00fdm radi\u00e1torom a chladivom R410a s funkciou predchladenia a produkciou v rozsahu od 20 l\/h do 28 l\/h.<\/p>\n<p>The\u00a0<strong>stroj na zmrzlinu<\/strong>\u00a0M\u00e1 dve vstavan\u00e9 nerezov\u00e9 n\u00e1doby, toto\u00a0<strong>stroj na zmrzlinu<\/strong>\u00a0z\u00a0<strong><span style=\"color: #ff0000;\">TO<\/span><span style=\"color: #0000ff;\">R<\/span>c<\/strong>\u00a0M\u00f4\u017ee sa pou\u017ei\u0165 na vytvorenie troch pr\u00edchut\u00ed zmrzliny, vr\u00e1tane dvoch oby\u010dajn\u00fdch pr\u00edchut\u00ed a jednej pr\u00edchuti mix, pre r\u00f4zne chute.<\/p>\n<p>\u010cas, teplotu, tvrdos\u0165 a mno\u017estvo zmrzliny je mo\u017en\u00e9 zobrazi\u0165 na obrazovke pre neust\u00e1le sledovanie. M\u00f4\u017eete \u013eubovo\u013ene modulova\u0165 pod\u013ea chuti. \u010cistenie jedn\u00fdm tla\u010didlom navy\u0161e umo\u017e\u0148uje r\u00fdchle a automatick\u00e9 \u010distenie stroja na v\u00fdrobu zmrzliny.<\/p>\n<p>Zlo\u017eky\u00a0<strong>stroj na zmrzlinu<\/strong>\u00a0M\u00f4\u017eu by\u0165 vopred vychladen\u00e9, tak\u017ee zmrzlina m\u00f4\u017ee by\u0165\u00a0<strong>r\u00fdchlo pripravi\u0165<\/strong>\u00a0po spusten\u00ed stroja. Funkcia skladovania cez noc zni\u017euje frekvenciu \u010distenia a \u0161etr\u00ed ingrediencie.<\/p>\n<p>Vylep\u0161en\u00fd dr\u017eiak ku\u017ee\u013ea je umiestnen\u00fd na vonkaj\u0161ej strane<strong>\u00a0stroj na zmrzlinu<\/strong>, aby sa korn\u00fatky zmrzliny \u013eahko nenamo\u010dili a chu\u0165 korn\u00fatkov zostala zachovan\u00e1.<\/p>\n<h6><\/h6>\n<h6><strong>Z\u00e1ruka<span style=\"color: #ff0000;\">\u00a0TO<\/span><span style=\"color: #0000ff;\">R<\/span>C 2 ROKY<\/strong><\/h6>\n<h6><span style=\"color: #008000;\">V\u00fdkonn\u00fd stroj na v\u00fdrobu zmrzliny, n\u00edzka spotreba 2000w<\/span><\/h6>\n<h6><strong>vr\u00e1tane technickej podpory<\/strong><\/h6>\n<table>\n<thead>\n<tr>\n<th><strong>Charakteristika<\/strong><\/th>\n<th><strong>Popis<\/strong><\/th>\n<\/tr>\n<\/thead>\n<tbody>\n<tr>\n<td><strong>\u010c\u00edslo v\u00fdrobcu<\/strong><\/td>\n<td>ARCMH03<\/td>\n<\/tr>\n<tr>\n<td><strong>Krajiny s technickou podporou<\/strong><\/td>\n<td><a href=\"https:\/\/distribucionarc.com\/sk\/technicka-sluzba\/\" target=\"_new\" rel=\"noopener\">Konzultujte technick\u00fa podporu tu<\/a><\/td>\n<\/tr>\n<tr>\n<td><strong>Hmotnos\u0165<\/strong><\/td>\n<td>115 kilogramov (kg)<\/td>\n<\/tr>\n<tr>\n<td><strong>Rozmery stroja<\/strong><\/td>\n<td><strong>V\u00fd\u0161ka<\/strong>: 85 cm, <strong>Dlh\u00e9<\/strong>: 57 cm, <strong>\u0160irok\u00fd<\/strong>: 87 cm<\/td>\n<\/tr>\n<tr>\n<td><strong>Farba<\/strong><\/td>\n<td>Strieborn\u00e1<\/td>\n<\/tr>\n<tr>\n<td><strong>Sila<\/strong><\/td>\n<td>2000 wattov (W)<\/td>\n<\/tr>\n<tr>\n<td><strong>vstupn\u00e9 nap\u00e4tie<\/strong><\/td>\n<td>220V \u2013 60Hz<\/td>\n<\/tr>\n<tr>\n<td><strong>V\u00fdrobn\u00e1 kapacita<\/strong><\/td>\n<td>20-28 litrov za hodinu<\/td>\n<\/tr>\n<tr>\n<td><strong>Chladivo<\/strong><\/td>\n<td>R410a<\/td>\n<\/tr>\n<tr>\n<td><strong>Ve\u013ekos\u0165 vkladu<\/strong><\/td>\n<td>7 litrov na jednotku<\/td>\n<\/tr>\n<tr>\n<td><strong>Materi\u00e1l<\/strong><\/td>\n<td>Nerezov\u00e9, inteligentn\u00e9 dotykov\u00e9 LCD ovl\u00e1danie<\/td>\n<\/tr>\n<tr>\n<td><strong>Z\u00e1ruka<\/strong><\/td>\n<td>2 roky<\/td>\n<\/tr>\n<tr>\n<td><strong>In\u0161tala\u010dn\u00e9 n\u00e1stroje<\/strong><\/td>\n<td>Zahrnut\u00e9<\/td>\n<\/tr>\n<\/tbody>\n<\/table>","protected":false},"excerpt":{"rendered":"<h2>V\u00fdrobn\u00edk zmrzliny ARC Soft \u2013 kompaktn\u00fd, vysoko v\u00fdkonn\u00fd stoln\u00fd v\u00fdrobn\u00edk zmrzliny<\/h2>\n<p>The <strong>ARC profesion\u00e1lny stroj na v\u00fdrobu m\u00e4kkej a kr\u00e9movej zmrzliny<\/strong> Je navrhnut\u00fd tak, aby bol kompaktn\u00fd a v\u00fdkonn\u00fd, ide\u00e1lny na umiestnenie priamo na pult <strong>zmrzlin\u00e1rne<\/strong>, <strong>kaviarne<\/strong> a <strong>re\u0161taur\u00e1cie<\/strong> s obmedzen\u00fdm priestorom. S kapacitou <strong>20 a\u017e 28 litrov za hodinu<\/strong>Tento stroj v\u00e1m umo\u017e\u0148uje vyr\u00e1ba\u0165 vysokokvalitn\u00fa m\u00e4kk\u00fa zmrzlinu a efekt\u00edvne sp\u013a\u0148a\u0165 ve\u013ek\u00e9 po\u017eiadavky.<\/p>\n<p>V\u010faka v\u00e1\u0161mu <strong>chladivo R410a<\/strong>, tento stroj zaru\u010duje stabiln\u00fa a energeticky efekt\u00edvnu v\u00fdrobu, pri\u010dom v\u017edy zachov\u00e1va dokonal\u00fa kr\u00e9movos\u0165 a text\u00faru zmrzliny. Okrem toho, <strong>inteligentn\u00fd LCD panel<\/strong> u\u013eah\u010duje ovl\u00e1danie stroja a umo\u017e\u0148uje presn\u00e9 nastavenie \u010dasu a teploty.<\/p>\n<h3>Produkty, ktor\u00e9 m\u00f4\u017eete vyrobi\u0165:<\/h3>\n<ul>\n<li><strong>m\u00e4kk\u00e1 zmrzlina<\/strong>: Ide\u00e1lne pre korn\u00fatky alebo poh\u00e1re pod\u00e1van\u00e9 v prev\u00e1dzkach.<\/li>\n<li><strong>Mie\u0161an\u00e9 zmrzliny<\/strong>: Umo\u017e\u0148uje pod\u00e1va\u0165 a\u017e dve r\u00f4zne alebo kombinovan\u00e9 pr\u00edchute.<\/li>\n<li><strong>Poh\u00e1re a dezerty<\/strong>: Ide\u00e1lne na vytv\u00e1ranie personalizovan\u00fdch zmrzlinov\u00fdch dezertov pre ka\u017ed\u00e9ho klienta.<\/li>\n<\/ul>\n<h3>Odvetvia, v ktor\u00fdch sa m\u00f4\u017ee implementova\u0165:<\/h3>\n<ul>\n<li><strong>Zmrzlin\u00e1rne a kaviarne<\/strong>: \u0160peci\u00e1lne na r\u00fdchle a efekt\u00edvne pod\u00e1vanie m\u00e4kkej zmrzliny.<\/li>\n<li><strong>Re\u0161taur\u00e1cie<\/strong>: Vynikaj\u00face na pon\u00fakanie mrazen\u00fdch dezertov ako s\u00fa\u010das\u0165 menu.<\/li>\n<li><strong>Fran\u0161\u00edzy a food trucky<\/strong>: Ide\u00e1lne pre mobiln\u00e9 podniky alebo fran\u0161\u00edzy, ktor\u00e9 potrebuj\u00fa kompaktn\u00e9, ale vysokokapacitn\u00e9 vybavenie.<\/li>\n<\/ul>","protected":false},"featured_media":1285,"comment_status":"open","ping_status":"closed","template":"","meta":{"wds_primary_product_brand":0,"wds_primary_product_cat":0},"product_brand":[],"product_cat":[56,58],"product_tag":[],"class_list":{"0":"post-1277","1":"product","2":"type-product","3":"status-publish","4":"has-post-thumbnail","6":"product_cat-maquinaria-para-ferias","7":"product_cat-maquinaria-para-heladerias-profesionales","8":"product_shipping_class-hosteleria","10":"first","11":"instock","12":"sale","13":"taxable","14":"shipping-taxable","15":"purchasable","16":"product-type-simple"},"yoast_head":"<!-- This site is optimized with the Yoast SEO Premium plugin v24.9 (Yoast SEO v26.1) - https:\/\/yoast.com\/wordpress\/plugins\/seo\/ -->\n<title>Maquina para hacer helados cremosos 14L - distribuci\u00f3n ARC<\/title>\n<meta name=\"robots\" content=\"index, follow, max-snippet:-1, max-image-preview:large, max-video-preview:-1\" \/>\n<link rel=\"canonical\" href=\"https:\/\/www.distribucionarc.com\/lt\/producto\/maquina-para-hacer-helados-suaves-14l\/\" \/>\n<meta property=\"og:locale\" content=\"sk_SK\" \/>\n<meta property=\"og:type\" content=\"article\" \/>\n<meta property=\"og:title\" content=\"Maquina para hacer helados cremosos 14L\" \/>\n<meta property=\"og:description\" content=\"M\u00e1quina para hacer helados suaves ARC \u2013 Compacta y de alto rendimiento para mostrador La m\u00e1quina para hacer helados blandos y cremosos profesional ARC est\u00e1 dise\u00f1ada para ser compacta y potente, ideal para ubicarse directamente sobre el mostrador en helader\u00edas, cafeter\u00edas y restaurantes con espacio limitado. Con una capacidad de 20 a 28 litros por hora, esta m\u00e1quina te permite producir helados suaves de alta calidad y satisfacer grandes demandas de manera eficiente.  Gracias a su refrigerante R410a, esta m\u00e1quina garantiza una producci\u00f3n estable y eficiente en t\u00e9rminos de energ\u00eda, manteniendo siempre la cremosidad y textura perfecta del helado. Adem\u00e1s, el panel LCD inteligente facilita el control de la m\u00e1quina, permitiendo ajustes precisos en tiempo y temperatura. Productos que puedes hacer:   Helados suaves: Perfectos para conos o vasos servidos en establecimientos.  Helados mixtos: Permite servir hasta dos sabores diferentes o combinados.  Sundaes y postres: Ideal para crear postres con helado personalizado para cada cliente.  Sectores donde se puede implementar:   Helader\u00edas y cafeter\u00edas: Especial para servir helados suaves de manera r\u00e1pida y eficiente.  Restaurantes: Excelente para ofrecer postres helados como parte del men\u00fa.  Franquicias y food trucks: Ideal para negocios m\u00f3viles o franquicias que necesiten equipos compactos pero de alta capacidad.\" \/>\n<meta property=\"og:url\" content=\"https:\/\/www.distribucionarc.com\/lt\/producto\/maquina-para-hacer-helados-suaves-14l\/\" \/>\n<meta property=\"og:site_name\" content=\"distribuci\u00f3n ARC\" \/>\n<meta property=\"article:modified_time\" content=\"2024-09-09T00:05:42+00:00\" \/>\n<meta property=\"og:image\" content=\"https:\/\/distribucionarc.com\/wp-content\/uploads\/2020\/07\/M\u00e1quina-para-hacer-helados-suaves-14L-1.jpg\" \/>\n\t<meta property=\"og:image:width\" content=\"1600\" \/>\n\t<meta property=\"og:image:height\" content=\"1600\" \/>\n\t<meta property=\"og:image:type\" content=\"image\/jpeg\" \/>\n<meta name=\"twitter:card\" content=\"summary_large_image\" \/>\n<meta name=\"twitter:label1\" content=\"Predpokladan\u00fd \u010das \u010d\u00edtania\" \/>\n\t<meta name=\"twitter:data1\" content=\"2 min\u00faty\" \/>\n<script type=\"application\/ld+json\" class=\"yoast-schema-graph\">{\"@context\":\"https:\/\/schema.org\",\"@graph\":[{\"@type\":\"WebPage\",\"@id\":\"https:\/\/www.distribucionarc.com\/lt\/producto\/maquina-para-hacer-helados-suaves-14l\/\",\"url\":\"https:\/\/www.distribucionarc.com\/lt\/producto\/maquina-para-hacer-helados-suaves-14l\/\",\"name\":\"Maquina para hacer helados cremosos 14L - distribuci\u00f3n ARC\",\"isPartOf\":{\"@id\":\"https:\/\/www.distribucionarc.com\/sl\/#website\"},\"primaryImageOfPage\":{\"@id\":\"https:\/\/www.distribucionarc.com\/lt\/producto\/maquina-para-hacer-helados-suaves-14l\/#primaryimage\"},\"image\":{\"@id\":\"https:\/\/www.distribucionarc.com\/lt\/producto\/maquina-para-hacer-helados-suaves-14l\/#primaryimage\"},\"thumbnailUrl\":\"https:\/\/distribucionarc.com\/wp-content\/uploads\/2020\/07\/M\u00e1quina-para-hacer-helados-suaves-14L-1.jpg\",\"datePublished\":\"2020-07-20T13:57:02+00:00\",\"dateModified\":\"2024-09-09T00:05:42+00:00\",\"breadcrumb\":{\"@id\":\"https:\/\/www.distribucionarc.com\/lt\/producto\/maquina-para-hacer-helados-suaves-14l\/#breadcrumb\"},\"inLanguage\":\"sk-SK\",\"potentialAction\":[{\"@type\":\"ReadAction\",\"target\":[\"https:\/\/www.distribucionarc.com\/lt\/producto\/maquina-para-hacer-helados-suaves-14l\/\"]}]},{\"@type\":\"ImageObject\",\"inLanguage\":\"sk-SK\",\"@id\":\"https:\/\/www.distribucionarc.com\/lt\/producto\/maquina-para-hacer-helados-suaves-14l\/#primaryimage\",\"url\":\"https:\/\/distribucionarc.com\/wp-content\/uploads\/2020\/07\/M\u00e1quina-para-hacer-helados-suaves-14L-1.jpg\",\"contentUrl\":\"https:\/\/distribucionarc.com\/wp-content\/uploads\/2020\/07\/M\u00e1quina-para-hacer-helados-suaves-14L-1.jpg\",\"width\":1600,\"height\":1600,\"caption\":\"Maquina para hacer helados suaves 14L\"},{\"@type\":\"BreadcrumbList\",\"@id\":\"https:\/\/www.distribucionarc.com\/lt\/producto\/maquina-para-hacer-helados-suaves-14l\/#breadcrumb\",\"itemListElement\":[{\"@type\":\"ListItem\",\"position\":1,\"name\":\"Portada\",\"item\":\"https:\/\/www.distribucionarc.com\/\"},{\"@type\":\"ListItem\",\"position\":2,\"name\":\"\u00dcr\u00fcnler\",\"item\":\"https:\/\/www.distribucionarc.com\/tr\/magaza\/\"},{\"@type\":\"ListItem\",\"position\":3,\"name\":\"Maquina para hacer helados cremosos 14L\"}]},{\"@type\":\"WebSite\",\"@id\":\"https:\/\/www.distribucionarc.com\/sl\/#website\",\"url\":\"https:\/\/www.distribucionarc.com\/sl\/\",\"name\":\"distribuci\u00f3n ARC\",\"description\":\"Empresa especializada en la fabricaci\u00f3n y distribuci\u00f3n de maquinaria industrial, selladoras de latas, Maquinas de hacer pastillas, Maquinas de cortar carne...\",\"publisher\":{\"@id\":\"https:\/\/www.distribucionarc.com\/sl\/#organization\"},\"potentialAction\":[{\"@type\":\"SearchAction\",\"target\":{\"@type\":\"EntryPoint\",\"urlTemplate\":\"https:\/\/www.distribucionarc.com\/sl\/?s={search_term_string}\"},\"query-input\":{\"@type\":\"PropertyValueSpecification\",\"valueRequired\":true,\"valueName\":\"search_term_string\"}}],\"inLanguage\":\"sk-SK\"},{\"@type\":\"Organization\",\"@id\":\"https:\/\/www.distribucionarc.com\/sl\/#organization\",\"name\":\"Distribuci\u00f3n ARC\",\"url\":\"https:\/\/www.distribucionarc.com\/sl\/\",\"logo\":{\"@type\":\"ImageObject\",\"inLanguage\":\"sk-SK\",\"@id\":\"https:\/\/www.distribucionarc.com\/sl\/#\/schema\/logo\/image\/\",\"url\":\"https:\/\/distribucionarc.com\/wp-content\/uploads\/2024\/10\/distribucion-ARC-COLOR-SIN-FONDO-e1732295305345.png\",\"contentUrl\":\"https:\/\/distribucionarc.com\/wp-content\/uploads\/2024\/10\/distribucion-ARC-COLOR-SIN-FONDO-e1732295305345.png\",\"width\":1164,\"height\":558,\"caption\":\"Distribuci\u00f3n ARC\"},\"image\":{\"@id\":\"https:\/\/www.distribucionarc.com\/sl\/#\/schema\/logo\/image\/\"},\"description\":\"Empresa especializada en la fabricaci\u00f3n y distribuci\u00f3n de maquinaria industrial para los sectores alimentario y farmac\u00e9utico. Nos especializamos en: M\u00e1quinas de cortar carne Fabricaci\u00f3n de comprimidos Sistemas de transporte industrial L\u00edneas de embotellado Dosificadores Y mucho m\u00e1s... Ofrecemos soluciones innovadoras y personalizadas para optimizar los procesos productivos de tu empresa.\",\"email\":\"Admistracion@distribucionarc.com\",\"telephone\":\"+34 643496664\",\"legalName\":\"ARC TECH SOLUTIONS\",\"foundingDate\":\"2024-04-09\",\"vatID\":\"B55480172\",\"numberOfEmployees\":{\"@type\":\"QuantitativeValue\",\"minValue\":\"1\",\"maxValue\":\"10\"}}]}<\/script>\n<!-- \/ Yoast SEO Premium plugin. -->","yoast_head_json":{"title":"14L stroj na v\u00fdrobu kr\u00e9movej zmrzliny - ARC rozvod","robots":{"index":"index","follow":"follow","max-snippet":"max-snippet:-1","max-image-preview":"max-image-preview:large","max-video-preview":"max-video-preview:-1"},"canonical":"https:\/\/www.distribucionarc.com\/lt\/producto\/maquina-para-hacer-helados-suaves-14l\/","og_locale":"sk_SK","og_type":"article","og_title":"Maquina para hacer helados cremosos 14L","og_description":"M\u00e1quina para hacer helados suaves ARC \u2013 Compacta y de alto rendimiento para mostrador La m\u00e1quina para hacer helados blandos y cremosos profesional ARC est\u00e1 dise\u00f1ada para ser compacta y potente, ideal para ubicarse directamente sobre el mostrador en helader\u00edas, cafeter\u00edas y restaurantes con espacio limitado. Con una capacidad de 20 a 28 litros por hora, esta m\u00e1quina te permite producir helados suaves de alta calidad y satisfacer grandes demandas de manera eficiente.  Gracias a su refrigerante R410a, esta m\u00e1quina garantiza una producci\u00f3n estable y eficiente en t\u00e9rminos de energ\u00eda, manteniendo siempre la cremosidad y textura perfecta del helado. Adem\u00e1s, el panel LCD inteligente facilita el control de la m\u00e1quina, permitiendo ajustes precisos en tiempo y temperatura. Productos que puedes hacer:   Helados suaves: Perfectos para conos o vasos servidos en establecimientos.  Helados mixtos: Permite servir hasta dos sabores diferentes o combinados.  Sundaes y postres: Ideal para crear postres con helado personalizado para cada cliente.  Sectores donde se puede implementar:   Helader\u00edas y cafeter\u00edas: Especial para servir helados suaves de manera r\u00e1pida y eficiente.  Restaurantes: Excelente para ofrecer postres helados como parte del men\u00fa.  Franquicias y food trucks: Ideal para negocios m\u00f3viles o franquicias que necesiten equipos compactos pero de alta capacidad.","og_url":"https:\/\/www.distribucionarc.com\/lt\/producto\/maquina-para-hacer-helados-suaves-14l\/","og_site_name":"distribuci\u00f3n ARC","article_modified_time":"2024-09-09T00:05:42+00:00","og_image":[{"width":1600,"height":1600,"url":"https:\/\/distribucionarc.com\/wp-content\/uploads\/2020\/07\/M\u00e1quina-para-hacer-helados-suaves-14L-1.jpg","type":"image\/jpeg"}],"twitter_card":"summary_large_image","twitter_misc":{"Predpokladan\u00fd \u010das \u010d\u00edtania":"2 min\u00faty"},"schema":{"@context":"https:\/\/schema.org","@graph":[{"@type":"WebPage","@id":"https:\/\/www.distribucionarc.com\/lt\/producto\/maquina-para-hacer-helados-suaves-14l\/","url":"https:\/\/www.distribucionarc.com\/lt\/producto\/maquina-para-hacer-helados-suaves-14l\/","name":"14L stroj na v\u00fdrobu kr\u00e9movej zmrzliny - ARC rozvod","isPartOf":{"@id":"https:\/\/www.distribucionarc.com\/sl\/#website"},"primaryImageOfPage":{"@id":"https:\/\/www.distribucionarc.com\/lt\/producto\/maquina-para-hacer-helados-suaves-14l\/#primaryimage"},"image":{"@id":"https:\/\/www.distribucionarc.com\/lt\/producto\/maquina-para-hacer-helados-suaves-14l\/#primaryimage"},"thumbnailUrl":"https:\/\/distribucionarc.com\/wp-content\/uploads\/2020\/07\/M\u00e1quina-para-hacer-helados-suaves-14L-1.jpg","datePublished":"2020-07-20T13:57:02+00:00","dateModified":"2024-09-09T00:05:42+00:00","breadcrumb":{"@id":"https:\/\/www.distribucionarc.com\/lt\/producto\/maquina-para-hacer-helados-suaves-14l\/#breadcrumb"},"inLanguage":"sk-SK","potentialAction":[{"@type":"ReadAction","target":["https:\/\/www.distribucionarc.com\/lt\/producto\/maquina-para-hacer-helados-suaves-14l\/"]}]},{"@type":"ImageObject","inLanguage":"sk-SK","@id":"https:\/\/www.distribucionarc.com\/lt\/producto\/maquina-para-hacer-helados-suaves-14l\/#primaryimage","url":"https:\/\/distribucionarc.com\/wp-content\/uploads\/2020\/07\/M\u00e1quina-para-hacer-helados-suaves-14L-1.jpg","contentUrl":"https:\/\/distribucionarc.com\/wp-content\/uploads\/2020\/07\/M\u00e1quina-para-hacer-helados-suaves-14L-1.jpg","width":1600,"height":1600,"caption":"Maquina para hacer helados suaves 14L"},{"@type":"BreadcrumbList","@id":"https:\/\/www.distribucionarc.com\/lt\/producto\/maquina-para-hacer-helados-suaves-14l\/#breadcrumb","itemListElement":[{"@type":"ListItem","position":1,"name":"Portada","item":"https:\/\/www.distribucionarc.com\/"},{"@type":"ListItem","position":2,"name":"\u00dcr\u00fcnler","item":"https:\/\/www.distribucionarc.com\/tr\/magaza\/"},{"@type":"ListItem","position":3,"name":"Maquina para hacer helados cremosos 14L"}]},{"@type":"WebSite","@id":"https:\/\/www.distribucionarc.com\/sl\/#website","url":"https:\/\/www.distribucionarc.com\/sl\/","name":"ARC distrib\u00facia","description":"Spolo\u010dnos\u0165 sa \u0161pecializuje na v\u00fdrobu a distrib\u00faciu priemyseln\u00fdch strojov, strojov na uzatv\u00e1ranie plechoviek, strojov na v\u00fdrobu tabliet, strojov na porciovanie m\u00e4sa...","publisher":{"@id":"https:\/\/www.distribucionarc.com\/sl\/#organization"},"potentialAction":[{"@type":"SearchAction","target":{"@type":"EntryPoint","urlTemplate":"https:\/\/www.distribucionarc.com\/sl\/?s={search_term_string}"},"query-input":{"@type":"PropertyValueSpecification","valueRequired":true,"valueName":"search_term_string"}}],"inLanguage":"sk-SK"},{"@type":"Organization","@id":"https:\/\/www.distribucionarc.com\/sl\/#organization","name":"Distrib\u00facia ARC","url":"https:\/\/www.distribucionarc.com\/sl\/","logo":{"@type":"ImageObject","inLanguage":"sk-SK","@id":"https:\/\/www.distribucionarc.com\/sl\/#\/schema\/logo\/image\/","url":"https:\/\/distribucionarc.com\/wp-content\/uploads\/2024\/10\/distribucion-ARC-COLOR-SIN-FONDO-e1732295305345.png","contentUrl":"https:\/\/distribucionarc.com\/wp-content\/uploads\/2024\/10\/distribucion-ARC-COLOR-SIN-FONDO-e1732295305345.png","width":1164,"height":558,"caption":"Distribuci\u00f3n ARC"},"image":{"@id":"https:\/\/www.distribucionarc.com\/sl\/#\/schema\/logo\/image\/"},"description":"Spolo\u010dnos\u0165 \u0161pecializuj\u00faca sa na v\u00fdrobu a distrib\u00faciu priemyseln\u00fdch strojov pre potravin\u00e1rsky a farmaceutick\u00fd sektor. \u0160pecializujeme sa na: Stroje na kr\u00e1janie m\u00e4sa V\u00fdroba tabliet Priemyseln\u00e9 dopravn\u00e9 syst\u00e9my D\u00e1vkova\u010de na f\u013ea\u0161e A ove\u013ea viac... Pon\u00fakame inovat\u00edvne a prisp\u00f4soben\u00e9 rie\u0161enia na optimaliz\u00e1ciu v\u00fdrobn\u00fdch procesov va\u0161ej spolo\u010dnosti.","email":"Admistracion@distribucionarc.com","telephone":"+34 643496664","legalName":"ARC TECH SOLUTIONS","foundingDate":"2024-04-09","vatID":"B55480172","numberOfEmployees":{"@type":"QuantitativeValue","minValue":"1","maxValue":"10"}}]}},"_links":{"self":[{"href":"https:\/\/distribucionarc.com\/sk\/wp-json\/wp\/v2\/product\/1277","targetHints":{"allow":["GET"]}}],"collection":[{"href":"https:\/\/distribucionarc.com\/sk\/wp-json\/wp\/v2\/product"}],"about":[{"href":"https:\/\/distribucionarc.com\/sk\/wp-json\/wp\/v2\/types\/product"}],"replies":[{"embeddable":true,"href":"https:\/\/distribucionarc.com\/sk\/wp-json\/wp\/v2\/comments?post=1277"}],"version-history":[{"count":0,"href":"https:\/\/distribucionarc.com\/sk\/wp-json\/wp\/v2\/product\/1277\/revisions"}],"wp:featuredmedia":[{"embeddable":true,"href":"https:\/\/distribucionarc.com\/sk\/wp-json\/wp\/v2\/media\/1285"}],"wp:attachment":[{"href":"https:\/\/distribucionarc.com\/sk\/wp-json\/wp\/v2\/media?parent=1277"}],"wp:term":[{"taxonomy":"product_brand","embeddable":true,"href":"https:\/\/distribucionarc.com\/sk\/wp-json\/wp\/v2\/product_brand?post=1277"},{"taxonomy":"product_cat","embeddable":true,"href":"https:\/\/distribucionarc.com\/sk\/wp-json\/wp\/v2\/product_cat?post=1277"},{"taxonomy":"product_tag","embeddable":true,"href":"https:\/\/distribucionarc.com\/sk\/wp-json\/wp\/v2\/product_tag?post=1277"}],"curies":[{"name":"pracovn\u00fd list","href":"https:\/\/api.w.org\/{rel}","templated":true}]}}