{"id":1292,"date":"2020-07-20T15:50:14","date_gmt":"2020-07-20T15:50:14","guid":{"rendered":"https:\/\/distribucionarc.com\/?post_type=product&#038;p=1292"},"modified":"2020-09-27T09:32:40","modified_gmt":"2020-09-27T09:32:40","slug":"profesionalny-drvic-ladu-mixer","status":"publish","type":"product","link":"https:\/\/distribucionarc.com\/sk\/producto\/trituradora-de-hielo-batidora-profesional\/","title":{"rendered":"Drvi\u010d \u013eadu Profesion\u00e1lny mix\u00e9r"},"content":{"rendered":"<h3>Drvi\u010d \u013eadu Profesion\u00e1lny mix\u00e9r<\/h3>\n<p>The <strong>drvi\u010d \u013eadu<\/strong> z <strong><span style=\"color: #ff0000;\">TO<\/span><span style=\"color: #0000ff;\">R<\/span>c<\/strong> Je multifunk\u010dn\u00fd, hod\u00ed sa na pr\u00edpravu ka\u0161\u00ed viacer\u00fdch pr\u00edchut\u00ed, \u013eadu v ide\u00e1lnej ve\u013ekosti do mojita alebo aj multiovocn\u00fdch smoothies.<\/p>\n<p>The <strong>drvi\u010d \u013eadu <span style=\"color: #ff0000;\">TO<\/span><span style=\"color: #0000ff;\">R<\/span>CMHG01<\/strong> Obsahuje sud z potravin\u00e1rskej nehrdzavej\u00facej ocele 304. Kryt z tvrden\u00e9ho skla umo\u017e\u0148uje jasn\u00e9 sledovanie procesu. M\u00e1 poh\u00e1r na pridanie vody alebo oleja kedyko\u013evek.<\/p>\n<p>Zhrubnut\u00e9 \u010depele z nehrdzavej\u00facej ocele 420 s vysokou tvrdos\u0165ou. Umo\u017e\u0148uj\u00fa <strong>drvi\u010d \u013eadu<\/strong> z <strong><span style=\"color: #ff0000;\">TO<\/span><span style=\"color: #0000ff;\">R<\/span>c<\/strong> sekajte \u013ead a jedlo s \u013eahkos\u0165ou a dosahujte jemn\u00e9 a hladk\u00e9 v\u00fdsledky.<\/p>\n<p>Prev\u00e1dzka<strong> profesion\u00e1lny skartova\u010d <span style=\"color: #ff0000;\">TO<\/span><span style=\"color: #0000ff;\">R<\/span>c<\/strong> Je jednoduch\u00fd, s dobre definovan\u00fdmi tla\u010didlami. M\u00e1 funkciu n\u00fadzov\u00e9ho zastavenia a bezpe\u010dnostn\u00e9 zariadenie, funkcia \u010dasovania je 0-60 min.<\/p>\n<p>Hlave\u0148 je mo\u017en\u00e9 nakloni\u0165, aby sa u\u013eah\u010dila v\u00fdroba hotov\u00e9ho v\u00fdrobku. Kolieska umo\u017e\u0148uj\u00fa pohodlnej\u0161\u00ed pohyb. Gumov\u00e9 no\u017ei\u010dky udr\u017euj\u00fa stroj po\u010das pou\u017e\u00edvania stabiln\u00fd. R\u00fdchle spony na zaistenie tesnenia produktu a bezpe\u010dnosti pou\u017e\u00edvate\u013ea. H\u00e1k pripevnen\u00fd k sudu d\u00e1va stroju v\u00e4\u010d\u0161iu stabilitu pre spracovanie v\u0161etk\u00fdch druhov potrav\u00edn.<\/p>\n<h6><strong>Z\u00e1ruka\u00a0<span style=\"color: #ff0000;\">TO<\/span><span style=\"color: #0000ff;\">R<\/span>C 2 ROKY<\/strong><\/h6>\n<h6><span style=\"color: #008000;\">V\u00fdkonn\u00fd stroj na v\u00fdrobu zmrzliny, n\u00edzka spotreba 2000w<\/span><\/h6>\n<p><strong>vr\u00e1tane technickej podpory<\/strong><\/p>\n<p>&nbsp;<\/p>\n<table role=\"presentation\" width=\"100%\" cellspacing=\"0\" cellpadding=\"0\">\n<tbody>\n<tr>\n<td class=\"attrLabels\">Chladivo:<\/td>\n<td width=\"50.0%\">R410a<\/td>\n<\/tr>\n<tr>\n<td class=\"attrLabels\">Krajina distrib\u00facie:<\/td>\n<td width=\"50.0%\">\u0160panielsko, Nemecko, USA<\/td>\n<td class=\"attrLabels\">Hmotnos\u0165:<\/td>\n<td width=\"50.0%\">30 kg<\/td>\n<\/tr>\n<tr>\n<td class=\"attrLabels\">Zna\u010dka:<\/td>\n<td width=\"50.0%\">ARC<\/td>\n<td class=\"attrLabels\">v\u00fd\u0161ka:<\/td>\n<td width=\"50.0%\">105 cm<\/td>\n<\/tr>\n<tr>\n<td class=\"attrLabels\">Farba:<\/td>\n<td width=\"50.0%\">Strieborn\u00e1<\/td>\n<td class=\"attrLabels\">Dlh\u00e9:<\/td>\n<td width=\"50.0%\">67 cm<\/td>\n<\/tr>\n<tr>\n<td class=\"attrLabels\">Typ produktu:<\/td>\n<td width=\"50.0%\">Profesion\u00e1lny mix\u00e9r a drvi\u010d<\/td>\n<td class=\"attrLabels\">\u0160irok\u00e1:<\/td>\n<td width=\"50.0%\">\u00a062 cm<\/td>\n<\/tr>\n<tr>\n<td class=\"attrLabels\">\u010c\u00edslo v\u00fdrobcu:<\/td>\n<td width=\"50.0%\">ARCMHG01<\/td>\n<td class=\"attrLabels\">V\u00fdkon:<\/td>\n<td width=\"50.0%\">2000 W<\/td>\n<\/tr>\n<tr>\n<td class=\"attrLabels\">Materi\u00e1l:<\/td>\n<td width=\"50.0%\">Nerez, inteligentn\u00e9 ovl\u00e1danie, bezpe\u010dnostn\u00fd syst\u00e9m, tvrden\u00e9 sklo<\/td>\n<td class=\"attrLabels\">vstupn\u00e9 nap\u00e4tie<\/td>\n<td width=\"50.0%\">220V \u2013 60Hz<\/td>\n<\/tr>\n<tr>\n<td class=\"attrLabels\">R\u00fdchlos\u0165:<\/td>\n<td width=\"50.0%\">\u00a02800 ot.\/min<\/td>\n<td class=\"attrLabels\">Ve\u013ekos\u0165:<\/td>\n<td width=\"50.0%\">30L<\/td>\n<\/tr>\n<tr>\n<td class=\"attrLabels\">In\u0161tala\u010dn\u00e9 n\u00e1stroje:<\/td>\n<td width=\"50.0%\">\u00c1no<\/td>\n<td class=\"attrLabels\">Z\u00e1ruka:<\/td>\n<td width=\"50.0%\">2 ROKY<\/td>\n<\/tr>\n<\/tbody>\n<\/table>\n<p>&nbsp;<\/p>","protected":false},"excerpt":{"rendered":"<h3>Drvi\u010d \u013eadu Profesion\u00e1lny mix\u00e9r<\/h3>\n<p>In\u00a0<span style=\"color: #ff0000;\"><strong><span style=\"font-style: inherit; font-weight: inherit;\">TO<\/span><\/strong><\/span><span style=\"color: #0000ff;\"><strong>R<\/strong><\/span><strong>c<\/strong>\u00a0v\u017edy n\u00e1jde\u0161\u00a0<strong>stroje na v\u00fdrobu zmrzliny<\/strong>\u00a0na pou\u017eitie\u00a0<strong>profesion\u00e1lna reklama<\/strong>\u00a0najinovat\u00edvnej\u0161ie na trhu pre svoje elegantn\u00e9 detaily, starostlivos\u0165 o uprednost\u0148ovanie v\u00fdroby a n\u00e1sledne kvalitu produktu, okrem pomoci pri spotrebe energie<strong>\u00a0<\/strong><span style=\"color: #008000;\"><strong>energeticky \u00fasporn\u00e9 stroje na v\u00fdrobu zmrzliny.<\/strong><\/span><\/p>\n<p>t<strong>drvi\u010d \u013eadu<\/strong> 30 l <strong><span style=\"color: #ff0000;\">TO<\/span><span style=\"color: #0000ff;\">R<\/span>c<\/strong> Je vhodn\u00fd na pr\u00edpravu ovocn\u00fdch smoothies vo ve\u013emi r\u00fdchlom tempe a je tie\u017e ve\u013emi u\u017eito\u010dn\u00fd na v\u00fdrobu vlastn\u00e9ho \u013eadu do ochuten\u00fdch ka\u0161\u00ed alebo kokteilov. Ide\u00e1lne pre re\u0161taur\u00e1cie, ve\u013etrhy, food trucky, akcie a rodinn\u00e9 pou\u017eitie. The <strong>profesion\u00e1lny skartova\u010d <span style=\"color: #ff0000;\">TO<\/span><span style=\"color: #0000ff;\">R<\/span>CMHG01<\/strong> Je vybaven\u00e1 funk\u010dnou dvojitou automatickou poistkou, ktor\u00e1 zastav\u00ed pohyb \u010depele pri otvoren\u00ed veka alebo pri vybrat\u00ed n\u00e1doby. Pre \u013eahk\u00fd pohyb s\u00fa s\u00fa\u010das\u0165ou balenia. Je ide\u00e1lny ako pre komer\u010dn\u00e9 vyu\u017eitie, tak pre jeho neuverite\u013en\u00fa silu.<\/p>\n<h6><strong>Z\u00e1ruka\u00a0<span style=\"color: #ff0000;\">TO<\/span><span style=\"color: #0000ff;\">R<\/span>C 2 ROKY<\/strong><\/h6>\n<h6><span style=\"color: #008000;\">V\u00fdkonn\u00fd stroj na v\u00fdrobu zmrzliny, n\u00edzka spotreba 2000w<\/span><\/h6>\n<p><strong>vr\u00e1tane technickej podpory<\/strong><\/p>\n<p>&nbsp;<\/p>","protected":false},"featured_media":1300,"comment_status":"open","ping_status":"closed","template":"","meta":{"wds_primary_product_brand":0,"wds_primary_product_cat":0},"product_brand":[],"product_cat":[56,58],"product_tag":[],"class_list":{"0":"post-1292","1":"product","2":"type-product","3":"status-publish","4":"has-post-thumbnail","6":"product_cat-maquinaria-para-ferias","7":"product_cat-maquinaria-para-heladerias-profesionales","8":"product_shipping_class-hosteleria","10":"first","11":"instock","12":"sale","13":"taxable","14":"shipping-taxable","15":"purchasable","16":"product-type-simple"},"yoast_head":"<!-- This site is optimized with the Yoast SEO Premium plugin v24.9 (Yoast SEO v26.1) - https:\/\/yoast.com\/wordpress\/plugins\/seo\/ -->\n<title>Trituradora de hielo Batidora profesional - distribuci\u00f3n ARC<\/title>\n<meta name=\"robots\" content=\"index, follow, max-snippet:-1, max-image-preview:large, max-video-preview:-1\" \/>\n<link rel=\"canonical\" href=\"https:\/\/www.distribucionarc.com\/tr\/producto\/trituradora-de-hielo-batidora-profesional\/\" \/>\n<meta property=\"og:locale\" content=\"sk_SK\" \/>\n<meta property=\"og:type\" content=\"article\" \/>\n<meta property=\"og:title\" content=\"Trituradora de hielo Batidora profesional\" \/>\n<meta property=\"og:description\" content=\"Trituradora de hielo Batidora profesional En\u00a0ARC\u00a0siempre encontrar\u00e1s la\u00a0maquinaria para helados\u00a0para uso\u00a0comercial profesional\u00a0m\u00e1s innovadora del mercado por sus detalles elegantes, su cuidado en favorecer la producci\u00f3n y a su vez la calidad del producto, adem\u00e1s de ayudar en el consumo energ\u00e9tico con\u00a0m\u00e1quinas de helado de bajo consumo energ\u00e9tico.  La trituradora de hielo de 30 L de ARC es apta para hacer batidos de frutas a un ritmo muy r\u00e1pido, tambi\u00e9n resulta muy \u00fatil para fabricar tu propio hielo para granizados de sabores o cocktails. Ideal para restaurantes, ferias, camiones de alimentos, eventos y uso familiar. La trituradora profesional ARCMHG01 est\u00e1 equipado con un doble cierre de seguridad autom\u00e1tico funcional, que detiene el movimiento de la cuchilla cuando la tapa est\u00e1 abierta o cuando se retira el contenedor. Se incluyen ruedas para facilitar el movimiento. Es perfecto tanto para uso comercial por su incre\u00edble potencia. Garant\u00eda\u00a0ARC 2 A\u00d1OS Maquina para hacer helados eficiente, bajo consumo 2000w soporte t\u00e9cnico incluido  &nbsp;\" \/>\n<meta property=\"og:url\" content=\"https:\/\/www.distribucionarc.com\/tr\/producto\/trituradora-de-hielo-batidora-profesional\/\" \/>\n<meta property=\"og:site_name\" content=\"distribuci\u00f3n ARC\" \/>\n<meta property=\"article:modified_time\" content=\"2020-09-27T09:32:40+00:00\" \/>\n<meta property=\"og:image\" content=\"https:\/\/www.distribucionarc.com\/wp-content\/uploads\/2020\/07\/Trituradora-hielo-Batidora-profesional-0.jpg\" \/>\n\t<meta property=\"og:image:width\" content=\"1600\" \/>\n\t<meta property=\"og:image:height\" content=\"1600\" \/>\n\t<meta property=\"og:image:type\" content=\"image\/jpeg\" \/>\n<meta name=\"twitter:card\" content=\"summary_large_image\" \/>\n<meta name=\"twitter:label1\" content=\"Predpokladan\u00fd \u010das \u010d\u00edtania\" \/>\n\t<meta name=\"twitter:data1\" content=\"1 min\u00fata\" \/>\n<script type=\"application\/ld+json\" class=\"yoast-schema-graph\">{\"@context\":\"https:\/\/schema.org\",\"@graph\":[{\"@type\":\"WebPage\",\"@id\":\"https:\/\/www.distribucionarc.com\/tr\/producto\/trituradora-de-hielo-batidora-profesional\/\",\"url\":\"https:\/\/www.distribucionarc.com\/tr\/producto\/trituradora-de-hielo-batidora-profesional\/\",\"name\":\"Trituradora de hielo Batidora profesional - distribuci\u00f3n ARC\",\"isPartOf\":{\"@id\":\"https:\/\/www.distribucionarc.com\/sl\/#website\"},\"primaryImageOfPage\":{\"@id\":\"https:\/\/www.distribucionarc.com\/tr\/producto\/trituradora-de-hielo-batidora-profesional\/#primaryimage\"},\"image\":{\"@id\":\"https:\/\/www.distribucionarc.com\/tr\/producto\/trituradora-de-hielo-batidora-profesional\/#primaryimage\"},\"thumbnailUrl\":\"https:\/\/distribucionarc.com\/wp-content\/uploads\/2020\/07\/Trituradora-hielo-Batidora-profesional-0.jpg\",\"datePublished\":\"2020-07-20T15:50:14+00:00\",\"dateModified\":\"2020-09-27T09:32:40+00:00\",\"breadcrumb\":{\"@id\":\"https:\/\/www.distribucionarc.com\/tr\/producto\/trituradora-de-hielo-batidora-profesional\/#breadcrumb\"},\"inLanguage\":\"sk-SK\",\"potentialAction\":[{\"@type\":\"ReadAction\",\"target\":[\"https:\/\/www.distribucionarc.com\/tr\/producto\/trituradora-de-hielo-batidora-profesional\/\"]}]},{\"@type\":\"ImageObject\",\"inLanguage\":\"sk-SK\",\"@id\":\"https:\/\/www.distribucionarc.com\/tr\/producto\/trituradora-de-hielo-batidora-profesional\/#primaryimage\",\"url\":\"https:\/\/distribucionarc.com\/wp-content\/uploads\/2020\/07\/Trituradora-hielo-Batidora-profesional-0.jpg\",\"contentUrl\":\"https:\/\/distribucionarc.com\/wp-content\/uploads\/2020\/07\/Trituradora-hielo-Batidora-profesional-0.jpg\",\"width\":1600,\"height\":1600,\"caption\":\"Trituradora hielo batidora profesional\"},{\"@type\":\"BreadcrumbList\",\"@id\":\"https:\/\/www.distribucionarc.com\/tr\/producto\/trituradora-de-hielo-batidora-profesional\/#breadcrumb\",\"itemListElement\":[{\"@type\":\"ListItem\",\"position\":1,\"name\":\"Portada\",\"item\":\"https:\/\/www.distribucionarc.com\/\"},{\"@type\":\"ListItem\",\"position\":2,\"name\":\"\u00dcr\u00fcnler\",\"item\":\"https:\/\/www.distribucionarc.com\/tr\/magaza\/\"},{\"@type\":\"ListItem\",\"position\":3,\"name\":\"Trituradora de hielo Batidora profesional\"}]},{\"@type\":\"WebSite\",\"@id\":\"https:\/\/www.distribucionarc.com\/sl\/#website\",\"url\":\"https:\/\/www.distribucionarc.com\/sl\/\",\"name\":\"distribuci\u00f3n ARC\",\"description\":\"Empresa especializada en la fabricaci\u00f3n y distribuci\u00f3n de maquinaria industrial, selladoras de latas, Maquinas de hacer pastillas, Maquinas de cortar carne...\",\"publisher\":{\"@id\":\"https:\/\/www.distribucionarc.com\/sl\/#organization\"},\"potentialAction\":[{\"@type\":\"SearchAction\",\"target\":{\"@type\":\"EntryPoint\",\"urlTemplate\":\"https:\/\/www.distribucionarc.com\/sl\/?s={search_term_string}\"},\"query-input\":{\"@type\":\"PropertyValueSpecification\",\"valueRequired\":true,\"valueName\":\"search_term_string\"}}],\"inLanguage\":\"sk-SK\"},{\"@type\":\"Organization\",\"@id\":\"https:\/\/www.distribucionarc.com\/sl\/#organization\",\"name\":\"Distribuci\u00f3n ARC\",\"url\":\"https:\/\/www.distribucionarc.com\/sl\/\",\"logo\":{\"@type\":\"ImageObject\",\"inLanguage\":\"sk-SK\",\"@id\":\"https:\/\/www.distribucionarc.com\/sl\/#\/schema\/logo\/image\/\",\"url\":\"https:\/\/distribucionarc.com\/wp-content\/uploads\/2024\/10\/distribucion-ARC-COLOR-SIN-FONDO-e1732295305345.png\",\"contentUrl\":\"https:\/\/distribucionarc.com\/wp-content\/uploads\/2024\/10\/distribucion-ARC-COLOR-SIN-FONDO-e1732295305345.png\",\"width\":1164,\"height\":558,\"caption\":\"Distribuci\u00f3n ARC\"},\"image\":{\"@id\":\"https:\/\/www.distribucionarc.com\/sl\/#\/schema\/logo\/image\/\"},\"description\":\"Empresa especializada en la fabricaci\u00f3n y distribuci\u00f3n de maquinaria industrial para los sectores alimentario y farmac\u00e9utico. Nos especializamos en: M\u00e1quinas de cortar carne Fabricaci\u00f3n de comprimidos Sistemas de transporte industrial L\u00edneas de embotellado Dosificadores Y mucho m\u00e1s... Ofrecemos soluciones innovadoras y personalizadas para optimizar los procesos productivos de tu empresa.\",\"email\":\"Admistracion@distribucionarc.com\",\"telephone\":\"+34 643496664\",\"legalName\":\"ARC TECH SOLUTIONS\",\"foundingDate\":\"2024-04-09\",\"vatID\":\"B55480172\",\"numberOfEmployees\":{\"@type\":\"QuantitativeValue\",\"minValue\":\"1\",\"maxValue\":\"10\"}}]}<\/script>\n<!-- \/ Yoast SEO Premium plugin. -->","yoast_head_json":{"title":"Ice Crusher Professional Blender - ARC distrib\u00facia","robots":{"index":"index","follow":"follow","max-snippet":"max-snippet:-1","max-image-preview":"max-image-preview:large","max-video-preview":"max-video-preview:-1"},"canonical":"https:\/\/www.distribucionarc.com\/tr\/producto\/trituradora-de-hielo-batidora-profesional\/","og_locale":"sk_SK","og_type":"article","og_title":"Trituradora de hielo Batidora profesional","og_description":"Trituradora de hielo Batidora profesional En\u00a0ARC\u00a0siempre encontrar\u00e1s la\u00a0maquinaria para helados\u00a0para uso\u00a0comercial profesional\u00a0m\u00e1s innovadora del mercado por sus detalles elegantes, su cuidado en favorecer la producci\u00f3n y a su vez la calidad del producto, adem\u00e1s de ayudar en el consumo energ\u00e9tico con\u00a0m\u00e1quinas de helado de bajo consumo energ\u00e9tico.  La trituradora de hielo de 30 L de ARC es apta para hacer batidos de frutas a un ritmo muy r\u00e1pido, tambi\u00e9n resulta muy \u00fatil para fabricar tu propio hielo para granizados de sabores o cocktails. Ideal para restaurantes, ferias, camiones de alimentos, eventos y uso familiar. La trituradora profesional ARCMHG01 est\u00e1 equipado con un doble cierre de seguridad autom\u00e1tico funcional, que detiene el movimiento de la cuchilla cuando la tapa est\u00e1 abierta o cuando se retira el contenedor. Se incluyen ruedas para facilitar el movimiento. Es perfecto tanto para uso comercial por su incre\u00edble potencia. Garant\u00eda\u00a0ARC 2 A\u00d1OS Maquina para hacer helados eficiente, bajo consumo 2000w soporte t\u00e9cnico incluido  &nbsp;","og_url":"https:\/\/www.distribucionarc.com\/tr\/producto\/trituradora-de-hielo-batidora-profesional\/","og_site_name":"distribuci\u00f3n ARC","article_modified_time":"2020-09-27T09:32:40+00:00","og_image":[{"width":1600,"height":1600,"url":"https:\/\/www.distribucionarc.com\/wp-content\/uploads\/2020\/07\/Trituradora-hielo-Batidora-profesional-0.jpg","type":"image\/jpeg"}],"twitter_card":"summary_large_image","twitter_misc":{"Predpokladan\u00fd \u010das \u010d\u00edtania":"1 min\u00fata"},"schema":{"@context":"https:\/\/schema.org","@graph":[{"@type":"WebPage","@id":"https:\/\/www.distribucionarc.com\/tr\/producto\/trituradora-de-hielo-batidora-profesional\/","url":"https:\/\/www.distribucionarc.com\/tr\/producto\/trituradora-de-hielo-batidora-profesional\/","name":"Ice Crusher Professional Blender - ARC distrib\u00facia","isPartOf":{"@id":"https:\/\/www.distribucionarc.com\/sl\/#website"},"primaryImageOfPage":{"@id":"https:\/\/www.distribucionarc.com\/tr\/producto\/trituradora-de-hielo-batidora-profesional\/#primaryimage"},"image":{"@id":"https:\/\/www.distribucionarc.com\/tr\/producto\/trituradora-de-hielo-batidora-profesional\/#primaryimage"},"thumbnailUrl":"https:\/\/distribucionarc.com\/wp-content\/uploads\/2020\/07\/Trituradora-hielo-Batidora-profesional-0.jpg","datePublished":"2020-07-20T15:50:14+00:00","dateModified":"2020-09-27T09:32:40+00:00","breadcrumb":{"@id":"https:\/\/www.distribucionarc.com\/tr\/producto\/trituradora-de-hielo-batidora-profesional\/#breadcrumb"},"inLanguage":"sk-SK","potentialAction":[{"@type":"ReadAction","target":["https:\/\/www.distribucionarc.com\/tr\/producto\/trituradora-de-hielo-batidora-profesional\/"]}]},{"@type":"ImageObject","inLanguage":"sk-SK","@id":"https:\/\/www.distribucionarc.com\/tr\/producto\/trituradora-de-hielo-batidora-profesional\/#primaryimage","url":"https:\/\/distribucionarc.com\/wp-content\/uploads\/2020\/07\/Trituradora-hielo-Batidora-profesional-0.jpg","contentUrl":"https:\/\/distribucionarc.com\/wp-content\/uploads\/2020\/07\/Trituradora-hielo-Batidora-profesional-0.jpg","width":1600,"height":1600,"caption":"Trituradora hielo batidora profesional"},{"@type":"BreadcrumbList","@id":"https:\/\/www.distribucionarc.com\/tr\/producto\/trituradora-de-hielo-batidora-profesional\/#breadcrumb","itemListElement":[{"@type":"ListItem","position":1,"name":"Portada","item":"https:\/\/www.distribucionarc.com\/"},{"@type":"ListItem","position":2,"name":"\u00dcr\u00fcnler","item":"https:\/\/www.distribucionarc.com\/tr\/magaza\/"},{"@type":"ListItem","position":3,"name":"Trituradora de hielo Batidora profesional"}]},{"@type":"WebSite","@id":"https:\/\/www.distribucionarc.com\/sl\/#website","url":"https:\/\/www.distribucionarc.com\/sl\/","name":"ARC distrib\u00facia","description":"Spolo\u010dnos\u0165 sa \u0161pecializuje na v\u00fdrobu a distrib\u00faciu priemyseln\u00fdch strojov, strojov na uzatv\u00e1ranie plechoviek, strojov na v\u00fdrobu tabliet, strojov na porciovanie m\u00e4sa...","publisher":{"@id":"https:\/\/www.distribucionarc.com\/sl\/#organization"},"potentialAction":[{"@type":"SearchAction","target":{"@type":"EntryPoint","urlTemplate":"https:\/\/www.distribucionarc.com\/sl\/?s={search_term_string}"},"query-input":{"@type":"PropertyValueSpecification","valueRequired":true,"valueName":"search_term_string"}}],"inLanguage":"sk-SK"},{"@type":"Organization","@id":"https:\/\/www.distribucionarc.com\/sl\/#organization","name":"Distrib\u00facia ARC","url":"https:\/\/www.distribucionarc.com\/sl\/","logo":{"@type":"ImageObject","inLanguage":"sk-SK","@id":"https:\/\/www.distribucionarc.com\/sl\/#\/schema\/logo\/image\/","url":"https:\/\/distribucionarc.com\/wp-content\/uploads\/2024\/10\/distribucion-ARC-COLOR-SIN-FONDO-e1732295305345.png","contentUrl":"https:\/\/distribucionarc.com\/wp-content\/uploads\/2024\/10\/distribucion-ARC-COLOR-SIN-FONDO-e1732295305345.png","width":1164,"height":558,"caption":"Distribuci\u00f3n ARC"},"image":{"@id":"https:\/\/www.distribucionarc.com\/sl\/#\/schema\/logo\/image\/"},"description":"Spolo\u010dnos\u0165 \u0161pecializuj\u00faca sa na v\u00fdrobu a distrib\u00faciu priemyseln\u00fdch strojov pre potravin\u00e1rsky a farmaceutick\u00fd sektor. \u0160pecializujeme sa na: Stroje na kr\u00e1janie m\u00e4sa V\u00fdroba tabliet Priemyseln\u00e9 dopravn\u00e9 syst\u00e9my D\u00e1vkova\u010de na f\u013ea\u0161e A ove\u013ea viac... Pon\u00fakame inovat\u00edvne a prisp\u00f4soben\u00e9 rie\u0161enia na optimaliz\u00e1ciu v\u00fdrobn\u00fdch procesov va\u0161ej spolo\u010dnosti.","email":"Admistracion@distribucionarc.com","telephone":"+34 643496664","legalName":"ARC TECH SOLUTIONS","foundingDate":"2024-04-09","vatID":"B55480172","numberOfEmployees":{"@type":"QuantitativeValue","minValue":"1","maxValue":"10"}}]}},"_links":{"self":[{"href":"https:\/\/distribucionarc.com\/sk\/wp-json\/wp\/v2\/product\/1292","targetHints":{"allow":["GET"]}}],"collection":[{"href":"https:\/\/distribucionarc.com\/sk\/wp-json\/wp\/v2\/product"}],"about":[{"href":"https:\/\/distribucionarc.com\/sk\/wp-json\/wp\/v2\/types\/product"}],"replies":[{"embeddable":true,"href":"https:\/\/distribucionarc.com\/sk\/wp-json\/wp\/v2\/comments?post=1292"}],"version-history":[{"count":0,"href":"https:\/\/distribucionarc.com\/sk\/wp-json\/wp\/v2\/product\/1292\/revisions"}],"wp:featuredmedia":[{"embeddable":true,"href":"https:\/\/distribucionarc.com\/sk\/wp-json\/wp\/v2\/media\/1300"}],"wp:attachment":[{"href":"https:\/\/distribucionarc.com\/sk\/wp-json\/wp\/v2\/media?parent=1292"}],"wp:term":[{"taxonomy":"product_brand","embeddable":true,"href":"https:\/\/distribucionarc.com\/sk\/wp-json\/wp\/v2\/product_brand?post=1292"},{"taxonomy":"product_cat","embeddable":true,"href":"https:\/\/distribucionarc.com\/sk\/wp-json\/wp\/v2\/product_cat?post=1292"},{"taxonomy":"product_tag","embeddable":true,"href":"https:\/\/distribucionarc.com\/sk\/wp-json\/wp\/v2\/product_tag?post=1292"}],"curies":[{"name":"pracovn\u00fd list","href":"https:\/\/api.w.org\/{rel}","templated":true}]}}