{"id":1358,"date":"2020-07-23T12:14:59","date_gmt":"2020-07-23T12:14:59","guid":{"rendered":"https:\/\/distribucionarc.com\/?post_type=product&#038;p=1358"},"modified":"2020-10-09T09:36:51","modified_gmt":"2020-10-09T09:36:51","slug":"elektricky-stroj-na-klobasy-15l","status":"publish","type":"product","link":"https:\/\/distribucionarc.com\/sk\/producto\/maquina-para-embutidos-electrica-15l\/","title":{"rendered":"15L elektrick\u00fd stroj na v\u00fdrobu klob\u00e1s"},"content":{"rendered":"<h3><strong>15L elektrick\u00fd stroj na v\u00fdrobu klob\u00e1s<\/strong><\/h3>\n<p>The<b> elektrick\u00fd profesion\u00e1lny stroj na v\u00fdrobu klob\u00e1s <span style=\"color: #ff0000;\">TO<\/span><span style=\"color: #0000ff;\">R<\/span>CMPS2<\/b> Je vyroben\u00fd z vysoko kvalitnej nehrdzavej\u00facej ocele a m\u00e1 najmodernej\u0161ie funkcie. Vyzna\u010duje sa bezpe\u010dnostn\u00fdm spojovac\u00edm syst\u00e9mom na pripojenie suda k podstavcu, tak\u017ee sa d\u00e1 \u013eahko rozobra\u0165 \u010diasto\u010dne na plnenie a \u00faplne na \u010distenie. Piest obsahuje pneumatick\u00fd ventil, ktor\u00fd zabra\u0148uje nadmern\u00e9mu prenikaniu vzduchu a vytv\u00e1ra dokonal\u00e9 klob\u00e1sy. Mimoriadne odoln\u00e9 tesnenie piestu umo\u017e\u0148uje \u013eahk\u00e9 naplnenie stroja.<\/p>\n<p>Pom\u00e1haj\u00fa tomu v\u0161etky kovov\u00e9 prevody a piestna ty\u010d <b>plnka<\/b>\u00a0<strong><span style=\"color: #ff0000;\">TO<\/span><span style=\"color: #0000ff;\">R<\/span>c<\/strong> Odol\u00e1 vysok\u00e9mu tlaku, potravin\u00e1rsky piest s tesnen\u00edm zabra\u0148uje \u00faniku produktu cez piest.<\/p>\n<p>The <strong><span style=\"color: #ff0000;\">TO<\/span><span style=\"color: #0000ff;\">R<\/span>CMPS2<\/strong> M\u00e1 odvzdu\u0161\u0148ovac\u00ed ventil na zn\u00ed\u017eenie prietoku vzduchu a zabr\u00e1nenie vzniku vzduchov\u00fdch vreciek v p\u00e1rkoch. Ovl\u00e1dan\u00e9 no\u017en\u00fdm sp\u00edna\u010dom<strong> plnivo na klob\u00e1sy<\/strong> Umo\u017e\u0148uje hands-free ovl\u00e1danie. R\u00fdchlo odn\u00edmate\u013en\u00e1 kon\u0161trukcia hlavne u\u013eah\u010d\u00ed \u010distenie a \u017eivotnos\u0165 stroja.<\/p>\n<p>Efekt\u00edvny motor z\u00a0<b>stroj\u010dek na klob\u00e1sy<\/b> z<strong><span style=\"color: #ff0000;\"> TO<\/span><span style=\"color: #0000ff;\">R<\/span>c<\/strong> Uprednost\u0148uj\u00fa v\u00fdrobu t\u00fdm, \u017ee robia a <span style=\"color: #008000;\"><strong>Minim\u00e1lna spotreba iba 40 W. <\/strong><\/span>\u0160iroko pou\u017e\u00edvan\u00fd v kuchyniach, re\u0161taur\u00e1ci\u00e1ch a na mnoh\u00fdch miestach na spracovanie potrav\u00edn.<\/p>\n<h6><\/h6>\n<h6>Z\u00e1ruka<strong><span style=\"color: #ff0000;\"> TO<\/span><span style=\"color: #0000ff;\">R<\/span>C 2 ROKY<\/strong><\/h6>\n<h6><span style=\"color: #008000;\">najefekt\u00edvnej\u0161\u00ed motor n\u00edzka spotreba 40 w<\/span><\/h6>\n<h6>vr\u00e1tane technickej podpory.<\/h6>\n<p>&nbsp;<\/p>\n<table role=\"presentation\" width=\"100%\" cellspacing=\"0\" cellpadding=\"0\">\n<tbody>\n<tr>\n<td class=\"attrLabels\">V\u00fdkon:<\/td>\n<td width=\"50.0%\">40 W<\/td>\n<\/tr>\n<tr>\n<td class=\"attrLabels\">Nap\u00e4tie:<\/td>\n<td width=\"50.0%\">220V 50Hz a\u017e 60Hz<\/td>\n<td class=\"attrLabels\">Hmotnos\u0165:<\/td>\n<td width=\"50.0%\">31 kg<\/td>\n<\/tr>\n<tr>\n<td class=\"attrLabels\">Krajina distrib\u00facie:<\/td>\n<td width=\"50.0%\">\u0160panielsko, Nemecko, USA<\/td>\n<td class=\"attrLabels\">v\u00fd\u0161ka:<\/td>\n<td width=\"50.0%\">81,10 cm<\/td>\n<\/tr>\n<tr>\n<td class=\"attrLabels\">Zna\u010dka:<\/td>\n<td width=\"50.0%\">ARC<\/td>\n<td class=\"attrLabels\">Dlh\u00e9:<\/td>\n<td width=\"50.0%\">33,70 cm<\/td>\n<\/tr>\n<tr>\n<td class=\"attrLabels\">Typ produktu:<\/td>\n<td width=\"50.0%\">stroj\u010dek na klob\u00e1sy<\/td>\n<td class=\"attrLabels\">\u0160irok\u00e1:<\/td>\n<td width=\"50.0%\">\u00a033 cm<\/td>\n<\/tr>\n<tr>\n<td class=\"attrLabels\">\u010c\u00edslo v\u00fdrobcu:<\/td>\n<td width=\"50.0%\">ARCMPS1<\/td>\n<td class=\"attrLabels\">Priemer: lieviky<\/td>\n<td width=\"50.0%\">\u00a01,9 cm\/2,5 cm\/3,8 cm\/4,2 cm<\/td>\n<\/tr>\n<tr>\n<td class=\"attrLabels\">Materi\u00e1l:<\/td>\n<td width=\"50.0%\">nerezov\u00e1 oce\u013e, proti\u0161mykov\u00e1 guma, evakua\u010dn\u00fd ventil<\/td>\n<td class=\"attrLabels\">Ve\u013ekos\u0165:<\/td>\n<td width=\"50.0%\">15L<\/td>\n<\/tr>\n<tr>\n<td class=\"attrLabels\">R\u00fdchlos\u0165:<\/td>\n<td width=\"50.0%\">Variabiln\u00e9\/dvojit\u00e9 vysok\u00e9<\/td>\n<td class=\"attrLabels\">Farba:<\/td>\n<td width=\"50.0%\">Strieborn\u00e1<\/td>\n<\/tr>\n<tr>\n<td class=\"attrLabels\">In\u0161tala\u010dn\u00e9 n\u00e1stroje:<\/td>\n<td width=\"50.0%\">\u00c1no<\/td>\n<td class=\"attrLabels\">Z\u00e1ruka:<\/td>\n<td width=\"50.0%\">2 ROKY<\/td>\n<\/tr>\n<\/tbody>\n<\/table>\n<p>&nbsp;<\/p>","protected":false},"excerpt":{"rendered":"<h2 class=\"product_title entry-title\"><strong>15L elektrick\u00fd stroj na v\u00fdrobu klob\u00e1s\u00a0<\/strong><\/h2>\n<p>The <strong>elektrick\u00fd stroj na v\u00fdrobu klob\u00e1s<\/strong> <strong><span style=\"color: #ff0000;\">TO<\/span><span style=\"color: #0000ff;\">R<\/span>CMPS2<\/strong> sp\u00e1ja v\u0161etky v\u00fdhody <strong>elektrick\u00e1 plni\u010dka klob\u00e1s<\/strong> trhu. Jednoduch\u00e1 v\u00fdroba a ve\u013ek\u00e9 mno\u017estv\u00e1 gurm\u00e1nskych klob\u00e1s si m\u00f4\u017eete vychutna\u0165 kedyko\u013evek. M\u00f4\u017ee by\u0165 pou\u017eit\u00fd na komer\u010dn\u00e9 alebo dom\u00e1ce pou\u017eitie.<\/p>\n<p>Telo z <strong>plni\u010dka <\/strong>z <strong><span style=\"color: #ff0000;\">TO<\/span><span style=\"color: #0000ff;\">R<\/span>c<\/strong> Je vyroben\u00fd z nehrdzavej\u00facej ocele, v\u010faka \u010domu je odoln\u00fd. Pevn\u00fd r\u00e1m, ktor\u00fd sa pod tlakom neohne ani nenaklon\u00ed. The <strong>plnka klob\u00e1s<\/strong> M\u00e1 du\u00e1lny syst\u00e9m riadenia vysokej a variabilnej r\u00fdchlosti. M\u00f4\u017eete ju nastavi\u0165 na najvhodnej\u0161iu r\u00fdchlos\u0165 pre ka\u017ed\u00fd produkt.<\/p>\n<h6>Z\u00e1ruka<strong><span style=\"color: #ff0000;\"> TO<\/span><span style=\"color: #0000ff;\">R<\/span>C 2 ROKY<\/strong><\/h6>\n<h6><span style=\"color: #008000;\">najefekt\u00edvnej\u0161\u00ed motor n\u00edzka spotreba 40 w<\/span><\/h6>\n<h6>vr\u00e1tane technickej podpory.<\/h6>\n<p>&nbsp;<\/p>","protected":false},"featured_media":1366,"comment_status":"open","ping_status":"closed","template":"","meta":{"wds_primary_product_brand":0,"wds_primary_product_cat":0},"product_brand":[],"product_cat":[50],"product_tag":[],"class_list":{"0":"post-1358","1":"product","2":"type-product","3":"status-publish","4":"has-post-thumbnail","6":"product_cat-elaboradoras-de-croquetas-y-albondigas","7":"product_shipping_class-hosteleria","9":"first","10":"instock","11":"sale","12":"taxable","13":"shipping-taxable","14":"purchasable","15":"product-type-simple"},"yoast_head":"<!-- This site is optimized with the Yoast SEO Premium plugin v24.9 (Yoast SEO v26.1) - https:\/\/yoast.com\/wordpress\/plugins\/seo\/ -->\n<title>M\u00e1quina para embutidos el\u00e9ctrica 15L - distribuci\u00f3n ARC<\/title>\n<meta name=\"robots\" content=\"index, follow, max-snippet:-1, max-image-preview:large, max-video-preview:-1\" \/>\n<link rel=\"canonical\" href=\"https:\/\/www.distribucionarc.com\/hr\/producto\/maquina-para-embutidos-electrica-15l\/\" \/>\n<meta property=\"og:locale\" content=\"sk_SK\" \/>\n<meta property=\"og:type\" content=\"article\" \/>\n<meta property=\"og:title\" content=\"M\u00e1quina para embutidos el\u00e9ctrica 15L\" \/>\n<meta property=\"og:description\" content=\"M\u00e1quina para embutidos el\u00e9ctrica 15L\u00a0 La maquina para salchichas el\u00e9ctrica ARCMPS2 combina todas las ventajas del relleno de embutidos el\u00e9ctrico del mercado. Usted puede disfrutar de una producci\u00f3n sencilla y de grandes cantidades de embutidos gourmet en cualquier momento.\u00a0 se puede utilizar para uso comercial o dom\u00e9stico.  El cuerpo de la embutidora de ARC est\u00e1 hecho de acero inoxidable resistente a la oxidaci\u00f3n, por lo que es duradero. Un marco robusto que no se dobla ni se inclina bajo presi\u00f3n. La rellenadora de salchichas tiene un sistema de gesti\u00f3n de velocidad variable y alto dual. La puede ajustar a la velocidad m\u00e1s adecuada para cada producto. Garant\u00eda ARC 2 A\u00d1OS motor m\u00e1s eficiente bajo consumo 40 w soporte t\u00e9cnico\u00a0incluido. &nbsp;\" \/>\n<meta property=\"og:url\" content=\"https:\/\/www.distribucionarc.com\/hr\/producto\/maquina-para-embutidos-electrica-15l\/\" \/>\n<meta property=\"og:site_name\" content=\"distribuci\u00f3n ARC\" \/>\n<meta property=\"article:modified_time\" content=\"2020-10-09T09:36:51+00:00\" \/>\n<meta property=\"og:image\" content=\"https:\/\/distribucionarc.com\/wp-content\/uploads\/2020\/07\/M\u00e1quina-para-embutidos-el\u00e9ctrica-15L-0.jpg\" \/>\n\t<meta property=\"og:image:width\" content=\"1600\" \/>\n\t<meta property=\"og:image:height\" content=\"1600\" \/>\n\t<meta property=\"og:image:type\" content=\"image\/jpeg\" \/>\n<meta name=\"twitter:card\" content=\"summary_large_image\" \/>\n<meta name=\"twitter:label1\" content=\"Predpokladan\u00fd \u010das \u010d\u00edtania\" \/>\n\t<meta name=\"twitter:data1\" content=\"2 min\u00faty\" \/>\n<script type=\"application\/ld+json\" class=\"yoast-schema-graph\">{\"@context\":\"https:\/\/schema.org\",\"@graph\":[{\"@type\":\"WebPage\",\"@id\":\"https:\/\/www.distribucionarc.com\/hr\/producto\/maquina-para-embutidos-electrica-15l\/\",\"url\":\"https:\/\/www.distribucionarc.com\/hr\/producto\/maquina-para-embutidos-electrica-15l\/\",\"name\":\"M\u00e1quina para embutidos el\u00e9ctrica 15L - distribuci\u00f3n ARC\",\"isPartOf\":{\"@id\":\"https:\/\/distribucionarc.com\/pl\/#website\"},\"primaryImageOfPage\":{\"@id\":\"https:\/\/www.distribucionarc.com\/hr\/producto\/maquina-para-embutidos-electrica-15l\/#primaryimage\"},\"image\":{\"@id\":\"https:\/\/www.distribucionarc.com\/hr\/producto\/maquina-para-embutidos-electrica-15l\/#primaryimage\"},\"thumbnailUrl\":\"https:\/\/distribucionarc.com\/wp-content\/uploads\/2020\/07\/M\u00e1quina-para-embutidos-el\u00e9ctrica-15L-0.jpg\",\"datePublished\":\"2020-07-23T12:14:59+00:00\",\"dateModified\":\"2020-10-09T09:36:51+00:00\",\"breadcrumb\":{\"@id\":\"https:\/\/www.distribucionarc.com\/hr\/producto\/maquina-para-embutidos-electrica-15l\/#breadcrumb\"},\"inLanguage\":\"sk-SK\",\"potentialAction\":[{\"@type\":\"ReadAction\",\"target\":[\"https:\/\/www.distribucionarc.com\/hr\/producto\/maquina-para-embutidos-electrica-15l\/\"]}]},{\"@type\":\"ImageObject\",\"inLanguage\":\"sk-SK\",\"@id\":\"https:\/\/www.distribucionarc.com\/hr\/producto\/maquina-para-embutidos-electrica-15l\/#primaryimage\",\"url\":\"https:\/\/distribucionarc.com\/wp-content\/uploads\/2020\/07\/M\u00e1quina-para-embutidos-el\u00e9ctrica-15L-0.jpg\",\"contentUrl\":\"https:\/\/distribucionarc.com\/wp-content\/uploads\/2020\/07\/M\u00e1quina-para-embutidos-el\u00e9ctrica-15L-0.jpg\",\"width\":1600,\"height\":1600,\"caption\":\"sausage stuffer sausage maker sausage stuffer machine sausage maker kit sausage making kit sausage makers sausages stuffer sausage making machine lem sausage stuffer meat stuffer sausage press sausage machine sausage filler sausage kit\"},{\"@type\":\"BreadcrumbList\",\"@id\":\"https:\/\/www.distribucionarc.com\/hr\/producto\/maquina-para-embutidos-electrica-15l\/#breadcrumb\",\"itemListElement\":[{\"@type\":\"ListItem\",\"position\":1,\"name\":\"Portada\",\"item\":\"https:\/\/www.distribucionarc.com\/tr\/\"},{\"@type\":\"ListItem\",\"position\":2,\"name\":\"Izdelki\",\"item\":\"https:\/\/www.distribucionarc.com\/sl\/trgovina\/\"},{\"@type\":\"ListItem\",\"position\":3,\"name\":\"M\u00e1quina para embutidos el\u00e9ctrica 15L\"}]},{\"@type\":\"WebSite\",\"@id\":\"https:\/\/distribucionarc.com\/pl\/#website\",\"url\":\"https:\/\/distribucionarc.com\/pl\/\",\"name\":\"distribuci\u00f3n ARC\",\"description\":\"Empresa especializada en la fabricaci\u00f3n y distribuci\u00f3n de maquinaria industrial, selladoras de latas, Maquinas de hacer pastillas, Maquinas de cortar carne...\",\"publisher\":{\"@id\":\"https:\/\/distribucionarc.com\/pl\/#organization\"},\"potentialAction\":[{\"@type\":\"SearchAction\",\"target\":{\"@type\":\"EntryPoint\",\"urlTemplate\":\"https:\/\/distribucionarc.com\/pl\/?s={search_term_string}\"},\"query-input\":{\"@type\":\"PropertyValueSpecification\",\"valueRequired\":true,\"valueName\":\"search_term_string\"}}],\"inLanguage\":\"sk-SK\"},{\"@type\":\"Organization\",\"@id\":\"https:\/\/distribucionarc.com\/pl\/#organization\",\"name\":\"Distribuci\u00f3n ARC\",\"url\":\"https:\/\/distribucionarc.com\/pl\/\",\"logo\":{\"@type\":\"ImageObject\",\"inLanguage\":\"sk-SK\",\"@id\":\"https:\/\/distribucionarc.com\/pl\/#\/schema\/logo\/image\/\",\"url\":\"https:\/\/distribucionarc.com\/wp-content\/uploads\/2024\/10\/distribucion-ARC-COLOR-SIN-FONDO-e1732295305345.png\",\"contentUrl\":\"https:\/\/distribucionarc.com\/wp-content\/uploads\/2024\/10\/distribucion-ARC-COLOR-SIN-FONDO-e1732295305345.png\",\"width\":1164,\"height\":558,\"caption\":\"Distribuci\u00f3n ARC\"},\"image\":{\"@id\":\"https:\/\/distribucionarc.com\/pl\/#\/schema\/logo\/image\/\"},\"description\":\"Empresa especializada en la fabricaci\u00f3n y distribuci\u00f3n de maquinaria industrial para los sectores alimentario y farmac\u00e9utico. Nos especializamos en: M\u00e1quinas de cortar carne Fabricaci\u00f3n de comprimidos Sistemas de transporte industrial L\u00edneas de embotellado Dosificadores Y mucho m\u00e1s... Ofrecemos soluciones innovadoras y personalizadas para optimizar los procesos productivos de tu empresa.\",\"email\":\"Admistracion@distribucionarc.com\",\"telephone\":\"+34 643496664\",\"legalName\":\"ARC TECH SOLUTIONS\",\"foundingDate\":\"2024-04-09\",\"vatID\":\"B55480172\",\"numberOfEmployees\":{\"@type\":\"QuantitativeValue\",\"minValue\":\"1\",\"maxValue\":\"10\"}}]}<\/script>\n<!-- \/ Yoast SEO Premium plugin. -->","yoast_head_json":{"title":"15L elektrick\u00fd klob\u00e1sov\u00fd stroj - ARC rozvod","robots":{"index":"index","follow":"follow","max-snippet":"max-snippet:-1","max-image-preview":"max-image-preview:large","max-video-preview":"max-video-preview:-1"},"canonical":"https:\/\/www.distribucionarc.com\/hr\/producto\/maquina-para-embutidos-electrica-15l\/","og_locale":"sk_SK","og_type":"article","og_title":"M\u00e1quina para embutidos el\u00e9ctrica 15L","og_description":"M\u00e1quina para embutidos el\u00e9ctrica 15L\u00a0 La maquina para salchichas el\u00e9ctrica ARCMPS2 combina todas las ventajas del relleno de embutidos el\u00e9ctrico del mercado. Usted puede disfrutar de una producci\u00f3n sencilla y de grandes cantidades de embutidos gourmet en cualquier momento.\u00a0 se puede utilizar para uso comercial o dom\u00e9stico.  El cuerpo de la embutidora de ARC est\u00e1 hecho de acero inoxidable resistente a la oxidaci\u00f3n, por lo que es duradero. Un marco robusto que no se dobla ni se inclina bajo presi\u00f3n. La rellenadora de salchichas tiene un sistema de gesti\u00f3n de velocidad variable y alto dual. La puede ajustar a la velocidad m\u00e1s adecuada para cada producto. Garant\u00eda ARC 2 A\u00d1OS motor m\u00e1s eficiente bajo consumo 40 w soporte t\u00e9cnico\u00a0incluido. &nbsp;","og_url":"https:\/\/www.distribucionarc.com\/hr\/producto\/maquina-para-embutidos-electrica-15l\/","og_site_name":"distribuci\u00f3n ARC","article_modified_time":"2020-10-09T09:36:51+00:00","og_image":[{"width":1600,"height":1600,"url":"https:\/\/distribucionarc.com\/wp-content\/uploads\/2020\/07\/M\u00e1quina-para-embutidos-el\u00e9ctrica-15L-0.jpg","type":"image\/jpeg"}],"twitter_card":"summary_large_image","twitter_misc":{"Predpokladan\u00fd \u010das \u010d\u00edtania":"2 min\u00faty"},"schema":{"@context":"https:\/\/schema.org","@graph":[{"@type":"WebPage","@id":"https:\/\/www.distribucionarc.com\/hr\/producto\/maquina-para-embutidos-electrica-15l\/","url":"https:\/\/www.distribucionarc.com\/hr\/producto\/maquina-para-embutidos-electrica-15l\/","name":"15L elektrick\u00fd klob\u00e1sov\u00fd stroj - ARC rozvod","isPartOf":{"@id":"https:\/\/distribucionarc.com\/pl\/#website"},"primaryImageOfPage":{"@id":"https:\/\/www.distribucionarc.com\/hr\/producto\/maquina-para-embutidos-electrica-15l\/#primaryimage"},"image":{"@id":"https:\/\/www.distribucionarc.com\/hr\/producto\/maquina-para-embutidos-electrica-15l\/#primaryimage"},"thumbnailUrl":"https:\/\/distribucionarc.com\/wp-content\/uploads\/2020\/07\/M\u00e1quina-para-embutidos-el\u00e9ctrica-15L-0.jpg","datePublished":"2020-07-23T12:14:59+00:00","dateModified":"2020-10-09T09:36:51+00:00","breadcrumb":{"@id":"https:\/\/www.distribucionarc.com\/hr\/producto\/maquina-para-embutidos-electrica-15l\/#breadcrumb"},"inLanguage":"sk-SK","potentialAction":[{"@type":"ReadAction","target":["https:\/\/www.distribucionarc.com\/hr\/producto\/maquina-para-embutidos-electrica-15l\/"]}]},{"@type":"ImageObject","inLanguage":"sk-SK","@id":"https:\/\/www.distribucionarc.com\/hr\/producto\/maquina-para-embutidos-electrica-15l\/#primaryimage","url":"https:\/\/distribucionarc.com\/wp-content\/uploads\/2020\/07\/M\u00e1quina-para-embutidos-el\u00e9ctrica-15L-0.jpg","contentUrl":"https:\/\/distribucionarc.com\/wp-content\/uploads\/2020\/07\/M\u00e1quina-para-embutidos-el\u00e9ctrica-15L-0.jpg","width":1600,"height":1600,"caption":"sausage stuffer sausage maker sausage stuffer machine sausage maker kit sausage making kit sausage makers sausages stuffer sausage making machine lem sausage stuffer meat stuffer sausage press sausage machine sausage filler sausage kit"},{"@type":"BreadcrumbList","@id":"https:\/\/www.distribucionarc.com\/hr\/producto\/maquina-para-embutidos-electrica-15l\/#breadcrumb","itemListElement":[{"@type":"ListItem","position":1,"name":"Portada","item":"https:\/\/www.distribucionarc.com\/tr\/"},{"@type":"ListItem","position":2,"name":"Izdelki","item":"https:\/\/www.distribucionarc.com\/sl\/trgovina\/"},{"@type":"ListItem","position":3,"name":"M\u00e1quina para embutidos el\u00e9ctrica 15L"}]},{"@type":"WebSite","@id":"https:\/\/distribucionarc.com\/pl\/#website","url":"https:\/\/distribucionarc.com\/pl\/","name":"ARC distrib\u00facia","description":"Spolo\u010dnos\u0165 sa \u0161pecializuje na v\u00fdrobu a distrib\u00faciu priemyseln\u00fdch strojov, strojov na uzatv\u00e1ranie plechoviek, strojov na v\u00fdrobu tabliet, strojov na porciovanie m\u00e4sa...","publisher":{"@id":"https:\/\/distribucionarc.com\/pl\/#organization"},"potentialAction":[{"@type":"SearchAction","target":{"@type":"EntryPoint","urlTemplate":"https:\/\/distribucionarc.com\/pl\/?s={search_term_string}"},"query-input":{"@type":"PropertyValueSpecification","valueRequired":true,"valueName":"search_term_string"}}],"inLanguage":"sk-SK"},{"@type":"Organization","@id":"https:\/\/distribucionarc.com\/pl\/#organization","name":"Distrib\u00facia ARC","url":"https:\/\/distribucionarc.com\/pl\/","logo":{"@type":"ImageObject","inLanguage":"sk-SK","@id":"https:\/\/distribucionarc.com\/pl\/#\/schema\/logo\/image\/","url":"https:\/\/distribucionarc.com\/wp-content\/uploads\/2024\/10\/distribucion-ARC-COLOR-SIN-FONDO-e1732295305345.png","contentUrl":"https:\/\/distribucionarc.com\/wp-content\/uploads\/2024\/10\/distribucion-ARC-COLOR-SIN-FONDO-e1732295305345.png","width":1164,"height":558,"caption":"Distribuci\u00f3n ARC"},"image":{"@id":"https:\/\/distribucionarc.com\/pl\/#\/schema\/logo\/image\/"},"description":"Spolo\u010dnos\u0165 \u0161pecializuj\u00faca sa na v\u00fdrobu a distrib\u00faciu priemyseln\u00fdch strojov pre potravin\u00e1rsky a farmaceutick\u00fd sektor. \u0160pecializujeme sa na: Stroje na kr\u00e1janie m\u00e4sa V\u00fdroba tabliet Priemyseln\u00e9 dopravn\u00e9 syst\u00e9my D\u00e1vkova\u010de na f\u013ea\u0161e A ove\u013ea viac... Pon\u00fakame inovat\u00edvne a prisp\u00f4soben\u00e9 rie\u0161enia na optimaliz\u00e1ciu v\u00fdrobn\u00fdch procesov va\u0161ej spolo\u010dnosti.","email":"Admistracion@distribucionarc.com","telephone":"+34 643496664","legalName":"ARC TECH SOLUTIONS","foundingDate":"2024-04-09","vatID":"B55480172","numberOfEmployees":{"@type":"QuantitativeValue","minValue":"1","maxValue":"10"}}]}},"_links":{"self":[{"href":"https:\/\/distribucionarc.com\/sk\/wp-json\/wp\/v2\/product\/1358","targetHints":{"allow":["GET"]}}],"collection":[{"href":"https:\/\/distribucionarc.com\/sk\/wp-json\/wp\/v2\/product"}],"about":[{"href":"https:\/\/distribucionarc.com\/sk\/wp-json\/wp\/v2\/types\/product"}],"replies":[{"embeddable":true,"href":"https:\/\/distribucionarc.com\/sk\/wp-json\/wp\/v2\/comments?post=1358"}],"version-history":[{"count":0,"href":"https:\/\/distribucionarc.com\/sk\/wp-json\/wp\/v2\/product\/1358\/revisions"}],"wp:featuredmedia":[{"embeddable":true,"href":"https:\/\/distribucionarc.com\/sk\/wp-json\/wp\/v2\/media\/1366"}],"wp:attachment":[{"href":"https:\/\/distribucionarc.com\/sk\/wp-json\/wp\/v2\/media?parent=1358"}],"wp:term":[{"taxonomy":"product_brand","embeddable":true,"href":"https:\/\/distribucionarc.com\/sk\/wp-json\/wp\/v2\/product_brand?post=1358"},{"taxonomy":"product_cat","embeddable":true,"href":"https:\/\/distribucionarc.com\/sk\/wp-json\/wp\/v2\/product_cat?post=1358"},{"taxonomy":"product_tag","embeddable":true,"href":"https:\/\/distribucionarc.com\/sk\/wp-json\/wp\/v2\/product_tag?post=1358"}],"curies":[{"name":"pracovn\u00fd list","href":"https:\/\/api.w.org\/{rel}","templated":true}]}}