{"id":14,"date":"2020-04-14T20:21:33","date_gmt":"2020-04-14T20:21:33","guid":{"rendered":"https:\/\/distribucionarc.com\/?post_type=product&#038;p=14"},"modified":"2025-05-08T21:40:38","modified_gmt":"2025-05-08T19:40:38","slug":"pneumaticka-piestova-kvapalinova-plnicka-1000ml-%f0%9f%a7%b4","status":"publish","type":"product","link":"https:\/\/distribucionarc.com\/sk\/producto\/llenadora-de-liquidos-piston-neumatico-1000ml-%f0%9f%a7%b4\/","title":{"rendered":"Plni\u010dka kvapal\u00edn s pneumatick\u00fdm sac\u00edm piestom, d\u00e1vkovanie 1000 ml ?"},"content":{"rendered":"<p>Aplik\u00e1cia:<\/p>\n<p>Pneumatick\u00e1 plni\u010dka s\u00e9rie GFA m\u00f4\u017ee by\u0165 pou\u017eit\u00e1 na kr\u00e9mov\u00e9 a tekut\u00e9 plnenie, je \u0161iroko pou\u017e\u00edvan\u00e1 v oblasti ch\u00e9mie, potrav\u00edn, n\u00e1pojov a farmaceutick\u00e9ho priemyslu.<\/p>\n<p>Tento stroj je optim\u00e1lne kon\u0161truovan\u00fd z pneumatick\u00e9ho piestu, ktor\u00fd implementuje pneumaticky poh\u00e1\u0148an\u00fa \u0161trukt\u00faru. Pl\u00e1\u0161\u0165 a v\u0161etky spojen\u00e9 \u010dasti s materi\u00e1lmi s\u00fa vyroben\u00e9 z nehrdzavej\u00facej ocele SS304, ktor\u00e1 je \u0161tandardne pou\u017eit\u00e1. Vn\u00fatorn\u00e9 steny hlavn\u00fdch \u010dast\u00ed s\u00fa z le\u0161tenej ocele s drsnos\u0165ou ra \u2264 0,2-0,4 um, ktor\u00e1 zodpoved\u00e1 po\u017eiadavk\u00e1m certifik\u00e1cie GMP, preto je nerezov\u00e1 a odoln\u00e1 vo\u010di kor\u00f3zii, navy\u0161e si u\u017e\u00edvate\u013e m\u00f4\u017ee nastavi\u0165 objem a r\u00fdchlos\u0165 plnenia v r\u00e1mci po\u017eadovan\u00fd typ<\/p>\n<p>S t\u00fdmto d\u00e1vkovac\u00edm strojom m\u00f4\u017ee plniaci stroj d\u00e1vkova\u0165 hydrologick\u00fd g\u00e9l<\/p>\n<p>Obsluha stroja<\/p>\n<p>\u0161pecifik\u00e1cie:<\/p>\n<p>stroj s oce\u013eov\u00fdm telom<\/p>\n<ol>\n<li>1.Nerez<\/li>\n<\/ol>\n<p>Dizajn syst\u00e9mu rota\u010dn\u00e9ho ventilu<\/p>\n<ol start=\"2\">\n<li>2. Re\u017eim plnenia piestu<\/li>\n<li>3. Pneumatika<\/li>\n<li>4. R\u00fdchlos\u0165 pod\u00e1vania piestu nastavite\u013en\u00e1<\/li>\n<li>5. Antikor\u00f3zny, hlavn\u00e9 plniace miesto a nastavite\u013en\u00e1 v\u00fd\u0161ka<\/li>\n<\/ol>\n<p>Presnos\u0165 plnenia<\/p>\n<ol start=\"6\">\n<li>6. Vysok\u00e1 (+\/-1%)<\/li>\n<li>7. Jednoduch\u00e9 \u010distenie a \u00fadr\u017eba<\/li>\n<\/ol>\n<p>Nerezov\u00e1 oce\u013e<\/p>\n<ol start=\"8\">\n<li>8. Jednoduch\u00e1 mont\u00e1\u017e a demont\u00e1\u017e pneumatick\u00fdch \u010dast\u00ed.<\/li>\n<li>9. poloautomatick\u00fd alebo automatick\u00fd<\/li>\n<li>10. Nastavenie tlaku vzduchu na vstupe<\/li>\n<li>nastavite\u013en\u00fd objem plnenia<\/li>\n<\/ol>\n<p>Technick\u00fd parameter:<\/p>\n<p>Doplnite\u013en\u00fd rozsah: 90ml-1000ml<\/p>\n<p>Pou\u017eite\u013en\u00fd tlak: 0,4-0,9 MPA<\/p>\n<p>R\u00fdchlos\u0165 plnenia: 40 flia\u0161 za min\u00fatu<\/p>\n<p>\u010cist\u00e1 hmotnos\u0165: 25 Kg<\/p>\n<p>Nap\u00e1janie: 220V<\/p>\n<p>Plniaca hlava: 1<\/p>\n<p>Rozmer stroja: 1000*350*355mm<\/p>\n<p>Automatick\u00e1 trieda: poloautomatick\u00e1<\/p>\n<p>Typ pohonu: pneumatick\u00fd a elektrick\u00fd<\/p>\n<p>Materi\u00e1l: nehrdzavej\u00faca oce\u013e SS304<\/p>\n<p>Rozmer stroja: 1000*350*355mm<\/p>\n<p><iframe loading=\"lazy\" src=\"https:\/\/www.youtube.com\/embed\/saMORv2poEk\" width=\"560\" height=\"315\" frameborder=\"0\" allowfullscreen=\"allowfullscreen\"><\/iframe><\/p>","protected":false},"excerpt":{"rendered":"<p>Pneumatick\u00e9 plniace zariadenie 90ML \u27a1\ufe0f1000ML plniaci stroj na \u0161amp\u00f3n, olej, vodu, parfum<\/p>\n<p>poloautomatick\u00e1 plni\u010dka flia\u0161<\/p>\n<p>PNEUMATICK\u00c1 PLNI\u010cKA TEKUTINY NA \u0160AMP\u00d3N, OLEJ, PARF\u00daMOV\u00dd VODN\u00dd G\u00c9L<\/p>\n<p>90 ml \u27a1\ufe0f 1000 ml<\/p>\n<p>M\u00f4\u017eete d\u00e1vkova\u0165 r\u00f4zne druhy tekut\u00edn, ako je \u0161amp\u00f3n, olej, voda, parfum a chemick\u00fd g\u00e9l. M\u00f4\u017eete d\u00e1vkova\u0165 r\u00f4zne mno\u017estv\u00e1 produktu v rozmedz\u00ed od 90 ml \u27a1\ufe0f1000 ml<\/p>","protected":false},"featured_media":15,"comment_status":"open","ping_status":"closed","template":"","meta":{"wds_primary_product_brand":0,"wds_primary_product_cat":0},"product_brand":[],"product_cat":[18,19,74,73,321],"product_tag":[],"class_list":{"0":"post-14","1":"product","2":"type-product","3":"status-publish","4":"has-post-thumbnail","6":"product_cat-dosificadoras","7":"product_cat-dosificadoras-de-liquidos","8":"product_cat-llenadoras-de-botellas","9":"product_cat-llenadoras-de-liquidos","10":"product_cat-llenadoras-de-piston","12":"first","13":"instock","14":"taxable","15":"shipping-taxable","16":"purchasable","17":"product-type-simple"},"yoast_head":"<!-- This site is optimized with the Yoast SEO Premium plugin v24.9 (Yoast SEO v26.1) - https:\/\/yoast.com\/wordpress\/plugins\/seo\/ -->\n<title>Llenadora de L\u00edquidos Pist\u00f3n Neum\u00e1tico por Succi\u00f3n Embotelladora, Dosificadora 1000 ml ? - distribuci\u00f3n ARC<\/title>\n<meta name=\"robots\" content=\"index, follow, max-snippet:-1, max-image-preview:large, max-video-preview:-1\" \/>\n<link rel=\"canonical\" href=\"https:\/\/distribucionarc.com\/sk\/produktov\/pneumaticka-piestova-kvapalinova-plnicka-1000ml-\ud83e\uddf4\/\" \/>\n<meta property=\"og:locale\" content=\"sk_SK\" \/>\n<meta property=\"og:type\" content=\"article\" \/>\n<meta property=\"og:title\" content=\"Llenadora de L\u00edquidos Pist\u00f3n Neum\u00e1tico por Succi\u00f3n Embotelladora, Dosificadora 1000 ml ?\" \/>\n<meta property=\"og:description\" content=\"Dispositivo de embotellado neum\u00e1tico 90ML \u27a1\ufe0f 1000ML m\u00e1quina de rellenar para el champ\u00fa, aceite, agua, perfume  llenadora de botellas semiautom\u00e1tica  MAQUINA DE LLENADO DE LIQUIDO NEUMATICA PARA CHAMPU, ACEITE, PERFUME DE AGUA GEL  90 ML \u27a1\ufe0f 1000 ML  Usted puede dosificar diversas clases de l\u00edquidos como champ\u00fa, aceite, agua, perfume, y gel el producto qu\u00edmico. Puede dosificar diferentes cantidades de producto que van desde los 90 Ml \u27a1\ufe0f1000 Ml\" \/>\n<meta property=\"og:url\" content=\"https:\/\/distribucionarc.com\/sk\/produktov\/pneumaticka-piestova-kvapalinova-plnicka-1000ml-\ud83e\uddf4\/\" \/>\n<meta property=\"og:site_name\" content=\"distribuci\u00f3n ARC\" \/>\n<meta property=\"article:modified_time\" content=\"2025-05-08T19:40:38+00:00\" \/>\n<meta property=\"og:image\" content=\"https:\/\/distribucionarc.com\/wp-content\/uploads\/2020\/04\/llenadora_de_liquidos_0.jpg\" \/>\n\t<meta property=\"og:image:width\" content=\"1001\" \/>\n\t<meta property=\"og:image:height\" content=\"1001\" \/>\n\t<meta property=\"og:image:type\" content=\"image\/jpeg\" \/>\n<meta name=\"twitter:card\" content=\"summary_large_image\" \/>\n<meta name=\"twitter:label1\" content=\"Predpokladan\u00fd \u010das \u010d\u00edtania\" \/>\n\t<meta name=\"twitter:data1\" content=\"2 min\u00faty\" \/>\n<script type=\"application\/ld+json\" class=\"yoast-schema-graph\">{\"@context\":\"https:\/\/schema.org\",\"@graph\":[{\"@type\":\"WebPage\",\"@id\":\"https:\/\/distribucionarc.com\/sk\/producto\/llenadora-de-liquidos-piston-neumatico-1000ml-%f0%9f%a7%b4\/\",\"url\":\"https:\/\/distribucionarc.com\/sk\/producto\/llenadora-de-liquidos-piston-neumatico-1000ml-%f0%9f%a7%b4\/\",\"name\":\"Llenadora de L\u00edquidos Pist\u00f3n Neum\u00e1tico por Succi\u00f3n Embotelladora, Dosificadora 1000 ml ? - distribuci\u00f3n ARC\",\"isPartOf\":{\"@id\":\"https:\/\/www.distribucionarc.com\/sl\/#website\"},\"primaryImageOfPage\":{\"@id\":\"https:\/\/distribucionarc.com\/sk\/producto\/llenadora-de-liquidos-piston-neumatico-1000ml-%f0%9f%a7%b4\/#primaryimage\"},\"image\":{\"@id\":\"https:\/\/distribucionarc.com\/sk\/producto\/llenadora-de-liquidos-piston-neumatico-1000ml-%f0%9f%a7%b4\/#primaryimage\"},\"thumbnailUrl\":\"https:\/\/distribucionarc.com\/wp-content\/uploads\/2020\/04\/llenadora_de_liquidos_0.jpg\",\"datePublished\":\"2020-04-14T20:21:33+00:00\",\"dateModified\":\"2025-05-08T19:40:38+00:00\",\"breadcrumb\":{\"@id\":\"https:\/\/distribucionarc.com\/sk\/producto\/llenadora-de-liquidos-piston-neumatico-1000ml-%f0%9f%a7%b4\/#breadcrumb\"},\"inLanguage\":\"sk-SK\",\"potentialAction\":[{\"@type\":\"ReadAction\",\"target\":[\"https:\/\/distribucionarc.com\/sk\/producto\/llenadora-de-liquidos-piston-neumatico-1000ml-%f0%9f%a7%b4\/\"]}]},{\"@type\":\"ImageObject\",\"inLanguage\":\"sk-SK\",\"@id\":\"https:\/\/distribucionarc.com\/sk\/producto\/llenadora-de-liquidos-piston-neumatico-1000ml-%f0%9f%a7%b4\/#primaryimage\",\"url\":\"https:\/\/distribucionarc.com\/wp-content\/uploads\/2020\/04\/llenadora_de_liquidos_0.jpg\",\"contentUrl\":\"https:\/\/distribucionarc.com\/wp-content\/uploads\/2020\/04\/llenadora_de_liquidos_0.jpg\",\"width\":1001,\"height\":1001},{\"@type\":\"BreadcrumbList\",\"@id\":\"https:\/\/distribucionarc.com\/sk\/producto\/llenadora-de-liquidos-piston-neumatico-1000ml-%f0%9f%a7%b4\/#breadcrumb\",\"itemListElement\":[{\"@type\":\"ListItem\",\"position\":1,\"name\":\"Portada\",\"item\":\"https:\/\/www.distribucionarc.com\/\"},{\"@type\":\"ListItem\",\"position\":2,\"name\":\"\u00dcr\u00fcnler\",\"item\":\"https:\/\/www.distribucionarc.com\/tr\/magaza\/\"},{\"@type\":\"ListItem\",\"position\":3,\"name\":\"Llenadora de L\u00edquidos Pist\u00f3n Neum\u00e1tico por Succi\u00f3n Embotelladora, Dosificadora 1000 ml ?\"}]},{\"@type\":\"WebSite\",\"@id\":\"https:\/\/www.distribucionarc.com\/sl\/#website\",\"url\":\"https:\/\/www.distribucionarc.com\/sl\/\",\"name\":\"distribuci\u00f3n ARC\",\"description\":\"Empresa especializada en la fabricaci\u00f3n y distribuci\u00f3n de maquinaria industrial, selladoras de latas, Maquinas de hacer pastillas, Maquinas de cortar carne...\",\"publisher\":{\"@id\":\"https:\/\/www.distribucionarc.com\/sl\/#organization\"},\"potentialAction\":[{\"@type\":\"SearchAction\",\"target\":{\"@type\":\"EntryPoint\",\"urlTemplate\":\"https:\/\/www.distribucionarc.com\/sl\/?s={search_term_string}\"},\"query-input\":{\"@type\":\"PropertyValueSpecification\",\"valueRequired\":true,\"valueName\":\"search_term_string\"}}],\"inLanguage\":\"sk-SK\"},{\"@type\":\"Organization\",\"@id\":\"https:\/\/www.distribucionarc.com\/sl\/#organization\",\"name\":\"Distribuci\u00f3n ARC\",\"url\":\"https:\/\/www.distribucionarc.com\/sl\/\",\"logo\":{\"@type\":\"ImageObject\",\"inLanguage\":\"sk-SK\",\"@id\":\"https:\/\/www.distribucionarc.com\/sl\/#\/schema\/logo\/image\/\",\"url\":\"https:\/\/distribucionarc.com\/wp-content\/uploads\/2024\/10\/distribucion-ARC-COLOR-SIN-FONDO-e1732295305345.png\",\"contentUrl\":\"https:\/\/distribucionarc.com\/wp-content\/uploads\/2024\/10\/distribucion-ARC-COLOR-SIN-FONDO-e1732295305345.png\",\"width\":1164,\"height\":558,\"caption\":\"Distribuci\u00f3n ARC\"},\"image\":{\"@id\":\"https:\/\/www.distribucionarc.com\/sl\/#\/schema\/logo\/image\/\"},\"description\":\"Empresa especializada en la fabricaci\u00f3n y distribuci\u00f3n de maquinaria industrial para los sectores alimentario y farmac\u00e9utico. Nos especializamos en: M\u00e1quinas de cortar carne Fabricaci\u00f3n de comprimidos Sistemas de transporte industrial L\u00edneas de embotellado Dosificadores Y mucho m\u00e1s... Ofrecemos soluciones innovadoras y personalizadas para optimizar los procesos productivos de tu empresa.\",\"email\":\"Admistracion@distribucionarc.com\",\"telephone\":\"+34 643496664\",\"legalName\":\"ARC TECH SOLUTIONS\",\"foundingDate\":\"2024-04-09\",\"vatID\":\"B55480172\",\"numberOfEmployees\":{\"@type\":\"QuantitativeValue\",\"minValue\":\"1\",\"maxValue\":\"10\"}}]}<\/script>\n<!-- \/ Yoast SEO Premium plugin. -->","yoast_head_json":{"title":"Plni\u010dka kvapal\u00edn s pneumatick\u00fdm sac\u00edm piestom, d\u00e1vkovanie 1000 ml ? - ARC rozvod","robots":{"index":"index","follow":"follow","max-snippet":"max-snippet:-1","max-image-preview":"max-image-preview:large","max-video-preview":"max-video-preview:-1"},"canonical":"https:\/\/distribucionarc.com\/sk\/produktov\/pneumaticka-piestova-kvapalinova-plnicka-1000ml-\ud83e\uddf4\/","og_locale":"sk_SK","og_type":"article","og_title":"Llenadora de L\u00edquidos Pist\u00f3n Neum\u00e1tico por Succi\u00f3n Embotelladora, Dosificadora 1000 ml ?","og_description":"Dispositivo de embotellado neum\u00e1tico 90ML \u27a1\ufe0f 1000ML m\u00e1quina de rellenar para el champ\u00fa, aceite, agua, perfume  llenadora de botellas semiautom\u00e1tica  MAQUINA DE LLENADO DE LIQUIDO NEUMATICA PARA CHAMPU, ACEITE, PERFUME DE AGUA GEL  90 ML \u27a1\ufe0f 1000 ML  Usted puede dosificar diversas clases de l\u00edquidos como champ\u00fa, aceite, agua, perfume, y gel el producto qu\u00edmico. Puede dosificar diferentes cantidades de producto que van desde los 90 Ml \u27a1\ufe0f1000 Ml","og_url":"https:\/\/distribucionarc.com\/sk\/produktov\/pneumaticka-piestova-kvapalinova-plnicka-1000ml-\ud83e\uddf4\/","og_site_name":"distribuci\u00f3n ARC","article_modified_time":"2025-05-08T19:40:38+00:00","og_image":[{"width":1001,"height":1001,"url":"https:\/\/distribucionarc.com\/wp-content\/uploads\/2020\/04\/llenadora_de_liquidos_0.jpg","type":"image\/jpeg"}],"twitter_card":"summary_large_image","twitter_misc":{"Predpokladan\u00fd \u010das \u010d\u00edtania":"2 min\u00faty"},"schema":{"@context":"https:\/\/schema.org","@graph":[{"@type":"WebPage","@id":"https:\/\/distribucionarc.com\/sk\/producto\/llenadora-de-liquidos-piston-neumatico-1000ml-%f0%9f%a7%b4\/","url":"https:\/\/distribucionarc.com\/sk\/producto\/llenadora-de-liquidos-piston-neumatico-1000ml-%f0%9f%a7%b4\/","name":"Plni\u010dka kvapal\u00edn s pneumatick\u00fdm sac\u00edm piestom, d\u00e1vkovanie 1000 ml ? - ARC rozvod","isPartOf":{"@id":"https:\/\/www.distribucionarc.com\/sl\/#website"},"primaryImageOfPage":{"@id":"https:\/\/distribucionarc.com\/sk\/producto\/llenadora-de-liquidos-piston-neumatico-1000ml-%f0%9f%a7%b4\/#primaryimage"},"image":{"@id":"https:\/\/distribucionarc.com\/sk\/producto\/llenadora-de-liquidos-piston-neumatico-1000ml-%f0%9f%a7%b4\/#primaryimage"},"thumbnailUrl":"https:\/\/distribucionarc.com\/wp-content\/uploads\/2020\/04\/llenadora_de_liquidos_0.jpg","datePublished":"2020-04-14T20:21:33+00:00","dateModified":"2025-05-08T19:40:38+00:00","breadcrumb":{"@id":"https:\/\/distribucionarc.com\/sk\/producto\/llenadora-de-liquidos-piston-neumatico-1000ml-%f0%9f%a7%b4\/#breadcrumb"},"inLanguage":"sk-SK","potentialAction":[{"@type":"ReadAction","target":["https:\/\/distribucionarc.com\/sk\/producto\/llenadora-de-liquidos-piston-neumatico-1000ml-%f0%9f%a7%b4\/"]}]},{"@type":"ImageObject","inLanguage":"sk-SK","@id":"https:\/\/distribucionarc.com\/sk\/producto\/llenadora-de-liquidos-piston-neumatico-1000ml-%f0%9f%a7%b4\/#primaryimage","url":"https:\/\/distribucionarc.com\/wp-content\/uploads\/2020\/04\/llenadora_de_liquidos_0.jpg","contentUrl":"https:\/\/distribucionarc.com\/wp-content\/uploads\/2020\/04\/llenadora_de_liquidos_0.jpg","width":1001,"height":1001},{"@type":"BreadcrumbList","@id":"https:\/\/distribucionarc.com\/sk\/producto\/llenadora-de-liquidos-piston-neumatico-1000ml-%f0%9f%a7%b4\/#breadcrumb","itemListElement":[{"@type":"ListItem","position":1,"name":"Portada","item":"https:\/\/www.distribucionarc.com\/"},{"@type":"ListItem","position":2,"name":"\u00dcr\u00fcnler","item":"https:\/\/www.distribucionarc.com\/tr\/magaza\/"},{"@type":"ListItem","position":3,"name":"Llenadora de L\u00edquidos Pist\u00f3n Neum\u00e1tico por Succi\u00f3n Embotelladora, Dosificadora 1000 ml ?"}]},{"@type":"WebSite","@id":"https:\/\/www.distribucionarc.com\/sl\/#website","url":"https:\/\/www.distribucionarc.com\/sl\/","name":"ARC distrib\u00facia","description":"Spolo\u010dnos\u0165 sa \u0161pecializuje na v\u00fdrobu a distrib\u00faciu priemyseln\u00fdch strojov, strojov na uzatv\u00e1ranie plechoviek, strojov na v\u00fdrobu tabliet, strojov na porciovanie m\u00e4sa...","publisher":{"@id":"https:\/\/www.distribucionarc.com\/sl\/#organization"},"potentialAction":[{"@type":"SearchAction","target":{"@type":"EntryPoint","urlTemplate":"https:\/\/www.distribucionarc.com\/sl\/?s={search_term_string}"},"query-input":{"@type":"PropertyValueSpecification","valueRequired":true,"valueName":"search_term_string"}}],"inLanguage":"sk-SK"},{"@type":"Organization","@id":"https:\/\/www.distribucionarc.com\/sl\/#organization","name":"Distrib\u00facia ARC","url":"https:\/\/www.distribucionarc.com\/sl\/","logo":{"@type":"ImageObject","inLanguage":"sk-SK","@id":"https:\/\/www.distribucionarc.com\/sl\/#\/schema\/logo\/image\/","url":"https:\/\/distribucionarc.com\/wp-content\/uploads\/2024\/10\/distribucion-ARC-COLOR-SIN-FONDO-e1732295305345.png","contentUrl":"https:\/\/distribucionarc.com\/wp-content\/uploads\/2024\/10\/distribucion-ARC-COLOR-SIN-FONDO-e1732295305345.png","width":1164,"height":558,"caption":"Distribuci\u00f3n ARC"},"image":{"@id":"https:\/\/www.distribucionarc.com\/sl\/#\/schema\/logo\/image\/"},"description":"Spolo\u010dnos\u0165 \u0161pecializuj\u00faca sa na v\u00fdrobu a distrib\u00faciu priemyseln\u00fdch strojov pre potravin\u00e1rsky a farmaceutick\u00fd sektor. \u0160pecializujeme sa na: Stroje na kr\u00e1janie m\u00e4sa V\u00fdroba tabliet Priemyseln\u00e9 dopravn\u00e9 syst\u00e9my D\u00e1vkova\u010de na f\u013ea\u0161e A ove\u013ea viac... Pon\u00fakame inovat\u00edvne a prisp\u00f4soben\u00e9 rie\u0161enia na optimaliz\u00e1ciu v\u00fdrobn\u00fdch procesov va\u0161ej spolo\u010dnosti.","email":"Admistracion@distribucionarc.com","telephone":"+34 643496664","legalName":"ARC TECH SOLUTIONS","foundingDate":"2024-04-09","vatID":"B55480172","numberOfEmployees":{"@type":"QuantitativeValue","minValue":"1","maxValue":"10"}}]}},"_links":{"self":[{"href":"https:\/\/distribucionarc.com\/sk\/wp-json\/wp\/v2\/product\/14","targetHints":{"allow":["GET"]}}],"collection":[{"href":"https:\/\/distribucionarc.com\/sk\/wp-json\/wp\/v2\/product"}],"about":[{"href":"https:\/\/distribucionarc.com\/sk\/wp-json\/wp\/v2\/types\/product"}],"replies":[{"embeddable":true,"href":"https:\/\/distribucionarc.com\/sk\/wp-json\/wp\/v2\/comments?post=14"}],"version-history":[{"count":1,"href":"https:\/\/distribucionarc.com\/sk\/wp-json\/wp\/v2\/product\/14\/revisions"}],"predecessor-version":[{"id":17461,"href":"https:\/\/distribucionarc.com\/sk\/wp-json\/wp\/v2\/product\/14\/revisions\/17461"}],"wp:featuredmedia":[{"embeddable":true,"href":"https:\/\/distribucionarc.com\/sk\/wp-json\/wp\/v2\/media\/15"}],"wp:attachment":[{"href":"https:\/\/distribucionarc.com\/sk\/wp-json\/wp\/v2\/media?parent=14"}],"wp:term":[{"taxonomy":"product_brand","embeddable":true,"href":"https:\/\/distribucionarc.com\/sk\/wp-json\/wp\/v2\/product_brand?post=14"},{"taxonomy":"product_cat","embeddable":true,"href":"https:\/\/distribucionarc.com\/sk\/wp-json\/wp\/v2\/product_cat?post=14"},{"taxonomy":"product_tag","embeddable":true,"href":"https:\/\/distribucionarc.com\/sk\/wp-json\/wp\/v2\/product_tag?post=14"}],"curies":[{"name":"pracovn\u00fd list","href":"https:\/\/api.w.org\/{rel}","templated":true}]}}