{"id":1437,"date":"2020-07-24T13:41:07","date_gmt":"2020-07-24T13:41:07","guid":{"rendered":"https:\/\/distribucionarc.com\/?post_type=product&#038;p=1437"},"modified":"2020-09-29T18:46:22","modified_gmt":"2020-09-29T18:46:22","slug":"stroj-na-kocky-ladu-12-kg","status":"publish","type":"product","link":"https:\/\/distribucionarc.com\/sk\/producto\/maquina-para-cubitos-de-hielo-12-kg\/","title":{"rendered":"Stroj na v\u00fdrobu kociek \u013eadu 12 kg"},"content":{"rendered":"<h3>Stroj na v\u00fdrobu \u013eadu na 12 kg kociek \u013eadu<\/h3>\n<p>Toto\u00a0<strong>prenosn\u00fd stroj na v\u00fdrobu \u013eadov\u00fdch kociek<\/strong>\u00a0z<strong>\u00a0<span style=\"color: #ff0000;\">TO<\/span><span style=\"color: #0000ff;\">R<\/span>c<\/strong>\u00a0V\u010faka nad\u010dasov\u00e9mu dizajnu sa prisp\u00f4sob\u00ed ak\u00e9muko\u013evek prostrediu. Ide\u00e1lne pre rodiny, kaviarne, p\u00e1rty, re\u0161taur\u00e1cie, bary, hotely, obchody, pl\u00e1\u017eov\u00e9 bary.<\/p>\n<p>S\u00a0<strong>kocka stroj\u00a0<span style=\"color: #ff0000;\">TO<\/span><span style=\"color: #0000ff;\">R<\/span>CMCH12<\/strong>\u00a0m\u00f4\u017ee produkova\u0165\u00a0<span style=\"color: #0000ff;\"><strong>24 kociek za 6-8 min\u00fat<\/strong><\/span>\u00a0(v z\u00e1vislosti od teploty okolia) a\u00a0<span style=\"color: #0000ff;\"><strong>a\u017e 12 kg za 24 hod\u00edn<\/strong><\/span>. Jeho\u00a0<span style=\"color: #008000;\"><strong>motor je efekt\u00edvny a prispieva k \u00faspore energie<\/strong>.<\/span><\/p>\n<p>Jednoduch\u00e9 riadenie prev\u00e1dzkov\u00fdch podmienok,\u00a0<strong>funkcia automatick\u00e9ho \u010distenia<\/strong>, tla\u010didl\u00e1 na LCD displeji zobrazuj\u00fa prev\u00e1dzkov\u00fd stav zariadenia\u00a0<strong>stroj na v\u00fdrobu \u013eadu<\/strong>\u00a0z\u00a0<strong><span style=\"color: #ff0000;\">TO<\/span><span style=\"color: #0000ff;\">R<\/span>c<\/strong>\u00a0v ka\u017edom \u010dase. Ak je n\u00e1doba na \u013ead pln\u00e1 alebo pr\u00edli\u0161 n\u00edzka hladina vody, informuje v\u00e1s alarmom.<\/p>\n<p>Telo n\u00e1dr\u017ee m\u00e1 3 vrstvy. Potravinov\u00e1 n\u00e1doba pojme a\u017e 2,2 l \u013eadu. Pena s vysokou hustotou sl\u00fa\u017ei na udr\u017eanie tepla a izol\u00e1ciu.<\/p>\n<p>Toto<strong>\u00a0prenosn\u00fd stroj na v\u00fdrobu \u013eadu<\/strong>\u00a0Je vhodn\u00fd na ru\u010dn\u00e9 aj automatick\u00e9 plnenie (vodovodn\u00e9 potrubie je pripojen\u00e9 k zadnej \u010dasti stroja) v s\u00falade s predpismi.<\/p>\n<p>Praktick\u00fd odkvapk\u00e1va\u010d sa d\u00e1 \u013eahko vybra\u0165 a vy\u010disti\u0165. Vybaven\u00fd ventil\u00e1tor zais\u0165uje ve\u013ek\u00e9 objemy vzduchu pre r\u00fdchlej\u0161\u00ed odvod tepla a v\u00fdrobu \u013eadu.<\/p>\n<h6><strong>Z\u00e1ruka\u00a0<span style=\"color: #ff0000;\">TO<\/span><span style=\"color: #0000ff;\">R<\/span>C 2 ROKY<\/strong><\/h6>\n<h6><span style=\"color: #008000;\"><strong>V\u00fdkonn\u00fd stroj na v\u00fdrobu kociek \u013eadu, n\u00edzka spotreba 120w<\/strong><\/span><\/h6>\n<h6><strong>vr\u00e1tane technickej podpory.<\/strong><\/h6>\n<p>&nbsp;<\/p>\n<table role=\"presentation\" width=\"100%\" cellspacing=\"0\" cellpadding=\"0\">\n<tbody>\n<tr>\n<td class=\"attrLabels\">V\u00fdkon:<\/td>\n<td width=\"50.0%\">120 W<\/td>\n<\/tr>\n<tr>\n<td class=\"attrLabels\">Nap\u00e4tie:<\/td>\n<td width=\"50.0%\">220V \u2013 240V, 50Hz \u2013 60Hz<\/td>\n<td class=\"attrLabels\">Hmotnos\u0165:<\/td>\n<td width=\"50.0%\">11,8 kg<\/td>\n<\/tr>\n<tr>\n<td class=\"attrLabels\">Krajina distrib\u00facie:<\/td>\n<td width=\"50.0%\">\u0160panielsko, Nemecko, USA<\/td>\n<td class=\"attrLabels\">v\u00fd\u0161ka:<\/td>\n<td width=\"50.0%\">\u00a036 cm<\/td>\n<\/tr>\n<tr>\n<td class=\"attrLabels\">Zna\u010dka:<\/td>\n<td width=\"50.0%\">ARC<\/td>\n<td class=\"attrLabels\">Dlh\u00e9:<\/td>\n<td width=\"50.0%\">25 cm<\/td>\n<\/tr>\n<tr>\n<td class=\"attrLabels\">Typ produktu:<\/td>\n<td width=\"50.0%\">Stroj na kocky \u013eadu<\/td>\n<td class=\"attrLabels\">\u0160irok\u00e1:<\/td>\n<td width=\"50.0%\">\u00a033 cm<\/td>\n<\/tr>\n<tr>\n<td class=\"attrLabels\">\u010c\u00edslo v\u00fdrobcu:<\/td>\n<td width=\"50.0%\">ARCMCH12<\/td>\n<td class=\"attrLabels\">Pracovn\u00e1 r\u00fdchlos\u0165:<\/td>\n<td width=\"50.0%\">\u00a06 a\u017e 8 min\u00fat pre 24 kusov<\/td>\n<\/tr>\n<tr>\n<td class=\"attrLabels\">Materi\u00e1l:<\/td>\n<td width=\"50.0%\">nerezov\u00e1 oce\u013e, LCD obrazovka, optimalizovan\u00fd motor<\/td>\n<td class=\"attrLabels\">rozmer kocky \u013eadu:<\/td>\n<td width=\"50.0%\">22 x 22 x 22 mm<\/td>\n<\/tr>\n<tr>\n<td class=\"attrLabels\">Farba:<\/td>\n<td width=\"50.0%\">Strieborn\u00e1<\/td>\n<td class=\"attrLabels\">Ukladac\u00ed priestor:<\/td>\n<td width=\"50.0%\">1 kg<\/td>\n<\/tr>\n<tr>\n<td class=\"attrLabels\">In\u0161tala\u010dn\u00e9 n\u00e1stroje:<\/td>\n<td width=\"50.0%\">\u00c1no<\/td>\n<td class=\"attrLabels\">Z\u00e1ruka:<\/td>\n<td width=\"50.0%\">2 ROKY<\/td>\n<\/tr>\n<\/tbody>\n<\/table>\n<p>&nbsp;<\/p>\n<p>&nbsp;<\/p>","protected":false},"excerpt":{"rendered":"<h2>Stroj na v\u00fdrobu \u013eadu na 12 kg kociek \u013eadu<\/h2>\n<p>U\u017e nestr\u00e1cajte \u010das n\u00e1kupom vrec\u00fa\u0161ok na \u013ead s\u00a0<strong>stroje na v\u00fdrobu \u013eadov\u00fdch kociek<\/strong>\u00a0z<span style=\"color: #ff0000;\">\u00a0<\/span><strong><span style=\"color: #ff0000;\">TO<\/span><span style=\"color: #0000ff;\">R<\/span>C;<\/strong> Nebudete musie\u0165 nikam chodi\u0165, aby ste mali svoje z\u00e1soby v\u017edy pln\u00e9, a to tak, \u017ee ich uskladn\u00edte po\u010das v\u00fdroby v\u00e4\u010d\u0161ieho mno\u017estva \u013eadu.<\/p>\n<p>The\u00a0<strong>stroj na v\u00fdrobu \u013eadov\u00fdch kociek <span style=\"color: #ff0000;\">TO<\/span><span style=\"color: #0000ff;\">R<\/span>CMCH12<\/strong>\u00a0produkuje a\u017e\u00a0<span style=\"color: #0000ff;\"><strong>12 kg za 24 hod\u00edn<\/strong><strong>\u00a0a<\/strong>\u00a0<strong>24 kusov kociek \u013eadu za 6-8 min\u00fat<\/strong><\/span>. Obsluha je jednoduch\u00e1 a preh\u013eadn\u00e1 prostredn\u00edctvom LCD obrazovky. Prieh\u013eadn\u00e9 veko v\u00e1m poskytuje dobr\u00e9 pozorovanie. The\u00a0<strong>stroj na v\u00fdrobu \u013eadu<\/strong>\u00a0z\u00a0<strong><span style=\"color: #ff0000;\">TO<\/span><span style=\"color: #0000ff;\">R<\/span>c<\/strong>\u00a0Je robustn\u00fd s telom z nehrdzavej\u00facej ocele najvy\u0161\u0161ej kvality pre potravin\u00e1rsky sektor.<\/p>\n<h6><strong>Z\u00e1ruka\u00a0<span style=\"color: #ff0000;\">TO<\/span><span style=\"color: #0000ff;\">R<\/span>C 2 ROKY<\/strong><\/h6>\n<h6><span style=\"color: #008000;\"><strong>V\u00fdkonn\u00fd stroj na v\u00fdrobu kociek \u013eadu, n\u00edzka spotreba 120w<\/strong><\/span><\/h6>\n<h6><strong>vr\u00e1tane technickej podpory.<\/strong><\/h6>","protected":false},"featured_media":1438,"comment_status":"open","ping_status":"closed","template":"","meta":{"wds_primary_product_brand":0,"wds_primary_product_cat":0},"product_brand":[],"product_cat":[59],"product_tag":[],"class_list":{"0":"post-1437","1":"product","2":"type-product","3":"status-publish","4":"has-post-thumbnail","6":"product_cat-hielo","7":"product_shipping_class-hosteleria","9":"first","10":"instock","11":"sale","12":"taxable","13":"shipping-taxable","14":"purchasable","15":"product-type-simple"},"yoast_head":"<!-- This site is optimized with the Yoast SEO Premium plugin v24.9 (Yoast SEO v26.1) - https:\/\/yoast.com\/wordpress\/plugins\/seo\/ -->\n<title>M\u00e1quina para cubitos de hielo 12 Kg - distribuci\u00f3n ARC<\/title>\n<meta name=\"robots\" content=\"index, follow, max-snippet:-1, max-image-preview:large, max-video-preview:-1\" \/>\n<link rel=\"canonical\" href=\"https:\/\/www.distribucionarc.com\/pl\/producto\/maquina-para-cubitos-de-hielo-12-kg\/\" \/>\n<meta property=\"og:locale\" content=\"sk_SK\" \/>\n<meta property=\"og:type\" content=\"article\" \/>\n<meta property=\"og:title\" content=\"M\u00e1quina para cubitos de hielo 12 Kg\" \/>\n<meta property=\"og:description\" content=\"M\u00e1quina de hielo\u00a0 para cubitos de hielo 12 Kg No pierdas m\u00e1s el tiempo comprando sacos de hielo, con las\u00a0m\u00e1quinas para cubitos de hielo\u00a0de\u00a0ARC; no tendr\u00e1s que ir a ning\u00fan lado para tener tus reservas siempre llenas, al almacenarlo mientras se va fabricando m\u00e1s hielo.  La\u00a0m\u00e1quina de cubitos de hielo ARCMCH12\u00a0produce hasta\u00a012 kg en 24 horas\u00a0y\u00a024 trozos de cubitos de hielo en 6-8 minutos. La operaci\u00f3n es simple y clara a trav\u00e9s de la pantalla LCD. La tapa transparente proporciona una buena observaci\u00f3n para usted. La\u00a0m\u00e1quina de hielo\u00a0de\u00a0ARC\u00a0es robusta con un cuerpo de acero inoxidable de la mejor calidad para el \u00e1mbito alimenticio. Garant\u00eda\u00a0ARC 2 A\u00d1OS Maquina para cubitos de hielo eficiente, bajo consumo 120w soporte t\u00e9cnico\u00a0incluido.\" \/>\n<meta property=\"og:url\" content=\"https:\/\/www.distribucionarc.com\/pl\/producto\/maquina-para-cubitos-de-hielo-12-kg\/\" \/>\n<meta property=\"og:site_name\" content=\"distribuci\u00f3n ARC\" \/>\n<meta property=\"article:modified_time\" content=\"2020-09-29T18:46:22+00:00\" \/>\n<meta property=\"og:image\" content=\"https:\/\/distribucionarc.com\/wp-content\/uploads\/2020\/07\/M\u00e1quina-para-cubitos-de-hielo-12-Kg-0.jpg\" \/>\n\t<meta property=\"og:image:width\" content=\"900\" \/>\n\t<meta property=\"og:image:height\" content=\"900\" \/>\n\t<meta property=\"og:image:type\" content=\"image\/jpeg\" \/>\n<meta name=\"twitter:card\" content=\"summary_large_image\" \/>\n<meta name=\"twitter:label1\" content=\"Predpokladan\u00fd \u010das \u010d\u00edtania\" \/>\n\t<meta name=\"twitter:data1\" content=\"2 min\u00faty\" \/>\n<script type=\"application\/ld+json\" class=\"yoast-schema-graph\">{\"@context\":\"https:\/\/schema.org\",\"@graph\":[{\"@type\":\"WebPage\",\"@id\":\"https:\/\/www.distribucionarc.com\/pl\/producto\/maquina-para-cubitos-de-hielo-12-kg\/\",\"url\":\"https:\/\/www.distribucionarc.com\/pl\/producto\/maquina-para-cubitos-de-hielo-12-kg\/\",\"name\":\"M\u00e1quina para cubitos de hielo 12 Kg - distribuci\u00f3n ARC\",\"isPartOf\":{\"@id\":\"https:\/\/distribucionarc.com\/bg\/#website\"},\"primaryImageOfPage\":{\"@id\":\"https:\/\/www.distribucionarc.com\/pl\/producto\/maquina-para-cubitos-de-hielo-12-kg\/#primaryimage\"},\"image\":{\"@id\":\"https:\/\/www.distribucionarc.com\/pl\/producto\/maquina-para-cubitos-de-hielo-12-kg\/#primaryimage\"},\"thumbnailUrl\":\"https:\/\/distribucionarc.com\/wp-content\/uploads\/2020\/07\/M\u00e1quina-para-cubitos-de-hielo-12-Kg-0.jpg\",\"datePublished\":\"2020-07-24T13:41:07+00:00\",\"dateModified\":\"2020-09-29T18:46:22+00:00\",\"breadcrumb\":{\"@id\":\"https:\/\/www.distribucionarc.com\/pl\/producto\/maquina-para-cubitos-de-hielo-12-kg\/#breadcrumb\"},\"inLanguage\":\"sk-SK\",\"potentialAction\":[{\"@type\":\"ReadAction\",\"target\":[\"https:\/\/www.distribucionarc.com\/pl\/producto\/maquina-para-cubitos-de-hielo-12-kg\/\"]}]},{\"@type\":\"ImageObject\",\"inLanguage\":\"sk-SK\",\"@id\":\"https:\/\/www.distribucionarc.com\/pl\/producto\/maquina-para-cubitos-de-hielo-12-kg\/#primaryimage\",\"url\":\"https:\/\/distribucionarc.com\/wp-content\/uploads\/2020\/07\/M\u00e1quina-para-cubitos-de-hielo-12-Kg-0.jpg\",\"contentUrl\":\"https:\/\/distribucionarc.com\/wp-content\/uploads\/2020\/07\/M\u00e1quina-para-cubitos-de-hielo-12-Kg-0.jpg\",\"width\":900,\"height\":900,\"caption\":\"M\u00e1quina para cubitos de hielo 12 Kg\"},{\"@type\":\"BreadcrumbList\",\"@id\":\"https:\/\/www.distribucionarc.com\/pl\/producto\/maquina-para-cubitos-de-hielo-12-kg\/#breadcrumb\",\"itemListElement\":[{\"@type\":\"ListItem\",\"position\":1,\"name\":\"Portada\",\"item\":\"https:\/\/distribucionarc.com\/nb\/\"},{\"@type\":\"ListItem\",\"position\":2,\"name\":\"Products\",\"item\":\"https:\/\/www.distribucionarc.com\/en\/shop\/\"},{\"@type\":\"ListItem\",\"position\":3,\"name\":\"M\u00e1quina para cubitos de hielo 12 Kg\"}]},{\"@type\":\"WebSite\",\"@id\":\"https:\/\/distribucionarc.com\/bg\/#website\",\"url\":\"https:\/\/distribucionarc.com\/bg\/\",\"name\":\"distribuci\u00f3n ARC\",\"description\":\"Empresa especializada en la fabricaci\u00f3n y distribuci\u00f3n de maquinaria industrial, selladoras de latas, Maquinas de hacer pastillas, Maquinas de cortar carne...\",\"publisher\":{\"@id\":\"https:\/\/distribucionarc.com\/bg\/#organization\"},\"potentialAction\":[{\"@type\":\"SearchAction\",\"target\":{\"@type\":\"EntryPoint\",\"urlTemplate\":\"https:\/\/distribucionarc.com\/bg\/?s={search_term_string}\"},\"query-input\":{\"@type\":\"PropertyValueSpecification\",\"valueRequired\":true,\"valueName\":\"search_term_string\"}}],\"inLanguage\":\"sk-SK\"},{\"@type\":\"Organization\",\"@id\":\"https:\/\/distribucionarc.com\/bg\/#organization\",\"name\":\"Distribuci\u00f3n ARC\",\"url\":\"https:\/\/distribucionarc.com\/bg\/\",\"logo\":{\"@type\":\"ImageObject\",\"inLanguage\":\"sk-SK\",\"@id\":\"https:\/\/distribucionarc.com\/bg\/#\/schema\/logo\/image\/\",\"url\":\"https:\/\/distribucionarc.com\/wp-content\/uploads\/2024\/10\/distribucion-ARC-COLOR-SIN-FONDO-e1732295305345.png\",\"contentUrl\":\"https:\/\/distribucionarc.com\/wp-content\/uploads\/2024\/10\/distribucion-ARC-COLOR-SIN-FONDO-e1732295305345.png\",\"width\":1164,\"height\":558,\"caption\":\"Distribuci\u00f3n ARC\"},\"image\":{\"@id\":\"https:\/\/distribucionarc.com\/bg\/#\/schema\/logo\/image\/\"},\"description\":\"Empresa especializada en la fabricaci\u00f3n y distribuci\u00f3n de maquinaria industrial para los sectores alimentario y farmac\u00e9utico. Nos especializamos en: M\u00e1quinas de cortar carne Fabricaci\u00f3n de comprimidos Sistemas de transporte industrial L\u00edneas de embotellado Dosificadores Y mucho m\u00e1s... Ofrecemos soluciones innovadoras y personalizadas para optimizar los procesos productivos de tu empresa.\",\"email\":\"Admistracion@distribucionarc.com\",\"telephone\":\"+34 643496664\",\"legalName\":\"ARC TECH SOLUTIONS\",\"foundingDate\":\"2024-04-09\",\"vatID\":\"B55480172\",\"numberOfEmployees\":{\"@type\":\"QuantitativeValue\",\"minValue\":\"1\",\"maxValue\":\"10\"}}]}<\/script>\n<!-- \/ Yoast SEO Premium plugin. -->","yoast_head_json":{"title":"Stroj na v\u00fdrobu \u013eadov\u00fdch kociek 12 Kg - ARC rozvod","robots":{"index":"index","follow":"follow","max-snippet":"max-snippet:-1","max-image-preview":"max-image-preview:large","max-video-preview":"max-video-preview:-1"},"canonical":"https:\/\/www.distribucionarc.com\/pl\/producto\/maquina-para-cubitos-de-hielo-12-kg\/","og_locale":"sk_SK","og_type":"article","og_title":"M\u00e1quina para cubitos de hielo 12 Kg","og_description":"M\u00e1quina de hielo\u00a0 para cubitos de hielo 12 Kg No pierdas m\u00e1s el tiempo comprando sacos de hielo, con las\u00a0m\u00e1quinas para cubitos de hielo\u00a0de\u00a0ARC; no tendr\u00e1s que ir a ning\u00fan lado para tener tus reservas siempre llenas, al almacenarlo mientras se va fabricando m\u00e1s hielo.  La\u00a0m\u00e1quina de cubitos de hielo ARCMCH12\u00a0produce hasta\u00a012 kg en 24 horas\u00a0y\u00a024 trozos de cubitos de hielo en 6-8 minutos. La operaci\u00f3n es simple y clara a trav\u00e9s de la pantalla LCD. La tapa transparente proporciona una buena observaci\u00f3n para usted. La\u00a0m\u00e1quina de hielo\u00a0de\u00a0ARC\u00a0es robusta con un cuerpo de acero inoxidable de la mejor calidad para el \u00e1mbito alimenticio. Garant\u00eda\u00a0ARC 2 A\u00d1OS Maquina para cubitos de hielo eficiente, bajo consumo 120w soporte t\u00e9cnico\u00a0incluido.","og_url":"https:\/\/www.distribucionarc.com\/pl\/producto\/maquina-para-cubitos-de-hielo-12-kg\/","og_site_name":"distribuci\u00f3n ARC","article_modified_time":"2020-09-29T18:46:22+00:00","og_image":[{"width":900,"height":900,"url":"https:\/\/distribucionarc.com\/wp-content\/uploads\/2020\/07\/M\u00e1quina-para-cubitos-de-hielo-12-Kg-0.jpg","type":"image\/jpeg"}],"twitter_card":"summary_large_image","twitter_misc":{"Predpokladan\u00fd \u010das \u010d\u00edtania":"2 min\u00faty"},"schema":{"@context":"https:\/\/schema.org","@graph":[{"@type":"WebPage","@id":"https:\/\/www.distribucionarc.com\/pl\/producto\/maquina-para-cubitos-de-hielo-12-kg\/","url":"https:\/\/www.distribucionarc.com\/pl\/producto\/maquina-para-cubitos-de-hielo-12-kg\/","name":"Stroj na v\u00fdrobu \u013eadov\u00fdch kociek 12 Kg - ARC rozvod","isPartOf":{"@id":"https:\/\/distribucionarc.com\/bg\/#website"},"primaryImageOfPage":{"@id":"https:\/\/www.distribucionarc.com\/pl\/producto\/maquina-para-cubitos-de-hielo-12-kg\/#primaryimage"},"image":{"@id":"https:\/\/www.distribucionarc.com\/pl\/producto\/maquina-para-cubitos-de-hielo-12-kg\/#primaryimage"},"thumbnailUrl":"https:\/\/distribucionarc.com\/wp-content\/uploads\/2020\/07\/M\u00e1quina-para-cubitos-de-hielo-12-Kg-0.jpg","datePublished":"2020-07-24T13:41:07+00:00","dateModified":"2020-09-29T18:46:22+00:00","breadcrumb":{"@id":"https:\/\/www.distribucionarc.com\/pl\/producto\/maquina-para-cubitos-de-hielo-12-kg\/#breadcrumb"},"inLanguage":"sk-SK","potentialAction":[{"@type":"ReadAction","target":["https:\/\/www.distribucionarc.com\/pl\/producto\/maquina-para-cubitos-de-hielo-12-kg\/"]}]},{"@type":"ImageObject","inLanguage":"sk-SK","@id":"https:\/\/www.distribucionarc.com\/pl\/producto\/maquina-para-cubitos-de-hielo-12-kg\/#primaryimage","url":"https:\/\/distribucionarc.com\/wp-content\/uploads\/2020\/07\/M\u00e1quina-para-cubitos-de-hielo-12-Kg-0.jpg","contentUrl":"https:\/\/distribucionarc.com\/wp-content\/uploads\/2020\/07\/M\u00e1quina-para-cubitos-de-hielo-12-Kg-0.jpg","width":900,"height":900,"caption":"M\u00e1quina para cubitos de hielo 12 Kg"},{"@type":"BreadcrumbList","@id":"https:\/\/www.distribucionarc.com\/pl\/producto\/maquina-para-cubitos-de-hielo-12-kg\/#breadcrumb","itemListElement":[{"@type":"ListItem","position":1,"name":"Portada","item":"https:\/\/distribucionarc.com\/nb\/"},{"@type":"ListItem","position":2,"name":"Products","item":"https:\/\/www.distribucionarc.com\/en\/shop\/"},{"@type":"ListItem","position":3,"name":"M\u00e1quina para cubitos de hielo 12 Kg"}]},{"@type":"WebSite","@id":"https:\/\/distribucionarc.com\/bg\/#website","url":"https:\/\/distribucionarc.com\/bg\/","name":"ARC distrib\u00facia","description":"Spolo\u010dnos\u0165 sa \u0161pecializuje na v\u00fdrobu a distrib\u00faciu priemyseln\u00fdch strojov, strojov na uzatv\u00e1ranie plechoviek, strojov na v\u00fdrobu tabliet, strojov na porciovanie m\u00e4sa...","publisher":{"@id":"https:\/\/distribucionarc.com\/bg\/#organization"},"potentialAction":[{"@type":"SearchAction","target":{"@type":"EntryPoint","urlTemplate":"https:\/\/distribucionarc.com\/bg\/?s={search_term_string}"},"query-input":{"@type":"PropertyValueSpecification","valueRequired":true,"valueName":"search_term_string"}}],"inLanguage":"sk-SK"},{"@type":"Organization","@id":"https:\/\/distribucionarc.com\/bg\/#organization","name":"Distrib\u00facia ARC","url":"https:\/\/distribucionarc.com\/bg\/","logo":{"@type":"ImageObject","inLanguage":"sk-SK","@id":"https:\/\/distribucionarc.com\/bg\/#\/schema\/logo\/image\/","url":"https:\/\/distribucionarc.com\/wp-content\/uploads\/2024\/10\/distribucion-ARC-COLOR-SIN-FONDO-e1732295305345.png","contentUrl":"https:\/\/distribucionarc.com\/wp-content\/uploads\/2024\/10\/distribucion-ARC-COLOR-SIN-FONDO-e1732295305345.png","width":1164,"height":558,"caption":"Distribuci\u00f3n ARC"},"image":{"@id":"https:\/\/distribucionarc.com\/bg\/#\/schema\/logo\/image\/"},"description":"Spolo\u010dnos\u0165 \u0161pecializuj\u00faca sa na v\u00fdrobu a distrib\u00faciu priemyseln\u00fdch strojov pre potravin\u00e1rsky a farmaceutick\u00fd sektor. \u0160pecializujeme sa na: Stroje na kr\u00e1janie m\u00e4sa V\u00fdroba tabliet Priemyseln\u00e9 dopravn\u00e9 syst\u00e9my D\u00e1vkova\u010de na f\u013ea\u0161e A ove\u013ea viac... Pon\u00fakame inovat\u00edvne a prisp\u00f4soben\u00e9 rie\u0161enia na optimaliz\u00e1ciu v\u00fdrobn\u00fdch procesov va\u0161ej spolo\u010dnosti.","email":"Admistracion@distribucionarc.com","telephone":"+34 643496664","legalName":"ARC TECH SOLUTIONS","foundingDate":"2024-04-09","vatID":"B55480172","numberOfEmployees":{"@type":"QuantitativeValue","minValue":"1","maxValue":"10"}}]}},"_links":{"self":[{"href":"https:\/\/distribucionarc.com\/sk\/wp-json\/wp\/v2\/product\/1437","targetHints":{"allow":["GET"]}}],"collection":[{"href":"https:\/\/distribucionarc.com\/sk\/wp-json\/wp\/v2\/product"}],"about":[{"href":"https:\/\/distribucionarc.com\/sk\/wp-json\/wp\/v2\/types\/product"}],"replies":[{"embeddable":true,"href":"https:\/\/distribucionarc.com\/sk\/wp-json\/wp\/v2\/comments?post=1437"}],"version-history":[{"count":0,"href":"https:\/\/distribucionarc.com\/sk\/wp-json\/wp\/v2\/product\/1437\/revisions"}],"wp:featuredmedia":[{"embeddable":true,"href":"https:\/\/distribucionarc.com\/sk\/wp-json\/wp\/v2\/media\/1438"}],"wp:attachment":[{"href":"https:\/\/distribucionarc.com\/sk\/wp-json\/wp\/v2\/media?parent=1437"}],"wp:term":[{"taxonomy":"product_brand","embeddable":true,"href":"https:\/\/distribucionarc.com\/sk\/wp-json\/wp\/v2\/product_brand?post=1437"},{"taxonomy":"product_cat","embeddable":true,"href":"https:\/\/distribucionarc.com\/sk\/wp-json\/wp\/v2\/product_cat?post=1437"},{"taxonomy":"product_tag","embeddable":true,"href":"https:\/\/distribucionarc.com\/sk\/wp-json\/wp\/v2\/product_tag?post=1437"}],"curies":[{"name":"pracovn\u00fd list","href":"https:\/\/api.w.org\/{rel}","templated":true}]}}