{"id":1474,"date":"2020-07-25T09:37:55","date_gmt":"2020-07-25T09:37:55","guid":{"rendered":"https:\/\/distribucionarc.com\/?post_type=product&#038;p=1474"},"modified":"2023-01-06T16:48:38","modified_gmt":"2023-01-06T16:48:38","slug":"elektricka-freza-na-vyprazane-ryby-zemiaky-2x10l","status":"publish","type":"product","link":"https:\/\/distribucionarc.com\/sk\/producto\/freidora-electrica-para-pescado-frito-patatas-2x10l\/","title":{"rendered":"Elektrick\u00e1 frit\u00e9za na vypr\u00e1\u017ean\u00e9 ryby, zemiaky, 2x10L"},"content":{"rendered":"<h2>Elektrick\u00e1 frit\u00e9za na vypr\u00e1\u017ean\u00e9 ryby, zemiaky, 2x10L<\/h2>\n<div class=\"icon-body\">\n<div class=\"icon-text\">\n<p>The <strong>elektrick\u00e1 frit\u00e9za <span style=\"color: #ff0000;\">TO<\/span><span style=\"color: #0000ff;\">R<\/span>c<\/strong>\u00a0 odde\u013euje pr\u00edpadn\u00e9 zvy\u0161ky potrav\u00edn, ktor\u00e9 m\u00f4\u017eu zosta\u0165 v ko\u0161i, ktor\u00e9 sa hromadia na dne ko\u0161a, v takzvanej studenej z\u00f3ne, aby sa neprip\u00e1lili. Olej si tak zachov\u00e1 svoju prirodzen\u00fa chu\u0165. Okrem toho je vyp\u00fa\u0161\u0165anie oleja jednoduch\u00e9.<\/p>\n<\/div>\n<\/div>\n<div class=\"icon-body\">\n<div class=\"product_icon_voltage svg-icon\"><span style=\"font-size: 16px;\">V\u010faka vysok\u00e9mu v\u00fdkonu<\/span><strong style=\"font-size: 16px;\">\u00a0vykurovacie teleso<\/strong><span style=\"font-size: 16px;\"> odn\u00edmate\u013en\u00e9<strong> 2500<\/strong><\/span><span style=\"font-size: 16px;\">\u00a0<\/span><strong style=\"font-size: 16px;\">watt<\/strong>, olej z <strong style=\"font-size: 16px;\">frit\u00e9za<\/strong> r\u00fdchlo dosiahne maxim\u00e1lnu teplotu 200 \u00b0C. Pre optim\u00e1lne v\u00fdsledky udr\u017eiava vysoko citliv\u00fd termostat teplo olejovej n\u00e1dr\u017ee na kon\u0161tantnej teplote. S frit\u00e9zou <strong><span style=\"color: #ff0000;\">TO<\/span><span style=\"color: #0000ff;\">R<\/span>CFE20<\/strong> T\u00e1to teplota sa dosiahne ve\u013emi r\u00fdchlo a s inteligentnou elektronickou doskou sa spotreba elektrickej energie po zahriat\u00ed oleja zn\u00ed\u017ei na minimum. V pr\u00edpade prehriatia oleja alebo vybratia \u017ehaviacej hlavy poistka automaticky vypne jednotku.<\/div>\n<\/div>\n<div class=\"icon-body\">\n<div class=\"product_icon_durable svg-icon\"><\/div>\n<div class=\"icon-text\">\n<p>Kryt modern\u00e9ho dizajnu, vyroben\u00fd v\u00a0<strong>nerezov\u00e1 oce\u013e s dlhou \u017eivotnos\u0165ou<\/strong>, je ve\u013emi odoln\u00e1 a v\u010faka odn\u00edmate\u013en\u00e9mu vykurovaciemu telesu sa \u013eahko \u010dist\u00ed. Vyberte si v\u00fdkonn\u00fa elektrick\u00fa frit\u00e9zu e\u0161te dnes \u2013 va\u0161i z\u00e1kazn\u00edci a hostia sa v\u00e1m po\u010fakuj\u00fa.<\/p>\n<\/div>\n<h6>Z\u00e1ruka<strong><span style=\"color: #ff0000;\"> TO<\/span><span style=\"color: #0000ff;\">R<\/span>C 2 ROKY<\/strong><\/h6>\n<h6><span style=\"color: #008000;\">Efekt\u00edvna elektrick\u00e1 frit\u00e9za, n\u00edzka spotreba 2500w<\/span><\/h6>\n<h6>vr\u00e1tane technickej podpory.<\/h6>\n<\/div>\n<p>&nbsp;<\/p>\n<table role=\"presentation\" width=\"100%\" cellspacing=\"0\" cellpadding=\"0\">\n<tbody>\n<tr>\n<td class=\"attrLabels\">teplota:<\/td>\n<td width=\"50.0%\">60-200\u00baC<\/td>\n<\/tr>\n<tr>\n<td class=\"attrLabels\">Krajina distrib\u00facie:<\/td>\n<td width=\"50.0%\">\u0160panielsko, Nemecko, USA<\/td>\n<td class=\"attrLabels\">Hmotnos\u0165:<\/td>\n<td width=\"50.0%\">25 kg<\/td>\n<\/tr>\n<tr>\n<td class=\"attrLabels\">Zna\u010dka:<\/td>\n<td width=\"50.0%\">ARC<\/td>\n<td class=\"attrLabels\">v\u00fd\u0161ka:<\/td>\n<td width=\"50.0%\">49 cm<\/td>\n<\/tr>\n<tr>\n<td class=\"attrLabels\">Farba:<\/td>\n<td width=\"50.0%\">Strieborn\u00e1<\/td>\n<td class=\"attrLabels\">Dlh\u00e9:<\/td>\n<td width=\"50.0%\">57 cm<\/td>\n<\/tr>\n<tr>\n<td class=\"attrLabels\">Typ produktu:<\/td>\n<td width=\"50.0%\">kamenn\u00e1 pec<\/td>\n<td class=\"attrLabels\">\u0160irok\u00e1:<\/td>\n<td width=\"50.0%\">35 cm<\/td>\n<\/tr>\n<tr>\n<td class=\"attrLabels\">\u010c\u00edslo v\u00fdrobcu:<\/td>\n<td width=\"50.0%\">ARCFE20<\/td>\n<td class=\"attrLabels\">V\u00fdkon:<\/td>\n<td width=\"50.0%\">5000 W<\/td>\n<\/tr>\n<tr>\n<td class=\"attrLabels\">Materi\u00e1l:<\/td>\n<td width=\"50.0%\">nerezov\u00e1 oce\u013e, regul\u00e1cia teploty<\/td>\n<td class=\"attrLabels\">vstupn\u00e9 nap\u00e4tie<\/td>\n<td width=\"50.0%\">220V \u2013 50Hz<\/td>\n<\/tr>\n<tr>\n<td class=\"attrLabels\">Litre:<\/td>\n<td width=\"50.0%\">10 x 2<\/td>\n<td class=\"attrLabels\">Z\u00e1ruka:<\/td>\n<td width=\"50.0%\">2 ROKY<\/td>\n<\/tr>\n<tr>\n<td class=\"attrLabels\">In\u0161tala\u010dn\u00e9 n\u00e1stroje:<\/td>\n<td width=\"50.0%\">\u00c1no<\/td>\n<td class=\"attrLabels\"><\/td>\n<td width=\"50.0%\"><\/td>\n<\/tr>\n<\/tbody>\n<\/table>\n<p>&nbsp;<\/p>","protected":false},"excerpt":{"rendered":"<h2>Elektrick\u00e1 frit\u00e9za na vypr\u00e1\u017ean\u00e9 ryby, zemiaky, 2x10L<\/h2>\n<div class=\"description-row description-text\">\n<p>The<strong> elektrick\u00e1 frit\u00e9za<\/strong> z <strong><span style=\"color: #ff0000;\">TO<\/span><span style=\"color: #0000ff;\">R<\/span>c<\/strong> Je ur\u010den\u00fd pre profesion\u00e1lne pou\u017eitie. umo\u017e\u0148uje pohodlne pripravi\u0165 chutn\u00e9 vypr\u00e1\u017ean\u00e9 jedlo bez oh\u013eadu na typ pokrmu, ktor\u00fd chcete pripravi\u0165. Ide\u00e1lne pre va\u0161u re\u0161taur\u00e1ciu alebo bar v\u00e1m umo\u017en\u00ed pon\u00faknu\u0165 nev\u0161edn\u00e9 gastronomick\u00e9 z\u00e1\u017eitky.<\/p>\n<\/div>\n<div class=\"product-icon--wrapper\">\n<div class=\"product--icon\">\n<div class=\"icon-body\">\n<div class=\"product_icon_container svg-icon\"><span style=\"font-size: 16px;\">Toto <strong>frit\u00e9za <span style=\"color: #ff0000;\">TO<\/span><span style=\"color: #0000ff;\">R<\/span>CFE20<\/strong> M\u00e1 maxim\u00e1lnu kapacitu oleja do 10 litrov a a <\/span><strong style=\"font-size: 16px;\">celkov\u00fd objem 20 litrov<\/strong><span style=\"font-size: 16px;\">. Profesion\u00e1lne ho vyu\u017eijete ve\u013emi v\u0161estranne, je vhodn\u00fd najm\u00e4 na pr\u00edpravu\u00a0<\/span><strong style=\"font-size: 16px;\">ryby<\/strong><span style=\"font-size: 16px;\">, predjedl\u00e1 alebo \u010dipsy.<\/span><\/div>\n<\/div>\n<div><\/div>\n<\/div>\n<\/div>\n<div>\n<h6>Z\u00e1ruka<strong><span style=\"color: #ff0000;\"> TO<\/span><span style=\"color: #0000ff;\">R<\/span>C 2 ROKY<\/strong><\/h6>\n<h6><span style=\"color: #008000;\">Efekt\u00edvna elektrick\u00e1 frit\u00e9za, n\u00edzka spotreba 2500w<\/span><\/h6>\n<h6>vr\u00e1tane technickej podpory.<\/h6>\n<\/div>","protected":false},"featured_media":1483,"comment_status":"open","ping_status":"closed","template":"","meta":{"wds_primary_product_brand":0,"wds_primary_product_cat":0},"product_brand":[],"product_cat":[38],"product_tag":[],"class_list":{"0":"post-1474","1":"product","2":"type-product","3":"status-publish","4":"has-post-thumbnail","6":"product_cat-freidoras","7":"product_shipping_class-hosteleria","9":"first","10":"instock","11":"taxable","12":"shipping-taxable","13":"purchasable","14":"product-type-simple"},"yoast_head":"<!-- This site is optimized with the Yoast SEO Premium plugin v24.9 (Yoast SEO v26.1) - https:\/\/yoast.com\/wordpress\/plugins\/seo\/ -->\n<title>Freidora el\u00e9ctrica para pescado frito, patatas, 2x10L - distribuci\u00f3n ARC<\/title>\n<meta name=\"robots\" content=\"index, follow, max-snippet:-1, max-image-preview:large, max-video-preview:-1\" \/>\n<link rel=\"canonical\" href=\"https:\/\/www.distribucionarc.com\/sl\/producto\/freidora-electrica-para-pescado-frito-patatas-2x10l\/\" \/>\n<meta property=\"og:locale\" content=\"sk_SK\" \/>\n<meta property=\"og:type\" content=\"article\" \/>\n<meta property=\"og:title\" content=\"Freidora el\u00e9ctrica para pescado frito, patatas, 2x10L\" \/>\n<meta property=\"og:description\" content=\"Freidora el\u00e9ctrica para pescado frito, patatas, 2x10L   La freidora el\u00e9ctrica de ARC est\u00e1 dise\u00f1ada para uso profesional. le permite preparar fritura deliciosa de manera c\u00f3moda independientemente del tipo de platos que desees preparar. Ideal para tu restaurante o bar, te permitir\u00e1 ofrecer extraordinarias experiencias gastron\u00f3micas.      Esta freidora ARCFE20 tiene una capacidad m\u00e1xima de aceite de hasta 10 litros y un volumen total de 20 litros. Podr\u00e1s utilizarla profesionalmente de manera muy vers\u00e1til, siendo especialmente adecuada para preparar\u00a0pescado, aperitivos o patatas fritas.      Garant\u00eda ARC 2 A\u00d1OS Freidora el\u00e9ctrica eficiente, bajo consumo 2500w soporte t\u00e9cnico\u00a0incluido.\" \/>\n<meta property=\"og:url\" content=\"https:\/\/www.distribucionarc.com\/sl\/producto\/freidora-electrica-para-pescado-frito-patatas-2x10l\/\" \/>\n<meta property=\"og:site_name\" content=\"distribuci\u00f3n ARC\" \/>\n<meta property=\"article:modified_time\" content=\"2023-01-06T16:48:38+00:00\" \/>\n<meta property=\"og:image\" content=\"https:\/\/distribucionarc.com\/wp-content\/uploads\/2020\/07\/Freidora-el\u00e9ctrica-para-pescado-frito-patatas-2x-10L-0.jpg\" \/>\n\t<meta property=\"og:image:width\" content=\"1600\" \/>\n\t<meta property=\"og:image:height\" content=\"1600\" \/>\n\t<meta property=\"og:image:type\" content=\"image\/jpeg\" \/>\n<meta name=\"twitter:card\" content=\"summary_large_image\" \/>\n<meta name=\"twitter:label1\" content=\"Predpokladan\u00fd \u010das \u010d\u00edtania\" \/>\n\t<meta name=\"twitter:data1\" content=\"1 min\u00fata\" \/>\n<script type=\"application\/ld+json\" class=\"yoast-schema-graph\">{\"@context\":\"https:\/\/schema.org\",\"@graph\":[{\"@type\":\"WebPage\",\"@id\":\"https:\/\/www.distribucionarc.com\/sl\/producto\/freidora-electrica-para-pescado-frito-patatas-2x10l\/\",\"url\":\"https:\/\/www.distribucionarc.com\/sl\/producto\/freidora-electrica-para-pescado-frito-patatas-2x10l\/\",\"name\":\"Freidora el\u00e9ctrica para pescado frito, patatas, 2x10L - distribuci\u00f3n ARC\",\"isPartOf\":{\"@id\":\"https:\/\/www.distribucionarc.com\/sl\/#website\"},\"primaryImageOfPage\":{\"@id\":\"https:\/\/www.distribucionarc.com\/sl\/producto\/freidora-electrica-para-pescado-frito-patatas-2x10l\/#primaryimage\"},\"image\":{\"@id\":\"https:\/\/www.distribucionarc.com\/sl\/producto\/freidora-electrica-para-pescado-frito-patatas-2x10l\/#primaryimage\"},\"thumbnailUrl\":\"https:\/\/distribucionarc.com\/wp-content\/uploads\/2020\/07\/Freidora-el\u00e9ctrica-para-pescado-frito-patatas-2x-10L-0.jpg\",\"datePublished\":\"2020-07-25T09:37:55+00:00\",\"dateModified\":\"2023-01-06T16:48:38+00:00\",\"breadcrumb\":{\"@id\":\"https:\/\/www.distribucionarc.com\/sl\/producto\/freidora-electrica-para-pescado-frito-patatas-2x10l\/#breadcrumb\"},\"inLanguage\":\"sk-SK\",\"potentialAction\":[{\"@type\":\"ReadAction\",\"target\":[\"https:\/\/www.distribucionarc.com\/sl\/producto\/freidora-electrica-para-pescado-frito-patatas-2x10l\/\"]}]},{\"@type\":\"ImageObject\",\"inLanguage\":\"sk-SK\",\"@id\":\"https:\/\/www.distribucionarc.com\/sl\/producto\/freidora-electrica-para-pescado-frito-patatas-2x10l\/#primaryimage\",\"url\":\"https:\/\/distribucionarc.com\/wp-content\/uploads\/2020\/07\/Freidora-el\u00e9ctrica-para-pescado-frito-patatas-2x-10L-0.jpg\",\"contentUrl\":\"https:\/\/distribucionarc.com\/wp-content\/uploads\/2020\/07\/Freidora-el\u00e9ctrica-para-pescado-frito-patatas-2x-10L-0.jpg\",\"width\":1600,\"height\":1600,\"caption\":\"Freidora el\u00e9ctrica para pescado frito patatas 2x10L\"},{\"@type\":\"BreadcrumbList\",\"@id\":\"https:\/\/www.distribucionarc.com\/sl\/producto\/freidora-electrica-para-pescado-frito-patatas-2x10l\/#breadcrumb\",\"itemListElement\":[{\"@type\":\"ListItem\",\"position\":1,\"name\":\"Portada\",\"item\":\"https:\/\/www.distribucionarc.com\/\"},{\"@type\":\"ListItem\",\"position\":2,\"name\":\"\u00dcr\u00fcnler\",\"item\":\"https:\/\/www.distribucionarc.com\/tr\/magaza\/\"},{\"@type\":\"ListItem\",\"position\":3,\"name\":\"Freidora el\u00e9ctrica para pescado frito, patatas, 2x10L\"}]},{\"@type\":\"WebSite\",\"@id\":\"https:\/\/www.distribucionarc.com\/sl\/#website\",\"url\":\"https:\/\/www.distribucionarc.com\/sl\/\",\"name\":\"distribuci\u00f3n ARC\",\"description\":\"Empresa especializada en la fabricaci\u00f3n y distribuci\u00f3n de maquinaria industrial, selladoras de latas, Maquinas de hacer pastillas, Maquinas de cortar carne...\",\"publisher\":{\"@id\":\"https:\/\/www.distribucionarc.com\/sl\/#organization\"},\"potentialAction\":[{\"@type\":\"SearchAction\",\"target\":{\"@type\":\"EntryPoint\",\"urlTemplate\":\"https:\/\/www.distribucionarc.com\/sl\/?s={search_term_string}\"},\"query-input\":{\"@type\":\"PropertyValueSpecification\",\"valueRequired\":true,\"valueName\":\"search_term_string\"}}],\"inLanguage\":\"sk-SK\"},{\"@type\":\"Organization\",\"@id\":\"https:\/\/www.distribucionarc.com\/sl\/#organization\",\"name\":\"Distribuci\u00f3n ARC\",\"url\":\"https:\/\/www.distribucionarc.com\/sl\/\",\"logo\":{\"@type\":\"ImageObject\",\"inLanguage\":\"sk-SK\",\"@id\":\"https:\/\/www.distribucionarc.com\/sl\/#\/schema\/logo\/image\/\",\"url\":\"https:\/\/distribucionarc.com\/wp-content\/uploads\/2024\/10\/distribucion-ARC-COLOR-SIN-FONDO-e1732295305345.png\",\"contentUrl\":\"https:\/\/distribucionarc.com\/wp-content\/uploads\/2024\/10\/distribucion-ARC-COLOR-SIN-FONDO-e1732295305345.png\",\"width\":1164,\"height\":558,\"caption\":\"Distribuci\u00f3n ARC\"},\"image\":{\"@id\":\"https:\/\/www.distribucionarc.com\/sl\/#\/schema\/logo\/image\/\"},\"description\":\"Empresa especializada en la fabricaci\u00f3n y distribuci\u00f3n de maquinaria industrial para los sectores alimentario y farmac\u00e9utico. Nos especializamos en: M\u00e1quinas de cortar carne Fabricaci\u00f3n de comprimidos Sistemas de transporte industrial L\u00edneas de embotellado Dosificadores Y mucho m\u00e1s... Ofrecemos soluciones innovadoras y personalizadas para optimizar los procesos productivos de tu empresa.\",\"email\":\"Admistracion@distribucionarc.com\",\"telephone\":\"+34 643496664\",\"legalName\":\"ARC TECH SOLUTIONS\",\"foundingDate\":\"2024-04-09\",\"vatID\":\"B55480172\",\"numberOfEmployees\":{\"@type\":\"QuantitativeValue\",\"minValue\":\"1\",\"maxValue\":\"10\"}}]}<\/script>\n<!-- \/ Yoast SEO Premium plugin. -->","yoast_head_json":{"title":"Elektrick\u00e1 frit\u00e9za na vypr\u00e1\u017ean\u00e9 ryby, zemiaky, 2x10L - ARC rozvod","robots":{"index":"index","follow":"follow","max-snippet":"max-snippet:-1","max-image-preview":"max-image-preview:large","max-video-preview":"max-video-preview:-1"},"canonical":"https:\/\/www.distribucionarc.com\/sl\/producto\/freidora-electrica-para-pescado-frito-patatas-2x10l\/","og_locale":"sk_SK","og_type":"article","og_title":"Freidora el\u00e9ctrica para pescado frito, patatas, 2x10L","og_description":"Freidora el\u00e9ctrica para pescado frito, patatas, 2x10L   La freidora el\u00e9ctrica de ARC est\u00e1 dise\u00f1ada para uso profesional. le permite preparar fritura deliciosa de manera c\u00f3moda independientemente del tipo de platos que desees preparar. Ideal para tu restaurante o bar, te permitir\u00e1 ofrecer extraordinarias experiencias gastron\u00f3micas.      Esta freidora ARCFE20 tiene una capacidad m\u00e1xima de aceite de hasta 10 litros y un volumen total de 20 litros. Podr\u00e1s utilizarla profesionalmente de manera muy vers\u00e1til, siendo especialmente adecuada para preparar\u00a0pescado, aperitivos o patatas fritas.      Garant\u00eda ARC 2 A\u00d1OS Freidora el\u00e9ctrica eficiente, bajo consumo 2500w soporte t\u00e9cnico\u00a0incluido.","og_url":"https:\/\/www.distribucionarc.com\/sl\/producto\/freidora-electrica-para-pescado-frito-patatas-2x10l\/","og_site_name":"distribuci\u00f3n ARC","article_modified_time":"2023-01-06T16:48:38+00:00","og_image":[{"width":1600,"height":1600,"url":"https:\/\/distribucionarc.com\/wp-content\/uploads\/2020\/07\/Freidora-el\u00e9ctrica-para-pescado-frito-patatas-2x-10L-0.jpg","type":"image\/jpeg"}],"twitter_card":"summary_large_image","twitter_misc":{"Predpokladan\u00fd \u010das \u010d\u00edtania":"1 min\u00fata"},"schema":{"@context":"https:\/\/schema.org","@graph":[{"@type":"WebPage","@id":"https:\/\/www.distribucionarc.com\/sl\/producto\/freidora-electrica-para-pescado-frito-patatas-2x10l\/","url":"https:\/\/www.distribucionarc.com\/sl\/producto\/freidora-electrica-para-pescado-frito-patatas-2x10l\/","name":"Elektrick\u00e1 frit\u00e9za na vypr\u00e1\u017ean\u00e9 ryby, zemiaky, 2x10L - ARC rozvod","isPartOf":{"@id":"https:\/\/www.distribucionarc.com\/sl\/#website"},"primaryImageOfPage":{"@id":"https:\/\/www.distribucionarc.com\/sl\/producto\/freidora-electrica-para-pescado-frito-patatas-2x10l\/#primaryimage"},"image":{"@id":"https:\/\/www.distribucionarc.com\/sl\/producto\/freidora-electrica-para-pescado-frito-patatas-2x10l\/#primaryimage"},"thumbnailUrl":"https:\/\/distribucionarc.com\/wp-content\/uploads\/2020\/07\/Freidora-el\u00e9ctrica-para-pescado-frito-patatas-2x-10L-0.jpg","datePublished":"2020-07-25T09:37:55+00:00","dateModified":"2023-01-06T16:48:38+00:00","breadcrumb":{"@id":"https:\/\/www.distribucionarc.com\/sl\/producto\/freidora-electrica-para-pescado-frito-patatas-2x10l\/#breadcrumb"},"inLanguage":"sk-SK","potentialAction":[{"@type":"ReadAction","target":["https:\/\/www.distribucionarc.com\/sl\/producto\/freidora-electrica-para-pescado-frito-patatas-2x10l\/"]}]},{"@type":"ImageObject","inLanguage":"sk-SK","@id":"https:\/\/www.distribucionarc.com\/sl\/producto\/freidora-electrica-para-pescado-frito-patatas-2x10l\/#primaryimage","url":"https:\/\/distribucionarc.com\/wp-content\/uploads\/2020\/07\/Freidora-el\u00e9ctrica-para-pescado-frito-patatas-2x-10L-0.jpg","contentUrl":"https:\/\/distribucionarc.com\/wp-content\/uploads\/2020\/07\/Freidora-el\u00e9ctrica-para-pescado-frito-patatas-2x-10L-0.jpg","width":1600,"height":1600,"caption":"Freidora el\u00e9ctrica para pescado frito patatas 2x10L"},{"@type":"BreadcrumbList","@id":"https:\/\/www.distribucionarc.com\/sl\/producto\/freidora-electrica-para-pescado-frito-patatas-2x10l\/#breadcrumb","itemListElement":[{"@type":"ListItem","position":1,"name":"Portada","item":"https:\/\/www.distribucionarc.com\/"},{"@type":"ListItem","position":2,"name":"\u00dcr\u00fcnler","item":"https:\/\/www.distribucionarc.com\/tr\/magaza\/"},{"@type":"ListItem","position":3,"name":"Freidora el\u00e9ctrica para pescado frito, patatas, 2x10L"}]},{"@type":"WebSite","@id":"https:\/\/www.distribucionarc.com\/sl\/#website","url":"https:\/\/www.distribucionarc.com\/sl\/","name":"ARC distrib\u00facia","description":"Spolo\u010dnos\u0165 sa \u0161pecializuje na v\u00fdrobu a distrib\u00faciu priemyseln\u00fdch strojov, strojov na uzatv\u00e1ranie plechoviek, strojov na v\u00fdrobu tabliet, strojov na porciovanie m\u00e4sa...","publisher":{"@id":"https:\/\/www.distribucionarc.com\/sl\/#organization"},"potentialAction":[{"@type":"SearchAction","target":{"@type":"EntryPoint","urlTemplate":"https:\/\/www.distribucionarc.com\/sl\/?s={search_term_string}"},"query-input":{"@type":"PropertyValueSpecification","valueRequired":true,"valueName":"search_term_string"}}],"inLanguage":"sk-SK"},{"@type":"Organization","@id":"https:\/\/www.distribucionarc.com\/sl\/#organization","name":"Distrib\u00facia ARC","url":"https:\/\/www.distribucionarc.com\/sl\/","logo":{"@type":"ImageObject","inLanguage":"sk-SK","@id":"https:\/\/www.distribucionarc.com\/sl\/#\/schema\/logo\/image\/","url":"https:\/\/distribucionarc.com\/wp-content\/uploads\/2024\/10\/distribucion-ARC-COLOR-SIN-FONDO-e1732295305345.png","contentUrl":"https:\/\/distribucionarc.com\/wp-content\/uploads\/2024\/10\/distribucion-ARC-COLOR-SIN-FONDO-e1732295305345.png","width":1164,"height":558,"caption":"Distribuci\u00f3n ARC"},"image":{"@id":"https:\/\/www.distribucionarc.com\/sl\/#\/schema\/logo\/image\/"},"description":"Spolo\u010dnos\u0165 \u0161pecializuj\u00faca sa na v\u00fdrobu a distrib\u00faciu priemyseln\u00fdch strojov pre potravin\u00e1rsky a farmaceutick\u00fd sektor. \u0160pecializujeme sa na: Stroje na kr\u00e1janie m\u00e4sa V\u00fdroba tabliet Priemyseln\u00e9 dopravn\u00e9 syst\u00e9my D\u00e1vkova\u010de na f\u013ea\u0161e A ove\u013ea viac... Pon\u00fakame inovat\u00edvne a prisp\u00f4soben\u00e9 rie\u0161enia na optimaliz\u00e1ciu v\u00fdrobn\u00fdch procesov va\u0161ej spolo\u010dnosti.","email":"Admistracion@distribucionarc.com","telephone":"+34 643496664","legalName":"ARC TECH SOLUTIONS","foundingDate":"2024-04-09","vatID":"B55480172","numberOfEmployees":{"@type":"QuantitativeValue","minValue":"1","maxValue":"10"}}]}},"_links":{"self":[{"href":"https:\/\/distribucionarc.com\/sk\/wp-json\/wp\/v2\/product\/1474","targetHints":{"allow":["GET"]}}],"collection":[{"href":"https:\/\/distribucionarc.com\/sk\/wp-json\/wp\/v2\/product"}],"about":[{"href":"https:\/\/distribucionarc.com\/sk\/wp-json\/wp\/v2\/types\/product"}],"replies":[{"embeddable":true,"href":"https:\/\/distribucionarc.com\/sk\/wp-json\/wp\/v2\/comments?post=1474"}],"version-history":[{"count":0,"href":"https:\/\/distribucionarc.com\/sk\/wp-json\/wp\/v2\/product\/1474\/revisions"}],"wp:featuredmedia":[{"embeddable":true,"href":"https:\/\/distribucionarc.com\/sk\/wp-json\/wp\/v2\/media\/1483"}],"wp:attachment":[{"href":"https:\/\/distribucionarc.com\/sk\/wp-json\/wp\/v2\/media?parent=1474"}],"wp:term":[{"taxonomy":"product_brand","embeddable":true,"href":"https:\/\/distribucionarc.com\/sk\/wp-json\/wp\/v2\/product_brand?post=1474"},{"taxonomy":"product_cat","embeddable":true,"href":"https:\/\/distribucionarc.com\/sk\/wp-json\/wp\/v2\/product_cat?post=1474"},{"taxonomy":"product_tag","embeddable":true,"href":"https:\/\/distribucionarc.com\/sk\/wp-json\/wp\/v2\/product_tag?post=1474"}],"curies":[{"name":"pracovn\u00fd list","href":"https:\/\/api.w.org\/{rel}","templated":true}]}}