{"id":1487,"date":"2020-07-25T11:51:24","date_gmt":"2020-07-25T11:51:24","guid":{"rendered":"https:\/\/distribucionarc.com\/?post_type=product&#038;p=1487"},"modified":"2020-09-27T09:58:53","modified_gmt":"2020-09-27T09:58:53","slug":"teplovzdusna-friteza-rura-s-funkciou-otacania","status":"publish","type":"product","link":"https:\/\/distribucionarc.com\/sk\/producto\/horno-freidora-de-aire-caliente-con-funcion-giratoria\/","title":{"rendered":"Teplovzdu\u0161n\u00e1 frit\u00e9za s funkciou ot\u00e1\u010dania"},"content":{"rendered":"<h3>Teplovzdu\u0161n\u00e1 frit\u00e9za s funkciou ot\u00e1\u010dania<\/h3>\n<p>Kapacita <strong>teplovzdu\u0161n\u00e1 frit\u00e9za<\/strong> M\u00e1 objem 12 l s efekt\u00edvnym varn\u00fdm priestorom a funkciou ot\u00e1\u010dania. Jeho funkcia tepelnej ochrany pom\u00f4\u017ee prispie\u0165 k a <span style=\"color: #008000;\"><strong>n\u00edzka spotreba energie<\/strong><\/span>.<\/p>\n<p>S <strong>frit\u00e9za <span style=\"color: #ff0000;\">TO<\/span><span style=\"color: #0000ff;\">R<\/span>CFHA12<\/strong> a jeho 1600 wattov m\u00e1te v\u0161estrann\u00fd kuchynsk\u00fd spotrebi\u010d, s ktor\u00fdm m\u00f4\u017eete piec\u0165 alebo sma\u017ei\u0165 ryby, m\u00e4so, zeleninu, veg\u00e1nske jedl\u00e1 a dezerty. V\u010faka svojej ve\u013ekosti a funkcii r\u00fdchleho ohrevu bude nepostr\u00e1date\u013en\u00fd.<\/p>\n<p>Podobne ako a <strong>konvektomat<\/strong>, jedl\u00e1 sa pripravuj\u00fa horn\u00fdm ohrevom, nie s olejom alebo tukom, predov\u0161etk\u00fdm v pr\u00fade hor\u00faceho vzduchu. Vyhrievacie teleso <strong>teplovzdu\u0161n\u00e1 frit\u00e9za <span style=\"color: #ff0000;\">TO<\/span><span style=\"color: #0000ff;\">R<\/span>c<\/strong> Je vyroben\u00fd z najlep\u0161ej nehrdzavej\u00facej ocele pre potravin\u00e1rske pou\u017eitie.<\/p>\n<p>S digit\u00e1lnym displejom <strong>teplovzdu\u0161n\u00e1 r\u00fara<\/strong>, bude ovl\u00e1da\u0165 nastavite\u013en\u00fd \u010das varenia od 1-60 min\u00fat, ako aj jeho teplotu od 50\u00baC do 200\u00baC. Jeho 9 zaveden\u00fdch programov v\u00e1m poskytne r\u00f4zne v\u00fdrazy pre r\u00f4zne jedl\u00e1. Technol\u00f3gia vysokor\u00fdchlostnej cirkul\u00e1cie vzduchu \u0161etr\u00ed v\u00e1\u0161 \u010das.<\/p>\n<h6><\/h6>\n<h6>Z\u00e1ruka<strong>\u00a0<span style=\"color: #ff0000;\">TO<\/span><span style=\"color: #0000ff;\">R<\/span>C 2 ROKY<\/strong><\/h6>\n<h6><span style=\"color: #008000;\">V\u00fdkonn\u00e1 elektrick\u00e1 frit\u00e9za, n\u00edzka spotreba 1600w<\/span><\/h6>\n<h6>vr\u00e1tane technickej podpory<\/h6>\n<p>&nbsp;<\/p>\n<table role=\"presentation\" width=\"100%\" cellspacing=\"0\" cellpadding=\"0\">\n<tbody>\n<tr>\n<td class=\"attrLabels\">teplota:<\/td>\n<td width=\"50.0%\">50-200\u00baC<\/td>\n<\/tr>\n<tr>\n<td class=\"attrLabels\">Krajina distrib\u00facie:<\/td>\n<td width=\"50.0%\">\u0160panielsko, Nemecko, USA<\/td>\n<td class=\"attrLabels\">Hmotnos\u0165:<\/td>\n<td width=\"50.0%\">7 kg<\/td>\n<\/tr>\n<tr>\n<td class=\"attrLabels\">Zna\u010dka:<\/td>\n<td width=\"50.0%\">ARC<\/td>\n<td class=\"attrLabels\">v\u00fd\u0161ka:<\/td>\n<td width=\"50.0%\">\u00a037 cm<\/td>\n<\/tr>\n<tr>\n<td class=\"attrLabels\">Farba:<\/td>\n<td width=\"50.0%\">Strieborn\u00e1<\/td>\n<td class=\"attrLabels\">Dlh\u00e9:<\/td>\n<td width=\"50.0%\">34 cm<\/td>\n<\/tr>\n<tr>\n<td class=\"attrLabels\">Typ produktu:<\/td>\n<td width=\"50.0%\">teplovzdu\u0161n\u00e1 frit\u00e9za<\/td>\n<td class=\"attrLabels\">\u0160irok\u00e1:<\/td>\n<td width=\"50.0%\">33 cm<\/td>\n<\/tr>\n<tr>\n<td class=\"attrLabels\">\u010c\u00edslo v\u00fdrobcu:<\/td>\n<td width=\"50.0%\">ARCFHA12<\/td>\n<td class=\"attrLabels\">V\u00fdkon:<\/td>\n<td width=\"50.0%\">1600 W<\/td>\n<\/tr>\n<tr>\n<td class=\"attrLabels\">Materi\u00e1l:<\/td>\n<td width=\"50.0%\">nerezov\u00e1 oce\u013e, dotykov\u00fd LCD displej<\/td>\n<td class=\"attrLabels\">vstupn\u00e9 nap\u00e4tie<\/td>\n<td width=\"50.0%\">220V \u2013 50Hz<\/td>\n<\/tr>\n<tr>\n<td class=\"attrLabels\">Vlastnosti:<\/td>\n<td width=\"50.0%\">Teplovzdu\u0161n\u00e1 r\u00fara, frit\u00e9za, opekanie, funkcia ot\u00e1\u010dania, pe\u010denie<\/td>\n<td class=\"attrLabels\">Schopnos\u0165:<\/td>\n<td width=\"50.0%\">12L<\/td>\n<\/tr>\n<tr>\n<td class=\"attrLabels\">In\u0161tala\u010dn\u00e9 n\u00e1stroje:<\/td>\n<td width=\"50.0%\">\u00c1no<\/td>\n<td class=\"attrLabels\">Z\u00e1ruka:<\/td>\n<td width=\"50.0%\">ARC 2 ROKY<\/td>\n<\/tr>\n<\/tbody>\n<\/table>","protected":false},"excerpt":{"rendered":"<h2>Teplovzdu\u0161n\u00e1 frit\u00e9za s funkciou ot\u00e1\u010dania<\/h2>\n<p>Postarajte sa o svojich klientov a prekvapte ich <strong>teplovzdu\u0161n\u00e9 frit\u00e9zy <span style=\"color: #ff0000;\">TO<\/span><span style=\"color: #0000ff;\">R<\/span>c<\/strong>Va\u0161e jedl\u00e1 bud\u00fa najzdrav\u0161ie a najchutnej\u0161ie, preto\u017ee nie s\u00fa z\u00e1visl\u00e9 od olejov ani tukov, a\u017e do <strong>80% menej tuku<\/strong> a z\u00e1rove\u0148 a <strong>Pr\u00edchu\u0165 100%<\/strong>.<\/p>\n<p>S<strong> teplovzdu\u0161n\u00e1 frit\u00e9za<\/strong> z <strong><span style=\"color: #ff0000;\">TO<\/span><span style=\"color: #0000ff;\">R<\/span>c<\/strong>, jedl\u00e1 sa pripravuj\u00fa v pr\u00fade hor\u00faceho vzduchu, podobne ako a<strong> konvektomat<\/strong> Distrib\u00faciou cirkuluj\u00faceho vzduchu cez horn\u00fa aj doln\u00fa \u010das\u0165, bez potreby oleja alebo maziva, m\u00f4\u017eete dosiahnu\u0165 neprekonate\u013en\u00e9 v\u00fdsledky. The<strong> teplovzdu\u0161n\u00e1 frit\u00e9za <span style=\"color: #ff0000;\">TO<\/span><span style=\"color: #0000ff;\">R<\/span>CFHA12<\/strong> Disponuje efekt\u00edvnym priestorom na varenie a v porovnan\u00ed s r\u00farou s cirkula\u010dn\u00fdm vzduchom dosiahne po\u017eadovan\u00fa prev\u00e1dzkov\u00fa teplotu v rekordnom \u010dase. Okrem toho jeho funkcia tepelnej ochrany prispieva k a <span style=\"color: #008000;\"><strong>n\u00edzka spotreba energie.<\/strong><\/span><\/p>\n<h6>Z\u00e1ruka<strong>\u00a0<span style=\"color: #ff0000;\">TO<\/span><span style=\"color: #0000ff;\">R<\/span>C 2 ROKY<\/strong><\/h6>\n<h6><span style=\"color: #008000;\">V\u00fdkonn\u00e1 elektrick\u00e1 frit\u00e9za, n\u00edzka spotreba 1600w<\/span><\/h6>\n<h6>vr\u00e1tane technickej podpory<\/h6>\n<p>&nbsp;<\/p>","protected":false},"featured_media":1488,"comment_status":"open","ping_status":"closed","template":"","meta":{"wds_primary_product_brand":0,"wds_primary_product_cat":0},"product_brand":[],"product_cat":[42,38,40],"product_tag":[],"class_list":{"0":"post-1487","1":"product","2":"type-product","3":"status-publish","4":"has-post-thumbnail","6":"product_cat-asador-de-pollos","7":"product_cat-freidoras","8":"product_cat-hornos","9":"product_shipping_class-hosteleria","11":"first","12":"instock","13":"sale","14":"taxable","15":"shipping-taxable","16":"purchasable","17":"product-type-simple"},"yoast_head":"<!-- This site is optimized with the Yoast SEO Premium plugin v24.9 (Yoast SEO v26.1) - https:\/\/yoast.com\/wordpress\/plugins\/seo\/ -->\n<title>Horno freidora de aire caliente con funci\u00f3n giratoria - distribuci\u00f3n ARC<\/title>\n<meta name=\"robots\" content=\"index, follow, max-snippet:-1, max-image-preview:large, max-video-preview:-1\" \/>\n<link rel=\"canonical\" href=\"https:\/\/www.distribucionarc.com\/sl\/producto\/horno-freidora-de-aire-caliente-con-funcion-giratoria\/\" \/>\n<meta property=\"og:locale\" content=\"sk_SK\" \/>\n<meta property=\"og:type\" content=\"article\" \/>\n<meta property=\"og:title\" content=\"Horno freidora de aire caliente con funci\u00f3n giratoria\" \/>\n<meta property=\"og:description\" content=\"Horno freidora de aire caliente con funci\u00f3n giratoria Cuida a tus clientes y sorpr\u00e9ndelos con las freidoras de aire caliente ARC, tus platos ser\u00e1n los m\u00e1s sanos y sabrosos al no depender de aceites o grasas, hasta un 80% menos de grasa y al mismo tiempo un 100% de sabor.  Con la freidora de aire caliente de ARC, los platos se preparan en una corriente de aire caliente, similar a un horno de convecci\u00f3n repartiendo el aire circulante por ambas partes superior \/inferior, sin necesidad de aceite o grasas podr\u00e1 lograr unos resultados insuperables. La freidora de aire caliente ARCFHA12 dispone de un espacio de cocci\u00f3n eficaz adem\u00e1s en comparaci\u00f3n con un horno de aire circulante conseguir\u00e1 la temperatura de funcionamiento deseada en tiempo r\u00e9cord. Adem\u00e1s, su funci\u00f3n de conservaci\u00f3n del calor contribuye a un bajo consumo energ\u00e9tico. Garant\u00eda\u00a0ARC 2 A\u00d1OS Horno freidora el\u00e9ctrica eficiente, bajo consumo 1600w soporte t\u00e9cnico\u00a0incluido &nbsp;\" \/>\n<meta property=\"og:url\" content=\"https:\/\/www.distribucionarc.com\/sl\/producto\/horno-freidora-de-aire-caliente-con-funcion-giratoria\/\" \/>\n<meta property=\"og:site_name\" content=\"distribuci\u00f3n ARC\" \/>\n<meta property=\"article:modified_time\" content=\"2020-09-27T09:58:53+00:00\" \/>\n<meta property=\"og:image\" content=\"https:\/\/distribucionarc.com\/wp-content\/uploads\/2020\/07\/Horno-freidora-de-aire-caliente-con-funci\u00f3n-giratoria-0.jpeg\" \/>\n\t<meta property=\"og:image:width\" content=\"1600\" \/>\n\t<meta property=\"og:image:height\" content=\"1548\" \/>\n\t<meta property=\"og:image:type\" content=\"image\/jpeg\" \/>\n<meta name=\"twitter:card\" content=\"summary_large_image\" \/>\n<meta name=\"twitter:label1\" content=\"Predpokladan\u00fd \u010das \u010d\u00edtania\" \/>\n\t<meta name=\"twitter:data1\" content=\"1 min\u00fata\" \/>\n<script type=\"application\/ld+json\" class=\"yoast-schema-graph\">{\"@context\":\"https:\/\/schema.org\",\"@graph\":[{\"@type\":\"WebPage\",\"@id\":\"https:\/\/www.distribucionarc.com\/sl\/producto\/horno-freidora-de-aire-caliente-con-funcion-giratoria\/\",\"url\":\"https:\/\/www.distribucionarc.com\/sl\/producto\/horno-freidora-de-aire-caliente-con-funcion-giratoria\/\",\"name\":\"Horno freidora de aire caliente con funci\u00f3n giratoria - distribuci\u00f3n ARC\",\"isPartOf\":{\"@id\":\"https:\/\/www.distribucionarc.com\/sl\/#website\"},\"primaryImageOfPage\":{\"@id\":\"https:\/\/www.distribucionarc.com\/sl\/producto\/horno-freidora-de-aire-caliente-con-funcion-giratoria\/#primaryimage\"},\"image\":{\"@id\":\"https:\/\/www.distribucionarc.com\/sl\/producto\/horno-freidora-de-aire-caliente-con-funcion-giratoria\/#primaryimage\"},\"thumbnailUrl\":\"https:\/\/distribucionarc.com\/wp-content\/uploads\/2020\/07\/Horno-freidora-de-aire-caliente-con-funci\u00f3n-giratoria-0.jpeg\",\"datePublished\":\"2020-07-25T11:51:24+00:00\",\"dateModified\":\"2020-09-27T09:58:53+00:00\",\"breadcrumb\":{\"@id\":\"https:\/\/www.distribucionarc.com\/sl\/producto\/horno-freidora-de-aire-caliente-con-funcion-giratoria\/#breadcrumb\"},\"inLanguage\":\"sk-SK\",\"potentialAction\":[{\"@type\":\"ReadAction\",\"target\":[\"https:\/\/www.distribucionarc.com\/sl\/producto\/horno-freidora-de-aire-caliente-con-funcion-giratoria\/\"]}]},{\"@type\":\"ImageObject\",\"inLanguage\":\"sk-SK\",\"@id\":\"https:\/\/www.distribucionarc.com\/sl\/producto\/horno-freidora-de-aire-caliente-con-funcion-giratoria\/#primaryimage\",\"url\":\"https:\/\/distribucionarc.com\/wp-content\/uploads\/2020\/07\/Horno-freidora-de-aire-caliente-con-funci\u00f3n-giratoria-0.jpeg\",\"contentUrl\":\"https:\/\/distribucionarc.com\/wp-content\/uploads\/2020\/07\/Horno-freidora-de-aire-caliente-con-funci\u00f3n-giratoria-0.jpeg\",\"width\":1600,\"height\":1548,\"caption\":\"Horno freidora de aire caliente\"},{\"@type\":\"BreadcrumbList\",\"@id\":\"https:\/\/www.distribucionarc.com\/sl\/producto\/horno-freidora-de-aire-caliente-con-funcion-giratoria\/#breadcrumb\",\"itemListElement\":[{\"@type\":\"ListItem\",\"position\":1,\"name\":\"Portada\",\"item\":\"https:\/\/www.distribucionarc.com\/\"},{\"@type\":\"ListItem\",\"position\":2,\"name\":\"\u00dcr\u00fcnler\",\"item\":\"https:\/\/www.distribucionarc.com\/tr\/magaza\/\"},{\"@type\":\"ListItem\",\"position\":3,\"name\":\"Horno freidora de aire caliente con funci\u00f3n giratoria\"}]},{\"@type\":\"WebSite\",\"@id\":\"https:\/\/www.distribucionarc.com\/sl\/#website\",\"url\":\"https:\/\/www.distribucionarc.com\/sl\/\",\"name\":\"distribuci\u00f3n ARC\",\"description\":\"Empresa especializada en la fabricaci\u00f3n y distribuci\u00f3n de maquinaria industrial, selladoras de latas, Maquinas de hacer pastillas, Maquinas de cortar carne...\",\"publisher\":{\"@id\":\"https:\/\/www.distribucionarc.com\/sl\/#organization\"},\"potentialAction\":[{\"@type\":\"SearchAction\",\"target\":{\"@type\":\"EntryPoint\",\"urlTemplate\":\"https:\/\/www.distribucionarc.com\/sl\/?s={search_term_string}\"},\"query-input\":{\"@type\":\"PropertyValueSpecification\",\"valueRequired\":true,\"valueName\":\"search_term_string\"}}],\"inLanguage\":\"sk-SK\"},{\"@type\":\"Organization\",\"@id\":\"https:\/\/www.distribucionarc.com\/sl\/#organization\",\"name\":\"Distribuci\u00f3n ARC\",\"url\":\"https:\/\/www.distribucionarc.com\/sl\/\",\"logo\":{\"@type\":\"ImageObject\",\"inLanguage\":\"sk-SK\",\"@id\":\"https:\/\/www.distribucionarc.com\/sl\/#\/schema\/logo\/image\/\",\"url\":\"https:\/\/distribucionarc.com\/wp-content\/uploads\/2024\/10\/distribucion-ARC-COLOR-SIN-FONDO-e1732295305345.png\",\"contentUrl\":\"https:\/\/distribucionarc.com\/wp-content\/uploads\/2024\/10\/distribucion-ARC-COLOR-SIN-FONDO-e1732295305345.png\",\"width\":1164,\"height\":558,\"caption\":\"Distribuci\u00f3n ARC\"},\"image\":{\"@id\":\"https:\/\/www.distribucionarc.com\/sl\/#\/schema\/logo\/image\/\"},\"description\":\"Empresa especializada en la fabricaci\u00f3n y distribuci\u00f3n de maquinaria industrial para los sectores alimentario y farmac\u00e9utico. Nos especializamos en: M\u00e1quinas de cortar carne Fabricaci\u00f3n de comprimidos Sistemas de transporte industrial L\u00edneas de embotellado Dosificadores Y mucho m\u00e1s... Ofrecemos soluciones innovadoras y personalizadas para optimizar los procesos productivos de tu empresa.\",\"email\":\"Admistracion@distribucionarc.com\",\"telephone\":\"+34 643496664\",\"legalName\":\"ARC TECH SOLUTIONS\",\"foundingDate\":\"2024-04-09\",\"vatID\":\"B55480172\",\"numberOfEmployees\":{\"@type\":\"QuantitativeValue\",\"minValue\":\"1\",\"maxValue\":\"10\"}}]}<\/script>\n<!-- \/ Yoast SEO Premium plugin. -->","yoast_head_json":{"title":"Teplovzdu\u0161n\u00e1 frit\u00e9za s funkciou ot\u00e1\u010dania - ARC rozvod","robots":{"index":"index","follow":"follow","max-snippet":"max-snippet:-1","max-image-preview":"max-image-preview:large","max-video-preview":"max-video-preview:-1"},"canonical":"https:\/\/www.distribucionarc.com\/sl\/producto\/horno-freidora-de-aire-caliente-con-funcion-giratoria\/","og_locale":"sk_SK","og_type":"article","og_title":"Horno freidora de aire caliente con funci\u00f3n giratoria","og_description":"Horno freidora de aire caliente con funci\u00f3n giratoria Cuida a tus clientes y sorpr\u00e9ndelos con las freidoras de aire caliente ARC, tus platos ser\u00e1n los m\u00e1s sanos y sabrosos al no depender de aceites o grasas, hasta un 80% menos de grasa y al mismo tiempo un 100% de sabor.  Con la freidora de aire caliente de ARC, los platos se preparan en una corriente de aire caliente, similar a un horno de convecci\u00f3n repartiendo el aire circulante por ambas partes superior \/inferior, sin necesidad de aceite o grasas podr\u00e1 lograr unos resultados insuperables. La freidora de aire caliente ARCFHA12 dispone de un espacio de cocci\u00f3n eficaz adem\u00e1s en comparaci\u00f3n con un horno de aire circulante conseguir\u00e1 la temperatura de funcionamiento deseada en tiempo r\u00e9cord. Adem\u00e1s, su funci\u00f3n de conservaci\u00f3n del calor contribuye a un bajo consumo energ\u00e9tico. Garant\u00eda\u00a0ARC 2 A\u00d1OS Horno freidora el\u00e9ctrica eficiente, bajo consumo 1600w soporte t\u00e9cnico\u00a0incluido &nbsp;","og_url":"https:\/\/www.distribucionarc.com\/sl\/producto\/horno-freidora-de-aire-caliente-con-funcion-giratoria\/","og_site_name":"distribuci\u00f3n ARC","article_modified_time":"2020-09-27T09:58:53+00:00","og_image":[{"width":1600,"height":1548,"url":"https:\/\/distribucionarc.com\/wp-content\/uploads\/2020\/07\/Horno-freidora-de-aire-caliente-con-funci\u00f3n-giratoria-0.jpeg","type":"image\/jpeg"}],"twitter_card":"summary_large_image","twitter_misc":{"Predpokladan\u00fd \u010das \u010d\u00edtania":"1 min\u00fata"},"schema":{"@context":"https:\/\/schema.org","@graph":[{"@type":"WebPage","@id":"https:\/\/www.distribucionarc.com\/sl\/producto\/horno-freidora-de-aire-caliente-con-funcion-giratoria\/","url":"https:\/\/www.distribucionarc.com\/sl\/producto\/horno-freidora-de-aire-caliente-con-funcion-giratoria\/","name":"Teplovzdu\u0161n\u00e1 frit\u00e9za s funkciou ot\u00e1\u010dania - ARC rozvod","isPartOf":{"@id":"https:\/\/www.distribucionarc.com\/sl\/#website"},"primaryImageOfPage":{"@id":"https:\/\/www.distribucionarc.com\/sl\/producto\/horno-freidora-de-aire-caliente-con-funcion-giratoria\/#primaryimage"},"image":{"@id":"https:\/\/www.distribucionarc.com\/sl\/producto\/horno-freidora-de-aire-caliente-con-funcion-giratoria\/#primaryimage"},"thumbnailUrl":"https:\/\/distribucionarc.com\/wp-content\/uploads\/2020\/07\/Horno-freidora-de-aire-caliente-con-funci\u00f3n-giratoria-0.jpeg","datePublished":"2020-07-25T11:51:24+00:00","dateModified":"2020-09-27T09:58:53+00:00","breadcrumb":{"@id":"https:\/\/www.distribucionarc.com\/sl\/producto\/horno-freidora-de-aire-caliente-con-funcion-giratoria\/#breadcrumb"},"inLanguage":"sk-SK","potentialAction":[{"@type":"ReadAction","target":["https:\/\/www.distribucionarc.com\/sl\/producto\/horno-freidora-de-aire-caliente-con-funcion-giratoria\/"]}]},{"@type":"ImageObject","inLanguage":"sk-SK","@id":"https:\/\/www.distribucionarc.com\/sl\/producto\/horno-freidora-de-aire-caliente-con-funcion-giratoria\/#primaryimage","url":"https:\/\/distribucionarc.com\/wp-content\/uploads\/2020\/07\/Horno-freidora-de-aire-caliente-con-funci\u00f3n-giratoria-0.jpeg","contentUrl":"https:\/\/distribucionarc.com\/wp-content\/uploads\/2020\/07\/Horno-freidora-de-aire-caliente-con-funci\u00f3n-giratoria-0.jpeg","width":1600,"height":1548,"caption":"Horno freidora de aire caliente"},{"@type":"BreadcrumbList","@id":"https:\/\/www.distribucionarc.com\/sl\/producto\/horno-freidora-de-aire-caliente-con-funcion-giratoria\/#breadcrumb","itemListElement":[{"@type":"ListItem","position":1,"name":"Portada","item":"https:\/\/www.distribucionarc.com\/"},{"@type":"ListItem","position":2,"name":"\u00dcr\u00fcnler","item":"https:\/\/www.distribucionarc.com\/tr\/magaza\/"},{"@type":"ListItem","position":3,"name":"Horno freidora de aire caliente con funci\u00f3n giratoria"}]},{"@type":"WebSite","@id":"https:\/\/www.distribucionarc.com\/sl\/#website","url":"https:\/\/www.distribucionarc.com\/sl\/","name":"ARC distrib\u00facia","description":"Spolo\u010dnos\u0165 sa \u0161pecializuje na v\u00fdrobu a distrib\u00faciu priemyseln\u00fdch strojov, strojov na uzatv\u00e1ranie plechoviek, strojov na v\u00fdrobu tabliet, strojov na porciovanie m\u00e4sa...","publisher":{"@id":"https:\/\/www.distribucionarc.com\/sl\/#organization"},"potentialAction":[{"@type":"SearchAction","target":{"@type":"EntryPoint","urlTemplate":"https:\/\/www.distribucionarc.com\/sl\/?s={search_term_string}"},"query-input":{"@type":"PropertyValueSpecification","valueRequired":true,"valueName":"search_term_string"}}],"inLanguage":"sk-SK"},{"@type":"Organization","@id":"https:\/\/www.distribucionarc.com\/sl\/#organization","name":"Distrib\u00facia ARC","url":"https:\/\/www.distribucionarc.com\/sl\/","logo":{"@type":"ImageObject","inLanguage":"sk-SK","@id":"https:\/\/www.distribucionarc.com\/sl\/#\/schema\/logo\/image\/","url":"https:\/\/distribucionarc.com\/wp-content\/uploads\/2024\/10\/distribucion-ARC-COLOR-SIN-FONDO-e1732295305345.png","contentUrl":"https:\/\/distribucionarc.com\/wp-content\/uploads\/2024\/10\/distribucion-ARC-COLOR-SIN-FONDO-e1732295305345.png","width":1164,"height":558,"caption":"Distribuci\u00f3n ARC"},"image":{"@id":"https:\/\/www.distribucionarc.com\/sl\/#\/schema\/logo\/image\/"},"description":"Spolo\u010dnos\u0165 \u0161pecializuj\u00faca sa na v\u00fdrobu a distrib\u00faciu priemyseln\u00fdch strojov pre potravin\u00e1rsky a farmaceutick\u00fd sektor. \u0160pecializujeme sa na: Stroje na kr\u00e1janie m\u00e4sa V\u00fdroba tabliet Priemyseln\u00e9 dopravn\u00e9 syst\u00e9my D\u00e1vkova\u010de na f\u013ea\u0161e A ove\u013ea viac... Pon\u00fakame inovat\u00edvne a prisp\u00f4soben\u00e9 rie\u0161enia na optimaliz\u00e1ciu v\u00fdrobn\u00fdch procesov va\u0161ej spolo\u010dnosti.","email":"Admistracion@distribucionarc.com","telephone":"+34 643496664","legalName":"ARC TECH SOLUTIONS","foundingDate":"2024-04-09","vatID":"B55480172","numberOfEmployees":{"@type":"QuantitativeValue","minValue":"1","maxValue":"10"}}]}},"_links":{"self":[{"href":"https:\/\/distribucionarc.com\/sk\/wp-json\/wp\/v2\/product\/1487","targetHints":{"allow":["GET"]}}],"collection":[{"href":"https:\/\/distribucionarc.com\/sk\/wp-json\/wp\/v2\/product"}],"about":[{"href":"https:\/\/distribucionarc.com\/sk\/wp-json\/wp\/v2\/types\/product"}],"replies":[{"embeddable":true,"href":"https:\/\/distribucionarc.com\/sk\/wp-json\/wp\/v2\/comments?post=1487"}],"version-history":[{"count":0,"href":"https:\/\/distribucionarc.com\/sk\/wp-json\/wp\/v2\/product\/1487\/revisions"}],"wp:featuredmedia":[{"embeddable":true,"href":"https:\/\/distribucionarc.com\/sk\/wp-json\/wp\/v2\/media\/1488"}],"wp:attachment":[{"href":"https:\/\/distribucionarc.com\/sk\/wp-json\/wp\/v2\/media?parent=1487"}],"wp:term":[{"taxonomy":"product_brand","embeddable":true,"href":"https:\/\/distribucionarc.com\/sk\/wp-json\/wp\/v2\/product_brand?post=1487"},{"taxonomy":"product_cat","embeddable":true,"href":"https:\/\/distribucionarc.com\/sk\/wp-json\/wp\/v2\/product_cat?post=1487"},{"taxonomy":"product_tag","embeddable":true,"href":"https:\/\/distribucionarc.com\/sk\/wp-json\/wp\/v2\/product_tag?post=1487"}],"curies":[{"name":"pracovn\u00fd list","href":"https:\/\/api.w.org\/{rel}","templated":true}]}}