{"id":1519,"date":"2020-07-25T17:16:23","date_gmt":"2020-07-25T17:16:23","guid":{"rendered":"https:\/\/distribucionarc.com\/?post_type=product&#038;p=1519"},"modified":"2020-09-27T10:08:37","modified_gmt":"2020-09-27T10:08:37","slug":"plynovy-gril-pre-catering-6-horakov","status":"publish","type":"product","link":"https:\/\/distribucionarc.com\/sk\/producto\/barbacoa-de-gas-para-hosteleria-6-quemadores\/","title":{"rendered":"Plynov\u00fd gril pre pohostinstvo 6 hor\u00e1kov"},"content":{"rendered":"<h3>Plynov\u00fd gril pre pohostinstvo 6 hor\u00e1kov<\/h3>\n<p>The<strong>\u00a0plynov\u00e9 grily\u00a0<span style=\"color: #ff0000;\">TO<\/span><span style=\"color: #0000ff;\">R<\/span>c<\/strong> Maj\u00fa robustn\u00e9 telo vyroben\u00e9 z najkvalitnej\u0161ej nehrdzavej\u00facej ocele, aby bola zaru\u010den\u00e1 stabilita a odolnos\u0165 stroja. Gril s rozmermi 78 x 27 cm je vyroben\u00fd z potravin\u00e1rskej nehrdzavej\u00facej ocele.<\/p>\n<p>M\u00e1 \u0161tyri hor\u00e1ky, ka\u017ed\u00fd samostatne ovl\u00e1dan\u00fd, na varenie r\u00f4znych k\u00faskov. Hor\u00e1ky z\u00a0<strong>plynov\u00fd gril<\/strong>\u00a0<strong><span style=\"color: #ff0000;\">TO<\/span><span style=\"color: #0000ff;\">R<\/span>CB6G<\/strong> S\u00fa pokryt\u00e9 oce\u013eovou plat\u0148ou a sklenenou plat\u0148ou, aby na ne nepadala mastnota a neni\u010dila plame\u0148. V\u00fd\u0161ku grilu mo\u017eno jednoducho nastavi\u0165 pre r\u00f4zne varn\u00e9 body.<\/p>\n<p>The\u00a0<strong>gril<\/strong>Chr\u00e1ni\u010de hor\u00e1kov a zbern\u00e1 miska na mastnotu sa daj\u00fa \u013eahko demontova\u0165, aby sa u\u013eah\u010dila \u00fadr\u017eba\u00a0<strong>plynov\u00fd gril<\/strong>. Bez potreby spolieha\u0165 sa na vulkanick\u00fd kame\u0148, toto\u00a0<strong>plynov\u00fd gril<\/strong>\u00a0Vyhovie va\u0161im potreb\u00e1m.<\/p>\n<h6><\/h6>\n<h6><strong>Z\u00e1ruka\u00a0<span style=\"color: #ff0000;\">TO<\/span><span style=\"color: #0000ff;\">R<\/span>C 2 ROKY<\/strong><\/h6>\n<h6><strong>vr\u00e1tane technickej podpory<\/strong><\/h6>\n<p>&nbsp;<\/p>\n<table width=\"100%\">\n<tbody>\n<tr>\n<td>Zna\u010dka:<\/td>\n<td width=\"32%\">ARC<\/td>\n<td>Hmotnos\u0165:<\/td>\n<td width=\"30%\">9,7 kg<\/td>\n<\/tr>\n<tr>\n<td>Krajina distrib\u00facie:<\/td>\n<td width=\"32%\">\u0160panielsko, Nemecko, USA<\/td>\n<td>v\u00fd\u0161ka:<\/td>\n<td width=\"30%\">20 cm<\/td>\n<\/tr>\n<tr>\n<td>Farba:<\/td>\n<td width=\"32%\">Strieborn\u00e1<\/td>\n<td>Dlh\u00e9:<\/td>\n<td width=\"30%\">84 cm<\/td>\n<\/tr>\n<tr>\n<td>Typ produktu:<\/td>\n<td width=\"32%\">Profesion\u00e1lny plynov\u00fd gril<\/td>\n<td>\u0160irok\u00e1:<\/td>\n<td width=\"30%\">42 cm<\/td>\n<\/tr>\n<tr>\n<td>\u010c\u00edslo v\u00fdrobcu:<\/td>\n<td width=\"32%\">ARCB6G<\/td>\n<td>Tlak ventilu:<\/td>\n<td width=\"30%\">2800 Pa<\/td>\n<\/tr>\n<tr>\n<td>Materi\u00e1l:<\/td>\n<td width=\"32%\">\u00a0Nerezov\u00e1 oce\u013e, ovl\u00e1danie teploty, sklo<\/td>\n<td>Ve\u013ekos\u0165 grilu:<\/td>\n<td width=\"30%\">Rozmer 78 x 27 cm<\/td>\n<\/tr>\n<tr>\n<td>Z\u00e1ruka:<\/td>\n<td width=\"32%\">2 roky<\/td>\n<td>Pokrytie hor\u00e1ka:<\/td>\n<td width=\"30%\">\u00a0Sklo\/oce\u013e<\/td>\n<\/tr>\n<\/tbody>\n<\/table>","protected":false},"excerpt":{"rendered":"<h2>Plynov\u00fd gril pre pohostinstvo 6 hor\u00e1kov<\/h2>\n<p>The<strong>\u00a0plynov\u00e9 grily<\/strong>\u00a0z<span style=\"color: #ff0000;\">\u00a0<\/span><strong><span style=\"color: #ff0000;\">TO<\/span><span style=\"color: #0000ff;\">R<\/span>c<\/strong>\u00a0S\u00fa vyroben\u00e9 z najlep\u0161\u00edch a najinovat\u00edvnej\u0161\u00edch materi\u00e1lov, aby z\u00edskali autentick\u00fa chu\u0165, vizu\u00e1lny efekt a v\u00f4\u0148u.<strong>\u00a0gril<\/strong>.<\/p>\n<p>Ak to, \u010do h\u013ead\u00e1te, je ziskovos\u0165,\u00a0<strong>plynov\u00e9 grily<\/strong>\u00a0z<strong>\u00a0<span style=\"color: #ff0000;\">TO<\/span><span style=\"color: #0000ff;\">R<\/span>c<\/strong>\u00a0Bud\u00fa vyhovova\u0165 va\u0161im potreb\u00e1m. Zabudnite na \u00fadr\u017ebu sope\u010dn\u00e9ho kame\u0148a a rozhodnite sa pre nejak\u00fd\u00a0<strong>efekt\u00edvne hor\u00e1ky<\/strong>\u00a0chr\u00e1nen\u00e9, aby sa zabezpe\u010dila trvanlivos\u0165\u00a0<strong>plynov\u00fd gril<\/strong>\u00a0a poskytne v\u00e1m dokonal\u00e9 ozna\u010denie m\u00e4sa, r\u00fdb, zeleniny, tofu at\u010f. The\u00a0<strong>plynov\u00fd gril\u00a0<span style=\"color: #ff0000;\">TO<\/span><span style=\"color: #0000ff;\">R<\/span>CB6G<\/strong> M\u00e1 \u0161es\u0165 hor\u00e1kov s nastavite\u013enou regul\u00e1ciou teploty pre ka\u017ed\u00fd hor\u00e1k.<\/p>\n<h6><strong>Z\u00e1ruka\u00a0<span style=\"color: #ff0000;\">TO<\/span><span style=\"color: #0000ff;\">R<\/span>C 2 ROKY<\/strong><\/h6>\n<h6><strong>vr\u00e1tane technickej podpory<\/strong><\/h6>","protected":false},"featured_media":1520,"comment_status":"open","ping_status":"closed","template":"","meta":{"wds_primary_product_brand":0,"wds_primary_product_cat":0},"product_brand":[],"product_cat":[39],"product_tag":[],"class_list":{"0":"post-1519","1":"product","2":"type-product","3":"status-publish","4":"has-post-thumbnail","6":"product_cat-plancha-de-cosina","7":"product_shipping_class-hosteleria","9":"first","10":"instock","11":"sale","12":"taxable","13":"shipping-taxable","14":"purchasable","15":"product-type-simple"},"yoast_head":"<!-- This site is optimized with the Yoast SEO Premium plugin v24.9 (Yoast SEO v26.1) - https:\/\/yoast.com\/wordpress\/plugins\/seo\/ -->\n<title>Barbacoa de gas para hosteler\u00eda 6 quemadores - distribuci\u00f3n ARC<\/title>\n<meta name=\"robots\" content=\"index, follow, max-snippet:-1, max-image-preview:large, max-video-preview:-1\" \/>\n<link rel=\"canonical\" href=\"https:\/\/distribucionarc.com\/sk\/produktov\/plynovy-gril-pre-catering-6-horakov\/\" \/>\n<meta property=\"og:locale\" content=\"sk_SK\" \/>\n<meta property=\"og:type\" content=\"article\" \/>\n<meta property=\"og:title\" content=\"Barbacoa de gas para hosteler\u00eda 6 quemadores\" \/>\n<meta property=\"og:description\" content=\"Barbacoa de gas para hosteler\u00eda 6 quemadores Las\u00a0barbacoas a gas\u00a0de\u00a0ARC\u00a0est\u00e1n fabricadas con los mejores y m\u00e1s innovadores materiales para obtener un sabor, efecto visual, olor \u00a0de aut\u00e9ntica\u00a0parrilla.  Si lo que buscas es rentabilidad, las\u00a0barbacoas a gas\u00a0de\u00a0ARC\u00a0cumplir\u00e1n con tus necesidades. Olv\u00eddate del mantenimiento de la piedra volc\u00e1nica y apuesta por unos\u00a0quemadores eficientes\u00a0protegidos, para asegurar la durabilidad de la\u00a0parrilla a gas\u00a0y proporcionarte un marcado perfecto de tus carnes, pescados, vegetales, tofu, etc. La\u00a0barbacoa a gas\u00a0ARCB6G dispone de seis quemadores con control de temperatura ajustable para cada quemador. Garant\u00eda\u00a0ARC 2 A\u00d1OS soporte t\u00e9cnico incluido\" \/>\n<meta property=\"og:url\" content=\"https:\/\/distribucionarc.com\/sk\/produktov\/plynovy-gril-pre-catering-6-horakov\/\" \/>\n<meta property=\"og:site_name\" content=\"distribuci\u00f3n ARC\" \/>\n<meta property=\"article:modified_time\" content=\"2020-09-27T10:08:37+00:00\" \/>\n<meta property=\"og:image\" content=\"https:\/\/distribucionarc.com\/wp-content\/uploads\/2020\/07\/Barbacoa-de-gas-para-hosteler\u00eda-6-quemadores-0.jpg\" \/>\n\t<meta property=\"og:image:width\" content=\"1000\" \/>\n\t<meta property=\"og:image:height\" content=\"1000\" \/>\n\t<meta property=\"og:image:type\" content=\"image\/jpeg\" \/>\n<meta name=\"twitter:card\" content=\"summary_large_image\" \/>\n<meta name=\"twitter:label1\" content=\"Predpokladan\u00fd \u010das \u010d\u00edtania\" \/>\n\t<meta name=\"twitter:data1\" content=\"1 min\u00fata\" \/>\n<script type=\"application\/ld+json\" class=\"yoast-schema-graph\">{\"@context\":\"https:\/\/schema.org\",\"@graph\":[{\"@type\":\"WebPage\",\"@id\":\"https:\/\/distribucionarc.com\/it\/producto\/barbacoa-de-gas-para-hosteleria-6-quemadores\/\",\"url\":\"https:\/\/distribucionarc.com\/it\/producto\/barbacoa-de-gas-para-hosteleria-6-quemadores\/\",\"name\":\"Barbacoa de gas para hosteler\u00eda 6 quemadores - distribuci\u00f3n ARC\",\"isPartOf\":{\"@id\":\"https:\/\/distribucionarc.com\/de\/#website\"},\"primaryImageOfPage\":{\"@id\":\"https:\/\/distribucionarc.com\/it\/producto\/barbacoa-de-gas-para-hosteleria-6-quemadores\/#primaryimage\"},\"image\":{\"@id\":\"https:\/\/distribucionarc.com\/it\/producto\/barbacoa-de-gas-para-hosteleria-6-quemadores\/#primaryimage\"},\"thumbnailUrl\":\"https:\/\/distribucionarc.com\/wp-content\/uploads\/2020\/07\/Barbacoa-de-gas-para-hosteler\u00eda-6-quemadores-0.jpg\",\"datePublished\":\"2020-07-25T17:16:23+00:00\",\"dateModified\":\"2020-09-27T10:08:37+00:00\",\"breadcrumb\":{\"@id\":\"https:\/\/distribucionarc.com\/it\/producto\/barbacoa-de-gas-para-hosteleria-6-quemadores\/#breadcrumb\"},\"inLanguage\":\"sk-SK\",\"potentialAction\":[{\"@type\":\"ReadAction\",\"target\":[\"https:\/\/distribucionarc.com\/it\/producto\/barbacoa-de-gas-para-hosteleria-6-quemadores\/\"]}]},{\"@type\":\"ImageObject\",\"inLanguage\":\"sk-SK\",\"@id\":\"https:\/\/distribucionarc.com\/it\/producto\/barbacoa-de-gas-para-hosteleria-6-quemadores\/#primaryimage\",\"url\":\"https:\/\/distribucionarc.com\/wp-content\/uploads\/2020\/07\/Barbacoa-de-gas-para-hosteler\u00eda-6-quemadores-0.jpg\",\"contentUrl\":\"https:\/\/distribucionarc.com\/wp-content\/uploads\/2020\/07\/Barbacoa-de-gas-para-hosteler\u00eda-6-quemadores-0.jpg\",\"width\":1000,\"height\":1000,\"caption\":\"Barbacoa de gas para hosteler\u00eda 6 quemadores\"},{\"@type\":\"BreadcrumbList\",\"@id\":\"https:\/\/distribucionarc.com\/it\/producto\/barbacoa-de-gas-para-hosteleria-6-quemadores\/#breadcrumb\",\"itemListElement\":[{\"@type\":\"ListItem\",\"position\":1,\"name\":\"Portada\",\"item\":\"https:\/\/distribucionarc.com\/pl\/\"},{\"@type\":\"ListItem\",\"position\":2,\"name\":\"Produkty\",\"item\":\"https:\/\/distribucionarc.com\/pl\/shop\/\"},{\"@type\":\"ListItem\",\"position\":3,\"name\":\"Barbacoa de gas para hosteler\u00eda 6 quemadores\"}]},{\"@type\":\"WebSite\",\"@id\":\"https:\/\/distribucionarc.com\/de\/#website\",\"url\":\"https:\/\/distribucionarc.com\/de\/\",\"name\":\"distribuci\u00f3n ARC\",\"description\":\"Empresa especializada en la fabricaci\u00f3n y distribuci\u00f3n de maquinaria industrial, selladoras de latas, Maquinas de hacer pastillas, Maquinas de cortar carne...\",\"publisher\":{\"@id\":\"https:\/\/distribucionarc.com\/de\/#organization\"},\"potentialAction\":[{\"@type\":\"SearchAction\",\"target\":{\"@type\":\"EntryPoint\",\"urlTemplate\":\"https:\/\/distribucionarc.com\/de\/?s={search_term_string}\"},\"query-input\":{\"@type\":\"PropertyValueSpecification\",\"valueRequired\":true,\"valueName\":\"search_term_string\"}}],\"inLanguage\":\"sk-SK\"},{\"@type\":\"Organization\",\"@id\":\"https:\/\/distribucionarc.com\/de\/#organization\",\"name\":\"Distribuci\u00f3n ARC\",\"url\":\"https:\/\/distribucionarc.com\/de\/\",\"logo\":{\"@type\":\"ImageObject\",\"inLanguage\":\"sk-SK\",\"@id\":\"https:\/\/distribucionarc.com\/de\/#\/schema\/logo\/image\/\",\"url\":\"https:\/\/distribucionarc.com\/wp-content\/uploads\/2024\/10\/distribucion-ARC-COLOR-SIN-FONDO-e1732295305345.png\",\"contentUrl\":\"https:\/\/distribucionarc.com\/wp-content\/uploads\/2024\/10\/distribucion-ARC-COLOR-SIN-FONDO-e1732295305345.png\",\"width\":1164,\"height\":558,\"caption\":\"Distribuci\u00f3n ARC\"},\"image\":{\"@id\":\"https:\/\/distribucionarc.com\/de\/#\/schema\/logo\/image\/\"},\"description\":\"Empresa especializada en la fabricaci\u00f3n y distribuci\u00f3n de maquinaria industrial para los sectores alimentario y farmac\u00e9utico. Nos especializamos en: M\u00e1quinas de cortar carne Fabricaci\u00f3n de comprimidos Sistemas de transporte industrial L\u00edneas de embotellado Dosificadores Y mucho m\u00e1s... Ofrecemos soluciones innovadoras y personalizadas para optimizar los procesos productivos de tu empresa.\",\"email\":\"Admistracion@distribucionarc.com\",\"telephone\":\"+34 643496664\",\"legalName\":\"ARC TECH SOLUTIONS\",\"foundingDate\":\"2024-04-09\",\"vatID\":\"B55480172\",\"numberOfEmployees\":{\"@type\":\"QuantitativeValue\",\"minValue\":\"1\",\"maxValue\":\"10\"}}]}<\/script>\n<!-- \/ Yoast SEO Premium plugin. -->","yoast_head_json":{"title":"Plynov\u00fd gril pre stravovanie so 6 hor\u00e1kmi - ARC rozvod","robots":{"index":"index","follow":"follow","max-snippet":"max-snippet:-1","max-image-preview":"max-image-preview:large","max-video-preview":"max-video-preview:-1"},"canonical":"https:\/\/distribucionarc.com\/sk\/produktov\/plynovy-gril-pre-catering-6-horakov\/","og_locale":"sk_SK","og_type":"article","og_title":"Barbacoa de gas para hosteler\u00eda 6 quemadores","og_description":"Barbacoa de gas para hosteler\u00eda 6 quemadores Las\u00a0barbacoas a gas\u00a0de\u00a0ARC\u00a0est\u00e1n fabricadas con los mejores y m\u00e1s innovadores materiales para obtener un sabor, efecto visual, olor \u00a0de aut\u00e9ntica\u00a0parrilla.  Si lo que buscas es rentabilidad, las\u00a0barbacoas a gas\u00a0de\u00a0ARC\u00a0cumplir\u00e1n con tus necesidades. Olv\u00eddate del mantenimiento de la piedra volc\u00e1nica y apuesta por unos\u00a0quemadores eficientes\u00a0protegidos, para asegurar la durabilidad de la\u00a0parrilla a gas\u00a0y proporcionarte un marcado perfecto de tus carnes, pescados, vegetales, tofu, etc. La\u00a0barbacoa a gas\u00a0ARCB6G dispone de seis quemadores con control de temperatura ajustable para cada quemador. Garant\u00eda\u00a0ARC 2 A\u00d1OS soporte t\u00e9cnico incluido","og_url":"https:\/\/distribucionarc.com\/sk\/produktov\/plynovy-gril-pre-catering-6-horakov\/","og_site_name":"distribuci\u00f3n ARC","article_modified_time":"2020-09-27T10:08:37+00:00","og_image":[{"width":1000,"height":1000,"url":"https:\/\/distribucionarc.com\/wp-content\/uploads\/2020\/07\/Barbacoa-de-gas-para-hosteler\u00eda-6-quemadores-0.jpg","type":"image\/jpeg"}],"twitter_card":"summary_large_image","twitter_misc":{"Predpokladan\u00fd \u010das \u010d\u00edtania":"1 min\u00fata"},"schema":{"@context":"https:\/\/schema.org","@graph":[{"@type":"WebPage","@id":"https:\/\/distribucionarc.com\/it\/producto\/barbacoa-de-gas-para-hosteleria-6-quemadores\/","url":"https:\/\/distribucionarc.com\/it\/producto\/barbacoa-de-gas-para-hosteleria-6-quemadores\/","name":"Plynov\u00fd gril pre stravovanie so 6 hor\u00e1kmi - ARC rozvod","isPartOf":{"@id":"https:\/\/distribucionarc.com\/de\/#website"},"primaryImageOfPage":{"@id":"https:\/\/distribucionarc.com\/it\/producto\/barbacoa-de-gas-para-hosteleria-6-quemadores\/#primaryimage"},"image":{"@id":"https:\/\/distribucionarc.com\/it\/producto\/barbacoa-de-gas-para-hosteleria-6-quemadores\/#primaryimage"},"thumbnailUrl":"https:\/\/distribucionarc.com\/wp-content\/uploads\/2020\/07\/Barbacoa-de-gas-para-hosteler\u00eda-6-quemadores-0.jpg","datePublished":"2020-07-25T17:16:23+00:00","dateModified":"2020-09-27T10:08:37+00:00","breadcrumb":{"@id":"https:\/\/distribucionarc.com\/it\/producto\/barbacoa-de-gas-para-hosteleria-6-quemadores\/#breadcrumb"},"inLanguage":"sk-SK","potentialAction":[{"@type":"ReadAction","target":["https:\/\/distribucionarc.com\/it\/producto\/barbacoa-de-gas-para-hosteleria-6-quemadores\/"]}]},{"@type":"ImageObject","inLanguage":"sk-SK","@id":"https:\/\/distribucionarc.com\/it\/producto\/barbacoa-de-gas-para-hosteleria-6-quemadores\/#primaryimage","url":"https:\/\/distribucionarc.com\/wp-content\/uploads\/2020\/07\/Barbacoa-de-gas-para-hosteler\u00eda-6-quemadores-0.jpg","contentUrl":"https:\/\/distribucionarc.com\/wp-content\/uploads\/2020\/07\/Barbacoa-de-gas-para-hosteler\u00eda-6-quemadores-0.jpg","width":1000,"height":1000,"caption":"Barbacoa de gas para hosteler\u00eda 6 quemadores"},{"@type":"BreadcrumbList","@id":"https:\/\/distribucionarc.com\/it\/producto\/barbacoa-de-gas-para-hosteleria-6-quemadores\/#breadcrumb","itemListElement":[{"@type":"ListItem","position":1,"name":"Portada","item":"https:\/\/distribucionarc.com\/pl\/"},{"@type":"ListItem","position":2,"name":"Produkty","item":"https:\/\/distribucionarc.com\/pl\/shop\/"},{"@type":"ListItem","position":3,"name":"Barbacoa de gas para hosteler\u00eda 6 quemadores"}]},{"@type":"WebSite","@id":"https:\/\/distribucionarc.com\/de\/#website","url":"https:\/\/distribucionarc.com\/de\/","name":"ARC distrib\u00facia","description":"Spolo\u010dnos\u0165 sa \u0161pecializuje na v\u00fdrobu a distrib\u00faciu priemyseln\u00fdch strojov, strojov na uzatv\u00e1ranie plechoviek, strojov na v\u00fdrobu tabliet, strojov na porciovanie m\u00e4sa...","publisher":{"@id":"https:\/\/distribucionarc.com\/de\/#organization"},"potentialAction":[{"@type":"SearchAction","target":{"@type":"EntryPoint","urlTemplate":"https:\/\/distribucionarc.com\/de\/?s={search_term_string}"},"query-input":{"@type":"PropertyValueSpecification","valueRequired":true,"valueName":"search_term_string"}}],"inLanguage":"sk-SK"},{"@type":"Organization","@id":"https:\/\/distribucionarc.com\/de\/#organization","name":"Distrib\u00facia ARC","url":"https:\/\/distribucionarc.com\/de\/","logo":{"@type":"ImageObject","inLanguage":"sk-SK","@id":"https:\/\/distribucionarc.com\/de\/#\/schema\/logo\/image\/","url":"https:\/\/distribucionarc.com\/wp-content\/uploads\/2024\/10\/distribucion-ARC-COLOR-SIN-FONDO-e1732295305345.png","contentUrl":"https:\/\/distribucionarc.com\/wp-content\/uploads\/2024\/10\/distribucion-ARC-COLOR-SIN-FONDO-e1732295305345.png","width":1164,"height":558,"caption":"Distribuci\u00f3n ARC"},"image":{"@id":"https:\/\/distribucionarc.com\/de\/#\/schema\/logo\/image\/"},"description":"Spolo\u010dnos\u0165 \u0161pecializuj\u00faca sa na v\u00fdrobu a distrib\u00faciu priemyseln\u00fdch strojov pre potravin\u00e1rsky a farmaceutick\u00fd sektor. \u0160pecializujeme sa na: Stroje na kr\u00e1janie m\u00e4sa V\u00fdroba tabliet Priemyseln\u00e9 dopravn\u00e9 syst\u00e9my D\u00e1vkova\u010de na f\u013ea\u0161e A ove\u013ea viac... Pon\u00fakame inovat\u00edvne a prisp\u00f4soben\u00e9 rie\u0161enia na optimaliz\u00e1ciu v\u00fdrobn\u00fdch procesov va\u0161ej spolo\u010dnosti.","email":"Admistracion@distribucionarc.com","telephone":"+34 643496664","legalName":"ARC TECH SOLUTIONS","foundingDate":"2024-04-09","vatID":"B55480172","numberOfEmployees":{"@type":"QuantitativeValue","minValue":"1","maxValue":"10"}}]}},"_links":{"self":[{"href":"https:\/\/distribucionarc.com\/sk\/wp-json\/wp\/v2\/product\/1519","targetHints":{"allow":["GET"]}}],"collection":[{"href":"https:\/\/distribucionarc.com\/sk\/wp-json\/wp\/v2\/product"}],"about":[{"href":"https:\/\/distribucionarc.com\/sk\/wp-json\/wp\/v2\/types\/product"}],"replies":[{"embeddable":true,"href":"https:\/\/distribucionarc.com\/sk\/wp-json\/wp\/v2\/comments?post=1519"}],"version-history":[{"count":0,"href":"https:\/\/distribucionarc.com\/sk\/wp-json\/wp\/v2\/product\/1519\/revisions"}],"wp:featuredmedia":[{"embeddable":true,"href":"https:\/\/distribucionarc.com\/sk\/wp-json\/wp\/v2\/media\/1520"}],"wp:attachment":[{"href":"https:\/\/distribucionarc.com\/sk\/wp-json\/wp\/v2\/media?parent=1519"}],"wp:term":[{"taxonomy":"product_brand","embeddable":true,"href":"https:\/\/distribucionarc.com\/sk\/wp-json\/wp\/v2\/product_brand?post=1519"},{"taxonomy":"product_cat","embeddable":true,"href":"https:\/\/distribucionarc.com\/sk\/wp-json\/wp\/v2\/product_cat?post=1519"},{"taxonomy":"product_tag","embeddable":true,"href":"https:\/\/distribucionarc.com\/sk\/wp-json\/wp\/v2\/product_tag?post=1519"}],"curies":[{"name":"pracovn\u00fd list","href":"https:\/\/api.w.org\/{rel}","templated":true}]}}