{"id":1582,"date":"2020-07-28T08:48:48","date_gmt":"2020-07-28T08:48:48","guid":{"rendered":"https:\/\/distribucionarc.com\/?post_type=product&#038;p=1582"},"modified":"2020-09-27T10:24:09","modified_gmt":"2020-09-27T10:24:09","slug":"rucny-olej-lis-extraktor","status":"publish","type":"product","link":"https:\/\/distribucionarc.com\/sk\/producto\/extractor-prensa-de-aceite-manual\/","title":{"rendered":"ru\u010dn\u00fd lis na ods\u00e1vanie oleja"},"content":{"rendered":"<h3>ru\u010dn\u00fd lis na ods\u00e1vanie oleja<\/h3>\n<p>Toto je novinka <strong>ru\u010dn\u00fd lis na olej <span style=\"color: #ff0000;\">TO<\/span><span style=\"color: #0000ff;\">R<\/span>c<\/strong> ktor\u00fd sa sklad\u00e1 zo \u0161tyroch hlavn\u00fdch \u010dast\u00ed: r\u00e1m, lisovacia klietka, rukov\u00e4\u0165 a vyhrievacia \u010das\u0165.<\/p>\n<p>Vytvorte si vlastn\u00fd zdrav\u00fd dom\u00e1ci olej. Olej mo\u017eno pou\u017ei\u0165 na varenie alebo ako telov\u00fd hydrata\u010dn\u00fd kr\u00e9m. Budete vedie\u0165, \u017ee je zdrav\u00fd a \u010dist\u00fd 100%, rovnako ako vy sami. Skvel\u00fd sp\u00f4sob, ako \u017ei\u0165 lep\u0161ie. Toto <strong>lis na olej<\/strong> M\u00f4\u017ee by\u0165 pou\u017eit\u00fd doma alebo pre profesion\u00e1lnych kuch\u00e1rov, ktor\u00ed s\u00fa hrd\u00ed na to, \u017ee robia v\u0161etko od za\u010diatku.<\/p>\n<p>Budete si musie\u0165 k\u00fapi\u0165 svoje vlastn\u00e9 pr\u00edsady, ako s\u00fa orechy, ara\u0161idy a tak \u010falej. On <strong>manu\u00e1lna ods\u00e1va\u010dka <span style=\"color: #ff0000;\">TO<\/span><span style=\"color: #0000ff;\">R<\/span>CEAM01<\/strong> Obsahuje tie\u017e jednu f\u013ea\u0161u oleja, tak\u017ee po pou\u017eit\u00ed m\u00f4\u017eete f\u013ea\u0161ti\u010dky umy\u0165 a znova pou\u017ei\u0165 alebo si k\u00fapi\u0165 \u010fal\u0161ie. Olejov\u00fa f\u013ea\u0161u je mo\u017en\u00e9 nahradi\u0165 (a recyklova\u0165) be\u017en\u00fdmi f\u013ea\u0161ami pre dom\u00e1cnos\u0165.<\/p>\n<p>&nbsp;<\/p>\n<h6><strong>Z\u00e1ruka\u00a0<span style=\"color: #ff0000;\">TO<\/span><span style=\"color: #0000ff;\">R<\/span>C 2 ROKY<\/strong><\/h6>\n<h6><strong>vr\u00e1tane technickej podpory<\/strong><\/h6>\n<p>&nbsp;<\/p>\n<table width=\"100%\">\n<tbody>\n<tr>\n<td>Zna\u010dka:<\/td>\n<td width=\"32%\">ARC<\/td>\n<td>Hmotnos\u0165:<\/td>\n<td width=\"30%\">6 kg<\/td>\n<\/tr>\n<tr>\n<td>Krajina distrib\u00facie:<\/td>\n<td width=\"32%\">\u0160panielsko, Nemecko, USA<\/td>\n<td>v\u00fd\u0161ka:<\/td>\n<td width=\"30%\">35 cm<\/td>\n<\/tr>\n<tr>\n<td>Farba:<\/td>\n<td width=\"32%\">Strieborn\u00e1<\/td>\n<td>Dlh\u00e9:<\/td>\n<td width=\"30%\">27 cm<\/td>\n<\/tr>\n<tr>\n<td>Typ produktu:<\/td>\n<td width=\"32%\">ru\u010dn\u00fd ods\u00e1va\u010d oleja<\/td>\n<td>\u0160irok\u00e1:<\/td>\n<td width=\"30%\">6 cm<\/td>\n<\/tr>\n<tr>\n<td>\u010c\u00edslo v\u00fdrobcu:<\/td>\n<td width=\"32%\">ARCEMA1<\/td>\n<td>Ve\u013ekos\u0165 z\u00e1sobn\u00edka:<\/td>\n<td width=\"30%\">500 a\u017e 1000 g<\/td>\n<\/tr>\n<tr>\n<td>Materi\u00e1l:<\/td>\n<td width=\"32%\">nehrdzavej\u00faca oce\u013e<\/td>\n<td>Z\u00e1ruka:<\/td>\n<td width=\"30%\">2 ROKY<\/td>\n<\/tr>\n<tr>\n<td>z\u00edskan\u00fd obsah olejovej kyseliny:<\/td>\n<td width=\"32%\">viac ako 25%<\/td>\n<td><\/td>\n<td width=\"30%\"><\/td>\n<\/tr>\n<\/tbody>\n<\/table>","protected":false},"excerpt":{"rendered":"<h2>ru\u010dn\u00fd lis na ods\u00e1vanie oleja<\/h2>\n<p>\u010cerstv\u00fd, zdrav\u00fd a chutn\u00fd olej! S\u00a0<strong>lis na olej\u00a0<span style=\"color: #ff0000;\">TO<\/span><span style=\"color: #0000ff;\">R<\/span>c<\/strong> Svoju kuchy\u0148u m\u00f4\u017eete obohati\u0165 t\u00fdmi najlep\u0161\u00edmi \u0161peci\u00e1lnymi olejmi z orechov, z\u0155n alebo semienok bez pr\u00edsad.<\/p>\n<p>Toto <strong>manu\u00e1lna ods\u00e1va\u010dka <span style=\"color: #ff0000;\">TO<\/span><span style=\"color: #0000ff;\">R<\/span>CEAM01<\/strong> M\u00e1 najlep\u0161ie materi\u00e1ly na trhu na v\u00fdrobu vysokokvalitn\u00e9ho oleja s d\u00f4razom na detail, tento ru\u010dn\u00fd lis na olej je vhodn\u00fd pre dom\u00e1ce, amat\u00e9rske alebo profesion\u00e1lne pou\u017eitie. Na z\u00e1klade tradi\u010dn\u00e9ho syst\u00e9mu <strong>\u0165a\u017eba ropy<\/strong> z\u00edskate v\u0161etky nehnute\u013enosti, ktor\u00e9 h\u013ead\u00e1te.<\/p>\n<h6><strong>Z\u00e1ruka\u00a0<span style=\"color: #ff0000;\">TO<\/span><span style=\"color: #0000ff;\">R<\/span>C 2 ROKY<\/strong><\/h6>\n<h6><strong>vr\u00e1tane technickej podpory<\/strong><\/h6>","protected":false},"featured_media":1590,"comment_status":"open","ping_status":"closed","template":"","meta":{"wds_primary_product_brand":0,"wds_primary_product_cat":0},"product_brand":[],"product_cat":[55],"product_tag":[],"class_list":{"0":"post-1582","1":"product","2":"type-product","3":"status-publish","4":"has-post-thumbnail","6":"product_cat-extractor-prensa-de-aceites","7":"product_shipping_class-hosteleria","9":"first","10":"instock","11":"sale","12":"taxable","13":"shipping-taxable","14":"purchasable","15":"product-type-simple"},"yoast_head":"<!-- This site is optimized with the Yoast SEO Premium plugin v24.9 (Yoast SEO v26.1) - https:\/\/yoast.com\/wordpress\/plugins\/seo\/ -->\n<title>Extractor prensa de aceite manual - distribuci\u00f3n ARC<\/title>\n<meta name=\"robots\" content=\"index, follow, max-snippet:-1, max-image-preview:large, max-video-preview:-1\" \/>\n<link rel=\"canonical\" href=\"https:\/\/distribucionarc.com\/sk\/produktov\/rucny-olej-lis-extraktor\/\" \/>\n<meta property=\"og:locale\" content=\"sk_SK\" \/>\n<meta property=\"og:type\" content=\"article\" \/>\n<meta property=\"og:title\" content=\"Extractor prensa de aceite manual\" \/>\n<meta property=\"og:description\" content=\"Extractor prensa de aceite manual \u00a1Aceite fresco, sano y sabroso! Con la\u00a0prensa de aceite\u00a0ARC puedes enriquecer tu cocina con los mejores aceites especiales de frutos secos, granos o semillas sin aditivos.  Este extractor manual ARCEAM01 cuenta con los mejores materiales del mercado para realizar un aceite de gran calidad cuidado sus detalles, esta prensa de aceite manual es la indicada para uso dom\u00e9stico, aficionado o profesional. Bas\u00e1ndose en sistema tradicional de extracci\u00f3n de aceite obtendr\u00e1 todas las propiedas que busca. Garant\u00eda\u00a0ARC 2 A\u00d1OS soporte t\u00e9cnico\u00a0incluido\" \/>\n<meta property=\"og:url\" content=\"https:\/\/distribucionarc.com\/sk\/produktov\/rucny-olej-lis-extraktor\/\" \/>\n<meta property=\"og:site_name\" content=\"distribuci\u00f3n ARC\" \/>\n<meta property=\"article:modified_time\" content=\"2020-09-27T10:24:09+00:00\" \/>\n<meta property=\"og:image\" content=\"https:\/\/distribucionarc.com\/wp-content\/uploads\/2020\/07\/Extractor-prensa-de-aceite-manual-0.jpg\" \/>\n\t<meta property=\"og:image:width\" content=\"1600\" \/>\n\t<meta property=\"og:image:height\" content=\"1600\" \/>\n\t<meta property=\"og:image:type\" content=\"image\/jpeg\" \/>\n<meta name=\"twitter:card\" content=\"summary_large_image\" \/>\n<meta name=\"twitter:label1\" content=\"Predpokladan\u00fd \u010das \u010d\u00edtania\" \/>\n\t<meta name=\"twitter:data1\" content=\"1 min\u00fata\" \/>\n<script type=\"application\/ld+json\" class=\"yoast-schema-graph\">{\"@context\":\"https:\/\/schema.org\",\"@graph\":[{\"@type\":\"WebPage\",\"@id\":\"https:\/\/distribucionarc.com\/bg\/producto\/extractor-prensa-de-aceite-manual\/\",\"url\":\"https:\/\/distribucionarc.com\/bg\/producto\/extractor-prensa-de-aceite-manual\/\",\"name\":\"Extractor prensa de aceite manual - distribuci\u00f3n ARC\",\"isPartOf\":{\"@id\":\"https:\/\/distribucionarc.com\/ro\/#website\"},\"primaryImageOfPage\":{\"@id\":\"https:\/\/distribucionarc.com\/bg\/producto\/extractor-prensa-de-aceite-manual\/#primaryimage\"},\"image\":{\"@id\":\"https:\/\/distribucionarc.com\/bg\/producto\/extractor-prensa-de-aceite-manual\/#primaryimage\"},\"thumbnailUrl\":\"https:\/\/distribucionarc.com\/wp-content\/uploads\/2020\/07\/Extractor-prensa-de-aceite-manual-0.jpg\",\"datePublished\":\"2020-07-28T08:48:48+00:00\",\"dateModified\":\"2020-09-27T10:24:09+00:00\",\"breadcrumb\":{\"@id\":\"https:\/\/distribucionarc.com\/bg\/producto\/extractor-prensa-de-aceite-manual\/#breadcrumb\"},\"inLanguage\":\"sk-SK\",\"potentialAction\":[{\"@type\":\"ReadAction\",\"target\":[\"https:\/\/distribucionarc.com\/bg\/producto\/extractor-prensa-de-aceite-manual\/\"]}]},{\"@type\":\"ImageObject\",\"inLanguage\":\"sk-SK\",\"@id\":\"https:\/\/distribucionarc.com\/bg\/producto\/extractor-prensa-de-aceite-manual\/#primaryimage\",\"url\":\"https:\/\/distribucionarc.com\/wp-content\/uploads\/2020\/07\/Extractor-prensa-de-aceite-manual-0.jpg\",\"contentUrl\":\"https:\/\/distribucionarc.com\/wp-content\/uploads\/2020\/07\/Extractor-prensa-de-aceite-manual-0.jpg\",\"width\":1600,\"height\":1600,\"caption\":\"Extractor prensa de aceite manual\"},{\"@type\":\"BreadcrumbList\",\"@id\":\"https:\/\/distribucionarc.com\/bg\/producto\/extractor-prensa-de-aceite-manual\/#breadcrumb\",\"itemListElement\":[{\"@type\":\"ListItem\",\"position\":1,\"name\":\"Portada\",\"item\":\"https:\/\/distribucionarc.com\/ar\/\"},{\"@type\":\"ListItem\",\"position\":2,\"name\":\"Proizvodi\",\"item\":\"https:\/\/www.distribucionarc.com\/hr\/ducan\/\"},{\"@type\":\"ListItem\",\"position\":3,\"name\":\"Extractor prensa de aceite manual\"}]},{\"@type\":\"WebSite\",\"@id\":\"https:\/\/distribucionarc.com\/ro\/#website\",\"url\":\"https:\/\/distribucionarc.com\/ro\/\",\"name\":\"distribuci\u00f3n ARC\",\"description\":\"Empresa especializada en la fabricaci\u00f3n y distribuci\u00f3n de maquinaria industrial, selladoras de latas, Maquinas de hacer pastillas, Maquinas de cortar carne...\",\"publisher\":{\"@id\":\"https:\/\/distribucionarc.com\/ro\/#organization\"},\"potentialAction\":[{\"@type\":\"SearchAction\",\"target\":{\"@type\":\"EntryPoint\",\"urlTemplate\":\"https:\/\/distribucionarc.com\/ro\/?s={search_term_string}\"},\"query-input\":{\"@type\":\"PropertyValueSpecification\",\"valueRequired\":true,\"valueName\":\"search_term_string\"}}],\"inLanguage\":\"sk-SK\"},{\"@type\":\"Organization\",\"@id\":\"https:\/\/distribucionarc.com\/ro\/#organization\",\"name\":\"Distribuci\u00f3n ARC\",\"url\":\"https:\/\/distribucionarc.com\/ro\/\",\"logo\":{\"@type\":\"ImageObject\",\"inLanguage\":\"sk-SK\",\"@id\":\"https:\/\/distribucionarc.com\/ro\/#\/schema\/logo\/image\/\",\"url\":\"https:\/\/distribucionarc.com\/wp-content\/uploads\/2024\/10\/distribucion-ARC-COLOR-SIN-FONDO-e1732295305345.png\",\"contentUrl\":\"https:\/\/distribucionarc.com\/wp-content\/uploads\/2024\/10\/distribucion-ARC-COLOR-SIN-FONDO-e1732295305345.png\",\"width\":1164,\"height\":558,\"caption\":\"Distribuci\u00f3n ARC\"},\"image\":{\"@id\":\"https:\/\/distribucionarc.com\/ro\/#\/schema\/logo\/image\/\"},\"description\":\"Empresa especializada en la fabricaci\u00f3n y distribuci\u00f3n de maquinaria industrial para los sectores alimentario y farmac\u00e9utico. Nos especializamos en: M\u00e1quinas de cortar carne Fabricaci\u00f3n de comprimidos Sistemas de transporte industrial L\u00edneas de embotellado Dosificadores Y mucho m\u00e1s... Ofrecemos soluciones innovadoras y personalizadas para optimizar los procesos productivos de tu empresa.\",\"email\":\"Admistracion@distribucionarc.com\",\"telephone\":\"+34 643496664\",\"legalName\":\"ARC TECH SOLUTIONS\",\"foundingDate\":\"2024-04-09\",\"vatID\":\"B55480172\",\"numberOfEmployees\":{\"@type\":\"QuantitativeValue\",\"minValue\":\"1\",\"maxValue\":\"10\"}}]}<\/script>\n<!-- \/ Yoast SEO Premium plugin. -->","yoast_head_json":{"title":"Ru\u010dn\u00fd ods\u00e1va\u010d lisu oleja - ARC rozvod","robots":{"index":"index","follow":"follow","max-snippet":"max-snippet:-1","max-image-preview":"max-image-preview:large","max-video-preview":"max-video-preview:-1"},"canonical":"https:\/\/distribucionarc.com\/sk\/produktov\/rucny-olej-lis-extraktor\/","og_locale":"sk_SK","og_type":"article","og_title":"Extractor prensa de aceite manual","og_description":"Extractor prensa de aceite manual \u00a1Aceite fresco, sano y sabroso! Con la\u00a0prensa de aceite\u00a0ARC puedes enriquecer tu cocina con los mejores aceites especiales de frutos secos, granos o semillas sin aditivos.  Este extractor manual ARCEAM01 cuenta con los mejores materiales del mercado para realizar un aceite de gran calidad cuidado sus detalles, esta prensa de aceite manual es la indicada para uso dom\u00e9stico, aficionado o profesional. Bas\u00e1ndose en sistema tradicional de extracci\u00f3n de aceite obtendr\u00e1 todas las propiedas que busca. Garant\u00eda\u00a0ARC 2 A\u00d1OS soporte t\u00e9cnico\u00a0incluido","og_url":"https:\/\/distribucionarc.com\/sk\/produktov\/rucny-olej-lis-extraktor\/","og_site_name":"distribuci\u00f3n ARC","article_modified_time":"2020-09-27T10:24:09+00:00","og_image":[{"width":1600,"height":1600,"url":"https:\/\/distribucionarc.com\/wp-content\/uploads\/2020\/07\/Extractor-prensa-de-aceite-manual-0.jpg","type":"image\/jpeg"}],"twitter_card":"summary_large_image","twitter_misc":{"Predpokladan\u00fd \u010das \u010d\u00edtania":"1 min\u00fata"},"schema":{"@context":"https:\/\/schema.org","@graph":[{"@type":"WebPage","@id":"https:\/\/distribucionarc.com\/bg\/producto\/extractor-prensa-de-aceite-manual\/","url":"https:\/\/distribucionarc.com\/bg\/producto\/extractor-prensa-de-aceite-manual\/","name":"Ru\u010dn\u00fd ods\u00e1va\u010d lisu oleja - ARC rozvod","isPartOf":{"@id":"https:\/\/distribucionarc.com\/ro\/#website"},"primaryImageOfPage":{"@id":"https:\/\/distribucionarc.com\/bg\/producto\/extractor-prensa-de-aceite-manual\/#primaryimage"},"image":{"@id":"https:\/\/distribucionarc.com\/bg\/producto\/extractor-prensa-de-aceite-manual\/#primaryimage"},"thumbnailUrl":"https:\/\/distribucionarc.com\/wp-content\/uploads\/2020\/07\/Extractor-prensa-de-aceite-manual-0.jpg","datePublished":"2020-07-28T08:48:48+00:00","dateModified":"2020-09-27T10:24:09+00:00","breadcrumb":{"@id":"https:\/\/distribucionarc.com\/bg\/producto\/extractor-prensa-de-aceite-manual\/#breadcrumb"},"inLanguage":"sk-SK","potentialAction":[{"@type":"ReadAction","target":["https:\/\/distribucionarc.com\/bg\/producto\/extractor-prensa-de-aceite-manual\/"]}]},{"@type":"ImageObject","inLanguage":"sk-SK","@id":"https:\/\/distribucionarc.com\/bg\/producto\/extractor-prensa-de-aceite-manual\/#primaryimage","url":"https:\/\/distribucionarc.com\/wp-content\/uploads\/2020\/07\/Extractor-prensa-de-aceite-manual-0.jpg","contentUrl":"https:\/\/distribucionarc.com\/wp-content\/uploads\/2020\/07\/Extractor-prensa-de-aceite-manual-0.jpg","width":1600,"height":1600,"caption":"Extractor prensa de aceite manual"},{"@type":"BreadcrumbList","@id":"https:\/\/distribucionarc.com\/bg\/producto\/extractor-prensa-de-aceite-manual\/#breadcrumb","itemListElement":[{"@type":"ListItem","position":1,"name":"Portada","item":"https:\/\/distribucionarc.com\/ar\/"},{"@type":"ListItem","position":2,"name":"Proizvodi","item":"https:\/\/www.distribucionarc.com\/hr\/ducan\/"},{"@type":"ListItem","position":3,"name":"Extractor prensa de aceite manual"}]},{"@type":"WebSite","@id":"https:\/\/distribucionarc.com\/ro\/#website","url":"https:\/\/distribucionarc.com\/ro\/","name":"ARC distrib\u00facia","description":"Spolo\u010dnos\u0165 sa \u0161pecializuje na v\u00fdrobu a distrib\u00faciu priemyseln\u00fdch strojov, strojov na uzatv\u00e1ranie plechoviek, strojov na v\u00fdrobu tabliet, strojov na porciovanie m\u00e4sa...","publisher":{"@id":"https:\/\/distribucionarc.com\/ro\/#organization"},"potentialAction":[{"@type":"SearchAction","target":{"@type":"EntryPoint","urlTemplate":"https:\/\/distribucionarc.com\/ro\/?s={search_term_string}"},"query-input":{"@type":"PropertyValueSpecification","valueRequired":true,"valueName":"search_term_string"}}],"inLanguage":"sk-SK"},{"@type":"Organization","@id":"https:\/\/distribucionarc.com\/ro\/#organization","name":"Distrib\u00facia ARC","url":"https:\/\/distribucionarc.com\/ro\/","logo":{"@type":"ImageObject","inLanguage":"sk-SK","@id":"https:\/\/distribucionarc.com\/ro\/#\/schema\/logo\/image\/","url":"https:\/\/distribucionarc.com\/wp-content\/uploads\/2024\/10\/distribucion-ARC-COLOR-SIN-FONDO-e1732295305345.png","contentUrl":"https:\/\/distribucionarc.com\/wp-content\/uploads\/2024\/10\/distribucion-ARC-COLOR-SIN-FONDO-e1732295305345.png","width":1164,"height":558,"caption":"Distribuci\u00f3n ARC"},"image":{"@id":"https:\/\/distribucionarc.com\/ro\/#\/schema\/logo\/image\/"},"description":"Spolo\u010dnos\u0165 \u0161pecializuj\u00faca sa na v\u00fdrobu a distrib\u00faciu priemyseln\u00fdch strojov pre potravin\u00e1rsky a farmaceutick\u00fd sektor. \u0160pecializujeme sa na: Stroje na kr\u00e1janie m\u00e4sa V\u00fdroba tabliet Priemyseln\u00e9 dopravn\u00e9 syst\u00e9my D\u00e1vkova\u010de na f\u013ea\u0161e A ove\u013ea viac... Pon\u00fakame inovat\u00edvne a prisp\u00f4soben\u00e9 rie\u0161enia na optimaliz\u00e1ciu v\u00fdrobn\u00fdch procesov va\u0161ej spolo\u010dnosti.","email":"Admistracion@distribucionarc.com","telephone":"+34 643496664","legalName":"ARC TECH SOLUTIONS","foundingDate":"2024-04-09","vatID":"B55480172","numberOfEmployees":{"@type":"QuantitativeValue","minValue":"1","maxValue":"10"}}]}},"_links":{"self":[{"href":"https:\/\/distribucionarc.com\/sk\/wp-json\/wp\/v2\/product\/1582","targetHints":{"allow":["GET"]}}],"collection":[{"href":"https:\/\/distribucionarc.com\/sk\/wp-json\/wp\/v2\/product"}],"about":[{"href":"https:\/\/distribucionarc.com\/sk\/wp-json\/wp\/v2\/types\/product"}],"replies":[{"embeddable":true,"href":"https:\/\/distribucionarc.com\/sk\/wp-json\/wp\/v2\/comments?post=1582"}],"version-history":[{"count":0,"href":"https:\/\/distribucionarc.com\/sk\/wp-json\/wp\/v2\/product\/1582\/revisions"}],"wp:featuredmedia":[{"embeddable":true,"href":"https:\/\/distribucionarc.com\/sk\/wp-json\/wp\/v2\/media\/1590"}],"wp:attachment":[{"href":"https:\/\/distribucionarc.com\/sk\/wp-json\/wp\/v2\/media?parent=1582"}],"wp:term":[{"taxonomy":"product_brand","embeddable":true,"href":"https:\/\/distribucionarc.com\/sk\/wp-json\/wp\/v2\/product_brand?post=1582"},{"taxonomy":"product_cat","embeddable":true,"href":"https:\/\/distribucionarc.com\/sk\/wp-json\/wp\/v2\/product_cat?post=1582"},{"taxonomy":"product_tag","embeddable":true,"href":"https:\/\/distribucionarc.com\/sk\/wp-json\/wp\/v2\/product_tag?post=1582"}],"curies":[{"name":"pracovn\u00fd list","href":"https:\/\/api.w.org\/{rel}","templated":true}]}}