{"id":1758,"date":"2020-07-30T12:33:23","date_gmt":"2020-07-30T12:33:23","guid":{"rendered":"https:\/\/distribucionarc.com\/?post_type=product&#038;p=1758"},"modified":"2020-09-27T16:33:52","modified_gmt":"2020-09-27T16:33:52","slug":"ohrievac-jedla-vo-vodnom-kupeli-priemyselnom-5","status":"publish","type":"product","link":"https:\/\/distribucionarc.com\/sk\/producto\/calentador-de-alimentos-al-bano-maria-industrial-5\/","title":{"rendered":"Priemyseln\u00fd ohrieva\u010d na vystavenie jedla v baz\u00e9ne 5"},"content":{"rendered":"<h2>Priemyseln\u00fd ohrieva\u010d jedla Bain-Marie 5<\/h2>\n<p>The\u00a0<strong>najlep\u0161ie ohrieva\u010de vodn\u00e9ho k\u00fape\u013ea<\/strong>\u00a0z\u00a0<strong><span style=\"color: #ff0000;\">TO<\/span><span style=\"color: #0000ff;\">R<\/span>c<\/strong>\u00a0pre zachovanie v\u0161etk\u00fdch chut\u00ed a vlastnost\u00ed va\u0161ich jed\u00e1l. Najlep\u0161\u00ed sp\u00f4sob, ako sa postara\u0165 o svojich klientov.<\/p>\n<p>Kryt a kryt s\u00fa vyroben\u00e9 z nehrdzavej\u00facej ocele, a preto pon\u00fakaj\u00fa najlep\u0161ie podmienky pre hygienick\u00e9 po\u017eiadavky a z\u00e1rove\u0148 s\u00fa ve\u013emi p\u00fatav\u00e9. V\u0161etky jednotky maj\u00fa a\u00a0<strong>vyp\u00fa\u0161\u0165ac\u00ed ventil<\/strong>\u00a0\u010do u\u013eah\u010duje vypr\u00e1zdnenie n\u00e1dr\u017eky na vodu. Okrem toho,\u00a0<strong>ohrieva\u010de vody<\/strong>\u00a0Maj\u00fa sklenen\u00fa ochranu, ktor\u00e1 chr\u00e1ni potraviny pred kontamin\u00e1ciou a z\u00e1rove\u0148 umo\u017e\u0148uje jednoduch\u00e9 vybratie.<\/p>\n<p>Voda sa ohrieva ohrievac\u00edmi telesami a jedlo sa ohrieva rovnomerne a \u0161etrne. Teplotu je mo\u017en\u00e9 nastavi\u0165 od 50 do 200 stup\u0148ov Celzia. Av\u0161ak vzh\u013eadom na princ\u00edp,\u00a0<strong>Teplota jedla nesmie presiahnu\u0165 100\u00b0C<\/strong>\u00a0aby nedo\u0161lo k ich sp\u00e1leniu.<\/p>\n<p>V\u010faka \u0161tandardn\u00fdm rozmerom r\u00f4zne ve\u013ekosti\u00a0<strong>gastron\u00e1doby,<\/strong>\u00a0model<strong><span style=\"color: #ff0000;\"> TO<\/span><span style=\"color: #0000ff;\">R<\/span>CCCA5 <\/strong>M\u00e1 5 n\u00e1dob na ulo\u017eenie v\u00e1\u0161ho riadu.<\/p>\n<h6><strong>Z\u00e1ruka\u00a0<span style=\"color: #ff0000;\">TO<\/span><span style=\"color: #0000ff;\">R<\/span>C 2 ROKY<\/strong><\/h6>\n<h6><span style=\"color: #008000;\">Efekt\u00edvny ohrieva\u010d potrav\u00edn, n\u00edzka spotreba 1350w<\/span><\/h6>\n<h6><strong>vr\u00e1tane technickej podpory<\/strong><\/h6>\n<p>&nbsp;<\/p>\n<table role=\"presentation\" width=\"100%\" cellspacing=\"0\" cellpadding=\"0\">\n<tbody>\n<tr>\n<td class=\"attrLabels\">Zna\u010dka:<\/td>\n<td width=\"50.0%\">ARC<\/td>\n<\/tr>\n<tr>\n<td class=\"attrLabels\">Krajina distrib\u00facie:<\/td>\n<td width=\"50.0%\">\u0160panielsko, Nemecko, USA<\/td>\n<td class=\"attrLabels\">Hmotnos\u0165:<\/td>\n<td width=\"50.0%\">22 kg<\/td>\n<\/tr>\n<tr>\n<td class=\"attrLabels\">Zna\u010dka:<\/td>\n<td width=\"50.0%\">ARC<\/td>\n<td class=\"attrLabels\">v\u00fd\u0161ka:<\/td>\n<td width=\"50.0%\">13 cm<\/td>\n<\/tr>\n<tr>\n<td class=\"attrLabels\">Farba:<\/td>\n<td width=\"50.0%\">Strieborn\u00e1<\/td>\n<td class=\"attrLabels\">Dlh\u00e9:<\/td>\n<td width=\"50.0%\">144 cm<\/td>\n<\/tr>\n<tr>\n<td class=\"attrLabels\">Typ produktu:<\/td>\n<td width=\"50.0%\">ohrieva\u010d jedla<\/td>\n<td class=\"attrLabels\">\u0160irok\u00e1:<\/td>\n<td width=\"50.0%\">35 cm<\/td>\n<\/tr>\n<tr>\n<td class=\"attrLabels\">\u010c\u00edslo v\u00fdrobcu:<\/td>\n<td width=\"50.0%\">ARCCCA5<\/td>\n<td class=\"attrLabels\">V\u00fdkon:<\/td>\n<td width=\"50.0%\">1350 W<\/td>\n<\/tr>\n<tr>\n<td class=\"attrLabels\">Materi\u00e1l:<\/td>\n<td width=\"50.0%\">nerezov\u00e1 oce\u013e, regul\u00e1cia teploty<\/td>\n<td class=\"attrLabels\">vstupn\u00e9 nap\u00e4tie<\/td>\n<td width=\"50.0%\">230V \u2013 50Hz<\/td>\n<\/tr>\n<tr>\n<td class=\"attrLabels\">Z\u00e1ruka:<\/td>\n<td width=\"50.0%\">\u00a0 2 roky<\/td>\n<td class=\"attrLabels\">teplota:<\/td>\n<td width=\"50.0%\">0\u00ba \u2013 200\u00ba C<\/td>\n<\/tr>\n<tr>\n<td class=\"attrLabels\">In\u0161tala\u010dn\u00e9 n\u00e1stroje:<\/td>\n<td width=\"50.0%\">\u00c1no<\/td>\n<td class=\"attrLabels\">N\u00e1doby:<\/td>\n<td width=\"50.0%\">\u00a05 GN 1\/2<\/td>\n<\/tr>\n<\/tbody>\n<\/table>","protected":false},"excerpt":{"rendered":"<h2>Priemyseln\u00fd ohrieva\u010d jedla Bain-Marie 5<\/h2>\n<p>Od<strong>\u00a0<span style=\"color: #ff0000;\">TO<\/span><span style=\"color: #0000ff;\">R<\/span>c<\/strong>\u00a0pon\u00fakame v\u00e1m to najlep\u0161ie\u00a0<strong>ohrieva\u010de jedla s vodou<\/strong>\u00a0v \u0161t\u00fdle bain-marie, aby sa lep\u0161ie zachovala chu\u0165 a text\u00fara.<\/p>\n<p>The\u00a0<strong>profesion\u00e1lne ohrieva\u010de potrav\u00edn\u00a0<span style=\"color: #ff0000;\">TO<\/span><span style=\"color: #0000ff;\">R<\/span>c\u00a0<\/strong>S\u00fa tou najlep\u0161ou mo\u017enos\u0165ou na serv\u00edrovanie a udr\u017eiavanie jedla v teple. Pou\u017e\u00edvaj\u00fa sa v komer\u010dn\u00fdch kuchyniach, re\u0161taur\u00e1ci\u00e1ch, bufetoch, hoteloch \u010di cateringov\u00fdch spolo\u010dnostiach. Zariadenia s\u00fa\u00a0<strong>Navrhnut\u00e9 pre pou\u017eitie v re\u0161taura\u010dnom priemysle<\/strong>\u00a0a v\u017edy udr\u017eujte jedlo pri optim\u00e1lnej teplote.<\/p>\n<h6><strong>Z\u00e1ruka\u00a0<span style=\"color: #ff0000;\">TO<\/span><span style=\"color: #0000ff;\">R<\/span>C 2 ROKY<\/strong><\/h6>\n<h6><span style=\"color: #008000;\">Efekt\u00edvny ohrieva\u010d potrav\u00edn, n\u00edzka spotreba 1350w<\/span><\/h6>\n<h6><strong>vr\u00e1tane technickej podpory<\/strong><\/h6>\n<p>&nbsp;<\/p>\n<p>&nbsp;<\/p>","protected":false},"featured_media":1762,"comment_status":"open","ping_status":"closed","template":"","meta":{"wds_primary_product_brand":0,"wds_primary_product_cat":0},"product_brand":[],"product_cat":[41],"product_tag":[],"class_list":{"0":"post-1758","1":"product","2":"type-product","3":"status-publish","4":"has-post-thumbnail","6":"product_cat-expositor-de-alimentos","7":"product_shipping_class-hosteleria","9":"first","10":"instock","11":"sale","12":"taxable","13":"shipping-taxable","14":"purchasable","15":"product-type-simple"},"yoast_head":"<!-- This site is optimized with the Yoast SEO Premium plugin v24.9 (Yoast SEO v26.1) - https:\/\/yoast.com\/wordpress\/plugins\/seo\/ -->\n<title>Calentador vitrina de alimentos al ba\u00f1o maria industrial 5 - distribuci\u00f3n ARC<\/title>\n<meta name=\"robots\" content=\"index, follow, max-snippet:-1, max-image-preview:large, max-video-preview:-1\" \/>\n<link rel=\"canonical\" href=\"https:\/\/distribucionarc.com\/sk\/produktov\/ohrievac-jedla-vo-vodnom-kupeli-priemyselnom-5\/\" \/>\n<meta property=\"og:locale\" content=\"sk_SK\" \/>\n<meta property=\"og:type\" content=\"article\" \/>\n<meta property=\"og:title\" content=\"Calentador vitrina de alimentos al ba\u00f1o maria industrial 5\" \/>\n<meta property=\"og:description\" content=\"Calentador de alimentos al ba\u00f1o maria industrial 5 Desde\u00a0ARC\u00a0te ofrecemos los mejores\u00a0calentadores de alimentos con agua\u00a0al estilo ba\u00f1o mar\u00eda para conservar mejor el sabor y la textura.  Los\u00a0calentadores de alimentos profesionales de\u00a0ARC\u00a0son la mejor opci\u00f3n para servir y mantener calientes sus platos. Se utilizan en cocinas comerciales, restaurantes, buf\u00e9s, hoteles o empresas de catering. Los dispositivos est\u00e1n\u00a0dise\u00f1ados para su uso en la industria de la restauraci\u00f3n\u00a0y siempre mantienen los alimentos a una temperatura \u00f3ptima. Garant\u00eda\u00a0ARC 2 A\u00d1OS Calentador de alimentos eficiente, bajo consumo 1350w soporte t\u00e9cnico incluido &nbsp;  &nbsp;\" \/>\n<meta property=\"og:url\" content=\"https:\/\/distribucionarc.com\/sk\/produktov\/ohrievac-jedla-vo-vodnom-kupeli-priemyselnom-5\/\" \/>\n<meta property=\"og:site_name\" content=\"distribuci\u00f3n ARC\" \/>\n<meta property=\"article:modified_time\" content=\"2020-09-27T16:33:52+00:00\" \/>\n<meta property=\"og:image\" content=\"https:\/\/distribucionarc.com\/wp-content\/uploads\/2020\/07\/Calentador-de-alimentos-al-ba\u00f1o-mar\u00eda-industrial-5-0.jpg\" \/>\n\t<meta property=\"og:image:width\" content=\"1500\" \/>\n\t<meta property=\"og:image:height\" content=\"1500\" \/>\n\t<meta property=\"og:image:type\" content=\"image\/jpeg\" \/>\n<meta name=\"twitter:card\" content=\"summary_large_image\" \/>\n<meta name=\"twitter:label1\" content=\"Predpokladan\u00fd \u010das \u010d\u00edtania\" \/>\n\t<meta name=\"twitter:data1\" content=\"1 min\u00fata\" \/>\n<script type=\"application\/ld+json\" class=\"yoast-schema-graph\">{\"@context\":\"https:\/\/schema.org\",\"@graph\":[{\"@type\":\"WebPage\",\"@id\":\"https:\/\/distribucionarc.com\/sk\/producto\/calentador-de-alimentos-al-bano-maria-industrial-5\/\",\"url\":\"https:\/\/distribucionarc.com\/sk\/producto\/calentador-de-alimentos-al-bano-maria-industrial-5\/\",\"name\":\"Calentador vitrina de alimentos al ba\u00f1o maria industrial 5 - distribuci\u00f3n ARC\",\"isPartOf\":{\"@id\":\"https:\/\/www.distribucionarc.com\/tr\/#website\"},\"primaryImageOfPage\":{\"@id\":\"https:\/\/distribucionarc.com\/sk\/producto\/calentador-de-alimentos-al-bano-maria-industrial-5\/#primaryimage\"},\"image\":{\"@id\":\"https:\/\/distribucionarc.com\/sk\/producto\/calentador-de-alimentos-al-bano-maria-industrial-5\/#primaryimage\"},\"thumbnailUrl\":\"https:\/\/distribucionarc.com\/wp-content\/uploads\/2020\/07\/Calentador-de-alimentos-al-ba\u00f1o-mar\u00eda-industrial-5-0.jpg\",\"datePublished\":\"2020-07-30T12:33:23+00:00\",\"dateModified\":\"2020-09-27T16:33:52+00:00\",\"breadcrumb\":{\"@id\":\"https:\/\/distribucionarc.com\/sk\/producto\/calentador-de-alimentos-al-bano-maria-industrial-5\/#breadcrumb\"},\"inLanguage\":\"sk-SK\",\"potentialAction\":[{\"@type\":\"ReadAction\",\"target\":[\"https:\/\/distribucionarc.com\/sk\/producto\/calentador-de-alimentos-al-bano-maria-industrial-5\/\"]}]},{\"@type\":\"ImageObject\",\"inLanguage\":\"sk-SK\",\"@id\":\"https:\/\/distribucionarc.com\/sk\/producto\/calentador-de-alimentos-al-bano-maria-industrial-5\/#primaryimage\",\"url\":\"https:\/\/distribucionarc.com\/wp-content\/uploads\/2020\/07\/Calentador-de-alimentos-al-ba\u00f1o-mar\u00eda-industrial-5-0.jpg\",\"contentUrl\":\"https:\/\/distribucionarc.com\/wp-content\/uploads\/2020\/07\/Calentador-de-alimentos-al-ba\u00f1o-mar\u00eda-industrial-5-0.jpg\",\"width\":1500,\"height\":1500,\"caption\":\"Calentador de alimentos al ba\u00f1o mar\u00eda industrial 5\"},{\"@type\":\"BreadcrumbList\",\"@id\":\"https:\/\/distribucionarc.com\/sk\/producto\/calentador-de-alimentos-al-bano-maria-industrial-5\/#breadcrumb\",\"itemListElement\":[{\"@type\":\"ListItem\",\"position\":1,\"name\":\"Portada\",\"item\":\"https:\/\/www.distribucionarc.com\/tr\/\"},{\"@type\":\"ListItem\",\"position\":2,\"name\":\"Produktai\",\"item\":\"https:\/\/distribucionarc.com\/lt\/parduotuve\/\"},{\"@type\":\"ListItem\",\"position\":3,\"name\":\"Calentador vitrina de alimentos al ba\u00f1o maria industrial 5\"}]},{\"@type\":\"WebSite\",\"@id\":\"https:\/\/www.distribucionarc.com\/tr\/#website\",\"url\":\"https:\/\/www.distribucionarc.com\/tr\/\",\"name\":\"distribuci\u00f3n ARC\",\"description\":\"Empresa especializada en la fabricaci\u00f3n y distribuci\u00f3n de maquinaria industrial, selladoras de latas, Maquinas de hacer pastillas, Maquinas de cortar carne...\",\"publisher\":{\"@id\":\"https:\/\/www.distribucionarc.com\/tr\/#organization\"},\"potentialAction\":[{\"@type\":\"SearchAction\",\"target\":{\"@type\":\"EntryPoint\",\"urlTemplate\":\"https:\/\/www.distribucionarc.com\/tr\/?s={search_term_string}\"},\"query-input\":{\"@type\":\"PropertyValueSpecification\",\"valueRequired\":true,\"valueName\":\"search_term_string\"}}],\"inLanguage\":\"sk-SK\"},{\"@type\":\"Organization\",\"@id\":\"https:\/\/www.distribucionarc.com\/tr\/#organization\",\"name\":\"Distribuci\u00f3n ARC\",\"url\":\"https:\/\/www.distribucionarc.com\/tr\/\",\"logo\":{\"@type\":\"ImageObject\",\"inLanguage\":\"sk-SK\",\"@id\":\"https:\/\/www.distribucionarc.com\/tr\/#\/schema\/logo\/image\/\",\"url\":\"https:\/\/distribucionarc.com\/wp-content\/uploads\/2024\/10\/distribucion-ARC-COLOR-SIN-FONDO-e1732295305345.png\",\"contentUrl\":\"https:\/\/distribucionarc.com\/wp-content\/uploads\/2024\/10\/distribucion-ARC-COLOR-SIN-FONDO-e1732295305345.png\",\"width\":1164,\"height\":558,\"caption\":\"Distribuci\u00f3n ARC\"},\"image\":{\"@id\":\"https:\/\/www.distribucionarc.com\/tr\/#\/schema\/logo\/image\/\"},\"description\":\"Empresa especializada en la fabricaci\u00f3n y distribuci\u00f3n de maquinaria industrial para los sectores alimentario y farmac\u00e9utico. Nos especializamos en: M\u00e1quinas de cortar carne Fabricaci\u00f3n de comprimidos Sistemas de transporte industrial L\u00edneas de embotellado Dosificadores Y mucho m\u00e1s... Ofrecemos soluciones innovadoras y personalizadas para optimizar los procesos productivos de tu empresa.\",\"email\":\"Admistracion@distribucionarc.com\",\"telephone\":\"+34 643496664\",\"legalName\":\"ARC TECH SOLUTIONS\",\"foundingDate\":\"2024-04-09\",\"vatID\":\"B55480172\",\"numberOfEmployees\":{\"@type\":\"QuantitativeValue\",\"minValue\":\"1\",\"maxValue\":\"10\"}}]}<\/script>\n<!-- \/ Yoast SEO Premium plugin. -->","yoast_head_json":{"title":"Priemyseln\u00fd ohrieva\u010d na vystavenie jedla v baz\u00e9ne 5 - ARC rozvod","robots":{"index":"index","follow":"follow","max-snippet":"max-snippet:-1","max-image-preview":"max-image-preview:large","max-video-preview":"max-video-preview:-1"},"canonical":"https:\/\/distribucionarc.com\/sk\/produktov\/ohrievac-jedla-vo-vodnom-kupeli-priemyselnom-5\/","og_locale":"sk_SK","og_type":"article","og_title":"Calentador vitrina de alimentos al ba\u00f1o maria industrial 5","og_description":"Calentador de alimentos al ba\u00f1o maria industrial 5 Desde\u00a0ARC\u00a0te ofrecemos los mejores\u00a0calentadores de alimentos con agua\u00a0al estilo ba\u00f1o mar\u00eda para conservar mejor el sabor y la textura.  Los\u00a0calentadores de alimentos profesionales de\u00a0ARC\u00a0son la mejor opci\u00f3n para servir y mantener calientes sus platos. Se utilizan en cocinas comerciales, restaurantes, buf\u00e9s, hoteles o empresas de catering. Los dispositivos est\u00e1n\u00a0dise\u00f1ados para su uso en la industria de la restauraci\u00f3n\u00a0y siempre mantienen los alimentos a una temperatura \u00f3ptima. Garant\u00eda\u00a0ARC 2 A\u00d1OS Calentador de alimentos eficiente, bajo consumo 1350w soporte t\u00e9cnico incluido &nbsp;  &nbsp;","og_url":"https:\/\/distribucionarc.com\/sk\/produktov\/ohrievac-jedla-vo-vodnom-kupeli-priemyselnom-5\/","og_site_name":"distribuci\u00f3n ARC","article_modified_time":"2020-09-27T16:33:52+00:00","og_image":[{"width":1500,"height":1500,"url":"https:\/\/distribucionarc.com\/wp-content\/uploads\/2020\/07\/Calentador-de-alimentos-al-ba\u00f1o-mar\u00eda-industrial-5-0.jpg","type":"image\/jpeg"}],"twitter_card":"summary_large_image","twitter_misc":{"Predpokladan\u00fd \u010das \u010d\u00edtania":"1 min\u00fata"},"schema":{"@context":"https:\/\/schema.org","@graph":[{"@type":"WebPage","@id":"https:\/\/distribucionarc.com\/sk\/producto\/calentador-de-alimentos-al-bano-maria-industrial-5\/","url":"https:\/\/distribucionarc.com\/sk\/producto\/calentador-de-alimentos-al-bano-maria-industrial-5\/","name":"Priemyseln\u00fd ohrieva\u010d na vystavenie jedla v baz\u00e9ne 5 - ARC rozvod","isPartOf":{"@id":"https:\/\/www.distribucionarc.com\/tr\/#website"},"primaryImageOfPage":{"@id":"https:\/\/distribucionarc.com\/sk\/producto\/calentador-de-alimentos-al-bano-maria-industrial-5\/#primaryimage"},"image":{"@id":"https:\/\/distribucionarc.com\/sk\/producto\/calentador-de-alimentos-al-bano-maria-industrial-5\/#primaryimage"},"thumbnailUrl":"https:\/\/distribucionarc.com\/wp-content\/uploads\/2020\/07\/Calentador-de-alimentos-al-ba\u00f1o-mar\u00eda-industrial-5-0.jpg","datePublished":"2020-07-30T12:33:23+00:00","dateModified":"2020-09-27T16:33:52+00:00","breadcrumb":{"@id":"https:\/\/distribucionarc.com\/sk\/producto\/calentador-de-alimentos-al-bano-maria-industrial-5\/#breadcrumb"},"inLanguage":"sk-SK","potentialAction":[{"@type":"ReadAction","target":["https:\/\/distribucionarc.com\/sk\/producto\/calentador-de-alimentos-al-bano-maria-industrial-5\/"]}]},{"@type":"ImageObject","inLanguage":"sk-SK","@id":"https:\/\/distribucionarc.com\/sk\/producto\/calentador-de-alimentos-al-bano-maria-industrial-5\/#primaryimage","url":"https:\/\/distribucionarc.com\/wp-content\/uploads\/2020\/07\/Calentador-de-alimentos-al-ba\u00f1o-mar\u00eda-industrial-5-0.jpg","contentUrl":"https:\/\/distribucionarc.com\/wp-content\/uploads\/2020\/07\/Calentador-de-alimentos-al-ba\u00f1o-mar\u00eda-industrial-5-0.jpg","width":1500,"height":1500,"caption":"Calentador de alimentos al ba\u00f1o mar\u00eda industrial 5"},{"@type":"BreadcrumbList","@id":"https:\/\/distribucionarc.com\/sk\/producto\/calentador-de-alimentos-al-bano-maria-industrial-5\/#breadcrumb","itemListElement":[{"@type":"ListItem","position":1,"name":"Portada","item":"https:\/\/www.distribucionarc.com\/tr\/"},{"@type":"ListItem","position":2,"name":"Produktai","item":"https:\/\/distribucionarc.com\/lt\/parduotuve\/"},{"@type":"ListItem","position":3,"name":"Calentador vitrina de alimentos al ba\u00f1o maria industrial 5"}]},{"@type":"WebSite","@id":"https:\/\/www.distribucionarc.com\/tr\/#website","url":"https:\/\/www.distribucionarc.com\/tr\/","name":"ARC distrib\u00facia","description":"Spolo\u010dnos\u0165 sa \u0161pecializuje na v\u00fdrobu a distrib\u00faciu priemyseln\u00fdch strojov, strojov na uzatv\u00e1ranie plechoviek, strojov na v\u00fdrobu tabliet, strojov na porciovanie m\u00e4sa...","publisher":{"@id":"https:\/\/www.distribucionarc.com\/tr\/#organization"},"potentialAction":[{"@type":"SearchAction","target":{"@type":"EntryPoint","urlTemplate":"https:\/\/www.distribucionarc.com\/tr\/?s={search_term_string}"},"query-input":{"@type":"PropertyValueSpecification","valueRequired":true,"valueName":"search_term_string"}}],"inLanguage":"sk-SK"},{"@type":"Organization","@id":"https:\/\/www.distribucionarc.com\/tr\/#organization","name":"Distrib\u00facia ARC","url":"https:\/\/www.distribucionarc.com\/tr\/","logo":{"@type":"ImageObject","inLanguage":"sk-SK","@id":"https:\/\/www.distribucionarc.com\/tr\/#\/schema\/logo\/image\/","url":"https:\/\/distribucionarc.com\/wp-content\/uploads\/2024\/10\/distribucion-ARC-COLOR-SIN-FONDO-e1732295305345.png","contentUrl":"https:\/\/distribucionarc.com\/wp-content\/uploads\/2024\/10\/distribucion-ARC-COLOR-SIN-FONDO-e1732295305345.png","width":1164,"height":558,"caption":"Distribuci\u00f3n ARC"},"image":{"@id":"https:\/\/www.distribucionarc.com\/tr\/#\/schema\/logo\/image\/"},"description":"Spolo\u010dnos\u0165 \u0161pecializuj\u00faca sa na v\u00fdrobu a distrib\u00faciu priemyseln\u00fdch strojov pre potravin\u00e1rsky a farmaceutick\u00fd sektor. \u0160pecializujeme sa na: Stroje na kr\u00e1janie m\u00e4sa V\u00fdroba tabliet Priemyseln\u00e9 dopravn\u00e9 syst\u00e9my D\u00e1vkova\u010de na f\u013ea\u0161e A ove\u013ea viac... Pon\u00fakame inovat\u00edvne a prisp\u00f4soben\u00e9 rie\u0161enia na optimaliz\u00e1ciu v\u00fdrobn\u00fdch procesov va\u0161ej spolo\u010dnosti.","email":"Admistracion@distribucionarc.com","telephone":"+34 643496664","legalName":"ARC TECH SOLUTIONS","foundingDate":"2024-04-09","vatID":"B55480172","numberOfEmployees":{"@type":"QuantitativeValue","minValue":"1","maxValue":"10"}}]}},"_links":{"self":[{"href":"https:\/\/distribucionarc.com\/sk\/wp-json\/wp\/v2\/product\/1758","targetHints":{"allow":["GET"]}}],"collection":[{"href":"https:\/\/distribucionarc.com\/sk\/wp-json\/wp\/v2\/product"}],"about":[{"href":"https:\/\/distribucionarc.com\/sk\/wp-json\/wp\/v2\/types\/product"}],"replies":[{"embeddable":true,"href":"https:\/\/distribucionarc.com\/sk\/wp-json\/wp\/v2\/comments?post=1758"}],"version-history":[{"count":0,"href":"https:\/\/distribucionarc.com\/sk\/wp-json\/wp\/v2\/product\/1758\/revisions"}],"wp:featuredmedia":[{"embeddable":true,"href":"https:\/\/distribucionarc.com\/sk\/wp-json\/wp\/v2\/media\/1762"}],"wp:attachment":[{"href":"https:\/\/distribucionarc.com\/sk\/wp-json\/wp\/v2\/media?parent=1758"}],"wp:term":[{"taxonomy":"product_brand","embeddable":true,"href":"https:\/\/distribucionarc.com\/sk\/wp-json\/wp\/v2\/product_brand?post=1758"},{"taxonomy":"product_cat","embeddable":true,"href":"https:\/\/distribucionarc.com\/sk\/wp-json\/wp\/v2\/product_cat?post=1758"},{"taxonomy":"product_tag","embeddable":true,"href":"https:\/\/distribucionarc.com\/sk\/wp-json\/wp\/v2\/product_tag?post=1758"}],"curies":[{"name":"pracovn\u00fd list","href":"https:\/\/api.w.org\/{rel}","templated":true}]}}