{"id":17659,"date":"2025-07-29T22:09:56","date_gmt":"2025-07-29T20:09:56","guid":{"rendered":"https:\/\/distribucionarc.com\/?post_type=product&#038;p=17659"},"modified":"2025-07-29T22:09:56","modified_gmt":"2025-07-29T20:09:56","slug":"automaticky-baliaci-stroj-na-5-kil-granulovaneho-ladu","status":"publish","type":"product","link":"https:\/\/distribucionarc.com\/sk\/producto\/maquina-envasadora-automatica-5-kilos-para-hielo-polvos-granulado-2\/","title":{"rendered":"Automatick\u00fd baliaci stroj 5 k\u00edl na granulovan\u00fd pr\u00e1\u0161kov\u00fd \u013ead"},"content":{"rendered":"<h3 data-section-id=\"lq3r78\" data-start=\"744\" data-end=\"830\">\ud83e\uddc3 Automatick\u00fd pneumatick\u00fd baliaci stroj DARZD-720BQ \u2013 v\u0161estrann\u00fd, presn\u00fd a robustn\u00fd<\/h3>\n<p data-start=\"832\" data-end=\"1162\">The <strong data-start=\"835\" data-end=\"884\">Pneumatick\u00fd baliaci stroj model DARZD-720BQ<\/strong> Bol navrhnut\u00fd tak, aby sa prisp\u00f4sobil \u0161irokej \u0161k\u00e1le produktov a vynik\u00e1 svojou schopnos\u0165ou <strong data-start=\"980\" data-end=\"1013\">pr\u00e1ca pri n\u00edzkych teplot\u00e1ch<\/strong> a bal\u00edk <strong data-start=\"1024\" data-end=\"1067\">od 60 gramov do 5 kilogramov na vrecko<\/strong>, v\u010faka \u010domu je ide\u00e1lnym rie\u0161en\u00edm pre potravin\u00e1rsky aj priemyseln\u00fd sektor.<\/p>\n<p data-start=\"1164\" data-end=\"1586\">Jednou z jeho najv\u00fdraznej\u0161\u00edch vlastnost\u00ed je jeho schopnos\u0165 <strong data-start=\"1227\" data-end=\"1274\">v\u00fdroba 60g vrec\u00fa\u0161ok na \u013ead<\/strong>v\u010faka svojej robustnej kon\u0161trukcii a vn\u00fatorn\u00fdm komponentom pripraven\u00fdm odol\u00e1va\u0165 chladn\u00e9mu a vlhk\u00e9mu prostrediu bez ovplyvnenia jeho v\u00fdkonu. Okrem toho jeho pneumatick\u00fd syst\u00e9m a jeho dizajn <strong data-start=\"1454\" data-end=\"1485\">zadn\u00e9 tesnenie<\/strong> Umo\u017e\u0148uj\u00fa vzduchotesn\u00e9, odoln\u00e9 a presn\u00e9 balenie, a to aj pri krehk\u00fdch alebo mokr\u00fdch produktoch.<\/p>\n<h3 data-section-id=\"1imxdde\" data-start=\"1588\" data-end=\"1630\">\u2705 Ide\u00e1lne produkty pre tento stroj:<\/h3>\n<h4 data-start=\"1632\" data-end=\"1667\">\ud83e\uddca <strong data-start=\"1640\" data-end=\"1667\">Chladen\u00e9 v\u00fdrobky:<\/strong><\/h4>\n<ul data-start=\"1668\" data-end=\"1797\">\n<li data-start=\"1668\" data-end=\"1714\">\n<p data-start=\"1670\" data-end=\"1714\">Vrecia z <strong data-start=\"1680\" data-end=\"1700\">kocky \u013eadu<\/strong> (60 g \u2013 5 kg)<\/p>\n<\/li>\n<li data-start=\"1715\" data-end=\"1765\">\n<p data-start=\"1717\" data-end=\"1765\"><strong data-start=\"1717\" data-end=\"1740\">Mrazen\u00e1 zelenina<\/strong>, nasekan\u00e9 alebo porciovan\u00e9<\/p>\n<\/li>\n<li data-start=\"1766\" data-end=\"1797\">\n<p data-start=\"1768\" data-end=\"1797\"><strong data-start=\"1768\" data-end=\"1797\">Mrazen\u00e9 nakr\u00e1jan\u00e9 ovocie<\/strong><\/p>\n<\/li>\n<\/ul>\n<h4 data-start=\"1799\" data-end=\"1838\">\ud83e\udd5c <strong data-start=\"1807\" data-end=\"1838\">Such\u00e9 a sypk\u00e9 produkty:<\/strong><\/h4>\n<ul data-start=\"1839\" data-end=\"1970\">\n<li data-start=\"1839\" data-end=\"1872\">\n<p data-start=\"1841\" data-end=\"1872\"><strong data-start=\"1841\" data-end=\"1872\">Obilniny, ry\u017ea a strukoviny<\/strong><\/p>\n<\/li>\n<li data-start=\"1873\" data-end=\"1902\">\n<p data-start=\"1875\" data-end=\"1902\"><strong data-start=\"1875\" data-end=\"1902\">Orechy a semen\u00e1<\/strong><\/p>\n<\/li>\n<li data-start=\"1903\" data-end=\"1938\">\n<p data-start=\"1905\" data-end=\"1938\"><strong data-start=\"1905\" data-end=\"1938\">M\u00faky a potravin\u00e1rske pr\u00e1\u0161ky<\/strong><\/p>\n<\/li>\n<li data-start=\"1939\" data-end=\"1970\">\n<p data-start=\"1941\" data-end=\"1970\"><strong data-start=\"1941\" data-end=\"1970\">K\u00e1vov\u00e9 granule alebo cukor<\/strong><\/p>\n<\/li>\n<\/ul>\n<h4 data-start=\"1972\" data-end=\"2010\">\ud83e\uddea <strong data-start=\"1980\" data-end=\"2010\">Nepotravin\u00e1rske v\u00fdrobky:<\/strong><\/h4>\n<ul data-start=\"2011\" data-end=\"2101\">\n<li data-start=\"2011\" data-end=\"2037\">\n<p data-start=\"2013\" data-end=\"2037\"><strong data-start=\"2013\" data-end=\"2037\">Pr\u00e1\u0161kov\u00e9 pracie prostriedky<\/strong><\/p>\n<\/li>\n<li data-start=\"2038\" data-end=\"2073\">\n<p data-start=\"2040\" data-end=\"2073\"><strong data-start=\"2040\" data-end=\"2073\">Granulovan\u00e9 chemik\u00e1lie<\/strong><\/p>\n<\/li>\n<li data-start=\"2074\" data-end=\"2101\">\n<p data-start=\"2076\" data-end=\"2101\"><strong data-start=\"2076\" data-end=\"2101\">Pevn\u00e9 hnojiv\u00e1<\/strong><\/p>\n<\/li>\n<\/ul>\n<p data-start=\"2103\" data-end=\"2367\">V\u010faka svojej schopnosti <strong data-start=\"2129\" data-end=\"2176\">upravte d\u013a\u017eku n\u00e1doby medzi 3 a 40 cm<\/strong>a jeho rozsah <strong data-start=\"2192\" data-end=\"2214\">Film 61 a\u017e 72 cm<\/strong>, \u013eahko sa prisp\u00f4sob\u00ed r\u00f4znym form\u00e1tom ta\u0161iek. Okrem toho dok\u00e1\u017ee pracova\u0165 r\u00fdchlos\u0165ou <strong data-start=\"2311\" data-end=\"2339\">5 a\u017e 10 vreciek za min\u00fatu<\/strong>s presnos\u0165ou \u00b12 g.<\/p>\n<p data-start=\"2369\" data-end=\"2613\">Je vybaven\u00fd kvalitn\u00fdmi komponentmi, motorom s v\u00fdkonom 1000 W a je kompatibiln\u00fd s nap\u00e4t\u00edm 110 V alebo 220 V, 50\u201360 Hz. V\u010faka certifik\u00e1cii CE a robustnej oce\u013eovej kon\u0161trukcii je ide\u00e1lny pre n\u00e1ro\u010dn\u00e9 \u00falohy a kontinu\u00e1lne v\u00fdrobn\u00e9 linky.<\/p>\n<hr data-start=\"2615\" data-end=\"2618\" \/>\n<h3 data-section-id=\"nfhvb4\" data-start=\"2620\" data-end=\"2652\">\ud83d\udcca Technick\u00e9 \u0161pecifik\u00e1cie<\/h3>\n<div class=\"_tableContainer_80l1q_1\">\n<div class=\"_tableWrapper_80l1q_14 group flex w-fit flex-col-reverse\" tabindex=\"-1\">\n<table class=\"w-fit min-w-(--thread-content-width)\" data-start=\"2654\" data-end=\"3905\">\n<thead data-start=\"2654\" data-end=\"2737\">\n<tr data-start=\"2654\" data-end=\"2737\">\n<th data-start=\"2654\" data-end=\"2690\" data-col-size=\"sm\"><strong data-start=\"2656\" data-end=\"2674\">Funkcia<\/strong><\/th>\n<th data-start=\"2690\" data-end=\"2737\" data-col-size=\"sm\"><strong data-start=\"2692\" data-end=\"2710\">\u0160pecifik\u00e1cia<\/strong><\/th>\n<\/tr>\n<\/thead>\n<tbody data-start=\"2821\" data-end=\"3905\">\n<tr data-start=\"2821\" data-end=\"2903\">\n<td data-start=\"2821\" data-end=\"2856\" data-col-size=\"sm\">Model produktu<\/td>\n<td data-start=\"2856\" data-end=\"2903\" data-col-size=\"sm\">DARZD-720BQ<\/td>\n<\/tr>\n<tr data-start=\"2904\" data-end=\"2986\">\n<td data-start=\"2904\" data-end=\"2939\" data-col-size=\"sm\">Typ tesnenia<\/td>\n<td data-start=\"2939\" data-end=\"2986\" data-col-size=\"sm\">Zadn\u00e9 tesnenie<\/td>\n<\/tr>\n<tr data-start=\"2987\" data-end=\"3070\">\n<td data-start=\"2987\" data-end=\"3022\" data-col-size=\"sm\">Rozsah v\u00e1\u017eenia<\/td>\n<td data-start=\"3022\" data-end=\"3070\" data-col-size=\"sm\">50 \u2013 5000 g<\/td>\n<\/tr>\n<tr data-start=\"3071\" data-end=\"3154\">\n<td data-start=\"3071\" data-end=\"3106\" data-col-size=\"sm\">R\u00fdchlos\u0165 balenia<\/td>\n<td data-start=\"3106\" data-end=\"3154\" data-col-size=\"sm\">5 \u2013 10 vreciek\/min\u00fatu<\/td>\n<\/tr>\n<tr data-start=\"3155\" data-end=\"3238\">\n<td data-start=\"3155\" data-end=\"3190\" data-col-size=\"sm\">D\u013a\u017eka kontajnera<\/td>\n<td data-start=\"3190\" data-end=\"3238\" data-col-size=\"sm\">3 \u2013 40 cm<\/td>\n<\/tr>\n<tr data-start=\"3239\" data-end=\"3322\">\n<td data-start=\"3239\" data-end=\"3274\" data-col-size=\"sm\">\u0160\u00edrka kontajnera<\/td>\n<td data-start=\"3274\" data-end=\"3322\" data-col-size=\"sm\">29 \u2013 35 cm<\/td>\n<\/tr>\n<tr data-start=\"3323\" data-end=\"3406\">\n<td data-start=\"3323\" data-end=\"3358\" data-col-size=\"sm\">\u0160\u00edrka filmu<\/td>\n<td data-start=\"3358\" data-end=\"3406\" data-col-size=\"sm\">61 \u2013 72 cm<\/td>\n<\/tr>\n<tr data-start=\"3407\" data-end=\"3489\">\n<td data-start=\"3407\" data-end=\"3442\" data-col-size=\"sm\">Presnos\u0165 balenia<\/td>\n<td data-start=\"3442\" data-end=\"3489\" data-col-size=\"sm\">\u00b12 g (v z\u00e1vislosti od materi\u00e1lu)<\/td>\n<\/tr>\n<tr data-start=\"3490\" data-end=\"3572\">\n<td data-start=\"3490\" data-end=\"3525\" data-col-size=\"sm\">Aplik\u00e1cia<\/td>\n<td data-start=\"3525\" data-end=\"3572\" data-col-size=\"sm\">Pr\u00e1\u0161ky \/ Granule \/ \u013dad \/ Mrazen\u00e9<\/td>\n<\/tr>\n<tr data-start=\"3573\" data-end=\"3655\">\n<td data-start=\"3573\" data-end=\"3608\" data-col-size=\"sm\">Nap\u00e4tie<\/td>\n<td data-start=\"3608\" data-end=\"3655\" data-col-size=\"sm\">110 V \/ 220 V, 50 Hz \u2013 60 Hz<\/td>\n<\/tr>\n<tr data-start=\"3656\" data-end=\"3738\">\n<td data-start=\"3656\" data-end=\"3691\" data-col-size=\"sm\">V\u00fdkon motora<\/td>\n<td data-start=\"3691\" data-end=\"3738\" data-col-size=\"sm\">1000 W<\/td>\n<\/tr>\n<tr data-start=\"3739\" data-end=\"3821\">\n<td data-start=\"3739\" data-end=\"3774\" data-col-size=\"sm\">Hmotnos\u0165 stroja<\/td>\n<td data-start=\"3774\" data-end=\"3821\" data-col-size=\"sm\">nie je \u0161pecifikovan\u00e9<\/td>\n<\/tr>\n<tr data-start=\"3822\" data-end=\"3905\">\n<td data-start=\"3822\" data-end=\"3857\" data-col-size=\"sm\">Rozmery stroja<\/td>\n<td data-start=\"3857\" data-end=\"3905\" data-col-size=\"sm\">890 \u00d7 1040 \u00d7 2360 mm<\/td>\n<\/tr>\n<\/tbody>\n<\/table>\n<p>&nbsp;<\/p>\n<\/div>\n<\/div>\n<div style=\"border: 2px solid #0c2a6b; border-radius: 10px; padding: 20px; background-color: #ffffff; font-family: 'Swis 721', sans-serif; color: #0c2a6b;\">\n<h2 style=\"color: #0c2a6b; font-family: 'Heavitas', sans-serif; font-size: 22px; margin-top: 0;\">\ud83d\udd27 Podpora ARC pre v\u00e1\u0161 po\u010d\u00edta\u010d<\/h2>\n<p>V spolo\u010dnosti ARC Distribution sa zav\u00e4zujeme poskytova\u0165 komplexn\u00fd popredajn\u00fd servis. Toto s\u00fa z\u00e1kladn\u00e9 n\u00e1stroje dostupn\u00e9 pre tento stroj:<\/p>\n<div style=\"display: flex; flex-direction: column; gap: 15px; margin-top: 15px;\">\n<div style=\"border-left: 5px solid #7aadd2; padding-left: 15px;\">\n<h3 style=\"margin: 0; font-size: 18px;\">\ud83d\udee0\ufe0f Medzin\u00e1rodn\u00fd technick\u00fd servis<\/h3>\n<p style=\"margin: 5px 0;\">N\u00e1jdite si servisn\u00e9 stredisko pod\u013ea krajiny a lokality. Certifikovan\u00fd profesion\u00e1lny technick\u00fd servis.<\/p>\n<p><a style=\"color: #0c2a6b; text-decoration: underline;\" href=\"https:\/\/distribucionarc.com\/sk\/technicka-sluzba\/\" target=\"_blank\" rel=\"noopener\">Pozri technick\u00fd servis<\/a><\/p>\n<\/div>\n<div style=\"border-left: 5px solid #7aadd2; padding-left: 15px;\">\n<h3 style=\"margin: 0; font-size: 18px;\">\ud83e\uddea Prevent\u00edvna \u00fadr\u017eba<\/h3>\n<p style=\"margin: 5px 0;\">Pred\u013a\u017ete \u017eivotnos\u0165 svojho stroja pravideln\u00fdmi kontrolami, technick\u00fdm \u010disten\u00edm a \u0161pecializovan\u00fdmi nastaveniami.<\/p>\n<p><a style=\"color: #0c2a6b; text-decoration: underline;\" href=\"https:\/\/distribucionarc.com\/sk\/obluk-preventivna-udrzba\/\" target=\"_blank\" rel=\"noopener\">Pozri pl\u00e1n \u00fadr\u017eby<\/a><\/p>\n<\/div>\n<div style=\"border-left: 5px solid #7aadd2; padding-left: 15px;\">\n<h3 style=\"margin: 0; font-size: 18px;\">\ud83d\udcc4 Z\u00e1ruka ARC \u2013 Typ A<\/h3>\n<p style=\"margin: 5px 0;\">Na tento stroj sa vz\u0165ahuje z\u00e1ruka typu A, ktor\u00e1 zah\u0155\u0148a opravu, n\u00e1hradn\u00e9 diely a pln\u00fa podporu po\u010das krytej doby.<\/p>\n<p><a style=\"color: #0c2a6b; text-decoration: underline;\" href=\"https:\/\/distribucionarc.com\/sk\/zaruka-distribucia-obluk\/\" target=\"_blank\" rel=\"noopener\">Skontrolujte z\u00e1ru\u010dn\u00e9 podmienky<\/a><\/p>\n<\/div>\n<\/div>\n<\/div>\n<p>&nbsp;<\/p>","protected":false},"excerpt":{"rendered":"<p>Automatick\u00fd pneumatick\u00fd baliaci stroj ide\u00e1lny na pr\u00e1\u0161ky, granule a dokonca aj vreck\u00e1 na \u013eadov\u00e9 kocky. Je schopn\u00fd pracova\u0165 pri n\u00edzkych teplot\u00e1ch, bali\u0165 od 60 g do 5 kg a prisp\u00f4sobi\u0165 sa \u0161irokej \u0161k\u00e1le potravin\u00e1rskych a priemyseln\u00fdch v\u00fdrobkov.<\/p>","protected":false},"featured_media":17648,"comment_status":"open","ping_status":"closed","template":"","meta":{"wds_primary_product_brand":0,"wds_primary_product_cat":0},"product_brand":[],"product_cat":[22,15,21],"product_tag":[],"class_list":{"0":"post-17659","1":"product","2":"type-product","3":"status-publish","4":"has-post-thumbnail","6":"product_cat-llenadora-de-bolsas-granos-y-polvo","7":"product_cat-llenadoras-y-selladoras-automaticas-flow-pack-sachet","8":"product_cat-maquinas-llenadoras","9":"product_shipping_class-express","11":"first","12":"instock","13":"taxable","14":"shipping-taxable","15":"purchasable","16":"product-type-simple"},"yoast_head":"<!-- This site is optimized with the Yoast SEO Premium plugin v24.9 (Yoast SEO v26.1) - https:\/\/yoast.com\/wordpress\/plugins\/seo\/ -->\n<title>M\u00e1quina Envasadora Autom\u00e1tica 5 kilos Para Hielo Polvos Granulado - distribuci\u00f3n ARC<\/title>\n<meta name=\"description\" content=\"Envasadora neum\u00e1tica DARZD-720BQ para hielo en cubitos, polvos, granulados y bolsas de hasta 5 kg. Trabaja a bajas temperaturas. Precisa, resistente y vers\u00e1til.\" \/>\n<meta name=\"robots\" content=\"index, follow, max-snippet:-1, max-image-preview:large, max-video-preview:-1\" \/>\n<link rel=\"canonical\" href=\"https:\/\/distribucionarc.com\/sk\/produktov\/automaticky-baliaci-stroj-na-5-kil-granulovaneho-ladu\/\" \/>\n<meta property=\"og:locale\" content=\"sk_SK\" \/>\n<meta property=\"og:type\" content=\"article\" \/>\n<meta property=\"og:title\" content=\"M\u00e1quina Envasadora Autom\u00e1tica 5 kilos Para Hielo Polvos Granulado\" \/>\n<meta property=\"og:description\" content=\"Envasadora neum\u00e1tica DARZD-720BQ para hielo en cubitos, polvos, granulados y bolsas de hasta 5 kg. Trabaja a bajas temperaturas. Precisa, resistente y vers\u00e1til.\" \/>\n<meta property=\"og:url\" content=\"https:\/\/distribucionarc.com\/sk\/produktov\/automaticky-baliaci-stroj-na-5-kil-granulovaneho-ladu\/\" \/>\n<meta property=\"og:site_name\" content=\"distribuci\u00f3n ARC\" \/>\n<meta property=\"og:image\" content=\"https:\/\/distribucionarc.com\/wp-content\/uploads\/2025\/07\/Maquina-envasadora-automatica-para-hielo-en-cubitos.jpg\" \/>\n\t<meta property=\"og:image:width\" content=\"800\" \/>\n\t<meta property=\"og:image:height\" content=\"800\" \/>\n\t<meta property=\"og:image:type\" content=\"image\/jpeg\" \/>\n<meta name=\"twitter:card\" content=\"summary_large_image\" \/>\n<meta name=\"twitter:label1\" content=\"Predpokladan\u00fd \u010das \u010d\u00edtania\" \/>\n\t<meta name=\"twitter:data1\" content=\"3 min\u00faty\" \/>\n<script type=\"application\/ld+json\" class=\"yoast-schema-graph\">{\"@context\":\"https:\/\/schema.org\",\"@graph\":[{\"@type\":\"WebPage\",\"@id\":\"https:\/\/distribucionarc.com\/pt\/producto\/maquina-envasadora-automatica-5-kilos-para-hielo-polvos-granulado-2\/\",\"url\":\"https:\/\/distribucionarc.com\/pt\/producto\/maquina-envasadora-automatica-5-kilos-para-hielo-polvos-granulado-2\/\",\"name\":\"M\u00e1quina Envasadora Autom\u00e1tica 5 kilos Para Hielo Polvos Granulado - distribuci\u00f3n ARC\",\"isPartOf\":{\"@id\":\"https:\/\/www.distribucionarc.com\/sl\/#website\"},\"primaryImageOfPage\":{\"@id\":\"https:\/\/distribucionarc.com\/pt\/producto\/maquina-envasadora-automatica-5-kilos-para-hielo-polvos-granulado-2\/#primaryimage\"},\"image\":{\"@id\":\"https:\/\/distribucionarc.com\/pt\/producto\/maquina-envasadora-automatica-5-kilos-para-hielo-polvos-granulado-2\/#primaryimage\"},\"thumbnailUrl\":\"https:\/\/distribucionarc.com\/wp-content\/uploads\/2025\/07\/Maquina-envasadora-automatica-para-hielo-en-cubitos.jpg\",\"datePublished\":\"2025-07-29T20:09:56+00:00\",\"description\":\"Envasadora neum\u00e1tica DARZD-720BQ para hielo en cubitos, polvos, granulados y bolsas de hasta 5 kg. Trabaja a bajas temperaturas. Precisa, resistente y vers\u00e1til.\",\"breadcrumb\":{\"@id\":\"https:\/\/distribucionarc.com\/pt\/producto\/maquina-envasadora-automatica-5-kilos-para-hielo-polvos-granulado-2\/#breadcrumb\"},\"inLanguage\":\"sk-SK\",\"potentialAction\":[{\"@type\":\"ReadAction\",\"target\":[\"https:\/\/distribucionarc.com\/pt\/producto\/maquina-envasadora-automatica-5-kilos-para-hielo-polvos-granulado-2\/\"]}]},{\"@type\":\"ImageObject\",\"inLanguage\":\"sk-SK\",\"@id\":\"https:\/\/distribucionarc.com\/pt\/producto\/maquina-envasadora-automatica-5-kilos-para-hielo-polvos-granulado-2\/#primaryimage\",\"url\":\"https:\/\/distribucionarc.com\/wp-content\/uploads\/2025\/07\/Maquina-envasadora-automatica-para-hielo-en-cubitos.jpg\",\"contentUrl\":\"https:\/\/distribucionarc.com\/wp-content\/uploads\/2025\/07\/Maquina-envasadora-automatica-para-hielo-en-cubitos.jpg\",\"width\":800,\"height\":800,\"caption\":\"M\u00e1quina envasadora DARZD-720BQ en proceso de empaquetado de bolsas de cubitos de hielo de 60 g\"},{\"@type\":\"BreadcrumbList\",\"@id\":\"https:\/\/distribucionarc.com\/pt\/producto\/maquina-envasadora-automatica-5-kilos-para-hielo-polvos-granulado-2\/#breadcrumb\",\"itemListElement\":[{\"@type\":\"ListItem\",\"position\":1,\"name\":\"Portada\",\"item\":\"https:\/\/www.distribucionarc.com\/\"},{\"@type\":\"ListItem\",\"position\":2,\"name\":\"\u00dcr\u00fcnler\",\"item\":\"https:\/\/www.distribucionarc.com\/tr\/magaza\/\"},{\"@type\":\"ListItem\",\"position\":3,\"name\":\"M\u00e1quina Envasadora Autom\u00e1tica 5 kilos Para Hielo Polvos Granulado\"}]},{\"@type\":\"WebSite\",\"@id\":\"https:\/\/www.distribucionarc.com\/sl\/#website\",\"url\":\"https:\/\/www.distribucionarc.com\/sl\/\",\"name\":\"distribuci\u00f3n ARC\",\"description\":\"Empresa especializada en la fabricaci\u00f3n y distribuci\u00f3n de maquinaria industrial, selladoras de latas, Maquinas de hacer pastillas, Maquinas de cortar carne...\",\"publisher\":{\"@id\":\"https:\/\/www.distribucionarc.com\/sl\/#organization\"},\"potentialAction\":[{\"@type\":\"SearchAction\",\"target\":{\"@type\":\"EntryPoint\",\"urlTemplate\":\"https:\/\/www.distribucionarc.com\/sl\/?s={search_term_string}\"},\"query-input\":{\"@type\":\"PropertyValueSpecification\",\"valueRequired\":true,\"valueName\":\"search_term_string\"}}],\"inLanguage\":\"sk-SK\"},{\"@type\":\"Organization\",\"@id\":\"https:\/\/www.distribucionarc.com\/sl\/#organization\",\"name\":\"Distribuci\u00f3n ARC\",\"url\":\"https:\/\/www.distribucionarc.com\/sl\/\",\"logo\":{\"@type\":\"ImageObject\",\"inLanguage\":\"sk-SK\",\"@id\":\"https:\/\/www.distribucionarc.com\/sl\/#\/schema\/logo\/image\/\",\"url\":\"https:\/\/distribucionarc.com\/wp-content\/uploads\/2024\/10\/distribucion-ARC-COLOR-SIN-FONDO-e1732295305345.png\",\"contentUrl\":\"https:\/\/distribucionarc.com\/wp-content\/uploads\/2024\/10\/distribucion-ARC-COLOR-SIN-FONDO-e1732295305345.png\",\"width\":1164,\"height\":558,\"caption\":\"Distribuci\u00f3n ARC\"},\"image\":{\"@id\":\"https:\/\/www.distribucionarc.com\/sl\/#\/schema\/logo\/image\/\"},\"description\":\"Empresa especializada en la fabricaci\u00f3n y distribuci\u00f3n de maquinaria industrial para los sectores alimentario y farmac\u00e9utico. Nos especializamos en: M\u00e1quinas de cortar carne Fabricaci\u00f3n de comprimidos Sistemas de transporte industrial L\u00edneas de embotellado Dosificadores Y mucho m\u00e1s... Ofrecemos soluciones innovadoras y personalizadas para optimizar los procesos productivos de tu empresa.\",\"email\":\"Admistracion@distribucionarc.com\",\"telephone\":\"+34 643496664\",\"legalName\":\"ARC TECH SOLUTIONS\",\"foundingDate\":\"2024-04-09\",\"vatID\":\"B55480172\",\"numberOfEmployees\":{\"@type\":\"QuantitativeValue\",\"minValue\":\"1\",\"maxValue\":\"10\"}}]}<\/script>\n<!-- \/ Yoast SEO Premium plugin. -->","yoast_head_json":{"title":"Automatick\u00fd baliaci stroj 5 kg na granulovan\u00fd \u013ead - distrib\u00facia ARC","description":"Pneumatick\u00fd baliaci stroj DARZD-720BQ na kocky \u013eadu, pr\u00e1\u0161ky, granule a vreck\u00e1 do 5 kg. Pracuje pri n\u00edzkych teplot\u00e1ch. Presn\u00fd, odoln\u00fd a v\u0161estrann\u00fd.","robots":{"index":"index","follow":"follow","max-snippet":"max-snippet:-1","max-image-preview":"max-image-preview:large","max-video-preview":"max-video-preview:-1"},"canonical":"https:\/\/distribucionarc.com\/sk\/produktov\/automaticky-baliaci-stroj-na-5-kil-granulovaneho-ladu\/","og_locale":"sk_SK","og_type":"article","og_title":"M\u00e1quina Envasadora Autom\u00e1tica 5 kilos Para Hielo Polvos Granulado","og_description":"Envasadora neum\u00e1tica DARZD-720BQ para hielo en cubitos, polvos, granulados y bolsas de hasta 5 kg. Trabaja a bajas temperaturas. Precisa, resistente y vers\u00e1til.","og_url":"https:\/\/distribucionarc.com\/sk\/produktov\/automaticky-baliaci-stroj-na-5-kil-granulovaneho-ladu\/","og_site_name":"distribuci\u00f3n ARC","og_image":[{"width":800,"height":800,"url":"https:\/\/distribucionarc.com\/wp-content\/uploads\/2025\/07\/Maquina-envasadora-automatica-para-hielo-en-cubitos.jpg","type":"image\/jpeg"}],"twitter_card":"summary_large_image","twitter_misc":{"Predpokladan\u00fd \u010das \u010d\u00edtania":"3 min\u00faty"},"schema":{"@context":"https:\/\/schema.org","@graph":[{"@type":"WebPage","@id":"https:\/\/distribucionarc.com\/pt\/producto\/maquina-envasadora-automatica-5-kilos-para-hielo-polvos-granulado-2\/","url":"https:\/\/distribucionarc.com\/pt\/producto\/maquina-envasadora-automatica-5-kilos-para-hielo-polvos-granulado-2\/","name":"Automatick\u00fd baliaci stroj 5 kg na granulovan\u00fd \u013ead - distrib\u00facia ARC","isPartOf":{"@id":"https:\/\/www.distribucionarc.com\/sl\/#website"},"primaryImageOfPage":{"@id":"https:\/\/distribucionarc.com\/pt\/producto\/maquina-envasadora-automatica-5-kilos-para-hielo-polvos-granulado-2\/#primaryimage"},"image":{"@id":"https:\/\/distribucionarc.com\/pt\/producto\/maquina-envasadora-automatica-5-kilos-para-hielo-polvos-granulado-2\/#primaryimage"},"thumbnailUrl":"https:\/\/distribucionarc.com\/wp-content\/uploads\/2025\/07\/Maquina-envasadora-automatica-para-hielo-en-cubitos.jpg","datePublished":"2025-07-29T20:09:56+00:00","description":"Pneumatick\u00fd baliaci stroj DARZD-720BQ na kocky \u013eadu, pr\u00e1\u0161ky, granule a vreck\u00e1 do 5 kg. Pracuje pri n\u00edzkych teplot\u00e1ch. Presn\u00fd, odoln\u00fd a v\u0161estrann\u00fd.","breadcrumb":{"@id":"https:\/\/distribucionarc.com\/pt\/producto\/maquina-envasadora-automatica-5-kilos-para-hielo-polvos-granulado-2\/#breadcrumb"},"inLanguage":"sk-SK","potentialAction":[{"@type":"ReadAction","target":["https:\/\/distribucionarc.com\/pt\/producto\/maquina-envasadora-automatica-5-kilos-para-hielo-polvos-granulado-2\/"]}]},{"@type":"ImageObject","inLanguage":"sk-SK","@id":"https:\/\/distribucionarc.com\/pt\/producto\/maquina-envasadora-automatica-5-kilos-para-hielo-polvos-granulado-2\/#primaryimage","url":"https:\/\/distribucionarc.com\/wp-content\/uploads\/2025\/07\/Maquina-envasadora-automatica-para-hielo-en-cubitos.jpg","contentUrl":"https:\/\/distribucionarc.com\/wp-content\/uploads\/2025\/07\/Maquina-envasadora-automatica-para-hielo-en-cubitos.jpg","width":800,"height":800,"caption":"M\u00e1quina envasadora DARZD-720BQ en proceso de empaquetado de bolsas de cubitos de hielo de 60 g"},{"@type":"BreadcrumbList","@id":"https:\/\/distribucionarc.com\/pt\/producto\/maquina-envasadora-automatica-5-kilos-para-hielo-polvos-granulado-2\/#breadcrumb","itemListElement":[{"@type":"ListItem","position":1,"name":"Portada","item":"https:\/\/www.distribucionarc.com\/"},{"@type":"ListItem","position":2,"name":"\u00dcr\u00fcnler","item":"https:\/\/www.distribucionarc.com\/tr\/magaza\/"},{"@type":"ListItem","position":3,"name":"M\u00e1quina Envasadora Autom\u00e1tica 5 kilos Para Hielo Polvos Granulado"}]},{"@type":"WebSite","@id":"https:\/\/www.distribucionarc.com\/sl\/#website","url":"https:\/\/www.distribucionarc.com\/sl\/","name":"ARC distrib\u00facia","description":"Spolo\u010dnos\u0165 sa \u0161pecializuje na v\u00fdrobu a distrib\u00faciu priemyseln\u00fdch strojov, strojov na uzatv\u00e1ranie plechoviek, strojov na v\u00fdrobu tabliet, strojov na porciovanie m\u00e4sa...","publisher":{"@id":"https:\/\/www.distribucionarc.com\/sl\/#organization"},"potentialAction":[{"@type":"SearchAction","target":{"@type":"EntryPoint","urlTemplate":"https:\/\/www.distribucionarc.com\/sl\/?s={search_term_string}"},"query-input":{"@type":"PropertyValueSpecification","valueRequired":true,"valueName":"search_term_string"}}],"inLanguage":"sk-SK"},{"@type":"Organization","@id":"https:\/\/www.distribucionarc.com\/sl\/#organization","name":"Distrib\u00facia ARC","url":"https:\/\/www.distribucionarc.com\/sl\/","logo":{"@type":"ImageObject","inLanguage":"sk-SK","@id":"https:\/\/www.distribucionarc.com\/sl\/#\/schema\/logo\/image\/","url":"https:\/\/distribucionarc.com\/wp-content\/uploads\/2024\/10\/distribucion-ARC-COLOR-SIN-FONDO-e1732295305345.png","contentUrl":"https:\/\/distribucionarc.com\/wp-content\/uploads\/2024\/10\/distribucion-ARC-COLOR-SIN-FONDO-e1732295305345.png","width":1164,"height":558,"caption":"Distribuci\u00f3n ARC"},"image":{"@id":"https:\/\/www.distribucionarc.com\/sl\/#\/schema\/logo\/image\/"},"description":"Spolo\u010dnos\u0165 \u0161pecializuj\u00faca sa na v\u00fdrobu a distrib\u00faciu priemyseln\u00fdch strojov pre potravin\u00e1rsky a farmaceutick\u00fd sektor. \u0160pecializujeme sa na: Stroje na kr\u00e1janie m\u00e4sa V\u00fdroba tabliet Priemyseln\u00e9 dopravn\u00e9 syst\u00e9my D\u00e1vkova\u010de na f\u013ea\u0161e A ove\u013ea viac... Pon\u00fakame inovat\u00edvne a prisp\u00f4soben\u00e9 rie\u0161enia na optimaliz\u00e1ciu v\u00fdrobn\u00fdch procesov va\u0161ej spolo\u010dnosti.","email":"Admistracion@distribucionarc.com","telephone":"+34 643496664","legalName":"ARC TECH SOLUTIONS","foundingDate":"2024-04-09","vatID":"B55480172","numberOfEmployees":{"@type":"QuantitativeValue","minValue":"1","maxValue":"10"}}]}},"_links":{"self":[{"href":"https:\/\/distribucionarc.com\/sk\/wp-json\/wp\/v2\/product\/17659","targetHints":{"allow":["GET"]}}],"collection":[{"href":"https:\/\/distribucionarc.com\/sk\/wp-json\/wp\/v2\/product"}],"about":[{"href":"https:\/\/distribucionarc.com\/sk\/wp-json\/wp\/v2\/types\/product"}],"replies":[{"embeddable":true,"href":"https:\/\/distribucionarc.com\/sk\/wp-json\/wp\/v2\/comments?post=17659"}],"version-history":[{"count":1,"href":"https:\/\/distribucionarc.com\/sk\/wp-json\/wp\/v2\/product\/17659\/revisions"}],"predecessor-version":[{"id":17660,"href":"https:\/\/distribucionarc.com\/sk\/wp-json\/wp\/v2\/product\/17659\/revisions\/17660"}],"wp:featuredmedia":[{"embeddable":true,"href":"https:\/\/distribucionarc.com\/sk\/wp-json\/wp\/v2\/media\/17648"}],"wp:attachment":[{"href":"https:\/\/distribucionarc.com\/sk\/wp-json\/wp\/v2\/media?parent=17659"}],"wp:term":[{"taxonomy":"product_brand","embeddable":true,"href":"https:\/\/distribucionarc.com\/sk\/wp-json\/wp\/v2\/product_brand?post=17659"},{"taxonomy":"product_cat","embeddable":true,"href":"https:\/\/distribucionarc.com\/sk\/wp-json\/wp\/v2\/product_cat?post=17659"},{"taxonomy":"product_tag","embeddable":true,"href":"https:\/\/distribucionarc.com\/sk\/wp-json\/wp\/v2\/product_tag?post=17659"}],"curies":[{"name":"pracovn\u00fd list","href":"https:\/\/api.w.org\/{rel}","templated":true}]}}