{"id":17778,"date":"2025-08-21T01:39:52","date_gmt":"2025-08-20T23:39:52","guid":{"rendered":"https:\/\/distribucionarc.com\/?post_type=product&#038;p=17778"},"modified":"2025-08-21T01:39:53","modified_gmt":"2025-08-20T23:39:53","slug":"oscilacny-granulacny-drvic-na-spracovanie-za-studena-a-na-vyrobky-nachylne-na-vlhkost","status":"publish","type":"product","link":"https:\/\/distribucionarc.com\/sk\/producto\/triturador-granulador-oscilante-trabajo-en-frio-productos-humedad\/","title":{"rendered":"Oscila\u010dn\u00fd granul\u00e1tor Drvi\u010d Produkty na spracovanie za studena s vlhkos\u0165ou"},"content":{"rendered":"<p data-start=\"790\" data-end=\"1407\">On <strong data-start=\"793\" data-end=\"805\">YARK-160<\/strong> je to <strong data-start=\"812\" data-end=\"854\">oscila\u010dn\u00fd mlyn\/drvi\u010d\/granul\u00e1tor<\/strong> vysok\u00fd v\u00fdkon ur\u010den\u00fd pre <strong data-start=\"889\" data-end=\"922\">v\u00fdrobky s vysokou vlhkos\u0165ou<\/strong> bu\u010f <strong data-start=\"925\" data-end=\"947\">citliv\u00e9 na teplo<\/strong>Jeho kmitanie <strong data-start=\"963\" data-end=\"971\">360\u00ba<\/strong> do <strong data-start=\"974\" data-end=\"992\">\u224860 cyklov\/min<\/strong> generuje <strong data-start=\"1000\" data-end=\"1017\">m\u00e4kk\u00fd \u0161myk<\/strong>, s <strong data-start=\"1023\" data-end=\"1040\">n\u00edzke trenie<\/strong> a <strong data-start=\"1043\" data-end=\"1071\">minim\u00e1lny tepeln\u00fd n\u00e1rast<\/strong>, \u010do umo\u017e\u0148uje <strong data-start=\"1088\" data-end=\"1133\">drvenie, deaglomer\u00e1cia a studen\u00e1 granul\u00e1cia<\/strong> bez materi\u00e1lu <strong data-start=\"1154\" data-end=\"1200\">top\u00ed sa, zhlukuje sa alebo str\u00e1ca vlastnosti<\/strong>.<br data-start=\"1201\" data-end=\"1204\" \/>Navrhnut\u00e9 pre linky <strong data-start=\"1224\" data-end=\"1237\">pokra\u010duje\u0161<\/strong> a intenz\u00edvne zmeny, ponuky <strong data-start=\"1266\" data-end=\"1294\">kontrolovan\u00e9 rozdelenie ve\u013ekosti \u010dast\u00edc<\/strong> (pod\u013ea siete) na optimaliz\u00e1ciu <strong data-start=\"1324\" data-end=\"1373\">mie\u0161anie, d\u00e1vkovanie, extr\u00fazia, tabletovanie<\/strong> a <strong data-start=\"1376\" data-end=\"1387\">plynulos\u0165<\/strong> kone\u010dn\u00e9ho produktu.<\/p>\n<p data-start=\"1409\" data-end=\"1452\"><strong data-start=\"1409\" data-end=\"1450\">Aplik\u00e1cie a materi\u00e1ly (pr\u00edklady):<\/strong><\/p>\n<ul data-start=\"1453\" data-end=\"2008\">\n<li data-start=\"1453\" data-end=\"1659\">\n<p data-start=\"1455\" data-end=\"1659\"><strong data-start=\"1455\" data-end=\"1471\">K\u0155menie<\/strong>\u010cokol\u00e1da\/kakao (nerozpusten\u00e9), koncentrovan\u00e9 v\u00fdvary\/\u201eAvecrem\u201c, vlhk\u00fd cukor, vlhk\u00e1 morsk\u00e1 so\u013e, koreniny s olejmi, su\u0161en\u00e9 ovocie so zvy\u0161kovou vlhkos\u0165ou, premixy a recyklovan\u00e9 v\u00fdrobky.<\/p>\n<\/li>\n<li data-start=\"1660\" data-end=\"1804\">\n<p data-start=\"1662\" data-end=\"1804\"><strong data-start=\"1662\" data-end=\"1678\">Farmaceutick\u00fd<\/strong>: <strong data-start=\"1680\" data-end=\"1702\">mokr\u00e1 granul\u00e1cia<\/strong> pr\u00e1\u0161kov na tablety, drven\u00fdch tabliet, <strong data-start=\"1756\" data-end=\"1773\">deaglomerovan\u00fd<\/strong> pred zmie\u0161an\u00edm\/zapuzdren\u00edm.<\/p>\n<\/li>\n<li data-start=\"1805\" data-end=\"1906\">\n<p data-start=\"1807\" data-end=\"1906\"><strong data-start=\"1807\" data-end=\"1820\">Kozmetika<\/strong>mydlov\u00e9 z\u00e1klady, vosky, balzamy a pasty; kontrola ve\u013ekosti <strong data-start=\"1882\" data-end=\"1903\">bez prehriatia<\/strong>.<\/p>\n<\/li>\n<li data-start=\"1907\" data-end=\"2008\">\n<p data-start=\"1909\" data-end=\"2008\"><strong data-start=\"1909\" data-end=\"1920\">Ch\u00e9mia<\/strong>hygroskopick\u00e9\/reakt\u00edvne pr\u00e1\u0161ky, predgranulovan\u00e9 na <strong data-start=\"1972\" data-end=\"1988\">d\u00e1vkovanie<\/strong> a <strong data-start=\"1991\" data-end=\"2007\">zhutnenie<\/strong>.<\/p>\n<\/li>\n<\/ul>\n<p data-start=\"2010\" data-end=\"2031\"><strong data-start=\"2010\" data-end=\"2029\">K\u013e\u00fa\u010dov\u00e9 v\u00fdhody:<\/strong><\/p>\n<ul data-start=\"2032\" data-end=\"2494\">\n<li data-start=\"2032\" data-end=\"2117\">\n<p data-start=\"2034\" data-end=\"2117\"><strong data-start=\"2034\" data-end=\"2053\">Pr\u00e1ca za studena<\/strong> \u2192 menej prilepenia, menej problematick\u00fdch pok\u00fat, <strong data-start=\"2097\" data-end=\"2114\">stabiln\u00fd prietok<\/strong>.<\/p>\n<\/li>\n<li data-start=\"2118\" data-end=\"2213\">\n<p data-start=\"2120\" data-end=\"2213\"><strong data-start=\"2120\" data-end=\"2146\">Kapacita 200\u2013300 kg\/h<\/strong> s <strong data-start=\"2151\" data-end=\"2167\">Motor s v\u00fdkonom 2,2 kW<\/strong> \u2192 <strong data-start=\"2170\" data-end=\"2195\">energetick\u00e1 \u00fa\u010dinnos\u0165<\/strong> a <strong data-start=\"2198\" data-end=\"2210\">robustnos\u0165<\/strong>.<\/p>\n<\/li>\n<li data-start=\"2214\" data-end=\"2314\">\n<p data-start=\"2216\" data-end=\"2314\"><strong data-start=\"2216\" data-end=\"2236\">Nehrdzavej\u00faca oce\u013e<\/strong>, kompaktn\u00fd dizajn vzh\u013eadom na svoju ve\u013ekos\u0165, <strong data-start=\"2270\" data-end=\"2289\">zmena siete<\/strong> a <strong data-start=\"2292\" data-end=\"2311\">r\u00fdchle \u010distenie<\/strong>.<\/p>\n<\/li>\n<li data-start=\"2315\" data-end=\"2396\">\n<p data-start=\"2317\" data-end=\"2396\"><strong data-start=\"2317\" data-end=\"2341\">Online integr\u00e1cia<\/strong>prisp\u00f4sobite\u013en\u00fd z\u00e1sobn\u00edk, rovnomern\u00fd v\u00fdstup, bezpe\u010dn\u00e1 prev\u00e1dzka.<\/p>\n<\/li>\n<li data-start=\"2397\" data-end=\"2494\">\n<p data-start=\"2399\" data-end=\"2494\"><strong data-start=\"2399\" data-end=\"2424\">Podpora ARC v \u0160panielsku<\/strong>poradenstvo, volite\u013en\u00e9 uvedenie do prev\u00e1dzky, n\u00e1hradn\u00e9 diely a \u00fadr\u017eba.<\/p>\n<\/li>\n<\/ul>\n<blockquote data-start=\"2496\" data-end=\"2710\">\n<p data-start=\"2498\" data-end=\"2710\"><strong data-start=\"2498\" data-end=\"2542\">Dostupn\u00e9 aj vo vy\u0161\u0161\u00edch modeloch<\/strong> (v\u00e4\u010d\u0161ie \u00fastie a prietok &gt; 300 kg\/h). Ozna\u010duje <strong data-start=\"2583\" data-end=\"2595\">materi\u00e1l<\/strong>, <strong data-start=\"2597\" data-end=\"2613\">Vlhkos\u0165 %<\/strong>, <strong data-start=\"2615\" data-end=\"2643\">ve\u013ekos\u0165 vstupu\/v\u00fdstupu<\/strong> a <strong data-start=\"2646\" data-end=\"2665\">cie\u013eov\u00fd prietok<\/strong> odporu\u010di\u0165 \u0165a <strong data-start=\"2684\" data-end=\"2693\">sie\u0165ovina<\/strong> a konfigur\u00e1ciu.<\/p>\n<\/blockquote>\n<table class=\"tabla-especificaciones yark-160\">\n<thead>\n<tr>\n<th colspan=\"2\">Technick\u00e9 \u0161pecifik\u00e1cie \u2014 YARK-160<\/th>\n<\/tr>\n<\/thead>\n<tbody>\n<tr>\n<td>Model<\/td>\n<td>YARK-160<\/td>\n<\/tr>\n<tr>\n<td>V\u00fdrobn\u00e1 kapacita<\/td>\n<td>200\u2013300 kg\/h (v z\u00e1vislosti od materi\u00e1lu, vlhkosti a sie\u0165oviny)<\/td>\n<\/tr>\n<tr>\n<td>Priemer v\u00fdkyvn\u00e9ho rotora<\/td>\n<td>160 mm<\/td>\n<\/tr>\n<tr>\n<td>Uhol pohybu\/oscil\u00e1cie<\/td>\n<td>360\u00b0<\/td>\n<\/tr>\n<tr>\n<td>Frekvencia oscil\u00e1ci\u00ed<\/td>\n<td>\u2248 60 cyklov\/min<\/td>\n<\/tr>\n<tr>\n<td>V\u00fdkon motora<\/td>\n<td>2,2 kW<\/td>\n<\/tr>\n<tr>\n<td>Hmotnos\u0165<\/td>\n<td>330 kg<\/td>\n<\/tr>\n<tr>\n<td>Rozmery (D \u00d7 \u0160 \u00d7 V)<\/td>\n<td>950 \u00d7 750 \u00d7 1240 mm<\/td>\n<\/tr>\n<tr>\n<td>Stavebn\u00fd materi\u00e1l<\/td>\n<td>Nerezov\u00e1 oce\u013e (robustn\u00e1 kon\u0161trukcia, jednoduch\u00e9 \u010distenie)<\/td>\n<\/tr>\n<tr>\n<td>Oper\u00e1cie<\/td>\n<td>Drvenie, studen\u00e1 mokr\u00e1 granul\u00e1cia, deaglomer\u00e1cia, homogeniz\u00e1cia<\/td>\n<\/tr>\n<tr>\n<td>Prevent\u00edvna \u00fadr\u017eba<\/td>\n<td><a href=\"https:\/\/distribucionarc.com\/sk\/obluk-preventivna-udrzba\/\" target=\"_blank\" rel=\"noopener\">Pl\u00e1n prevent\u00edvnej \u00fadr\u017eby ARC<\/a><\/td>\n<\/tr>\n<tr>\n<td>Technick\u00fd servis<\/td>\n<td><a href=\"https:\/\/distribucionarc.com\/sk\/technicka-sluzba\/\" target=\"_blank\" rel=\"noopener\">\u0160pecializovan\u00fd technick\u00fd servis (vyh\u013ead\u00e1vanie pod\u013ea krajiny a lokality)<\/a><\/td>\n<\/tr>\n<tr>\n<td>Platn\u00e1 z\u00e1ruka<\/td>\n<td>Typ A \u2014 <a href=\"https:\/\/distribucionarc.com\/sk\/zaruka-distribucia-obluk\/\" target=\"_blank\" rel=\"noopener\">Z\u00e1ruka distrib\u00facie ARC<\/a><\/td>\n<\/tr>\n<\/tbody>\n<\/table>\n<p>&nbsp;<\/p>\n<p>&nbsp;<\/p>","protected":false},"excerpt":{"rendered":"<p>On <strong data-start=\"400\" data-end=\"412\">YARK-160<\/strong> je to <strong data-start=\"419\" data-end=\"454\">oscila\u010dn\u00fd drvi\u010d-granul\u00e1tor<\/strong> z <strong data-start=\"458\" data-end=\"491\">vysok\u00e1 kapacita (200 \u2013 300 kg\/h)<\/strong> pre <strong data-start=\"497\" data-end=\"527\">studen\u00e1 mokr\u00e1 granul\u00e1cia<\/strong>Ide\u00e1lne pre potraviny, farm\u00e1ciu, kozmetiku a chemik\u00e1lie: <strong data-start=\"582\" data-end=\"620\">zabra\u0148uje topeniu, lepeniu a spekaniu<\/strong>, zlep\u0161uje <strong data-start=\"632\" data-end=\"641\">prietok<\/strong> a <strong data-start=\"647\" data-end=\"663\">homogenita<\/strong> granul\u00e1tu. <strong data-start=\"679\" data-end=\"718\">Technick\u00fd servis ARC v Eur\u00f3pe a Spojen\u00fdch \u0161t\u00e1toch<\/strong>\u00a0a <strong data-start=\"721\" data-end=\"740\">z\u00e1ruka typu A<\/strong>.<\/p>","protected":false},"featured_media":17784,"comment_status":"open","ping_status":"closed","template":"","meta":{"wds_primary_product_brand":0,"wds_primary_product_cat":0},"product_brand":[],"product_cat":[326],"product_tag":[],"class_list":{"0":"post-17778","1":"product","2":"type-product","3":"status-publish","4":"has-post-thumbnail","6":"product_cat-trituradoras-industriales","8":"first","9":"instock","10":"taxable","11":"shipping-taxable","12":"purchasable","13":"product-type-simple"},"yoast_head":"<!-- This site is optimized with the Yoast SEO Premium plugin v24.9 (Yoast SEO v26.1) - https:\/\/yoast.com\/wordpress\/plugins\/seo\/ -->\n<title>Triturador Granulador Oscilante Trabajo en fr\u00edo productos humedad - distribuci\u00f3n ARC<\/title>\n<meta name=\"description\" content=\"YARK-160: triturador oscilante 200\u2013300 kg\/h para granulaci\u00f3n h\u00fameda en fr\u00edo en alimentos, farmacia y cosm\u00e9tica. Garant\u00eda tipo A y SAT ARC en Europa y estados unidos\" \/>\n<meta name=\"robots\" content=\"index, follow, max-snippet:-1, max-image-preview:large, max-video-preview:-1\" \/>\n<link rel=\"canonical\" href=\"https:\/\/www.distribucionarc.com\/producto\/triturador-granulador-oscilante-trabajo-en-frio-productos-humedad\/\" \/>\n<meta property=\"og:locale\" content=\"sk_SK\" \/>\n<meta property=\"og:type\" content=\"article\" \/>\n<meta property=\"og:title\" content=\"Triturador Granulador Oscilante Trabajo en fr\u00edo productos humedad\" \/>\n<meta property=\"og:description\" content=\"YARK-160: triturador oscilante 200\u2013300 kg\/h para granulaci\u00f3n h\u00fameda en fr\u00edo en alimentos, farmacia y cosm\u00e9tica. Garant\u00eda tipo A y SAT ARC en Europa y estados unidos\" \/>\n<meta property=\"og:url\" content=\"https:\/\/www.distribucionarc.com\/producto\/triturador-granulador-oscilante-trabajo-en-frio-productos-humedad\/\" \/>\n<meta property=\"og:site_name\" content=\"distribuci\u00f3n ARC\" \/>\n<meta property=\"article:modified_time\" content=\"2025-08-20T23:39:53+00:00\" \/>\n<meta property=\"og:image\" content=\"https:\/\/www.distribucionarc.com\/wp-content\/uploads\/2025\/08\/Granulador-industrial-YARK-160-vista-lateral-derecha-completa.jpeg\" \/>\n\t<meta property=\"og:image:width\" content=\"800\" \/>\n\t<meta property=\"og:image:height\" content=\"800\" \/>\n\t<meta property=\"og:image:type\" content=\"image\/jpeg\" \/>\n<meta name=\"twitter:card\" content=\"summary_large_image\" \/>\n<meta name=\"twitter:label1\" content=\"Predpokladan\u00fd \u010das \u010d\u00edtania\" \/>\n\t<meta name=\"twitter:data1\" content=\"2 min\u00faty\" \/>\n<script type=\"application\/ld+json\" class=\"yoast-schema-graph\">{\"@context\":\"https:\/\/schema.org\",\"@graph\":[{\"@type\":\"WebPage\",\"@id\":\"https:\/\/www.distribucionarc.com\/producto\/triturador-granulador-oscilante-trabajo-en-frio-productos-humedad\/\",\"url\":\"https:\/\/www.distribucionarc.com\/producto\/triturador-granulador-oscilante-trabajo-en-frio-productos-humedad\/\",\"name\":\"Triturador Granulador Oscilante Trabajo en fr\u00edo productos humedad - distribuci\u00f3n ARC\",\"isPartOf\":{\"@id\":\"https:\/\/distribucionarc.com\/bg\/#website\"},\"primaryImageOfPage\":{\"@id\":\"https:\/\/www.distribucionarc.com\/producto\/triturador-granulador-oscilante-trabajo-en-frio-productos-humedad\/#primaryimage\"},\"image\":{\"@id\":\"https:\/\/www.distribucionarc.com\/producto\/triturador-granulador-oscilante-trabajo-en-frio-productos-humedad\/#primaryimage\"},\"thumbnailUrl\":\"https:\/\/distribucionarc.com\/wp-content\/uploads\/2025\/08\/Granulador-industrial-YARK-160-vista-lateral-derecha-completa.jpeg\",\"datePublished\":\"2025-08-20T23:39:52+00:00\",\"dateModified\":\"2025-08-20T23:39:53+00:00\",\"description\":\"YARK-160: triturador oscilante 200\u2013300 kg\/h para granulaci\u00f3n h\u00fameda en fr\u00edo en alimentos, farmacia y cosm\u00e9tica. Garant\u00eda tipo A y SAT ARC en Europa y estados unidos\",\"breadcrumb\":{\"@id\":\"https:\/\/www.distribucionarc.com\/producto\/triturador-granulador-oscilante-trabajo-en-frio-productos-humedad\/#breadcrumb\"},\"inLanguage\":\"sk-SK\",\"potentialAction\":[{\"@type\":\"ReadAction\",\"target\":[\"https:\/\/www.distribucionarc.com\/producto\/triturador-granulador-oscilante-trabajo-en-frio-productos-humedad\/\"]}]},{\"@type\":\"ImageObject\",\"inLanguage\":\"sk-SK\",\"@id\":\"https:\/\/www.distribucionarc.com\/producto\/triturador-granulador-oscilante-trabajo-en-frio-productos-humedad\/#primaryimage\",\"url\":\"https:\/\/distribucionarc.com\/wp-content\/uploads\/2025\/08\/Granulador-industrial-YARK-160-vista-lateral-derecha-completa.jpeg\",\"contentUrl\":\"https:\/\/distribucionarc.com\/wp-content\/uploads\/2025\/08\/Granulador-industrial-YARK-160-vista-lateral-derecha-completa.jpeg\",\"width\":800,\"height\":800,\"caption\":\"Vista lateral completa del YARK-160 en posici\u00f3n de trabajo\"},{\"@type\":\"BreadcrumbList\",\"@id\":\"https:\/\/www.distribucionarc.com\/producto\/triturador-granulador-oscilante-trabajo-en-frio-productos-humedad\/#breadcrumb\",\"itemListElement\":[{\"@type\":\"ListItem\",\"position\":1,\"name\":\"Portada\",\"item\":\"https:\/\/distribucionarc.com\/el\/\"},{\"@type\":\"ListItem\",\"position\":2,\"name\":\"Proizvodi\",\"item\":\"https:\/\/www.distribucionarc.com\/hr\/ducan\/\"},{\"@type\":\"ListItem\",\"position\":3,\"name\":\"Triturador Granulador Oscilante Trabajo en fr\u00edo productos humedad\"}]},{\"@type\":\"WebSite\",\"@id\":\"https:\/\/distribucionarc.com\/bg\/#website\",\"url\":\"https:\/\/distribucionarc.com\/bg\/\",\"name\":\"distribuci\u00f3n ARC\",\"description\":\"Empresa especializada en la fabricaci\u00f3n y distribuci\u00f3n de maquinaria industrial, selladoras de latas, Maquinas de hacer pastillas, Maquinas de cortar carne...\",\"publisher\":{\"@id\":\"https:\/\/distribucionarc.com\/bg\/#organization\"},\"potentialAction\":[{\"@type\":\"SearchAction\",\"target\":{\"@type\":\"EntryPoint\",\"urlTemplate\":\"https:\/\/distribucionarc.com\/bg\/?s={search_term_string}\"},\"query-input\":{\"@type\":\"PropertyValueSpecification\",\"valueRequired\":true,\"valueName\":\"search_term_string\"}}],\"inLanguage\":\"sk-SK\"},{\"@type\":\"Organization\",\"@id\":\"https:\/\/distribucionarc.com\/bg\/#organization\",\"name\":\"Distribuci\u00f3n ARC\",\"url\":\"https:\/\/distribucionarc.com\/bg\/\",\"logo\":{\"@type\":\"ImageObject\",\"inLanguage\":\"sk-SK\",\"@id\":\"https:\/\/distribucionarc.com\/bg\/#\/schema\/logo\/image\/\",\"url\":\"https:\/\/distribucionarc.com\/wp-content\/uploads\/2024\/10\/distribucion-ARC-COLOR-SIN-FONDO-e1732295305345.png\",\"contentUrl\":\"https:\/\/distribucionarc.com\/wp-content\/uploads\/2024\/10\/distribucion-ARC-COLOR-SIN-FONDO-e1732295305345.png\",\"width\":1164,\"height\":558,\"caption\":\"Distribuci\u00f3n ARC\"},\"image\":{\"@id\":\"https:\/\/distribucionarc.com\/bg\/#\/schema\/logo\/image\/\"},\"description\":\"Empresa especializada en la fabricaci\u00f3n y distribuci\u00f3n de maquinaria industrial para los sectores alimentario y farmac\u00e9utico. Nos especializamos en: M\u00e1quinas de cortar carne Fabricaci\u00f3n de comprimidos Sistemas de transporte industrial L\u00edneas de embotellado Dosificadores Y mucho m\u00e1s... Ofrecemos soluciones innovadoras y personalizadas para optimizar los procesos productivos de tu empresa.\",\"email\":\"Admistracion@distribucionarc.com\",\"telephone\":\"+34 643496664\",\"legalName\":\"ARC TECH SOLUTIONS\",\"foundingDate\":\"2024-04-09\",\"vatID\":\"B55480172\",\"numberOfEmployees\":{\"@type\":\"QuantitativeValue\",\"minValue\":\"1\",\"maxValue\":\"10\"}}]}<\/script>\n<!-- \/ Yoast SEO Premium plugin. -->","yoast_head_json":{"title":"Oscila\u010dn\u00fd granul\u00e1tor Drvi\u010d Spracovanie produktov n\u00e1chyln\u00fdch na vlhkos\u0165 za studena - ARC distribution","description":"YARK-160: Oscila\u010dn\u00fd drvi\u010d s v\u00fdkonom 200\u2013300 kg\/h na studen\u00fa mokr\u00fa granul\u00e1ciu v potravin\u00e1rskom, farmaceutickom a kozmetickom priemysle. Z\u00e1ruka typu A a SAT ARC v Eur\u00f3pe a Spojen\u00fdch \u0161t\u00e1toch.","robots":{"index":"index","follow":"follow","max-snippet":"max-snippet:-1","max-image-preview":"max-image-preview:large","max-video-preview":"max-video-preview:-1"},"canonical":"https:\/\/www.distribucionarc.com\/producto\/triturador-granulador-oscilante-trabajo-en-frio-productos-humedad\/","og_locale":"sk_SK","og_type":"article","og_title":"Triturador Granulador Oscilante Trabajo en fr\u00edo productos humedad","og_description":"YARK-160: triturador oscilante 200\u2013300 kg\/h para granulaci\u00f3n h\u00fameda en fr\u00edo en alimentos, farmacia y cosm\u00e9tica. Garant\u00eda tipo A y SAT ARC en Europa y estados unidos","og_url":"https:\/\/www.distribucionarc.com\/producto\/triturador-granulador-oscilante-trabajo-en-frio-productos-humedad\/","og_site_name":"distribuci\u00f3n ARC","article_modified_time":"2025-08-20T23:39:53+00:00","og_image":[{"width":800,"height":800,"url":"https:\/\/www.distribucionarc.com\/wp-content\/uploads\/2025\/08\/Granulador-industrial-YARK-160-vista-lateral-derecha-completa.jpeg","type":"image\/jpeg"}],"twitter_card":"summary_large_image","twitter_misc":{"Predpokladan\u00fd \u010das \u010d\u00edtania":"2 min\u00faty"},"schema":{"@context":"https:\/\/schema.org","@graph":[{"@type":"WebPage","@id":"https:\/\/www.distribucionarc.com\/producto\/triturador-granulador-oscilante-trabajo-en-frio-productos-humedad\/","url":"https:\/\/www.distribucionarc.com\/producto\/triturador-granulador-oscilante-trabajo-en-frio-productos-humedad\/","name":"Oscila\u010dn\u00fd granul\u00e1tor Drvi\u010d Spracovanie produktov n\u00e1chyln\u00fdch na vlhkos\u0165 za studena - ARC distribution","isPartOf":{"@id":"https:\/\/distribucionarc.com\/bg\/#website"},"primaryImageOfPage":{"@id":"https:\/\/www.distribucionarc.com\/producto\/triturador-granulador-oscilante-trabajo-en-frio-productos-humedad\/#primaryimage"},"image":{"@id":"https:\/\/www.distribucionarc.com\/producto\/triturador-granulador-oscilante-trabajo-en-frio-productos-humedad\/#primaryimage"},"thumbnailUrl":"https:\/\/distribucionarc.com\/wp-content\/uploads\/2025\/08\/Granulador-industrial-YARK-160-vista-lateral-derecha-completa.jpeg","datePublished":"2025-08-20T23:39:52+00:00","dateModified":"2025-08-20T23:39:53+00:00","description":"YARK-160: Oscila\u010dn\u00fd drvi\u010d s v\u00fdkonom 200\u2013300 kg\/h na studen\u00fa mokr\u00fa granul\u00e1ciu v potravin\u00e1rskom, farmaceutickom a kozmetickom priemysle. Z\u00e1ruka typu A a SAT ARC v Eur\u00f3pe a Spojen\u00fdch \u0161t\u00e1toch.","breadcrumb":{"@id":"https:\/\/www.distribucionarc.com\/producto\/triturador-granulador-oscilante-trabajo-en-frio-productos-humedad\/#breadcrumb"},"inLanguage":"sk-SK","potentialAction":[{"@type":"ReadAction","target":["https:\/\/www.distribucionarc.com\/producto\/triturador-granulador-oscilante-trabajo-en-frio-productos-humedad\/"]}]},{"@type":"ImageObject","inLanguage":"sk-SK","@id":"https:\/\/www.distribucionarc.com\/producto\/triturador-granulador-oscilante-trabajo-en-frio-productos-humedad\/#primaryimage","url":"https:\/\/distribucionarc.com\/wp-content\/uploads\/2025\/08\/Granulador-industrial-YARK-160-vista-lateral-derecha-completa.jpeg","contentUrl":"https:\/\/distribucionarc.com\/wp-content\/uploads\/2025\/08\/Granulador-industrial-YARK-160-vista-lateral-derecha-completa.jpeg","width":800,"height":800,"caption":"Vista lateral completa del YARK-160 en posici\u00f3n de trabajo"},{"@type":"BreadcrumbList","@id":"https:\/\/www.distribucionarc.com\/producto\/triturador-granulador-oscilante-trabajo-en-frio-productos-humedad\/#breadcrumb","itemListElement":[{"@type":"ListItem","position":1,"name":"Portada","item":"https:\/\/distribucionarc.com\/el\/"},{"@type":"ListItem","position":2,"name":"Proizvodi","item":"https:\/\/www.distribucionarc.com\/hr\/ducan\/"},{"@type":"ListItem","position":3,"name":"Triturador Granulador Oscilante Trabajo en fr\u00edo productos humedad"}]},{"@type":"WebSite","@id":"https:\/\/distribucionarc.com\/bg\/#website","url":"https:\/\/distribucionarc.com\/bg\/","name":"ARC distrib\u00facia","description":"Spolo\u010dnos\u0165 sa \u0161pecializuje na v\u00fdrobu a distrib\u00faciu priemyseln\u00fdch strojov, strojov na uzatv\u00e1ranie plechoviek, strojov na v\u00fdrobu tabliet, strojov na porciovanie m\u00e4sa...","publisher":{"@id":"https:\/\/distribucionarc.com\/bg\/#organization"},"potentialAction":[{"@type":"SearchAction","target":{"@type":"EntryPoint","urlTemplate":"https:\/\/distribucionarc.com\/bg\/?s={search_term_string}"},"query-input":{"@type":"PropertyValueSpecification","valueRequired":true,"valueName":"search_term_string"}}],"inLanguage":"sk-SK"},{"@type":"Organization","@id":"https:\/\/distribucionarc.com\/bg\/#organization","name":"Distrib\u00facia ARC","url":"https:\/\/distribucionarc.com\/bg\/","logo":{"@type":"ImageObject","inLanguage":"sk-SK","@id":"https:\/\/distribucionarc.com\/bg\/#\/schema\/logo\/image\/","url":"https:\/\/distribucionarc.com\/wp-content\/uploads\/2024\/10\/distribucion-ARC-COLOR-SIN-FONDO-e1732295305345.png","contentUrl":"https:\/\/distribucionarc.com\/wp-content\/uploads\/2024\/10\/distribucion-ARC-COLOR-SIN-FONDO-e1732295305345.png","width":1164,"height":558,"caption":"Distribuci\u00f3n ARC"},"image":{"@id":"https:\/\/distribucionarc.com\/bg\/#\/schema\/logo\/image\/"},"description":"Spolo\u010dnos\u0165 \u0161pecializuj\u00faca sa na v\u00fdrobu a distrib\u00faciu priemyseln\u00fdch strojov pre potravin\u00e1rsky a farmaceutick\u00fd sektor. \u0160pecializujeme sa na: Stroje na kr\u00e1janie m\u00e4sa V\u00fdroba tabliet Priemyseln\u00e9 dopravn\u00e9 syst\u00e9my D\u00e1vkova\u010de na f\u013ea\u0161e A ove\u013ea viac... Pon\u00fakame inovat\u00edvne a prisp\u00f4soben\u00e9 rie\u0161enia na optimaliz\u00e1ciu v\u00fdrobn\u00fdch procesov va\u0161ej spolo\u010dnosti.","email":"Admistracion@distribucionarc.com","telephone":"+34 643496664","legalName":"ARC TECH SOLUTIONS","foundingDate":"2024-04-09","vatID":"B55480172","numberOfEmployees":{"@type":"QuantitativeValue","minValue":"1","maxValue":"10"}}]}},"_links":{"self":[{"href":"https:\/\/distribucionarc.com\/sk\/wp-json\/wp\/v2\/product\/17778","targetHints":{"allow":["GET"]}}],"collection":[{"href":"https:\/\/distribucionarc.com\/sk\/wp-json\/wp\/v2\/product"}],"about":[{"href":"https:\/\/distribucionarc.com\/sk\/wp-json\/wp\/v2\/types\/product"}],"replies":[{"embeddable":true,"href":"https:\/\/distribucionarc.com\/sk\/wp-json\/wp\/v2\/comments?post=17778"}],"version-history":[{"count":1,"href":"https:\/\/distribucionarc.com\/sk\/wp-json\/wp\/v2\/product\/17778\/revisions"}],"predecessor-version":[{"id":17785,"href":"https:\/\/distribucionarc.com\/sk\/wp-json\/wp\/v2\/product\/17778\/revisions\/17785"}],"wp:featuredmedia":[{"embeddable":true,"href":"https:\/\/distribucionarc.com\/sk\/wp-json\/wp\/v2\/media\/17784"}],"wp:attachment":[{"href":"https:\/\/distribucionarc.com\/sk\/wp-json\/wp\/v2\/media?parent=17778"}],"wp:term":[{"taxonomy":"product_brand","embeddable":true,"href":"https:\/\/distribucionarc.com\/sk\/wp-json\/wp\/v2\/product_brand?post=17778"},{"taxonomy":"product_cat","embeddable":true,"href":"https:\/\/distribucionarc.com\/sk\/wp-json\/wp\/v2\/product_cat?post=17778"},{"taxonomy":"product_tag","embeddable":true,"href":"https:\/\/distribucionarc.com\/sk\/wp-json\/wp\/v2\/product_tag?post=17778"}],"curies":[{"name":"pracovn\u00fd list","href":"https:\/\/api.w.org\/{rel}","templated":true}]}}