{"id":1802,"date":"2020-07-31T11:04:46","date_gmt":"2020-07-31T11:04:46","guid":{"rendered":"https:\/\/distribucionarc.com\/?post_type=product&#038;p=1802"},"modified":"2020-09-27T14:06:11","modified_gmt":"2020-09-27T14:06:11","slug":"davkovac-obilia-a-muky","status":"publish","type":"product","link":"https:\/\/distribucionarc.com\/sk\/producto\/llenadora-dosificadora-de-granos-y-harinas\/","title":{"rendered":"Plni\u010dka na d\u00e1vkovanie obilia a m\u00faky 3 kg"},"content":{"rendered":"<h3>Plni\u010dka na d\u00e1vkovanie pr\u00e1\u0161ku, obilia a m\u00faky<\/h3>\n<p>Puzdro a n\u00e1sypka <strong>plnivo<\/strong> z <strong><span style=\"color: #ff0000;\">TO<\/span><span style=\"color: #0000ff;\">R<\/span>c<\/strong> S\u00fa vyroben\u00e9 z potravin\u00e1rskej nehrdzavej\u00facej ocele, odoln\u00e9 na dlhodob\u00e9 pou\u017e\u00edvanie. Jednoduch\u00e9 otv\u00e1ranie a zatv\u00e1ranie v\u010faka siln\u00fdm prack\u00e1m. Kapacita z\u00e1sobn\u00edka: 25\u201350 kg.<\/p>\n<p>S prieh\u013eadn\u00fdm oknom<strong> d\u00e1vkova\u010d <span style=\"color: #ff0000;\">TO<\/span><span style=\"color: #0000ff;\">R<\/span>CDLE3<\/strong> vidite\u013en\u00e9, \u010do umo\u017e\u0148uje pou\u017e\u00edvate\u013eom sledova\u0165 vn\u00fatorn\u00e9 fungovanie. Na plnen\u00ed sa m\u00f4\u017eu podie\u013ea\u0165 no\u017en\u00fdm sp\u00edna\u010dom na d\u00e1vkovanie. 4 univerz\u00e1lne kolieska sa pohodlne pres\u00favaj\u00fa<\/p>\n<p>Vysoko presn\u00fd mikropo\u010d\u00edta\u010dov\u00fd riadiaci syst\u00e9m rob\u00ed proces v\u00e1\u017eenia a plnenia vedeck\u00fdm a zni\u017euje chyby. Jednoduch\u00e9 pou\u017eitie. The <strong>plniaci stroj<\/strong> Disponuje vysoko v\u00fdkonn\u00fdm vibr\u00e1torom, ktor\u00fd zr\u00fdch\u013euje r\u00fdchlos\u0165 plnenia a zabezpe\u010duje hladk\u00fd tok plniaceho materi\u00e1lu. Hmotnos\u0165 n\u00e1plne: 10-3000 g.<\/p>\n<p>Vstupn\u00e1 hlasitos\u0165 je nastavite\u013en\u00e1 pomocou stupnice a je mo\u017en\u00e9 upravi\u0165 aj v\u00fdstupn\u00fa hlasitos\u0165. Vybaven\u00e9 infra\u010derven\u00fdm induk\u010dn\u00fdm zariaden\u00edm pre automatick\u00e9 maskovanie.<\/p>\n<p>Toto<strong> automatick\u00e1 v\u00e1ha<\/strong> Je vhodn\u00fd pre jemn\u00fd pr\u00e1\u0161ok, chemick\u00fd pr\u00e1\u0161ok, jedl\u00fd pr\u00e1\u0161ok, k\u00e1vov\u00fd pr\u00e1\u0161ok a in\u00e9 such\u00e9 a mobiln\u00e9 materi\u00e1ly.<\/p>\n<h6><strong>Z\u00e1ruka\u00a0<span style=\"color: #ff0000;\">TO<\/span><span style=\"color: #0000ff;\">R<\/span>C 2 ROKY<\/strong><\/h6>\n<h6><span style=\"color: #008000;\">V\u00fdkonn\u00fd automatick\u00fd d\u00e1vkovac\u00ed stroj, n\u00edzka spotreba 250w<\/span><\/h6>\n<h6><strong>vr\u00e1tane technickej podpory<\/strong><\/h6>\n<p>&nbsp;<\/p>\n<table role=\"presentation\" width=\"100%\" cellspacing=\"0\" cellpadding=\"0\">\n<tbody>\n<tr>\n<td class=\"attrLabels\">Zna\u010dka:<\/td>\n<td width=\"50.0%\">ARC<\/td>\n<\/tr>\n<tr>\n<td class=\"attrLabels\">Krajina distrib\u00facie:<\/td>\n<td width=\"50.0%\">\u0160panielsko, Nemecko, USA<\/td>\n<td class=\"attrLabels\">Hmotnos\u0165:<\/td>\n<td width=\"50.0%\">50 kg<\/td>\n<\/tr>\n<tr>\n<td class=\"attrLabels\">Zna\u010dka:<\/td>\n<td width=\"50.0%\">ARC<\/td>\n<td class=\"attrLabels\">v\u00fd\u0161ka:<\/td>\n<td width=\"50.0%\">130 cm<\/td>\n<\/tr>\n<tr>\n<td class=\"attrLabels\">Farba:<\/td>\n<td width=\"50.0%\">Strieborn\u00e1<\/td>\n<td class=\"attrLabels\">Dlh\u00e9:<\/td>\n<td width=\"50.0%\">36 cm<\/td>\n<\/tr>\n<tr>\n<td class=\"attrLabels\">Typ produktu:<\/td>\n<td width=\"50.0%\">Automatick\u00fd plniaci d\u00e1vkovac\u00ed stroj<\/td>\n<td class=\"attrLabels\">\u0160irok\u00e1:<\/td>\n<td width=\"50.0%\">57 cm<\/td>\n<\/tr>\n<tr>\n<td class=\"attrLabels\">\u010c\u00edslo v\u00fdrobcu:<\/td>\n<td width=\"50.0%\">ARCDLE3<\/td>\n<td class=\"attrLabels\">V\u00fdkon:<\/td>\n<td width=\"50.0%\">250 W<\/td>\n<\/tr>\n<tr>\n<td class=\"attrLabels\">Materi\u00e1l:<\/td>\n<td width=\"50.0%\">nerezov\u00e1 oce\u013e, mikropo\u010d\u00edta\u010de, automatick\u00e9 riadenie<\/td>\n<td class=\"attrLabels\">vstupn\u00e9 nap\u00e4tie<\/td>\n<td width=\"50.0%\">220V \u2013 60Hz<\/td>\n<\/tr>\n<tr>\n<td class=\"attrLabels\">Z\u00e1ruka:<\/td>\n<td width=\"50.0%\">\u00a0 2 roky<\/td>\n<td class=\"attrLabels\">R\u00fdchlos\u0165 balenia:<\/td>\n<td width=\"50.0%\">6 \u2013 12 vrec\u00fa\u0161ok za min\u00fatu<\/td>\n<\/tr>\n<tr>\n<td class=\"attrLabels\">In\u0161tala\u010dn\u00e9 n\u00e1stroje:<\/td>\n<td width=\"50.0%\">\u00c1no<\/td>\n<td class=\"attrLabels\">Kapacita balenia:<\/td>\n<td width=\"50.0%\">\u00a010-3000 gramov<\/td>\n<\/tr>\n<\/tbody>\n<\/table>\n<p>&nbsp;<\/p>","protected":false},"excerpt":{"rendered":"<h2>Plni\u010dka na d\u00e1vkovanie pr\u00e1\u0161ku, obilia a m\u00faky<\/h2>\n<p><span style=\"color: #ff0000;\"><strong>TO<\/strong><\/span><span style=\"color: #0000ff;\"><strong>R<\/strong><\/span><strong>c<\/strong>\u00a0pon\u00faka r\u00f4zne typy rie\u0161en\u00ed pre priemyseln\u00e9 odvetvia, ktor\u00e9 pracuj\u00fa s pr\u00e1\u0161kami, obil\u00edm a m\u00fakou. S t\u00fdmto <strong>d\u00e1vkova\u010d<\/strong> z <strong>3 kg<\/strong>, jeho produkcia bude okam\u017eit\u00e1.<\/p>\n<p>Toto <strong>stroj na plnenie pr\u00e1\u0161ku<\/strong> Sl\u00fa\u017ei ako dobr\u00fd pomocn\u00edk pri zabezpe\u010dovan\u00ed v\u0161etk\u00fdch druhov \u010dast\u00edc, prachu a komponentov. Toto <strong>plnivo<\/strong> z<strong><span style=\"color: #ff0000;\"> TO<\/span><span style=\"color: #0000ff;\">R<\/span>c<\/strong> Stroj na plnenie \u010dast\u00edc m\u00e1 automatick\u00fd mikropo\u010d\u00edta\u010dov\u00fd riadiaci syst\u00e9m, ktor\u00fd plne zaru\u010duje vysok\u00fa r\u00fdchlos\u0165 a presnos\u0165 procesu plnenia. Je to \u00fa\u017easn\u00e9 zariadenie, ktor\u00e9 dok\u00e1\u017ee splni\u0165 r\u00f4zne potreby. Ide\u00e1lne pre priemyseln\u00e9 pou\u017eitie.<\/p>\n<h6><strong>Z\u00e1ruka\u00a0<span style=\"color: #ff0000;\">TO<\/span><span style=\"color: #0000ff;\">R<\/span>C 2 ROKY<\/strong><\/h6>\n<h6><span style=\"color: #008000;\">V\u00fdkonn\u00fd automatick\u00fd d\u00e1vkovac\u00ed stroj, n\u00edzka spotreba 250w<\/span><\/h6>\n<h6><strong>vr\u00e1tane technickej podpory<\/strong><\/h6>\n<p>&nbsp;<\/p>","protected":false},"featured_media":1809,"comment_status":"open","ping_status":"closed","template":"","meta":{"wds_primary_product_brand":0,"wds_primary_product_cat":0},"product_brand":[],"product_cat":[22,21],"product_tag":[],"class_list":{"0":"post-1802","1":"product","2":"type-product","3":"status-publish","4":"has-post-thumbnail","6":"product_cat-llenadora-de-bolsas-granos-y-polvo","7":"product_cat-maquinas-llenadoras","8":"product_shipping_class-express","10":"first","11":"instock","12":"sale","13":"taxable","14":"shipping-taxable","15":"purchasable","16":"product-type-simple"},"yoast_head":"<!-- This site is optimized with the Yoast SEO Premium plugin v24.9 (Yoast SEO v26.1) - https:\/\/yoast.com\/wordpress\/plugins\/seo\/ -->\n<title>Llenadora dosificadora de granos y harinas 3Kg - distribuci\u00f3n ARC<\/title>\n<meta name=\"robots\" content=\"index, follow, max-snippet:-1, max-image-preview:large, max-video-preview:-1\" \/>\n<link rel=\"canonical\" href=\"https:\/\/www.distribucionarc.com\/tr\/producto\/llenadora-dosificadora-de-granos-y-harinas\/\" \/>\n<meta property=\"og:locale\" content=\"sk_SK\" \/>\n<meta property=\"og:type\" content=\"article\" \/>\n<meta property=\"og:title\" content=\"Llenadora dosificadora de granos y harinas 3Kg\" \/>\n<meta property=\"og:description\" content=\"Llenadora dosificadora de polvos, granos, harinas ARC\u00a0ofrece varios tipos de soluciones para las industrias que trabajan con polvos, granos y harinas. Con esta dosificadora de 3 Kg, su producci\u00f3n ser\u00e1 instant\u00e1nea.  Esta m\u00e1quina de llenado de polvo sirve como un buen asistente en el asegurador de todo tipo de part\u00edculas, polvo y componentes. Esta llenadora de ARC de part\u00edculas dispone de un sistema autom\u00e1tico de control con microordenador, garantizando plenamente la alta velocidad y precisi\u00f3n del proceso de llenado. Es un dispositivo maravilloso que puede satisfacer diferentes necesidades. Perfecto para uso industrial. Garant\u00eda\u00a0ARC 2 A\u00d1OS Dosificadora autom\u00e1tica eficiente, bajo consumo 250w soporte t\u00e9cnico incluido &nbsp;\" \/>\n<meta property=\"og:url\" content=\"https:\/\/www.distribucionarc.com\/tr\/producto\/llenadora-dosificadora-de-granos-y-harinas\/\" \/>\n<meta property=\"og:site_name\" content=\"distribuci\u00f3n ARC\" \/>\n<meta property=\"article:modified_time\" content=\"2020-09-27T14:06:11+00:00\" \/>\n<meta property=\"og:image\" content=\"https:\/\/www.distribucionarc.com\/wp-content\/uploads\/2020\/07\/Llenadora-dosificadora-de-granos-y-harinas-0.jpg\" \/>\n\t<meta property=\"og:image:width\" content=\"1600\" \/>\n\t<meta property=\"og:image:height\" content=\"1600\" \/>\n\t<meta property=\"og:image:type\" content=\"image\/jpeg\" \/>\n<meta name=\"twitter:card\" content=\"summary_large_image\" \/>\n<meta name=\"twitter:label1\" content=\"Predpokladan\u00fd \u010das \u010d\u00edtania\" \/>\n\t<meta name=\"twitter:data1\" content=\"1 min\u00fata\" \/>\n<script type=\"application\/ld+json\" class=\"yoast-schema-graph\">{\"@context\":\"https:\/\/schema.org\",\"@graph\":[{\"@type\":\"WebPage\",\"@id\":\"https:\/\/www.distribucionarc.com\/tr\/producto\/llenadora-dosificadora-de-granos-y-harinas\/\",\"url\":\"https:\/\/www.distribucionarc.com\/tr\/producto\/llenadora-dosificadora-de-granos-y-harinas\/\",\"name\":\"Llenadora dosificadora de granos y harinas 3Kg - distribuci\u00f3n ARC\",\"isPartOf\":{\"@id\":\"https:\/\/distribucionarc.com\/de\/#website\"},\"primaryImageOfPage\":{\"@id\":\"https:\/\/www.distribucionarc.com\/tr\/producto\/llenadora-dosificadora-de-granos-y-harinas\/#primaryimage\"},\"image\":{\"@id\":\"https:\/\/www.distribucionarc.com\/tr\/producto\/llenadora-dosificadora-de-granos-y-harinas\/#primaryimage\"},\"thumbnailUrl\":\"https:\/\/distribucionarc.com\/wp-content\/uploads\/2020\/07\/Llenadora-dosificadora-de-granos-y-harinas-0.jpg\",\"datePublished\":\"2020-07-31T11:04:46+00:00\",\"dateModified\":\"2020-09-27T14:06:11+00:00\",\"breadcrumb\":{\"@id\":\"https:\/\/www.distribucionarc.com\/tr\/producto\/llenadora-dosificadora-de-granos-y-harinas\/#breadcrumb\"},\"inLanguage\":\"sk-SK\",\"potentialAction\":[{\"@type\":\"ReadAction\",\"target\":[\"https:\/\/www.distribucionarc.com\/tr\/producto\/llenadora-dosificadora-de-granos-y-harinas\/\"]}]},{\"@type\":\"ImageObject\",\"inLanguage\":\"sk-SK\",\"@id\":\"https:\/\/www.distribucionarc.com\/tr\/producto\/llenadora-dosificadora-de-granos-y-harinas\/#primaryimage\",\"url\":\"https:\/\/distribucionarc.com\/wp-content\/uploads\/2020\/07\/Llenadora-dosificadora-de-granos-y-harinas-0.jpg\",\"contentUrl\":\"https:\/\/distribucionarc.com\/wp-content\/uploads\/2020\/07\/Llenadora-dosificadora-de-granos-y-harinas-0.jpg\",\"width\":1600,\"height\":1600,\"caption\":\"Llenadora dosificadora de granos y harinas\"},{\"@type\":\"BreadcrumbList\",\"@id\":\"https:\/\/www.distribucionarc.com\/tr\/producto\/llenadora-dosificadora-de-granos-y-harinas\/#breadcrumb\",\"itemListElement\":[{\"@type\":\"ListItem\",\"position\":1,\"name\":\"Portada\",\"item\":\"https:\/\/distribucionarc.com\/pl\/\"},{\"@type\":\"ListItem\",\"position\":2,\"name\":\"Produkty\",\"item\":\"https:\/\/distribucionarc.com\/pl\/shop\/\"},{\"@type\":\"ListItem\",\"position\":3,\"name\":\"Llenadora dosificadora de granos y harinas 3Kg\"}]},{\"@type\":\"WebSite\",\"@id\":\"https:\/\/distribucionarc.com\/de\/#website\",\"url\":\"https:\/\/distribucionarc.com\/de\/\",\"name\":\"distribuci\u00f3n ARC\",\"description\":\"Empresa especializada en la fabricaci\u00f3n y distribuci\u00f3n de maquinaria industrial, selladoras de latas, Maquinas de hacer pastillas, Maquinas de cortar carne...\",\"publisher\":{\"@id\":\"https:\/\/distribucionarc.com\/de\/#organization\"},\"potentialAction\":[{\"@type\":\"SearchAction\",\"target\":{\"@type\":\"EntryPoint\",\"urlTemplate\":\"https:\/\/distribucionarc.com\/de\/?s={search_term_string}\"},\"query-input\":{\"@type\":\"PropertyValueSpecification\",\"valueRequired\":true,\"valueName\":\"search_term_string\"}}],\"inLanguage\":\"sk-SK\"},{\"@type\":\"Organization\",\"@id\":\"https:\/\/distribucionarc.com\/de\/#organization\",\"name\":\"Distribuci\u00f3n ARC\",\"url\":\"https:\/\/distribucionarc.com\/de\/\",\"logo\":{\"@type\":\"ImageObject\",\"inLanguage\":\"sk-SK\",\"@id\":\"https:\/\/distribucionarc.com\/de\/#\/schema\/logo\/image\/\",\"url\":\"https:\/\/distribucionarc.com\/wp-content\/uploads\/2024\/10\/distribucion-ARC-COLOR-SIN-FONDO-e1732295305345.png\",\"contentUrl\":\"https:\/\/distribucionarc.com\/wp-content\/uploads\/2024\/10\/distribucion-ARC-COLOR-SIN-FONDO-e1732295305345.png\",\"width\":1164,\"height\":558,\"caption\":\"Distribuci\u00f3n ARC\"},\"image\":{\"@id\":\"https:\/\/distribucionarc.com\/de\/#\/schema\/logo\/image\/\"},\"description\":\"Empresa especializada en la fabricaci\u00f3n y distribuci\u00f3n de maquinaria industrial para los sectores alimentario y farmac\u00e9utico. Nos especializamos en: M\u00e1quinas de cortar carne Fabricaci\u00f3n de comprimidos Sistemas de transporte industrial L\u00edneas de embotellado Dosificadores Y mucho m\u00e1s... Ofrecemos soluciones innovadoras y personalizadas para optimizar los procesos productivos de tu empresa.\",\"email\":\"Admistracion@distribucionarc.com\",\"telephone\":\"+34 643496664\",\"legalName\":\"ARC TECH SOLUTIONS\",\"foundingDate\":\"2024-04-09\",\"vatID\":\"B55480172\",\"numberOfEmployees\":{\"@type\":\"QuantitativeValue\",\"minValue\":\"1\",\"maxValue\":\"10\"}}]}<\/script>\n<!-- \/ Yoast SEO Premium plugin. -->","yoast_head_json":{"title":"Plni\u010dka na obilie a m\u00faku d\u00e1vkovanie 3Kg - ARC rozvod","robots":{"index":"index","follow":"follow","max-snippet":"max-snippet:-1","max-image-preview":"max-image-preview:large","max-video-preview":"max-video-preview:-1"},"canonical":"https:\/\/www.distribucionarc.com\/tr\/producto\/llenadora-dosificadora-de-granos-y-harinas\/","og_locale":"sk_SK","og_type":"article","og_title":"Llenadora dosificadora de granos y harinas 3Kg","og_description":"Llenadora dosificadora de polvos, granos, harinas ARC\u00a0ofrece varios tipos de soluciones para las industrias que trabajan con polvos, granos y harinas. Con esta dosificadora de 3 Kg, su producci\u00f3n ser\u00e1 instant\u00e1nea.  Esta m\u00e1quina de llenado de polvo sirve como un buen asistente en el asegurador de todo tipo de part\u00edculas, polvo y componentes. Esta llenadora de ARC de part\u00edculas dispone de un sistema autom\u00e1tico de control con microordenador, garantizando plenamente la alta velocidad y precisi\u00f3n del proceso de llenado. Es un dispositivo maravilloso que puede satisfacer diferentes necesidades. Perfecto para uso industrial. Garant\u00eda\u00a0ARC 2 A\u00d1OS Dosificadora autom\u00e1tica eficiente, bajo consumo 250w soporte t\u00e9cnico incluido &nbsp;","og_url":"https:\/\/www.distribucionarc.com\/tr\/producto\/llenadora-dosificadora-de-granos-y-harinas\/","og_site_name":"distribuci\u00f3n ARC","article_modified_time":"2020-09-27T14:06:11+00:00","og_image":[{"width":1600,"height":1600,"url":"https:\/\/www.distribucionarc.com\/wp-content\/uploads\/2020\/07\/Llenadora-dosificadora-de-granos-y-harinas-0.jpg","type":"image\/jpeg"}],"twitter_card":"summary_large_image","twitter_misc":{"Predpokladan\u00fd \u010das \u010d\u00edtania":"1 min\u00fata"},"schema":{"@context":"https:\/\/schema.org","@graph":[{"@type":"WebPage","@id":"https:\/\/www.distribucionarc.com\/tr\/producto\/llenadora-dosificadora-de-granos-y-harinas\/","url":"https:\/\/www.distribucionarc.com\/tr\/producto\/llenadora-dosificadora-de-granos-y-harinas\/","name":"Plni\u010dka na obilie a m\u00faku d\u00e1vkovanie 3Kg - ARC rozvod","isPartOf":{"@id":"https:\/\/distribucionarc.com\/de\/#website"},"primaryImageOfPage":{"@id":"https:\/\/www.distribucionarc.com\/tr\/producto\/llenadora-dosificadora-de-granos-y-harinas\/#primaryimage"},"image":{"@id":"https:\/\/www.distribucionarc.com\/tr\/producto\/llenadora-dosificadora-de-granos-y-harinas\/#primaryimage"},"thumbnailUrl":"https:\/\/distribucionarc.com\/wp-content\/uploads\/2020\/07\/Llenadora-dosificadora-de-granos-y-harinas-0.jpg","datePublished":"2020-07-31T11:04:46+00:00","dateModified":"2020-09-27T14:06:11+00:00","breadcrumb":{"@id":"https:\/\/www.distribucionarc.com\/tr\/producto\/llenadora-dosificadora-de-granos-y-harinas\/#breadcrumb"},"inLanguage":"sk-SK","potentialAction":[{"@type":"ReadAction","target":["https:\/\/www.distribucionarc.com\/tr\/producto\/llenadora-dosificadora-de-granos-y-harinas\/"]}]},{"@type":"ImageObject","inLanguage":"sk-SK","@id":"https:\/\/www.distribucionarc.com\/tr\/producto\/llenadora-dosificadora-de-granos-y-harinas\/#primaryimage","url":"https:\/\/distribucionarc.com\/wp-content\/uploads\/2020\/07\/Llenadora-dosificadora-de-granos-y-harinas-0.jpg","contentUrl":"https:\/\/distribucionarc.com\/wp-content\/uploads\/2020\/07\/Llenadora-dosificadora-de-granos-y-harinas-0.jpg","width":1600,"height":1600,"caption":"Llenadora dosificadora de granos y harinas"},{"@type":"BreadcrumbList","@id":"https:\/\/www.distribucionarc.com\/tr\/producto\/llenadora-dosificadora-de-granos-y-harinas\/#breadcrumb","itemListElement":[{"@type":"ListItem","position":1,"name":"Portada","item":"https:\/\/distribucionarc.com\/pl\/"},{"@type":"ListItem","position":2,"name":"Produkty","item":"https:\/\/distribucionarc.com\/pl\/shop\/"},{"@type":"ListItem","position":3,"name":"Llenadora dosificadora de granos y harinas 3Kg"}]},{"@type":"WebSite","@id":"https:\/\/distribucionarc.com\/de\/#website","url":"https:\/\/distribucionarc.com\/de\/","name":"ARC distrib\u00facia","description":"Spolo\u010dnos\u0165 sa \u0161pecializuje na v\u00fdrobu a distrib\u00faciu priemyseln\u00fdch strojov, strojov na uzatv\u00e1ranie plechoviek, strojov na v\u00fdrobu tabliet, strojov na porciovanie m\u00e4sa...","publisher":{"@id":"https:\/\/distribucionarc.com\/de\/#organization"},"potentialAction":[{"@type":"SearchAction","target":{"@type":"EntryPoint","urlTemplate":"https:\/\/distribucionarc.com\/de\/?s={search_term_string}"},"query-input":{"@type":"PropertyValueSpecification","valueRequired":true,"valueName":"search_term_string"}}],"inLanguage":"sk-SK"},{"@type":"Organization","@id":"https:\/\/distribucionarc.com\/de\/#organization","name":"Distrib\u00facia ARC","url":"https:\/\/distribucionarc.com\/de\/","logo":{"@type":"ImageObject","inLanguage":"sk-SK","@id":"https:\/\/distribucionarc.com\/de\/#\/schema\/logo\/image\/","url":"https:\/\/distribucionarc.com\/wp-content\/uploads\/2024\/10\/distribucion-ARC-COLOR-SIN-FONDO-e1732295305345.png","contentUrl":"https:\/\/distribucionarc.com\/wp-content\/uploads\/2024\/10\/distribucion-ARC-COLOR-SIN-FONDO-e1732295305345.png","width":1164,"height":558,"caption":"Distribuci\u00f3n ARC"},"image":{"@id":"https:\/\/distribucionarc.com\/de\/#\/schema\/logo\/image\/"},"description":"Spolo\u010dnos\u0165 \u0161pecializuj\u00faca sa na v\u00fdrobu a distrib\u00faciu priemyseln\u00fdch strojov pre potravin\u00e1rsky a farmaceutick\u00fd sektor. \u0160pecializujeme sa na: Stroje na kr\u00e1janie m\u00e4sa V\u00fdroba tabliet Priemyseln\u00e9 dopravn\u00e9 syst\u00e9my D\u00e1vkova\u010de na f\u013ea\u0161e A ove\u013ea viac... Pon\u00fakame inovat\u00edvne a prisp\u00f4soben\u00e9 rie\u0161enia na optimaliz\u00e1ciu v\u00fdrobn\u00fdch procesov va\u0161ej spolo\u010dnosti.","email":"Admistracion@distribucionarc.com","telephone":"+34 643496664","legalName":"ARC TECH SOLUTIONS","foundingDate":"2024-04-09","vatID":"B55480172","numberOfEmployees":{"@type":"QuantitativeValue","minValue":"1","maxValue":"10"}}]}},"_links":{"self":[{"href":"https:\/\/distribucionarc.com\/sk\/wp-json\/wp\/v2\/product\/1802","targetHints":{"allow":["GET"]}}],"collection":[{"href":"https:\/\/distribucionarc.com\/sk\/wp-json\/wp\/v2\/product"}],"about":[{"href":"https:\/\/distribucionarc.com\/sk\/wp-json\/wp\/v2\/types\/product"}],"replies":[{"embeddable":true,"href":"https:\/\/distribucionarc.com\/sk\/wp-json\/wp\/v2\/comments?post=1802"}],"version-history":[{"count":0,"href":"https:\/\/distribucionarc.com\/sk\/wp-json\/wp\/v2\/product\/1802\/revisions"}],"wp:featuredmedia":[{"embeddable":true,"href":"https:\/\/distribucionarc.com\/sk\/wp-json\/wp\/v2\/media\/1809"}],"wp:attachment":[{"href":"https:\/\/distribucionarc.com\/sk\/wp-json\/wp\/v2\/media?parent=1802"}],"wp:term":[{"taxonomy":"product_brand","embeddable":true,"href":"https:\/\/distribucionarc.com\/sk\/wp-json\/wp\/v2\/product_brand?post=1802"},{"taxonomy":"product_cat","embeddable":true,"href":"https:\/\/distribucionarc.com\/sk\/wp-json\/wp\/v2\/product_cat?post=1802"},{"taxonomy":"product_tag","embeddable":true,"href":"https:\/\/distribucionarc.com\/sk\/wp-json\/wp\/v2\/product_tag?post=1802"}],"curies":[{"name":"pracovn\u00fd list","href":"https:\/\/api.w.org\/{rel}","templated":true}]}}