{"id":1842,"date":"2020-07-31T12:26:07","date_gmt":"2020-07-31T12:26:07","guid":{"rendered":"https:\/\/distribucionarc.com\/?post_type=product&#038;p=1842"},"modified":"2023-06-05T11:03:31","modified_gmt":"2023-06-05T11:03:31","slug":"stroj-na-klobasky-10-l","status":"publish","type":"product","link":"https:\/\/distribucionarc.com\/sk\/producto\/maquina-para-embutidos-10-l\/","title":{"rendered":"Stroj na klob\u00e1sy 10 l"},"content":{"rendered":"<h3>Stroj na klob\u00e1sy 10 l<\/h3>\n<p>S\u00a0<strong>stroj\u010dek na klob\u00e1sy<\/strong>z\u00a0<strong><span style=\"color: #ff0000;\">TO<\/span><span style=\"color: #0000ff;\">R<\/span>c<\/strong>\u00a0Jednoducho napl\u0148te \u010drevo, aby ste ve\u013emi r\u00fdchlo vytvorili dom\u00e1ce klob\u00e1sy.<\/p>\n<p>The\u00a0<strong>stroj\u010dek na klob\u00e1sy<\/strong>\u00a0z\u00a0<strong><span style=\"color: #ff0000;\">TO<\/span><span style=\"color: #0000ff;\">R<\/span>c<\/strong>\u00a0Je vyroben\u00fd s telom z nehrdzavej\u00facej ocele (a nie z liatiny, ako in\u00e9 stroje tohto typu) najvy\u0161\u0161ej kvality pre potraviny, aby sa chu\u0165 va\u0161ich produktov nezmenila.  Pevnos\u0165 a proti\u0161mykov\u00e9 gumen\u00e9 no\u017ei\u010dky zais\u0165uj\u00fa maxim\u00e1lnu stabilitu.  Hr\u00fabka valca na rozdiel od in\u00fdch\u00a0<strong>vypch\u00e1vky<\/strong>\u00a0poskytne mu v\u00fdnimo\u010dn\u00fa odolnos\u0165 a pln\u00e9 zhody s najpr\u00edsnej\u0161\u00edmi hygienick\u00fdmi normami.<\/p>\n<p>The\u00a0<strong>plnivo na klob\u00e1sy\u00a0<span style=\"color: #ff0000;\">TO<\/span><span style=\"color: #0000ff;\">R<\/span>CMPS2<\/strong>\u00a0M\u00e1 dvojn\u00e1sobn\u00fa manu\u00e1lnu r\u00fdchlos\u0165, aby sa prisp\u00f4sobila potreb\u00e1m u\u017e\u00edvate\u013ea, oper\u00e1cie vypr\u00e1zd\u0148ovania a plnenia s\u00fa mimoriadne jednoduch\u00e9. Hlave\u0148 sklopn\u00e1 o 90\u00b0 zjednodu\u0161uje plnenie<\/p>\n<p>M\u00e1 odvzdu\u0161\u0148ovac\u00ed ventil na zn\u00ed\u017eenie pr\u00edtomnosti vzduchu v \u010drev\u00e1ch a vrecovanom m\u00e4se. Stroj\u010dek na klob\u00e1sy m\u00e1 4 lieviky r\u00f4znych ve\u013ekost\u00ed pre ak\u00fako\u013evek potrebu.<\/p>\n<p>The\u00a0<strong>d\u00e1vkova\u010d klob\u00e1s<\/strong>\u00a0z\u00a0<strong><span style=\"color: #ff0000;\">TO<\/span><span style=\"color: #0000ff;\">R<\/span>c<\/strong>\u00a0Mysl\u00ed na ka\u017ed\u00e9ho, a preto je prisp\u00f4soben\u00fd aj pre \u013eav\u00e1kov. Najlep\u0161ie stroje na zv\u00fd\u0161enie va\u0161ej produkcie bez zmeny chuti v\u00e1\u0161ho produktu.<\/p>\n<h6><strong>Z\u00e1ruka\u00a0<span style=\"color: #ff0000;\">TO<\/span><span style=\"color: #0000ff;\">R<\/span>C 2 ROKY<\/strong><\/h6>\n<h6>Ru\u010dn\u00e1 plni\u010dka klob\u00e1s<\/h6>\n<p><strong>vr\u00e1tane technickej podpory<\/strong><\/p>\n<p>&nbsp;<\/p>\n<table role=\"presentation\" width=\"100%\" cellspacing=\"0\" cellpadding=\"0\">\n<tbody>\n<tr>\n<td class=\"attrLabels\">chlap:<\/td>\n<td width=\"50.0%\">manu\u00e1l<\/td>\n<\/tr>\n<tr>\n<td class=\"attrLabels\">Krajina distrib\u00facie:<\/td>\n<td width=\"50.0%\">\u0160panielsko, Nemecko, USA<\/td>\n<td class=\"attrLabels\">Hmotnos\u0165:<\/td>\n<td width=\"50.0%\">19,5 kg<\/td>\n<\/tr>\n<tr>\n<td class=\"attrLabels\">Zna\u010dka:<\/td>\n<td width=\"50.0%\">ARC<\/td>\n<td class=\"attrLabels\">v\u00fd\u0161ka:<\/td>\n<td width=\"50.0%\">58 cm<\/td>\n<\/tr>\n<tr>\n<td class=\"attrLabels\">Farba:<\/td>\n<td width=\"50.0%\">Strieborn\u00e1<\/td>\n<td class=\"attrLabels\">Dlh\u00e9:<\/td>\n<td width=\"50.0%\">30 cm<\/td>\n<\/tr>\n<tr>\n<td class=\"attrLabels\">Typ produktu:<\/td>\n<td width=\"50.0%\">stroj\u010dek na klob\u00e1sy<\/td>\n<td class=\"attrLabels\">\u0160irok\u00e1:<\/td>\n<td width=\"50.0%\">\u00a033 cm<\/td>\n<\/tr>\n<tr>\n<td class=\"attrLabels\">\u010c\u00edslo v\u00fdrobcu:<\/td>\n<td width=\"50.0%\">ARCMPS2<\/td>\n<td class=\"attrLabels\">Priemer: lieviky<\/td>\n<td width=\"50.0%\">\u00a01,6 cm\/2,2 cm\/3,2 cm\/3,8 cm<\/td>\n<\/tr>\n<tr>\n<td class=\"attrLabels\">Materi\u00e1l:<\/td>\n<td width=\"50.0%\">nerezov\u00e1 oce\u013e, proti\u0161mykov\u00e1 guma, evakua\u010dn\u00fd ventil<\/td>\n<td class=\"attrLabels\">Ve\u013ekos\u0165:<\/td>\n<td width=\"50.0%\">10L<\/td>\n<\/tr>\n<tr>\n<td class=\"attrLabels\">R\u00fdchlos\u0165:<\/td>\n<td width=\"50.0%\">Pomaly\/r\u00fdchlo<\/td>\n<td class=\"attrLabels\">\u00a0Z\u00e1ruka:<\/td>\n<td width=\"50.0%\">2 ROKY<\/td>\n<\/tr>\n<tr>\n<td class=\"attrLabels\">In\u0161tala\u010dn\u00e9 n\u00e1stroje:<\/td>\n<td width=\"50.0%\">\u00c1no<\/td>\n<td class=\"attrLabels\"><\/td>\n<td width=\"50.0%\"><\/td>\n<\/tr>\n<\/tbody>\n<\/table>","protected":false},"excerpt":{"rendered":"<h2>Stroj na klob\u00e1sy 10 l<\/h2>\n<p>The<strong>\u00a0stroj\u010dek na klob\u00e1sy<\/strong>\u00a0z<span style=\"color: #ff0000;\">\u00a0<\/span><strong><span style=\"color: #ff0000;\">TO<\/span><span style=\"color: #0000ff;\">R<\/span>c<\/strong> 10 litrov mimoriadne u\u013eah\u010duje v\u00fdrobu \u00faden\u00edn. Je ide\u00e1lny pre dom\u00e1ce prostredie alebo re\u0161taur\u00e1cie a nemen\u00ed chu\u0165 produktu. M\u00e1 4 vymenite\u013en\u00e9 lieviky na plnenie, \u013eahko sa \u010dist\u00ed.<\/p>\n<p>The<strong> plnka <span style=\"color: #ff0000;\">TO<\/span><span style=\"color: #0000ff;\">R<\/span>CMPS2<\/strong>\u00a0Je vyroben\u00fd z vysoko kvalitnej nehrdzavej\u00facej ocele a m\u00e1 najmodernej\u0161ie funkcie. Vyzna\u010duje sa bezpe\u010dnostn\u00fdm spojovac\u00edm syst\u00e9mom na pripojenie suda k podstavcu, tak\u017ee sa d\u00e1 \u013eahko rozobra\u0165 \u010diasto\u010dne na plnenie a \u00faplne na \u010distenie. Piest obsahuje pneumatick\u00fd ventil, ktor\u00fd zabra\u0148uje nadmern\u00e9mu prenikaniu vzduchu a vytv\u00e1ra dokonal\u00e9 klob\u00e1sy.<\/p>\n<h6><strong>Z\u00e1ruka\u00a0<span style=\"color: #ff0000;\">TO<\/span><span style=\"color: #0000ff;\">R<\/span>C 2 ROKY<\/strong><\/h6>\n<h6>Ru\u010dn\u00e1 plni\u010dka klob\u00e1s<\/h6>\n<p><strong>vr\u00e1tane technickej podpory<\/strong><\/p>","protected":false},"featured_media":6057,"comment_status":"open","ping_status":"closed","template":"","meta":{"wds_primary_product_brand":0,"wds_primary_product_cat":0},"product_brand":[],"product_cat":[50],"product_tag":[],"class_list":{"0":"post-1842","1":"product","2":"type-product","3":"status-publish","4":"has-post-thumbnail","6":"product_cat-elaboradoras-de-croquetas-y-albondigas","7":"product_shipping_class-hosteleria","9":"first","10":"instock","11":"sale","12":"taxable","13":"shipping-taxable","14":"purchasable","15":"product-type-simple"},"yoast_head":"<!-- This site is optimized with the Yoast SEO Premium plugin v24.9 (Yoast SEO v26.1) - https:\/\/yoast.com\/wordpress\/plugins\/seo\/ -->\n<title>M\u00e1quina para embutidos 10 L - distribuci\u00f3n ARC<\/title>\n<meta name=\"robots\" content=\"index, follow, max-snippet:-1, max-image-preview:large, max-video-preview:-1\" \/>\n<link rel=\"canonical\" href=\"https:\/\/distribucionarc.com\/sk\/produktov\/stroj-na-klobasky-10-l\/\" \/>\n<meta property=\"og:locale\" content=\"sk_SK\" \/>\n<meta property=\"og:type\" content=\"article\" \/>\n<meta property=\"og:title\" content=\"M\u00e1quina para embutidos 10 L\" \/>\n<meta property=\"og:description\" content=\"M\u00e1quina para embutidos 10 L La\u00a0m\u00e1quina de salchichas\u00a0de\u00a0ARC 10 litros hace que sea extremadamente f\u00e1cil producir carnes curadas. Es ideal para ambientes dom\u00e9sticos o restaurantes y no altera el sabor del producto. Tiene 4 embudos intercambiables para el llenado, es f\u00e1cil de limpiar.  La embutidora ARCMPS2\u00a0est\u00e1 hecha de acero inoxidable de alta calidad y viene con caracter\u00edsticas de \u00faltima generaci\u00f3n. Se caracteriza por un sistema de uni\u00f3n de seguridad, para unir el ca\u00f1\u00f3n al pedestal, por lo que se desmonta f\u00e1cilmente parcialmente para su llenado y totalmente para su limpieza. El pist\u00f3n incorpora una v\u00e1lvula neum\u00e1tica para evitar la penetraci\u00f3n excesiva del aire y crear salchichas perfectas. Garant\u00eda\u00a0ARC 2 A\u00d1OS Rellenadora de embutidos manual soporte t\u00e9cnico incluido\" \/>\n<meta property=\"og:url\" content=\"https:\/\/distribucionarc.com\/sk\/produktov\/stroj-na-klobasky-10-l\/\" \/>\n<meta property=\"og:site_name\" content=\"distribuci\u00f3n ARC\" \/>\n<meta property=\"article:modified_time\" content=\"2023-06-05T11:03:31+00:00\" \/>\n<meta property=\"og:image\" content=\"https:\/\/distribucionarc.com\/wp-content\/uploads\/2020\/07\/Maquina-para-embutidos-10-L-imagen-producto.jpg\" \/>\n\t<meta property=\"og:image:width\" content=\"1500\" \/>\n\t<meta property=\"og:image:height\" content=\"1500\" \/>\n\t<meta property=\"og:image:type\" content=\"image\/jpeg\" \/>\n<meta name=\"twitter:card\" content=\"summary_large_image\" \/>\n<meta name=\"twitter:label1\" content=\"Predpokladan\u00fd \u010das \u010d\u00edtania\" \/>\n\t<meta name=\"twitter:data1\" content=\"1 min\u00fata\" \/>\n<script type=\"application\/ld+json\" class=\"yoast-schema-graph\">{\"@context\":\"https:\/\/schema.org\",\"@graph\":[{\"@type\":\"WebPage\",\"@id\":\"https:\/\/distribucionarc.com\/it\/producto\/maquina-para-embutidos-10-l\/\",\"url\":\"https:\/\/distribucionarc.com\/it\/producto\/maquina-para-embutidos-10-l\/\",\"name\":\"M\u00e1quina para embutidos 10 L - distribuci\u00f3n ARC\",\"isPartOf\":{\"@id\":\"https:\/\/distribucionarc.com\/de\/#website\"},\"primaryImageOfPage\":{\"@id\":\"https:\/\/distribucionarc.com\/it\/producto\/maquina-para-embutidos-10-l\/#primaryimage\"},\"image\":{\"@id\":\"https:\/\/distribucionarc.com\/it\/producto\/maquina-para-embutidos-10-l\/#primaryimage\"},\"thumbnailUrl\":\"https:\/\/distribucionarc.com\/wp-content\/uploads\/2020\/07\/Maquina-para-embutidos-10-L-imagen-producto.jpg\",\"datePublished\":\"2020-07-31T12:26:07+00:00\",\"dateModified\":\"2023-06-05T11:03:31+00:00\",\"breadcrumb\":{\"@id\":\"https:\/\/distribucionarc.com\/it\/producto\/maquina-para-embutidos-10-l\/#breadcrumb\"},\"inLanguage\":\"sk-SK\",\"potentialAction\":[{\"@type\":\"ReadAction\",\"target\":[\"https:\/\/distribucionarc.com\/it\/producto\/maquina-para-embutidos-10-l\/\"]}]},{\"@type\":\"ImageObject\",\"inLanguage\":\"sk-SK\",\"@id\":\"https:\/\/distribucionarc.com\/it\/producto\/maquina-para-embutidos-10-l\/#primaryimage\",\"url\":\"https:\/\/distribucionarc.com\/wp-content\/uploads\/2020\/07\/Maquina-para-embutidos-10-L-imagen-producto.jpg\",\"contentUrl\":\"https:\/\/distribucionarc.com\/wp-content\/uploads\/2020\/07\/Maquina-para-embutidos-10-L-imagen-producto.jpg\",\"width\":1500,\"height\":1500},{\"@type\":\"BreadcrumbList\",\"@id\":\"https:\/\/distribucionarc.com\/it\/producto\/maquina-para-embutidos-10-l\/#breadcrumb\",\"itemListElement\":[{\"@type\":\"ListItem\",\"position\":1,\"name\":\"Portada\",\"item\":\"https:\/\/distribucionarc.com\/pl\/\"},{\"@type\":\"ListItem\",\"position\":2,\"name\":\"Produkty\",\"item\":\"https:\/\/distribucionarc.com\/pl\/shop\/\"},{\"@type\":\"ListItem\",\"position\":3,\"name\":\"M\u00e1quina para embutidos 10 L\"}]},{\"@type\":\"WebSite\",\"@id\":\"https:\/\/distribucionarc.com\/de\/#website\",\"url\":\"https:\/\/distribucionarc.com\/de\/\",\"name\":\"distribuci\u00f3n ARC\",\"description\":\"Empresa especializada en la fabricaci\u00f3n y distribuci\u00f3n de maquinaria industrial, selladoras de latas, Maquinas de hacer pastillas, Maquinas de cortar carne...\",\"publisher\":{\"@id\":\"https:\/\/distribucionarc.com\/de\/#organization\"},\"potentialAction\":[{\"@type\":\"SearchAction\",\"target\":{\"@type\":\"EntryPoint\",\"urlTemplate\":\"https:\/\/distribucionarc.com\/de\/?s={search_term_string}\"},\"query-input\":{\"@type\":\"PropertyValueSpecification\",\"valueRequired\":true,\"valueName\":\"search_term_string\"}}],\"inLanguage\":\"sk-SK\"},{\"@type\":\"Organization\",\"@id\":\"https:\/\/distribucionarc.com\/de\/#organization\",\"name\":\"Distribuci\u00f3n ARC\",\"url\":\"https:\/\/distribucionarc.com\/de\/\",\"logo\":{\"@type\":\"ImageObject\",\"inLanguage\":\"sk-SK\",\"@id\":\"https:\/\/distribucionarc.com\/de\/#\/schema\/logo\/image\/\",\"url\":\"https:\/\/distribucionarc.com\/wp-content\/uploads\/2024\/10\/distribucion-ARC-COLOR-SIN-FONDO-e1732295305345.png\",\"contentUrl\":\"https:\/\/distribucionarc.com\/wp-content\/uploads\/2024\/10\/distribucion-ARC-COLOR-SIN-FONDO-e1732295305345.png\",\"width\":1164,\"height\":558,\"caption\":\"Distribuci\u00f3n ARC\"},\"image\":{\"@id\":\"https:\/\/distribucionarc.com\/de\/#\/schema\/logo\/image\/\"},\"description\":\"Empresa especializada en la fabricaci\u00f3n y distribuci\u00f3n de maquinaria industrial para los sectores alimentario y farmac\u00e9utico. Nos especializamos en: M\u00e1quinas de cortar carne Fabricaci\u00f3n de comprimidos Sistemas de transporte industrial L\u00edneas de embotellado Dosificadores Y mucho m\u00e1s... Ofrecemos soluciones innovadoras y personalizadas para optimizar los procesos productivos de tu empresa.\",\"email\":\"Admistracion@distribucionarc.com\",\"telephone\":\"+34 643496664\",\"legalName\":\"ARC TECH SOLUTIONS\",\"foundingDate\":\"2024-04-09\",\"vatID\":\"B55480172\",\"numberOfEmployees\":{\"@type\":\"QuantitativeValue\",\"minValue\":\"1\",\"maxValue\":\"10\"}}]}<\/script>\n<!-- \/ Yoast SEO Premium plugin. -->","yoast_head_json":{"title":"Klob\u00e1sa 10 L - ARC rozvod","robots":{"index":"index","follow":"follow","max-snippet":"max-snippet:-1","max-image-preview":"max-image-preview:large","max-video-preview":"max-video-preview:-1"},"canonical":"https:\/\/distribucionarc.com\/sk\/produktov\/stroj-na-klobasky-10-l\/","og_locale":"sk_SK","og_type":"article","og_title":"M\u00e1quina para embutidos 10 L","og_description":"M\u00e1quina para embutidos 10 L La\u00a0m\u00e1quina de salchichas\u00a0de\u00a0ARC 10 litros hace que sea extremadamente f\u00e1cil producir carnes curadas. Es ideal para ambientes dom\u00e9sticos o restaurantes y no altera el sabor del producto. Tiene 4 embudos intercambiables para el llenado, es f\u00e1cil de limpiar.  La embutidora ARCMPS2\u00a0est\u00e1 hecha de acero inoxidable de alta calidad y viene con caracter\u00edsticas de \u00faltima generaci\u00f3n. Se caracteriza por un sistema de uni\u00f3n de seguridad, para unir el ca\u00f1\u00f3n al pedestal, por lo que se desmonta f\u00e1cilmente parcialmente para su llenado y totalmente para su limpieza. El pist\u00f3n incorpora una v\u00e1lvula neum\u00e1tica para evitar la penetraci\u00f3n excesiva del aire y crear salchichas perfectas. Garant\u00eda\u00a0ARC 2 A\u00d1OS Rellenadora de embutidos manual soporte t\u00e9cnico incluido","og_url":"https:\/\/distribucionarc.com\/sk\/produktov\/stroj-na-klobasky-10-l\/","og_site_name":"distribuci\u00f3n ARC","article_modified_time":"2023-06-05T11:03:31+00:00","og_image":[{"width":1500,"height":1500,"url":"https:\/\/distribucionarc.com\/wp-content\/uploads\/2020\/07\/Maquina-para-embutidos-10-L-imagen-producto.jpg","type":"image\/jpeg"}],"twitter_card":"summary_large_image","twitter_misc":{"Predpokladan\u00fd \u010das \u010d\u00edtania":"1 min\u00fata"},"schema":{"@context":"https:\/\/schema.org","@graph":[{"@type":"WebPage","@id":"https:\/\/distribucionarc.com\/it\/producto\/maquina-para-embutidos-10-l\/","url":"https:\/\/distribucionarc.com\/it\/producto\/maquina-para-embutidos-10-l\/","name":"Klob\u00e1sa 10 L - ARC rozvod","isPartOf":{"@id":"https:\/\/distribucionarc.com\/de\/#website"},"primaryImageOfPage":{"@id":"https:\/\/distribucionarc.com\/it\/producto\/maquina-para-embutidos-10-l\/#primaryimage"},"image":{"@id":"https:\/\/distribucionarc.com\/it\/producto\/maquina-para-embutidos-10-l\/#primaryimage"},"thumbnailUrl":"https:\/\/distribucionarc.com\/wp-content\/uploads\/2020\/07\/Maquina-para-embutidos-10-L-imagen-producto.jpg","datePublished":"2020-07-31T12:26:07+00:00","dateModified":"2023-06-05T11:03:31+00:00","breadcrumb":{"@id":"https:\/\/distribucionarc.com\/it\/producto\/maquina-para-embutidos-10-l\/#breadcrumb"},"inLanguage":"sk-SK","potentialAction":[{"@type":"ReadAction","target":["https:\/\/distribucionarc.com\/it\/producto\/maquina-para-embutidos-10-l\/"]}]},{"@type":"ImageObject","inLanguage":"sk-SK","@id":"https:\/\/distribucionarc.com\/it\/producto\/maquina-para-embutidos-10-l\/#primaryimage","url":"https:\/\/distribucionarc.com\/wp-content\/uploads\/2020\/07\/Maquina-para-embutidos-10-L-imagen-producto.jpg","contentUrl":"https:\/\/distribucionarc.com\/wp-content\/uploads\/2020\/07\/Maquina-para-embutidos-10-L-imagen-producto.jpg","width":1500,"height":1500},{"@type":"BreadcrumbList","@id":"https:\/\/distribucionarc.com\/it\/producto\/maquina-para-embutidos-10-l\/#breadcrumb","itemListElement":[{"@type":"ListItem","position":1,"name":"Portada","item":"https:\/\/distribucionarc.com\/pl\/"},{"@type":"ListItem","position":2,"name":"Produkty","item":"https:\/\/distribucionarc.com\/pl\/shop\/"},{"@type":"ListItem","position":3,"name":"M\u00e1quina para embutidos 10 L"}]},{"@type":"WebSite","@id":"https:\/\/distribucionarc.com\/de\/#website","url":"https:\/\/distribucionarc.com\/de\/","name":"ARC distrib\u00facia","description":"Spolo\u010dnos\u0165 sa \u0161pecializuje na v\u00fdrobu a distrib\u00faciu priemyseln\u00fdch strojov, strojov na uzatv\u00e1ranie plechoviek, strojov na v\u00fdrobu tabliet, strojov na porciovanie m\u00e4sa...","publisher":{"@id":"https:\/\/distribucionarc.com\/de\/#organization"},"potentialAction":[{"@type":"SearchAction","target":{"@type":"EntryPoint","urlTemplate":"https:\/\/distribucionarc.com\/de\/?s={search_term_string}"},"query-input":{"@type":"PropertyValueSpecification","valueRequired":true,"valueName":"search_term_string"}}],"inLanguage":"sk-SK"},{"@type":"Organization","@id":"https:\/\/distribucionarc.com\/de\/#organization","name":"Distrib\u00facia ARC","url":"https:\/\/distribucionarc.com\/de\/","logo":{"@type":"ImageObject","inLanguage":"sk-SK","@id":"https:\/\/distribucionarc.com\/de\/#\/schema\/logo\/image\/","url":"https:\/\/distribucionarc.com\/wp-content\/uploads\/2024\/10\/distribucion-ARC-COLOR-SIN-FONDO-e1732295305345.png","contentUrl":"https:\/\/distribucionarc.com\/wp-content\/uploads\/2024\/10\/distribucion-ARC-COLOR-SIN-FONDO-e1732295305345.png","width":1164,"height":558,"caption":"Distribuci\u00f3n ARC"},"image":{"@id":"https:\/\/distribucionarc.com\/de\/#\/schema\/logo\/image\/"},"description":"Spolo\u010dnos\u0165 \u0161pecializuj\u00faca sa na v\u00fdrobu a distrib\u00faciu priemyseln\u00fdch strojov pre potravin\u00e1rsky a farmaceutick\u00fd sektor. \u0160pecializujeme sa na: Stroje na kr\u00e1janie m\u00e4sa V\u00fdroba tabliet Priemyseln\u00e9 dopravn\u00e9 syst\u00e9my D\u00e1vkova\u010de na f\u013ea\u0161e A ove\u013ea viac... Pon\u00fakame inovat\u00edvne a prisp\u00f4soben\u00e9 rie\u0161enia na optimaliz\u00e1ciu v\u00fdrobn\u00fdch procesov va\u0161ej spolo\u010dnosti.","email":"Admistracion@distribucionarc.com","telephone":"+34 643496664","legalName":"ARC TECH SOLUTIONS","foundingDate":"2024-04-09","vatID":"B55480172","numberOfEmployees":{"@type":"QuantitativeValue","minValue":"1","maxValue":"10"}}]}},"_links":{"self":[{"href":"https:\/\/distribucionarc.com\/sk\/wp-json\/wp\/v2\/product\/1842","targetHints":{"allow":["GET"]}}],"collection":[{"href":"https:\/\/distribucionarc.com\/sk\/wp-json\/wp\/v2\/product"}],"about":[{"href":"https:\/\/distribucionarc.com\/sk\/wp-json\/wp\/v2\/types\/product"}],"replies":[{"embeddable":true,"href":"https:\/\/distribucionarc.com\/sk\/wp-json\/wp\/v2\/comments?post=1842"}],"version-history":[{"count":0,"href":"https:\/\/distribucionarc.com\/sk\/wp-json\/wp\/v2\/product\/1842\/revisions"}],"wp:featuredmedia":[{"embeddable":true,"href":"https:\/\/distribucionarc.com\/sk\/wp-json\/wp\/v2\/media\/6057"}],"wp:attachment":[{"href":"https:\/\/distribucionarc.com\/sk\/wp-json\/wp\/v2\/media?parent=1842"}],"wp:term":[{"taxonomy":"product_brand","embeddable":true,"href":"https:\/\/distribucionarc.com\/sk\/wp-json\/wp\/v2\/product_brand?post=1842"},{"taxonomy":"product_cat","embeddable":true,"href":"https:\/\/distribucionarc.com\/sk\/wp-json\/wp\/v2\/product_cat?post=1842"},{"taxonomy":"product_tag","embeddable":true,"href":"https:\/\/distribucionarc.com\/sk\/wp-json\/wp\/v2\/product_tag?post=1842"}],"curies":[{"name":"pracovn\u00fd list","href":"https:\/\/api.w.org\/{rel}","templated":true}]}}