{"id":2075,"date":"2020-08-07T15:34:13","date_gmt":"2020-08-07T15:34:13","guid":{"rendered":"https:\/\/distribucionarc.com\/?post_type=product&#038;p=2075"},"modified":"2020-09-30T08:55:08","modified_gmt":"2020-09-30T08:55:08","slug":"lis-na-vino-lis-na-ovocie-6l","status":"publish","type":"product","link":"https:\/\/distribucionarc.com\/sk\/producto\/prensa-de-vino-exprimidor-de-frutas-6l\/","title":{"rendered":"6L od\u0161\u0165avova\u010d na v\u00edno lis na ovocie"},"content":{"rendered":"<h3>Lis na v\u00edno, od\u0161\u0165avova\u010d, od\u0161\u0165avova\u010d ovocia 6L<\/h3>\n<p>Lisovanie s <strong>ARC od\u0161\u0165avova\u010d ovocia<\/strong> Bude to r\u00fdchle a jednoduch\u00e9, v z\u00e1vislosti od macer\u00e1cie (ve\u013emi nakr\u00e1jan\u00e9 ovocie). Ka\u017ed\u00fd druh ovocia si vy\u017eaduje svoj vlastn\u00fd typ pr\u00edpravy.<\/p>\n<p>Mno\u017estvo z\u00edskanej \u0161\u0165avy z\u00e1vis\u00ed samozrejme od obsahu vody v ovoc\u00ed a nie od snahy obsluhy. Ak je ovocie dobre pripraven\u00e9, d\u00e1 sa \u013eahko stla\u010di\u0165 jednou rukou.<\/p>\n<p>Nem\u00f4\u017eete lisova\u0165 cel\u00e9, rozpolen\u00e9 a roz\u0161tvrten\u00e9 ovocie. Z\u00e1vitovkov\u00e9 lisy na to nie s\u00fa ur\u010den\u00e9, pre najlep\u0161ie v\u00fdsledky sa odpor\u00fa\u010da ovocie dobre rozdrvi\u0165.<\/p>\n<p>The <strong>lis na v\u00edno <span style=\"color: #ff0000;\">TO<\/span><span style=\"color: #0000ff;\">R<\/span>CPEF6<\/strong> Vyr\u00e1ba sa s priebe\u017en\u00fdm oce\u013eov\u00fdm hriade\u013eom s ru\u010dn\u00fdm a mechanick\u00fdm ovl\u00e1dan\u00edm, robustn\u00fdm nerezov\u00fdm zbern\u00fdm lievikom <strong>sud<\/strong> vyroben\u00e9 z <strong>robustn\u00e1 bukov\u00e1 stonka<\/strong> Lep\u0161ie zachov\u00e1 chu\u0165 a dod\u00e1 jej stabilitu po\u010das procesu.<\/p>\n<h6><strong>Z\u00e1ruka\u00a0<\/strong><span style=\"color: #ff0000;\"><strong>TO<\/strong><\/span><span style=\"color: #0000ff;\"><strong>R<\/strong><\/span><strong>C 2 ROKY<\/strong><\/h6>\n<h6><strong>vr\u00e1tane technickej podpory<\/strong><\/h6>\n<p>&nbsp;<\/p>\n<table width=\"100%\">\n<tbody>\n<tr>\n<td>chlap:<\/td>\n<td width=\"50%\">manu\u00e1l<\/td>\n<td colspan=\"2\" width=\"327\"><\/td>\n<\/tr>\n<tr>\n<td>Krajina distrib\u00facie:<\/td>\n<td width=\"50%\">\u0160panielsko, Nemecko, USA<\/td>\n<td>Hmotnos\u0165:<\/td>\n<td width=\"50%\">6,4 kg<\/td>\n<\/tr>\n<tr>\n<td>Zna\u010dka:<\/td>\n<td width=\"50%\">ARC<\/td>\n<td>v\u00fd\u0161ka:<\/td>\n<td width=\"50%\">56 cm<\/td>\n<\/tr>\n<tr>\n<td>Farba:<\/td>\n<td width=\"50%\">Strieborn\u00e1<\/td>\n<td>Dlh\u00e9:<\/td>\n<td width=\"50%\">\u00a027 cm<\/td>\n<\/tr>\n<tr>\n<td>Typ produktu:<\/td>\n<td width=\"50%\">od\u0161\u0165avova\u010d ovocia, lis na v\u00edno<\/td>\n<td>\u0160irok\u00e1:<\/td>\n<td width=\"50%\">27 cm<\/td>\n<\/tr>\n<tr>\n<td>\u010c\u00edslo v\u00fdrobcu:<\/td>\n<td width=\"50%\">ARCPEF6<\/td>\n<td>V\u00fdroba:<\/td>\n<td width=\"50%\">6L<\/td>\n<\/tr>\n<tr>\n<td>Materi\u00e1l:<\/td>\n<td width=\"50%\">bukov\u00e9 drevo, potravin\u00e1rska nehrdzavej\u00faca oce\u013e, oce\u013e<\/td>\n<td>Ve\u013ekos\u0165 ko\u0161\u00edka:<\/td>\n<td width=\"50%\">19 x 27 cm<\/td>\n<\/tr>\n<tr>\n<td>Rozmery hlavne:<\/td>\n<td width=\"50%\">27 cm Priemer<\/td>\n<td>Vybavenie:<\/td>\n<td width=\"50%\">Lisovacia handri\u010dka je s\u00fa\u010das\u0165ou balenia<\/td>\n<\/tr>\n<tr>\n<td>V\u00fd\u0161ka hlavne:<\/td>\n<td width=\"50%\">42 cm<\/td>\n<td>Z\u00e1ruka:<\/td>\n<td width=\"50%\">2 ROKY<\/td>\n<\/tr>\n<\/tbody>\n<\/table>","protected":false},"excerpt":{"rendered":"<h2>Lis na v\u00edno, od\u0161\u0165avova\u010d, od\u0161\u0165avova\u010d ovocia 6L<\/h2>\n<p>On<strong> extraktor bob\u00fa\u013e <span style=\"color: #ff0000;\">TO<\/span><span style=\"color: #0000ff;\">R<\/span>c<\/strong> Je robustn\u00fd s a <strong>vysok\u00e1 v\u00fd\u0165a\u017enos\u0165 \u0161\u0165avy<\/strong>; Vyv\u00edja vysok\u00fd tlak v\u010faka kovovej kon\u0161trukcii hriade\u013ea. Na rozdiel od lisov od in\u00fdch dod\u00e1vate\u013eov je lisovac\u00ed valec <strong>vyroben\u00e9 z robustn\u00e9ho bukov\u00e9ho dreva <\/strong>pre<strong> lep\u0161ie zachova\u0165 chu\u0165<\/strong>. The<strong> schopnos\u0165\u00a0<\/strong>maximum ko\u0161a je<strong> 6 litrov<\/strong><\/p>\n<h6><strong>Z\u00e1ruka\u00a0<\/strong><span style=\"color: #ff0000;\"><strong>TO<\/strong><\/span><span style=\"color: #0000ff;\"><strong>R<\/strong><\/span><strong>C 2 ROKY<\/strong><\/h6>\n<h6><strong>vr\u00e1tane technickej podpory<\/strong><\/h6>","protected":false},"featured_media":2076,"comment_status":"open","ping_status":"closed","template":"","meta":{"wds_primary_product_brand":0,"wds_primary_product_cat":0},"product_brand":[],"product_cat":[30,65,67],"product_tag":[],"class_list":{"0":"post-2075","1":"product","2":"type-product","3":"status-publish","4":"has-post-thumbnail","6":"product_cat-maquinaria-apicola","7":"product_cat-maquinaria-industrial-para-procesar-fruta-verdura-panales","8":"product_cat-prensas-de-frutas-trituradoras","9":"product_shipping_class-hosteleria","11":"first","12":"instock","13":"sale","14":"taxable","15":"shipping-taxable","16":"purchasable","17":"product-type-simple"},"yoast_head":"<!-- This site is optimized with the Yoast SEO Premium plugin v24.9 (Yoast SEO v26.1) - https:\/\/yoast.com\/wordpress\/plugins\/seo\/ -->\n<title>Prensa de vino exprimidor de frutas 6L - distribuci\u00f3n ARC<\/title>\n<meta name=\"robots\" content=\"index, follow, max-snippet:-1, max-image-preview:large, max-video-preview:-1\" \/>\n<link rel=\"canonical\" href=\"https:\/\/distribucionarc.com\/sk\/produktov\/lis-na-vino-lis-na-ovocie-6l\/\" \/>\n<meta property=\"og:locale\" content=\"sk_SK\" \/>\n<meta property=\"og:type\" content=\"article\" \/>\n<meta property=\"og:title\" content=\"Prensa de vino exprimidor de frutas 6L\" \/>\n<meta property=\"og:description\" content=\"Prensa de vino, extractor de zumo, exprimidor de frutas 6L El extractor de bayas ARC es robusto con un alto rendimiento de zumo; ejerce una alta presi\u00f3n debido a la construcci\u00f3n del eje de metal.\u00a0A diferencia de las prensas de otros proveedores, el\u00a0barril de\u00a0la\u00a0prensa est\u00e1 hecho de madera de haya robusta para conservar mejor el sabor. La capacidad\u00a0m\u00e1xima\u00a0de la cesta es de 6 litros Garant\u00eda\u00a0ARC 2 A\u00d1OS soporte t\u00e9cnico\u00a0incluido\" \/>\n<meta property=\"og:url\" content=\"https:\/\/distribucionarc.com\/sk\/produktov\/lis-na-vino-lis-na-ovocie-6l\/\" \/>\n<meta property=\"og:site_name\" content=\"distribuci\u00f3n ARC\" \/>\n<meta property=\"article:modified_time\" content=\"2020-09-30T08:55:08+00:00\" \/>\n<meta property=\"og:image\" content=\"https:\/\/distribucionarc.com\/wp-content\/uploads\/2020\/08\/Prensa-de-vino-extractor-de-zumo-exprimidor-de-frutas-6L-0.jpg\" \/>\n\t<meta property=\"og:image:width\" content=\"1000\" \/>\n\t<meta property=\"og:image:height\" content=\"1000\" \/>\n\t<meta property=\"og:image:type\" content=\"image\/jpeg\" \/>\n<meta name=\"twitter:card\" content=\"summary_large_image\" \/>\n<meta name=\"twitter:label1\" content=\"Predpokladan\u00fd \u010das \u010d\u00edtania\" \/>\n\t<meta name=\"twitter:data1\" content=\"1 min\u00fata\" \/>\n<script type=\"application\/ld+json\" class=\"yoast-schema-graph\">{\"@context\":\"https:\/\/schema.org\",\"@graph\":[{\"@type\":\"WebPage\",\"@id\":\"https:\/\/distribucionarc.com\/sk\/producto\/prensa-de-vino-exprimidor-de-frutas-6l\/\",\"url\":\"https:\/\/distribucionarc.com\/sk\/producto\/prensa-de-vino-exprimidor-de-frutas-6l\/\",\"name\":\"Prensa de vino exprimidor de frutas 6L - distribuci\u00f3n ARC\",\"isPartOf\":{\"@id\":\"https:\/\/www.distribucionarc.com\/sl\/#website\"},\"primaryImageOfPage\":{\"@id\":\"https:\/\/distribucionarc.com\/sk\/producto\/prensa-de-vino-exprimidor-de-frutas-6l\/#primaryimage\"},\"image\":{\"@id\":\"https:\/\/distribucionarc.com\/sk\/producto\/prensa-de-vino-exprimidor-de-frutas-6l\/#primaryimage\"},\"thumbnailUrl\":\"https:\/\/distribucionarc.com\/wp-content\/uploads\/2020\/08\/Prensa-de-vino-extractor-de-zumo-exprimidor-de-frutas-6L-0.jpg\",\"datePublished\":\"2020-08-07T15:34:13+00:00\",\"dateModified\":\"2020-09-30T08:55:08+00:00\",\"breadcrumb\":{\"@id\":\"https:\/\/distribucionarc.com\/sk\/producto\/prensa-de-vino-exprimidor-de-frutas-6l\/#breadcrumb\"},\"inLanguage\":\"sk-SK\",\"potentialAction\":[{\"@type\":\"ReadAction\",\"target\":[\"https:\/\/distribucionarc.com\/sk\/producto\/prensa-de-vino-exprimidor-de-frutas-6l\/\"]}]},{\"@type\":\"ImageObject\",\"inLanguage\":\"sk-SK\",\"@id\":\"https:\/\/distribucionarc.com\/sk\/producto\/prensa-de-vino-exprimidor-de-frutas-6l\/#primaryimage\",\"url\":\"https:\/\/distribucionarc.com\/wp-content\/uploads\/2020\/08\/Prensa-de-vino-extractor-de-zumo-exprimidor-de-frutas-6L-0.jpg\",\"contentUrl\":\"https:\/\/distribucionarc.com\/wp-content\/uploads\/2020\/08\/Prensa-de-vino-extractor-de-zumo-exprimidor-de-frutas-6L-0.jpg\",\"width\":1000,\"height\":1000,\"caption\":\"Prensa de vino extractor de zumo exprimidor de frutas 6L\"},{\"@type\":\"BreadcrumbList\",\"@id\":\"https:\/\/distribucionarc.com\/sk\/producto\/prensa-de-vino-exprimidor-de-frutas-6l\/#breadcrumb\",\"itemListElement\":[{\"@type\":\"ListItem\",\"position\":1,\"name\":\"Portada\",\"item\":\"https:\/\/www.distribucionarc.com\/\"},{\"@type\":\"ListItem\",\"position\":2,\"name\":\"\u00dcr\u00fcnler\",\"item\":\"https:\/\/www.distribucionarc.com\/tr\/magaza\/\"},{\"@type\":\"ListItem\",\"position\":3,\"name\":\"Prensa de vino exprimidor de frutas 6L\"}]},{\"@type\":\"WebSite\",\"@id\":\"https:\/\/www.distribucionarc.com\/sl\/#website\",\"url\":\"https:\/\/www.distribucionarc.com\/sl\/\",\"name\":\"distribuci\u00f3n ARC\",\"description\":\"Empresa especializada en la fabricaci\u00f3n y distribuci\u00f3n de maquinaria industrial, selladoras de latas, Maquinas de hacer pastillas, Maquinas de cortar carne...\",\"publisher\":{\"@id\":\"https:\/\/www.distribucionarc.com\/sl\/#organization\"},\"potentialAction\":[{\"@type\":\"SearchAction\",\"target\":{\"@type\":\"EntryPoint\",\"urlTemplate\":\"https:\/\/www.distribucionarc.com\/sl\/?s={search_term_string}\"},\"query-input\":{\"@type\":\"PropertyValueSpecification\",\"valueRequired\":true,\"valueName\":\"search_term_string\"}}],\"inLanguage\":\"sk-SK\"},{\"@type\":\"Organization\",\"@id\":\"https:\/\/www.distribucionarc.com\/sl\/#organization\",\"name\":\"Distribuci\u00f3n ARC\",\"url\":\"https:\/\/www.distribucionarc.com\/sl\/\",\"logo\":{\"@type\":\"ImageObject\",\"inLanguage\":\"sk-SK\",\"@id\":\"https:\/\/www.distribucionarc.com\/sl\/#\/schema\/logo\/image\/\",\"url\":\"https:\/\/distribucionarc.com\/wp-content\/uploads\/2024\/10\/distribucion-ARC-COLOR-SIN-FONDO-e1732295305345.png\",\"contentUrl\":\"https:\/\/distribucionarc.com\/wp-content\/uploads\/2024\/10\/distribucion-ARC-COLOR-SIN-FONDO-e1732295305345.png\",\"width\":1164,\"height\":558,\"caption\":\"Distribuci\u00f3n ARC\"},\"image\":{\"@id\":\"https:\/\/www.distribucionarc.com\/sl\/#\/schema\/logo\/image\/\"},\"description\":\"Empresa especializada en la fabricaci\u00f3n y distribuci\u00f3n de maquinaria industrial para los sectores alimentario y farmac\u00e9utico. Nos especializamos en: M\u00e1quinas de cortar carne Fabricaci\u00f3n de comprimidos Sistemas de transporte industrial L\u00edneas de embotellado Dosificadores Y mucho m\u00e1s... Ofrecemos soluciones innovadoras y personalizadas para optimizar los procesos productivos de tu empresa.\",\"email\":\"Admistracion@distribucionarc.com\",\"telephone\":\"+34 643496664\",\"legalName\":\"ARC TECH SOLUTIONS\",\"foundingDate\":\"2024-04-09\",\"vatID\":\"B55480172\",\"numberOfEmployees\":{\"@type\":\"QuantitativeValue\",\"minValue\":\"1\",\"maxValue\":\"10\"}}]}<\/script>\n<!-- \/ Yoast SEO Premium plugin. -->","yoast_head_json":{"title":"Lis na v\u00edno od\u0161\u0165avova\u010d 6L - distrib\u00facia ARC","robots":{"index":"index","follow":"follow","max-snippet":"max-snippet:-1","max-image-preview":"max-image-preview:large","max-video-preview":"max-video-preview:-1"},"canonical":"https:\/\/distribucionarc.com\/sk\/produktov\/lis-na-vino-lis-na-ovocie-6l\/","og_locale":"sk_SK","og_type":"article","og_title":"Prensa de vino exprimidor de frutas 6L","og_description":"Prensa de vino, extractor de zumo, exprimidor de frutas 6L El extractor de bayas ARC es robusto con un alto rendimiento de zumo; ejerce una alta presi\u00f3n debido a la construcci\u00f3n del eje de metal.\u00a0A diferencia de las prensas de otros proveedores, el\u00a0barril de\u00a0la\u00a0prensa est\u00e1 hecho de madera de haya robusta para conservar mejor el sabor. La capacidad\u00a0m\u00e1xima\u00a0de la cesta es de 6 litros Garant\u00eda\u00a0ARC 2 A\u00d1OS soporte t\u00e9cnico\u00a0incluido","og_url":"https:\/\/distribucionarc.com\/sk\/produktov\/lis-na-vino-lis-na-ovocie-6l\/","og_site_name":"distribuci\u00f3n ARC","article_modified_time":"2020-09-30T08:55:08+00:00","og_image":[{"width":1000,"height":1000,"url":"https:\/\/distribucionarc.com\/wp-content\/uploads\/2020\/08\/Prensa-de-vino-extractor-de-zumo-exprimidor-de-frutas-6L-0.jpg","type":"image\/jpeg"}],"twitter_card":"summary_large_image","twitter_misc":{"Predpokladan\u00fd \u010das \u010d\u00edtania":"1 min\u00fata"},"schema":{"@context":"https:\/\/schema.org","@graph":[{"@type":"WebPage","@id":"https:\/\/distribucionarc.com\/sk\/producto\/prensa-de-vino-exprimidor-de-frutas-6l\/","url":"https:\/\/distribucionarc.com\/sk\/producto\/prensa-de-vino-exprimidor-de-frutas-6l\/","name":"Lis na v\u00edno od\u0161\u0165avova\u010d 6L - distrib\u00facia ARC","isPartOf":{"@id":"https:\/\/www.distribucionarc.com\/sl\/#website"},"primaryImageOfPage":{"@id":"https:\/\/distribucionarc.com\/sk\/producto\/prensa-de-vino-exprimidor-de-frutas-6l\/#primaryimage"},"image":{"@id":"https:\/\/distribucionarc.com\/sk\/producto\/prensa-de-vino-exprimidor-de-frutas-6l\/#primaryimage"},"thumbnailUrl":"https:\/\/distribucionarc.com\/wp-content\/uploads\/2020\/08\/Prensa-de-vino-extractor-de-zumo-exprimidor-de-frutas-6L-0.jpg","datePublished":"2020-08-07T15:34:13+00:00","dateModified":"2020-09-30T08:55:08+00:00","breadcrumb":{"@id":"https:\/\/distribucionarc.com\/sk\/producto\/prensa-de-vino-exprimidor-de-frutas-6l\/#breadcrumb"},"inLanguage":"sk-SK","potentialAction":[{"@type":"ReadAction","target":["https:\/\/distribucionarc.com\/sk\/producto\/prensa-de-vino-exprimidor-de-frutas-6l\/"]}]},{"@type":"ImageObject","inLanguage":"sk-SK","@id":"https:\/\/distribucionarc.com\/sk\/producto\/prensa-de-vino-exprimidor-de-frutas-6l\/#primaryimage","url":"https:\/\/distribucionarc.com\/wp-content\/uploads\/2020\/08\/Prensa-de-vino-extractor-de-zumo-exprimidor-de-frutas-6L-0.jpg","contentUrl":"https:\/\/distribucionarc.com\/wp-content\/uploads\/2020\/08\/Prensa-de-vino-extractor-de-zumo-exprimidor-de-frutas-6L-0.jpg","width":1000,"height":1000,"caption":"Prensa de vino extractor de zumo exprimidor de frutas 6L"},{"@type":"BreadcrumbList","@id":"https:\/\/distribucionarc.com\/sk\/producto\/prensa-de-vino-exprimidor-de-frutas-6l\/#breadcrumb","itemListElement":[{"@type":"ListItem","position":1,"name":"Portada","item":"https:\/\/www.distribucionarc.com\/"},{"@type":"ListItem","position":2,"name":"\u00dcr\u00fcnler","item":"https:\/\/www.distribucionarc.com\/tr\/magaza\/"},{"@type":"ListItem","position":3,"name":"Prensa de vino exprimidor de frutas 6L"}]},{"@type":"WebSite","@id":"https:\/\/www.distribucionarc.com\/sl\/#website","url":"https:\/\/www.distribucionarc.com\/sl\/","name":"ARC distrib\u00facia","description":"Spolo\u010dnos\u0165 sa \u0161pecializuje na v\u00fdrobu a distrib\u00faciu priemyseln\u00fdch strojov, strojov na uzatv\u00e1ranie plechoviek, strojov na v\u00fdrobu tabliet, strojov na porciovanie m\u00e4sa...","publisher":{"@id":"https:\/\/www.distribucionarc.com\/sl\/#organization"},"potentialAction":[{"@type":"SearchAction","target":{"@type":"EntryPoint","urlTemplate":"https:\/\/www.distribucionarc.com\/sl\/?s={search_term_string}"},"query-input":{"@type":"PropertyValueSpecification","valueRequired":true,"valueName":"search_term_string"}}],"inLanguage":"sk-SK"},{"@type":"Organization","@id":"https:\/\/www.distribucionarc.com\/sl\/#organization","name":"Distrib\u00facia ARC","url":"https:\/\/www.distribucionarc.com\/sl\/","logo":{"@type":"ImageObject","inLanguage":"sk-SK","@id":"https:\/\/www.distribucionarc.com\/sl\/#\/schema\/logo\/image\/","url":"https:\/\/distribucionarc.com\/wp-content\/uploads\/2024\/10\/distribucion-ARC-COLOR-SIN-FONDO-e1732295305345.png","contentUrl":"https:\/\/distribucionarc.com\/wp-content\/uploads\/2024\/10\/distribucion-ARC-COLOR-SIN-FONDO-e1732295305345.png","width":1164,"height":558,"caption":"Distribuci\u00f3n ARC"},"image":{"@id":"https:\/\/www.distribucionarc.com\/sl\/#\/schema\/logo\/image\/"},"description":"Spolo\u010dnos\u0165 \u0161pecializuj\u00faca sa na v\u00fdrobu a distrib\u00faciu priemyseln\u00fdch strojov pre potravin\u00e1rsky a farmaceutick\u00fd sektor. \u0160pecializujeme sa na: Stroje na kr\u00e1janie m\u00e4sa V\u00fdroba tabliet Priemyseln\u00e9 dopravn\u00e9 syst\u00e9my D\u00e1vkova\u010de na f\u013ea\u0161e A ove\u013ea viac... Pon\u00fakame inovat\u00edvne a prisp\u00f4soben\u00e9 rie\u0161enia na optimaliz\u00e1ciu v\u00fdrobn\u00fdch procesov va\u0161ej spolo\u010dnosti.","email":"Admistracion@distribucionarc.com","telephone":"+34 643496664","legalName":"ARC TECH SOLUTIONS","foundingDate":"2024-04-09","vatID":"B55480172","numberOfEmployees":{"@type":"QuantitativeValue","minValue":"1","maxValue":"10"}}]}},"_links":{"self":[{"href":"https:\/\/distribucionarc.com\/sk\/wp-json\/wp\/v2\/product\/2075","targetHints":{"allow":["GET"]}}],"collection":[{"href":"https:\/\/distribucionarc.com\/sk\/wp-json\/wp\/v2\/product"}],"about":[{"href":"https:\/\/distribucionarc.com\/sk\/wp-json\/wp\/v2\/types\/product"}],"replies":[{"embeddable":true,"href":"https:\/\/distribucionarc.com\/sk\/wp-json\/wp\/v2\/comments?post=2075"}],"version-history":[{"count":0,"href":"https:\/\/distribucionarc.com\/sk\/wp-json\/wp\/v2\/product\/2075\/revisions"}],"wp:featuredmedia":[{"embeddable":true,"href":"https:\/\/distribucionarc.com\/sk\/wp-json\/wp\/v2\/media\/2076"}],"wp:attachment":[{"href":"https:\/\/distribucionarc.com\/sk\/wp-json\/wp\/v2\/media?parent=2075"}],"wp:term":[{"taxonomy":"product_brand","embeddable":true,"href":"https:\/\/distribucionarc.com\/sk\/wp-json\/wp\/v2\/product_brand?post=2075"},{"taxonomy":"product_cat","embeddable":true,"href":"https:\/\/distribucionarc.com\/sk\/wp-json\/wp\/v2\/product_cat?post=2075"},{"taxonomy":"product_tag","embeddable":true,"href":"https:\/\/distribucionarc.com\/sk\/wp-json\/wp\/v2\/product_tag?post=2075"}],"curies":[{"name":"pracovn\u00fd list","href":"https:\/\/api.w.org\/{rel}","templated":true}]}}